{"id":10110,"date":"2025-06-24T11:09:36","date_gmt":"2025-06-24T11:09:36","guid":{"rendered":"https:\/\/oftalmedic.rwdesarrollos.es\/historias-con-luz\/"},"modified":"2025-07-03T10:05:56","modified_gmt":"2025-07-03T10:05:56","slug":"historias-con-luz","status":"publish","type":"page","link":"https:\/\/oftalmedic.es\/de\/historias-con-luz\/","title":{"rendered":"Geschichten mit Licht"},"content":{"rendered":"[vc_row type=&#8220;full_width_background&#8220; full_screen_row_position=&#8220;middle&#8220; column_margin=&#8220;default&#8220; column_direction=&#8220;default&#8220; column_direction_tablet=&#8220;default&#8220; column_direction_phone=&#8220;default&#8220; scene_position=&#8220;center&#8220; top_padding=&#8220;60&#8243; bottom_padding=&#8220;60&#8243; text_color=&#8220;dark&#8220; text_align=&#8220;left&#8220; row_border_radius=&#8220;none&#8220; row_border_radius_applies=&#8220;bg&#8220; overlay_strength=&#8220;0.3&#8243; gradient_direction=&#8220;left_to_right&#8220; shape_divider_color=&#8220;#ffffff&#8220; shape_divider_position=&#8220;top&#8220; shape_divider_height=&#8220;100&#8243; bg_image_animation=&#8220;none&#8220; shape_type=&#8220;clouds&#8220;][vc_column column_padding=&#8220;no-extra-padding&#8220; column_padding_tablet=&#8220;inherit&#8220; column_padding_phone=&#8220;inherit&#8220; column_padding_position=&#8220;all&#8220; column_element_spacing=&#8220;default&#8220; background_color_opacity=&#8220;1&#8243; background_hover_color_opacity=&#8220;1&#8243; column_shadow=&#8220;none&#8220; column_border_radius=&#8220;none&#8220; column_link_target=&#8220;_self&#8220; gradient_direction=&#8220;left_to_right&#8220; overlay_strength=&#8220;0.3&#8243; width=&#8220;1\/1&#8243; tablet_width_inherit=&#8220;default&#8220; tablet_text_alignment=&#8220;default&#8220; phone_text_alignment=&#8220;default&#8220; bg_image_animation=&#8220;none&#8220; border_type=&#8220;simple&#8220; column_border_width=&#8220;none&#8220; column_border_style=&#8220;solid&#8220;][vc_column_text]\n<h1 style=\"text-align: center;\">Geschichten mit Licht<\/h1>\n[\/vc_column_text][divider line_type=&#8220;No Line&#8220;][vc_column_text]\n<p style=\"text-align: center;\">Es gibt Geschichten mit Licht, die es wert sind, erz\u00e4hlt zu werden, weil sie die Noblesse des Menschen zeigen, denen zu helfen, die es am meisten brauchen, ohne eine Gegenleistung zu erhalten.<\/p>\n[\/vc_column_text][divider line_type=&#8220;No Line&#8220;][vc_row_inner equal_height=&#8220;yes&#8220; content_placement=&#8220;top&#8220; column_margin=&#8220;none&#8220; column_direction=&#8220;default&#8220; column_direction_tablet=&#8220;default&#8220; column_direction_phone=&#8220;default&#8220; text_align=&#8220;left&#8220; class=&#8220;historias-videos&#8220;][vc_column_inner column_padding=&#8220;padding-2-percent&#8220; column_padding_tablet=&#8220;inherit&#8220; column_padding_phone=&#8220;inherit&#8220; column_padding_position=&#8220;all&#8220; column_element_spacing=&#8220;default&#8220; centered_text=&#8220;true&#8220; background_color_opacity=&#8220;1&#8243; background_hover_color_opacity=&#8220;1&#8243; column_shadow=&#8220;none&#8220; column_border_radius=&#8220;none&#8220; column_link_target=&#8220;_self&#8220; el_class=&#8220;video-1&#8243; gradient_direction=&#8220;left_to_right&#8220; overlay_strength=&#8220;0.3&#8243; width=&#8220;1\/4&#8243; tablet_width_inherit=&#8220;default&#8220; bg_image_animation=&#8220;none&#8220; border_type=&#8220;simple&#8220; column_border_width=&#8220;none&#8220; column_border_style=&#8220;solid&#8220;][image_with_animation image_url=&#8220;4382&#8243; animation=&#8220;Fade In&#8220; hover_animation=&#8220;none&#8220; alignment=&#8220;center&#8220; border_radius=&#8220;none&#8220; box_shadow=&#8220;none&#8220; image_loading=&#8220;default&#8220; max_width=&#8220;100%&#8220; max_width_mobile=&#8220;default&#8220;][divider line_type=&#8220;No Line&#8220;][vc_column_text]\n<h6 style=\"text-align: center;\">DIE ERSTEN SCHRITTE<\/h6>\n<p style=\"text-align: center;\"><strong>Tolo Camps<\/strong><\/p>\n<p style=\"text-align: center; font-size: 14px !important;\"><em style=\"font-size: 14px !important;\">Stiftung Oftalmedic Salv\u00e0<\/em><\/p>\n[\/vc_column_text][divider line_type=&#8220;No Line&#8220; custom_height=&#8220;50&#8243;][vc_column_text el_class=&#8220;historias-valor&#8220;]\n<h6 style=\"text-align: center;\">VERPFLICHTUNG<\/h6>\n[\/vc_column_text][\/vc_column_inner][vc_column_inner column_padding=&#8220;padding-2-percent&#8220; column_padding_tablet=&#8220;inherit&#8220; column_padding_phone=&#8220;inherit&#8220; column_padding_position=&#8220;all&#8220; column_element_spacing=&#8220;default&#8220; background_color_opacity=&#8220;1&#8243; background_hover_color_opacity=&#8220;1&#8243; column_shadow=&#8220;none&#8220; column_border_radius=&#8220;none&#8220; column_link_target=&#8220;_self&#8220; el_class=&#8220;video-2&#8243; gradient_direction=&#8220;left_to_right&#8220; overlay_strength=&#8220;0.3&#8243; width=&#8220;1\/4&#8243; tablet_width_inherit=&#8220;default&#8220; bg_image_animation=&#8220;none&#8220; border_type=&#8220;simple&#8220; column_border_width=&#8220;none&#8220; column_border_style=&#8220;solid&#8220;][image_with_animation image_url=&#8220;4386&#8243; animation=&#8220;Fade In&#8220; hover_animation=&#8220;none&#8220; alignment=&#8220;center&#8220; border_radius=&#8220;none&#8220; box_shadow=&#8220;none&#8220; image_loading=&#8220;default&#8220; max_width=&#8220;100%&#8220; max_width_mobile=&#8220;default&#8220;][divider line_type=&#8220;No Line&#8220;][vc_column_text]\n<h6 style=\"text-align: center;\">DAS WUNDER VON PERU<\/h6>\n<p style=\"text-align: center;\"><strong>Sabino Elejondo<\/strong><\/p>\n<p style=\"text-align: center; font-size: 14px !important;\"><a href=\"https:\/\/www.voluntarisdemallorca.com\/\"><em style=\"font-size: 14px !important;\">Mallorca Freiwillige<\/em><\/a><\/p>\n[\/vc_column_text][divider line_type=&#8220;No Line&#8220; custom_height=&#8220;50&#8243;][vc_column_text el_class=&#8220;historias-valor&#8220;]\n<h6 style=\"text-align: center;\">SOLIDARIT\u00c4T<\/h6>\n[\/vc_column_text][\/vc_column_inner][vc_column_inner column_padding=&#8220;padding-2-percent&#8220; column_padding_tablet=&#8220;inherit&#8220; column_padding_phone=&#8220;inherit&#8220; column_padding_position=&#8220;all&#8220; column_element_spacing=&#8220;default&#8220; background_color_opacity=&#8220;1&#8243; background_hover_color_opacity=&#8220;1&#8243; column_shadow=&#8220;none&#8220; column_border_radius=&#8220;none&#8220; column_link_target=&#8220;_self&#8220; el_class=&#8220;video-3&#8243; gradient_direction=&#8220;left_to_right&#8220; overlay_strength=&#8220;0.3&#8243; width=&#8220;1\/4&#8243; tablet_width_inherit=&#8220;default&#8220; bg_image_animation=&#8220;none&#8220; border_type=&#8220;simple&#8220; column_border_width=&#8220;none&#8220; column_border_style=&#8220;solid&#8220;][image_with_animation image_url=&#8220;2462&#8243; animation=&#8220;Fade In&#8220; hover_animation=&#8220;none&#8220; alignment=&#8220;center&#8220; border_radius=&#8220;none&#8220; box_shadow=&#8220;none&#8220; image_loading=&#8220;default&#8220; max_width=&#8220;100%&#8220; max_width_mobile=&#8220;default&#8220;][divider line_type=&#8220;No Line&#8220;][vc_column_text]\n<h6 style=\"text-align: center;\">EIN LEBEN, DAS ANDEREN GEWIDMET IST<\/h6>\n<p style=\"text-align: center;\"><strong>Catalina Vallespir<\/strong><\/p>\n<p style=\"text-align: center; font-size: 14px !important;\"><em style=\"font-size: 14px !important;\">Franziskanerinnen T\u00f6chter der Barmherzigkeit<\/em><\/p>\n[\/vc_column_text][divider line_type=&#8220;No Line&#8220; custom_height=&#8220;50&#8243;][vc_column_text el_class=&#8220;historias-valor&#8220;]\n<h6 style=\"text-align: center;\">BERUFUNG<\/h6>\n[\/vc_column_text][\/vc_column_inner][vc_column_inner column_padding=&#8220;padding-2-percent&#8220; column_padding_tablet=&#8220;inherit&#8220; column_padding_phone=&#8220;inherit&#8220; column_padding_position=&#8220;all&#8220; column_element_spacing=&#8220;default&#8220; background_color_opacity=&#8220;1&#8243; background_hover_color_opacity=&#8220;1&#8243; column_shadow=&#8220;none&#8220; column_border_radius=&#8220;none&#8220; column_link_target=&#8220;_self&#8220; el_class=&#8220;video-4&#8243; gradient_direction=&#8220;left_to_right&#8220; overlay_strength=&#8220;0.3&#8243; width=&#8220;1\/4&#8243; tablet_width_inherit=&#8220;default&#8220; bg_image_animation=&#8220;none&#8220; border_type=&#8220;simple&#8220; column_border_width=&#8220;none&#8220; column_border_style=&#8220;solid&#8220;][image_with_animation image_url=&#8220;4390&#8243; animation=&#8220;Fade In&#8220; hover_animation=&#8220;none&#8220; alignment=&#8220;center&#8220; border_radius=&#8220;none&#8220; box_shadow=&#8220;none&#8220; image_loading=&#8220;default&#8220; max_width=&#8220;100%&#8220; max_width_mobile=&#8220;default&#8220;][divider line_type=&#8220;No Line&#8220;][vc_column_text]\n<h5 style=\"text-align: center;\">EINE NEUE HERAUSFORDERUNG: MAURETANIEN<\/h5>\n<p style=\"text-align: center;\"><strong>Das Freiwilligenteam <a href=\"https:\/\/oftalmedic.es\/de\/\">von Oftalmedic Salv\u00e0<\/a><\/strong><\/p>\n[\/vc_column_text][divider line_type=&#8220;No Line&#8220; custom_height=&#8220;50&#8243;][vc_column_text el_class=&#8220;historias-valor&#8220;]\n<h6 style=\"text-align: center;\">GRO\u00dfZ\u00dcGIGKEIT<\/h6>\n[\/vc_column_text][\/vc_column_inner][\/vc_row_inner][\/vc_column][\/vc_row]\n","protected":false},"excerpt":{"rendered":"<p>[vc_row type=&#8220;full_width_background&#8220; full_screen_row_position=&#8220;middle&#8220; column_margin=&#8220;default&#8220; column_direction=&#8220;default&#8220; column_direction_tablet=&#8220;default&#8220; column_direction_phone=&#8220;default&#8220; scene_position=&#8220;center&#8220; top_padding=&#8220;60&#8243; bottom_padding=&#8220;60&#8243; text_color=&#8220;dark&#8220; text_align=&#8220;left&#8220; row_border_radius=&#8220;none&#8220; row_border_radius_applies=&#8220;bg&#8220; overlay_strength=&#8220;0.3&#8243; gradient_direction=&#8220;left_to_right&#8220; shape_divider_color=&#8220;#ffffff&#8220; shape_divider_position=&#8220;top&#8220; shape_divider_height=&#8220;100&#8243; bg_image_animation=&#8220;none&#8220; shape_type=&#8220;clouds&#8220;][vc_column column_padding=&#8220;no-extra-padding&#8220; column_padding_tablet=&#8220;inherit&#8220; column_padding_phone=&#8220;inherit&#8220; column_padding_position=&#8220;all&#8220; column_element_spacing=&#8220;default&#8220; background_color_opacity=&#8220;1&#8243; background_hover_color_opacity=&#8220;1&#8243; column_shadow=&#8220;none&#8220; column_border_radius=&#8220;none&#8220; column_link_target=&#8220;_self&#8220; gradient_direction=&#8220;left_to_right&#8220; overlay_strength=&#8220;0.3&#8243; width=&#8220;1\/1&#8243; tablet_width_inherit=&#8220;default&#8220; tablet_text_alignment=&#8220;default&#8220; phone_text_alignment=&#8220;default&#8220; bg_image_animation=&#8220;none&#8220; border_type=&#8220;simple&#8220; column_border_width=&#8220;none&#8220; column_border_style=&#8220;solid&#8220;][vc_column_text] Geschichten mit Licht [\/vc_column_text][divider line_type=&#8220;No Line&#8220;][vc_column_text] Es gibt Geschichten mit Licht, die es wert sind, erz\u00e4hlt zu werden, weil&#8230;<\/p>\n","protected":false},"author":2,"featured_media":4583,"parent":0,"menu_order":0,"comment_status":"closed","ping_status":"closed","template":"","meta":{"footnotes":""},"class_list":["post-10110","page","type-page","status-publish","has-post-thumbnail"],"yoast_head":"<!-- This site is optimized with the Yoast SEO plugin v27.1.1 - https:\/\/yoast.com\/product\/yoast-seo-wordpress\/ -->\n<title>Geschichten mit Licht | Solidarit\u00e4t | Fundaci\u00f3 Oftalmedic Salv\u00e0<\/title>\n<meta name=\"description\" content=\"Entdecken Sie die Geschichten des Teams der Augen\u00e4rzte von Oftalmedic Salv\u00e0 durch die Stiftung, unser Engagement f\u00fcr Solidarit\u00e4t.\" \/>\n<meta name=\"robots\" content=\"index, follow, max-snippet:-1, max-image-preview:large, max-video-preview:-1\" \/>\n<link rel=\"canonical\" href=\"https:\/\/oftalmedic.es\/de\/historias-con-luz\/\" \/>\n<meta property=\"og:locale\" content=\"de_DE\" \/>\n<meta property=\"og:type\" content=\"article\" \/>\n<meta property=\"og:title\" content=\"Geschichten mit Licht | Solidarit\u00e4t | Fundaci\u00f3 Oftalmedic Salv\u00e0\" \/>\n<meta property=\"og:description\" content=\"Entdecken Sie die Geschichten des Teams der Augen\u00e4rzte von Oftalmedic Salv\u00e0 durch die Stiftung, unser Engagement f\u00fcr Solidarit\u00e4t.\" \/>\n<meta property=\"og:url\" content=\"https:\/\/oftalmedic.es\/de\/historias-con-luz\/\" \/>\n<meta property=\"og:site_name\" content=\"Oftalmedic Salv\u00e1\" \/>\n<meta property=\"article:publisher\" content=\"https:\/\/www.facebook.com\/OftalmedicSalva\/\" \/>\n<meta property=\"article:modified_time\" content=\"2025-07-03T10:05:56+00:00\" \/>\n<meta property=\"og:image\" content=\"https:\/\/oftalmedic.es\/wp-content\/uploads\/2018\/12\/mauritania-13.jpg\" \/>\n\t<meta property=\"og:image:width\" content=\"1389\" \/>\n\t<meta property=\"og:image:height\" content=\"1042\" \/>\n\t<meta property=\"og:image:type\" content=\"image\/jpeg\" \/>\n<meta name=\"twitter:card\" content=\"summary_large_image\" \/>\n<meta name=\"twitter:site\" content=\"@OftalmedicSalva\" \/>\n<meta name=\"twitter:label1\" content=\"Gesch\u00e4tzte Lesezeit\" \/>\n\t<meta name=\"twitter:data1\" content=\"4\u00a0Minuten\" \/>\n<script type=\"application\/ld+json\" class=\"yoast-schema-graph\">{\"@context\":\"https:\/\/schema.org\",\"@graph\":[{\"@type\":\"WebPage\",\"@id\":\"https:\/\/oftalmedic.es\/de\/historias-con-luz\/\",\"url\":\"https:\/\/oftalmedic.es\/de\/historias-con-luz\/\",\"name\":\"Geschichten mit Licht | Solidarit\u00e4t | Fundaci\u00f3 Oftalmedic Salv\u00e0\",\"isPartOf\":{\"@id\":\"https:\/\/oftalmedic.es\/de\/#website\"},\"primaryImageOfPage\":{\"@id\":\"https:\/\/oftalmedic.es\/de\/historias-con-luz\/#primaryimage\"},\"image\":{\"@id\":\"https:\/\/oftalmedic.es\/de\/historias-con-luz\/#primaryimage\"},\"thumbnailUrl\":\"https:\/\/oftalmedic.es\/wp-content\/uploads\/2018\/12\/mauritania-13.jpg\",\"datePublished\":\"2025-06-24T11:09:36+00:00\",\"dateModified\":\"2025-07-03T10:05:56+00:00\",\"description\":\"Entdecken Sie die Geschichten des Teams der Augen\u00e4rzte von Oftalmedic Salv\u00e0 durch die Stiftung, unser Engagement f\u00fcr Solidarit\u00e4t.\",\"breadcrumb\":{\"@id\":\"https:\/\/oftalmedic.es\/de\/historias-con-luz\/#breadcrumb\"},\"inLanguage\":\"de\",\"potentialAction\":[{\"@type\":\"ReadAction\",\"target\":[\"https:\/\/oftalmedic.es\/de\/historias-con-luz\/\"]}]},{\"@type\":\"ImageObject\",\"inLanguage\":\"de\",\"@id\":\"https:\/\/oftalmedic.es\/de\/historias-con-luz\/#primaryimage\",\"url\":\"https:\/\/oftalmedic.es\/wp-content\/uploads\/2018\/12\/mauritania-13.jpg\",\"contentUrl\":\"https:\/\/oftalmedic.es\/wp-content\/uploads\/2018\/12\/mauritania-13.jpg\",\"width\":1389,\"height\":1042,\"caption\":\"Mauritania Oftalmedic\"},{\"@type\":\"BreadcrumbList\",\"@id\":\"https:\/\/oftalmedic.es\/de\/historias-con-luz\/#breadcrumb\",\"itemListElement\":[{\"@type\":\"ListItem\",\"position\":1,\"name\":\"Portada\",\"item\":\"https:\/\/oftalmedic.es\/de\/\"},{\"@type\":\"ListItem\",\"position\":2,\"name\":\"Geschichten mit Licht\"}]},{\"@type\":\"WebSite\",\"@id\":\"https:\/\/oftalmedic.es\/de\/#website\",\"url\":\"https:\/\/oftalmedic.es\/de\/\",\"name\":\"Oftalmedic Salv\u00e1\",\"description\":\"Red de cl\u00ednicas oftalmol\u00f3gicas de referencia en Baleares. Pionera en tecnolog\u00eda l\u00e1ser para cirug\u00eda de cataratas y correcci\u00f3n de la miop\u00eda, hipermetrop\u00eda, astigmatismo y presbicia o vista cansada.\",\"publisher\":{\"@id\":\"https:\/\/oftalmedic.es\/de\/#organization\"},\"potentialAction\":[{\"@type\":\"SearchAction\",\"target\":{\"@type\":\"EntryPoint\",\"urlTemplate\":\"https:\/\/oftalmedic.es\/de\/?s={search_term_string}\"},\"query-input\":{\"@type\":\"PropertyValueSpecification\",\"valueRequired\":true,\"valueName\":\"search_term_string\"}}],\"inLanguage\":\"de\"},{\"@type\":\"Organization\",\"@id\":\"https:\/\/oftalmedic.es\/de\/#organization\",\"name\":\"[wpseo_titles]company_Nombre\",\"url\":\"https:\/\/oftalmedic.es\/de\/\",\"logo\":{\"@type\":\"ImageObject\",\"inLanguage\":\"de\",\"@id\":\"https:\/\/oftalmedic.es\/de\/#\/schema\/logo\/image\/\",\"url\":\"https:\/\/oftalmedic.es\/wp-content\/uploads\/2018\/06\/logo-oftalmedic.png\",\"contentUrl\":\"https:\/\/oftalmedic.es\/wp-content\/uploads\/2018\/06\/logo-oftalmedic.png\",\"width\":200,\"height\":58,\"caption\":\"[wpseo_titles]company_Nombre\"},\"image\":{\"@id\":\"https:\/\/oftalmedic.es\/de\/#\/schema\/logo\/image\/\"},\"sameAs\":[\"https:\/\/www.facebook.com\/OftalmedicSalva\/\",\"https:\/\/x.com\/OftalmedicSalva\",\"https:\/\/www.instagram.com\/oftalmedic_salva\",\"https:\/\/www.youtube.com\/channel\/UCWrAdUQk6ZmrfVUqBwX0cug\",\"https:\/\/www.linkedin.com\/company\/oftalmedic-clnica-salv\/\"]}]}<\/script>\n<!-- \/ Yoast SEO plugin. -->","yoast_head_json":{"title":"Geschichten mit Licht | Solidarit\u00e4t | Fundaci\u00f3 Oftalmedic Salv\u00e0","description":"Entdecken Sie die Geschichten des Teams der Augen\u00e4rzte von Oftalmedic Salv\u00e0 durch die Stiftung, unser Engagement f\u00fcr Solidarit\u00e4t.","robots":{"index":"index","follow":"follow","max-snippet":"max-snippet:-1","max-image-preview":"max-image-preview:large","max-video-preview":"max-video-preview:-1"},"canonical":"https:\/\/oftalmedic.es\/de\/historias-con-luz\/","og_locale":"de_DE","og_type":"article","og_title":"Geschichten mit Licht | Solidarit\u00e4t | Fundaci\u00f3 Oftalmedic Salv\u00e0","og_description":"Entdecken Sie die Geschichten des Teams der Augen\u00e4rzte von Oftalmedic Salv\u00e0 durch die Stiftung, unser Engagement f\u00fcr Solidarit\u00e4t.","og_url":"https:\/\/oftalmedic.es\/de\/historias-con-luz\/","og_site_name":"Oftalmedic Salv\u00e1","article_publisher":"https:\/\/www.facebook.com\/OftalmedicSalva\/","article_modified_time":"2025-07-03T10:05:56+00:00","og_image":[{"width":1389,"height":1042,"url":"https:\/\/oftalmedic.es\/wp-content\/uploads\/2018\/12\/mauritania-13.jpg","type":"image\/jpeg"}],"twitter_card":"summary_large_image","twitter_site":"@OftalmedicSalva","twitter_misc":{"Gesch\u00e4tzte Lesezeit":"4\u00a0Minuten"},"schema":{"@context":"https:\/\/schema.org","@graph":[{"@type":"WebPage","@id":"https:\/\/oftalmedic.es\/de\/historias-con-luz\/","url":"https:\/\/oftalmedic.es\/de\/historias-con-luz\/","name":"Geschichten mit Licht | Solidarit\u00e4t | Fundaci\u00f3 Oftalmedic Salv\u00e0","isPartOf":{"@id":"https:\/\/oftalmedic.es\/de\/#website"},"primaryImageOfPage":{"@id":"https:\/\/oftalmedic.es\/de\/historias-con-luz\/#primaryimage"},"image":{"@id":"https:\/\/oftalmedic.es\/de\/historias-con-luz\/#primaryimage"},"thumbnailUrl":"https:\/\/oftalmedic.es\/wp-content\/uploads\/2018\/12\/mauritania-13.jpg","datePublished":"2025-06-24T11:09:36+00:00","dateModified":"2025-07-03T10:05:56+00:00","description":"Entdecken Sie die Geschichten des Teams der Augen\u00e4rzte von Oftalmedic Salv\u00e0 durch die Stiftung, unser Engagement f\u00fcr Solidarit\u00e4t.","breadcrumb":{"@id":"https:\/\/oftalmedic.es\/de\/historias-con-luz\/#breadcrumb"},"inLanguage":"de","potentialAction":[{"@type":"ReadAction","target":["https:\/\/oftalmedic.es\/de\/historias-con-luz\/"]}]},{"@type":"ImageObject","inLanguage":"de","@id":"https:\/\/oftalmedic.es\/de\/historias-con-luz\/#primaryimage","url":"https:\/\/oftalmedic.es\/wp-content\/uploads\/2018\/12\/mauritania-13.jpg","contentUrl":"https:\/\/oftalmedic.es\/wp-content\/uploads\/2018\/12\/mauritania-13.jpg","width":1389,"height":1042,"caption":"Mauritania Oftalmedic"},{"@type":"BreadcrumbList","@id":"https:\/\/oftalmedic.es\/de\/historias-con-luz\/#breadcrumb","itemListElement":[{"@type":"ListItem","position":1,"name":"Portada","item":"https:\/\/oftalmedic.es\/de\/"},{"@type":"ListItem","position":2,"name":"Geschichten mit Licht"}]},{"@type":"WebSite","@id":"https:\/\/oftalmedic.es\/de\/#website","url":"https:\/\/oftalmedic.es\/de\/","name":"Oftalmedic Salv\u00e1","description":"Red de cl\u00ednicas oftalmol\u00f3gicas de referencia en Baleares. Pionera en tecnolog\u00eda l\u00e1ser para cirug\u00eda de cataratas y correcci\u00f3n de la miop\u00eda, hipermetrop\u00eda, astigmatismo y presbicia o vista cansada.","publisher":{"@id":"https:\/\/oftalmedic.es\/de\/#organization"},"potentialAction":[{"@type":"SearchAction","target":{"@type":"EntryPoint","urlTemplate":"https:\/\/oftalmedic.es\/de\/?s={search_term_string}"},"query-input":{"@type":"PropertyValueSpecification","valueRequired":true,"valueName":"search_term_string"}}],"inLanguage":"de"},{"@type":"Organization","@id":"https:\/\/oftalmedic.es\/de\/#organization","name":"[wpseo_titles]company_Nombre","url":"https:\/\/oftalmedic.es\/de\/","logo":{"@type":"ImageObject","inLanguage":"de","@id":"https:\/\/oftalmedic.es\/de\/#\/schema\/logo\/image\/","url":"https:\/\/oftalmedic.es\/wp-content\/uploads\/2018\/06\/logo-oftalmedic.png","contentUrl":"https:\/\/oftalmedic.es\/wp-content\/uploads\/2018\/06\/logo-oftalmedic.png","width":200,"height":58,"caption":"[wpseo_titles]company_Nombre"},"image":{"@id":"https:\/\/oftalmedic.es\/de\/#\/schema\/logo\/image\/"},"sameAs":["https:\/\/www.facebook.com\/OftalmedicSalva\/","https:\/\/x.com\/OftalmedicSalva","https:\/\/www.instagram.com\/oftalmedic_salva","https:\/\/www.youtube.com\/channel\/UCWrAdUQk6ZmrfVUqBwX0cug","https:\/\/www.linkedin.com\/company\/oftalmedic-clnica-salv\/"]}]}},"_links":{"self":[{"href":"https:\/\/oftalmedic.es\/de\/wp-json\/wp\/v2\/pages\/10110","targetHints":{"allow":["GET"]}}],"collection":[{"href":"https:\/\/oftalmedic.es\/de\/wp-json\/wp\/v2\/pages"}],"about":[{"href":"https:\/\/oftalmedic.es\/de\/wp-json\/wp\/v2\/types\/page"}],"author":[{"embeddable":true,"href":"https:\/\/oftalmedic.es\/de\/wp-json\/wp\/v2\/users\/2"}],"replies":[{"embeddable":true,"href":"https:\/\/oftalmedic.es\/de\/wp-json\/wp\/v2\/comments?post=10110"}],"version-history":[{"count":0,"href":"https:\/\/oftalmedic.es\/de\/wp-json\/wp\/v2\/pages\/10110\/revisions"}],"wp:featuredmedia":[{"embeddable":true,"href":"https:\/\/oftalmedic.es\/de\/wp-json\/wp\/v2\/media\/4583"}],"wp:attachment":[{"href":"https:\/\/oftalmedic.es\/de\/wp-json\/wp\/v2\/media?parent=10110"}],"curies":[{"name":"wp","href":"https:\/\/api.w.org\/{rel}","templated":true}]}}