{"id":10278,"date":"2025-06-25T07:21:08","date_gmt":"2025-06-25T07:21:08","guid":{"rendered":"https:\/\/oftalmedic.rwdesarrollos.es\/oftalmedic-salva-centro-formacion\/"},"modified":"2025-06-25T07:21:13","modified_gmt":"2025-06-25T07:21:13","slug":"oftalmedic-salva-centro-formacion","status":"publish","type":"page","link":"https:\/\/oftalmedic.es\/de\/oftalmedic-salva-centro-formacion\/","title":{"rendered":"Oftalmedic Salv\u00e0, Berufsbildungszentrum"},"content":{"rendered":"[vc_row type=&#8220;full_width_content&#8220; full_screen_row_position=&#8220;middle&#8220; column_margin=&#8220;default&#8220; equal_height=&#8220;yes&#8220; content_placement=&#8220;middle&#8220; column_direction=&#8220;default&#8220; column_direction_tablet=&#8220;default&#8220; column_direction_phone=&#8220;default&#8220; bg_color=&#8220;#232323&#8243; full_height=&#8220;yes&#8220; columns_placement=&#8220;stretch&#8220; scene_position=&#8220;center&#8220; text_color=&#8220;dark&#8220; text_align=&#8220;left&#8220; row_border_radius=&#8220;none&#8220; row_border_radius_applies=&#8220;bg&#8220; overflow=&#8220;visible&#8220; overlay_strength=&#8220;0.3&#8243; gradient_direction=&#8220;left_to_right&#8220; shape_divider_position=&#8220;bottom&#8220; bg_image_animation=&#8220;none&#8220;][vc_column column_padding=&#8220;padding-7-percent&#8220; column_padding_tablet=&#8220;inherit&#8220; column_padding_phone=&#8220;inherit&#8220; column_padding_position=&#8220;all&#8220; column_element_direction_desktop=&#8220;default&#8220; column_element_spacing=&#8220;default&#8220; desktop_text_alignment=&#8220;default&#8220; tablet_text_alignment=&#8220;default&#8220; phone_text_alignment=&#8220;default&#8220; background_color=&#8220;#f2f2f2&#8243; background_color_opacity=&#8220;1&#8243; background_hover_color_opacity=&#8220;1&#8243; column_backdrop_filter=&#8220;none&#8220; column_shadow=&#8220;none&#8220; column_border_radius=&#8220;none&#8220; column_link_target=&#8220;_self&#8220; column_position=&#8220;default&#8220; gradient_direction=&#8220;left_to_right&#8220; overlay_strength=&#8220;0.3&#8243; width=&#8220;1\/2&#8243; tablet_width_inherit=&#8220;default&#8220; animation_type=&#8220;default&#8220; bg_image_animation=&#8220;none&#8220; border_type=&#8220;simple&#8220; column_border_width=&#8220;none&#8220; column_border_style=&#8220;solid&#8220;][vc_custom_heading text=&#8220;Oftalmedic Salv\u00e0,&#8220; font_container=&#8220;tag:h5|text_align:left|color:%23bfbfbf&#8220; use_theme_fonts=&#8220;yes&#8220; css=&#8220;.vc_custom_1715155742859{margin-bottom: 10px !important;}&#8220;][vc_custom_heading text=&#8220;auch ein Ausbildungszentrum f\u00fcr Fachkr\u00e4fte im Bereich Augenheilkunde&#8220; font_container=&#8220;tag:h1|font_size:40|text_align:left|line_height:50px&#8220; use_theme_fonts=&#8220;yes&#8220;][vc_column_text css=&#8220;.vc_custom_1715155825116{margin-top: 30px !important;margin-bottom: 30px !important;}&#8220;]Bei Oftalmedic Salv\u00e0 engagieren wir uns f\u00fcr die <strong>Ausbildung<\/strong> und <strong>Spezialisierung<\/strong> der verschiedenen Fachkr\u00e4fte und Spezialisten im Bereich der <strong>Augenheilkunde<\/strong>.<\/p>\n<p>Unser Angebot als Schulungszentrum erm\u00f6glicht es uns, unser Wissen, das wir in mehr als 30 Jahren Erfahrung erworben haben, mit dem Ziel zu teilen, neuen Generationen zu helfen, berufliche Spitzenleistungen zu erreichen.<\/p>\n<p>Derzeit haben wir Vereinbarungen mit verschiedenen Berufsbildungsinstituten f\u00fcr den Beruf <strong>des Krankenpflegehelfers<\/strong> sowie des <strong>Verwaltungsassistenten<\/strong>, durch die wir die M\u00f6glichkeit bieten, Personen auszubilden, die ihr Studium in diesen Bereichen abschlie\u00dfen und ihr Praktikum in einem unserer augen\u00e4rztlichen Zentren absolvieren m\u00f6chten.<\/p>\n<p>Dar\u00fcber hinaus sind wir seit kurzem <strong>ein Rotationszentrum des Universit\u00e4tskrankenhauses Son Espases f\u00fcr Fach\u00e4rzte f\u00fcr Augenheilkunde<\/strong>. Dank dieser Aktion erhalten wir Assistenz\u00e4rzte f\u00fcr Augenheilkunde ab dem 4. Jahr der Facharztausbildung, damit sie ihr Wissen \u00fcber die Teildisziplin der refraktiven Chirurgie vertiefen k\u00f6nnen, mit Hilfe eines soliden medizinischen Teams mit langj\u00e4hriger Erfahrung sowohl in Pflegeprozessen als auch in chirurgischen Eingriffen. <\/p>\n<p>&nbsp;<\/p>\n<p>Wenn Sie weitere Informationen zu unserem Schulungsangebot w\u00fcnschen, k\u00f6nnen Sie eine E-Mail an oftalmedic@oftalmedic.com senden.[\/vc_column_text][divider line_type=&#8220;No Line&#8220;][\/vc_column][vc_column column_padding=&#8220;no-extra-padding&#8220; column_padding_tablet=&#8220;inherit&#8220; column_padding_phone=&#8220;inherit&#8220; column_padding_position=&#8220;all&#8220; column_element_direction_desktop=&#8220;default&#8220; column_element_spacing=&#8220;default&#8220; desktop_text_alignment=&#8220;default&#8220; tablet_text_alignment=&#8220;default&#8220; phone_text_alignment=&#8220;default&#8220; background_color_opacity=&#8220;1&#8243; background_hover_color_opacity=&#8220;1&#8243; background_image=&#8220;4855&#8243; background_image_position=&#8220;center center&#8220; background_image_stacking=&#8220;default&#8220; enable_bg_scale=&#8220;true&#8220; background_image_loading=&#8220;default&#8220; column_backdrop_filter=&#8220;none&#8220; column_shadow=&#8220;none&#8220; column_border_radius=&#8220;none&#8220; column_link_target=&#8220;_self&#8220; column_position=&#8220;default&#8220; el_class=&#8220;img_sobre_nosotros&#8220; gradient_direction=&#8220;left_to_right&#8220; overlay_strength=&#8220;0.3&#8243; width=&#8220;1\/2&#8243; tablet_width_inherit=&#8220;default&#8220; animation_type=&#8220;default&#8220; bg_image_animation=&#8220;none&#8220; border_type=&#8220;simple&#8220; column_border_width=&#8220;none&#8220; column_border_style=&#8220;solid&#8220; offset=&#8220;vc_hidden-sm vc_hidden-xs&#8220;][\/vc_column][\/vc_row]\n","protected":false},"excerpt":{"rendered":"<p>[vc_row type=&#8220;full_width_content&#8220; full_screen_row_position=&#8220;middle&#8220; column_margin=&#8220;default&#8220; equal_height=&#8220;yes&#8220; content_placement=&#8220;middle&#8220; column_direction=&#8220;default&#8220; column_direction_tablet=&#8220;default&#8220; column_direction_phone=&#8220;default&#8220; bg_color=&#8220;#232323&#8243; full_height=&#8220;yes&#8220; columns_placement=&#8220;stretch&#8220; scene_position=&#8220;center&#8220; text_color=&#8220;dark&#8220; text_align=&#8220;left&#8220; row_border_radius=&#8220;none&#8220; row_border_radius_applies=&#8220;bg&#8220; overflow=&#8220;visible&#8220; overlay_strength=&#8220;0.3&#8243; gradient_direction=&#8220;left_to_right&#8220; shape_divider_position=&#8220;bottom&#8220; bg_image_animation=&#8220;none&#8220;][vc_column column_padding=&#8220;padding-7-percent&#8220; column_padding_tablet=&#8220;inherit&#8220; column_padding_phone=&#8220;inherit&#8220; column_padding_position=&#8220;all&#8220; column_element_direction_desktop=&#8220;default&#8220; column_element_spacing=&#8220;default&#8220; desktop_text_alignment=&#8220;default&#8220; tablet_text_alignment=&#8220;default&#8220; phone_text_alignment=&#8220;default&#8220; background_color=&#8220;#f2f2f2&#8243; background_color_opacity=&#8220;1&#8243; background_hover_color_opacity=&#8220;1&#8243; column_backdrop_filter=&#8220;none&#8220; column_shadow=&#8220;none&#8220; column_border_radius=&#8220;none&#8220; column_link_target=&#8220;_self&#8220; column_position=&#8220;default&#8220; gradient_direction=&#8220;left_to_right&#8220; overlay_strength=&#8220;0.3&#8243; width=&#8220;1\/2&#8243; tablet_width_inherit=&#8220;default&#8220; animation_type=&#8220;default&#8220; bg_image_animation=&#8220;none&#8220; border_type=&#8220;simple&#8220; column_border_width=&#8220;none&#8220; column_border_style=&#8220;solid&#8220;][vc_custom_heading text=&#8220;Oftalmedic Salv\u00e0,&#8220; font_container=&#8220;tag:h5|text_align:left|color:%23bfbfbf&#8220; use_theme_fonts=&#8220;yes&#8220; css=&#8220;.vc_custom_1715155742859{margin-bottom: 10px !important;}&#8220;][vc_custom_heading text=&#8220;auch ein Ausbildungszentrum f\u00fcr Fachkr\u00e4fte&#8230;<\/p>\n","protected":false},"author":5,"featured_media":0,"parent":0,"menu_order":0,"comment_status":"closed","ping_status":"closed","template":"","meta":{"footnotes":""},"class_list":["post-10278","page","type-page","status-publish"],"yoast_head":"<!-- This site is optimized with the Yoast SEO plugin v27.1.1 - https:\/\/yoast.com\/product\/yoast-seo-wordpress\/ -->\n<title>Oftalmedic Salv\u00e0, Schulungszentrum | Augenheilkunde<\/title>\n<meta name=\"description\" content=\"Bei Oftalmedic Salv\u00e0 engagieren wir uns als Ausbildungszentrum f\u00fcr die Spezialisierung der verschiedenen Fachleute im Bereich der Augenheilkunde.\" \/>\n<meta name=\"robots\" content=\"index, follow, max-snippet:-1, max-image-preview:large, max-video-preview:-1\" \/>\n<link rel=\"canonical\" href=\"https:\/\/oftalmedic.es\/de\/oftalmedic-salva-centro-formacion\/\" \/>\n<meta property=\"og:locale\" content=\"de_DE\" \/>\n<meta property=\"og:type\" content=\"article\" \/>\n<meta property=\"og:title\" content=\"Oftalmedic Salv\u00e0, Schulungszentrum | Augenheilkunde\" \/>\n<meta property=\"og:description\" content=\"Bei Oftalmedic Salv\u00e0 engagieren wir uns als Ausbildungszentrum f\u00fcr die Spezialisierung der verschiedenen Fachleute im Bereich der Augenheilkunde.\" \/>\n<meta property=\"og:url\" content=\"https:\/\/oftalmedic.es\/de\/oftalmedic-salva-centro-formacion\/\" \/>\n<meta property=\"og:site_name\" content=\"Oftalmedic Salv\u00e1\" \/>\n<meta property=\"article:publisher\" content=\"https:\/\/www.facebook.com\/OftalmedicSalva\/\" \/>\n<meta property=\"article:modified_time\" content=\"2025-06-25T07:21:13+00:00\" \/>\n<meta name=\"twitter:card\" content=\"summary_large_image\" \/>\n<meta name=\"twitter:site\" content=\"@OftalmedicSalva\" \/>\n<meta name=\"twitter:label1\" content=\"Gesch\u00e4tzte Lesezeit\" \/>\n\t<meta name=\"twitter:data1\" content=\"3\u00a0Minuten\" \/>\n<script type=\"application\/ld+json\" class=\"yoast-schema-graph\">{\"@context\":\"https:\/\/schema.org\",\"@graph\":[{\"@type\":\"WebPage\",\"@id\":\"https:\/\/oftalmedic.es\/de\/oftalmedic-salva-centro-formacion\/\",\"url\":\"https:\/\/oftalmedic.es\/de\/oftalmedic-salva-centro-formacion\/\",\"name\":\"Oftalmedic Salv\u00e0, Schulungszentrum | Augenheilkunde\",\"isPartOf\":{\"@id\":\"https:\/\/oftalmedic.es\/de\/#website\"},\"datePublished\":\"2025-06-25T07:21:08+00:00\",\"dateModified\":\"2025-06-25T07:21:13+00:00\",\"description\":\"Bei Oftalmedic Salv\u00e0 engagieren wir uns als Ausbildungszentrum f\u00fcr die Spezialisierung der verschiedenen Fachleute im Bereich der Augenheilkunde.\",\"breadcrumb\":{\"@id\":\"https:\/\/oftalmedic.es\/de\/oftalmedic-salva-centro-formacion\/#breadcrumb\"},\"inLanguage\":\"de\",\"potentialAction\":[{\"@type\":\"ReadAction\",\"target\":[\"https:\/\/oftalmedic.es\/de\/oftalmedic-salva-centro-formacion\/\"]}]},{\"@type\":\"BreadcrumbList\",\"@id\":\"https:\/\/oftalmedic.es\/de\/oftalmedic-salva-centro-formacion\/#breadcrumb\",\"itemListElement\":[{\"@type\":\"ListItem\",\"position\":1,\"name\":\"Portada\",\"item\":\"https:\/\/oftalmedic.es\/de\/\"},{\"@type\":\"ListItem\",\"position\":2,\"name\":\"Oftalmedic Salv\u00e0, Berufsbildungszentrum\"}]},{\"@type\":\"WebSite\",\"@id\":\"https:\/\/oftalmedic.es\/de\/#website\",\"url\":\"https:\/\/oftalmedic.es\/de\/\",\"name\":\"Oftalmedic Salv\u00e1\",\"description\":\"Red de cl\u00ednicas oftalmol\u00f3gicas de referencia en Baleares. Pionera en tecnolog\u00eda l\u00e1ser para cirug\u00eda de cataratas y correcci\u00f3n de la miop\u00eda, hipermetrop\u00eda, astigmatismo y presbicia o vista cansada.\",\"publisher\":{\"@id\":\"https:\/\/oftalmedic.es\/de\/#organization\"},\"potentialAction\":[{\"@type\":\"SearchAction\",\"target\":{\"@type\":\"EntryPoint\",\"urlTemplate\":\"https:\/\/oftalmedic.es\/de\/?s={search_term_string}\"},\"query-input\":{\"@type\":\"PropertyValueSpecification\",\"valueRequired\":true,\"valueName\":\"search_term_string\"}}],\"inLanguage\":\"de\"},{\"@type\":\"Organization\",\"@id\":\"https:\/\/oftalmedic.es\/de\/#organization\",\"name\":\"[wpseo_titles]company_Nombre\",\"url\":\"https:\/\/oftalmedic.es\/de\/\",\"logo\":{\"@type\":\"ImageObject\",\"inLanguage\":\"de\",\"@id\":\"https:\/\/oftalmedic.es\/de\/#\/schema\/logo\/image\/\",\"url\":\"https:\/\/oftalmedic.es\/wp-content\/uploads\/2018\/06\/logo-oftalmedic.png\",\"contentUrl\":\"https:\/\/oftalmedic.es\/wp-content\/uploads\/2018\/06\/logo-oftalmedic.png\",\"width\":200,\"height\":58,\"caption\":\"[wpseo_titles]company_Nombre\"},\"image\":{\"@id\":\"https:\/\/oftalmedic.es\/de\/#\/schema\/logo\/image\/\"},\"sameAs\":[\"https:\/\/www.facebook.com\/OftalmedicSalva\/\",\"https:\/\/x.com\/OftalmedicSalva\",\"https:\/\/www.instagram.com\/oftalmedic_salva\",\"https:\/\/www.youtube.com\/channel\/UCWrAdUQk6ZmrfVUqBwX0cug\",\"https:\/\/www.linkedin.com\/company\/oftalmedic-clnica-salv\/\"]}]}<\/script>\n<!-- \/ Yoast SEO plugin. -->","yoast_head_json":{"title":"Oftalmedic Salv\u00e0, Schulungszentrum | Augenheilkunde","description":"Bei Oftalmedic Salv\u00e0 engagieren wir uns als Ausbildungszentrum f\u00fcr die Spezialisierung der verschiedenen Fachleute im Bereich der Augenheilkunde.","robots":{"index":"index","follow":"follow","max-snippet":"max-snippet:-1","max-image-preview":"max-image-preview:large","max-video-preview":"max-video-preview:-1"},"canonical":"https:\/\/oftalmedic.es\/de\/oftalmedic-salva-centro-formacion\/","og_locale":"de_DE","og_type":"article","og_title":"Oftalmedic Salv\u00e0, Schulungszentrum | Augenheilkunde","og_description":"Bei Oftalmedic Salv\u00e0 engagieren wir uns als Ausbildungszentrum f\u00fcr die Spezialisierung der verschiedenen Fachleute im Bereich der Augenheilkunde.","og_url":"https:\/\/oftalmedic.es\/de\/oftalmedic-salva-centro-formacion\/","og_site_name":"Oftalmedic Salv\u00e1","article_publisher":"https:\/\/www.facebook.com\/OftalmedicSalva\/","article_modified_time":"2025-06-25T07:21:13+00:00","twitter_card":"summary_large_image","twitter_site":"@OftalmedicSalva","twitter_misc":{"Gesch\u00e4tzte Lesezeit":"3\u00a0Minuten"},"schema":{"@context":"https:\/\/schema.org","@graph":[{"@type":"WebPage","@id":"https:\/\/oftalmedic.es\/de\/oftalmedic-salva-centro-formacion\/","url":"https:\/\/oftalmedic.es\/de\/oftalmedic-salva-centro-formacion\/","name":"Oftalmedic Salv\u00e0, Schulungszentrum | Augenheilkunde","isPartOf":{"@id":"https:\/\/oftalmedic.es\/de\/#website"},"datePublished":"2025-06-25T07:21:08+00:00","dateModified":"2025-06-25T07:21:13+00:00","description":"Bei Oftalmedic Salv\u00e0 engagieren wir uns als Ausbildungszentrum f\u00fcr die Spezialisierung der verschiedenen Fachleute im Bereich der Augenheilkunde.","breadcrumb":{"@id":"https:\/\/oftalmedic.es\/de\/oftalmedic-salva-centro-formacion\/#breadcrumb"},"inLanguage":"de","potentialAction":[{"@type":"ReadAction","target":["https:\/\/oftalmedic.es\/de\/oftalmedic-salva-centro-formacion\/"]}]},{"@type":"BreadcrumbList","@id":"https:\/\/oftalmedic.es\/de\/oftalmedic-salva-centro-formacion\/#breadcrumb","itemListElement":[{"@type":"ListItem","position":1,"name":"Portada","item":"https:\/\/oftalmedic.es\/de\/"},{"@type":"ListItem","position":2,"name":"Oftalmedic Salv\u00e0, Berufsbildungszentrum"}]},{"@type":"WebSite","@id":"https:\/\/oftalmedic.es\/de\/#website","url":"https:\/\/oftalmedic.es\/de\/","name":"Oftalmedic Salv\u00e1","description":"Red de cl\u00ednicas oftalmol\u00f3gicas de referencia en Baleares. Pionera en tecnolog\u00eda l\u00e1ser para cirug\u00eda de cataratas y correcci\u00f3n de la miop\u00eda, hipermetrop\u00eda, astigmatismo y presbicia o vista cansada.","publisher":{"@id":"https:\/\/oftalmedic.es\/de\/#organization"},"potentialAction":[{"@type":"SearchAction","target":{"@type":"EntryPoint","urlTemplate":"https:\/\/oftalmedic.es\/de\/?s={search_term_string}"},"query-input":{"@type":"PropertyValueSpecification","valueRequired":true,"valueName":"search_term_string"}}],"inLanguage":"de"},{"@type":"Organization","@id":"https:\/\/oftalmedic.es\/de\/#organization","name":"[wpseo_titles]company_Nombre","url":"https:\/\/oftalmedic.es\/de\/","logo":{"@type":"ImageObject","inLanguage":"de","@id":"https:\/\/oftalmedic.es\/de\/#\/schema\/logo\/image\/","url":"https:\/\/oftalmedic.es\/wp-content\/uploads\/2018\/06\/logo-oftalmedic.png","contentUrl":"https:\/\/oftalmedic.es\/wp-content\/uploads\/2018\/06\/logo-oftalmedic.png","width":200,"height":58,"caption":"[wpseo_titles]company_Nombre"},"image":{"@id":"https:\/\/oftalmedic.es\/de\/#\/schema\/logo\/image\/"},"sameAs":["https:\/\/www.facebook.com\/OftalmedicSalva\/","https:\/\/x.com\/OftalmedicSalva","https:\/\/www.instagram.com\/oftalmedic_salva","https:\/\/www.youtube.com\/channel\/UCWrAdUQk6ZmrfVUqBwX0cug","https:\/\/www.linkedin.com\/company\/oftalmedic-clnica-salv\/"]}]}},"_links":{"self":[{"href":"https:\/\/oftalmedic.es\/de\/wp-json\/wp\/v2\/pages\/10278","targetHints":{"allow":["GET"]}}],"collection":[{"href":"https:\/\/oftalmedic.es\/de\/wp-json\/wp\/v2\/pages"}],"about":[{"href":"https:\/\/oftalmedic.es\/de\/wp-json\/wp\/v2\/types\/page"}],"author":[{"embeddable":true,"href":"https:\/\/oftalmedic.es\/de\/wp-json\/wp\/v2\/users\/5"}],"replies":[{"embeddable":true,"href":"https:\/\/oftalmedic.es\/de\/wp-json\/wp\/v2\/comments?post=10278"}],"version-history":[{"count":0,"href":"https:\/\/oftalmedic.es\/de\/wp-json\/wp\/v2\/pages\/10278\/revisions"}],"wp:attachment":[{"href":"https:\/\/oftalmedic.es\/de\/wp-json\/wp\/v2\/media?parent=10278"}],"curies":[{"name":"wp","href":"https:\/\/api.w.org\/{rel}","templated":true}]}}