{"id":10408,"date":"2025-06-25T08:07:23","date_gmt":"2025-06-25T08:07:23","guid":{"rendered":"https:\/\/oftalmedic.rwdesarrollos.es\/aseguradoras\/"},"modified":"2025-06-25T08:07:26","modified_gmt":"2025-06-25T08:07:26","slug":"aseguradoras","status":"publish","type":"page","link":"https:\/\/oftalmedic.es\/de\/aseguradoras\/","title":{"rendered":"Versicherung"},"content":{"rendered":"[vc_row type=&#8220;in_container&#8220; full_screen_row_position=&#8220;middle&#8220; column_margin=&#8220;default&#8220; column_direction=&#8220;default&#8220; column_direction_tablet=&#8220;default&#8220; column_direction_phone=&#8220;default&#8220; scene_position=&#8220;center&#8220; text_color=&#8220;dark&#8220; text_align=&#8220;left&#8220; row_border_radius=&#8220;none&#8220; row_border_radius_applies=&#8220;bg&#8220; overflow=&#8220;visible&#8220; overlay_strength=&#8220;0.3&#8243; gradient_direction=&#8220;left_to_right&#8220; shape_divider_position=&#8220;bottom&#8220; bg_image_animation=&#8220;none&#8220;][vc_column column_padding=&#8220;no-extra-padding&#8220; column_padding_tablet=&#8220;inherit&#8220; column_padding_phone=&#8220;inherit&#8220; column_padding_position=&#8220;all&#8220; column_element_direction_desktop=&#8220;default&#8220; column_element_spacing=&#8220;default&#8220; desktop_text_alignment=&#8220;default&#8220; tablet_text_alignment=&#8220;default&#8220; phone_text_alignment=&#8220;default&#8220; background_color_opacity=&#8220;1&#8243; background_hover_color_opacity=&#8220;1&#8243; column_backdrop_filter=&#8220;none&#8220; column_shadow=&#8220;none&#8220; column_border_radius=&#8220;none&#8220; column_link_target=&#8220;_self&#8220; column_position=&#8220;default&#8220; gradient_direction=&#8220;left_to_right&#8220; overlay_strength=&#8220;0.3&#8243; width=&#8220;1\/1&#8243; tablet_width_inherit=&#8220;default&#8220; animation_type=&#8220;default&#8220; bg_image_animation=&#8220;none&#8220; border_type=&#8220;simple&#8220; column_border_width=&#8220;none&#8220; column_border_style=&#8220;solid&#8220;][vc_column_text]\n<h1 style=\"text-align: center;\">VERSICHERUNGSGESELLSCHAFTEN<\/h1>\n[\/vc_column_text][divider line_type=&#8220;No Line&#8220;][\/vc_column][\/vc_row][vc_row type=&#8220;in_container&#8220; full_screen_row_position=&#8220;middle&#8220; column_margin=&#8220;default&#8220; column_direction=&#8220;default&#8220; column_direction_tablet=&#8220;default&#8220; column_direction_phone=&#8220;default&#8220; scene_position=&#8220;center&#8220; text_color=&#8220;dark&#8220; text_align=&#8220;left&#8220; row_border_radius=&#8220;none&#8220; row_border_radius_applies=&#8220;bg&#8220; overflow=&#8220;visible&#8220; overlay_strength=&#8220;0.3&#8243; gradient_direction=&#8220;left_to_right&#8220; shape_divider_position=&#8220;bottom&#8220; bg_image_animation=&#8220;none&#8220;][vc_column column_padding=&#8220;padding-3-percent&#8220; column_padding_tablet=&#8220;inherit&#8220; column_padding_phone=&#8220;inherit&#8220; column_padding_position=&#8220;all&#8220; column_element_direction_desktop=&#8220;default&#8220; column_element_spacing=&#8220;default&#8220; desktop_text_alignment=&#8220;default&#8220; tablet_text_alignment=&#8220;default&#8220; phone_text_alignment=&#8220;default&#8220; background_color_opacity=&#8220;1&#8243; background_hover_color_opacity=&#8220;1&#8243; column_backdrop_filter=&#8220;none&#8220; column_shadow=&#8220;none&#8220; column_border_radius=&#8220;none&#8220; column_link_target=&#8220;_self&#8220; column_position=&#8220;default&#8220; gradient_direction=&#8220;left_to_right&#8220; overlay_strength=&#8220;0.3&#8243; width=&#8220;1\/2&#8243; tablet_width_inherit=&#8220;default&#8220; animation_type=&#8220;default&#8220; bg_image_animation=&#8220;none&#8220; border_type=&#8220;simple&#8220; column_border_width=&#8220;none&#8220; column_border_style=&#8220;solid&#8220;][vc_column_text]<strong>Versicherer oder Krankenkassen mit Augenheilkunde<\/strong> sind eine Option, die es erm\u00f6glicht, die Sehgesundheit des Patienten in allen Lebensphasen st\u00e4ndig zu \u00fcberwachen.<\/p>\n<ul>\n<li><strong>Augenheilkunde im Kindesalter.<\/strong><\/li>\n<\/ul>\n<p>Fachleute weisen darauf hin, dass der <a href=\"https:\/\/oftalmedic.es\/de\/paediatrische-ophthalmologie\/\" target=\"_blank\" rel=\"noopener noreferrer\">Zeitplan f\u00fcr ophthalmologische Vorsorgeuntersuchungen im p\u00e4diatrischen Alter<\/a> eingehalten werden muss, da die ersten Lebensjahre bis zum Alter von 7-8 Jahren f\u00fcr die visuelle Entwicklung des Kindes von entscheidender Bedeutung sind.<\/p>\n<ul>\n<li><strong>Augenheilkunde im Jugendalter.<\/strong><\/li>\n<\/ul>\n<p>Das Fortschreiten der <a href=\"https:\/\/oftalmedic.es\/cirugia-refractiva\/miopia\/\" target=\"_blank\" rel=\"noopener noreferrer\">Kurzsichtigkeit<\/a> bei jungen Menschen erfordert besondere Aufmerksamkeit. Mangelnde Zeit im Freien und die visuelle Nahfokussierung aufgrund der intensiven Nutzung elektronischer Ger\u00e4te k\u00f6nnen diesen Anstieg der Pr\u00e4valenz beeinflussen. <\/p>\n<ul>\n<li><strong>Augenheilkunde bei \u00e4lteren Menschen.<\/strong><\/li>\n<\/ul>\n<p>Verschiedene <a href=\"https:\/\/oftalmedic.es\/de\/principales-afecciones-visuales\/tercera-edad-2\/\" target=\"_blank\" rel=\"noopener noreferrer\">Sehprobleme<\/a> k\u00f6nnen Ihre Sehf\u00e4higkeit verringern, Ihre t\u00e4glichen Aktivit\u00e4ten einschr\u00e4nken und Ihre Lebensqualit\u00e4t beeintr\u00e4chtigen. Aus diesem Grund ist es ratsam, mit zunehmendem Alter die H\u00e4ufigkeit von Routinebesuchen zu erh\u00f6hen. <\/p>\n<p>Dieser pr\u00e4ventive Ansatz in der Medizin und insbesondere bei Augenkrankheiten erm\u00f6glicht die fr\u00fchzeitige Diagnose von Erkrankungen, die, wenn sie nicht fr\u00fch genug erkannt werden, sich verschlimmern und zu einem irreversiblen Verlust des Sehverm\u00f6gens f\u00fchren k\u00f6nnen. Dies ist der Fall bei <a href=\"https:\/\/oftalmedic.es\/de\/glaukom\/\" target=\"_blank\" rel=\"noopener noreferrer\">Glaukom<\/a>, <a href=\"https:\/\/oftalmedic.es\/unidad-de-retina\/patologia-macula\/\" target=\"_blank\" rel=\"noopener noreferrer\">AMD<\/a> (altersbedingte Makuladegeneration) und <a href=\"https:\/\/oftalmedic.es\/unidad-de-retina\/retinopatia-diabetica\/\" target=\"_blank\" rel=\"noopener noreferrer\">diabetischer Retinopathie<\/a>.[\/vc_column_text][\/vc_column][vc_column column_padding=&#8220;padding-3-percent&#8220; column_padding_tablet=&#8220;inherit&#8220; column_padding_phone=&#8220;inherit&#8220; column_padding_position=&#8220;all&#8220; column_element_direction_desktop=&#8220;default&#8220; column_element_spacing=&#8220;default&#8220; desktop_text_alignment=&#8220;default&#8220; tablet_text_alignment=&#8220;default&#8220; phone_text_alignment=&#8220;default&#8220; background_color_opacity=&#8220;1&#8243; background_hover_color_opacity=&#8220;1&#8243; column_backdrop_filter=&#8220;none&#8220; column_shadow=&#8220;none&#8220; column_border_radius=&#8220;none&#8220; column_link_target=&#8220;_self&#8220; column_position=&#8220;default&#8220; gradient_direction=&#8220;left_to_right&#8220; overlay_strength=&#8220;0.3&#8243; width=&#8220;1\/2&#8243; tablet_width_inherit=&#8220;default&#8220; animation_type=&#8220;default&#8220; bg_image_animation=&#8220;none&#8220; border_type=&#8220;simple&#8220; column_border_width=&#8220;none&#8220; column_border_style=&#8220;solid&#8220;][vc_column_text]\n<h4 style=\"text-align: center;\">Versicherungen, mit denen wir zusammenarbeiten<\/h4>\n<p>&nbsp;<\/p>\n<p>Bei Oftalmedic Salv\u00e0 wissen wir, wie wichtig es ist, die Sehqualit\u00e4t durch regelm\u00e4\u00dfige augen\u00e4rztliche \u00dcberwachung zu sch\u00fctzen. Aus diesem Grund und um den Patienten den Zugang zu spezifischen Diagnosen und Behandlungen von Augenerkrankungen zu erleichtern, unterhalten wir Kooperationsvereinbarungen mit einer Vielzahl von Krankenkassen und Versicherungsvereinen auf Gegenseitigkeit. <\/p>\n<p>Durch diese Vereinbarungen k\u00f6nnen Versicherungsnehmer und Versicherte auf Gegenseitigkeit von besonderen wirtschaftlichen Bedingungen bei unseren ophthalmologischen Dienstleistungen (Konsultationen, erg\u00e4nzende Tests und chirurgische Eingriffe) profitieren und sich darauf verlassen, dass sie eine spezialisierte augen\u00e4rztliche Versorgung mit den besten Garantien erhalten.<\/p>\n<p><strong>Wir empfehlen Ihnen, sich bei Ihrem Versicherer \u00fcber die in Ihrer Police vertraglich vereinbarte Deckung zu erkundigen.<\/strong>[\/vc_column_text][\/vc_column][\/vc_row][vc_row type=&#8220;in_container&#8220; full_screen_row_position=&#8220;middle&#8220; column_margin=&#8220;default&#8220; column_direction=&#8220;default&#8220; column_direction_tablet=&#8220;default&#8220; column_direction_phone=&#8220;default&#8220; scene_position=&#8220;center&#8220; top_padding=&#8220;60&#8243; bottom_padding=&#8220;60&#8243; text_color=&#8220;dark&#8220; text_align=&#8220;left&#8220; row_border_radius=&#8220;none&#8220; row_border_radius_applies=&#8220;bg&#8220; overflow=&#8220;visible&#8220; id=&#8220;aseguradoras&#8220; overlay_strength=&#8220;0.3&#8243; gradient_direction=&#8220;left_to_right&#8220; shape_divider_position=&#8220;bottom&#8220; bg_image_animation=&#8220;none&#8220; shape_type=&#8220;&#8220;][vc_column column_padding=&#8220;no-extra-padding&#8220; column_padding_tablet=&#8220;inherit&#8220; column_padding_phone=&#8220;inherit&#8220; column_padding_position=&#8220;all&#8220; column_element_direction_desktop=&#8220;default&#8220; column_element_spacing=&#8220;default&#8220; desktop_text_alignment=&#8220;default&#8220; tablet_text_alignment=&#8220;default&#8220; phone_text_alignment=&#8220;default&#8220; background_color_opacity=&#8220;1&#8243; background_hover_color_opacity=&#8220;1&#8243; column_backdrop_filter=&#8220;none&#8220; column_shadow=&#8220;none&#8220; column_border_radius=&#8220;none&#8220; column_link_target=&#8220;_self&#8220; column_position=&#8220;default&#8220; gradient_direction=&#8220;left_to_right&#8220; overlay_strength=&#8220;0.3&#8243; width=&#8220;1\/1&#8243; tablet_width_inherit=&#8220;default&#8220; animation_type=&#8220;default&#8220; bg_image_animation=&#8220;none&#8220; border_type=&#8220;simple&#8220; column_border_width=&#8220;none&#8220; column_border_style=&#8220;solid&#8220;][vc_gallery type=&#8220;image_grid&#8220; images=&#8220;3483,2299,2303,2307,2311,2315,2319,2323,9735,2327,2335,2339,2343,2347,2359,2363,7752,3487,2375,2387,2391&#8243; image_grid_loading=&#8220;default&#8220; layout=&#8220;4&#8243; item_spacing=&#8220;default&#8220; gallery_style=&#8220;5&#8243; load_in_animation=&#8220;fade_in_from_bottom&#8220; img_size=&#8220;200&#215;80&#8243;][divider line_type=&#8220;No Line&#8220;][vc_column_text]F\u00fcr weitere Informationen z\u00f6gern Sie nicht, <a href=\"https:\/\/oftalmedic.es\/de\/kontakt\/\" target=\"_blank\" rel=\"noopener\">Oftalmedic Salv\u00e0 zu kontaktieren.<\/a>[\/vc_column_text][\/vc_column][\/vc_row]\n","protected":false},"excerpt":{"rendered":"<p>[vc_row type=&#8220;in_container&#8220; full_screen_row_position=&#8220;middle&#8220; column_margin=&#8220;default&#8220; column_direction=&#8220;default&#8220; column_direction_tablet=&#8220;default&#8220; column_direction_phone=&#8220;default&#8220; scene_position=&#8220;center&#8220; text_color=&#8220;dark&#8220; text_align=&#8220;left&#8220; row_border_radius=&#8220;none&#8220; row_border_radius_applies=&#8220;bg&#8220; overflow=&#8220;visible&#8220; overlay_strength=&#8220;0.3&#8243; gradient_direction=&#8220;left_to_right&#8220; shape_divider_position=&#8220;bottom&#8220; bg_image_animation=&#8220;none&#8220;][vc_column column_padding=&#8220;no-extra-padding&#8220; column_padding_tablet=&#8220;inherit&#8220; column_padding_phone=&#8220;inherit&#8220; column_padding_position=&#8220;all&#8220; column_element_direction_desktop=&#8220;default&#8220; column_element_spacing=&#8220;default&#8220; desktop_text_alignment=&#8220;default&#8220; tablet_text_alignment=&#8220;default&#8220; phone_text_alignment=&#8220;default&#8220; background_color_opacity=&#8220;1&#8243; background_hover_color_opacity=&#8220;1&#8243; column_backdrop_filter=&#8220;none&#8220; column_shadow=&#8220;none&#8220; column_border_radius=&#8220;none&#8220; column_link_target=&#8220;_self&#8220; column_position=&#8220;default&#8220; gradient_direction=&#8220;left_to_right&#8220; overlay_strength=&#8220;0.3&#8243; width=&#8220;1\/1&#8243; tablet_width_inherit=&#8220;default&#8220; animation_type=&#8220;default&#8220; bg_image_animation=&#8220;none&#8220; border_type=&#8220;simple&#8220; column_border_width=&#8220;none&#8220; column_border_style=&#8220;solid&#8220;][vc_column_text] VERSICHERUNGSGESELLSCHAFTEN [\/vc_column_text][divider line_type=&#8220;No Line&#8220;][\/vc_column][\/vc_row][vc_row type=&#8220;in_container&#8220; full_screen_row_position=&#8220;middle&#8220; column_margin=&#8220;default&#8220; column_direction=&#8220;default&#8220; column_direction_tablet=&#8220;default&#8220; column_direction_phone=&#8220;default&#8220; scene_position=&#8220;center&#8220; text_color=&#8220;dark&#8220; text_align=&#8220;left&#8220; row_border_radius=&#8220;none&#8220; row_border_radius_applies=&#8220;bg&#8220; overflow=&#8220;visible&#8220; overlay_strength=&#8220;0.3&#8243; gradient_direction=&#8220;left_to_right&#8220;&#8230;<\/p>\n","protected":false},"author":2,"featured_media":0,"parent":0,"menu_order":0,"comment_status":"closed","ping_status":"closed","template":"","meta":{"footnotes":""},"class_list":["post-10408","page","type-page","status-publish"],"yoast_head":"<!-- This site is optimized with the Yoast SEO plugin v27.1.1 - https:\/\/yoast.com\/product\/yoast-seo-wordpress\/ -->\n<title>Aseguradoras Salv\u00e0 | Privatversicherung Oftalmedic Salv\u00e0<\/title>\n<meta name=\"description\" content=\"Welche Versicherungen funktionieren bei der Cl\u00ednica Salv\u00e0? Bei Oftalmedic haben wir Vereinbarungen mit den wichtigsten Versicherungsgesellschaften.\" \/>\n<meta name=\"robots\" content=\"index, follow, max-snippet:-1, max-image-preview:large, max-video-preview:-1\" \/>\n<link rel=\"canonical\" href=\"https:\/\/oftalmedic.es\/de\/aseguradoras\/\" \/>\n<meta property=\"og:locale\" content=\"de_DE\" \/>\n<meta property=\"og:type\" content=\"article\" \/>\n<meta property=\"og:title\" content=\"Aseguradoras Salv\u00e0 | Privatversicherung Oftalmedic Salv\u00e0\" \/>\n<meta property=\"og:description\" content=\"Welche Versicherungen funktionieren bei der Cl\u00ednica Salv\u00e0? Bei Oftalmedic haben wir Vereinbarungen mit den wichtigsten Versicherungsgesellschaften.\" \/>\n<meta property=\"og:url\" content=\"https:\/\/oftalmedic.es\/de\/aseguradoras\/\" \/>\n<meta property=\"og:site_name\" content=\"Oftalmedic Salv\u00e1\" \/>\n<meta property=\"article:publisher\" content=\"https:\/\/www.facebook.com\/OftalmedicSalva\/\" \/>\n<meta property=\"article:modified_time\" content=\"2025-06-25T08:07:26+00:00\" \/>\n<meta name=\"twitter:card\" content=\"summary_large_image\" \/>\n<meta name=\"twitter:site\" content=\"@OftalmedicSalva\" \/>\n<meta name=\"twitter:label1\" content=\"Gesch\u00e4tzte Lesezeit\" \/>\n\t<meta name=\"twitter:data1\" content=\"5\u00a0Minuten\" \/>\n<script type=\"application\/ld+json\" class=\"yoast-schema-graph\">{\"@context\":\"https:\/\/schema.org\",\"@graph\":[{\"@type\":\"WebPage\",\"@id\":\"https:\/\/oftalmedic.es\/de\/aseguradoras\/\",\"url\":\"https:\/\/oftalmedic.es\/de\/aseguradoras\/\",\"name\":\"Aseguradoras Salv\u00e0 | Privatversicherung Oftalmedic Salv\u00e0\",\"isPartOf\":{\"@id\":\"https:\/\/oftalmedic.es\/de\/#website\"},\"datePublished\":\"2025-06-25T08:07:23+00:00\",\"dateModified\":\"2025-06-25T08:07:26+00:00\",\"description\":\"Welche Versicherungen funktionieren bei der Cl\u00ednica Salv\u00e0? Bei Oftalmedic haben wir Vereinbarungen mit den wichtigsten Versicherungsgesellschaften.\",\"breadcrumb\":{\"@id\":\"https:\/\/oftalmedic.es\/de\/aseguradoras\/#breadcrumb\"},\"inLanguage\":\"de\",\"potentialAction\":[{\"@type\":\"ReadAction\",\"target\":[\"https:\/\/oftalmedic.es\/de\/aseguradoras\/\"]}]},{\"@type\":\"BreadcrumbList\",\"@id\":\"https:\/\/oftalmedic.es\/de\/aseguradoras\/#breadcrumb\",\"itemListElement\":[{\"@type\":\"ListItem\",\"position\":1,\"name\":\"Portada\",\"item\":\"https:\/\/oftalmedic.es\/de\/\"},{\"@type\":\"ListItem\",\"position\":2,\"name\":\"Versicherung\"}]},{\"@type\":\"WebSite\",\"@id\":\"https:\/\/oftalmedic.es\/de\/#website\",\"url\":\"https:\/\/oftalmedic.es\/de\/\",\"name\":\"Oftalmedic Salv\u00e1\",\"description\":\"Red de cl\u00ednicas oftalmol\u00f3gicas de referencia en Baleares. Pionera en tecnolog\u00eda l\u00e1ser para cirug\u00eda de cataratas y correcci\u00f3n de la miop\u00eda, hipermetrop\u00eda, astigmatismo y presbicia o vista cansada.\",\"publisher\":{\"@id\":\"https:\/\/oftalmedic.es\/de\/#organization\"},\"potentialAction\":[{\"@type\":\"SearchAction\",\"target\":{\"@type\":\"EntryPoint\",\"urlTemplate\":\"https:\/\/oftalmedic.es\/de\/?s={search_term_string}\"},\"query-input\":{\"@type\":\"PropertyValueSpecification\",\"valueRequired\":true,\"valueName\":\"search_term_string\"}}],\"inLanguage\":\"de\"},{\"@type\":\"Organization\",\"@id\":\"https:\/\/oftalmedic.es\/de\/#organization\",\"name\":\"[wpseo_titles]company_Nombre\",\"url\":\"https:\/\/oftalmedic.es\/de\/\",\"logo\":{\"@type\":\"ImageObject\",\"inLanguage\":\"de\",\"@id\":\"https:\/\/oftalmedic.es\/de\/#\/schema\/logo\/image\/\",\"url\":\"https:\/\/oftalmedic.es\/wp-content\/uploads\/2018\/06\/logo-oftalmedic.png\",\"contentUrl\":\"https:\/\/oftalmedic.es\/wp-content\/uploads\/2018\/06\/logo-oftalmedic.png\",\"width\":200,\"height\":58,\"caption\":\"[wpseo_titles]company_Nombre\"},\"image\":{\"@id\":\"https:\/\/oftalmedic.es\/de\/#\/schema\/logo\/image\/\"},\"sameAs\":[\"https:\/\/www.facebook.com\/OftalmedicSalva\/\",\"https:\/\/x.com\/OftalmedicSalva\",\"https:\/\/www.instagram.com\/oftalmedic_salva\",\"https:\/\/www.youtube.com\/channel\/UCWrAdUQk6ZmrfVUqBwX0cug\",\"https:\/\/www.linkedin.com\/company\/oftalmedic-clnica-salv\/\"]}]}<\/script>\n<!-- \/ Yoast SEO plugin. -->","yoast_head_json":{"title":"Aseguradoras Salv\u00e0 | Privatversicherung Oftalmedic Salv\u00e0","description":"Welche Versicherungen funktionieren bei der Cl\u00ednica Salv\u00e0? Bei Oftalmedic haben wir Vereinbarungen mit den wichtigsten Versicherungsgesellschaften.","robots":{"index":"index","follow":"follow","max-snippet":"max-snippet:-1","max-image-preview":"max-image-preview:large","max-video-preview":"max-video-preview:-1"},"canonical":"https:\/\/oftalmedic.es\/de\/aseguradoras\/","og_locale":"de_DE","og_type":"article","og_title":"Aseguradoras Salv\u00e0 | Privatversicherung Oftalmedic Salv\u00e0","og_description":"Welche Versicherungen funktionieren bei der Cl\u00ednica Salv\u00e0? Bei Oftalmedic haben wir Vereinbarungen mit den wichtigsten Versicherungsgesellschaften.","og_url":"https:\/\/oftalmedic.es\/de\/aseguradoras\/","og_site_name":"Oftalmedic Salv\u00e1","article_publisher":"https:\/\/www.facebook.com\/OftalmedicSalva\/","article_modified_time":"2025-06-25T08:07:26+00:00","twitter_card":"summary_large_image","twitter_site":"@OftalmedicSalva","twitter_misc":{"Gesch\u00e4tzte Lesezeit":"5\u00a0Minuten"},"schema":{"@context":"https:\/\/schema.org","@graph":[{"@type":"WebPage","@id":"https:\/\/oftalmedic.es\/de\/aseguradoras\/","url":"https:\/\/oftalmedic.es\/de\/aseguradoras\/","name":"Aseguradoras Salv\u00e0 | Privatversicherung Oftalmedic Salv\u00e0","isPartOf":{"@id":"https:\/\/oftalmedic.es\/de\/#website"},"datePublished":"2025-06-25T08:07:23+00:00","dateModified":"2025-06-25T08:07:26+00:00","description":"Welche Versicherungen funktionieren bei der Cl\u00ednica Salv\u00e0? Bei Oftalmedic haben wir Vereinbarungen mit den wichtigsten Versicherungsgesellschaften.","breadcrumb":{"@id":"https:\/\/oftalmedic.es\/de\/aseguradoras\/#breadcrumb"},"inLanguage":"de","potentialAction":[{"@type":"ReadAction","target":["https:\/\/oftalmedic.es\/de\/aseguradoras\/"]}]},{"@type":"BreadcrumbList","@id":"https:\/\/oftalmedic.es\/de\/aseguradoras\/#breadcrumb","itemListElement":[{"@type":"ListItem","position":1,"name":"Portada","item":"https:\/\/oftalmedic.es\/de\/"},{"@type":"ListItem","position":2,"name":"Versicherung"}]},{"@type":"WebSite","@id":"https:\/\/oftalmedic.es\/de\/#website","url":"https:\/\/oftalmedic.es\/de\/","name":"Oftalmedic Salv\u00e1","description":"Red de cl\u00ednicas oftalmol\u00f3gicas de referencia en Baleares. Pionera en tecnolog\u00eda l\u00e1ser para cirug\u00eda de cataratas y correcci\u00f3n de la miop\u00eda, hipermetrop\u00eda, astigmatismo y presbicia o vista cansada.","publisher":{"@id":"https:\/\/oftalmedic.es\/de\/#organization"},"potentialAction":[{"@type":"SearchAction","target":{"@type":"EntryPoint","urlTemplate":"https:\/\/oftalmedic.es\/de\/?s={search_term_string}"},"query-input":{"@type":"PropertyValueSpecification","valueRequired":true,"valueName":"search_term_string"}}],"inLanguage":"de"},{"@type":"Organization","@id":"https:\/\/oftalmedic.es\/de\/#organization","name":"[wpseo_titles]company_Nombre","url":"https:\/\/oftalmedic.es\/de\/","logo":{"@type":"ImageObject","inLanguage":"de","@id":"https:\/\/oftalmedic.es\/de\/#\/schema\/logo\/image\/","url":"https:\/\/oftalmedic.es\/wp-content\/uploads\/2018\/06\/logo-oftalmedic.png","contentUrl":"https:\/\/oftalmedic.es\/wp-content\/uploads\/2018\/06\/logo-oftalmedic.png","width":200,"height":58,"caption":"[wpseo_titles]company_Nombre"},"image":{"@id":"https:\/\/oftalmedic.es\/de\/#\/schema\/logo\/image\/"},"sameAs":["https:\/\/www.facebook.com\/OftalmedicSalva\/","https:\/\/x.com\/OftalmedicSalva","https:\/\/www.instagram.com\/oftalmedic_salva","https:\/\/www.youtube.com\/channel\/UCWrAdUQk6ZmrfVUqBwX0cug","https:\/\/www.linkedin.com\/company\/oftalmedic-clnica-salv\/"]}]}},"_links":{"self":[{"href":"https:\/\/oftalmedic.es\/de\/wp-json\/wp\/v2\/pages\/10408","targetHints":{"allow":["GET"]}}],"collection":[{"href":"https:\/\/oftalmedic.es\/de\/wp-json\/wp\/v2\/pages"}],"about":[{"href":"https:\/\/oftalmedic.es\/de\/wp-json\/wp\/v2\/types\/page"}],"author":[{"embeddable":true,"href":"https:\/\/oftalmedic.es\/de\/wp-json\/wp\/v2\/users\/2"}],"replies":[{"embeddable":true,"href":"https:\/\/oftalmedic.es\/de\/wp-json\/wp\/v2\/comments?post=10408"}],"version-history":[{"count":0,"href":"https:\/\/oftalmedic.es\/de\/wp-json\/wp\/v2\/pages\/10408\/revisions"}],"wp:attachment":[{"href":"https:\/\/oftalmedic.es\/de\/wp-json\/wp\/v2\/media?parent=10408"}],"curies":[{"name":"wp","href":"https:\/\/api.w.org\/{rel}","templated":true}]}}