{"id":10541,"date":"2025-06-25T08:08:52","date_gmt":"2025-06-25T08:08:52","guid":{"rendered":"https:\/\/oftalmedic.rwdesarrollos.es\/spezialitaeten\/"},"modified":"2025-07-04T08:31:38","modified_gmt":"2025-07-04T08:31:38","slug":"spezialitaeten","status":"publish","type":"page","link":"https:\/\/oftalmedic.es\/de\/spezialitaeten\/","title":{"rendered":"Spezialit\u00e4ten"},"content":{"rendered":"[vc_row type=&#8220;in_container&#8220; full_screen_row_position=&#8220;middle&#8220; column_margin=&#8220;default&#8220; column_direction=&#8220;default&#8220; column_direction_tablet=&#8220;default&#8220; column_direction_phone=&#8220;default&#8220; scene_position=&#8220;center&#8220; text_color=&#8220;dark&#8220; text_align=&#8220;left&#8220; row_border_radius=&#8220;none&#8220; row_border_radius_applies=&#8220;bg&#8220; id=&#8220;sec_1_especialidades&#8220; overlay_strength=&#8220;0.3&#8243; gradient_direction=&#8220;left_to_right&#8220; shape_divider_position=&#8220;bottom&#8220; bg_image_animation=&#8220;none&#8220; shape_type=&#8220;&#8220;][vc_column column_padding=&#8220;no-extra-padding&#8220; column_padding_tablet=&#8220;inherit&#8220; column_padding_phone=&#8220;inherit&#8220; column_padding_position=&#8220;all&#8220; background_color_opacity=&#8220;1&#8243; background_hover_color_opacity=&#8220;1&#8243; column_shadow=&#8220;none&#8220; column_border_radius=&#8220;none&#8220; column_link_target=&#8220;_self&#8220; gradient_direction=&#8220;left_to_right&#8220; overlay_strength=&#8220;0.3&#8243; width=&#8220;1\/1&#8243; tablet_width_inherit=&#8220;default&#8220; tablet_text_alignment=&#8220;default&#8220; phone_text_alignment=&#8220;default&#8220; column_border_width=&#8220;none&#8220; column_border_style=&#8220;solid&#8220; bg_image_animation=&#8220;none&#8220;][vc_column_text]\n<h1 style=\"text-align: center;\">Spezialit\u00e4ten<\/h1>\n<p>&nbsp;<\/p>\n<p>Eine Vielzahl von <strong>Fachgebieten<\/strong> kennzeichnet die<a href=\"https:\/\/www.oftalmoseo.com\/historia-mision-valores-y-futuro\/\" target=\"_blank\" rel=\"noopener noreferrer\"> moderne Augenheilkunde<\/a>, so dass sie in ihrer heutigen Praxis aus mehreren Gr\u00fcnden unverzichtbar ist:<\/p>\n<ul>\n<li>Die au\u00dfergew\u00f6hnliche Komplexit\u00e4t des menschlichen Auges in seiner anatomischen Struktur und Funktionsweise.<\/li>\n<li>Der Grad der Raffinesse, der bei den Behandlungen erreicht wird, macht es f\u00fcr eine einzelne Person unm\u00f6glich, alle Abschnitte zu beherrschen.<\/li>\n<li>Die stetige Weiterentwicklung der Medizintechnik, die es erm\u00f6glicht hat, ein kleines Organ wie das Auge mit h\u00f6chster Pr\u00e4zision zu adressieren.<\/li>\n<\/ul>\n<p>Damit hat die Augenheilkunde eine differenzierte Facheinheit erhalten. Dieser Spezialisierungsgrad erm\u00f6glicht es uns, <strong>Augenkrankheiten <\/strong>mit maximalen Garantien zu verhindern und zu behandeln. <\/p>\n<p>Oftalmedic Salv\u00e0 verf\u00fcgt \u00fcber ein <a href=\"https:\/\/oftalmedic.es\/de\/team\/\" target=\"_blank\" rel=\"noopener noreferrer\">solides Team von Fachleuten<\/a> , die verschiedene medizinisch-chirurgische Subspezialit\u00e4ten praktizieren. Diese \u00dcbung basiert auf: Qualit\u00e4t der Versorgung, kontinuierlicher Weiterbildung und Engagement f\u00fcr st\u00e4ndige Verbesserung. <\/p>\n<p>In diesem Abschnitt beschreiben wir ausf\u00fchrlich die wichtigsten Fachgebiete der Augenheilkunde sowie die Augenerkrankungen, die sie jeweils behandeln.[\/vc_column_text][\/vc_column][\/vc_row][vc_row type=&#8220;in_container&#8220; full_screen_row_position=&#8220;middle&#8220; column_margin=&#8220;default&#8220; column_direction=&#8220;default&#8220; column_direction_tablet=&#8220;default&#8220; column_direction_phone=&#8220;default&#8220; scene_position=&#8220;center&#8220; top_padding=&#8220;50&#8243; text_color=&#8220;dark&#8220; text_align=&#8220;left&#8220; row_border_radius=&#8220;none&#8220; row_border_radius_applies=&#8220;bg&#8220; id=&#8220;grid-especialidades&#8220; overlay_strength=&#8220;0.3&#8243; gradient_direction=&#8220;left_to_right&#8220; shape_divider_position=&#8220;bottom&#8220; bg_image_animation=&#8220;none&#8220; shape_type=&#8220;&#8220;][vc_column column_padding=&#8220;no-extra-padding&#8220; column_padding_tablet=&#8220;inherit&#8220; column_padding_phone=&#8220;inherit&#8220; column_padding_position=&#8220;all&#8220; background_color_opacity=&#8220;1&#8243; background_hover_color_opacity=&#8220;1&#8243; column_shadow=&#8220;none&#8220; column_border_radius=&#8220;none&#8220; column_link_target=&#8220;_self&#8220; gradient_direction=&#8220;left_to_right&#8220; overlay_strength=&#8220;0.3&#8243; width=&#8220;1\/1&#8243; tablet_width_inherit=&#8220;default&#8220; tablet_text_alignment=&#8220;default&#8220; phone_text_alignment=&#8220;default&#8220; column_border_width=&#8220;none&#8220; column_border_style=&#8220;solid&#8220; bg_image_animation=&#8220;none&#8220;][vc_gallery type=&#8220;image_grid&#8220; images=&#8220;2072,2065,4657,2076,2081,4669,4661,4677,4665,4673&#8243; display_title_caption=&#8220;true&#8220; layout=&#8220;4&#8243; item_spacing=&#8220;default&#8220; gallery_style=&#8220;3&#8243; load_in_animation=&#8220;fade_in_from_bottom&#8220; el_id=&#8220;especialidades&#8220; img_size=&#8220;369&#215;302&#8243;][\/vc_column][\/vc_row][vc_row type=&#8220;in_container&#8220; full_screen_row_position=&#8220;middle&#8220; column_margin=&#8220;default&#8220; column_direction=&#8220;default&#8220; column_direction_tablet=&#8220;default&#8220; column_direction_phone=&#8220;default&#8220; scene_position=&#8220;center&#8220; text_color=&#8220;dark&#8220; text_align=&#8220;left&#8220; row_border_radius=&#8220;none&#8220; row_border_radius_applies=&#8220;bg&#8220; overlay_strength=&#8220;0.3&#8243; gradient_direction=&#8220;left_to_right&#8220; shape_divider_position=&#8220;bottom&#8220; bg_image_animation=&#8220;none&#8220;][vc_column column_padding=&#8220;no-extra-padding&#8220; column_padding_tablet=&#8220;inherit&#8220; column_padding_phone=&#8220;inherit&#8220; column_padding_position=&#8220;all&#8220; background_color_opacity=&#8220;1&#8243; background_hover_color_opacity=&#8220;1&#8243; column_shadow=&#8220;none&#8220; column_border_radius=&#8220;none&#8220; column_link_target=&#8220;_self&#8220; gradient_direction=&#8220;left_to_right&#8220; overlay_strength=&#8220;0.3&#8243; width=&#8220;1\/1&#8243; tablet_width_inherit=&#8220;default&#8220; tablet_text_alignment=&#8220;default&#8220; phone_text_alignment=&#8220;default&#8220; column_border_width=&#8220;none&#8220; column_border_style=&#8220;solid&#8220; bg_image_animation=&#8220;none&#8220;][vc_column_text]\n<h4>Augenpflege<\/h4>\n<p>Heutzutage ist die Rolle der Krankenpflege im Gesundheitswesen in den verschiedenen Fachgebieten der Augenheilkunde unbestritten, insbesondere in der Chirurgie.<\/p>\n<p>Seit einigen Jahren befindet sich der Operationssaal aufgrund der st\u00e4ndigen Weiterentwicklung der Operationstechniken, die neue, weniger invasive und ambulante Behandlungen erm\u00f6glichen, einem kontinuierlichen Wandel.<\/p>\n<p>Die Augenkrankenpflege \u00fcbt ihre Arbeit in einem hochtechnisierten Umfeld aus und muss ihre Rolle an neue Bed\u00fcrfnisse anpassen, ohne dabei aus den Augen zu verlieren, dass ihre Ziele darin bestehen, die Sicherheit der Patienten zu gew\u00e4hrleisten und eine umfassende Versorgung zu gew\u00e4hrleisten.[\/vc_column_text][divider line_type=&#8220;No Line&#8220;][divider line_type=&#8220;No Line&#8220;][\/vc_column][\/vc_row]\n","protected":false},"excerpt":{"rendered":"<p>[vc_row type=&#8220;in_container&#8220; full_screen_row_position=&#8220;middle&#8220; column_margin=&#8220;default&#8220; column_direction=&#8220;default&#8220; column_direction_tablet=&#8220;default&#8220; column_direction_phone=&#8220;default&#8220; scene_position=&#8220;center&#8220; text_color=&#8220;dark&#8220; text_align=&#8220;left&#8220; row_border_radius=&#8220;none&#8220; row_border_radius_applies=&#8220;bg&#8220; id=&#8220;sec_1_especialidades&#8220; overlay_strength=&#8220;0.3&#8243; gradient_direction=&#8220;left_to_right&#8220; shape_divider_position=&#8220;bottom&#8220; bg_image_animation=&#8220;none&#8220; shape_type=&#8220;&#8220;][vc_column column_padding=&#8220;no-extra-padding&#8220; column_padding_tablet=&#8220;inherit&#8220; column_padding_phone=&#8220;inherit&#8220; column_padding_position=&#8220;all&#8220; background_color_opacity=&#8220;1&#8243; background_hover_color_opacity=&#8220;1&#8243; column_shadow=&#8220;none&#8220; column_border_radius=&#8220;none&#8220; column_link_target=&#8220;_self&#8220; gradient_direction=&#8220;left_to_right&#8220; overlay_strength=&#8220;0.3&#8243; width=&#8220;1\/1&#8243; tablet_width_inherit=&#8220;default&#8220; tablet_text_alignment=&#8220;default&#8220; phone_text_alignment=&#8220;default&#8220; column_border_width=&#8220;none&#8220; column_border_style=&#8220;solid&#8220; bg_image_animation=&#8220;none&#8220;][vc_column_text] Spezialit\u00e4ten &nbsp; Eine Vielzahl von Fachgebieten kennzeichnet die moderne Augenheilkunde, so dass sie in ihrer heutigen Praxis aus mehreren Gr\u00fcnden unverzichtbar ist: Die au\u00dfergew\u00f6hnliche&#8230;<\/p>\n","protected":false},"author":2,"featured_media":2863,"parent":0,"menu_order":0,"comment_status":"closed","ping_status":"closed","template":"","meta":{"footnotes":""},"class_list":["post-10541","page","type-page","status-publish","has-post-thumbnail"],"yoast_head":"<!-- This site is optimized with the Yoast SEO plugin v27.1.1 - https:\/\/yoast.com\/product\/yoast-seo-wordpress\/ -->\n<title>Oftalmedic Salv\u00e0 Spezialit\u00e4ten | Klinik f\u00fcr Augenheilkunde in Palma<\/title>\n<meta name=\"description\" content=\"Fachgebiete der Augenklinik Oftalmedic Salv\u00e0 in Palma: refraktive Chirurgie, Katarakt, Glaukom, Okuloplastik und Kinderophthalmologie auf Mallorca.\" \/>\n<meta name=\"robots\" content=\"index, follow, max-snippet:-1, max-image-preview:large, max-video-preview:-1\" \/>\n<link rel=\"canonical\" href=\"https:\/\/oftalmedic.es\/de\/spezialitaeten\/\" \/>\n<meta property=\"og:locale\" content=\"de_DE\" \/>\n<meta property=\"og:type\" content=\"article\" \/>\n<meta property=\"og:title\" content=\"Oftalmedic Salv\u00e0 Spezialit\u00e4ten | Klinik f\u00fcr Augenheilkunde in Palma\" \/>\n<meta property=\"og:description\" content=\"Fachgebiete der Augenklinik Oftalmedic Salv\u00e0 in Palma: refraktive Chirurgie, Katarakt, Glaukom, Okuloplastik und Kinderophthalmologie auf Mallorca.\" \/>\n<meta property=\"og:url\" content=\"https:\/\/oftalmedic.es\/de\/spezialitaeten\/\" \/>\n<meta property=\"og:site_name\" content=\"Oftalmedic Salv\u00e1\" \/>\n<meta property=\"article:publisher\" content=\"https:\/\/www.facebook.com\/OftalmedicSalva\/\" \/>\n<meta property=\"article:modified_time\" content=\"2025-07-04T08:31:38+00:00\" \/>\n<meta property=\"og:image\" content=\"https:\/\/oftalmedic.es\/wp-content\/uploads\/2018\/10\/sobre-clinica-oftalmedic-salva-1.jpg\" \/>\n\t<meta property=\"og:image:width\" content=\"1000\" \/>\n\t<meta property=\"og:image:height\" content=\"1053\" \/>\n\t<meta property=\"og:image:type\" content=\"image\/jpeg\" \/>\n<meta name=\"twitter:card\" content=\"summary_large_image\" \/>\n<meta name=\"twitter:site\" content=\"@OftalmedicSalva\" \/>\n<meta name=\"twitter:label1\" content=\"Gesch\u00e4tzte Lesezeit\" \/>\n\t<meta name=\"twitter:data1\" content=\"3\u00a0Minuten\" \/>\n<script type=\"application\/ld+json\" class=\"yoast-schema-graph\">{\"@context\":\"https:\/\/schema.org\",\"@graph\":[{\"@type\":\"WebPage\",\"@id\":\"https:\/\/oftalmedic.es\/de\/spezialitaeten\/\",\"url\":\"https:\/\/oftalmedic.es\/de\/spezialitaeten\/\",\"name\":\"Oftalmedic Salv\u00e0 Spezialit\u00e4ten | Klinik f\u00fcr Augenheilkunde in Palma\",\"isPartOf\":{\"@id\":\"https:\/\/oftalmedic.es\/de\/#website\"},\"primaryImageOfPage\":{\"@id\":\"https:\/\/oftalmedic.es\/de\/spezialitaeten\/#primaryimage\"},\"image\":{\"@id\":\"https:\/\/oftalmedic.es\/de\/spezialitaeten\/#primaryimage\"},\"thumbnailUrl\":\"https:\/\/oftalmedic.es\/wp-content\/uploads\/2018\/10\/sobre-clinica-oftalmedic-salva-1.jpg\",\"datePublished\":\"2025-06-25T08:08:52+00:00\",\"dateModified\":\"2025-07-04T08:31:38+00:00\",\"description\":\"Fachgebiete der Augenklinik Oftalmedic Salv\u00e0 in Palma: refraktive Chirurgie, Katarakt, Glaukom, Okuloplastik und Kinderophthalmologie auf Mallorca.\",\"breadcrumb\":{\"@id\":\"https:\/\/oftalmedic.es\/de\/spezialitaeten\/#breadcrumb\"},\"inLanguage\":\"de\",\"potentialAction\":[{\"@type\":\"ReadAction\",\"target\":[\"https:\/\/oftalmedic.es\/de\/spezialitaeten\/\"]}]},{\"@type\":\"ImageObject\",\"inLanguage\":\"de\",\"@id\":\"https:\/\/oftalmedic.es\/de\/spezialitaeten\/#primaryimage\",\"url\":\"https:\/\/oftalmedic.es\/wp-content\/uploads\/2018\/10\/sobre-clinica-oftalmedic-salva-1.jpg\",\"contentUrl\":\"https:\/\/oftalmedic.es\/wp-content\/uploads\/2018\/10\/sobre-clinica-oftalmedic-salva-1.jpg\",\"width\":1000,\"height\":1053,\"caption\":\"especialidades Cl\u00ednica Salv\u00e0 Oftalmedic\"},{\"@type\":\"BreadcrumbList\",\"@id\":\"https:\/\/oftalmedic.es\/de\/spezialitaeten\/#breadcrumb\",\"itemListElement\":[{\"@type\":\"ListItem\",\"position\":1,\"name\":\"Portada\",\"item\":\"https:\/\/oftalmedic.es\/de\/\"},{\"@type\":\"ListItem\",\"position\":2,\"name\":\"Spezialit\u00e4ten\"}]},{\"@type\":\"WebSite\",\"@id\":\"https:\/\/oftalmedic.es\/de\/#website\",\"url\":\"https:\/\/oftalmedic.es\/de\/\",\"name\":\"Oftalmedic Salv\u00e1\",\"description\":\"Red de cl\u00ednicas oftalmol\u00f3gicas de referencia en Baleares. Pionera en tecnolog\u00eda l\u00e1ser para cirug\u00eda de cataratas y correcci\u00f3n de la miop\u00eda, hipermetrop\u00eda, astigmatismo y presbicia o vista cansada.\",\"publisher\":{\"@id\":\"https:\/\/oftalmedic.es\/de\/#organization\"},\"potentialAction\":[{\"@type\":\"SearchAction\",\"target\":{\"@type\":\"EntryPoint\",\"urlTemplate\":\"https:\/\/oftalmedic.es\/de\/?s={search_term_string}\"},\"query-input\":{\"@type\":\"PropertyValueSpecification\",\"valueRequired\":true,\"valueName\":\"search_term_string\"}}],\"inLanguage\":\"de\"},{\"@type\":\"Organization\",\"@id\":\"https:\/\/oftalmedic.es\/de\/#organization\",\"name\":\"[wpseo_titles]company_Nombre\",\"url\":\"https:\/\/oftalmedic.es\/de\/\",\"logo\":{\"@type\":\"ImageObject\",\"inLanguage\":\"de\",\"@id\":\"https:\/\/oftalmedic.es\/de\/#\/schema\/logo\/image\/\",\"url\":\"https:\/\/oftalmedic.es\/wp-content\/uploads\/2018\/06\/logo-oftalmedic.png\",\"contentUrl\":\"https:\/\/oftalmedic.es\/wp-content\/uploads\/2018\/06\/logo-oftalmedic.png\",\"width\":200,\"height\":58,\"caption\":\"[wpseo_titles]company_Nombre\"},\"image\":{\"@id\":\"https:\/\/oftalmedic.es\/de\/#\/schema\/logo\/image\/\"},\"sameAs\":[\"https:\/\/www.facebook.com\/OftalmedicSalva\/\",\"https:\/\/x.com\/OftalmedicSalva\",\"https:\/\/www.instagram.com\/oftalmedic_salva\",\"https:\/\/www.youtube.com\/channel\/UCWrAdUQk6ZmrfVUqBwX0cug\",\"https:\/\/www.linkedin.com\/company\/oftalmedic-clnica-salv\/\"]}]}<\/script>\n<!-- \/ Yoast SEO plugin. -->","yoast_head_json":{"title":"Oftalmedic Salv\u00e0 Spezialit\u00e4ten | Klinik f\u00fcr Augenheilkunde in Palma","description":"Fachgebiete der Augenklinik Oftalmedic Salv\u00e0 in Palma: refraktive Chirurgie, Katarakt, Glaukom, Okuloplastik und Kinderophthalmologie auf Mallorca.","robots":{"index":"index","follow":"follow","max-snippet":"max-snippet:-1","max-image-preview":"max-image-preview:large","max-video-preview":"max-video-preview:-1"},"canonical":"https:\/\/oftalmedic.es\/de\/spezialitaeten\/","og_locale":"de_DE","og_type":"article","og_title":"Oftalmedic Salv\u00e0 Spezialit\u00e4ten | Klinik f\u00fcr Augenheilkunde in Palma","og_description":"Fachgebiete der Augenklinik Oftalmedic Salv\u00e0 in Palma: refraktive Chirurgie, Katarakt, Glaukom, Okuloplastik und Kinderophthalmologie auf Mallorca.","og_url":"https:\/\/oftalmedic.es\/de\/spezialitaeten\/","og_site_name":"Oftalmedic Salv\u00e1","article_publisher":"https:\/\/www.facebook.com\/OftalmedicSalva\/","article_modified_time":"2025-07-04T08:31:38+00:00","og_image":[{"width":1000,"height":1053,"url":"https:\/\/oftalmedic.es\/wp-content\/uploads\/2018\/10\/sobre-clinica-oftalmedic-salva-1.jpg","type":"image\/jpeg"}],"twitter_card":"summary_large_image","twitter_site":"@OftalmedicSalva","twitter_misc":{"Gesch\u00e4tzte Lesezeit":"3\u00a0Minuten"},"schema":{"@context":"https:\/\/schema.org","@graph":[{"@type":"WebPage","@id":"https:\/\/oftalmedic.es\/de\/spezialitaeten\/","url":"https:\/\/oftalmedic.es\/de\/spezialitaeten\/","name":"Oftalmedic Salv\u00e0 Spezialit\u00e4ten | Klinik f\u00fcr Augenheilkunde in Palma","isPartOf":{"@id":"https:\/\/oftalmedic.es\/de\/#website"},"primaryImageOfPage":{"@id":"https:\/\/oftalmedic.es\/de\/spezialitaeten\/#primaryimage"},"image":{"@id":"https:\/\/oftalmedic.es\/de\/spezialitaeten\/#primaryimage"},"thumbnailUrl":"https:\/\/oftalmedic.es\/wp-content\/uploads\/2018\/10\/sobre-clinica-oftalmedic-salva-1.jpg","datePublished":"2025-06-25T08:08:52+00:00","dateModified":"2025-07-04T08:31:38+00:00","description":"Fachgebiete der Augenklinik Oftalmedic Salv\u00e0 in Palma: refraktive Chirurgie, Katarakt, Glaukom, Okuloplastik und Kinderophthalmologie auf Mallorca.","breadcrumb":{"@id":"https:\/\/oftalmedic.es\/de\/spezialitaeten\/#breadcrumb"},"inLanguage":"de","potentialAction":[{"@type":"ReadAction","target":["https:\/\/oftalmedic.es\/de\/spezialitaeten\/"]}]},{"@type":"ImageObject","inLanguage":"de","@id":"https:\/\/oftalmedic.es\/de\/spezialitaeten\/#primaryimage","url":"https:\/\/oftalmedic.es\/wp-content\/uploads\/2018\/10\/sobre-clinica-oftalmedic-salva-1.jpg","contentUrl":"https:\/\/oftalmedic.es\/wp-content\/uploads\/2018\/10\/sobre-clinica-oftalmedic-salva-1.jpg","width":1000,"height":1053,"caption":"especialidades Cl\u00ednica Salv\u00e0 Oftalmedic"},{"@type":"BreadcrumbList","@id":"https:\/\/oftalmedic.es\/de\/spezialitaeten\/#breadcrumb","itemListElement":[{"@type":"ListItem","position":1,"name":"Portada","item":"https:\/\/oftalmedic.es\/de\/"},{"@type":"ListItem","position":2,"name":"Spezialit\u00e4ten"}]},{"@type":"WebSite","@id":"https:\/\/oftalmedic.es\/de\/#website","url":"https:\/\/oftalmedic.es\/de\/","name":"Oftalmedic Salv\u00e1","description":"Red de cl\u00ednicas oftalmol\u00f3gicas de referencia en Baleares. Pionera en tecnolog\u00eda l\u00e1ser para cirug\u00eda de cataratas y correcci\u00f3n de la miop\u00eda, hipermetrop\u00eda, astigmatismo y presbicia o vista cansada.","publisher":{"@id":"https:\/\/oftalmedic.es\/de\/#organization"},"potentialAction":[{"@type":"SearchAction","target":{"@type":"EntryPoint","urlTemplate":"https:\/\/oftalmedic.es\/de\/?s={search_term_string}"},"query-input":{"@type":"PropertyValueSpecification","valueRequired":true,"valueName":"search_term_string"}}],"inLanguage":"de"},{"@type":"Organization","@id":"https:\/\/oftalmedic.es\/de\/#organization","name":"[wpseo_titles]company_Nombre","url":"https:\/\/oftalmedic.es\/de\/","logo":{"@type":"ImageObject","inLanguage":"de","@id":"https:\/\/oftalmedic.es\/de\/#\/schema\/logo\/image\/","url":"https:\/\/oftalmedic.es\/wp-content\/uploads\/2018\/06\/logo-oftalmedic.png","contentUrl":"https:\/\/oftalmedic.es\/wp-content\/uploads\/2018\/06\/logo-oftalmedic.png","width":200,"height":58,"caption":"[wpseo_titles]company_Nombre"},"image":{"@id":"https:\/\/oftalmedic.es\/de\/#\/schema\/logo\/image\/"},"sameAs":["https:\/\/www.facebook.com\/OftalmedicSalva\/","https:\/\/x.com\/OftalmedicSalva","https:\/\/www.instagram.com\/oftalmedic_salva","https:\/\/www.youtube.com\/channel\/UCWrAdUQk6ZmrfVUqBwX0cug","https:\/\/www.linkedin.com\/company\/oftalmedic-clnica-salv\/"]}]}},"_links":{"self":[{"href":"https:\/\/oftalmedic.es\/de\/wp-json\/wp\/v2\/pages\/10541","targetHints":{"allow":["GET"]}}],"collection":[{"href":"https:\/\/oftalmedic.es\/de\/wp-json\/wp\/v2\/pages"}],"about":[{"href":"https:\/\/oftalmedic.es\/de\/wp-json\/wp\/v2\/types\/page"}],"author":[{"embeddable":true,"href":"https:\/\/oftalmedic.es\/de\/wp-json\/wp\/v2\/users\/2"}],"replies":[{"embeddable":true,"href":"https:\/\/oftalmedic.es\/de\/wp-json\/wp\/v2\/comments?post=10541"}],"version-history":[{"count":0,"href":"https:\/\/oftalmedic.es\/de\/wp-json\/wp\/v2\/pages\/10541\/revisions"}],"wp:featuredmedia":[{"embeddable":true,"href":"https:\/\/oftalmedic.es\/de\/wp-json\/wp\/v2\/media\/2863"}],"wp:attachment":[{"href":"https:\/\/oftalmedic.es\/de\/wp-json\/wp\/v2\/media?parent=10541"}],"curies":[{"name":"wp","href":"https:\/\/api.w.org\/{rel}","templated":true}]}}