{"id":11551,"date":"2025-07-07T06:55:39","date_gmt":"2025-07-07T06:55:39","guid":{"rendered":"https:\/\/oftalmedic.rwdesarrollos.es\/team\/dra-pilar-cirimarco\/"},"modified":"2025-11-07T10:43:46","modified_gmt":"2025-11-07T10:43:46","slug":"dra-pilar-cirimarco","status":"publish","type":"page","link":"https:\/\/oftalmedic.es\/de\/equipo\/dra-pilar-cirimarco\/","title":{"rendered":"Dra. Pilar Cirimarco"},"content":{"rendered":"[vc_row type=&#8220;in_container&#8220; full_screen_row_position=&#8220;middle&#8220; column_margin=&#8220;default&#8220; column_direction=&#8220;default&#8220; column_direction_tablet=&#8220;default&#8220; column_direction_phone=&#8220;default&#8220; scene_position=&#8220;center&#8220; bottom_padding=&#8220;30&#8243; text_color=&#8220;dark&#8220; text_align=&#8220;left&#8220; row_border_radius=&#8220;none&#8220; row_border_radius_applies=&#8220;bg&#8220; overflow=&#8220;visible&#8220; overlay_strength=&#8220;0.3&#8243; gradient_direction=&#8220;left_to_right&#8220; shape_divider_position=&#8220;bottom&#8220; bg_image_animation=&#8220;none&#8220; shape_type=&#8220;&#8220;][vc_column column_padding=&#8220;no-extra-padding&#8220; column_padding_tablet=&#8220;inherit&#8220; column_padding_phone=&#8220;inherit&#8220; column_padding_position=&#8220;all&#8220; column_element_direction_desktop=&#8220;default&#8220; column_element_spacing=&#8220;default&#8220; desktop_text_alignment=&#8220;default&#8220; tablet_text_alignment=&#8220;default&#8220; phone_text_alignment=&#8220;default&#8220; background_color_opacity=&#8220;1&#8243; background_hover_color_opacity=&#8220;1&#8243; column_backdrop_filter=&#8220;none&#8220; column_shadow=&#8220;none&#8220; column_border_radius=&#8220;none&#8220; column_link_target=&#8220;_self&#8220; column_position=&#8220;default&#8220; gradient_direction=&#8220;left_to_right&#8220; overlay_strength=&#8220;0.3&#8243; width=&#8220;2\/3&#8243; tablet_width_inherit=&#8220;default&#8220; animation_type=&#8220;default&#8220; bg_image_animation=&#8220;none&#8220; border_type=&#8220;simple&#8220; column_border_width=&#8220;none&#8220; column_border_style=&#8220;solid&#8220;][vc_row_inner column_margin=&#8220;default&#8220; column_direction=&#8220;default&#8220; column_direction_tablet=&#8220;default&#8220; column_direction_phone=&#8220;default&#8220; text_align=&#8220;left&#8220; row_position=&#8220;default&#8220; row_position_tablet=&#8220;inherit&#8220; row_position_phone=&#8220;inherit&#8220; overflow=&#8220;visible&#8220; pointer_events=&#8220;all&#8220;][vc_column_inner column_padding=&#8220;no-extra-padding&#8220; column_padding_tablet=&#8220;inherit&#8220; column_padding_phone=&#8220;inherit&#8220; column_padding_position=&#8220;all&#8220; column_element_direction_desktop=&#8220;default&#8220; column_element_spacing=&#8220;default&#8220; desktop_text_alignment=&#8220;default&#8220; tablet_text_alignment=&#8220;default&#8220; phone_text_alignment=&#8220;default&#8220; background_color_opacity=&#8220;1&#8243; background_hover_color_opacity=&#8220;1&#8243; column_backdrop_filter=&#8220;none&#8220; column_shadow=&#8220;none&#8220; column_border_radius=&#8220;none&#8220; column_link_target=&#8220;_self&#8220; overflow=&#8220;visible&#8220; gradient_direction=&#8220;left_to_right&#8220; overlay_strength=&#8220;0.3&#8243; width=&#8220;1\/3&#8243; tablet_width_inherit=&#8220;default&#8220; animation_type=&#8220;default&#8220; bg_image_animation=&#8220;none&#8220; border_type=&#8220;simple&#8220; column_border_width=&#8220;none&#8220; column_border_style=&#8220;solid&#8220;][image_with_animation image_url=&#8220;8842&#8243; image_size=&#8220;full&#8220; animation_type=&#8220;entrance&#8220; animation=&#8220;Fade In&#8220; animation_easing=&#8220;default&#8220; animation_movement_type=&#8220;transform_y&#8220; hover_animation=&#8220;none&#8220; alignment=&#8220;&#8220; border_radius=&#8220;none&#8220; box_shadow=&#8220;none&#8220; image_loading=&#8220;default&#8220; max_width=&#8220;100%&#8220; max_width_mobile=&#8220;default&#8220;][\/vc_column_inner][vc_column_inner column_padding=&#8220;no-extra-padding&#8220; column_padding_tablet=&#8220;inherit&#8220; column_padding_phone=&#8220;inherit&#8220; column_padding_position=&#8220;all&#8220; column_element_direction_desktop=&#8220;default&#8220; column_element_spacing=&#8220;default&#8220; desktop_text_alignment=&#8220;default&#8220; tablet_text_alignment=&#8220;default&#8220; phone_text_alignment=&#8220;default&#8220; background_color_opacity=&#8220;1&#8243; background_hover_color_opacity=&#8220;1&#8243; column_backdrop_filter=&#8220;none&#8220; column_shadow=&#8220;none&#8220; column_border_radius=&#8220;none&#8220; column_link_target=&#8220;_self&#8220; overflow=&#8220;visible&#8220; gradient_direction=&#8220;left_to_right&#8220; overlay_strength=&#8220;0.3&#8243; width=&#8220;2\/3&#8243; tablet_width_inherit=&#8220;default&#8220; animation_type=&#8220;default&#8220; bg_image_animation=&#8220;none&#8220; border_type=&#8220;simple&#8220; column_border_width=&#8220;none&#8220; column_border_style=&#8220;solid&#8220;][vc_column_text]\n<h1>Dra. Pilar Cirimarco <\/h1>\n<p>Anzahl der kollegialen Einrichtungen: 070711670[\/vc_column_text][divider line_type=&#8220;Small Line&#8220; line_alignment=&#8220;default&#8220; line_thickness=&#8220;4&#8243; divider_color=&#8220;default&#8220; animate=&#8220;yes&#8220; custom_height=&#8220;30&#8243;][vc_column_text]\n<h5>Ausbildung und Qualifikationen<\/h5>\n<ul>\n<li>Abschluss in Medizin an der Universit\u00e4t von Buenos Aires (UBA), Argentinien, 2012. In Spanien homologierter Abschluss. <\/li>\n<li>Facharzt f\u00fcr Augenheilkunde am Hospital de Agudos Dr. Ignacio Pirovano, Argentinien, 2018. In Spanien anerkannte Qualifikation. <\/li>\n<li>Ad Honorem Medical Rotator in der Abteilung f\u00fcr refraktive Chirurgie und der Hornhautabteilung des Katalanischen Retina-Instituts (ICR), 2017.<\/li>\n<li>Ad Honorem Medical Rotator in der Uveitis- und Cornea-Abteilung des Hospital de Cl\u00ednicas Jos\u00e9 de San Mart\u00edn, 2015-2017.<\/li>\n<li>Ad Honorem Medical Rotator in der Glaukomabteilung des Hospital Oftalmol\u00f3gico Santa Lucia, 2015-2017.<\/li>\n<li>Facharztausbildung an der Universit\u00e4t Buenos Aires (UBA) und der Augenklinik Santa Luc\u00eda, Argentinien, 2014\u20132016.<\/li>\n<\/ul>\n<h5>Berufserfahrung<\/h5>\n<ul>\n<li>Augenarzt bei Oftalmedic Salv\u00e0 seit 2023.<\/li>\n<li>Assistenzarzt in der Abteilung f\u00fcr Augenheilkunde des Hospital Universitari Son Espases seit 2023.<\/li>\n<li>Allgemeine und medizinische augen\u00e4rztliche Beratung im augen\u00e4rztlichen Bereitschaftsdienst in der privaten Gesundheitsversorgung, Palma de Mallorca, 2021-2023.<\/li>\n<li>Ophthalmologisches Labor f\u00fcr diagnostische Bildgebung &#8222;Fundus&#8220;, 2017-2021.<\/li>\n<li>Facharzt f\u00fcr Ophthalmologie f\u00fcr station\u00e4re Patienten in der Cl\u00ednica de los Virreyes, Argentinien, 2014-2021.<\/li>\n<li>Allgemeine ophthalmologische Sprechstunde in Mutuas y Prepagas, Argentinien, 2014-2021.<\/li>\n<li>Chirurgische T\u00e4tigkeit und Konsultationen in der Abteilung f\u00fcr vordere Augenabschnitte der Cl\u00ednica San Camilo, Argentinien, 2018-2020.<\/li>\n<li>Laserabteilung des Centro Oftalmol\u00f3gico Diagn\u00f3stico Dr Negri, Argentinien, 2017-2020.<\/li>\n<li>Allgemeinmedizinerin im medizinischen Dienst der Schule des Instituts San Roman, Argentinien, 2014-2020.<\/li>\n<li>Chirurgische T\u00e4tigkeit und allgemeine ophthalmologische Konsultationen in der Cl\u00ednica Cemep, Argentinien, 2018-2019.<\/li>\n<li>Arzt in der augen\u00e4rztlichen Notaufnahme des Centro Oftalmol\u00f3gico Diagn\u00f3stico, Argentinien, 2015-2017.<\/li>\n<\/ul>\n<h5>Wissenschaftliche Aktivit\u00e4ten<\/h5>\n<ul>\n<li>Posterpr\u00e4sentation auf dem 41. ESCRS-Kongress 2023. Presentaci\u00f3n de Reporte de Caso: &#8222;Bilateral dense peripheral corneal clouding like Fish eye syndrome (FED) in healthy female patient&#8220;, Austria, 2023. <\/li>\n<li>Referent auf dem 40. ESCRS-Kongress 2022. Presentaci\u00f3n de Reporte de Caso: &#8222;Topical Insulin Eye Drops For Treating Persistent Corneal Epithelial Lesion Developed In A Rejected Penetrating Keratoplasty&#8220;, Italia, 2022. <\/li>\n<li>Koordinatorin und Dozentin des internationalen REBECOS-Moduls. ABC-Webinarreihe des Argentinischen Rates f\u00fcr Augenheilkunde, 2021. <\/li>\n<li>Koordinatorin des Moduls &#8220; Ophthalmologische Ern\u00e4hrung&#8220; auf dem argentinischen Jahreskongress f\u00fcr junge Menschen und REBECOS, argentinischer Rat f\u00fcr Augenheilkunde, 2020.<\/li>\n<li>Koordinatorin und Moderatorin des Wettbewerbsmoduls &#8222;Jugendspiel&#8220; auf dem j\u00e4hrlichen argentinischen Jugendkongress und REBECOS, Argentinischer Rat f\u00fcr Augenheilkunde, 2020.<\/li>\n<li>Kolumnist im wissenschaftlichen Portal der Orthomolekularen Medizin. Fachbereich Ophthalmologie, OMOL-Orthomolekulares Online-Portal. <\/li>\n<li>Dozentin beim j\u00e4hrlichen Fortbildungstag \u00fcber Methoden der diagnostischen Bildgebung. Pr\u00e4sentation von Tumorpathologien in der Ultraschalldiagnostik, Fundus Auditorium, Argentinien, 2018. <\/li>\n<li>Dozentin beim j\u00e4hrlichen Fortbildungstag \u00fcber diagnostische Bildgebungsverfahren. Pr\u00e4sentation von h\u00e4ufigen diagnostischen Pathologien Ultraschall-Ekometrie-IOL Master, Fundus Auditorium, Argentinien, 2018. <\/li>\n<li>Erster Preis f\u00fcr das wissenschaftliche Poster &#8222;Malignes Glaukom nach Hyaloidotomie und Vitrektomie in Verbindung mit erh\u00f6hter statischer und dynamischer Aderhautdicke&#8220;. Argentine Glaucoma Association, Biennial Glaucoma Congress, Argentinien, 2016. <\/li>\n<li>Erster Preis f\u00fcr das wissenschaftliche Poster &#8222;Acquired papilla fossa in Primary Open Angle Glaucoma&#8220;. Argentinische Gesellschaft f\u00fcr Ophthalmologie, Jahreskongress f\u00fcr Ophthalmologie, Argentinien, 2016. <\/li>\n<li>Vortragende bei der Jahrestagung des argentinischen Strabismus-Zentrums. Pr\u00e4sentation eines Falles von dysthyreoter Ophthalmopathie, Klaus Pfortner Auditorium, Argentinien, 2016. <\/li>\n<li>Vortragende bei der Jahrestagung des argentinischen Strabismus-Zentrums. Pr\u00e4sentation eines Falles von Esotropie, Klaus Pfortner Auditorium, Argentinien, 2015. <\/li>\n<li>Ad Honorem Ad Honorem erster Dozent im Fach Ophthalmologie. Abteilung f\u00fcr Chirurgie an der Unidad Docente Hospitalaria, Sede Hospital Dr. Ignacio Pirovano, Universidad de Buenos Aires, 2014-2019. <\/li>\n<li>Referent auf dem Interhospital Athenaeum. Pr\u00e4sentation eines Falles von Pseudoxanthoma Elasticum, Argentinischer \u00c4rzteverband (AMA), Argentinische Gesellschaft f\u00fcr Augenheilkunde, Argentinien, 2013. <\/li>\n<\/ul>\n<h5>Sprachen<\/h5>\n<p>Spanisch, Englisch, Italienisch.[\/vc_column_text][nectar_btn size=&#8220;small&#8220; button_style=&#8220;regular&#8220; button_color_2=&#8220;Accent-Color&#8220; icon_family=&#8220;none&#8220; url=&#8220;\/equipo\/&#8220; text=&#8220;MEDIZINISCHES TEAM&#8220; margin_top=&#8220;30px&#8220;][\/vc_column_inner][\/vc_row_inner][\/vc_column][vc_column column_padding=&#8220;padding-2-percent&#8220; column_padding_tablet=&#8220;inherit&#8220; column_padding_phone=&#8220;inherit&#8220; column_padding_position=&#8220;left-right&#8220; column_element_direction_desktop=&#8220;default&#8220; column_element_spacing=&#8220;default&#8220; desktop_text_alignment=&#8220;default&#8220; tablet_text_alignment=&#8220;default&#8220; phone_text_alignment=&#8220;default&#8220; background_color_opacity=&#8220;1&#8243; background_hover_color_opacity=&#8220;1&#8243; column_backdrop_filter=&#8220;none&#8220; column_shadow=&#8220;none&#8220; column_border_radius=&#8220;none&#8220; column_link_target=&#8220;_self&#8220; column_position=&#8220;default&#8220; gradient_direction=&#8220;left_to_right&#8220; overlay_strength=&#8220;0.3&#8243; width=&#8220;1\/3&#8243; tablet_width_inherit=&#8220;default&#8220; animation_type=&#8220;default&#8220; bg_image_animation=&#8220;none&#8220; border_type=&#8220;simple&#8220; column_border_width=&#8220;none&#8220; column_border_style=&#8220;solid&#8220;][vc_column_text css=&#8220;.vc_custom_1762512015723{padding-top: 20px !important;padding-right: 20px !important;padding-bottom: 20px !important;padding-left: 20px !important;background-color: #f8f8f8 !important;}&#8220;]\n<h5><strong>Fachgebiete <\/strong><\/h5>\n<ul>\n<li><a href=\"https:\/\/oftalmedic.es\/de\/oftalmologia-general\/\" target=\"_blank\" rel=\"noopener\">Allgemeine Augenheilkunde<\/a><\/li>\n<li class=\"m_3265373467215399838MsoListParagraph\"><a href=\"https:\/\/oftalmedic.es\/de\/cirugia-refractiva\/\" target=\"_blank\" rel=\"noopener\">Refraktive Chirurgie<\/a><\/li>\n<li><a href=\"https:\/\/oftalmedic.es\/de\/cataratas\/\" target=\"_blank\" rel=\"noopener\">Behandlung des Grauen Stars<\/a><\/li>\n<\/ul>\n[\/vc_column_text][divider line_type=&#8220;No Line&#8220;][\/vc_column][\/vc_row]\n","protected":false},"excerpt":{"rendered":"<p>[vc_row type=&#8220;in_container&#8220; full_screen_row_position=&#8220;middle&#8220; column_margin=&#8220;default&#8220; column_direction=&#8220;default&#8220; column_direction_tablet=&#8220;default&#8220; column_direction_phone=&#8220;default&#8220; scene_position=&#8220;center&#8220; bottom_padding=&#8220;30&#8243; text_color=&#8220;dark&#8220; text_align=&#8220;left&#8220; row_border_radius=&#8220;none&#8220; row_border_radius_applies=&#8220;bg&#8220; overflow=&#8220;visible&#8220; overlay_strength=&#8220;0.3&#8243; gradient_direction=&#8220;left_to_right&#8220; shape_divider_position=&#8220;bottom&#8220; bg_image_animation=&#8220;none&#8220; shape_type=&#8220;&#8220;][vc_column column_padding=&#8220;no-extra-padding&#8220; column_padding_tablet=&#8220;inherit&#8220; column_padding_phone=&#8220;inherit&#8220; column_padding_position=&#8220;all&#8220; column_element_direction_desktop=&#8220;default&#8220; column_element_spacing=&#8220;default&#8220; desktop_text_alignment=&#8220;default&#8220; tablet_text_alignment=&#8220;default&#8220; phone_text_alignment=&#8220;default&#8220; background_color_opacity=&#8220;1&#8243; background_hover_color_opacity=&#8220;1&#8243; column_backdrop_filter=&#8220;none&#8220; column_shadow=&#8220;none&#8220; column_border_radius=&#8220;none&#8220; column_link_target=&#8220;_self&#8220; column_position=&#8220;default&#8220; gradient_direction=&#8220;left_to_right&#8220; overlay_strength=&#8220;0.3&#8243; width=&#8220;2\/3&#8243; tablet_width_inherit=&#8220;default&#8220; animation_type=&#8220;default&#8220; bg_image_animation=&#8220;none&#8220; border_type=&#8220;simple&#8220; column_border_width=&#8220;none&#8220; column_border_style=&#8220;solid&#8220;][vc_row_inner column_margin=&#8220;default&#8220; column_direction=&#8220;default&#8220; column_direction_tablet=&#8220;default&#8220; column_direction_phone=&#8220;default&#8220; text_align=&#8220;left&#8220; row_position=&#8220;default&#8220; row_position_tablet=&#8220;inherit&#8220; row_position_phone=&#8220;inherit&#8220; overflow=&#8220;visible&#8220; pointer_events=&#8220;all&#8220;][vc_column_inner column_padding=&#8220;no-extra-padding&#8220; column_padding_tablet=&#8220;inherit&#8220; column_padding_phone=&#8220;inherit&#8220; column_padding_position=&#8220;all&#8220; column_element_direction_desktop=&#8220;default&#8220; column_element_spacing=&#8220;default&#8220;&#8230;<\/p>\n","protected":false},"author":5,"featured_media":0,"parent":12465,"menu_order":0,"comment_status":"closed","ping_status":"closed","template":"","meta":{"footnotes":""},"class_list":["post-11551","page","type-page","status-publish"],"yoast_head":"<!-- This site is optimized with the Yoast SEO plugin v27.1.1 - https:\/\/yoast.com\/product\/yoast-seo-wordpress\/ -->\n<title>Dr. Pilar Cirimarco | Refraktive Chirurgie und Kataraktbehandlung<\/title>\n<meta name=\"description\" content=\"Dr. Pilar Cirimarco. Augen\u00e4rztin mit Spezialisierung auf refraktive Chirurgie und Kataraktbehandlung in Palma de Mallorca.\" \/>\n<meta name=\"robots\" content=\"index, follow, max-snippet:-1, max-image-preview:large, max-video-preview:-1\" \/>\n<link rel=\"canonical\" href=\"https:\/\/oftalmedic.es\/de\/equipo\/dra-pilar-cirimarco\/\" \/>\n<meta property=\"og:locale\" content=\"de_DE\" \/>\n<meta property=\"og:type\" content=\"article\" \/>\n<meta property=\"og:title\" content=\"Dr. Pilar Cirimarco | Refraktive Chirurgie und Kataraktbehandlung\" \/>\n<meta property=\"og:description\" content=\"Dr. Pilar Cirimarco. Augen\u00e4rztin mit Spezialisierung auf refraktive Chirurgie und Kataraktbehandlung in Palma de Mallorca.\" \/>\n<meta property=\"og:url\" content=\"https:\/\/oftalmedic.es\/de\/equipo\/dra-pilar-cirimarco\/\" \/>\n<meta property=\"og:site_name\" content=\"Oftalmedic Salv\u00e1\" \/>\n<meta property=\"article:publisher\" content=\"https:\/\/www.facebook.com\/OftalmedicSalva\/\" \/>\n<meta property=\"article:modified_time\" content=\"2025-11-07T10:43:46+00:00\" \/>\n<meta name=\"twitter:card\" content=\"summary_large_image\" \/>\n<meta name=\"twitter:site\" content=\"@OftalmedicSalva\" \/>\n<meta name=\"twitter:label1\" content=\"Gesch\u00e4tzte Lesezeit\" \/>\n\t<meta name=\"twitter:data1\" content=\"6\u00a0Minuten\" \/>\n<script type=\"application\/ld+json\" class=\"yoast-schema-graph\">{\"@context\":\"https:\/\/schema.org\",\"@graph\":[{\"@type\":\"WebPage\",\"@id\":\"https:\/\/oftalmedic.es\/de\/equipo\/dra-pilar-cirimarco\/\",\"url\":\"https:\/\/oftalmedic.es\/de\/equipo\/dra-pilar-cirimarco\/\",\"name\":\"Dr. Pilar Cirimarco | Refraktive Chirurgie und Kataraktbehandlung\",\"isPartOf\":{\"@id\":\"https:\/\/oftalmedic.es\/de\/#website\"},\"datePublished\":\"2025-07-07T06:55:39+00:00\",\"dateModified\":\"2025-11-07T10:43:46+00:00\",\"description\":\"Dr. Pilar Cirimarco. Augen\u00e4rztin mit Spezialisierung auf refraktive Chirurgie und Kataraktbehandlung in Palma de Mallorca.\",\"breadcrumb\":{\"@id\":\"https:\/\/oftalmedic.es\/de\/equipo\/dra-pilar-cirimarco\/#breadcrumb\"},\"inLanguage\":\"de\",\"potentialAction\":[{\"@type\":\"ReadAction\",\"target\":[\"https:\/\/oftalmedic.es\/de\/equipo\/dra-pilar-cirimarco\/\"]}]},{\"@type\":\"BreadcrumbList\",\"@id\":\"https:\/\/oftalmedic.es\/de\/equipo\/dra-pilar-cirimarco\/#breadcrumb\",\"itemListElement\":[{\"@type\":\"ListItem\",\"position\":1,\"name\":\"Portada\",\"item\":\"https:\/\/oftalmedic.es\/de\/\"},{\"@type\":\"ListItem\",\"position\":2,\"name\":\"Equipo\",\"item\":\"https:\/\/oftalmedic.es\/de\/equipo\/\"},{\"@type\":\"ListItem\",\"position\":3,\"name\":\"Dra. Pilar Cirimarco\"}]},{\"@type\":\"WebSite\",\"@id\":\"https:\/\/oftalmedic.es\/de\/#website\",\"url\":\"https:\/\/oftalmedic.es\/de\/\",\"name\":\"Oftalmedic Salv\u00e1\",\"description\":\"Red de cl\u00ednicas oftalmol\u00f3gicas de referencia en Baleares. Pionera en tecnolog\u00eda l\u00e1ser para cirug\u00eda de cataratas y correcci\u00f3n de la miop\u00eda, hipermetrop\u00eda, astigmatismo y presbicia o vista cansada.\",\"publisher\":{\"@id\":\"https:\/\/oftalmedic.es\/de\/#organization\"},\"potentialAction\":[{\"@type\":\"SearchAction\",\"target\":{\"@type\":\"EntryPoint\",\"urlTemplate\":\"https:\/\/oftalmedic.es\/de\/?s={search_term_string}\"},\"query-input\":{\"@type\":\"PropertyValueSpecification\",\"valueRequired\":true,\"valueName\":\"search_term_string\"}}],\"inLanguage\":\"de\"},{\"@type\":\"Organization\",\"@id\":\"https:\/\/oftalmedic.es\/de\/#organization\",\"name\":\"[wpseo_titles]company_Nombre\",\"url\":\"https:\/\/oftalmedic.es\/de\/\",\"logo\":{\"@type\":\"ImageObject\",\"inLanguage\":\"de\",\"@id\":\"https:\/\/oftalmedic.es\/de\/#\/schema\/logo\/image\/\",\"url\":\"https:\/\/oftalmedic.es\/wp-content\/uploads\/2018\/06\/logo-oftalmedic.png\",\"contentUrl\":\"https:\/\/oftalmedic.es\/wp-content\/uploads\/2018\/06\/logo-oftalmedic.png\",\"width\":200,\"height\":58,\"caption\":\"[wpseo_titles]company_Nombre\"},\"image\":{\"@id\":\"https:\/\/oftalmedic.es\/de\/#\/schema\/logo\/image\/\"},\"sameAs\":[\"https:\/\/www.facebook.com\/OftalmedicSalva\/\",\"https:\/\/x.com\/OftalmedicSalva\",\"https:\/\/www.instagram.com\/oftalmedic_salva\",\"https:\/\/www.youtube.com\/channel\/UCWrAdUQk6ZmrfVUqBwX0cug\",\"https:\/\/www.linkedin.com\/company\/oftalmedic-clnica-salv\/\"]}]}<\/script>\n<!-- \/ Yoast SEO plugin. -->","yoast_head_json":{"title":"Dr. Pilar Cirimarco | Refraktive Chirurgie und Kataraktbehandlung","description":"Dr. Pilar Cirimarco. Augen\u00e4rztin mit Spezialisierung auf refraktive Chirurgie und Kataraktbehandlung in Palma de Mallorca.","robots":{"index":"index","follow":"follow","max-snippet":"max-snippet:-1","max-image-preview":"max-image-preview:large","max-video-preview":"max-video-preview:-1"},"canonical":"https:\/\/oftalmedic.es\/de\/equipo\/dra-pilar-cirimarco\/","og_locale":"de_DE","og_type":"article","og_title":"Dr. Pilar Cirimarco | Refraktive Chirurgie und Kataraktbehandlung","og_description":"Dr. Pilar Cirimarco. Augen\u00e4rztin mit Spezialisierung auf refraktive Chirurgie und Kataraktbehandlung in Palma de Mallorca.","og_url":"https:\/\/oftalmedic.es\/de\/equipo\/dra-pilar-cirimarco\/","og_site_name":"Oftalmedic Salv\u00e1","article_publisher":"https:\/\/www.facebook.com\/OftalmedicSalva\/","article_modified_time":"2025-11-07T10:43:46+00:00","twitter_card":"summary_large_image","twitter_site":"@OftalmedicSalva","twitter_misc":{"Gesch\u00e4tzte Lesezeit":"6\u00a0Minuten"},"schema":{"@context":"https:\/\/schema.org","@graph":[{"@type":"WebPage","@id":"https:\/\/oftalmedic.es\/de\/equipo\/dra-pilar-cirimarco\/","url":"https:\/\/oftalmedic.es\/de\/equipo\/dra-pilar-cirimarco\/","name":"Dr. Pilar Cirimarco | Refraktive Chirurgie und Kataraktbehandlung","isPartOf":{"@id":"https:\/\/oftalmedic.es\/de\/#website"},"datePublished":"2025-07-07T06:55:39+00:00","dateModified":"2025-11-07T10:43:46+00:00","description":"Dr. Pilar Cirimarco. Augen\u00e4rztin mit Spezialisierung auf refraktive Chirurgie und Kataraktbehandlung in Palma de Mallorca.","breadcrumb":{"@id":"https:\/\/oftalmedic.es\/de\/equipo\/dra-pilar-cirimarco\/#breadcrumb"},"inLanguage":"de","potentialAction":[{"@type":"ReadAction","target":["https:\/\/oftalmedic.es\/de\/equipo\/dra-pilar-cirimarco\/"]}]},{"@type":"BreadcrumbList","@id":"https:\/\/oftalmedic.es\/de\/equipo\/dra-pilar-cirimarco\/#breadcrumb","itemListElement":[{"@type":"ListItem","position":1,"name":"Portada","item":"https:\/\/oftalmedic.es\/de\/"},{"@type":"ListItem","position":2,"name":"Equipo","item":"https:\/\/oftalmedic.es\/de\/equipo\/"},{"@type":"ListItem","position":3,"name":"Dra. Pilar Cirimarco"}]},{"@type":"WebSite","@id":"https:\/\/oftalmedic.es\/de\/#website","url":"https:\/\/oftalmedic.es\/de\/","name":"Oftalmedic Salv\u00e1","description":"Red de cl\u00ednicas oftalmol\u00f3gicas de referencia en Baleares. Pionera en tecnolog\u00eda l\u00e1ser para cirug\u00eda de cataratas y correcci\u00f3n de la miop\u00eda, hipermetrop\u00eda, astigmatismo y presbicia o vista cansada.","publisher":{"@id":"https:\/\/oftalmedic.es\/de\/#organization"},"potentialAction":[{"@type":"SearchAction","target":{"@type":"EntryPoint","urlTemplate":"https:\/\/oftalmedic.es\/de\/?s={search_term_string}"},"query-input":{"@type":"PropertyValueSpecification","valueRequired":true,"valueName":"search_term_string"}}],"inLanguage":"de"},{"@type":"Organization","@id":"https:\/\/oftalmedic.es\/de\/#organization","name":"[wpseo_titles]company_Nombre","url":"https:\/\/oftalmedic.es\/de\/","logo":{"@type":"ImageObject","inLanguage":"de","@id":"https:\/\/oftalmedic.es\/de\/#\/schema\/logo\/image\/","url":"https:\/\/oftalmedic.es\/wp-content\/uploads\/2018\/06\/logo-oftalmedic.png","contentUrl":"https:\/\/oftalmedic.es\/wp-content\/uploads\/2018\/06\/logo-oftalmedic.png","width":200,"height":58,"caption":"[wpseo_titles]company_Nombre"},"image":{"@id":"https:\/\/oftalmedic.es\/de\/#\/schema\/logo\/image\/"},"sameAs":["https:\/\/www.facebook.com\/OftalmedicSalva\/","https:\/\/x.com\/OftalmedicSalva","https:\/\/www.instagram.com\/oftalmedic_salva","https:\/\/www.youtube.com\/channel\/UCWrAdUQk6ZmrfVUqBwX0cug","https:\/\/www.linkedin.com\/company\/oftalmedic-clnica-salv\/"]}]}},"_links":{"self":[{"href":"https:\/\/oftalmedic.es\/de\/wp-json\/wp\/v2\/pages\/11551","targetHints":{"allow":["GET"]}}],"collection":[{"href":"https:\/\/oftalmedic.es\/de\/wp-json\/wp\/v2\/pages"}],"about":[{"href":"https:\/\/oftalmedic.es\/de\/wp-json\/wp\/v2\/types\/page"}],"author":[{"embeddable":true,"href":"https:\/\/oftalmedic.es\/de\/wp-json\/wp\/v2\/users\/5"}],"replies":[{"embeddable":true,"href":"https:\/\/oftalmedic.es\/de\/wp-json\/wp\/v2\/comments?post=11551"}],"version-history":[{"count":0,"href":"https:\/\/oftalmedic.es\/de\/wp-json\/wp\/v2\/pages\/11551\/revisions"}],"up":[{"embeddable":true,"href":"https:\/\/oftalmedic.es\/de\/wp-json\/wp\/v2\/pages\/12465"}],"wp:attachment":[{"href":"https:\/\/oftalmedic.es\/de\/wp-json\/wp\/v2\/media?parent=11551"}],"curies":[{"name":"wp","href":"https:\/\/api.w.org\/{rel}","templated":true}]}}