{"id":11673,"date":"2025-07-08T07:16:10","date_gmt":"2025-07-08T07:16:10","guid":{"rendered":"https:\/\/oftalmedic.rwdesarrollos.es\/hinweis-auf-covid-19\/"},"modified":"2025-11-04T02:14:07","modified_gmt":"2025-11-04T02:14:07","slug":"hinweis-auf-covid-19","status":"publish","type":"page","link":"https:\/\/oftalmedic.es\/de\/hinweis-auf-covid-19\/","title":{"rendered":"Kommuniqu\u00e9 zum COVID-19"},"content":{"rendered":"[vc_row type=&#8220;full_width_background&#8220; full_screen_row_position=&#8220;middle&#8220; column_margin=&#8220;default&#8220; column_direction=&#8220;default&#8220; column_direction_tablet=&#8220;default&#8220; column_direction_phone=&#8220;default&#8220; bg_image=&#8220;6546&#8243; bg_position=&#8220;center top&#8220; background_image_loading=&#8220;default&#8220; bg_repeat=&#8220;no-repeat&#8220; scene_position=&#8220;center&#8220; top_padding=&#8220;15%&#8220; bottom_padding=&#8220;15%&#8220; text_color=&#8220;light&#8220; text_align=&#8220;left&#8220; row_border_radius=&#8220;none&#8220; row_border_radius_applies=&#8220;bg&#8220; overflow=&#8220;visible&#8220; color_overlay=&#8220;rgba(10,10,10,0.2)&#8220; overlay_strength=&#8220;1&#8243; gradient_direction=&#8220;left_to_right&#8220; shape_divider_position=&#8220;bottom&#8220; bg_image_animation=&#8220;none&#8220; shape_type=&#8220;&#8220;][vc_column column_padding=&#8220;no-extra-padding&#8220; column_padding_tablet=&#8220;inherit&#8220; column_padding_phone=&#8220;inherit&#8220; column_padding_position=&#8220;all&#8220; column_element_direction_desktop=&#8220;default&#8220; column_element_spacing=&#8220;default&#8220; desktop_text_alignment=&#8220;default&#8220; tablet_text_alignment=&#8220;default&#8220; phone_text_alignment=&#8220;default&#8220; background_color_opacity=&#8220;1&#8243; background_hover_color_opacity=&#8220;1&#8243; column_backdrop_filter=&#8220;none&#8220; column_shadow=&#8220;none&#8220; column_border_radius=&#8220;none&#8220; column_link_target=&#8220;_self&#8220; column_position=&#8220;default&#8220; gradient_direction=&#8220;left_to_right&#8220; overlay_strength=&#8220;0.3&#8243; width=&#8220;1\/1&#8243; tablet_width_inherit=&#8220;default&#8220; animation_type=&#8220;default&#8220; bg_image_animation=&#8220;none&#8220; border_type=&#8220;simple&#8220; column_border_width=&#8220;none&#8220; column_border_style=&#8220;solid&#8220;][\/vc_column][\/vc_row][vc_row type=&#8220;full_width_background&#8220; full_screen_row_position=&#8220;middle&#8220; column_margin=&#8220;default&#8220; column_direction=&#8220;default&#8220; column_direction_tablet=&#8220;default&#8220; column_direction_phone=&#8220;default&#8220; bg_color=&#8220;#ffffff&#8220; scene_position=&#8220;center&#8220; top_padding=&#8220;60&#8243; bottom_padding=&#8220;60&#8243; text_color=&#8220;dark&#8220; text_align=&#8220;left&#8220; row_border_radius=&#8220;none&#8220; row_border_radius_applies=&#8220;bg&#8220; overflow=&#8220;visible&#8220; overlay_strength=&#8220;1&#8243; gradient_direction=&#8220;left_to_right&#8220; shape_divider_position=&#8220;bottom&#8220; bg_image_animation=&#8220;none&#8220; shape_type=&#8220;&#8220;][vc_column column_padding=&#8220;no-extra-padding&#8220; column_padding_tablet=&#8220;inherit&#8220; column_padding_phone=&#8220;inherit&#8220; column_padding_position=&#8220;all&#8220; column_element_direction_desktop=&#8220;default&#8220; column_element_spacing=&#8220;default&#8220; desktop_text_alignment=&#8220;default&#8220; tablet_text_alignment=&#8220;default&#8220; phone_text_alignment=&#8220;default&#8220; background_color_opacity=&#8220;1&#8243; background_hover_color_opacity=&#8220;1&#8243; column_backdrop_filter=&#8220;none&#8220; column_shadow=&#8220;none&#8220; column_border_radius=&#8220;none&#8220; column_link_target=&#8220;_self&#8220; column_position=&#8220;default&#8220; gradient_direction=&#8220;left_to_right&#8220; overlay_strength=&#8220;0.3&#8243; width=&#8220;1\/1&#8243; tablet_width_inherit=&#8220;default&#8220; animation_type=&#8220;default&#8220; bg_image_animation=&#8220;none&#8220; border_type=&#8220;simple&#8220; column_border_width=&#8220;none&#8220; column_border_style=&#8220;solid&#8220;][vc_custom_heading text=&#8220;WICHTIGE ANK\u00dcNDIGUNG ZU COVID-19 F\u00dcR ALLE UNSERE PATIENTEN UND IHRE FAMILIEN&#8220; font_container=&#8220;tag:h1|text_align:left&#8220; use_theme_fonts=&#8220;yes&#8220;][divider line_type=&#8220;Small Line&#8220; line_alignment=&#8220;default&#8220; line_thickness=&#8220;8&#8243; divider_color=&#8220;default&#8220; animate=&#8220;yes&#8220; custom_height=&#8220;100&#8243; custom_line_width=&#8220;120&#8243;]<div class=\"nectar-fancy-ul\" data-list-icon=\"fa fa-angle-right\" data-animation=\"false\" data-animation-delay=\"0\" data-color=\"accent-color\" data-spacing=\"default\" data-alignment=\"left\"> In Anbetracht der beispiellosen <strong>Gesundheitskrise<\/strong>, die durch das Coronavirus (COVID-19) verursacht wurde und das ganze Land betrifft, und in Anbetracht der Ausrufung des Alarmzustandes durch die spanische Regierung am vergangenen Samstag, den 14. M\u00e4rz (B.O.E. Real Decreto 463\/2020), bedauert <strong>die Gruppe Oftalmedic Salv\u00e0<\/strong>, Ihnen mitteilen zu m\u00fcssen, dass wir unsere T\u00e4tigkeit in den verschiedenen Zentren, in denen wir augen\u00e4rztliche Leistungen erbringen, einschr\u00e4nken m\u00fcssen: Cl\u00ednica Salv\u00e0 (Palma), Laserclinic (Manacor), Hospital de Muro, Consultas M\u00e9dicas Juaneda Inca, Centro de Especialidades M\u00e9dicas (CEM) und Centro M\u00e9dico Mapfre.<\/p>\n<p>Wir sind uns bewusst, dass es unter diesen au\u00dfergew\u00f6hnlichen Umst\u00e4nden jetzt an der Zeit ist, verantwortungsvoll zu handeln und die Anweisungen der zust\u00e4ndigen Beh\u00f6rden strikt zu befolgen, um die Gesundheit und Sicherheit aller unserer Patienten sowie des Personals unserer Kliniken zu gew\u00e4hrleisten. Nur auf diese Weise k\u00f6nnen wir gemeinsam die Ausbreitung des Coronavirus stoppen. <\/p>\n<p>Aus Gr\u00fcnden des Schutzes und der kollektiven Sicherheit wird die ophthalmologische Hilfe auf die F\u00e4lle beschr\u00e4nkt, in denen sie am dringendsten ben\u00f6tigt wird (siehe unten):<\/p>\n<p><strong>In der Clinica Salv\u00e0<\/strong> wird ONLY besucht werden:<\/p>\n<ul>\n<li><strong>Augen\u00e4rztliche Notf\u00e4lle.<\/strong><\/li>\n<\/ul>\n<p>Jeder Patient mit einer m\u00f6glichen Augenerkrankung, der Schmerzen hat, eine Sehverschlechterung erf\u00e4hrt oder einen Augenunfall erleidet, sollte\/kann unbesorgt in unsere Notaufnahme in der Cl\u00ednica Salv\u00e0 kommen, da wir die seit einigen Tagen geltenden Biosicherheitsma\u00dfnahmen getroffen haben.<\/p>\n<p>Um den Dienst besser planen zu k\u00f6nnen, bitten wir Sie um Ihre Mitarbeit und bitten Sie, Ihren Notfalltermin telefonisch zu vereinbaren (Tel. 971 730 055), bevor Sie in die Cl\u00ednica Salv\u00e0 kommen.<\/p>\n<ul>\n<li><strong>Operationen<\/strong>, die aufgrund ihrer Dringlichkeit oder Schwere unumg\u00e4nglich sind.<\/li>\n<li><strong>Sprechstunden f\u00fcr postoperative Patienten<\/strong>.<\/li>\n<li><strong>Patienten , die aufgrund der Art der Augenerkrankung , an der sie leiden, eine st\u00e4ndige \u00dcberwachung oder Nachsorge ben\u00f6tigen.<\/strong><\/li>\n<\/ul>\n<p>&nbsp;<\/p>\n<p><strong>In der Poliklinik Laserclinic (Manacor<\/strong>) findet mittwochs ganzt\u00e4gig eine pers\u00f6nliche Beratung statt.<\/p>\n<p><strong>Im Hospital de Muro<\/strong> wird am Donnerstagnachmittag eine pers\u00f6nliche Sprechstunde stattfinden.<\/p>\n<p>Die augen\u00e4rztliche Versorgung in den <strong>Consultas M\u00e9dicas Juaneda Inca<\/strong>, im <strong>Centro de Especialidades M\u00e9dicas (CEM) in Llucmajor<\/strong> und im <strong>Centro M\u00e9dico Mapfre<\/strong> <strong>wurde ausgesetzt<\/strong>.<\/p>\n<p>Alle Patienten, deren f\u00fcr M\u00e4rz geplante Termine und\/oder Operationen von diesen au\u00dferordentlichen Absagen betroffen sind, werden so schnell wie m\u00f6glich kontaktiert, um sie auf sp\u00e4tere Termine zu verlegen, bis sich die Situation wieder normalisiert hat.<\/p>\n<p>Zur Kl\u00e4rung von Zweifeln oder f\u00fcr eine \u00e4rztliche Fernberatung \u00fcber m\u00f6gliche Augenprobleme steht den Patienten von 09:00 bis 20:00 Uhr ein <strong>Telefondienst<\/strong> zur Verf\u00fcgung.<\/p>\n<p>Diese Ma\u00dfnahmen werden ab <strong>Montag, dem 16. M\u00e4rz,<\/strong> angenommen und vorl\u00e4ufig bis zum <strong>30. M\u00e4rz<\/strong> verl\u00e4ngert, wobei eine Verl\u00e4ngerung nicht ausgeschlossen ist.<\/p>\n<p>Wir werden Sie \u00fcber alle relevanten Entwicklungen informieren, die zu einer \u00c4nderung dieser Ma\u00dfnahmen f\u00fchren k\u00f6nnten, sowie \u00fcber die R\u00fcckkehr zur normalen T\u00e4tigkeit, sobald die optimalen Bedingungen daf\u00fcr erreicht sind.<\/p>\n<p>Das gesamte Personal der Gruppe Oftalmedic Salv\u00e0 dankt Ihnen f\u00fcr Ihre Mitarbeit und Ihr Verst\u00e4ndnis und fordert Sie auf, sich an den Pr\u00e4ventionsma\u00dfnahmen gegen die Verbreitung des Coronavirus zu beteiligen:<strong>&#8222;Stop Covid-19<\/strong>&#8222;. <\/div>[divider line_type=&#8220;No Line&#8220; custom_height=&#8220;50&#8243;][divider line_type=&#8220;Small Line&#8220; line_alignment=&#8220;default&#8220; line_thickness=&#8220;8&#8243; divider_color=&#8220;default&#8220; animate=&#8220;yes&#8220; custom_height=&#8220;100&#8243; custom_line_width=&#8220;120&#8243;][\/vc_column][\/vc_row]\n","protected":false},"excerpt":{"rendered":"<p>[vc_row type=&#8220;full_width_background&#8220; full_screen_row_position=&#8220;middle&#8220; column_margin=&#8220;default&#8220; column_direction=&#8220;default&#8220; column_direction_tablet=&#8220;default&#8220; column_direction_phone=&#8220;default&#8220; bg_image=&#8220;6546&#8243; bg_position=&#8220;center top&#8220; background_image_loading=&#8220;default&#8220; bg_repeat=&#8220;no-repeat&#8220; scene_position=&#8220;center&#8220; top_padding=&#8220;15%&#8220; bottom_padding=&#8220;15%&#8220; text_color=&#8220;light&#8220; text_align=&#8220;left&#8220; row_border_radius=&#8220;none&#8220; row_border_radius_applies=&#8220;bg&#8220; overflow=&#8220;visible&#8220; color_overlay=&#8220;rgba(10,10,10,0.2)&#8220; overlay_strength=&#8220;1&#8243; gradient_direction=&#8220;left_to_right&#8220; shape_divider_position=&#8220;bottom&#8220; bg_image_animation=&#8220;none&#8220; shape_type=&#8220;&#8220;][vc_column column_padding=&#8220;no-extra-padding&#8220; column_padding_tablet=&#8220;inherit&#8220; column_padding_phone=&#8220;inherit&#8220; column_padding_position=&#8220;all&#8220; column_element_direction_desktop=&#8220;default&#8220; column_element_spacing=&#8220;default&#8220; desktop_text_alignment=&#8220;default&#8220; tablet_text_alignment=&#8220;default&#8220; phone_text_alignment=&#8220;default&#8220; background_color_opacity=&#8220;1&#8243; background_hover_color_opacity=&#8220;1&#8243; column_backdrop_filter=&#8220;none&#8220; column_shadow=&#8220;none&#8220; column_border_radius=&#8220;none&#8220; column_link_target=&#8220;_self&#8220; column_position=&#8220;default&#8220; gradient_direction=&#8220;left_to_right&#8220; overlay_strength=&#8220;0.3&#8243; width=&#8220;1\/1&#8243; tablet_width_inherit=&#8220;default&#8220; animation_type=&#8220;default&#8220; bg_image_animation=&#8220;none&#8220; border_type=&#8220;simple&#8220; column_border_width=&#8220;none&#8220; column_border_style=&#8220;solid&#8220;][\/vc_column][\/vc_row][vc_row type=&#8220;full_width_background&#8220; full_screen_row_position=&#8220;middle&#8220; column_margin=&#8220;default&#8220; column_direction=&#8220;default&#8220; column_direction_tablet=&#8220;default&#8220; column_direction_phone=&#8220;default&#8220; bg_color=&#8220;#ffffff&#8220; scene_position=&#8220;center&#8220; top_padding=&#8220;60&#8243;&#8230;<\/p>\n","protected":false},"author":5,"featured_media":0,"parent":0,"menu_order":0,"comment_status":"closed","ping_status":"closed","template":"","meta":{"footnotes":""},"class_list":["post-11673","page","type-page","status-publish"],"yoast_head":"<!-- This site is optimized with the Yoast SEO plugin v27.1.1 - https:\/\/yoast.com\/product\/yoast-seo-wordpress\/ -->\n<title>Kommuniqu\u00e9 zum COVID-19 - Oftalmedic Salv\u00e1<\/title>\n<meta name=\"description\" content=\"Um die Gesundheit und Sicherheit aller unserer Patienten zu gew\u00e4hrleisten, ist die T\u00e4tigkeit in unseren Zentren auf die F\u00e4lle mit dem gr\u00f6\u00dften Bedarf beschr\u00e4nkt.\" \/>\n<meta name=\"robots\" content=\"index, follow, max-snippet:-1, max-image-preview:large, max-video-preview:-1\" \/>\n<link rel=\"canonical\" href=\"https:\/\/oftalmedic.es\/de\/hinweis-auf-covid-19\/\" \/>\n<meta property=\"og:locale\" content=\"de_DE\" \/>\n<meta property=\"og:type\" content=\"article\" \/>\n<meta property=\"og:title\" content=\"Kommuniqu\u00e9 zum COVID-19 - Oftalmedic Salv\u00e1\" \/>\n<meta property=\"og:description\" content=\"Um die Gesundheit und Sicherheit aller unserer Patienten zu gew\u00e4hrleisten, ist die T\u00e4tigkeit in unseren Zentren auf die F\u00e4lle mit dem gr\u00f6\u00dften Bedarf beschr\u00e4nkt.\" \/>\n<meta property=\"og:url\" content=\"https:\/\/oftalmedic.es\/de\/hinweis-auf-covid-19\/\" \/>\n<meta property=\"og:site_name\" content=\"Oftalmedic Salv\u00e1\" \/>\n<meta property=\"article:publisher\" content=\"https:\/\/www.facebook.com\/OftalmedicSalva\/\" \/>\n<meta property=\"article:modified_time\" content=\"2025-11-04T02:14:07+00:00\" \/>\n<meta name=\"twitter:card\" content=\"summary_large_image\" \/>\n<meta name=\"twitter:site\" content=\"@OftalmedicSalva\" \/>\n<meta name=\"twitter:label1\" content=\"Gesch\u00e4tzte Lesezeit\" \/>\n\t<meta name=\"twitter:data1\" content=\"5\u00a0Minuten\" \/>\n<script type=\"application\/ld+json\" class=\"yoast-schema-graph\">{\"@context\":\"https:\/\/schema.org\",\"@graph\":[{\"@type\":\"WebPage\",\"@id\":\"https:\/\/oftalmedic.es\/de\/hinweis-auf-covid-19\/\",\"url\":\"https:\/\/oftalmedic.es\/de\/hinweis-auf-covid-19\/\",\"name\":\"Kommuniqu\u00e9 zum COVID-19 - Oftalmedic Salv\u00e1\",\"isPartOf\":{\"@id\":\"https:\/\/oftalmedic.es\/de\/#website\"},\"datePublished\":\"2025-07-08T07:16:10+00:00\",\"dateModified\":\"2025-11-04T02:14:07+00:00\",\"description\":\"Um die Gesundheit und Sicherheit aller unserer Patienten zu gew\u00e4hrleisten, ist die T\u00e4tigkeit in unseren Zentren auf die F\u00e4lle mit dem gr\u00f6\u00dften Bedarf beschr\u00e4nkt.\",\"breadcrumb\":{\"@id\":\"https:\/\/oftalmedic.es\/de\/hinweis-auf-covid-19\/#breadcrumb\"},\"inLanguage\":\"de\",\"potentialAction\":[{\"@type\":\"ReadAction\",\"target\":[\"https:\/\/oftalmedic.es\/de\/hinweis-auf-covid-19\/\"]}]},{\"@type\":\"BreadcrumbList\",\"@id\":\"https:\/\/oftalmedic.es\/de\/hinweis-auf-covid-19\/#breadcrumb\",\"itemListElement\":[{\"@type\":\"ListItem\",\"position\":1,\"name\":\"Portada\",\"item\":\"https:\/\/oftalmedic.es\/de\/\"},{\"@type\":\"ListItem\",\"position\":2,\"name\":\"Kommuniqu\u00e9 zum COVID-19\"}]},{\"@type\":\"WebSite\",\"@id\":\"https:\/\/oftalmedic.es\/de\/#website\",\"url\":\"https:\/\/oftalmedic.es\/de\/\",\"name\":\"Oftalmedic Salv\u00e1\",\"description\":\"Red de cl\u00ednicas oftalmol\u00f3gicas de referencia en Baleares. Pionera en tecnolog\u00eda l\u00e1ser para cirug\u00eda de cataratas y correcci\u00f3n de la miop\u00eda, hipermetrop\u00eda, astigmatismo y presbicia o vista cansada.\",\"publisher\":{\"@id\":\"https:\/\/oftalmedic.es\/de\/#organization\"},\"potentialAction\":[{\"@type\":\"SearchAction\",\"target\":{\"@type\":\"EntryPoint\",\"urlTemplate\":\"https:\/\/oftalmedic.es\/de\/?s={search_term_string}\"},\"query-input\":{\"@type\":\"PropertyValueSpecification\",\"valueRequired\":true,\"valueName\":\"search_term_string\"}}],\"inLanguage\":\"de\"},{\"@type\":\"Organization\",\"@id\":\"https:\/\/oftalmedic.es\/de\/#organization\",\"name\":\"[wpseo_titles]company_Nombre\",\"url\":\"https:\/\/oftalmedic.es\/de\/\",\"logo\":{\"@type\":\"ImageObject\",\"inLanguage\":\"de\",\"@id\":\"https:\/\/oftalmedic.es\/de\/#\/schema\/logo\/image\/\",\"url\":\"https:\/\/oftalmedic.es\/wp-content\/uploads\/2018\/06\/logo-oftalmedic.png\",\"contentUrl\":\"https:\/\/oftalmedic.es\/wp-content\/uploads\/2018\/06\/logo-oftalmedic.png\",\"width\":200,\"height\":58,\"caption\":\"[wpseo_titles]company_Nombre\"},\"image\":{\"@id\":\"https:\/\/oftalmedic.es\/de\/#\/schema\/logo\/image\/\"},\"sameAs\":[\"https:\/\/www.facebook.com\/OftalmedicSalva\/\",\"https:\/\/x.com\/OftalmedicSalva\",\"https:\/\/www.instagram.com\/oftalmedic_salva\",\"https:\/\/www.youtube.com\/channel\/UCWrAdUQk6ZmrfVUqBwX0cug\",\"https:\/\/www.linkedin.com\/company\/oftalmedic-clnica-salv\/\"]}]}<\/script>\n<!-- \/ Yoast SEO plugin. -->","yoast_head_json":{"title":"Kommuniqu\u00e9 zum COVID-19 - Oftalmedic Salv\u00e1","description":"Um die Gesundheit und Sicherheit aller unserer Patienten zu gew\u00e4hrleisten, ist die T\u00e4tigkeit in unseren Zentren auf die F\u00e4lle mit dem gr\u00f6\u00dften Bedarf beschr\u00e4nkt.","robots":{"index":"index","follow":"follow","max-snippet":"max-snippet:-1","max-image-preview":"max-image-preview:large","max-video-preview":"max-video-preview:-1"},"canonical":"https:\/\/oftalmedic.es\/de\/hinweis-auf-covid-19\/","og_locale":"de_DE","og_type":"article","og_title":"Kommuniqu\u00e9 zum COVID-19 - Oftalmedic Salv\u00e1","og_description":"Um die Gesundheit und Sicherheit aller unserer Patienten zu gew\u00e4hrleisten, ist die T\u00e4tigkeit in unseren Zentren auf die F\u00e4lle mit dem gr\u00f6\u00dften Bedarf beschr\u00e4nkt.","og_url":"https:\/\/oftalmedic.es\/de\/hinweis-auf-covid-19\/","og_site_name":"Oftalmedic Salv\u00e1","article_publisher":"https:\/\/www.facebook.com\/OftalmedicSalva\/","article_modified_time":"2025-11-04T02:14:07+00:00","twitter_card":"summary_large_image","twitter_site":"@OftalmedicSalva","twitter_misc":{"Gesch\u00e4tzte Lesezeit":"5\u00a0Minuten"},"schema":{"@context":"https:\/\/schema.org","@graph":[{"@type":"WebPage","@id":"https:\/\/oftalmedic.es\/de\/hinweis-auf-covid-19\/","url":"https:\/\/oftalmedic.es\/de\/hinweis-auf-covid-19\/","name":"Kommuniqu\u00e9 zum COVID-19 - Oftalmedic Salv\u00e1","isPartOf":{"@id":"https:\/\/oftalmedic.es\/de\/#website"},"datePublished":"2025-07-08T07:16:10+00:00","dateModified":"2025-11-04T02:14:07+00:00","description":"Um die Gesundheit und Sicherheit aller unserer Patienten zu gew\u00e4hrleisten, ist die T\u00e4tigkeit in unseren Zentren auf die F\u00e4lle mit dem gr\u00f6\u00dften Bedarf beschr\u00e4nkt.","breadcrumb":{"@id":"https:\/\/oftalmedic.es\/de\/hinweis-auf-covid-19\/#breadcrumb"},"inLanguage":"de","potentialAction":[{"@type":"ReadAction","target":["https:\/\/oftalmedic.es\/de\/hinweis-auf-covid-19\/"]}]},{"@type":"BreadcrumbList","@id":"https:\/\/oftalmedic.es\/de\/hinweis-auf-covid-19\/#breadcrumb","itemListElement":[{"@type":"ListItem","position":1,"name":"Portada","item":"https:\/\/oftalmedic.es\/de\/"},{"@type":"ListItem","position":2,"name":"Kommuniqu\u00e9 zum COVID-19"}]},{"@type":"WebSite","@id":"https:\/\/oftalmedic.es\/de\/#website","url":"https:\/\/oftalmedic.es\/de\/","name":"Oftalmedic Salv\u00e1","description":"Red de cl\u00ednicas oftalmol\u00f3gicas de referencia en Baleares. Pionera en tecnolog\u00eda l\u00e1ser para cirug\u00eda de cataratas y correcci\u00f3n de la miop\u00eda, hipermetrop\u00eda, astigmatismo y presbicia o vista cansada.","publisher":{"@id":"https:\/\/oftalmedic.es\/de\/#organization"},"potentialAction":[{"@type":"SearchAction","target":{"@type":"EntryPoint","urlTemplate":"https:\/\/oftalmedic.es\/de\/?s={search_term_string}"},"query-input":{"@type":"PropertyValueSpecification","valueRequired":true,"valueName":"search_term_string"}}],"inLanguage":"de"},{"@type":"Organization","@id":"https:\/\/oftalmedic.es\/de\/#organization","name":"[wpseo_titles]company_Nombre","url":"https:\/\/oftalmedic.es\/de\/","logo":{"@type":"ImageObject","inLanguage":"de","@id":"https:\/\/oftalmedic.es\/de\/#\/schema\/logo\/image\/","url":"https:\/\/oftalmedic.es\/wp-content\/uploads\/2018\/06\/logo-oftalmedic.png","contentUrl":"https:\/\/oftalmedic.es\/wp-content\/uploads\/2018\/06\/logo-oftalmedic.png","width":200,"height":58,"caption":"[wpseo_titles]company_Nombre"},"image":{"@id":"https:\/\/oftalmedic.es\/de\/#\/schema\/logo\/image\/"},"sameAs":["https:\/\/www.facebook.com\/OftalmedicSalva\/","https:\/\/x.com\/OftalmedicSalva","https:\/\/www.instagram.com\/oftalmedic_salva","https:\/\/www.youtube.com\/channel\/UCWrAdUQk6ZmrfVUqBwX0cug","https:\/\/www.linkedin.com\/company\/oftalmedic-clnica-salv\/"]}]}},"_links":{"self":[{"href":"https:\/\/oftalmedic.es\/de\/wp-json\/wp\/v2\/pages\/11673","targetHints":{"allow":["GET"]}}],"collection":[{"href":"https:\/\/oftalmedic.es\/de\/wp-json\/wp\/v2\/pages"}],"about":[{"href":"https:\/\/oftalmedic.es\/de\/wp-json\/wp\/v2\/types\/page"}],"author":[{"embeddable":true,"href":"https:\/\/oftalmedic.es\/de\/wp-json\/wp\/v2\/users\/5"}],"replies":[{"embeddable":true,"href":"https:\/\/oftalmedic.es\/de\/wp-json\/wp\/v2\/comments?post=11673"}],"version-history":[{"count":0,"href":"https:\/\/oftalmedic.es\/de\/wp-json\/wp\/v2\/pages\/11673\/revisions"}],"wp:attachment":[{"href":"https:\/\/oftalmedic.es\/de\/wp-json\/wp\/v2\/media?parent=11673"}],"curies":[{"name":"wp","href":"https:\/\/api.w.org\/{rel}","templated":true}]}}