{"id":11719,"date":"2025-07-08T14:01:52","date_gmt":"2025-07-08T14:01:52","guid":{"rendered":"https:\/\/oftalmedic.rwdesarrollos.es\/team\/dra-sybella-munoz-schiattino\/"},"modified":"2025-07-08T14:01:53","modified_gmt":"2025-07-08T14:01:53","slug":"dra-sybella-munoz-schiattino","status":"publish","type":"page","link":"https:\/\/oftalmedic.es\/de\/equipo\/dra-sybella-munoz-schiattino\/","title":{"rendered":"Dra. Sybella Mu\u00f1oz Schiattino"},"content":{"rendered":"[vc_row type=&#8220;in_container&#8220; full_screen_row_position=&#8220;middle&#8220; column_margin=&#8220;default&#8220; column_direction=&#8220;default&#8220; column_direction_tablet=&#8220;default&#8220; column_direction_phone=&#8220;default&#8220; scene_position=&#8220;center&#8220; bottom_padding=&#8220;30&#8243; text_color=&#8220;dark&#8220; text_align=&#8220;left&#8220; row_border_radius=&#8220;none&#8220; row_border_radius_applies=&#8220;bg&#8220; overlay_strength=&#8220;0.3&#8243; gradient_direction=&#8220;left_to_right&#8220; shape_divider_position=&#8220;bottom&#8220; bg_image_animation=&#8220;none&#8220; shape_type=&#8220;&#8220;][vc_column column_padding=&#8220;no-extra-padding&#8220; column_padding_tablet=&#8220;inherit&#8220; column_padding_phone=&#8220;inherit&#8220; column_padding_position=&#8220;all&#8220; column_element_spacing=&#8220;default&#8220; background_color_opacity=&#8220;1&#8243; background_hover_color_opacity=&#8220;1&#8243; column_shadow=&#8220;none&#8220; column_border_radius=&#8220;none&#8220; column_link_target=&#8220;_self&#8220; gradient_direction=&#8220;left_to_right&#8220; overlay_strength=&#8220;0.3&#8243; width=&#8220;2\/3&#8243; tablet_width_inherit=&#8220;default&#8220; tablet_text_alignment=&#8220;default&#8220; phone_text_alignment=&#8220;default&#8220; bg_image_animation=&#8220;none&#8220; border_type=&#8220;simple&#8220; column_border_width=&#8220;none&#8220; column_border_style=&#8220;solid&#8220;][vc_row_inner column_margin=&#8220;default&#8220; column_direction=&#8220;default&#8220; column_direction_tablet=&#8220;default&#8220; column_direction_phone=&#8220;default&#8220; text_align=&#8220;left&#8220;][vc_column_inner column_padding=&#8220;no-extra-padding&#8220; column_padding_tablet=&#8220;inherit&#8220; column_padding_phone=&#8220;inherit&#8220; column_padding_position=&#8220;all&#8220; column_element_spacing=&#8220;default&#8220; background_color_opacity=&#8220;1&#8243; background_hover_color_opacity=&#8220;1&#8243; column_shadow=&#8220;none&#8220; column_border_radius=&#8220;none&#8220; column_link_target=&#8220;_self&#8220; gradient_direction=&#8220;left_to_right&#8220; overlay_strength=&#8220;0.3&#8243; width=&#8220;1\/3&#8243; tablet_width_inherit=&#8220;default&#8220; bg_image_animation=&#8220;none&#8220; border_type=&#8220;simple&#8220; column_border_width=&#8220;none&#8220; column_border_style=&#8220;solid&#8220;][image_with_animation image_url=&#8220;7921&#8243; animation=&#8220;Fade In&#8220; hover_animation=&#8220;none&#8220; alignment=&#8220;&#8220; border_radius=&#8220;none&#8220; box_shadow=&#8220;none&#8220; image_loading=&#8220;default&#8220; max_width=&#8220;100%&#8220; max_width_mobile=&#8220;default&#8220;][\/vc_column_inner][vc_column_inner column_padding=&#8220;no-extra-padding&#8220; column_padding_tablet=&#8220;inherit&#8220; column_padding_phone=&#8220;inherit&#8220; column_padding_position=&#8220;all&#8220; column_element_spacing=&#8220;default&#8220; background_color_opacity=&#8220;1&#8243; background_hover_color_opacity=&#8220;1&#8243; column_shadow=&#8220;none&#8220; column_border_radius=&#8220;none&#8220; column_link_target=&#8220;_self&#8220; gradient_direction=&#8220;left_to_right&#8220; overlay_strength=&#8220;0.3&#8243; width=&#8220;2\/3&#8243; tablet_width_inherit=&#8220;default&#8220; bg_image_animation=&#8220;none&#8220; border_type=&#8220;simple&#8220; column_border_width=&#8220;none&#8220; column_border_style=&#8220;solid&#8220;][vc_column_text]\n<h1>Dra. Sybella Mu\u00f1oz Schiattino <\/h1>\n<p>Kollegialnummer: 4117968[\/vc_column_text][divider line_type=&#8220;Small Line&#8220; line_alignment=&#8220;default&#8220; line_thickness=&#8220;4&#8243; divider_color=&#8220;default&#8220; animate=&#8220;yes&#8220; custom_height=&#8220;30&#8243;][vc_column_text]\n<h5><strong>Qualifikationen und Ausbildung<\/strong><\/h5>\n<ul>\n<li>Abschluss in Medizin an der Universit\u00e4t von Santiago de Chile, 2008.<\/li>\n<li>Facharzt f\u00fcr Augenheilkunde \u00fcber MIR am Hospital Universitario Virgen Macarena in Sevilla, 2017.<\/li>\n<\/ul>\n<h5>Berufliche Laufbahn<\/h5>\n<ul>\n<li>Assistenzarzt in der Augenheilkunde am Universit\u00e4tskrankenhaus Virgen Macarena in Sevilla &#8211; Spanien, 2013-2017 (Rotation in den Bereichen Okuloplastik, vorderer Pol, p\u00e4diatrische Augenheilkunde, Katarakt\/Glaukom und medizinische und chirurgische Netzhaut).<\/li>\n<li>Allgemeine ophthalmologische Sprechstunde im Krankenhaus Santa B\u00e1rbara in Puertollano, Ciudad Real, 2017-2018.<\/li>\n<li>Allgemeine Augenheilkunde und Okuloplastik im Krankenhaus Cl\u00ednico la Arruzafa, C\u00f3rdoba, 2018-2021.<\/li>\n<li>Augenarzt bei Oftalmedic Salv\u00e0 seit 2021.<\/li>\n<\/ul>\n<h5>Wissenschaftliche Aktivit\u00e4ten<\/h5>\n<ul>\n<li>Revista Espa\u00f1ola de Patolog\u00eda Macular, Central serous chorioretinopathy and Helicobacter Pylori (Dezember 2016). Autoren: Sybella Mu\u00f1oz Schiattino, Antonio Manuel Garrido Hermosilla, Bel\u00e9n Dom\u00ednguez Garc\u00eda, Mar\u00eda Jes\u00fas D\u00edaz Granda, Eduardo Esteban Gonz\u00e1lez, Enrique Rodr\u00edguez de la R\u00faa Franch. Abteilung f\u00fcr Ophthalmologie , Hospital Universitario Virgen Macarena, Sevilla.  <\/li>\n<li>Buch Klinisch-chirurgische Ophthalmologie, Von der Theorie zur Praxis (Band I)-Oktober 2016): Fortschritte in der chirurgischen Behandlung von Blepharospasmus. Autoren: Sybella Mu\u00f1oz, Consuelo Spinola, Ruben Angeles Figueroa.Complete upper eyelid reconstruction: Authors,Sybella Mu\u00f1oz, Maria Gessa Sorroche, Ester Lopez Navarrete. <\/li>\n<li>Ocular Surface Casebook 2016, Neurotrophe Keratopathie, die eine konjunktivale Neoplasie als Folge eines adenoidzystischen Karzinoms der Kieferh\u00f6hle simuliert. Autoren: Maria Gessa Sorroche, Sybella Mu\u00f1oz Schiattino, Francisco Espejo Arjona, Lourdes Coca Gutierrez. <\/li>\n<li>Kongress der Andalusischen Gesellschaft f\u00fcr Ophthalmologie, 2014-2016.<\/li>\n<li>XXVII. Monographischer Kurs zur Einf\u00fchrung in die Augenheilkunde, Madrid, 2014.<\/li>\n<li>XIV. Sevilla Refractiva, Live-Operation, Sevilla, 2014.<\/li>\n<li>Online-Schulungsprogramm &#8211; Stufenprogramm: Retina Medica, 2014.<\/li>\n<li>Kongress der Spanischen Gesellschaft f\u00fcr okulare und orbitale plastische Chirurgie, 2014-2016-2019.<\/li>\n<li>XXXV. Glaukomkurs, organisiert von der IOBA-Universit\u00e4t Valladolid, 2015.<\/li>\n<li>Kongress der Spanischen Gesellschaft f\u00fcr Ophthalmologie, 2016-2018.<\/li>\n<li>Arruzafa Retina Forum 2016, C\u00f3rdoba, 2016.<\/li>\n<li>Eigener Masterstudiengang der Universit\u00e4t Cardenal Herrera, 2016-2017.<\/li>\n<li>Universit\u00e4tsexperte f\u00fcr Augenpathologien und -behandlung, 2017.<\/li>\n<li>Universit\u00e4tsexperte f\u00fcr Augenheilkunde, 2017.<\/li>\n<li>Titel eines Universit\u00e4tsexperten f\u00fcr Glaukom und p\u00e4diatrische Augenpathologie, 2017.<\/li>\n<li>Universit\u00e4tsabschluss als Experte f\u00fcr Uveitis und Retina, 2017.<\/li>\n<li>ICO-Pr\u00fcfungen, International Council of Ophthalmology, in den Bereichen Grundlagenwissenschaften 2017, Optik und Refraktion 2017 und Klinische Wissenschaften 2018.<\/li>\n<li>Arruzafa Oculoplasty Forum, Praktisches Management\/Kontroversen, C\u00f3rdoba, 2018.<\/li>\n<li>Dermal Fillers Kurs, CIME Akademie, Barcelona, 2019.<\/li>\n<li>Botulinumtoxin-Kurs, CIME Akademie, Barcelona, 2019.<\/li>\n<li>Mehrere Vortr\u00e4ge auf dem XXIV. Kongress der Spanischen Gesellschaft f\u00fcr okulare und orbitale plastische Chirurgie, 2014.<\/li>\n<li>Vortrag &#8222;Akute okul\u00e4re Hypotonie mit Netzhautabl\u00f6sung bei pseudophaken Patienten&#8220; auf dem 90. Kongress der Spanischen Gesellschaft f\u00fcr Ophthalmologie, 2014.<\/li>\n<li>Mehrere Vortr\u00e4ge auf dem XLVII. Kongress der Andalusischen Gesellschaft f\u00fcr Augenheilkunde, 2015.<\/li>\n<li>Mehrere Vortr\u00e4ge auf dem XLVIII. Kongress der Andalusischen Gesellschaft f\u00fcr Augenheilkunde, 2016.<\/li>\n<li>Mehrere Vortr\u00e4ge auf dem XXVI. Kongress der Spanischen Gesellschaft f\u00fcr okulare und orbitale plastische Chirurgie, 2016.<\/li>\n<\/ul>\n<h5>Sprachen<\/h5>\n<p>Englisch, Franz\u00f6sisch, Spanisch.[\/vc_column_text][nectar_btn size=&#8220;small&#8220; button_style=&#8220;regular&#8220; button_color_2=&#8220;Accent-Color&#8220; icon_family=&#8220;none&#8220; url=&#8220;\/equipo\/&#8220; text=&#8220;MEDIZINISCHES TEAM&#8220; margin_top=&#8220;30px&#8220;][\/vc_column_inner][\/vc_row_inner][\/vc_column][vc_column column_padding=&#8220;padding-2-percent&#8220; column_padding_tablet=&#8220;inherit&#8220; column_padding_phone=&#8220;inherit&#8220; column_padding_position=&#8220;left-right&#8220; column_element_spacing=&#8220;default&#8220; background_color_opacity=&#8220;1&#8243; background_hover_color_opacity=&#8220;1&#8243; column_shadow=&#8220;none&#8220; column_border_radius=&#8220;none&#8220; column_link_target=&#8220;_self&#8220; gradient_direction=&#8220;left_to_right&#8220; overlay_strength=&#8220;0.3&#8243; width=&#8220;1\/3&#8243; tablet_width_inherit=&#8220;default&#8220; tablet_text_alignment=&#8220;default&#8220; phone_text_alignment=&#8220;default&#8220; bg_image_animation=&#8220;none&#8220; border_type=&#8220;simple&#8220; column_border_width=&#8220;none&#8220; column_border_style=&#8220;solid&#8220;][vc_column_text css=&#8220;.vc_custom_1642767793743{padding-top: 20px !important;padding-right: 20px !important;padding-bottom: 20px !important;padding-left: 20px !important;background-color: #f8f8f8 !important;}&#8220;]\n<h5><strong>Spezialist f\u00fcr<\/strong><\/h5>\n<ul>\n<li class=\"m_3265373467215399838MsoListParagraph\"><a href=\"https:\/\/oftalmedic.es\/de\/okuloplastik\/\" target=\"_blank\" rel=\"noopener\">Augenarztpraxis<\/a><\/li>\n<li class=\"m_3265373467215399838MsoListParagraph\"><a href=\"https:\/\/oftalmedic.es\/de\/cataratas\/\" target=\"_blank\" rel=\"noopener\">Katarakt-Behandlung<\/a><\/li>\n<li class=\"m_3265373467215399838MsoListParagraph\"><a href=\"https:\/\/oftalmedic.es\/de\/oftalmologia-general\/\" target=\"_blank\" rel=\"noopener\">Allgemeine Ophthalmologie<\/a><\/li>\n<\/ul>\n[\/vc_column_text][divider line_type=&#8220;No Line&#8220;][\/vc_column][\/vc_row]\n","protected":false},"excerpt":{"rendered":"<p>[vc_row type=&#8220;in_container&#8220; full_screen_row_position=&#8220;middle&#8220; column_margin=&#8220;default&#8220; column_direction=&#8220;default&#8220; column_direction_tablet=&#8220;default&#8220; column_direction_phone=&#8220;default&#8220; scene_position=&#8220;center&#8220; bottom_padding=&#8220;30&#8243; text_color=&#8220;dark&#8220; text_align=&#8220;left&#8220; row_border_radius=&#8220;none&#8220; row_border_radius_applies=&#8220;bg&#8220; overlay_strength=&#8220;0.3&#8243; gradient_direction=&#8220;left_to_right&#8220; shape_divider_position=&#8220;bottom&#8220; bg_image_animation=&#8220;none&#8220; shape_type=&#8220;&#8220;][vc_column column_padding=&#8220;no-extra-padding&#8220; column_padding_tablet=&#8220;inherit&#8220; column_padding_phone=&#8220;inherit&#8220; column_padding_position=&#8220;all&#8220; column_element_spacing=&#8220;default&#8220; background_color_opacity=&#8220;1&#8243; background_hover_color_opacity=&#8220;1&#8243; column_shadow=&#8220;none&#8220; column_border_radius=&#8220;none&#8220; column_link_target=&#8220;_self&#8220; gradient_direction=&#8220;left_to_right&#8220; overlay_strength=&#8220;0.3&#8243; width=&#8220;2\/3&#8243; tablet_width_inherit=&#8220;default&#8220; tablet_text_alignment=&#8220;default&#8220; phone_text_alignment=&#8220;default&#8220; bg_image_animation=&#8220;none&#8220; border_type=&#8220;simple&#8220; column_border_width=&#8220;none&#8220; column_border_style=&#8220;solid&#8220;][vc_row_inner column_margin=&#8220;default&#8220; column_direction=&#8220;default&#8220; column_direction_tablet=&#8220;default&#8220; column_direction_phone=&#8220;default&#8220; text_align=&#8220;left&#8220;][vc_column_inner column_padding=&#8220;no-extra-padding&#8220; column_padding_tablet=&#8220;inherit&#8220; column_padding_phone=&#8220;inherit&#8220; column_padding_position=&#8220;all&#8220; column_element_spacing=&#8220;default&#8220; background_color_opacity=&#8220;1&#8243; background_hover_color_opacity=&#8220;1&#8243; column_shadow=&#8220;none&#8220; column_border_radius=&#8220;none&#8220; column_link_target=&#8220;_self&#8220; gradient_direction=&#8220;left_to_right&#8220; overlay_strength=&#8220;0.3&#8243; width=&#8220;1\/3&#8243; tablet_width_inherit=&#8220;default&#8220; bg_image_animation=&#8220;none&#8220; border_type=&#8220;simple&#8220; column_border_width=&#8220;none&#8220;&#8230;<\/p>\n","protected":false},"author":5,"featured_media":0,"parent":12465,"menu_order":0,"comment_status":"closed","ping_status":"closed","template":"","meta":{"footnotes":""},"class_list":["post-11719","page","type-page","status-publish"],"yoast_head":"<!-- This site is optimized with the Yoast SEO plugin v27.1.1 - https:\/\/yoast.com\/product\/yoast-seo-wordpress\/ -->\n<title>Dr. Sybella Mu\u00f1oz: Spezialist f\u00fcr Augenkorrekturen: Oftalmedic Salv\u00e0<\/title>\n<meta name=\"description\" content=\"Dr. Sybella Mu\u00f1oz, Fach\u00e4rztin f\u00fcr Okuloplastik, Kataraktbehandlung und allgemeine Augenheilkunde. Augen\u00e4rztin bei Oftalmedic Salv\u00e0.\" \/>\n<meta name=\"robots\" content=\"index, follow, max-snippet:-1, max-image-preview:large, max-video-preview:-1\" \/>\n<link rel=\"canonical\" href=\"https:\/\/oftalmedic.es\/de\/equipo\/dra-sybella-munoz-schiattino\/\" \/>\n<meta property=\"og:locale\" content=\"de_DE\" \/>\n<meta property=\"og:type\" content=\"article\" \/>\n<meta property=\"og:title\" content=\"Dr. Sybella Mu\u00f1oz: Spezialist f\u00fcr Augenkorrekturen: Oftalmedic Salv\u00e0\" \/>\n<meta property=\"og:description\" content=\"Dr. Sybella Mu\u00f1oz, Fach\u00e4rztin f\u00fcr Okuloplastik, Kataraktbehandlung und allgemeine Augenheilkunde. Augen\u00e4rztin bei Oftalmedic Salv\u00e0.\" \/>\n<meta property=\"og:url\" content=\"https:\/\/oftalmedic.es\/de\/equipo\/dra-sybella-munoz-schiattino\/\" \/>\n<meta property=\"og:site_name\" content=\"Oftalmedic Salv\u00e1\" \/>\n<meta property=\"article:publisher\" content=\"https:\/\/www.facebook.com\/OftalmedicSalva\/\" \/>\n<meta property=\"article:modified_time\" content=\"2025-07-08T14:01:53+00:00\" \/>\n<meta name=\"twitter:card\" content=\"summary_large_image\" \/>\n<meta name=\"twitter:site\" content=\"@OftalmedicSalva\" \/>\n<meta name=\"twitter:label1\" content=\"Gesch\u00e4tzte Lesezeit\" \/>\n\t<meta name=\"twitter:data1\" content=\"5\u00a0Minuten\" \/>\n<script type=\"application\/ld+json\" class=\"yoast-schema-graph\">{\"@context\":\"https:\/\/schema.org\",\"@graph\":[{\"@type\":\"WebPage\",\"@id\":\"https:\/\/oftalmedic.es\/de\/equipo\/dra-sybella-munoz-schiattino\/\",\"url\":\"https:\/\/oftalmedic.es\/de\/equipo\/dra-sybella-munoz-schiattino\/\",\"name\":\"Dr. Sybella Mu\u00f1oz: Spezialist f\u00fcr Augenkorrekturen: Oftalmedic Salv\u00e0\",\"isPartOf\":{\"@id\":\"https:\/\/oftalmedic.es\/de\/#website\"},\"datePublished\":\"2025-07-08T14:01:52+00:00\",\"dateModified\":\"2025-07-08T14:01:53+00:00\",\"description\":\"Dr. Sybella Mu\u00f1oz, Fach\u00e4rztin f\u00fcr Okuloplastik, Kataraktbehandlung und allgemeine Augenheilkunde. Augen\u00e4rztin bei Oftalmedic Salv\u00e0.\",\"breadcrumb\":{\"@id\":\"https:\/\/oftalmedic.es\/de\/equipo\/dra-sybella-munoz-schiattino\/#breadcrumb\"},\"inLanguage\":\"de\",\"potentialAction\":[{\"@type\":\"ReadAction\",\"target\":[\"https:\/\/oftalmedic.es\/de\/equipo\/dra-sybella-munoz-schiattino\/\"]}]},{\"@type\":\"BreadcrumbList\",\"@id\":\"https:\/\/oftalmedic.es\/de\/equipo\/dra-sybella-munoz-schiattino\/#breadcrumb\",\"itemListElement\":[{\"@type\":\"ListItem\",\"position\":1,\"name\":\"Portada\",\"item\":\"https:\/\/oftalmedic.es\/de\/\"},{\"@type\":\"ListItem\",\"position\":2,\"name\":\"Dra. Sybella Mu\u00f1oz Schiattino\"}]},{\"@type\":\"WebSite\",\"@id\":\"https:\/\/oftalmedic.es\/de\/#website\",\"url\":\"https:\/\/oftalmedic.es\/de\/\",\"name\":\"Oftalmedic Salv\u00e1\",\"description\":\"Red de cl\u00ednicas oftalmol\u00f3gicas de referencia en Baleares. Pionera en tecnolog\u00eda l\u00e1ser para cirug\u00eda de cataratas y correcci\u00f3n de la miop\u00eda, hipermetrop\u00eda, astigmatismo y presbicia o vista cansada.\",\"publisher\":{\"@id\":\"https:\/\/oftalmedic.es\/de\/#organization\"},\"potentialAction\":[{\"@type\":\"SearchAction\",\"target\":{\"@type\":\"EntryPoint\",\"urlTemplate\":\"https:\/\/oftalmedic.es\/de\/?s={search_term_string}\"},\"query-input\":{\"@type\":\"PropertyValueSpecification\",\"valueRequired\":true,\"valueName\":\"search_term_string\"}}],\"inLanguage\":\"de\"},{\"@type\":\"Organization\",\"@id\":\"https:\/\/oftalmedic.es\/de\/#organization\",\"name\":\"[wpseo_titles]company_Nombre\",\"url\":\"https:\/\/oftalmedic.es\/de\/\",\"logo\":{\"@type\":\"ImageObject\",\"inLanguage\":\"de\",\"@id\":\"https:\/\/oftalmedic.es\/de\/#\/schema\/logo\/image\/\",\"url\":\"https:\/\/oftalmedic.es\/wp-content\/uploads\/2018\/06\/logo-oftalmedic.png\",\"contentUrl\":\"https:\/\/oftalmedic.es\/wp-content\/uploads\/2018\/06\/logo-oftalmedic.png\",\"width\":200,\"height\":58,\"caption\":\"[wpseo_titles]company_Nombre\"},\"image\":{\"@id\":\"https:\/\/oftalmedic.es\/de\/#\/schema\/logo\/image\/\"},\"sameAs\":[\"https:\/\/www.facebook.com\/OftalmedicSalva\/\",\"https:\/\/x.com\/OftalmedicSalva\",\"https:\/\/www.instagram.com\/oftalmedic_salva\",\"https:\/\/www.youtube.com\/channel\/UCWrAdUQk6ZmrfVUqBwX0cug\",\"https:\/\/www.linkedin.com\/company\/oftalmedic-clnica-salv\/\"]}]}<\/script>\n<!-- \/ Yoast SEO plugin. -->","yoast_head_json":{"title":"Dr. Sybella Mu\u00f1oz: Spezialist f\u00fcr Augenkorrekturen: Oftalmedic Salv\u00e0","description":"Dr. Sybella Mu\u00f1oz, Fach\u00e4rztin f\u00fcr Okuloplastik, Kataraktbehandlung und allgemeine Augenheilkunde. Augen\u00e4rztin bei Oftalmedic Salv\u00e0.","robots":{"index":"index","follow":"follow","max-snippet":"max-snippet:-1","max-image-preview":"max-image-preview:large","max-video-preview":"max-video-preview:-1"},"canonical":"https:\/\/oftalmedic.es\/de\/equipo\/dra-sybella-munoz-schiattino\/","og_locale":"de_DE","og_type":"article","og_title":"Dr. Sybella Mu\u00f1oz: Spezialist f\u00fcr Augenkorrekturen: Oftalmedic Salv\u00e0","og_description":"Dr. Sybella Mu\u00f1oz, Fach\u00e4rztin f\u00fcr Okuloplastik, Kataraktbehandlung und allgemeine Augenheilkunde. Augen\u00e4rztin bei Oftalmedic Salv\u00e0.","og_url":"https:\/\/oftalmedic.es\/de\/equipo\/dra-sybella-munoz-schiattino\/","og_site_name":"Oftalmedic Salv\u00e1","article_publisher":"https:\/\/www.facebook.com\/OftalmedicSalva\/","article_modified_time":"2025-07-08T14:01:53+00:00","twitter_card":"summary_large_image","twitter_site":"@OftalmedicSalva","twitter_misc":{"Gesch\u00e4tzte Lesezeit":"5\u00a0Minuten"},"schema":{"@context":"https:\/\/schema.org","@graph":[{"@type":"WebPage","@id":"https:\/\/oftalmedic.es\/de\/equipo\/dra-sybella-munoz-schiattino\/","url":"https:\/\/oftalmedic.es\/de\/equipo\/dra-sybella-munoz-schiattino\/","name":"Dr. Sybella Mu\u00f1oz: Spezialist f\u00fcr Augenkorrekturen: Oftalmedic Salv\u00e0","isPartOf":{"@id":"https:\/\/oftalmedic.es\/de\/#website"},"datePublished":"2025-07-08T14:01:52+00:00","dateModified":"2025-07-08T14:01:53+00:00","description":"Dr. Sybella Mu\u00f1oz, Fach\u00e4rztin f\u00fcr Okuloplastik, Kataraktbehandlung und allgemeine Augenheilkunde. Augen\u00e4rztin bei Oftalmedic Salv\u00e0.","breadcrumb":{"@id":"https:\/\/oftalmedic.es\/de\/equipo\/dra-sybella-munoz-schiattino\/#breadcrumb"},"inLanguage":"de","potentialAction":[{"@type":"ReadAction","target":["https:\/\/oftalmedic.es\/de\/equipo\/dra-sybella-munoz-schiattino\/"]}]},{"@type":"BreadcrumbList","@id":"https:\/\/oftalmedic.es\/de\/equipo\/dra-sybella-munoz-schiattino\/#breadcrumb","itemListElement":[{"@type":"ListItem","position":1,"name":"Portada","item":"https:\/\/oftalmedic.es\/de\/"},{"@type":"ListItem","position":2,"name":"Dra. Sybella Mu\u00f1oz Schiattino"}]},{"@type":"WebSite","@id":"https:\/\/oftalmedic.es\/de\/#website","url":"https:\/\/oftalmedic.es\/de\/","name":"Oftalmedic Salv\u00e1","description":"Red de cl\u00ednicas oftalmol\u00f3gicas de referencia en Baleares. Pionera en tecnolog\u00eda l\u00e1ser para cirug\u00eda de cataratas y correcci\u00f3n de la miop\u00eda, hipermetrop\u00eda, astigmatismo y presbicia o vista cansada.","publisher":{"@id":"https:\/\/oftalmedic.es\/de\/#organization"},"potentialAction":[{"@type":"SearchAction","target":{"@type":"EntryPoint","urlTemplate":"https:\/\/oftalmedic.es\/de\/?s={search_term_string}"},"query-input":{"@type":"PropertyValueSpecification","valueRequired":true,"valueName":"search_term_string"}}],"inLanguage":"de"},{"@type":"Organization","@id":"https:\/\/oftalmedic.es\/de\/#organization","name":"[wpseo_titles]company_Nombre","url":"https:\/\/oftalmedic.es\/de\/","logo":{"@type":"ImageObject","inLanguage":"de","@id":"https:\/\/oftalmedic.es\/de\/#\/schema\/logo\/image\/","url":"https:\/\/oftalmedic.es\/wp-content\/uploads\/2018\/06\/logo-oftalmedic.png","contentUrl":"https:\/\/oftalmedic.es\/wp-content\/uploads\/2018\/06\/logo-oftalmedic.png","width":200,"height":58,"caption":"[wpseo_titles]company_Nombre"},"image":{"@id":"https:\/\/oftalmedic.es\/de\/#\/schema\/logo\/image\/"},"sameAs":["https:\/\/www.facebook.com\/OftalmedicSalva\/","https:\/\/x.com\/OftalmedicSalva","https:\/\/www.instagram.com\/oftalmedic_salva","https:\/\/www.youtube.com\/channel\/UCWrAdUQk6ZmrfVUqBwX0cug","https:\/\/www.linkedin.com\/company\/oftalmedic-clnica-salv\/"]}]}},"_links":{"self":[{"href":"https:\/\/oftalmedic.es\/de\/wp-json\/wp\/v2\/pages\/11719","targetHints":{"allow":["GET"]}}],"collection":[{"href":"https:\/\/oftalmedic.es\/de\/wp-json\/wp\/v2\/pages"}],"about":[{"href":"https:\/\/oftalmedic.es\/de\/wp-json\/wp\/v2\/types\/page"}],"author":[{"embeddable":true,"href":"https:\/\/oftalmedic.es\/de\/wp-json\/wp\/v2\/users\/5"}],"replies":[{"embeddable":true,"href":"https:\/\/oftalmedic.es\/de\/wp-json\/wp\/v2\/comments?post=11719"}],"version-history":[{"count":0,"href":"https:\/\/oftalmedic.es\/de\/wp-json\/wp\/v2\/pages\/11719\/revisions"}],"up":[{"embeddable":true,"href":"https:\/\/oftalmedic.es\/de\/wp-json\/wp\/v2\/pages\/12465"}],"wp:attachment":[{"href":"https:\/\/oftalmedic.es\/de\/wp-json\/wp\/v2\/media?parent=11719"}],"curies":[{"name":"wp","href":"https:\/\/api.w.org\/{rel}","templated":true}]}}