{"id":11742,"date":"2025-07-08T14:31:54","date_gmt":"2025-07-08T14:31:54","guid":{"rendered":"https:\/\/oftalmedic.rwdesarrollos.es\/team\/dra-teresa-salva-palomeque\/"},"modified":"2025-11-07T10:37:47","modified_gmt":"2025-11-07T10:37:47","slug":"dra-teresa-salva-palomeque","status":"publish","type":"page","link":"https:\/\/oftalmedic.es\/de\/equipo\/dra-teresa-salva-palomeque\/","title":{"rendered":"Dra. Teresa Salv\u00e0 Palomeque"},"content":{"rendered":"[vc_row type=&#8220;in_container&#8220; full_screen_row_position=&#8220;middle&#8220; column_margin=&#8220;default&#8220; column_direction=&#8220;default&#8220; column_direction_tablet=&#8220;default&#8220; column_direction_phone=&#8220;default&#8220; scene_position=&#8220;center&#8220; bottom_padding=&#8220;30&#8243; text_color=&#8220;dark&#8220; text_align=&#8220;left&#8220; row_border_radius=&#8220;none&#8220; row_border_radius_applies=&#8220;bg&#8220; overflow=&#8220;visible&#8220; overlay_strength=&#8220;0.3&#8243; gradient_direction=&#8220;left_to_right&#8220; shape_divider_position=&#8220;bottom&#8220; bg_image_animation=&#8220;none&#8220; shape_type=&#8220;&#8220;][vc_column column_padding=&#8220;no-extra-padding&#8220; column_padding_tablet=&#8220;inherit&#8220; column_padding_phone=&#8220;inherit&#8220; column_padding_position=&#8220;all&#8220; column_element_direction_desktop=&#8220;default&#8220; column_element_spacing=&#8220;default&#8220; desktop_text_alignment=&#8220;default&#8220; tablet_text_alignment=&#8220;default&#8220; phone_text_alignment=&#8220;default&#8220; background_color_opacity=&#8220;1&#8243; background_hover_color_opacity=&#8220;1&#8243; column_backdrop_filter=&#8220;none&#8220; column_shadow=&#8220;none&#8220; column_border_radius=&#8220;none&#8220; column_link_target=&#8220;_self&#8220; column_position=&#8220;default&#8220; gradient_direction=&#8220;left_to_right&#8220; overlay_strength=&#8220;0.3&#8243; width=&#8220;2\/3&#8243; tablet_width_inherit=&#8220;default&#8220; animation_type=&#8220;default&#8220; bg_image_animation=&#8220;none&#8220; border_type=&#8220;simple&#8220; column_border_width=&#8220;none&#8220; column_border_style=&#8220;solid&#8220;][vc_row_inner column_margin=&#8220;default&#8220; column_direction=&#8220;default&#8220; column_direction_tablet=&#8220;default&#8220; column_direction_phone=&#8220;default&#8220; text_align=&#8220;left&#8220; row_position=&#8220;default&#8220; row_position_tablet=&#8220;inherit&#8220; row_position_phone=&#8220;inherit&#8220; overflow=&#8220;visible&#8220; pointer_events=&#8220;all&#8220;][vc_column_inner column_padding=&#8220;no-extra-padding&#8220; column_padding_tablet=&#8220;inherit&#8220; column_padding_phone=&#8220;inherit&#8220; column_padding_position=&#8220;all&#8220; column_element_direction_desktop=&#8220;default&#8220; column_element_spacing=&#8220;default&#8220; desktop_text_alignment=&#8220;default&#8220; tablet_text_alignment=&#8220;default&#8220; phone_text_alignment=&#8220;default&#8220; background_color_opacity=&#8220;1&#8243; background_hover_color_opacity=&#8220;1&#8243; column_backdrop_filter=&#8220;none&#8220; column_shadow=&#8220;none&#8220; column_border_radius=&#8220;none&#8220; column_link_target=&#8220;_self&#8220; overflow=&#8220;visible&#8220; gradient_direction=&#8220;left_to_right&#8220; overlay_strength=&#8220;0.3&#8243; width=&#8220;1\/3&#8243; tablet_width_inherit=&#8220;default&#8220; animation_type=&#8220;default&#8220; bg_image_animation=&#8220;none&#8220; border_type=&#8220;simple&#8220; column_border_width=&#8220;none&#8220; column_border_style=&#8220;solid&#8220;][image_with_animation image_url=&#8220;7930&#8243; image_size=&#8220;full&#8220; animation_type=&#8220;entrance&#8220; animation=&#8220;Fade In&#8220; animation_easing=&#8220;default&#8220; animation_movement_type=&#8220;transform_y&#8220; hover_animation=&#8220;none&#8220; alignment=&#8220;&#8220; border_radius=&#8220;none&#8220; box_shadow=&#8220;none&#8220; image_loading=&#8220;default&#8220; max_width=&#8220;100%&#8220; max_width_mobile=&#8220;default&#8220;][\/vc_column_inner][vc_column_inner column_padding=&#8220;no-extra-padding&#8220; column_padding_tablet=&#8220;inherit&#8220; column_padding_phone=&#8220;inherit&#8220; column_padding_position=&#8220;all&#8220; column_element_direction_desktop=&#8220;default&#8220; column_element_spacing=&#8220;default&#8220; desktop_text_alignment=&#8220;default&#8220; tablet_text_alignment=&#8220;default&#8220; phone_text_alignment=&#8220;default&#8220; background_color_opacity=&#8220;1&#8243; background_hover_color_opacity=&#8220;1&#8243; column_backdrop_filter=&#8220;none&#8220; column_shadow=&#8220;none&#8220; column_border_radius=&#8220;none&#8220; column_link_target=&#8220;_self&#8220; overflow=&#8220;visible&#8220; gradient_direction=&#8220;left_to_right&#8220; overlay_strength=&#8220;0.3&#8243; width=&#8220;2\/3&#8243; tablet_width_inherit=&#8220;default&#8220; animation_type=&#8220;default&#8220; bg_image_animation=&#8220;none&#8220; border_type=&#8220;simple&#8220; column_border_width=&#8220;none&#8220; column_border_style=&#8220;solid&#8220;][vc_column_text]\n<h1>Dra. Teresa Salv\u00e0 Palomeque <\/h1>\n<p>Mitglied Nr.: 070710467[\/vc_column_text][divider line_type=&#8220;Small Line&#8220; line_alignment=&#8220;default&#8220; line_thickness=&#8220;4&#8243; divider_color=&#8220;default&#8220; animate=&#8220;yes&#8220; custom_height=&#8220;30&#8243;][vc_column_text]\n<h5>Ausbildung und Qualifikationen<\/h5>\n<ul>\n<li>Abschluss in Medizin an der Universit\u00e4t von Barcelona (UB), Krankenhausklinik, 2016.<\/li>\n<li>Facharzt f\u00fcr Augenheilkunde \u00fcber MIR am Hospital Universitario Ram\u00f3n y Cajal (Madrid), 2021.<\/li>\n<li>Externe Rotation in der Abteilung f\u00fcr Netzhaut und Glask\u00f6rper, Hospital Universitario Son Ll\u00e0tzer, Oktober 2020.<\/li>\n<li>The Basic Science Examination in Ophthalmology. Passed, 2018. <\/li>\n<li>Die Pr\u00fcfung f\u00fcr Optik und Refraktion in der Ophthalmologie. Bestanden, 2019. <\/li>\n<\/ul>\n<h5>Berufserfahrung<\/h5>\n<ul>\n<li>Assistenz\u00e4rztin in der Augenheilkunde am Hospital Universitario Ram\u00f3n y Cajal (Madrid), 2017-2021.<\/li>\n<li>Augenarzt bei Oftalmedic Salv\u00e0 seit 2021.<\/li>\n<\/ul>\n<h5>Wissenschaftliche Aktivit\u00e4ten<\/h5>\n<ul>\n<li>Salva-Palomeque T, Munoz-Ramon P, Alonso-Formento N, Albandea AR, Barrancos C, Sales-Sanz M. Kongenitales Tr\u00e4nensackdivertikel. J AAPOS. 2020 Aug;24(4):247-249.  <\/li>\n<li>De-Arriba-Palomero F, Salva-Palomeque T, de-Arriba-Palomero P, Arnalich-Montiel F. Eur J Ophthalmol. 2020 Sep 9;1120672120957581. doi: 10.1177\/1120672120957581. Online ahead of print.   <\/li>\n<li>Salva-Palomeque T, Ruiz-Casas D, Alonso-Formento N. Bilaterale spontane suprachoroidale Blutung bei einem Patienten, der ein niedermolekulares Heparin einnimmt. Arch Soc Esp Oftalmol. 2021 Jan 27;S0365-6691(20)30493-7. doi: 10.1016\/j.oftal.2020.11.023. Online ahead of print.    <\/li>\n<li>Laura Diez-Alvarez, Teresa Salva-Palomeque, Laia Jaumandreu, Marta Gomez-Mariscal, Francisco J. Munoz-Negrete, Gema Rebolleda. Okul\u00e4re Toxizit\u00e4t nach versehentlicher \u00dcberdosierung von intrakameralem Cefuroxim bei Kataraktoperationen. Arch Soc Esp Oftalmol. Angenommen zur Ver\u00f6ffentlichung im M\u00e4rz 2021.   <\/li>\n<li>Nicht-penetrierende tiefe Sklerektomie bei Patienten mit okul\u00e4rer Hypertension nach intravitrealer Injektion von Dexamethason. Clara Auladell, Ma Teresa Salva, Ane Perez-Sarriegui, Laura Diez-Alvarez, Francisco J. Munoz-Negrete. Jahrestagung der Sociedad Madrile\u00f1a de Oftalmolog\u00eda. Mitteilung im Panel. Madrid, Dezember 2017.    <\/li>\n<li>N\u00fctzlichkeit der Weitfeld-Angiofluoreszeinographie der Netzhaut beim Screening der famili\u00e4ren exsudativen Vitreoretinopathie. Maria Moreno Lopez, Teresa Salva Palomeque, Fernando de Arriba Palomero, Ana D\u0131 \u0301az Montealegre. Jahrestagung der Sociedad Madrile\u00f1a de Oftalmolog\u00eda. Panel-Kommunikation. Madrid, Dezember 2018.    <\/li>\n<li>Okul\u00e4re Rosazea: Bedeutung einer korrekten Diagnose und Behandlung. Teresa Salva Palomeque, Pablo de Arriba Palomero, Carlota Fuente Garcia. SECOIR (Spanische Gesellschaft f\u00fcr implantatbasierte refraktive Augenchirurgie). Mitteilung im Panel. Santiago de Compostela, Mai 2019.    <\/li>\n<li>Perineuritis im Zusammenhang mit idiopathischer orbitaler Entz\u00fcndung. Mitteilung im Panel. Ignacio Garc\u00eda, Teresa Salv\u00e0, Ana Albandea, Nieves Alonso. SECPOO (Spanische Gesellschaft f\u00fcr Plastische Okul\u00e4re und Orbitale Chirurgie).  Barcelona, Juni 2019.<\/li>\n<li>Angio-OCT und Alter: Variabilit\u00e4t bei der Untersuchung von zwei Gruppen gesunder Personen. Teresa Salva Palomeque, Victor Aguado Casanova, Ana Diaz Montealegre, Beatriz Felix Espinar, Maria Moreno Lopez. Spanische Gesellschaft f\u00fcr Ophthalmologie. Mitteilung im Forum. Madrid, September 2019.    <\/li>\n<li>Angiographie-OCT bei zentraler Netzhautvenenobstruktion mit naivem Makula\u00f6dem: vorl\u00e4ufige Studie. Ana D\u00edaz Montealegre, Maria Teresa Salva Palomeque, Maria Moreno L\u00f3pez, Sara Ortiz Toquero. Jahrestagung der Madrider Gesellschaft f\u00fcr Ophthalmologie. Mitteilung im Panel. Madrid, Dezember 2019.    <\/li>\n<li>Augentoxizit\u00e4t nach hochdosierter intrakameraler Cefuroxim-Injektion. Teresa Salva, Laura Diez, Laia Jaumandreu, Francisco Munoz-Negrete. Jahrestagung der Madrider Gesellschaft f\u00fcr Ophthalmologie. Mitteilung im Panel. Madrid, Dezember 2019.    <\/li>\n<li>Inferiore periphere Iridektomie als Behandlung der akuten okul\u00e4ren Hypertension infolge der Migration von Silikon\u00f6l in die vordere Augenkammer. Teresa Salva, Laia Jaumandreu, Laura Diez, Ana Diaz, Beatriz Felix, Francisco Munoz-Negrete. Spanische Glaukom-Gesellschaft. Mitteilung des Gremiums. Online, April 2020.    <\/li>\n<li>Aus wachstumsfaktorreichem Plasma gewonnene Fibrinmembran (mPRGF\u00e2\/Endoret\u00e2) als therapeutische Option f\u00fcr den Verschluss kleiner Defekte bei Filtrationsblasen. Laia Jaumandreu, Francisco Munoz-Negrete, Laura Diez, Teresa Salva, Gema Rebolleda. Spanische Glaukom-Gesellschaft. Mitteilung des Gremiums. Online, April 2020.    <\/li>\n<li>Ver\u00e4nderungen der Lidspalte nach einer Filterglaukomoperation. Teresa Salva, Pablo Munoz, Francisco Munoz-Negrete, Laura Diez, Laia Jaumandreu, Gema Rebolleda. Spanische Glaukom-Gesellschaft. M\u00fcndliche Mitteilung. Online, April 2020.    <\/li>\n<li>Ver\u00e4nderungen der Augenlidstellung nach einer Glaukom-Filterungschirurgie. Teresa Salva, Pablo Munoz, Francisco Munoz-Negrete, Laura Diez, Laia Jaumandreu, Gema Rebolleda. Kongress der Europ\u00e4ischen Glaukom-Gesellschaft. Mitteilung des Gremiums. Online, Dezember 2020.    <\/li>\n<li>Iridoplastik nach Siepser bei phaken Patienten. Diego Ruiz Casas, Fernando de Arriba Palomero, Teresa Salva Palomeque. Jahrestagung der Madrider Gesellschaft f\u00fcr Ophthalmologie. Video-Symposium. Madrid, Dezember 2018.    <\/li>\n<li>Kurs \u00fcber grundlegende chirurgische Techniken. Universit\u00e4tsklinikum Ram\u00f3n y Cajal, 2017. <\/li>\n<li>Monographischer Einf\u00fchrungskurs in die Ophthalmologie: Ram\u00f3n Castroviejo. Madrid, 2018. <\/li>\n<li>Live-Kurs \u00fcber Netzhautchirurgie und AngioOCT. Hospital Universitario La Paz, 2018. <\/li>\n<li>VII. Ausbildungskurs in okuloplastischer Chirurgie. Universit\u00e4tsklinikum Ram\u00f3n y Cajal, 2018. <\/li>\n<li>XI. Zweij\u00e4hrlicher Auffrischungskurs in Neuro-Ophthalmologie. Universit\u00e4tsklinikum Ram\u00f3n y Cajal, 2019. <\/li>\n<li>Retinal Pearls. Video-Symposium \u00fcber klinische F\u00e4lle, chirurgische Man\u00f6ver und intraoperative Komplikationen von Kleinkalibern, 2019. <\/li>\n<li>Fortgeschrittene Operationstechniken im Drylab f\u00fcr den Chirurgen des vorderen Augenabschnitts: Skleral fixierte IOLs, Reparatur von Irisverletzungen und Menaging. Kongress der Europ\u00e4ischen Gesellschaft f\u00fcr Katarakt- und refraktive Chirurgie (ESCRS), 2019. <\/li>\n<li>Online-Kurs der Netzhaut- und Glask\u00f6rperakademie: Medizinischer und chirurgischer Kurs. 2018.<\/li>\n<li>Kurs Ophthalmologie aktuell. Universit\u00e4tsklinikum Ram\u00f3n y Cajal, 2018-2019-2020.  <\/li>\n<li>Refraktiver Mentorenkurs am Instituto Alcon und der Clinica Rementer\u00eda, Madrid, 2020.<\/li>\n<li>Online-Kurs \u00fcber Glaukom, organisiert vom Universit\u00e4tsinstitut f\u00fcr angewandte Augenheilkunde (IOBA) der Universit\u00e4t Valladolid, 2020.<\/li>\n<li>Online-Kurs Internationale Konferenz zur Harmonisierung der guten klinischen Praxis E6, 2020.<\/li>\n<li>Online-Auffrischungskurs f\u00fcr MIR und POSTMIR: Grundlagen der Hornhaut- und Phakoimplantat-refraktiven Chirurgie im Auftrag der Spanischen Gesellschaft f\u00fcr okulare Implantat-refraktive Chirurgie. Januar 2021. <\/li>\n<\/ul>\n<h5>Sprachen<\/h5>\n<p>Spanisch, Katalanisch, Englisch.[\/vc_column_text][nectar_btn size=&#8220;small&#8220; button_style=&#8220;regular&#8220; button_color_2=&#8220;Accent-Color&#8220; icon_family=&#8220;none&#8220; url=&#8220;\/equipo\/&#8220; text=&#8220;MEDIZINISCHES TEAM&#8220; margin_top=&#8220;30px&#8220;][\/vc_column_inner][\/vc_row_inner][\/vc_column][vc_column column_padding=&#8220;padding-2-percent&#8220; column_padding_tablet=&#8220;inherit&#8220; column_padding_phone=&#8220;inherit&#8220; column_padding_position=&#8220;left-right&#8220; column_element_direction_desktop=&#8220;default&#8220; column_element_spacing=&#8220;default&#8220; desktop_text_alignment=&#8220;default&#8220; tablet_text_alignment=&#8220;default&#8220; phone_text_alignment=&#8220;default&#8220; background_color_opacity=&#8220;1&#8243; background_hover_color_opacity=&#8220;1&#8243; column_backdrop_filter=&#8220;none&#8220; column_shadow=&#8220;none&#8220; column_border_radius=&#8220;none&#8220; column_link_target=&#8220;_self&#8220; column_position=&#8220;default&#8220; gradient_direction=&#8220;left_to_right&#8220; overlay_strength=&#8220;0.3&#8243; width=&#8220;1\/3&#8243; tablet_width_inherit=&#8220;default&#8220; animation_type=&#8220;default&#8220; bg_image_animation=&#8220;none&#8220; border_type=&#8220;simple&#8220; column_border_width=&#8220;none&#8220; column_border_style=&#8220;solid&#8220;][vc_column_text css=&#8220;.vc_custom_1762511059010{padding-top: 20px !important;padding-right: 20px !important;padding-bottom: 20px !important;padding-left: 20px !important;background-color: #f8f8f8 !important;}&#8220;]\n<h5><strong>Spezialisiert auf<\/strong><\/h5>\n<ul>\n<li class=\"m_3265373467215399838MsoListParagraph\"><a href=\"https:\/\/oftalmedic.es\/de\/unidad-de-retina\/\" target=\"_blank\" rel=\"noopener\">Netzhaut und Glask\u00f6rper<\/a><\/li>\n<li><a href=\"https:\/\/oftalmedic.es\/de\/cataratas\/\" target=\"_blank\" rel=\"noopener\">Behandlung des Grauen Stars<\/a><\/li>\n<\/ul>\n[\/vc_column_text][divider line_type=&#8220;No Line&#8220;][\/vc_column][\/vc_row]\n","protected":false},"excerpt":{"rendered":"<p>[vc_row type=&#8220;in_container&#8220; full_screen_row_position=&#8220;middle&#8220; column_margin=&#8220;default&#8220; column_direction=&#8220;default&#8220; column_direction_tablet=&#8220;default&#8220; column_direction_phone=&#8220;default&#8220; scene_position=&#8220;center&#8220; bottom_padding=&#8220;30&#8243; text_color=&#8220;dark&#8220; text_align=&#8220;left&#8220; row_border_radius=&#8220;none&#8220; row_border_radius_applies=&#8220;bg&#8220; overflow=&#8220;visible&#8220; overlay_strength=&#8220;0.3&#8243; gradient_direction=&#8220;left_to_right&#8220; shape_divider_position=&#8220;bottom&#8220; bg_image_animation=&#8220;none&#8220; shape_type=&#8220;&#8220;][vc_column column_padding=&#8220;no-extra-padding&#8220; column_padding_tablet=&#8220;inherit&#8220; column_padding_phone=&#8220;inherit&#8220; column_padding_position=&#8220;all&#8220; column_element_direction_desktop=&#8220;default&#8220; column_element_spacing=&#8220;default&#8220; desktop_text_alignment=&#8220;default&#8220; tablet_text_alignment=&#8220;default&#8220; phone_text_alignment=&#8220;default&#8220; background_color_opacity=&#8220;1&#8243; background_hover_color_opacity=&#8220;1&#8243; column_backdrop_filter=&#8220;none&#8220; column_shadow=&#8220;none&#8220; column_border_radius=&#8220;none&#8220; column_link_target=&#8220;_self&#8220; column_position=&#8220;default&#8220; gradient_direction=&#8220;left_to_right&#8220; overlay_strength=&#8220;0.3&#8243; width=&#8220;2\/3&#8243; tablet_width_inherit=&#8220;default&#8220; animation_type=&#8220;default&#8220; bg_image_animation=&#8220;none&#8220; border_type=&#8220;simple&#8220; column_border_width=&#8220;none&#8220; column_border_style=&#8220;solid&#8220;][vc_row_inner column_margin=&#8220;default&#8220; column_direction=&#8220;default&#8220; column_direction_tablet=&#8220;default&#8220; column_direction_phone=&#8220;default&#8220; text_align=&#8220;left&#8220; row_position=&#8220;default&#8220; row_position_tablet=&#8220;inherit&#8220; row_position_phone=&#8220;inherit&#8220; overflow=&#8220;visible&#8220; pointer_events=&#8220;all&#8220;][vc_column_inner column_padding=&#8220;no-extra-padding&#8220; column_padding_tablet=&#8220;inherit&#8220; column_padding_phone=&#8220;inherit&#8220; column_padding_position=&#8220;all&#8220; column_element_direction_desktop=&#8220;default&#8220; column_element_spacing=&#8220;default&#8220;&#8230;<\/p>\n","protected":false},"author":5,"featured_media":0,"parent":12465,"menu_order":0,"comment_status":"closed","ping_status":"closed","template":"","meta":{"footnotes":""},"class_list":["post-11742","page","type-page","status-publish"],"yoast_head":"<!-- This site is optimized with the Yoast SEO plugin v27.1.1 - https:\/\/yoast.com\/product\/yoast-seo-wordpress\/ -->\n<title>Dr. Teresa Salv\u00e0 Palomeque: Glaukomspezialist: Oftalmedic Salv\u00e0<\/title>\n<meta name=\"description\" content=\"Dr. Teresa Salv\u00e0 Palomeque. Spezialistin f\u00fcr Glaukom, medizinische Netzhaut- und Kataraktbehandlung in Palma. Augenarzt bei Oftalmedic Salv\u00e0.\" \/>\n<meta name=\"robots\" content=\"index, follow, max-snippet:-1, max-image-preview:large, max-video-preview:-1\" \/>\n<link rel=\"canonical\" href=\"https:\/\/oftalmedic.es\/de\/equipo\/dra-teresa-salva-palomeque\/\" \/>\n<meta property=\"og:locale\" content=\"de_DE\" \/>\n<meta property=\"og:type\" content=\"article\" \/>\n<meta property=\"og:title\" content=\"Dr. Teresa Salv\u00e0 Palomeque: Glaukomspezialist: Oftalmedic Salv\u00e0\" \/>\n<meta property=\"og:description\" content=\"Dr. Teresa Salv\u00e0 Palomeque. Spezialistin f\u00fcr Glaukom, medizinische Netzhaut- und Kataraktbehandlung in Palma. Augenarzt bei Oftalmedic Salv\u00e0.\" \/>\n<meta property=\"og:url\" content=\"https:\/\/oftalmedic.es\/de\/equipo\/dra-teresa-salva-palomeque\/\" \/>\n<meta property=\"og:site_name\" content=\"Oftalmedic Salv\u00e1\" \/>\n<meta property=\"article:publisher\" content=\"https:\/\/www.facebook.com\/OftalmedicSalva\/\" \/>\n<meta property=\"article:modified_time\" content=\"2025-11-07T10:37:47+00:00\" \/>\n<meta name=\"twitter:card\" content=\"summary_large_image\" \/>\n<meta name=\"twitter:site\" content=\"@OftalmedicSalva\" \/>\n<meta name=\"twitter:label1\" content=\"Gesch\u00e4tzte Lesezeit\" \/>\n\t<meta name=\"twitter:data1\" content=\"7\u00a0Minuten\" \/>\n<script type=\"application\/ld+json\" class=\"yoast-schema-graph\">{\"@context\":\"https:\/\/schema.org\",\"@graph\":[{\"@type\":\"WebPage\",\"@id\":\"https:\/\/oftalmedic.es\/de\/equipo\/dra-teresa-salva-palomeque\/\",\"url\":\"https:\/\/oftalmedic.es\/de\/equipo\/dra-teresa-salva-palomeque\/\",\"name\":\"Dr. Teresa Salv\u00e0 Palomeque: Glaukomspezialist: Oftalmedic Salv\u00e0\",\"isPartOf\":{\"@id\":\"https:\/\/oftalmedic.es\/de\/#website\"},\"datePublished\":\"2025-07-08T14:31:54+00:00\",\"dateModified\":\"2025-11-07T10:37:47+00:00\",\"description\":\"Dr. Teresa Salv\u00e0 Palomeque. Spezialistin f\u00fcr Glaukom, medizinische Netzhaut- und Kataraktbehandlung in Palma. Augenarzt bei Oftalmedic Salv\u00e0.\",\"breadcrumb\":{\"@id\":\"https:\/\/oftalmedic.es\/de\/equipo\/dra-teresa-salva-palomeque\/#breadcrumb\"},\"inLanguage\":\"de\",\"potentialAction\":[{\"@type\":\"ReadAction\",\"target\":[\"https:\/\/oftalmedic.es\/de\/equipo\/dra-teresa-salva-palomeque\/\"]}]},{\"@type\":\"BreadcrumbList\",\"@id\":\"https:\/\/oftalmedic.es\/de\/equipo\/dra-teresa-salva-palomeque\/#breadcrumb\",\"itemListElement\":[{\"@type\":\"ListItem\",\"position\":1,\"name\":\"Portada\",\"item\":\"https:\/\/oftalmedic.es\/de\/\"},{\"@type\":\"ListItem\",\"position\":2,\"name\":\"Equipo\",\"item\":\"https:\/\/oftalmedic.es\/de\/equipo\/\"},{\"@type\":\"ListItem\",\"position\":3,\"name\":\"Dra. Teresa Salv\u00e0 Palomeque\"}]},{\"@type\":\"WebSite\",\"@id\":\"https:\/\/oftalmedic.es\/de\/#website\",\"url\":\"https:\/\/oftalmedic.es\/de\/\",\"name\":\"Oftalmedic Salv\u00e1\",\"description\":\"Red de cl\u00ednicas oftalmol\u00f3gicas de referencia en Baleares. Pionera en tecnolog\u00eda l\u00e1ser para cirug\u00eda de cataratas y correcci\u00f3n de la miop\u00eda, hipermetrop\u00eda, astigmatismo y presbicia o vista cansada.\",\"publisher\":{\"@id\":\"https:\/\/oftalmedic.es\/de\/#organization\"},\"potentialAction\":[{\"@type\":\"SearchAction\",\"target\":{\"@type\":\"EntryPoint\",\"urlTemplate\":\"https:\/\/oftalmedic.es\/de\/?s={search_term_string}\"},\"query-input\":{\"@type\":\"PropertyValueSpecification\",\"valueRequired\":true,\"valueName\":\"search_term_string\"}}],\"inLanguage\":\"de\"},{\"@type\":\"Organization\",\"@id\":\"https:\/\/oftalmedic.es\/de\/#organization\",\"name\":\"[wpseo_titles]company_Nombre\",\"url\":\"https:\/\/oftalmedic.es\/de\/\",\"logo\":{\"@type\":\"ImageObject\",\"inLanguage\":\"de\",\"@id\":\"https:\/\/oftalmedic.es\/de\/#\/schema\/logo\/image\/\",\"url\":\"https:\/\/oftalmedic.es\/wp-content\/uploads\/2018\/06\/logo-oftalmedic.png\",\"contentUrl\":\"https:\/\/oftalmedic.es\/wp-content\/uploads\/2018\/06\/logo-oftalmedic.png\",\"width\":200,\"height\":58,\"caption\":\"[wpseo_titles]company_Nombre\"},\"image\":{\"@id\":\"https:\/\/oftalmedic.es\/de\/#\/schema\/logo\/image\/\"},\"sameAs\":[\"https:\/\/www.facebook.com\/OftalmedicSalva\/\",\"https:\/\/x.com\/OftalmedicSalva\",\"https:\/\/www.instagram.com\/oftalmedic_salva\",\"https:\/\/www.youtube.com\/channel\/UCWrAdUQk6ZmrfVUqBwX0cug\",\"https:\/\/www.linkedin.com\/company\/oftalmedic-clnica-salv\/\"]}]}<\/script>\n<!-- \/ Yoast SEO plugin. -->","yoast_head_json":{"title":"Dr. Teresa Salv\u00e0 Palomeque: Glaukomspezialist: Oftalmedic Salv\u00e0","description":"Dr. Teresa Salv\u00e0 Palomeque. Spezialistin f\u00fcr Glaukom, medizinische Netzhaut- und Kataraktbehandlung in Palma. Augenarzt bei Oftalmedic Salv\u00e0.","robots":{"index":"index","follow":"follow","max-snippet":"max-snippet:-1","max-image-preview":"max-image-preview:large","max-video-preview":"max-video-preview:-1"},"canonical":"https:\/\/oftalmedic.es\/de\/equipo\/dra-teresa-salva-palomeque\/","og_locale":"de_DE","og_type":"article","og_title":"Dr. Teresa Salv\u00e0 Palomeque: Glaukomspezialist: Oftalmedic Salv\u00e0","og_description":"Dr. Teresa Salv\u00e0 Palomeque. Spezialistin f\u00fcr Glaukom, medizinische Netzhaut- und Kataraktbehandlung in Palma. Augenarzt bei Oftalmedic Salv\u00e0.","og_url":"https:\/\/oftalmedic.es\/de\/equipo\/dra-teresa-salva-palomeque\/","og_site_name":"Oftalmedic Salv\u00e1","article_publisher":"https:\/\/www.facebook.com\/OftalmedicSalva\/","article_modified_time":"2025-11-07T10:37:47+00:00","twitter_card":"summary_large_image","twitter_site":"@OftalmedicSalva","twitter_misc":{"Gesch\u00e4tzte Lesezeit":"7\u00a0Minuten"},"schema":{"@context":"https:\/\/schema.org","@graph":[{"@type":"WebPage","@id":"https:\/\/oftalmedic.es\/de\/equipo\/dra-teresa-salva-palomeque\/","url":"https:\/\/oftalmedic.es\/de\/equipo\/dra-teresa-salva-palomeque\/","name":"Dr. Teresa Salv\u00e0 Palomeque: Glaukomspezialist: Oftalmedic Salv\u00e0","isPartOf":{"@id":"https:\/\/oftalmedic.es\/de\/#website"},"datePublished":"2025-07-08T14:31:54+00:00","dateModified":"2025-11-07T10:37:47+00:00","description":"Dr. Teresa Salv\u00e0 Palomeque. Spezialistin f\u00fcr Glaukom, medizinische Netzhaut- und Kataraktbehandlung in Palma. Augenarzt bei Oftalmedic Salv\u00e0.","breadcrumb":{"@id":"https:\/\/oftalmedic.es\/de\/equipo\/dra-teresa-salva-palomeque\/#breadcrumb"},"inLanguage":"de","potentialAction":[{"@type":"ReadAction","target":["https:\/\/oftalmedic.es\/de\/equipo\/dra-teresa-salva-palomeque\/"]}]},{"@type":"BreadcrumbList","@id":"https:\/\/oftalmedic.es\/de\/equipo\/dra-teresa-salva-palomeque\/#breadcrumb","itemListElement":[{"@type":"ListItem","position":1,"name":"Portada","item":"https:\/\/oftalmedic.es\/de\/"},{"@type":"ListItem","position":2,"name":"Equipo","item":"https:\/\/oftalmedic.es\/de\/equipo\/"},{"@type":"ListItem","position":3,"name":"Dra. Teresa Salv\u00e0 Palomeque"}]},{"@type":"WebSite","@id":"https:\/\/oftalmedic.es\/de\/#website","url":"https:\/\/oftalmedic.es\/de\/","name":"Oftalmedic Salv\u00e1","description":"Red de cl\u00ednicas oftalmol\u00f3gicas de referencia en Baleares. Pionera en tecnolog\u00eda l\u00e1ser para cirug\u00eda de cataratas y correcci\u00f3n de la miop\u00eda, hipermetrop\u00eda, astigmatismo y presbicia o vista cansada.","publisher":{"@id":"https:\/\/oftalmedic.es\/de\/#organization"},"potentialAction":[{"@type":"SearchAction","target":{"@type":"EntryPoint","urlTemplate":"https:\/\/oftalmedic.es\/de\/?s={search_term_string}"},"query-input":{"@type":"PropertyValueSpecification","valueRequired":true,"valueName":"search_term_string"}}],"inLanguage":"de"},{"@type":"Organization","@id":"https:\/\/oftalmedic.es\/de\/#organization","name":"[wpseo_titles]company_Nombre","url":"https:\/\/oftalmedic.es\/de\/","logo":{"@type":"ImageObject","inLanguage":"de","@id":"https:\/\/oftalmedic.es\/de\/#\/schema\/logo\/image\/","url":"https:\/\/oftalmedic.es\/wp-content\/uploads\/2018\/06\/logo-oftalmedic.png","contentUrl":"https:\/\/oftalmedic.es\/wp-content\/uploads\/2018\/06\/logo-oftalmedic.png","width":200,"height":58,"caption":"[wpseo_titles]company_Nombre"},"image":{"@id":"https:\/\/oftalmedic.es\/de\/#\/schema\/logo\/image\/"},"sameAs":["https:\/\/www.facebook.com\/OftalmedicSalva\/","https:\/\/x.com\/OftalmedicSalva","https:\/\/www.instagram.com\/oftalmedic_salva","https:\/\/www.youtube.com\/channel\/UCWrAdUQk6ZmrfVUqBwX0cug","https:\/\/www.linkedin.com\/company\/oftalmedic-clnica-salv\/"]}]}},"_links":{"self":[{"href":"https:\/\/oftalmedic.es\/de\/wp-json\/wp\/v2\/pages\/11742","targetHints":{"allow":["GET"]}}],"collection":[{"href":"https:\/\/oftalmedic.es\/de\/wp-json\/wp\/v2\/pages"}],"about":[{"href":"https:\/\/oftalmedic.es\/de\/wp-json\/wp\/v2\/types\/page"}],"author":[{"embeddable":true,"href":"https:\/\/oftalmedic.es\/de\/wp-json\/wp\/v2\/users\/5"}],"replies":[{"embeddable":true,"href":"https:\/\/oftalmedic.es\/de\/wp-json\/wp\/v2\/comments?post=11742"}],"version-history":[{"count":0,"href":"https:\/\/oftalmedic.es\/de\/wp-json\/wp\/v2\/pages\/11742\/revisions"}],"up":[{"embeddable":true,"href":"https:\/\/oftalmedic.es\/de\/wp-json\/wp\/v2\/pages\/12465"}],"wp:attachment":[{"href":"https:\/\/oftalmedic.es\/de\/wp-json\/wp\/v2\/media?parent=11742"}],"curies":[{"name":"wp","href":"https:\/\/api.w.org\/{rel}","templated":true}]}}