{"id":11781,"date":"2025-07-08T14:52:56","date_gmt":"2025-07-08T14:52:56","guid":{"rendered":"https:\/\/oftalmedic.rwdesarrollos.es\/team\/dr-juan-sanchez-naves\/"},"modified":"2025-11-07T11:10:03","modified_gmt":"2025-11-07T11:10:03","slug":"dr-juan-sanchez-naves","status":"publish","type":"page","link":"https:\/\/oftalmedic.es\/de\/equipo\/dr-juan-sanchez-naves\/","title":{"rendered":"Dr. Juan S\u00e1nchez Nav\u00e9s"},"content":{"rendered":"[vc_row type=&#8220;in_container&#8220; full_screen_row_position=&#8220;middle&#8220; column_margin=&#8220;default&#8220; column_direction=&#8220;default&#8220; column_direction_tablet=&#8220;default&#8220; column_direction_phone=&#8220;default&#8220; scene_position=&#8220;center&#8220; bottom_padding=&#8220;30&#8243; text_color=&#8220;dark&#8220; text_align=&#8220;left&#8220; row_border_radius=&#8220;none&#8220; row_border_radius_applies=&#8220;bg&#8220; overflow=&#8220;visible&#8220; overlay_strength=&#8220;0.3&#8243; gradient_direction=&#8220;left_to_right&#8220; shape_divider_position=&#8220;bottom&#8220; bg_image_animation=&#8220;none&#8220; shape_type=&#8220;&#8220;][vc_column column_padding=&#8220;no-extra-padding&#8220; column_padding_tablet=&#8220;inherit&#8220; column_padding_phone=&#8220;inherit&#8220; column_padding_position=&#8220;all&#8220; column_element_direction_desktop=&#8220;default&#8220; column_element_spacing=&#8220;default&#8220; desktop_text_alignment=&#8220;default&#8220; tablet_text_alignment=&#8220;default&#8220; phone_text_alignment=&#8220;default&#8220; background_color_opacity=&#8220;1&#8243; background_hover_color_opacity=&#8220;1&#8243; column_backdrop_filter=&#8220;none&#8220; column_shadow=&#8220;none&#8220; column_border_radius=&#8220;none&#8220; column_link_target=&#8220;_self&#8220; column_position=&#8220;default&#8220; gradient_direction=&#8220;left_to_right&#8220; overlay_strength=&#8220;0.3&#8243; width=&#8220;2\/3&#8243; tablet_width_inherit=&#8220;default&#8220; animation_type=&#8220;default&#8220; bg_image_animation=&#8220;none&#8220; border_type=&#8220;simple&#8220; column_border_width=&#8220;none&#8220; column_border_style=&#8220;solid&#8220;][vc_row_inner column_margin=&#8220;default&#8220; column_direction=&#8220;default&#8220; column_direction_tablet=&#8220;default&#8220; column_direction_phone=&#8220;default&#8220; text_align=&#8220;left&#8220; row_position=&#8220;default&#8220; row_position_tablet=&#8220;inherit&#8220; row_position_phone=&#8220;inherit&#8220; overflow=&#8220;visible&#8220; pointer_events=&#8220;all&#8220;][vc_column_inner column_padding=&#8220;no-extra-padding&#8220; column_padding_tablet=&#8220;inherit&#8220; column_padding_phone=&#8220;inherit&#8220; column_padding_position=&#8220;all&#8220; column_element_direction_desktop=&#8220;default&#8220; column_element_spacing=&#8220;default&#8220; desktop_text_alignment=&#8220;default&#8220; tablet_text_alignment=&#8220;default&#8220; phone_text_alignment=&#8220;default&#8220; background_color_opacity=&#8220;1&#8243; background_hover_color_opacity=&#8220;1&#8243; column_backdrop_filter=&#8220;none&#8220; column_shadow=&#8220;none&#8220; column_border_radius=&#8220;none&#8220; column_link_target=&#8220;_self&#8220; overflow=&#8220;visible&#8220; gradient_direction=&#8220;left_to_right&#8220; overlay_strength=&#8220;0.3&#8243; width=&#8220;1\/3&#8243; tablet_width_inherit=&#8220;default&#8220; animation_type=&#8220;default&#8220; bg_image_animation=&#8220;none&#8220; border_type=&#8220;simple&#8220; column_border_width=&#8220;none&#8220; column_border_style=&#8220;solid&#8220;][image_with_animation image_url=&#8220;7295&#8243; image_size=&#8220;full&#8220; animation_type=&#8220;entrance&#8220; animation=&#8220;Fade In&#8220; animation_easing=&#8220;default&#8220; animation_movement_type=&#8220;transform_y&#8220; hover_animation=&#8220;none&#8220; alignment=&#8220;&#8220; border_radius=&#8220;none&#8220; box_shadow=&#8220;none&#8220; image_loading=&#8220;default&#8220; max_width=&#8220;100%&#8220; max_width_mobile=&#8220;default&#8220;][\/vc_column_inner][vc_column_inner column_padding=&#8220;no-extra-padding&#8220; column_padding_tablet=&#8220;inherit&#8220; column_padding_phone=&#8220;inherit&#8220; column_padding_position=&#8220;all&#8220; column_element_direction_desktop=&#8220;default&#8220; column_element_spacing=&#8220;default&#8220; desktop_text_alignment=&#8220;default&#8220; tablet_text_alignment=&#8220;default&#8220; phone_text_alignment=&#8220;default&#8220; background_color_opacity=&#8220;1&#8243; background_hover_color_opacity=&#8220;1&#8243; column_backdrop_filter=&#8220;none&#8220; column_shadow=&#8220;none&#8220; column_border_radius=&#8220;none&#8220; column_link_target=&#8220;_self&#8220; overflow=&#8220;visible&#8220; gradient_direction=&#8220;left_to_right&#8220; overlay_strength=&#8220;0.3&#8243; width=&#8220;2\/3&#8243; tablet_width_inherit=&#8220;default&#8220; animation_type=&#8220;default&#8220; bg_image_animation=&#8220;none&#8220; border_type=&#8220;simple&#8220; column_border_width=&#8220;none&#8220; column_border_style=&#8220;solid&#8220;][vc_column_text]\n<h1>Dr. Juan S\u00e1nchez Nav\u00e9s<\/h1>\n<p>Mitglied snummer: 070829243[\/vc_column_text][divider line_type=&#8220;Small Line&#8220; line_alignment=&#8220;default&#8220; line_thickness=&#8220;4&#8243; divider_color=&#8220;default&#8220; animate=&#8220;yes&#8220; custom_height=&#8220;30&#8243;][vc_column_text]\n<h5>Ausbildung und Qualifikationen<\/h5>\n<ul>\n<li>Abschluss in Medizin und Chirurgie an der Universit\u00e4t von Barcelona (UB), 1992.<\/li>\n<li>Facharzt f\u00fcr Augenheilkunde, Hospital Cl\u00ednic Barcelona, 1996.<\/li>\n<\/ul>\n<h5>Berufserfahrung<\/h5>\n<p>Pionier auf den Balearen in der Anwendung der Lasik-Technik und der ICL-Intraokularlinsen zur Korrektur von Refraktionsfehlern (Myopie, Hyperopie, Astigmatismus) und in der Behandlung des Grauen Stars seit 25 Jahren.<\/p>\n<ul>\n<li>Augenarzt bei Oftalmedic Salv\u00e0 seit 2021.<\/li>\n<li>Umfassende augen\u00e4rztliche T\u00e4tigkeit auf dem Gebiet der Refraktionsfehler.<\/li>\n<\/ul>\n<h5>Wissenschaftliche Aktivit\u00e4ten<\/h5>\n<ul>\n<li>Wissenschaftliche Zusammenarbeit mit Dr. Rafael Franco Fern\u00e1ndez, Professor f\u00fcr Biochemie und Molekularbiologie an der Universit\u00e4t Barcelona, f\u00fcr die Entwicklung des Forschungsprojekts &#8222;Potential of A2A\/A3 adenosine receptors or A2A\/A3 microglial heteromers as neuroprotection targets&#8220; (Potenzial von A2A\/A3-Adenosinrezeptoren oder A2A\/A3-Mikroglia-Heteromeren als Neuroprotektionsziele), das zum Aufruf 2018 des staatlichen Programms f\u00fcr wissenschaftliche und technische Forschung und Innovation (F&amp;E&amp;I) geh\u00f6rt, das auf die Herausforderungen der Gesellschaft ausgerichtet ist.<\/li>\n<li>Wissenschaftliche Zusammenarbeit mit Dr. Ana Guzm\u00e1n Ar\u00e1nguez, Professorin an der Fakult\u00e4t f\u00fcr Biochemie und Molekularbiologie der Universit\u00e4t Complutense Madrid, f\u00fcr die Entwicklung des Forschungsprojekts &#8222;Wirkung von Melatonin auf das NLRP3-Inflammasom und Exosomen bei chronischen Augenerkrankungen&#8220; im Rahmen der Ausschreibung 2017-2020 des staatlichen Programms f\u00fcr Forschung, Entwicklung und Innovation, das sich an den Herausforderungen der Gesellschaft orientiert. <\/li>\n<li>Wissenschaftliche Zusammenarbeit mit Dr. Juan Gonzalo Carracedo Rodr\u00edguez, Professor an der Fakult\u00e4t f\u00fcr Optometrie und Sehen der Universit\u00e4t Complutense Madrid, bei der Entwicklung des Forschungsprojekts &#8222;Regulierung der Melatoninsynthese im Auge: Auswirkungen auf Augenpathologien&#8220;, das zur Ausschreibung 2016 des staatlichen Programms f\u00fcr F&amp;E&amp;I im Hinblick auf die Herausforderungen der Gesellschaft geh\u00f6rt. Diese Zusammenarbeit erstreckt sich auch auf andere Projekte innerhalb der Complutense-Forschungsgruppe mit dem Titel &#8222;Pharmakologische Biochemie des Auges&#8220;. <\/li>\n<li>Alkozi H. A, P\u00e9rez de Lara M.J., S\u00e1nchez J., Pintor J (abril, 2017). TRPV4-Stimulation induziert Melatonin-Sekretion durch Erh\u00f6hung des Arylalkymin-N-Acetyltransferase (AANAT)-Proteinspiegels. Internationale Zeitschrift f\u00fcr Molekularwissenschaft.  <\/li>\n<li>Alkozi H. A, S\u00e1nchez J., P\u00e9rez de Lara M.J., Carracedo G. et al. Elevated intraocular pressure increases melatonin levels in the aqueous humour (2016). Acta Opthalmologica.  <\/li>\n<li>S\u00e1nchez, J. (2015). Vergleich des Augeninnendrucks vor und nach LASIK, gemessen mit Perkins-Tonometer, kontaktloser Tonometrie und transpalpebralem Tonometer. Zeitschrift f\u00fcr Ophthalmologie, 15.  <\/li>\n<li>S\u00e1nchez, J. (2014). Diadenosinpolyphosphate nach LASIK- und PRK-Techniken. Acta Opthalmologica.  <\/li>\n<li>S\u00e1nchez, J. (diciembre, 2008). Auswirkungen und Dauerhaftigkeit von LASIK-induzierten strukturellen Ver\u00e4nderungen der Hornhaut auf pneumotonometrische Messungen: Beitr\u00e4ge des Flap-Schnitts und der Stroma-Ablation. Journal of Glaucoma.  <\/li>\n<li>Kongress der Europ\u00e4ischen Gesellschaft f\u00fcr Katarakt &amp; Amp; Refraktive Chirurgen (ESCR), Par\u00eds (2019).<\/li>\n<li>16. internationales EVO Visian ICL-Expertentreffen, Par\u00eds (2019).<\/li>\n<li>Amerikanische Gesellschaft f\u00fcr Katarakt &amp; amp; Refraktive Chirurgie (ASCRS), San Diego (2019). Vergleich der LASEK-Ergebnisse mit ICL bei Patienten mit geringer bis mittlerer Myopie. <\/li>\n<li>ASCRS, Washington (2018).<\/li>\n<li>ASCRS, Los Angeles (2017). Melatoninspiegel bei Patienten nach Kataraktoperation mit und ohne O.H.T. <\/li>\n<li>ASCRS, New Orleans (2016). AP4A: Neue Methode zur Erkennung des trockenen Auges nach PRK und Implantation einer epikristallinen Linse. <\/li>\n<li>ARVO-Jahrestagung 2016, Seattle. Erh\u00f6hter Augeninnendruck erh\u00f6ht den Melatoninspiegel im Kammerwasser. <\/li>\n<li>ESCR, Barcelona (2015). Diadenosin-Nukleotide als Messwert f\u00fcr das trockene Auge nach LASIK und PRK. <\/li>\n<li>ASCRS, San Diego (2015).<\/li>\n<li>ASCRS, Boston (2014). Vergleich der Nahvisusergebnisse bei Presbyopie-Behandlung mit Lasik versus multifokaler diffraktiver IOL. <\/li>\n<li>ASCRS, San Francisco (2013). Vergleich von HOAs nach Presbyopie-Behandlung mit Lasik versus multifokaler i.o.l. <\/li>\n<li>ASCRS, Chicago (2012). Diadenosin-Nukleotid-Messungen als Dry Eye Score bei Patienten nach LASIK und ICL. <\/li>\n<li>Tagung \u00fcber Emmetropie, Palma de Mallorca (2012). Biometrie als Schl\u00fcsselfaktor bei der Berechnung der St\u00e4rke multifokaler IOL. <\/li>\n<li>ASCRS, San Diego (2011). Trockenes Auge nach Lasik und PRK anhand der Ap4A-Messungen. <\/li>\n<li>ASCRS, Boston (2010). Klinische Entwicklung von LASIK-Patienten nach einem Femtosekunden-Flap. <\/li>\n<li>ESCR, Barcelona (2009). Vergleich des klinischen Verlaufs von konventionellen Mikrokeratomen und Femtec-Hornhautlappen bei der Lasik-Chirurgie. <\/li>\n<li>ASCRS, San Francisco (2009). Intrakorneale Ringe f\u00fcr Keratokonus mittels Femtosekundenlaser: Einstellungen und Ergebnisse. <\/li>\n<li>Praktischer Kurs in intrastomaler Chirurgie mit Femtec f\u00fcr presbyope Defekte. Ophthalmologisches Zentrum von Kolumbien. <\/li>\n<li>ASCRS, Chicago (2008). Der Mikrokeratom-Effekt nach erfolglosem Femtosekundenschnitt. <\/li>\n<li>ESCR, Berl\u00edn (2008), The influence of thickness and curvature of the cornea on flaps created by means of femtosecond laser.<\/li>\n<li>Vortrag bei der Taiwan Ophthalmological Society (2007), Indikationen, Technik und Komplikationen mit dem Femtosekundenlaser.<\/li>\n<li>ASCRS, San Diego (2007). Aberrationen h\u00f6herer Ordnung nach der Behandlung von hohem Astigmatismus mit Lasik. <\/li>\n<li>Kongress der Spanischen Gesellschaft f\u00fcr Ophthalmologie (SEO). Aberrometrie-Kurs (2006). <\/li>\n<li>ASCRS, San Francisco (2006). Analyse der HOA bei hyperopen Patienten, die mit Lasik behandelt wurden. <\/li>\n<li>Sociedad Espa\u00f1ola de Cirug\u00eda Ocular Implanto-Refractiva (SECOIR), Teneriffa (2005). Analyse der Hornhautdicke nach LASIK. <\/li>\n<li>ASCRS, Washington (2005). Analyse von Aberrationen h\u00f6herer Ordnung bei Patienten mit Keratokonus. <\/li>\n<li>V. Weltkongress f\u00fcr Hornhautforschung, Washington (2005).<\/li>\n<li>80. SEO-Kongress, Cordoba (2004). Kurs \u00fcber optische Aberrationen in der Ophthalmologie. <\/li>\n<li>SECOIR, Sevilla (2004). Wirkung von Natriumhyaluronat auf den Mikrokeratomdurchgang. <\/li>\n<li>ASCRS, San Diego (2004).<\/li>\n<li>ESCRS-Wintertagung, Barcelona (2004).<\/li>\n<li>79. SEO-Kongress, Valencia (2003).<\/li>\n<li>ASCRS, San Francisco (2003). Symposium \u00fcber Katarakt, IOL und refraktive Chirurgie. <\/li>\n<li>14. Kongress der Europ\u00e4ischen Ophthalmologischen Gesellschaft, Madrid (2003).<\/li>\n<li>SECOIR, Sitges (2003).<\/li>\n<\/ul>\n<h5>Andere Informationen von Interesse<\/h5>\n<p>Seit 25 Jahren Mitglied der American Society of Cataracts and Refractive Surgery (ASCRS).<\/p>\n<h5>Sprachen<\/h5>\n<p>Spanisch, Englisch[\/vc_column_text][nectar_btn size=&#8220;small&#8220; button_style=&#8220;regular&#8220; button_color_2=&#8220;Accent-Color&#8220; icon_family=&#8220;none&#8220; url=&#8220;\/equipo\/&#8220; text=&#8220;MEDIZINISCHES TEAM&#8220; margin_top=&#8220;30px&#8220;][\/vc_column_inner][\/vc_row_inner][\/vc_column][vc_column column_padding=&#8220;padding-2-percent&#8220; column_padding_tablet=&#8220;inherit&#8220; column_padding_phone=&#8220;inherit&#8220; column_padding_position=&#8220;left-right&#8220; column_element_direction_desktop=&#8220;default&#8220; column_element_spacing=&#8220;default&#8220; desktop_text_alignment=&#8220;default&#8220; tablet_text_alignment=&#8220;default&#8220; phone_text_alignment=&#8220;default&#8220; background_color_opacity=&#8220;1&#8243; background_hover_color_opacity=&#8220;1&#8243; column_backdrop_filter=&#8220;none&#8220; column_shadow=&#8220;none&#8220; column_border_radius=&#8220;none&#8220; column_link_target=&#8220;_self&#8220; column_position=&#8220;default&#8220; gradient_direction=&#8220;left_to_right&#8220; overlay_strength=&#8220;0.3&#8243; width=&#8220;1\/3&#8243; tablet_width_inherit=&#8220;default&#8220; animation_type=&#8220;default&#8220; bg_image_animation=&#8220;none&#8220; border_type=&#8220;simple&#8220; column_border_width=&#8220;none&#8220; column_border_style=&#8220;solid&#8220;][vc_column_text css=&#8220;.vc_custom_1762513611236{padding-top: 20px !important;padding-right: 20px !important;padding-bottom: 20px !important;padding-left: 20px !important;background-color: #f8f8f8 !important;}&#8220;]\n<h5><strong>Spezialisiert auf<\/strong><\/h5>\n<ul>\n<li class=\"m_3265373467215399838MsoListParagraph\"><a href=\"https:\/\/oftalmedic.es\/de\/cirugia-refractiva\/\" target=\"_blank\" rel=\"noopener\">Refraktive Chirurgie<\/a><\/li>\n<li><a href=\"https:\/\/oftalmedic.es\/de\/presbyopie\/\" target=\"_blank\" rel=\"noopener\">Presbyopie<\/a><\/li>\n<li><a href=\"https:\/\/oftalmedic.es\/de\/cataratas\/\" target=\"_blank\" rel=\"noopener\">Behandlung des Grauen Stars<\/a><\/li>\n<li><a href=\"https:\/\/oftalmedic.es\/de\/augenoberflaeche\/\" target=\"_blank\" rel=\"noopener\">Augenoberfl\u00e4che und Hornhaut<\/a><\/li>\n<\/ul>\n[\/vc_column_text][divider line_type=&#8220;No Line&#8220;][\/vc_column][\/vc_row]\n","protected":false},"excerpt":{"rendered":"<p>[vc_row type=&#8220;in_container&#8220; full_screen_row_position=&#8220;middle&#8220; column_margin=&#8220;default&#8220; column_direction=&#8220;default&#8220; column_direction_tablet=&#8220;default&#8220; column_direction_phone=&#8220;default&#8220; scene_position=&#8220;center&#8220; bottom_padding=&#8220;30&#8243; text_color=&#8220;dark&#8220; text_align=&#8220;left&#8220; row_border_radius=&#8220;none&#8220; row_border_radius_applies=&#8220;bg&#8220; overflow=&#8220;visible&#8220; overlay_strength=&#8220;0.3&#8243; gradient_direction=&#8220;left_to_right&#8220; shape_divider_position=&#8220;bottom&#8220; bg_image_animation=&#8220;none&#8220; shape_type=&#8220;&#8220;][vc_column column_padding=&#8220;no-extra-padding&#8220; column_padding_tablet=&#8220;inherit&#8220; column_padding_phone=&#8220;inherit&#8220; column_padding_position=&#8220;all&#8220; column_element_direction_desktop=&#8220;default&#8220; column_element_spacing=&#8220;default&#8220; desktop_text_alignment=&#8220;default&#8220; tablet_text_alignment=&#8220;default&#8220; phone_text_alignment=&#8220;default&#8220; background_color_opacity=&#8220;1&#8243; background_hover_color_opacity=&#8220;1&#8243; column_backdrop_filter=&#8220;none&#8220; column_shadow=&#8220;none&#8220; column_border_radius=&#8220;none&#8220; column_link_target=&#8220;_self&#8220; column_position=&#8220;default&#8220; gradient_direction=&#8220;left_to_right&#8220; overlay_strength=&#8220;0.3&#8243; width=&#8220;2\/3&#8243; tablet_width_inherit=&#8220;default&#8220; animation_type=&#8220;default&#8220; bg_image_animation=&#8220;none&#8220; border_type=&#8220;simple&#8220; column_border_width=&#8220;none&#8220; column_border_style=&#8220;solid&#8220;][vc_row_inner column_margin=&#8220;default&#8220; column_direction=&#8220;default&#8220; column_direction_tablet=&#8220;default&#8220; column_direction_phone=&#8220;default&#8220; text_align=&#8220;left&#8220; row_position=&#8220;default&#8220; row_position_tablet=&#8220;inherit&#8220; row_position_phone=&#8220;inherit&#8220; overflow=&#8220;visible&#8220; pointer_events=&#8220;all&#8220;][vc_column_inner column_padding=&#8220;no-extra-padding&#8220; column_padding_tablet=&#8220;inherit&#8220; column_padding_phone=&#8220;inherit&#8220; column_padding_position=&#8220;all&#8220; column_element_direction_desktop=&#8220;default&#8220; column_element_spacing=&#8220;default&#8220;&#8230;<\/p>\n","protected":false},"author":5,"featured_media":0,"parent":12465,"menu_order":0,"comment_status":"closed","ping_status":"closed","template":"","meta":{"footnotes":""},"class_list":["post-11781","page","type-page","status-publish"],"yoast_head":"<!-- This site is optimized with the Yoast SEO plugin v27.1.1 - https:\/\/yoast.com\/product\/yoast-seo-wordpress\/ -->\n<title>Dr. Juan S\u00e1nchez Nav\u00e9s : Spezialist f\u00fcr refraktive Chirurgie : Oftalmedic Salv\u00e0<\/title>\n<meta name=\"description\" content=\"Dr. Juan S\u00e1nchez Nav\u00e9s. Spezialist f\u00fcr refraktive Chirurgie und Kataraktbehandlung in Palma. Augenarzt bei Oftalmedic Salv\u00e0.\" \/>\n<meta name=\"robots\" content=\"index, follow, max-snippet:-1, max-image-preview:large, max-video-preview:-1\" \/>\n<link rel=\"canonical\" href=\"https:\/\/oftalmedic.es\/de\/equipo\/dr-juan-sanchez-naves\/\" \/>\n<meta property=\"og:locale\" content=\"de_DE\" \/>\n<meta property=\"og:type\" content=\"article\" \/>\n<meta property=\"og:title\" content=\"Dr. Juan S\u00e1nchez Nav\u00e9s : Spezialist f\u00fcr refraktive Chirurgie : Oftalmedic Salv\u00e0\" \/>\n<meta property=\"og:description\" content=\"Dr. Juan S\u00e1nchez Nav\u00e9s. Spezialist f\u00fcr refraktive Chirurgie und Kataraktbehandlung in Palma. Augenarzt bei Oftalmedic Salv\u00e0.\" \/>\n<meta property=\"og:url\" content=\"https:\/\/oftalmedic.es\/de\/equipo\/dr-juan-sanchez-naves\/\" \/>\n<meta property=\"og:site_name\" content=\"Oftalmedic Salv\u00e1\" \/>\n<meta property=\"article:publisher\" content=\"https:\/\/www.facebook.com\/OftalmedicSalva\/\" \/>\n<meta property=\"article:modified_time\" content=\"2025-11-07T11:10:03+00:00\" \/>\n<meta name=\"twitter:card\" content=\"summary_large_image\" \/>\n<meta name=\"twitter:site\" content=\"@OftalmedicSalva\" \/>\n<meta name=\"twitter:label1\" content=\"Gesch\u00e4tzte Lesezeit\" \/>\n\t<meta name=\"twitter:data1\" content=\"7\u00a0Minuten\" \/>\n<script type=\"application\/ld+json\" class=\"yoast-schema-graph\">{\"@context\":\"https:\/\/schema.org\",\"@graph\":[{\"@type\":\"WebPage\",\"@id\":\"https:\/\/oftalmedic.es\/de\/equipo\/dr-juan-sanchez-naves\/\",\"url\":\"https:\/\/oftalmedic.es\/de\/equipo\/dr-juan-sanchez-naves\/\",\"name\":\"Dr. Juan S\u00e1nchez Nav\u00e9s : Spezialist f\u00fcr refraktive Chirurgie : Oftalmedic Salv\u00e0\",\"isPartOf\":{\"@id\":\"https:\/\/oftalmedic.es\/de\/#website\"},\"datePublished\":\"2025-07-08T14:52:56+00:00\",\"dateModified\":\"2025-11-07T11:10:03+00:00\",\"description\":\"Dr. Juan S\u00e1nchez Nav\u00e9s. Spezialist f\u00fcr refraktive Chirurgie und Kataraktbehandlung in Palma. Augenarzt bei Oftalmedic Salv\u00e0.\",\"breadcrumb\":{\"@id\":\"https:\/\/oftalmedic.es\/de\/equipo\/dr-juan-sanchez-naves\/#breadcrumb\"},\"inLanguage\":\"de\",\"potentialAction\":[{\"@type\":\"ReadAction\",\"target\":[\"https:\/\/oftalmedic.es\/de\/equipo\/dr-juan-sanchez-naves\/\"]}]},{\"@type\":\"BreadcrumbList\",\"@id\":\"https:\/\/oftalmedic.es\/de\/equipo\/dr-juan-sanchez-naves\/#breadcrumb\",\"itemListElement\":[{\"@type\":\"ListItem\",\"position\":1,\"name\":\"Portada\",\"item\":\"https:\/\/oftalmedic.es\/de\/\"},{\"@type\":\"ListItem\",\"position\":2,\"name\":\"Equipo\",\"item\":\"https:\/\/oftalmedic.es\/de\/equipo\/\"},{\"@type\":\"ListItem\",\"position\":3,\"name\":\"Dr. Juan S\u00e1nchez Nav\u00e9s\"}]},{\"@type\":\"WebSite\",\"@id\":\"https:\/\/oftalmedic.es\/de\/#website\",\"url\":\"https:\/\/oftalmedic.es\/de\/\",\"name\":\"Oftalmedic Salv\u00e1\",\"description\":\"Red de cl\u00ednicas oftalmol\u00f3gicas de referencia en Baleares. Pionera en tecnolog\u00eda l\u00e1ser para cirug\u00eda de cataratas y correcci\u00f3n de la miop\u00eda, hipermetrop\u00eda, astigmatismo y presbicia o vista cansada.\",\"publisher\":{\"@id\":\"https:\/\/oftalmedic.es\/de\/#organization\"},\"potentialAction\":[{\"@type\":\"SearchAction\",\"target\":{\"@type\":\"EntryPoint\",\"urlTemplate\":\"https:\/\/oftalmedic.es\/de\/?s={search_term_string}\"},\"query-input\":{\"@type\":\"PropertyValueSpecification\",\"valueRequired\":true,\"valueName\":\"search_term_string\"}}],\"inLanguage\":\"de\"},{\"@type\":\"Organization\",\"@id\":\"https:\/\/oftalmedic.es\/de\/#organization\",\"name\":\"[wpseo_titles]company_Nombre\",\"url\":\"https:\/\/oftalmedic.es\/de\/\",\"logo\":{\"@type\":\"ImageObject\",\"inLanguage\":\"de\",\"@id\":\"https:\/\/oftalmedic.es\/de\/#\/schema\/logo\/image\/\",\"url\":\"https:\/\/oftalmedic.es\/wp-content\/uploads\/2018\/06\/logo-oftalmedic.png\",\"contentUrl\":\"https:\/\/oftalmedic.es\/wp-content\/uploads\/2018\/06\/logo-oftalmedic.png\",\"width\":200,\"height\":58,\"caption\":\"[wpseo_titles]company_Nombre\"},\"image\":{\"@id\":\"https:\/\/oftalmedic.es\/de\/#\/schema\/logo\/image\/\"},\"sameAs\":[\"https:\/\/www.facebook.com\/OftalmedicSalva\/\",\"https:\/\/x.com\/OftalmedicSalva\",\"https:\/\/www.instagram.com\/oftalmedic_salva\",\"https:\/\/www.youtube.com\/channel\/UCWrAdUQk6ZmrfVUqBwX0cug\",\"https:\/\/www.linkedin.com\/company\/oftalmedic-clnica-salv\/\"]}]}<\/script>\n<!-- \/ Yoast SEO plugin. -->","yoast_head_json":{"title":"Dr. Juan S\u00e1nchez Nav\u00e9s : Spezialist f\u00fcr refraktive Chirurgie : Oftalmedic Salv\u00e0","description":"Dr. Juan S\u00e1nchez Nav\u00e9s. Spezialist f\u00fcr refraktive Chirurgie und Kataraktbehandlung in Palma. Augenarzt bei Oftalmedic Salv\u00e0.","robots":{"index":"index","follow":"follow","max-snippet":"max-snippet:-1","max-image-preview":"max-image-preview:large","max-video-preview":"max-video-preview:-1"},"canonical":"https:\/\/oftalmedic.es\/de\/equipo\/dr-juan-sanchez-naves\/","og_locale":"de_DE","og_type":"article","og_title":"Dr. Juan S\u00e1nchez Nav\u00e9s : Spezialist f\u00fcr refraktive Chirurgie : Oftalmedic Salv\u00e0","og_description":"Dr. Juan S\u00e1nchez Nav\u00e9s. Spezialist f\u00fcr refraktive Chirurgie und Kataraktbehandlung in Palma. Augenarzt bei Oftalmedic Salv\u00e0.","og_url":"https:\/\/oftalmedic.es\/de\/equipo\/dr-juan-sanchez-naves\/","og_site_name":"Oftalmedic Salv\u00e1","article_publisher":"https:\/\/www.facebook.com\/OftalmedicSalva\/","article_modified_time":"2025-11-07T11:10:03+00:00","twitter_card":"summary_large_image","twitter_site":"@OftalmedicSalva","twitter_misc":{"Gesch\u00e4tzte Lesezeit":"7\u00a0Minuten"},"schema":{"@context":"https:\/\/schema.org","@graph":[{"@type":"WebPage","@id":"https:\/\/oftalmedic.es\/de\/equipo\/dr-juan-sanchez-naves\/","url":"https:\/\/oftalmedic.es\/de\/equipo\/dr-juan-sanchez-naves\/","name":"Dr. Juan S\u00e1nchez Nav\u00e9s : Spezialist f\u00fcr refraktive Chirurgie : Oftalmedic Salv\u00e0","isPartOf":{"@id":"https:\/\/oftalmedic.es\/de\/#website"},"datePublished":"2025-07-08T14:52:56+00:00","dateModified":"2025-11-07T11:10:03+00:00","description":"Dr. Juan S\u00e1nchez Nav\u00e9s. Spezialist f\u00fcr refraktive Chirurgie und Kataraktbehandlung in Palma. Augenarzt bei Oftalmedic Salv\u00e0.","breadcrumb":{"@id":"https:\/\/oftalmedic.es\/de\/equipo\/dr-juan-sanchez-naves\/#breadcrumb"},"inLanguage":"de","potentialAction":[{"@type":"ReadAction","target":["https:\/\/oftalmedic.es\/de\/equipo\/dr-juan-sanchez-naves\/"]}]},{"@type":"BreadcrumbList","@id":"https:\/\/oftalmedic.es\/de\/equipo\/dr-juan-sanchez-naves\/#breadcrumb","itemListElement":[{"@type":"ListItem","position":1,"name":"Portada","item":"https:\/\/oftalmedic.es\/de\/"},{"@type":"ListItem","position":2,"name":"Equipo","item":"https:\/\/oftalmedic.es\/de\/equipo\/"},{"@type":"ListItem","position":3,"name":"Dr. Juan S\u00e1nchez Nav\u00e9s"}]},{"@type":"WebSite","@id":"https:\/\/oftalmedic.es\/de\/#website","url":"https:\/\/oftalmedic.es\/de\/","name":"Oftalmedic Salv\u00e1","description":"Red de cl\u00ednicas oftalmol\u00f3gicas de referencia en Baleares. Pionera en tecnolog\u00eda l\u00e1ser para cirug\u00eda de cataratas y correcci\u00f3n de la miop\u00eda, hipermetrop\u00eda, astigmatismo y presbicia o vista cansada.","publisher":{"@id":"https:\/\/oftalmedic.es\/de\/#organization"},"potentialAction":[{"@type":"SearchAction","target":{"@type":"EntryPoint","urlTemplate":"https:\/\/oftalmedic.es\/de\/?s={search_term_string}"},"query-input":{"@type":"PropertyValueSpecification","valueRequired":true,"valueName":"search_term_string"}}],"inLanguage":"de"},{"@type":"Organization","@id":"https:\/\/oftalmedic.es\/de\/#organization","name":"[wpseo_titles]company_Nombre","url":"https:\/\/oftalmedic.es\/de\/","logo":{"@type":"ImageObject","inLanguage":"de","@id":"https:\/\/oftalmedic.es\/de\/#\/schema\/logo\/image\/","url":"https:\/\/oftalmedic.es\/wp-content\/uploads\/2018\/06\/logo-oftalmedic.png","contentUrl":"https:\/\/oftalmedic.es\/wp-content\/uploads\/2018\/06\/logo-oftalmedic.png","width":200,"height":58,"caption":"[wpseo_titles]company_Nombre"},"image":{"@id":"https:\/\/oftalmedic.es\/de\/#\/schema\/logo\/image\/"},"sameAs":["https:\/\/www.facebook.com\/OftalmedicSalva\/","https:\/\/x.com\/OftalmedicSalva","https:\/\/www.instagram.com\/oftalmedic_salva","https:\/\/www.youtube.com\/channel\/UCWrAdUQk6ZmrfVUqBwX0cug","https:\/\/www.linkedin.com\/company\/oftalmedic-clnica-salv\/"]}]}},"_links":{"self":[{"href":"https:\/\/oftalmedic.es\/de\/wp-json\/wp\/v2\/pages\/11781","targetHints":{"allow":["GET"]}}],"collection":[{"href":"https:\/\/oftalmedic.es\/de\/wp-json\/wp\/v2\/pages"}],"about":[{"href":"https:\/\/oftalmedic.es\/de\/wp-json\/wp\/v2\/types\/page"}],"author":[{"embeddable":true,"href":"https:\/\/oftalmedic.es\/de\/wp-json\/wp\/v2\/users\/5"}],"replies":[{"embeddable":true,"href":"https:\/\/oftalmedic.es\/de\/wp-json\/wp\/v2\/comments?post=11781"}],"version-history":[{"count":0,"href":"https:\/\/oftalmedic.es\/de\/wp-json\/wp\/v2\/pages\/11781\/revisions"}],"up":[{"embeddable":true,"href":"https:\/\/oftalmedic.es\/de\/wp-json\/wp\/v2\/pages\/12465"}],"wp:attachment":[{"href":"https:\/\/oftalmedic.es\/de\/wp-json\/wp\/v2\/media?parent=11781"}],"curies":[{"name":"wp","href":"https:\/\/api.w.org\/{rel}","templated":true}]}}