{"id":11856,"date":"2025-07-09T05:38:53","date_gmt":"2025-07-09T05:38:53","guid":{"rendered":"https:\/\/oftalmedic.rwdesarrollos.es\/politica-de-calidad\/"},"modified":"2025-07-09T05:38:54","modified_gmt":"2025-07-09T05:38:54","slug":"politica-de-calidad","status":"publish","type":"page","link":"https:\/\/oftalmedic.es\/de\/politica-de-calidad\/","title":{"rendered":"Qualit\u00e4tspolitik"},"content":{"rendered":"[vc_row type=&#8220;full_width_background&#8220; full_screen_row_position=&#8220;middle&#8220; column_margin=&#8220;default&#8220; column_direction=&#8220;default&#8220; column_direction_tablet=&#8220;default&#8220; column_direction_phone=&#8220;default&#8220; bg_image=&#8220;5796&#8243; bg_position=&#8220;center top&#8220; background_image_loading=&#8220;default&#8220; bg_repeat=&#8220;no-repeat&#8220; scene_position=&#8220;center&#8220; top_padding=&#8220;15%&#8220; bottom_padding=&#8220;15%&#8220; text_color=&#8220;light&#8220; text_align=&#8220;left&#8220; row_border_radius=&#8220;none&#8220; row_border_radius_applies=&#8220;bg&#8220; overflow=&#8220;visible&#8220; color_overlay=&#8220;rgba(10,10,10,0.2)&#8220; overlay_strength=&#8220;1&#8243; gradient_direction=&#8220;left_to_right&#8220; shape_divider_position=&#8220;bottom&#8220; bg_image_animation=&#8220;none&#8220; shape_type=&#8220;&#8220;][vc_column column_padding=&#8220;no-extra-padding&#8220; column_padding_tablet=&#8220;inherit&#8220; column_padding_phone=&#8220;inherit&#8220; column_padding_position=&#8220;all&#8220; column_element_direction_desktop=&#8220;default&#8220; column_element_spacing=&#8220;default&#8220; desktop_text_alignment=&#8220;default&#8220; tablet_text_alignment=&#8220;default&#8220; phone_text_alignment=&#8220;default&#8220; background_color_opacity=&#8220;1&#8243; background_hover_color_opacity=&#8220;1&#8243; column_backdrop_filter=&#8220;none&#8220; column_shadow=&#8220;none&#8220; column_border_radius=&#8220;none&#8220; column_link_target=&#8220;_self&#8220; column_position=&#8220;default&#8220; gradient_direction=&#8220;left_to_right&#8220; overlay_strength=&#8220;0.3&#8243; width=&#8220;1\/1&#8243; tablet_width_inherit=&#8220;default&#8220; animation_type=&#8220;default&#8220; bg_image_animation=&#8220;none&#8220; border_type=&#8220;simple&#8220; column_border_width=&#8220;none&#8220; column_border_style=&#8220;solid&#8220;][\/vc_column][\/vc_row][vc_row type=&#8220;full_width_background&#8220; full_screen_row_position=&#8220;middle&#8220; column_margin=&#8220;default&#8220; column_direction=&#8220;default&#8220; column_direction_tablet=&#8220;default&#8220; column_direction_phone=&#8220;default&#8220; bg_color=&#8220;#ffffff&#8220; scene_position=&#8220;center&#8220; top_padding=&#8220;60&#8243; bottom_padding=&#8220;60&#8243; text_color=&#8220;dark&#8220; text_align=&#8220;left&#8220; row_border_radius=&#8220;none&#8220; row_border_radius_applies=&#8220;bg&#8220; overflow=&#8220;visible&#8220; overlay_strength=&#8220;1&#8243; gradient_direction=&#8220;left_to_right&#8220; shape_divider_position=&#8220;bottom&#8220; bg_image_animation=&#8220;none&#8220; shape_type=&#8220;&#8220;][vc_column column_padding=&#8220;no-extra-padding&#8220; column_padding_tablet=&#8220;inherit&#8220; column_padding_phone=&#8220;inherit&#8220; column_padding_position=&#8220;all&#8220; column_element_direction_desktop=&#8220;default&#8220; column_element_spacing=&#8220;default&#8220; desktop_text_alignment=&#8220;default&#8220; tablet_text_alignment=&#8220;default&#8220; phone_text_alignment=&#8220;default&#8220; background_color_opacity=&#8220;1&#8243; background_hover_color_opacity=&#8220;1&#8243; column_backdrop_filter=&#8220;none&#8220; column_shadow=&#8220;none&#8220; column_border_radius=&#8220;none&#8220; column_link_target=&#8220;_self&#8220; column_position=&#8220;default&#8220; gradient_direction=&#8220;left_to_right&#8220; overlay_strength=&#8220;0.3&#8243; width=&#8220;1\/1&#8243; tablet_width_inherit=&#8220;default&#8220; animation_type=&#8220;default&#8220; bg_image_animation=&#8220;none&#8220; border_type=&#8220;simple&#8220; column_border_width=&#8220;none&#8220; column_border_style=&#8220;solid&#8220;][vc_custom_heading text=&#8220;QUALIT\u00c4TSPOLITIK&#8220; use_theme_fonts=&#8220;yes&#8220;][divider line_type=&#8220;Small Line&#8220; line_alignment=&#8220;default&#8220; line_thickness=&#8220;8&#8243; divider_color=&#8220;default&#8220; animate=&#8220;yes&#8220; custom_height=&#8220;100&#8243; custom_line_width=&#8220;120&#8243;]<div class=\"nectar-fancy-ul\" data-list-icon=\"fa fa-angle-right\" data-animation=\"false\" data-animation-delay=\"0\" data-color=\"accent-color\" data-spacing=\"default\" data-alignment=\"left\"> \n<p>Vor mehr als drei Jahrzehnten gr\u00fcndete Dr. Luis Salv\u00e0 Ladaria OFTALMEDIC SALV\u00c0, einen ophthalmologischen Dienst, der sich der Vorbeugung, Diagnose, Behandlung und ambulanten Operation der h\u00e4ufigsten Augenkrankheiten in den verschiedenen Lebensabschnitten widmet, mit besonderem Augenmerk auf die Bev\u00f6lkerungsgruppen, die an altersbedingten und chronischen Krankheiten leiden.<\/p>\n<p>Um der Entwicklung der Augenheilkunde in den letzten Jahren gerecht zu werden und eine qualitativ hochwertige Versorgung zu bieten, verf\u00fcgen wir \u00fcber das beste Team, um unsere Patienten in den verschiedenen Subspezialit\u00e4ten in CL\u00cdNICA SALV\u00c0, einem spezialisierten medizinischen Zentrum in Palma de Mallorca, umfassend und individuell zu betreuen.<\/p>\n<p>Wir stellen uns also mit Entschlossenheit der Herausforderung, uns auf die Augenheilkunde der Zukunft zuzubewegen, ohne dabei die Grundlagen aus den Augen zu verlieren, die unsere medizinische und chirurgische Praxis beherrschen und leiten:<\/p>\n<ul>\n<li><strong>Engagement f\u00fcr medizinische und pflegerische Spitzenleistungen<\/strong>, um jedem Patienten die fortschrittlichste und angemessenste L\u00f6sung f\u00fcr sein Sehproblem zu bieten.<\/li>\n<li><strong>Patientenorientierung<\/strong> als Ausdruck unseres Verst\u00e4ndnisses von Gesundheitsversorgung, das darin besteht, den Patienten in den Mittelpunkt unseres Handelns zu stellen.<\/li>\n<li><strong>Teamarbeit<\/strong> auf der Grundlage eines multidisziplin\u00e4ren und spezialisierten Konzepts f\u00fcr die medizinische Versorgung, um den Anforderungen der heutigen augen\u00e4rztlichen Praxis gerecht zu werden.<\/li>\n<\/ul>\n<p>In diesem Sinne haben wir bei OFTALMEDIC SALV\u00c0 die Verantwortung, unseren Patienten eine optimale und schnelle Genesung von ihren Sehst\u00f6rungen zu erm\u00f6glichen und die Pr\u00e4ventivmedizin zu f\u00f6rdern, um chronische degenerative Krankheiten und Risikopathologien, die zur Erblindung f\u00fchren, fr\u00fchzeitig zu erkennen. <\/div>[divider line_type=&#8220;No Line&#8220; custom_height=&#8220;50&#8243;][vc_custom_heading text=&#8220;AUFTRAG, VISION UND WERTE&#8220; use_theme_fonts=&#8220;yes&#8220;][divider line_type=&#8220;Small Line&#8220; line_alignment=&#8220;default&#8220; line_thickness=&#8220;8&#8243; divider_color=&#8220;default&#8220; animate=&#8220;yes&#8220; custom_height=&#8220;100&#8243; custom_line_width=&#8220;120&#8243;]<div class=\"nectar-fancy-ul\" data-list-icon=\"fa fa-angle-right\" data-animation=\"false\" data-animation-delay=\"0\" data-color=\"accent-color\" data-spacing=\"default\" data-alignment=\"left\"> Weil wir an die Bedeutung der Erhaltung des Sehsinns glauben, ist es unsere Daseinsberechtigung als privates medizinisches Institut, zum Wohlbefinden und zur Lebensqualit\u00e4t der Menschen beizutragen, indem wir die beste augen\u00e4rztliche Praxis in den Dienst der Patienten und der Gesellschaft stellen.<\/p>\n<p>Da Fortschritt und st\u00e4ndige Verbesserung die Grundlage unserer Unternehmenskultur sind, streben wir danach, im Bereich der Augenheilkunde auf den Balearen f\u00fchrend zu sein und die f\u00fchrende Augenklinik in der umfassenden Behandlung des Sehens zu werden.<\/p>\n<p>Da wir uns den Arztberuf nicht ohne eine inh\u00e4rente menschliche Dimension vorstellen k\u00f6nnen, teilen wir Werte, die unsere Art zu sein und zu handeln zum Ausdruck bringen:<\/p>\n<ul>\n<li><strong>Berufsethik<\/strong>, die <strong>das<\/strong> Verhalten unseres medizinischen und pflegerischen Teams leitet.<\/li>\n<li><strong>Die Berufung zum Dienen<\/strong>, um die Augenheilkunde auf engagierte Art und Weise zu praktizieren, wobei der Patient unsere Daseinsberechtigung ist und der Empf\u00e4nger unserer Bem\u00fchungen.<\/li>\n<li><strong>Pers\u00f6nliche Betreuung und sorgf\u00e4ltige Behandlung der Patienten<\/strong>, um ihnen eine h\u00f6chst zufriedenstellende Erfahrung im Pflegeprozess und maximales Wohlbefinden zu bieten.<\/li>\n<li><strong>Respekt f\u00fcr die Gleichheit aller unserer Patienten<\/strong>, unabh\u00e4ngig von ihrem sozialen Status, ihrem Geschlecht, ihrer Ethnie, ihrer Religion oder ihrer sexuellen Orientierung.<\/li>\n<li><strong>Die N\u00e4he zum Mitarbeiter<\/strong>, denn als Familienunternehmen ermutigen wir jedes Mitglied unseres Teams, seine Talente zu entwickeln und seinen Platz im Unternehmen zu finden.<\/li>\n<li><strong>Investitionen in F&amp;E&amp;I (Forschung, Entwicklung und Innovation) und in die Medizintechnik<\/strong> zur Verbesserung der Diagnoseverfahren und Behandlungen als Faktor des Fortschritts in der klinischen Praxis, um in der Augenheilkunde stets an der Spitze zu stehen.<\/li>\n<li><strong>Kontinuierliche Weiterbildung<\/strong> unserer Fachkr\u00e4fte, um ihr Wissen und ihre F\u00e4higkeiten zu aktualisieren und mit den Fortschritten in der Augenheilkunde Schritt zu halten.<\/li>\n<li><strong>Die soziale Verantwortung<\/strong>, die sich aus der F\u00f6rderung der Eingliederung und Integration von Menschen mit Behinderungen in den Arbeitsmarkt ergibt.<\/li>\n<li><strong>Solidarit\u00e4t<\/strong> mit den am meisten gef\u00e4hrdeten und benachteiligten Gruppen durch die Stiftung Oftalmedic Salv\u00e0, um ihre Lebensqualit\u00e4t zu verbessern und Zukunftschancen zu f\u00f6rdern.<\/li>\n<\/ul>\n<p>Im Einklang mit unserer Verpflichtung zur kontinuierlichen Verbesserung und zur Einhaltung der gesetzlichen Vorschriften haben wir ein Qualit\u00e4tsmanagementsystem gem\u00e4\u00df der internationalen Norm ISO 9001: 2015 eingef\u00fchrt, an dem sich diese Qualit\u00e4tspolitik orientiert.<\/p>\n<p>Diese Qualit\u00e4tspolitik wird von allen Mitarbeitern von OFTALMEDIC SALV\u00c0 geteilt. Ebenso wird sie j\u00e4hrlich von der Gesch\u00e4ftsleitung \u00fcberpr\u00fcft, die sich verpflichtet, sie auf allen Ebenen der Organisation anzuwenden, um die G\u00fcltigkeit ihres Inhalts und die \u00dcbereinstimmung mit den Werten unserer Organisation und unserer Gesch\u00e4ftsstrategie sicherzustellen. <\/p>\n<p>&nbsp;<\/p>\n<p style=\"text-align: right;\">Elena Palomeque Casta\u00f1o<\/p>\n<p style=\"text-align: right;\">Verwalter<\/p>\n <\/div>[\/vc_column][\/vc_row]\n","protected":false},"excerpt":{"rendered":"<p>[vc_row type=&#8220;full_width_background&#8220; full_screen_row_position=&#8220;middle&#8220; column_margin=&#8220;default&#8220; column_direction=&#8220;default&#8220; column_direction_tablet=&#8220;default&#8220; column_direction_phone=&#8220;default&#8220; bg_image=&#8220;5796&#8243; bg_position=&#8220;center top&#8220; background_image_loading=&#8220;default&#8220; bg_repeat=&#8220;no-repeat&#8220; scene_position=&#8220;center&#8220; top_padding=&#8220;15%&#8220; bottom_padding=&#8220;15%&#8220; text_color=&#8220;light&#8220; text_align=&#8220;left&#8220; row_border_radius=&#8220;none&#8220; row_border_radius_applies=&#8220;bg&#8220; overflow=&#8220;visible&#8220; color_overlay=&#8220;rgba(10,10,10,0.2)&#8220; overlay_strength=&#8220;1&#8243; gradient_direction=&#8220;left_to_right&#8220; shape_divider_position=&#8220;bottom&#8220; bg_image_animation=&#8220;none&#8220; shape_type=&#8220;&#8220;][vc_column column_padding=&#8220;no-extra-padding&#8220; column_padding_tablet=&#8220;inherit&#8220; column_padding_phone=&#8220;inherit&#8220; column_padding_position=&#8220;all&#8220; column_element_direction_desktop=&#8220;default&#8220; column_element_spacing=&#8220;default&#8220; desktop_text_alignment=&#8220;default&#8220; tablet_text_alignment=&#8220;default&#8220; phone_text_alignment=&#8220;default&#8220; background_color_opacity=&#8220;1&#8243; background_hover_color_opacity=&#8220;1&#8243; column_backdrop_filter=&#8220;none&#8220; column_shadow=&#8220;none&#8220; column_border_radius=&#8220;none&#8220; column_link_target=&#8220;_self&#8220; column_position=&#8220;default&#8220; gradient_direction=&#8220;left_to_right&#8220; overlay_strength=&#8220;0.3&#8243; width=&#8220;1\/1&#8243; tablet_width_inherit=&#8220;default&#8220; animation_type=&#8220;default&#8220; bg_image_animation=&#8220;none&#8220; border_type=&#8220;simple&#8220; column_border_width=&#8220;none&#8220; column_border_style=&#8220;solid&#8220;][\/vc_column][\/vc_row][vc_row type=&#8220;full_width_background&#8220; full_screen_row_position=&#8220;middle&#8220; column_margin=&#8220;default&#8220; column_direction=&#8220;default&#8220; column_direction_tablet=&#8220;default&#8220; column_direction_phone=&#8220;default&#8220; bg_color=&#8220;#ffffff&#8220; scene_position=&#8220;center&#8220; top_padding=&#8220;60&#8243;&#8230;<\/p>\n","protected":false},"author":2,"featured_media":0,"parent":0,"menu_order":0,"comment_status":"closed","ping_status":"closed","template":"","meta":{"footnotes":""},"class_list":["post-11856","page","type-page","status-publish"],"yoast_head":"<!-- This site is optimized with the Yoast SEO plugin v27.1.1 - https:\/\/yoast.com\/product\/yoast-seo-wordpress\/ -->\n<title>Qualit\u00e4tspolitik Oftalmedic Salv\u00e0 | Medical Excellence Palma<\/title>\n<meta name=\"description\" content=\"Bei Oftalmedic Salv\u00e0 legen wir gro\u00dfen Wert auf unsere Qualit\u00e4tspolitik. Denn unser Ziel ist es, allen unseren Patienten medizinische Spitzenleistungen zu bieten.\" \/>\n<meta name=\"robots\" content=\"noindex, follow\" \/>\n<meta property=\"og:locale\" content=\"de_DE\" \/>\n<meta property=\"og:type\" content=\"article\" \/>\n<meta property=\"og:title\" content=\"Qualit\u00e4tspolitik Oftalmedic Salv\u00e0 | Medical Excellence Palma\" \/>\n<meta property=\"og:description\" content=\"Bei Oftalmedic Salv\u00e0 legen wir gro\u00dfen Wert auf unsere Qualit\u00e4tspolitik. Denn unser Ziel ist es, allen unseren Patienten medizinische Spitzenleistungen zu bieten.\" \/>\n<meta property=\"og:url\" content=\"https:\/\/oftalmedic.es\/de\/politica-de-calidad\/\" \/>\n<meta property=\"og:site_name\" content=\"Oftalmedic Salv\u00e1\" \/>\n<meta property=\"article:publisher\" content=\"https:\/\/www.facebook.com\/OftalmedicSalva\/\" \/>\n<meta property=\"article:modified_time\" content=\"2025-07-09T05:38:54+00:00\" \/>\n<meta name=\"twitter:card\" content=\"summary_large_image\" \/>\n<meta name=\"twitter:site\" content=\"@OftalmedicSalva\" \/>\n<meta name=\"twitter:label1\" content=\"Gesch\u00e4tzte Lesezeit\" \/>\n\t<meta name=\"twitter:data1\" content=\"6\u00a0Minuten\" \/>\n<script type=\"application\/ld+json\" class=\"yoast-schema-graph\">{\"@context\":\"https:\/\/schema.org\",\"@graph\":[{\"@type\":\"WebPage\",\"@id\":\"https:\/\/oftalmedic.es\/de\/politica-de-calidad\/\",\"url\":\"https:\/\/oftalmedic.es\/de\/politica-de-calidad\/\",\"name\":\"Qualit\u00e4tspolitik Oftalmedic Salv\u00e0 | Medical Excellence Palma\",\"isPartOf\":{\"@id\":\"https:\/\/oftalmedic.es\/de\/#website\"},\"datePublished\":\"2025-07-09T05:38:53+00:00\",\"dateModified\":\"2025-07-09T05:38:54+00:00\",\"description\":\"Bei Oftalmedic Salv\u00e0 legen wir gro\u00dfen Wert auf unsere Qualit\u00e4tspolitik. Denn unser Ziel ist es, allen unseren Patienten medizinische Spitzenleistungen zu bieten.\",\"breadcrumb\":{\"@id\":\"https:\/\/oftalmedic.es\/de\/politica-de-calidad\/#breadcrumb\"},\"inLanguage\":\"de\",\"potentialAction\":[{\"@type\":\"ReadAction\",\"target\":[\"https:\/\/oftalmedic.es\/de\/politica-de-calidad\/\"]}]},{\"@type\":\"BreadcrumbList\",\"@id\":\"https:\/\/oftalmedic.es\/de\/politica-de-calidad\/#breadcrumb\",\"itemListElement\":[{\"@type\":\"ListItem\",\"position\":1,\"name\":\"Portada\",\"item\":\"https:\/\/oftalmedic.es\/de\/\"},{\"@type\":\"ListItem\",\"position\":2,\"name\":\"Qualit\u00e4tspolitik\"}]},{\"@type\":\"WebSite\",\"@id\":\"https:\/\/oftalmedic.es\/de\/#website\",\"url\":\"https:\/\/oftalmedic.es\/de\/\",\"name\":\"Oftalmedic Salv\u00e1\",\"description\":\"Red de cl\u00ednicas oftalmol\u00f3gicas de referencia en Baleares. Pionera en tecnolog\u00eda l\u00e1ser para cirug\u00eda de cataratas y correcci\u00f3n de la miop\u00eda, hipermetrop\u00eda, astigmatismo y presbicia o vista cansada.\",\"publisher\":{\"@id\":\"https:\/\/oftalmedic.es\/de\/#organization\"},\"potentialAction\":[{\"@type\":\"SearchAction\",\"target\":{\"@type\":\"EntryPoint\",\"urlTemplate\":\"https:\/\/oftalmedic.es\/de\/?s={search_term_string}\"},\"query-input\":{\"@type\":\"PropertyValueSpecification\",\"valueRequired\":true,\"valueName\":\"search_term_string\"}}],\"inLanguage\":\"de\"},{\"@type\":\"Organization\",\"@id\":\"https:\/\/oftalmedic.es\/de\/#organization\",\"name\":\"[wpseo_titles]company_Nombre\",\"url\":\"https:\/\/oftalmedic.es\/de\/\",\"logo\":{\"@type\":\"ImageObject\",\"inLanguage\":\"de\",\"@id\":\"https:\/\/oftalmedic.es\/de\/#\/schema\/logo\/image\/\",\"url\":\"https:\/\/oftalmedic.es\/wp-content\/uploads\/2018\/06\/logo-oftalmedic.png\",\"contentUrl\":\"https:\/\/oftalmedic.es\/wp-content\/uploads\/2018\/06\/logo-oftalmedic.png\",\"width\":200,\"height\":58,\"caption\":\"[wpseo_titles]company_Nombre\"},\"image\":{\"@id\":\"https:\/\/oftalmedic.es\/de\/#\/schema\/logo\/image\/\"},\"sameAs\":[\"https:\/\/www.facebook.com\/OftalmedicSalva\/\",\"https:\/\/x.com\/OftalmedicSalva\",\"https:\/\/www.instagram.com\/oftalmedic_salva\",\"https:\/\/www.youtube.com\/channel\/UCWrAdUQk6ZmrfVUqBwX0cug\",\"https:\/\/www.linkedin.com\/company\/oftalmedic-clnica-salv\/\"]}]}<\/script>\n<!-- \/ Yoast SEO plugin. -->","yoast_head_json":{"title":"Qualit\u00e4tspolitik Oftalmedic Salv\u00e0 | Medical Excellence Palma","description":"Bei Oftalmedic Salv\u00e0 legen wir gro\u00dfen Wert auf unsere Qualit\u00e4tspolitik. Denn unser Ziel ist es, allen unseren Patienten medizinische Spitzenleistungen zu bieten.","robots":{"index":"noindex","follow":"follow"},"og_locale":"de_DE","og_type":"article","og_title":"Qualit\u00e4tspolitik Oftalmedic Salv\u00e0 | Medical Excellence Palma","og_description":"Bei Oftalmedic Salv\u00e0 legen wir gro\u00dfen Wert auf unsere Qualit\u00e4tspolitik. Denn unser Ziel ist es, allen unseren Patienten medizinische Spitzenleistungen zu bieten.","og_url":"https:\/\/oftalmedic.es\/de\/politica-de-calidad\/","og_site_name":"Oftalmedic Salv\u00e1","article_publisher":"https:\/\/www.facebook.com\/OftalmedicSalva\/","article_modified_time":"2025-07-09T05:38:54+00:00","twitter_card":"summary_large_image","twitter_site":"@OftalmedicSalva","twitter_misc":{"Gesch\u00e4tzte Lesezeit":"6\u00a0Minuten"},"schema":{"@context":"https:\/\/schema.org","@graph":[{"@type":"WebPage","@id":"https:\/\/oftalmedic.es\/de\/politica-de-calidad\/","url":"https:\/\/oftalmedic.es\/de\/politica-de-calidad\/","name":"Qualit\u00e4tspolitik Oftalmedic Salv\u00e0 | Medical Excellence Palma","isPartOf":{"@id":"https:\/\/oftalmedic.es\/de\/#website"},"datePublished":"2025-07-09T05:38:53+00:00","dateModified":"2025-07-09T05:38:54+00:00","description":"Bei Oftalmedic Salv\u00e0 legen wir gro\u00dfen Wert auf unsere Qualit\u00e4tspolitik. Denn unser Ziel ist es, allen unseren Patienten medizinische Spitzenleistungen zu bieten.","breadcrumb":{"@id":"https:\/\/oftalmedic.es\/de\/politica-de-calidad\/#breadcrumb"},"inLanguage":"de","potentialAction":[{"@type":"ReadAction","target":["https:\/\/oftalmedic.es\/de\/politica-de-calidad\/"]}]},{"@type":"BreadcrumbList","@id":"https:\/\/oftalmedic.es\/de\/politica-de-calidad\/#breadcrumb","itemListElement":[{"@type":"ListItem","position":1,"name":"Portada","item":"https:\/\/oftalmedic.es\/de\/"},{"@type":"ListItem","position":2,"name":"Qualit\u00e4tspolitik"}]},{"@type":"WebSite","@id":"https:\/\/oftalmedic.es\/de\/#website","url":"https:\/\/oftalmedic.es\/de\/","name":"Oftalmedic Salv\u00e1","description":"Red de cl\u00ednicas oftalmol\u00f3gicas de referencia en Baleares. Pionera en tecnolog\u00eda l\u00e1ser para cirug\u00eda de cataratas y correcci\u00f3n de la miop\u00eda, hipermetrop\u00eda, astigmatismo y presbicia o vista cansada.","publisher":{"@id":"https:\/\/oftalmedic.es\/de\/#organization"},"potentialAction":[{"@type":"SearchAction","target":{"@type":"EntryPoint","urlTemplate":"https:\/\/oftalmedic.es\/de\/?s={search_term_string}"},"query-input":{"@type":"PropertyValueSpecification","valueRequired":true,"valueName":"search_term_string"}}],"inLanguage":"de"},{"@type":"Organization","@id":"https:\/\/oftalmedic.es\/de\/#organization","name":"[wpseo_titles]company_Nombre","url":"https:\/\/oftalmedic.es\/de\/","logo":{"@type":"ImageObject","inLanguage":"de","@id":"https:\/\/oftalmedic.es\/de\/#\/schema\/logo\/image\/","url":"https:\/\/oftalmedic.es\/wp-content\/uploads\/2018\/06\/logo-oftalmedic.png","contentUrl":"https:\/\/oftalmedic.es\/wp-content\/uploads\/2018\/06\/logo-oftalmedic.png","width":200,"height":58,"caption":"[wpseo_titles]company_Nombre"},"image":{"@id":"https:\/\/oftalmedic.es\/de\/#\/schema\/logo\/image\/"},"sameAs":["https:\/\/www.facebook.com\/OftalmedicSalva\/","https:\/\/x.com\/OftalmedicSalva","https:\/\/www.instagram.com\/oftalmedic_salva","https:\/\/www.youtube.com\/channel\/UCWrAdUQk6ZmrfVUqBwX0cug","https:\/\/www.linkedin.com\/company\/oftalmedic-clnica-salv\/"]}]}},"_links":{"self":[{"href":"https:\/\/oftalmedic.es\/de\/wp-json\/wp\/v2\/pages\/11856","targetHints":{"allow":["GET"]}}],"collection":[{"href":"https:\/\/oftalmedic.es\/de\/wp-json\/wp\/v2\/pages"}],"about":[{"href":"https:\/\/oftalmedic.es\/de\/wp-json\/wp\/v2\/types\/page"}],"author":[{"embeddable":true,"href":"https:\/\/oftalmedic.es\/de\/wp-json\/wp\/v2\/users\/2"}],"replies":[{"embeddable":true,"href":"https:\/\/oftalmedic.es\/de\/wp-json\/wp\/v2\/comments?post=11856"}],"version-history":[{"count":0,"href":"https:\/\/oftalmedic.es\/de\/wp-json\/wp\/v2\/pages\/11856\/revisions"}],"wp:attachment":[{"href":"https:\/\/oftalmedic.es\/de\/wp-json\/wp\/v2\/media?parent=11856"}],"curies":[{"name":"wp","href":"https:\/\/api.w.org\/{rel}","templated":true}]}}