{"id":11874,"date":"2025-07-09T06:01:25","date_gmt":"2025-07-09T06:01:25","guid":{"rendered":"https:\/\/oftalmedic.rwdesarrollos.es\/cookies-politik\/"},"modified":"2025-07-09T06:01:26","modified_gmt":"2025-07-09T06:01:26","slug":"cookies-politik","status":"publish","type":"page","link":"https:\/\/oftalmedic.es\/de\/cookies-politik\/","title":{"rendered":"Cookies-Politik"},"content":{"rendered":"[vc_row type=&#8220;in_container&#8220; full_screen_row_position=&#8220;middle&#8220; scene_position=&#8220;center&#8220; text_color=&#8220;dark&#8220; text_align=&#8220;left&#8220; top_padding=&#8220;60&#8243; bottom_padding=&#8220;60&#8243; overlay_strength=&#8220;0.3&#8243; shape_divider_position=&#8220;bottom&#8220; shape_type=&#8220;&#8220;][vc_column column_padding=&#8220;no-extra-padding&#8220; column_padding_position=&#8220;all&#8220; background_color_opacity=&#8220;1&#8243; background_hover_color_opacity=&#8220;1&#8243; column_shadow=&#8220;none&#8220; column_border_radius=&#8220;none&#8220; width=&#8220;1\/1&#8243; tablet_text_alignment=&#8220;default&#8220; phone_text_alignment=&#8220;default&#8220; column_border_width=&#8220;none&#8220; column_border_style=&#8220;solid&#8220;][vc_column_text]\n<h2 style=\"text-align: center;\">Cookies-Politik<\/h2>\n<p>&nbsp;<\/p>\n<p>Name: Oftalmedic Salv\u00e0 S.L.U.<\/p>\n<p>CIF: B07831662<\/p>\n<p>Anschrift: Camino de Son Rapinya, 1 . 07013. Palma. Illes Balears <\/p>\n<p>Kontakt: rgpd@oftalmedic.com<\/p>\n<h4><\/h4>\n<h4>Was sind Cookies?<\/h4>\n<p>Diese Website verwendet Cookies und\/oder \u00e4hnliche Technologien, die Informationen speichern und abrufen, wenn Sie surfen. Im Allgemeinen k\u00f6nnen diese Technologien f\u00fcr eine Vielzahl von Zwecken verwendet werden, z. B. um Sie als Nutzer zu erkennen, Informationen \u00fcber Ihre Surfgewohnheiten zu erhalten oder die Art und Weise, wie Inhalte angezeigt werden, anzupassen. Im Folgenden wird beschrieben, wie wir diese Technologien im Einzelnen nutzen.  <\/p>\n<h4>Welche Arten von Cookies werden auf dieser Website verwendet?<\/h4>\n<p>Unsere Website verwendet eigene Cookies und Cookies der Google Inc. f\u00fcr die folgenden Zwecke: <\/p>\n<ul>\n<li>Notwendig: Unerl\u00e4sslich, um auf unserer Website weiter zu surfen. Sie speichern Ihre Cookie-Konfigurationspr\u00e4ferenzen. <\/li>\n<li>Analyse: Diese erm\u00f6glichen es uns, die Anzahl der Nutzer zu quantifizieren und somit die Nutzung der Website durch die Nutzer zu messen und statistisch zu analysieren. Zu diesem Zweck wird Ihr Surfverhalten auf unserer Website analysiert, um die von Google angebotenen Dienste zu verbessern. Der Zweck der Cookies wird im Folgenden beschrieben.  <\/li>\n<li>Technische Daten: Diese werden u.a. vom Herausgeber verwendet, um die Verwaltung und den Betrieb der Website zu erm\u00f6glichen und ihre Funktionen und Dienstleistungen zu erm\u00f6glichen, wie z.B. die Kontrolle des Datenverkehrs und der Datenkommunikation, die Identifizierung der Sitzung, usw.<\/li>\n<\/ul>\n<p>Die von unserer Website verwendeten Cookies und ihre Beschreibung sind nachstehend aufgef\u00fchrt:<\/p>\n<table style=\"height: 500px;\" width=\"670\">\n<tbody>\n<tr>\n<td width=\"123\"><strong>Cookie<\/strong><\/td>\n<td width=\"260\"><strong>Beschreibung<\/strong><\/td>\n<td width=\"99\"><strong>Typ<\/strong><\/td>\n<td width=\"87\"><strong>Besitzer<\/strong><\/td>\n<td width=\"87\"><strong>Dauer<\/strong><\/td>\n<\/tr>\n<tr>\n<td width=\"123\">cookielawinfo-checkbox-necessary<\/td>\n<td width=\"260\">Cookie zur Speicherung der Zustimmung des Nutzers zur Verwendung von Cookies auf der Website.<\/td>\n<td width=\"99\">Necessary<\/td>\n<td width=\"87\">Website editor<\/td>\n<p>1<\/p>\n<td width=\"87\">Jahr<\/td>\n<\/tr>\n<tr>\n<td width=\"123\">_ga<\/td>\n<td width=\"260\">Google-Analytics-Cookie , das Besucher, Sitzungen und Kampagnendaten berechnet und die Webnutzung verfolgt. Die gespeicherten Informationen sind anonym und verwenden Zufallszahlen zur eindeutigen Identifizierung der Besucher. <\/td>\n<td width=\"99\">Analyse<\/td>\n<td width=\"87\">Google<\/td>\n<td width=\"87\">2 Jahre<\/td>\n<\/tr>\n<tr>\n<td width=\"123\">_gid<\/td>\n<td width=\"260\">Speichert Informationen dar\u00fcber, wie Besucher die Website nutzen, um Berichte und Analysen zu erstellen. Sie speichern anonym die Anzahl der Besucher, woher sie kommen und die besuchten Seiten. <\/td>\n<td width=\"99\">Analyse<\/td>\n<td width=\"87\">Google<\/td>\n<td width=\"87\">1 Tag<\/td>\n<\/tr>\n<tr>\n<td width=\"123\">_gat<\/td>\n<td width=\"260\">Google Analytics-Cookie zur Kontrolle der Anzahl der Anfragen bei stark frequentierten Websites.<\/td>\n<td width=\"99\">Technik<\/td>\n<td width=\"87\">Google<\/td>\n<p>1<\/p>\n<td width=\"87\">Minute<\/td>\n<\/tr>\n<\/tbody>\n<\/table>\n<p>Sie k\u00f6nnen Cookies zulassen oder blockieren sowie Ihre Browsing-Daten (einschlie\u00dflich Cookies) aus dem von Ihnen verwendeten Browser l\u00f6schen. Bitte beachten Sie dazu die Optionen und Anweisungen Ihres Browsers. Bitte beachten Sie, dass Sie, wenn Sie Cookies von Drittanbietern akzeptieren, diese in den Optionen Ihres Browsers l\u00f6schen m\u00fcssen.  <\/p>\n<p>Schlie\u00dflich informieren wir Sie dar\u00fcber, dass Sie Ihre Rechte nach Kapitel III der Datenschutz-Grundverordnung aus\u00fcben k\u00f6nnen: Zugang, Berichtigung, Einschr\u00e4nkung, \u00dcbertragbarkeit, L\u00f6schung und Widerspruch. Weitere Informationen finden Sie in der <a href=\"https:\/\/oftalmedic.es\/politica-privacidad\/\" target=\"_blank\" rel=\"noopener noreferrer\">Datenschutzrichtlinie<\/a> auf unserer Website.[\/vc_column_text][\/vc_column][\/vc_row]\n","protected":false},"excerpt":{"rendered":"<p>[vc_row type=&#8220;in_container&#8220; full_screen_row_position=&#8220;middle&#8220; scene_position=&#8220;center&#8220; text_color=&#8220;dark&#8220; text_align=&#8220;left&#8220; top_padding=&#8220;60&#8243; bottom_padding=&#8220;60&#8243; overlay_strength=&#8220;0.3&#8243; shape_divider_position=&#8220;bottom&#8220; shape_type=&#8220;&#8220;][vc_column column_padding=&#8220;no-extra-padding&#8220; column_padding_position=&#8220;all&#8220; background_color_opacity=&#8220;1&#8243; background_hover_color_opacity=&#8220;1&#8243; column_shadow=&#8220;none&#8220; column_border_radius=&#8220;none&#8220; width=&#8220;1\/1&#8243; tablet_text_alignment=&#8220;default&#8220; phone_text_alignment=&#8220;default&#8220; column_border_width=&#8220;none&#8220; column_border_style=&#8220;solid&#8220;][vc_column_text] Cookies-Politik &nbsp; Name: Oftalmedic Salv\u00e0 S.L.U. CIF: B07831662 Anschrift: Camino de Son Rapinya, 1 . 07013. Palma. Illes Balears Kontakt: rgpd@oftalmedic.com Was sind Cookies? Diese Website verwendet Cookies und\/oder \u00e4hnliche Technologien, die Informationen speichern und abrufen, wenn Sie&#8230;<\/p>\n","protected":false},"author":2,"featured_media":0,"parent":0,"menu_order":0,"comment_status":"closed","ping_status":"closed","template":"","meta":{"footnotes":""},"class_list":["post-11874","page","type-page","status-publish"],"yoast_head":"<!-- This site is optimized with the Yoast SEO plugin v27.1.1 - https:\/\/yoast.com\/product\/yoast-seo-wordpress\/ -->\n<title>Cookies-Politik - Oftalmedic Salv\u00e1<\/title>\n<meta name=\"robots\" content=\"noindex, follow\" \/>\n<meta property=\"og:locale\" content=\"de_DE\" \/>\n<meta property=\"og:type\" content=\"article\" \/>\n<meta property=\"og:title\" content=\"Cookies-Politik - Oftalmedic Salv\u00e1\" \/>\n<meta property=\"og:description\" content=\"[vc_row type=&#8220;in_container&#8220; full_screen_row_position=&#8220;middle&#8220; scene_position=&#8220;center&#8220; text_color=&#8220;dark&#8220; text_align=&#8220;left&#8220; top_padding=&#8220;60&#8243; bottom_padding=&#8220;60&#8243; overlay_strength=&#8220;0.3&#8243; shape_divider_position=&#8220;bottom&#8220; shape_type=&#8220;&#8220;][vc_column column_padding=&#8220;no-extra-padding&#8220; column_padding_position=&#8220;all&#8220; background_color_opacity=&#8220;1&#8243; background_hover_color_opacity=&#8220;1&#8243; column_shadow=&#8220;none&#8220; column_border_radius=&#8220;none&#8220; width=&#8220;1\/1&#8243; tablet_text_alignment=&#8220;default&#8220; phone_text_alignment=&#8220;default&#8220; column_border_width=&#8220;none&#8220; column_border_style=&#8220;solid&#8220;][vc_column_text] Cookies-Politik &nbsp; Name: Oftalmedic Salv\u00e0 S.L.U. CIF: B07831662 Anschrift: Camino de Son Rapinya, 1 . 07013. Palma. Illes Balears Kontakt: rgpd@oftalmedic.com Was sind Cookies? Diese Website verwendet Cookies und\/oder \u00e4hnliche Technologien, die Informationen speichern und abrufen, wenn Sie...\" \/>\n<meta property=\"og:url\" content=\"https:\/\/oftalmedic.es\/de\/cookies-politik\/\" \/>\n<meta property=\"og:site_name\" content=\"Oftalmedic Salv\u00e1\" \/>\n<meta property=\"article:publisher\" content=\"https:\/\/www.facebook.com\/OftalmedicSalva\/\" \/>\n<meta property=\"article:modified_time\" content=\"2025-07-09T06:01:26+00:00\" \/>\n<meta name=\"twitter:card\" content=\"summary_large_image\" \/>\n<meta name=\"twitter:site\" content=\"@OftalmedicSalva\" \/>\n<meta name=\"twitter:label1\" content=\"Gesch\u00e4tzte Lesezeit\" \/>\n\t<meta name=\"twitter:data1\" content=\"3\u00a0Minuten\" \/>\n<script type=\"application\/ld+json\" class=\"yoast-schema-graph\">{\"@context\":\"https:\/\/schema.org\",\"@graph\":[{\"@type\":\"WebPage\",\"@id\":\"https:\/\/oftalmedic.es\/de\/cookies-politik\/\",\"url\":\"https:\/\/oftalmedic.es\/de\/cookies-politik\/\",\"name\":\"Cookies-Politik - Oftalmedic Salv\u00e1\",\"isPartOf\":{\"@id\":\"https:\/\/oftalmedic.es\/de\/#website\"},\"datePublished\":\"2025-07-09T06:01:25+00:00\",\"dateModified\":\"2025-07-09T06:01:26+00:00\",\"breadcrumb\":{\"@id\":\"https:\/\/oftalmedic.es\/de\/cookies-politik\/#breadcrumb\"},\"inLanguage\":\"de\",\"potentialAction\":[{\"@type\":\"ReadAction\",\"target\":[\"https:\/\/oftalmedic.es\/de\/cookies-politik\/\"]}]},{\"@type\":\"BreadcrumbList\",\"@id\":\"https:\/\/oftalmedic.es\/de\/cookies-politik\/#breadcrumb\",\"itemListElement\":[{\"@type\":\"ListItem\",\"position\":1,\"name\":\"Portada\",\"item\":\"https:\/\/oftalmedic.es\/de\/\"},{\"@type\":\"ListItem\",\"position\":2,\"name\":\"Cookies-Politik\"}]},{\"@type\":\"WebSite\",\"@id\":\"https:\/\/oftalmedic.es\/de\/#website\",\"url\":\"https:\/\/oftalmedic.es\/de\/\",\"name\":\"Oftalmedic Salv\u00e1\",\"description\":\"Red de cl\u00ednicas oftalmol\u00f3gicas de referencia en Baleares. Pionera en tecnolog\u00eda l\u00e1ser para cirug\u00eda de cataratas y correcci\u00f3n de la miop\u00eda, hipermetrop\u00eda, astigmatismo y presbicia o vista cansada.\",\"publisher\":{\"@id\":\"https:\/\/oftalmedic.es\/de\/#organization\"},\"potentialAction\":[{\"@type\":\"SearchAction\",\"target\":{\"@type\":\"EntryPoint\",\"urlTemplate\":\"https:\/\/oftalmedic.es\/de\/?s={search_term_string}\"},\"query-input\":{\"@type\":\"PropertyValueSpecification\",\"valueRequired\":true,\"valueName\":\"search_term_string\"}}],\"inLanguage\":\"de\"},{\"@type\":\"Organization\",\"@id\":\"https:\/\/oftalmedic.es\/de\/#organization\",\"name\":\"[wpseo_titles]company_Nombre\",\"url\":\"https:\/\/oftalmedic.es\/de\/\",\"logo\":{\"@type\":\"ImageObject\",\"inLanguage\":\"de\",\"@id\":\"https:\/\/oftalmedic.es\/de\/#\/schema\/logo\/image\/\",\"url\":\"https:\/\/oftalmedic.es\/wp-content\/uploads\/2018\/06\/logo-oftalmedic.png\",\"contentUrl\":\"https:\/\/oftalmedic.es\/wp-content\/uploads\/2018\/06\/logo-oftalmedic.png\",\"width\":200,\"height\":58,\"caption\":\"[wpseo_titles]company_Nombre\"},\"image\":{\"@id\":\"https:\/\/oftalmedic.es\/de\/#\/schema\/logo\/image\/\"},\"sameAs\":[\"https:\/\/www.facebook.com\/OftalmedicSalva\/\",\"https:\/\/x.com\/OftalmedicSalva\",\"https:\/\/www.instagram.com\/oftalmedic_salva\",\"https:\/\/www.youtube.com\/channel\/UCWrAdUQk6ZmrfVUqBwX0cug\",\"https:\/\/www.linkedin.com\/company\/oftalmedic-clnica-salv\/\"]}]}<\/script>\n<!-- \/ Yoast SEO plugin. -->","yoast_head_json":{"title":"Cookies-Politik - Oftalmedic Salv\u00e1","robots":{"index":"noindex","follow":"follow"},"og_locale":"de_DE","og_type":"article","og_title":"Cookies-Politik - Oftalmedic Salv\u00e1","og_description":"[vc_row type=&#8220;in_container&#8220; full_screen_row_position=&#8220;middle&#8220; scene_position=&#8220;center&#8220; text_color=&#8220;dark&#8220; text_align=&#8220;left&#8220; top_padding=&#8220;60&#8243; bottom_padding=&#8220;60&#8243; overlay_strength=&#8220;0.3&#8243; shape_divider_position=&#8220;bottom&#8220; shape_type=&#8220;&#8220;][vc_column column_padding=&#8220;no-extra-padding&#8220; column_padding_position=&#8220;all&#8220; background_color_opacity=&#8220;1&#8243; background_hover_color_opacity=&#8220;1&#8243; column_shadow=&#8220;none&#8220; column_border_radius=&#8220;none&#8220; width=&#8220;1\/1&#8243; tablet_text_alignment=&#8220;default&#8220; phone_text_alignment=&#8220;default&#8220; column_border_width=&#8220;none&#8220; column_border_style=&#8220;solid&#8220;][vc_column_text] Cookies-Politik &nbsp; Name: Oftalmedic Salv\u00e0 S.L.U. CIF: B07831662 Anschrift: Camino de Son Rapinya, 1 . 07013. Palma. Illes Balears Kontakt: rgpd@oftalmedic.com Was sind Cookies? Diese Website verwendet Cookies und\/oder \u00e4hnliche Technologien, die Informationen speichern und abrufen, wenn Sie...","og_url":"https:\/\/oftalmedic.es\/de\/cookies-politik\/","og_site_name":"Oftalmedic Salv\u00e1","article_publisher":"https:\/\/www.facebook.com\/OftalmedicSalva\/","article_modified_time":"2025-07-09T06:01:26+00:00","twitter_card":"summary_large_image","twitter_site":"@OftalmedicSalva","twitter_misc":{"Gesch\u00e4tzte Lesezeit":"3\u00a0Minuten"},"schema":{"@context":"https:\/\/schema.org","@graph":[{"@type":"WebPage","@id":"https:\/\/oftalmedic.es\/de\/cookies-politik\/","url":"https:\/\/oftalmedic.es\/de\/cookies-politik\/","name":"Cookies-Politik - Oftalmedic Salv\u00e1","isPartOf":{"@id":"https:\/\/oftalmedic.es\/de\/#website"},"datePublished":"2025-07-09T06:01:25+00:00","dateModified":"2025-07-09T06:01:26+00:00","breadcrumb":{"@id":"https:\/\/oftalmedic.es\/de\/cookies-politik\/#breadcrumb"},"inLanguage":"de","potentialAction":[{"@type":"ReadAction","target":["https:\/\/oftalmedic.es\/de\/cookies-politik\/"]}]},{"@type":"BreadcrumbList","@id":"https:\/\/oftalmedic.es\/de\/cookies-politik\/#breadcrumb","itemListElement":[{"@type":"ListItem","position":1,"name":"Portada","item":"https:\/\/oftalmedic.es\/de\/"},{"@type":"ListItem","position":2,"name":"Cookies-Politik"}]},{"@type":"WebSite","@id":"https:\/\/oftalmedic.es\/de\/#website","url":"https:\/\/oftalmedic.es\/de\/","name":"Oftalmedic Salv\u00e1","description":"Red de cl\u00ednicas oftalmol\u00f3gicas de referencia en Baleares. Pionera en tecnolog\u00eda l\u00e1ser para cirug\u00eda de cataratas y correcci\u00f3n de la miop\u00eda, hipermetrop\u00eda, astigmatismo y presbicia o vista cansada.","publisher":{"@id":"https:\/\/oftalmedic.es\/de\/#organization"},"potentialAction":[{"@type":"SearchAction","target":{"@type":"EntryPoint","urlTemplate":"https:\/\/oftalmedic.es\/de\/?s={search_term_string}"},"query-input":{"@type":"PropertyValueSpecification","valueRequired":true,"valueName":"search_term_string"}}],"inLanguage":"de"},{"@type":"Organization","@id":"https:\/\/oftalmedic.es\/de\/#organization","name":"[wpseo_titles]company_Nombre","url":"https:\/\/oftalmedic.es\/de\/","logo":{"@type":"ImageObject","inLanguage":"de","@id":"https:\/\/oftalmedic.es\/de\/#\/schema\/logo\/image\/","url":"https:\/\/oftalmedic.es\/wp-content\/uploads\/2018\/06\/logo-oftalmedic.png","contentUrl":"https:\/\/oftalmedic.es\/wp-content\/uploads\/2018\/06\/logo-oftalmedic.png","width":200,"height":58,"caption":"[wpseo_titles]company_Nombre"},"image":{"@id":"https:\/\/oftalmedic.es\/de\/#\/schema\/logo\/image\/"},"sameAs":["https:\/\/www.facebook.com\/OftalmedicSalva\/","https:\/\/x.com\/OftalmedicSalva","https:\/\/www.instagram.com\/oftalmedic_salva","https:\/\/www.youtube.com\/channel\/UCWrAdUQk6ZmrfVUqBwX0cug","https:\/\/www.linkedin.com\/company\/oftalmedic-clnica-salv\/"]}]}},"_links":{"self":[{"href":"https:\/\/oftalmedic.es\/de\/wp-json\/wp\/v2\/pages\/11874","targetHints":{"allow":["GET"]}}],"collection":[{"href":"https:\/\/oftalmedic.es\/de\/wp-json\/wp\/v2\/pages"}],"about":[{"href":"https:\/\/oftalmedic.es\/de\/wp-json\/wp\/v2\/types\/page"}],"author":[{"embeddable":true,"href":"https:\/\/oftalmedic.es\/de\/wp-json\/wp\/v2\/users\/2"}],"replies":[{"embeddable":true,"href":"https:\/\/oftalmedic.es\/de\/wp-json\/wp\/v2\/comments?post=11874"}],"version-history":[{"count":0,"href":"https:\/\/oftalmedic.es\/de\/wp-json\/wp\/v2\/pages\/11874\/revisions"}],"wp:attachment":[{"href":"https:\/\/oftalmedic.es\/de\/wp-json\/wp\/v2\/media?parent=11874"}],"curies":[{"name":"wp","href":"https:\/\/api.w.org\/{rel}","templated":true}]}}