{"id":11965,"date":"2025-07-09T12:59:46","date_gmt":"2025-07-09T12:59:46","guid":{"rendered":"https:\/\/oftalmedic.rwdesarrollos.es\/team\/dr-luis-salva-ladaria\/"},"modified":"2025-10-03T11:10:50","modified_gmt":"2025-10-03T11:10:50","slug":"dr-luis-salva-ladaria","status":"publish","type":"page","link":"https:\/\/oftalmedic.es\/de\/equipo\/dr-luis-salva-ladaria\/","title":{"rendered":"Dr. Luis Salv\u00e0 Ladaria"},"content":{"rendered":"[vc_row type=&#8220;in_container&#8220; full_screen_row_position=&#8220;middle&#8220; column_margin=&#8220;default&#8220; column_direction=&#8220;default&#8220; column_direction_tablet=&#8220;default&#8220; column_direction_phone=&#8220;default&#8220; scene_position=&#8220;center&#8220; bottom_padding=&#8220;30&#8243; text_color=&#8220;dark&#8220; text_align=&#8220;left&#8220; row_border_radius=&#8220;none&#8220; row_border_radius_applies=&#8220;bg&#8220; overflow=&#8220;visible&#8220; overlay_strength=&#8220;0.3&#8243; gradient_direction=&#8220;left_to_right&#8220; shape_divider_position=&#8220;bottom&#8220; bg_image_animation=&#8220;none&#8220; shape_type=&#8220;&#8220;][vc_column column_padding=&#8220;no-extra-padding&#8220; column_padding_tablet=&#8220;inherit&#8220; column_padding_phone=&#8220;inherit&#8220; column_padding_position=&#8220;all&#8220; column_element_direction_desktop=&#8220;default&#8220; column_element_spacing=&#8220;default&#8220; desktop_text_alignment=&#8220;default&#8220; tablet_text_alignment=&#8220;default&#8220; phone_text_alignment=&#8220;default&#8220; background_color_opacity=&#8220;1&#8243; background_hover_color_opacity=&#8220;1&#8243; column_backdrop_filter=&#8220;none&#8220; column_shadow=&#8220;none&#8220; column_border_radius=&#8220;none&#8220; column_link_target=&#8220;_self&#8220; column_position=&#8220;default&#8220; gradient_direction=&#8220;left_to_right&#8220; overlay_strength=&#8220;0.3&#8243; width=&#8220;2\/3&#8243; tablet_width_inherit=&#8220;default&#8220; animation_type=&#8220;default&#8220; bg_image_animation=&#8220;none&#8220; border_type=&#8220;simple&#8220; column_border_width=&#8220;none&#8220; column_border_style=&#8220;solid&#8220;][vc_row_inner column_margin=&#8220;default&#8220; column_direction=&#8220;default&#8220; column_direction_tablet=&#8220;default&#8220; column_direction_phone=&#8220;default&#8220; text_align=&#8220;left&#8220; row_position=&#8220;default&#8220; row_position_tablet=&#8220;inherit&#8220; row_position_phone=&#8220;inherit&#8220; overflow=&#8220;visible&#8220; pointer_events=&#8220;all&#8220;][vc_column_inner column_padding=&#8220;no-extra-padding&#8220; column_padding_tablet=&#8220;inherit&#8220; column_padding_phone=&#8220;inherit&#8220; column_padding_position=&#8220;all&#8220; column_element_direction_desktop=&#8220;default&#8220; column_element_spacing=&#8220;default&#8220; desktop_text_alignment=&#8220;default&#8220; tablet_text_alignment=&#8220;default&#8220; phone_text_alignment=&#8220;default&#8220; background_color_opacity=&#8220;1&#8243; background_hover_color_opacity=&#8220;1&#8243; column_backdrop_filter=&#8220;none&#8220; column_shadow=&#8220;none&#8220; column_border_radius=&#8220;none&#8220; column_link_target=&#8220;_self&#8220; overflow=&#8220;visible&#8220; gradient_direction=&#8220;left_to_right&#8220; overlay_strength=&#8220;0.3&#8243; width=&#8220;1\/3&#8243; tablet_width_inherit=&#8220;default&#8220; animation_type=&#8220;default&#8220; bg_image_animation=&#8220;none&#8220; border_type=&#8220;simple&#8220; column_border_width=&#8220;none&#8220; column_border_style=&#8220;solid&#8220;][image_with_animation image_url=&#8220;12795&#8243; image_size=&#8220;full&#8220; animation_type=&#8220;entrance&#8220; animation=&#8220;Fade In&#8220; animation_easing=&#8220;default&#8220; animation_movement_type=&#8220;transform_y&#8220; hover_animation=&#8220;none&#8220; alignment=&#8220;&#8220; border_radius=&#8220;none&#8220; box_shadow=&#8220;none&#8220; image_loading=&#8220;default&#8220; max_width=&#8220;100%&#8220; max_width_mobile=&#8220;default&#8220;][\/vc_column_inner][vc_column_inner column_padding=&#8220;no-extra-padding&#8220; column_padding_tablet=&#8220;inherit&#8220; column_padding_phone=&#8220;inherit&#8220; column_padding_position=&#8220;all&#8220; column_element_direction_desktop=&#8220;default&#8220; column_element_spacing=&#8220;default&#8220; desktop_text_alignment=&#8220;default&#8220; tablet_text_alignment=&#8220;default&#8220; phone_text_alignment=&#8220;default&#8220; background_color_opacity=&#8220;1&#8243; background_hover_color_opacity=&#8220;1&#8243; column_backdrop_filter=&#8220;none&#8220; column_shadow=&#8220;none&#8220; column_border_radius=&#8220;none&#8220; column_link_target=&#8220;_self&#8220; overflow=&#8220;visible&#8220; gradient_direction=&#8220;left_to_right&#8220; overlay_strength=&#8220;0.3&#8243; width=&#8220;2\/3&#8243; tablet_width_inherit=&#8220;default&#8220; animation_type=&#8220;default&#8220; bg_image_animation=&#8220;none&#8220; border_type=&#8220;simple&#8220; column_border_width=&#8220;none&#8220; column_border_style=&#8220;solid&#8220;][vc_column_text]\n<h1>Dr. Luis Salv\u00e0 Ladaria<\/h1>\n<p>Anzahl der Colleges: 2560[\/vc_column_text][divider line_type=&#8220;Small Line&#8220; line_alignment=&#8220;default&#8220; line_thickness=&#8220;4&#8243; divider_color=&#8220;default&#8220; animate=&#8220;yes&#8220; custom_height=&#8220;30&#8243;][vc_column_text]\n<h5>Ausbildung und Qualifikationen<\/h5>\n<ul>\n<li>Hochschulabschluss in Medizin und Chirurgie an der Universit\u00e4t Barcelona (UB) mit Auszeichnung, 1980. Der Abschluss wurde von der Educational Commission for Foreign Medical Graduates (ECFMG), Philadelphia (Pennsylvania), validiert. <\/li>\n<li>Facharzt f\u00fcr Unternehmensmedizin an der Universit\u00e4t von Barcelona (UB), 1983.<\/li>\n<li>Facharzt f\u00fcr Augenheilkunde, Krankenhaus Vall d&#8217;Hebron (Barcelona) und Hospital Universitario Son Dureta (Palma de Mallorca), 1985.<\/li>\n<li>Klinisches Management an der Escuela de Alta Direcci\u00f3n y Administraci\u00f3n EADA (Barcelona), 1999, und H\u00f6here Weiterbildung in Unternehmensf\u00fchrung an der ESADE Business School (Barcelona), 2014.<\/li>\n<li>Promotion mit Auszeichnung (Cum Laude) in Translational Research in Public Health and High Prevalence Diseases (Translationale Forschung im Bereich \u00f6ffentliche Gesundheit und Krankheiten mit hoher Pr\u00e4valenz) mit einer Arbeit \u00fcber die laserunterst\u00fctzte Kataraktchirurgie an der Universit\u00e4t der Balearen (UIB), 2024.<\/li>\n<\/ul>\n<h5>Berufserfahrung<\/h5>\n<ul>\n<li>Medizinischer Direktor und Gr\u00fcnder des Netzes der Augenheilkundezentren Oftalmedic Salv\u00e0 seit 1988.<\/li>\n<li>Leiter der Abteilung f\u00fcr Augenheilkunde am Hospital General de Mallorca, 1986-2007.<\/li>\n<li>Gr\u00fcnder und Leiter der ersten Augenbank auf den Balearen im Allgemeinen Krankenhaus von Mallorca, 1990.<\/li>\n<\/ul>\n<h5>Wissenschaftliche Aktivit\u00e4ten<\/h5>\n<p>Er hat an mehr als 80 nationalen und internationalen Konferenzen teilgenommen:<\/p>\n<ul>\n<li>Jahreskongresse der Spanischen Gesellschaft f\u00fcr Augenheilkunde.<\/li>\n<li>Kongresse der Spanischen Gesellschaft f\u00fcr Implantat- und refraktive Augenchirurgie (SECOIR): Malaga (2023), Murcia (2016), Gran Canaria (2015), Alicante (2014), Sevilla (2012), Valencia (2011), San Sebastian (2009), Benidorm (2007) und Chiclana de la Frontera (1998).<\/li>\n<li>Kongress der Europ\u00e4ischen Gesellschaft f\u00fcr Katarakt- und refraktive Chirurgen: Barcelona (2024), Viena (2023), Mil\u00e1n (2022), Paris (2019), Viena (2018), Lisboa (2017), Copenhague (2016), Barcelona (2015), Londres (2014), Amsterdam (2013), Viena (2011), Par\u00eds (2010), Barcelona (2009) und 1997.<\/li>\n<li>FacoElche, die der phako-refraktiven Chirurgie gewidmet ist ( 2024, 2023, 2019, 2018, 2017, 2016, 2014 und 2013).<\/li>\n<li>Monographischer Kurs \u00fcber refraktive Chirurgie ARI-UMH, Alicante (2019, 2018 und 2017).<\/li>\n<li>World Ophtalmology Congress (WOC), Barcelona (2018).<\/li>\n<li>Lensar European User Meeting, Palma de Mallorca (2018).<\/li>\n<li>NOAPS Valencia (2023, 2022, 2021, 2019, 2018).<\/li>\n<li>II Evo Visian ICL Users&#8216; Meeting, Madrid (2018).<\/li>\n<li>Alcon Wavelight\u00ae Technologie-Anwendertreffen: Barcelona (2018) und Viena (2017).<\/li>\n<li>Refraktiver Kongress in Salamanca (2016).<\/li>\n<li>Jahrestagung der American Academy of Ophthalmology (AAO), Las Vegas (2015).<\/li>\n<li>XLIII. Kongress der Kanarischen Gesellschaft f\u00fcr Ophthalmologie (SCO), Teneriffa (2015).<\/li>\n<li>I Jornada Faco-Refractiva Canarias Femtoventura, Fuierteventura (2015).<\/li>\n<li>Direktor des Mallorca Faco-refractiva Congress, Palma de Mallorca (2015, 2017, 2021, 2022 und 2023).<\/li>\n<li>IV Ausgabe von Phaco-Refractive Pearls (in SECOIR), vom Alcon-Institut organisierte Tagung, Teneriffa (2005).<\/li>\n<li>Fortgeschrittener Auffrischungskurs in Katarakt- und refraktiver Chirurgie, organisiert von der Latin American Association of Cornea, Cataract and Anterior Segment Surgeons (1999 und 1998).<\/li>\n<li>Teilnahme an der Keratomileusis-Studiengruppe in den Jahren 1998, 1996, 1995 und 1994.<\/li>\n<li>Internationaler Kongress der VI Keratomileusis Study Group (KMSG), Antonio de Almeida Foundation, Porto (1999).<\/li>\n<li>XXV Brasilianischer Kongress f\u00fcr Augenheilkunde und XVII Panamerikanischer Kongress f\u00fcr Augenheilkunde Alcon, Rio de Janeiro (1989).<\/li>\n<li>Tagung der Panamerikanischen Ophthalmologischen Vereinigung, Las Vegas (1988).<\/li>\n<li>Jahrestagung der Katalanischen Vereinigung f\u00fcr Ophthalmologie (1984).<\/li>\n<\/ul>\n<h5>Andere Informationen von Interesse<\/h5>\n<ul>\n<li>Vorstand der Spanischen Gesellschaft f\u00fcr Ophthalmologie (SEO), Mitglied f\u00fcr die Balearen (2019).<\/li>\n<li>Mitglied der Spanischen Gesellschaft f\u00fcr Implanto-Refraktive Augenchirurgie (SECOIR).<\/li>\n<li>Mitglied der Europ\u00e4ischen Gesellschaft der Katarakt- und refraktiven Chirurgen (ESCRS).<\/li>\n<li>Forschungs- und Entwicklungszertifikat der Spanischen Agentur f\u00fcr Innovationszertifizierung (ACIE) f\u00fcr das Projekt &#8222;Erforschung eines neuartigen Mix-and-Match-Ansatzes bei der bilateralen IOL-Implantation&#8220; von Centro Ocular Oftalmedic S.L. und Institut Clinic Manacor S.L.U.<\/li>\n<li>Gr\u00fcnderin und Mitglied der Fundaci\u00f3 Bona Llum Oftalmedic, seit 1998.<\/li>\n<\/ul>\n<h5>Sprachen<\/h5>\n<p>Spanisch, Katalanisch, Englisch und Franz\u00f6sisch.[\/vc_column_text][nectar_btn size=&#8220;small&#8220; button_style=&#8220;regular&#8220; button_color_2=&#8220;Accent-Color&#8220; icon_family=&#8220;none&#8220; url=&#8220;\/equipo\/&#8220; text=&#8220;MEDIZINISCHES TEAM&#8220; margin_top=&#8220;30px&#8220;][\/vc_column_inner][\/vc_row_inner][\/vc_column][vc_column column_padding=&#8220;padding-2-percent&#8220; column_padding_tablet=&#8220;inherit&#8220; column_padding_phone=&#8220;inherit&#8220; column_padding_position=&#8220;left-right&#8220; column_element_direction_desktop=&#8220;default&#8220; column_element_spacing=&#8220;default&#8220; desktop_text_alignment=&#8220;default&#8220; tablet_text_alignment=&#8220;default&#8220; phone_text_alignment=&#8220;default&#8220; background_color_opacity=&#8220;1&#8243; background_hover_color_opacity=&#8220;1&#8243; column_backdrop_filter=&#8220;none&#8220; column_shadow=&#8220;none&#8220; column_border_radius=&#8220;none&#8220; column_link_target=&#8220;_self&#8220; column_position=&#8220;default&#8220; gradient_direction=&#8220;left_to_right&#8220; overlay_strength=&#8220;0.3&#8243; width=&#8220;1\/3&#8243; tablet_width_inherit=&#8220;default&#8220; animation_type=&#8220;default&#8220; bg_image_animation=&#8220;none&#8220; border_type=&#8220;simple&#8220; column_border_width=&#8220;none&#8220; column_border_style=&#8220;solid&#8220;][vc_column_text css=&#8220;.vc_custom_1642766646044{padding-top: 20px !important;padding-right: 20px !important;padding-bottom: 20px !important;padding-left: 20px !important;background-color: #f8f8f8 !important;}&#8220;]\n<h5><strong>Spezialisiert auf<\/strong><\/h5>\n<ul>\n<li class=\"m_3265373467215399838MsoListParagraph\"><a href=\"https:\/\/oftalmedic.es\/de\/augenoberflaeche\/\" target=\"_blank\" rel=\"noopener\">Cornea<\/a><\/li>\n<li class=\"m_3265373467215399838MsoListParagraph\"><a href=\"https:\/\/oftalmedic.es\/de\/spezialitaeten\/cirugia-refractiva-2\/\" target=\"_blank\" rel=\"noopener\">Refraktive Chirurgie<\/a><\/li>\n<li><a href=\"https:\/\/oftalmedic.es\/de\/presbyopie\/\" target=\"_blank\" rel=\"noopener\">Presbyterien<\/a><\/li>\n<li><a href=\"https:\/\/oftalmedic.es\/de\/cataratas\/\" target=\"_blank\" rel=\"noopener\">Kataraktbehandlung<\/a><\/li>\n<\/ul>\n[\/vc_column_text][divider line_type=&#8220;No Line&#8220;][\/vc_column][\/vc_row]\n","protected":false},"excerpt":{"rendered":"<p>[vc_row type=&#8220;in_container&#8220; full_screen_row_position=&#8220;middle&#8220; column_margin=&#8220;default&#8220; column_direction=&#8220;default&#8220; column_direction_tablet=&#8220;default&#8220; column_direction_phone=&#8220;default&#8220; scene_position=&#8220;center&#8220; bottom_padding=&#8220;30&#8243; text_color=&#8220;dark&#8220; text_align=&#8220;left&#8220; row_border_radius=&#8220;none&#8220; row_border_radius_applies=&#8220;bg&#8220; overflow=&#8220;visible&#8220; overlay_strength=&#8220;0.3&#8243; gradient_direction=&#8220;left_to_right&#8220; shape_divider_position=&#8220;bottom&#8220; bg_image_animation=&#8220;none&#8220; shape_type=&#8220;&#8220;][vc_column column_padding=&#8220;no-extra-padding&#8220; column_padding_tablet=&#8220;inherit&#8220; column_padding_phone=&#8220;inherit&#8220; column_padding_position=&#8220;all&#8220; column_element_direction_desktop=&#8220;default&#8220; column_element_spacing=&#8220;default&#8220; desktop_text_alignment=&#8220;default&#8220; tablet_text_alignment=&#8220;default&#8220; phone_text_alignment=&#8220;default&#8220; background_color_opacity=&#8220;1&#8243; background_hover_color_opacity=&#8220;1&#8243; column_backdrop_filter=&#8220;none&#8220; column_shadow=&#8220;none&#8220; column_border_radius=&#8220;none&#8220; column_link_target=&#8220;_self&#8220; column_position=&#8220;default&#8220; gradient_direction=&#8220;left_to_right&#8220; overlay_strength=&#8220;0.3&#8243; width=&#8220;2\/3&#8243; tablet_width_inherit=&#8220;default&#8220; animation_type=&#8220;default&#8220; bg_image_animation=&#8220;none&#8220; border_type=&#8220;simple&#8220; column_border_width=&#8220;none&#8220; column_border_style=&#8220;solid&#8220;][vc_row_inner column_margin=&#8220;default&#8220; column_direction=&#8220;default&#8220; column_direction_tablet=&#8220;default&#8220; column_direction_phone=&#8220;default&#8220; text_align=&#8220;left&#8220; row_position=&#8220;default&#8220; row_position_tablet=&#8220;inherit&#8220; row_position_phone=&#8220;inherit&#8220; overflow=&#8220;visible&#8220; pointer_events=&#8220;all&#8220;][vc_column_inner column_padding=&#8220;no-extra-padding&#8220; column_padding_tablet=&#8220;inherit&#8220; column_padding_phone=&#8220;inherit&#8220; column_padding_position=&#8220;all&#8220; column_element_direction_desktop=&#8220;default&#8220; column_element_spacing=&#8220;default&#8220;&#8230;<\/p>\n","protected":false},"author":2,"featured_media":0,"parent":12465,"menu_order":0,"comment_status":"closed","ping_status":"closed","template":"","meta":{"footnotes":""},"class_list":["post-11965","page","type-page","status-publish"],"yoast_head":"<!-- This site is optimized with the Yoast SEO plugin v27.1.1 - https:\/\/yoast.com\/product\/yoast-seo-wordpress\/ -->\n<title>Dr. Luis Salv\u00e0 : Spezialist f\u00fcr Katarakt und refraktive Chirurgie Palma de Mallorca<\/title>\n<meta name=\"description\" content=\"Arzt Luis Salv\u00e0 Ladaria. Spezialist f\u00fcr Hornhaut, Kataraktbehandlung und refraktive Chirurgie in Palma. Medizinischer Leiter der Klinik Oftalmedic Salv\u00e0.\" \/>\n<meta name=\"robots\" content=\"index, follow, max-snippet:-1, max-image-preview:large, max-video-preview:-1\" \/>\n<link rel=\"canonical\" href=\"https:\/\/oftalmedic.es\/de\/equipo\/dr-luis-salva-ladaria\/\" \/>\n<meta property=\"og:locale\" content=\"de_DE\" \/>\n<meta property=\"og:type\" content=\"article\" \/>\n<meta property=\"og:title\" content=\"Dr. Luis Salv\u00e0 : Spezialist f\u00fcr Katarakt und refraktive Chirurgie Palma de Mallorca\" \/>\n<meta property=\"og:description\" content=\"Arzt Luis Salv\u00e0 Ladaria. Spezialist f\u00fcr Hornhaut, Kataraktbehandlung und refraktive Chirurgie in Palma. Medizinischer Leiter der Klinik Oftalmedic Salv\u00e0.\" \/>\n<meta property=\"og:url\" content=\"https:\/\/oftalmedic.es\/de\/equipo\/dr-luis-salva-ladaria\/\" \/>\n<meta property=\"og:site_name\" content=\"Oftalmedic Salv\u00e1\" \/>\n<meta property=\"article:publisher\" content=\"https:\/\/www.facebook.com\/OftalmedicSalva\/\" \/>\n<meta property=\"article:modified_time\" content=\"2025-10-03T11:10:50+00:00\" \/>\n<meta name=\"twitter:card\" content=\"summary_large_image\" \/>\n<meta name=\"twitter:site\" content=\"@OftalmedicSalva\" \/>\n<meta name=\"twitter:label1\" content=\"Gesch\u00e4tzte Lesezeit\" \/>\n\t<meta name=\"twitter:data1\" content=\"6\u00a0Minuten\" \/>\n<script type=\"application\/ld+json\" class=\"yoast-schema-graph\">{\"@context\":\"https:\/\/schema.org\",\"@graph\":[{\"@type\":\"WebPage\",\"@id\":\"https:\/\/oftalmedic.es\/de\/equipo\/dr-luis-salva-ladaria\/\",\"url\":\"https:\/\/oftalmedic.es\/de\/equipo\/dr-luis-salva-ladaria\/\",\"name\":\"Dr. Luis Salv\u00e0 : Spezialist f\u00fcr Katarakt und refraktive Chirurgie Palma de Mallorca\",\"isPartOf\":{\"@id\":\"https:\/\/oftalmedic.es\/de\/#website\"},\"datePublished\":\"2025-07-09T12:59:46+00:00\",\"dateModified\":\"2025-10-03T11:10:50+00:00\",\"description\":\"Arzt Luis Salv\u00e0 Ladaria. Spezialist f\u00fcr Hornhaut, Kataraktbehandlung und refraktive Chirurgie in Palma. Medizinischer Leiter der Klinik Oftalmedic Salv\u00e0.\",\"breadcrumb\":{\"@id\":\"https:\/\/oftalmedic.es\/de\/equipo\/dr-luis-salva-ladaria\/#breadcrumb\"},\"inLanguage\":\"de\",\"potentialAction\":[{\"@type\":\"ReadAction\",\"target\":[\"https:\/\/oftalmedic.es\/de\/equipo\/dr-luis-salva-ladaria\/\"]}]},{\"@type\":\"BreadcrumbList\",\"@id\":\"https:\/\/oftalmedic.es\/de\/equipo\/dr-luis-salva-ladaria\/#breadcrumb\",\"itemListElement\":[{\"@type\":\"ListItem\",\"position\":1,\"name\":\"Portada\",\"item\":\"https:\/\/oftalmedic.es\/de\/\"},{\"@type\":\"ListItem\",\"position\":2,\"name\":\"Equipo\",\"item\":\"https:\/\/oftalmedic.es\/de\/equipo\/\"},{\"@type\":\"ListItem\",\"position\":3,\"name\":\"Dr. Luis Salv\u00e0 Ladaria\"}]},{\"@type\":\"WebSite\",\"@id\":\"https:\/\/oftalmedic.es\/de\/#website\",\"url\":\"https:\/\/oftalmedic.es\/de\/\",\"name\":\"Oftalmedic Salv\u00e1\",\"description\":\"Red de cl\u00ednicas oftalmol\u00f3gicas de referencia en Baleares. Pionera en tecnolog\u00eda l\u00e1ser para cirug\u00eda de cataratas y correcci\u00f3n de la miop\u00eda, hipermetrop\u00eda, astigmatismo y presbicia o vista cansada.\",\"publisher\":{\"@id\":\"https:\/\/oftalmedic.es\/de\/#organization\"},\"potentialAction\":[{\"@type\":\"SearchAction\",\"target\":{\"@type\":\"EntryPoint\",\"urlTemplate\":\"https:\/\/oftalmedic.es\/de\/?s={search_term_string}\"},\"query-input\":{\"@type\":\"PropertyValueSpecification\",\"valueRequired\":true,\"valueName\":\"search_term_string\"}}],\"inLanguage\":\"de\"},{\"@type\":\"Organization\",\"@id\":\"https:\/\/oftalmedic.es\/de\/#organization\",\"name\":\"[wpseo_titles]company_Nombre\",\"url\":\"https:\/\/oftalmedic.es\/de\/\",\"logo\":{\"@type\":\"ImageObject\",\"inLanguage\":\"de\",\"@id\":\"https:\/\/oftalmedic.es\/de\/#\/schema\/logo\/image\/\",\"url\":\"https:\/\/oftalmedic.es\/wp-content\/uploads\/2018\/06\/logo-oftalmedic.png\",\"contentUrl\":\"https:\/\/oftalmedic.es\/wp-content\/uploads\/2018\/06\/logo-oftalmedic.png\",\"width\":200,\"height\":58,\"caption\":\"[wpseo_titles]company_Nombre\"},\"image\":{\"@id\":\"https:\/\/oftalmedic.es\/de\/#\/schema\/logo\/image\/\"},\"sameAs\":[\"https:\/\/www.facebook.com\/OftalmedicSalva\/\",\"https:\/\/x.com\/OftalmedicSalva\",\"https:\/\/www.instagram.com\/oftalmedic_salva\",\"https:\/\/www.youtube.com\/channel\/UCWrAdUQk6ZmrfVUqBwX0cug\",\"https:\/\/www.linkedin.com\/company\/oftalmedic-clnica-salv\/\"]}]}<\/script>\n<!-- \/ Yoast SEO plugin. -->","yoast_head_json":{"title":"Dr. Luis Salv\u00e0 : Spezialist f\u00fcr Katarakt und refraktive Chirurgie Palma de Mallorca","description":"Arzt Luis Salv\u00e0 Ladaria. Spezialist f\u00fcr Hornhaut, Kataraktbehandlung und refraktive Chirurgie in Palma. Medizinischer Leiter der Klinik Oftalmedic Salv\u00e0.","robots":{"index":"index","follow":"follow","max-snippet":"max-snippet:-1","max-image-preview":"max-image-preview:large","max-video-preview":"max-video-preview:-1"},"canonical":"https:\/\/oftalmedic.es\/de\/equipo\/dr-luis-salva-ladaria\/","og_locale":"de_DE","og_type":"article","og_title":"Dr. Luis Salv\u00e0 : Spezialist f\u00fcr Katarakt und refraktive Chirurgie Palma de Mallorca","og_description":"Arzt Luis Salv\u00e0 Ladaria. Spezialist f\u00fcr Hornhaut, Kataraktbehandlung und refraktive Chirurgie in Palma. Medizinischer Leiter der Klinik Oftalmedic Salv\u00e0.","og_url":"https:\/\/oftalmedic.es\/de\/equipo\/dr-luis-salva-ladaria\/","og_site_name":"Oftalmedic Salv\u00e1","article_publisher":"https:\/\/www.facebook.com\/OftalmedicSalva\/","article_modified_time":"2025-10-03T11:10:50+00:00","twitter_card":"summary_large_image","twitter_site":"@OftalmedicSalva","twitter_misc":{"Gesch\u00e4tzte Lesezeit":"6\u00a0Minuten"},"schema":{"@context":"https:\/\/schema.org","@graph":[{"@type":"WebPage","@id":"https:\/\/oftalmedic.es\/de\/equipo\/dr-luis-salva-ladaria\/","url":"https:\/\/oftalmedic.es\/de\/equipo\/dr-luis-salva-ladaria\/","name":"Dr. Luis Salv\u00e0 : Spezialist f\u00fcr Katarakt und refraktive Chirurgie Palma de Mallorca","isPartOf":{"@id":"https:\/\/oftalmedic.es\/de\/#website"},"datePublished":"2025-07-09T12:59:46+00:00","dateModified":"2025-10-03T11:10:50+00:00","description":"Arzt Luis Salv\u00e0 Ladaria. Spezialist f\u00fcr Hornhaut, Kataraktbehandlung und refraktive Chirurgie in Palma. Medizinischer Leiter der Klinik Oftalmedic Salv\u00e0.","breadcrumb":{"@id":"https:\/\/oftalmedic.es\/de\/equipo\/dr-luis-salva-ladaria\/#breadcrumb"},"inLanguage":"de","potentialAction":[{"@type":"ReadAction","target":["https:\/\/oftalmedic.es\/de\/equipo\/dr-luis-salva-ladaria\/"]}]},{"@type":"BreadcrumbList","@id":"https:\/\/oftalmedic.es\/de\/equipo\/dr-luis-salva-ladaria\/#breadcrumb","itemListElement":[{"@type":"ListItem","position":1,"name":"Portada","item":"https:\/\/oftalmedic.es\/de\/"},{"@type":"ListItem","position":2,"name":"Equipo","item":"https:\/\/oftalmedic.es\/de\/equipo\/"},{"@type":"ListItem","position":3,"name":"Dr. Luis Salv\u00e0 Ladaria"}]},{"@type":"WebSite","@id":"https:\/\/oftalmedic.es\/de\/#website","url":"https:\/\/oftalmedic.es\/de\/","name":"Oftalmedic Salv\u00e1","description":"Red de cl\u00ednicas oftalmol\u00f3gicas de referencia en Baleares. Pionera en tecnolog\u00eda l\u00e1ser para cirug\u00eda de cataratas y correcci\u00f3n de la miop\u00eda, hipermetrop\u00eda, astigmatismo y presbicia o vista cansada.","publisher":{"@id":"https:\/\/oftalmedic.es\/de\/#organization"},"potentialAction":[{"@type":"SearchAction","target":{"@type":"EntryPoint","urlTemplate":"https:\/\/oftalmedic.es\/de\/?s={search_term_string}"},"query-input":{"@type":"PropertyValueSpecification","valueRequired":true,"valueName":"search_term_string"}}],"inLanguage":"de"},{"@type":"Organization","@id":"https:\/\/oftalmedic.es\/de\/#organization","name":"[wpseo_titles]company_Nombre","url":"https:\/\/oftalmedic.es\/de\/","logo":{"@type":"ImageObject","inLanguage":"de","@id":"https:\/\/oftalmedic.es\/de\/#\/schema\/logo\/image\/","url":"https:\/\/oftalmedic.es\/wp-content\/uploads\/2018\/06\/logo-oftalmedic.png","contentUrl":"https:\/\/oftalmedic.es\/wp-content\/uploads\/2018\/06\/logo-oftalmedic.png","width":200,"height":58,"caption":"[wpseo_titles]company_Nombre"},"image":{"@id":"https:\/\/oftalmedic.es\/de\/#\/schema\/logo\/image\/"},"sameAs":["https:\/\/www.facebook.com\/OftalmedicSalva\/","https:\/\/x.com\/OftalmedicSalva","https:\/\/www.instagram.com\/oftalmedic_salva","https:\/\/www.youtube.com\/channel\/UCWrAdUQk6ZmrfVUqBwX0cug","https:\/\/www.linkedin.com\/company\/oftalmedic-clnica-salv\/"]}]}},"_links":{"self":[{"href":"https:\/\/oftalmedic.es\/de\/wp-json\/wp\/v2\/pages\/11965","targetHints":{"allow":["GET"]}}],"collection":[{"href":"https:\/\/oftalmedic.es\/de\/wp-json\/wp\/v2\/pages"}],"about":[{"href":"https:\/\/oftalmedic.es\/de\/wp-json\/wp\/v2\/types\/page"}],"author":[{"embeddable":true,"href":"https:\/\/oftalmedic.es\/de\/wp-json\/wp\/v2\/users\/2"}],"replies":[{"embeddable":true,"href":"https:\/\/oftalmedic.es\/de\/wp-json\/wp\/v2\/comments?post=11965"}],"version-history":[{"count":0,"href":"https:\/\/oftalmedic.es\/de\/wp-json\/wp\/v2\/pages\/11965\/revisions"}],"up":[{"embeddable":true,"href":"https:\/\/oftalmedic.es\/de\/wp-json\/wp\/v2\/pages\/12465"}],"wp:attachment":[{"href":"https:\/\/oftalmedic.es\/de\/wp-json\/wp\/v2\/media?parent=11965"}],"curies":[{"name":"wp","href":"https:\/\/api.w.org\/{rel}","templated":true}]}}