{"id":11972,"date":"2025-07-09T13:29:08","date_gmt":"2025-07-09T13:29:08","guid":{"rendered":"https:\/\/oftalmedic.rwdesarrollos.es\/team\/dr-francisco-javier-montanez-campos\/"},"modified":"2025-07-09T13:29:10","modified_gmt":"2025-07-09T13:29:10","slug":"dr-francisco-javier-montanez-campos","status":"publish","type":"page","link":"https:\/\/oftalmedic.es\/de\/equipo\/dr-francisco-javier-montanez-campos\/","title":{"rendered":"Dr. Francisco Javier Mont\u00e1\u00f1ez Campos"},"content":{"rendered":"[vc_row type=&#8220;in_container&#8220; full_screen_row_position=&#8220;middle&#8220; column_margin=&#8220;default&#8220; column_direction=&#8220;default&#8220; column_direction_tablet=&#8220;default&#8220; column_direction_phone=&#8220;default&#8220; scene_position=&#8220;center&#8220; bottom_padding=&#8220;30&#8243; text_color=&#8220;dark&#8220; text_align=&#8220;left&#8220; row_border_radius=&#8220;none&#8220; row_border_radius_applies=&#8220;bg&#8220; overlay_strength=&#8220;0.3&#8243; gradient_direction=&#8220;left_to_right&#8220; shape_divider_position=&#8220;bottom&#8220; bg_image_animation=&#8220;none&#8220; shape_type=&#8220;&#8220;][vc_column column_padding=&#8220;no-extra-padding&#8220; column_padding_tablet=&#8220;inherit&#8220; column_padding_phone=&#8220;inherit&#8220; column_padding_position=&#8220;all&#8220; column_element_spacing=&#8220;default&#8220; background_color_opacity=&#8220;1&#8243; background_hover_color_opacity=&#8220;1&#8243; column_shadow=&#8220;none&#8220; column_border_radius=&#8220;none&#8220; column_link_target=&#8220;_self&#8220; gradient_direction=&#8220;left_to_right&#8220; overlay_strength=&#8220;0.3&#8243; width=&#8220;2\/3&#8243; tablet_width_inherit=&#8220;default&#8220; tablet_text_alignment=&#8220;default&#8220; phone_text_alignment=&#8220;default&#8220; bg_image_animation=&#8220;none&#8220; border_type=&#8220;simple&#8220; column_border_width=&#8220;none&#8220; column_border_style=&#8220;solid&#8220;][vc_row_inner column_margin=&#8220;default&#8220; column_direction=&#8220;default&#8220; column_direction_tablet=&#8220;default&#8220; column_direction_phone=&#8220;default&#8220; text_align=&#8220;left&#8220;][vc_column_inner column_padding=&#8220;no-extra-padding&#8220; column_padding_tablet=&#8220;inherit&#8220; column_padding_phone=&#8220;inherit&#8220; column_padding_position=&#8220;all&#8220; column_element_spacing=&#8220;default&#8220; background_color_opacity=&#8220;1&#8243; background_hover_color_opacity=&#8220;1&#8243; column_shadow=&#8220;none&#8220; column_border_radius=&#8220;none&#8220; column_link_target=&#8220;_self&#8220; gradient_direction=&#8220;left_to_right&#8220; overlay_strength=&#8220;0.3&#8243; width=&#8220;1\/3&#8243; tablet_width_inherit=&#8220;default&#8220; bg_image_animation=&#8220;none&#8220; border_type=&#8220;simple&#8220; column_border_width=&#8220;none&#8220; column_border_style=&#8220;solid&#8220;][image_with_animation image_url=&#8220;4921&#8243; animation=&#8220;Fade In&#8220; hover_animation=&#8220;none&#8220; alignment=&#8220;&#8220; border_radius=&#8220;none&#8220; box_shadow=&#8220;none&#8220; image_loading=&#8220;default&#8220; max_width=&#8220;100%&#8220; max_width_mobile=&#8220;default&#8220;][\/vc_column_inner][vc_column_inner column_padding=&#8220;no-extra-padding&#8220; column_padding_tablet=&#8220;inherit&#8220; column_padding_phone=&#8220;inherit&#8220; column_padding_position=&#8220;all&#8220; column_element_spacing=&#8220;default&#8220; background_color_opacity=&#8220;1&#8243; background_hover_color_opacity=&#8220;1&#8243; column_shadow=&#8220;none&#8220; column_border_radius=&#8220;none&#8220; column_link_target=&#8220;_self&#8220; gradient_direction=&#8220;left_to_right&#8220; overlay_strength=&#8220;0.3&#8243; width=&#8220;2\/3&#8243; tablet_width_inherit=&#8220;default&#8220; bg_image_animation=&#8220;none&#8220; border_type=&#8220;simple&#8220; column_border_width=&#8220;none&#8220; column_border_style=&#8220;solid&#8220;][vc_column_text]\n<h1>Dr. Francisco Javier Mont\u00e1\u00f1ez Campos<\/h1>\n<p>Mitglied Nr.: 070706507[\/vc_column_text][divider line_type=&#8220;Small Line&#8220; line_alignment=&#8220;default&#8220; line_thickness=&#8220;4&#8243; divider_color=&#8220;default&#8220; animate=&#8220;yes&#8220; custom_height=&#8220;30&#8243;][vc_column_text]\n<h5>Qualifikationen und Ausbildung<\/h5>\n<ul>\n<li>Hochschulabschluss in Medizin und Chirurgie an der Universitat Aut\u00f2noma de Barcelona (UAB), 2000.<\/li>\n<li>Facharzt f\u00fcr Augenheilkunde \u00fcber MIR am Hospital Universitario Son Dureta (Palma de Mallorca), 2005. Externes Praktikum am IOBA-Institut f\u00fcr angewandte Ophthalmobiologie (Universit\u00e4t Valladolid), 2004. <\/li>\n<li>Estudios de Doctorado del Programa de la Universitat Aut\u00f2noma de Barcelona (UAB), 2003-2005.<\/li>\n<li>Diploma of Advanced Studies (DEA) mit hervorragender Qualifikation an der Universit\u00e4t Alcal\u00e1 UAH ( Madrid) und Erlangung der Suficiencia Investigadora (Forschungsleistung ), 2006.<\/li>\n<li>Universit\u00e4tsspezialist f\u00fcr Management und Organisation von Krankenh\u00e4usern und Gesundheitsdiensten, Universitat Polit\u00e8cnica de Val\u00e8ncia (UPV), 2009-2011.<\/li>\n<li>M\u00e0ster en Dret Sanitari por la Universitat de les Illes Balears (UIB), 2012-2013.<\/li>\n<li>PhD Cum Laude von der Universit\u00e4t Alcal\u00e1 UAH (Madrid), 2015.<\/li>\n<\/ul>\n<h5>Berufliche Laufbahn<\/h5>\n<ul>\n<li>Augenarzt bei Oftalmedic Salv\u00e0 seit 2012.<\/li>\n<li>Assistenzarzt in der Abteilung f\u00fcr Augenheilkunde (Abteilung f\u00fcr Schielen, Kinderaugenheilkunde und Neuroophthalmologie) am Hospital Universitari Son Espases und am Hospital Universitario Son Dureta (Palma de Mallorca), seit 2006.<\/li>\n<\/ul>\n<h5>Wissenschaftliche Aktivit\u00e4ten<\/h5>\n<ul>\n<li>Tutor der Abteilung f\u00fcr Augenheilkunde ( Abteilung f\u00fcr Schielen und Neuroophthalmologie) des Hospital Universitari Son Espases seit 2015 und MIR-Ko-Tutor f\u00fcr Familien und Assistenz\u00e4rzte seit 2005.<\/li>\n<\/ul>\n<h5>Andere Informationen von Interesse<\/h5>\n<ul>\n<li>Premi Dami\u00e0 Carb\u00f3 2016 des Col-legi Oficial de Metges de les Illes Balears f\u00fcr die Forschungsarbeit &#8222;Implications of the innate immune system in retinopathy in vitrectomised patients&#8220;.<\/li>\n<\/ul>\n<h5>Sprachen<\/h5>\n<p>Spanisch, Englisch.[\/vc_column_text][nectar_btn size=&#8220;small&#8220; button_style=&#8220;regular&#8220; button_color_2=&#8220;Accent-Color&#8220; icon_family=&#8220;none&#8220; url=&#8220;\/equipo\/&#8220; text=&#8220;MEDIZINISCHES TEAM&#8220; margin_top=&#8220;30px&#8220;][\/vc_column_inner][\/vc_row_inner][\/vc_column][vc_column column_padding=&#8220;padding-2-percent&#8220; column_padding_tablet=&#8220;inherit&#8220; column_padding_phone=&#8220;inherit&#8220; column_padding_position=&#8220;left-right&#8220; column_element_spacing=&#8220;default&#8220; background_color_opacity=&#8220;1&#8243; background_hover_color_opacity=&#8220;1&#8243; column_shadow=&#8220;none&#8220; column_border_radius=&#8220;none&#8220; column_link_target=&#8220;_self&#8220; gradient_direction=&#8220;left_to_right&#8220; overlay_strength=&#8220;0.3&#8243; width=&#8220;1\/3&#8243; tablet_width_inherit=&#8220;default&#8220; tablet_text_alignment=&#8220;default&#8220; phone_text_alignment=&#8220;default&#8220; bg_image_animation=&#8220;none&#8220; border_type=&#8220;simple&#8220; column_border_width=&#8220;none&#8220; column_border_style=&#8220;solid&#8220;][vc_column_text css=&#8220;.vc_custom_1642767597525{padding-top: 20px !important;padding-right: 20px !important;padding-bottom: 20px !important;padding-left: 20px !important;background-color: #f8f8f8 !important;}&#8220;]\n<h5><strong>Spezialist f\u00fcr<\/strong><\/h5>\n<ul>\n<li><a href=\"https:\/\/oftalmedic.es\/de\/paediatrische-ophthalmologie\/\" target=\"_blank\" rel=\"noopener\">P\u00e4diatrische Ophthalmologie<\/a><\/li>\n<li>Strabismus<\/li>\n<li>P\u00e4diatrische Neuroophthalmologie<\/li>\n<\/ul>\n[\/vc_column_text][divider line_type=&#8220;No Line&#8220;][\/vc_column][\/vc_row]\n","protected":false},"excerpt":{"rendered":"<p>[vc_row type=&#8220;in_container&#8220; full_screen_row_position=&#8220;middle&#8220; column_margin=&#8220;default&#8220; column_direction=&#8220;default&#8220; column_direction_tablet=&#8220;default&#8220; column_direction_phone=&#8220;default&#8220; scene_position=&#8220;center&#8220; bottom_padding=&#8220;30&#8243; text_color=&#8220;dark&#8220; text_align=&#8220;left&#8220; row_border_radius=&#8220;none&#8220; row_border_radius_applies=&#8220;bg&#8220; overlay_strength=&#8220;0.3&#8243; gradient_direction=&#8220;left_to_right&#8220; shape_divider_position=&#8220;bottom&#8220; bg_image_animation=&#8220;none&#8220; shape_type=&#8220;&#8220;][vc_column column_padding=&#8220;no-extra-padding&#8220; column_padding_tablet=&#8220;inherit&#8220; column_padding_phone=&#8220;inherit&#8220; column_padding_position=&#8220;all&#8220; column_element_spacing=&#8220;default&#8220; background_color_opacity=&#8220;1&#8243; background_hover_color_opacity=&#8220;1&#8243; column_shadow=&#8220;none&#8220; column_border_radius=&#8220;none&#8220; column_link_target=&#8220;_self&#8220; gradient_direction=&#8220;left_to_right&#8220; overlay_strength=&#8220;0.3&#8243; width=&#8220;2\/3&#8243; tablet_width_inherit=&#8220;default&#8220; tablet_text_alignment=&#8220;default&#8220; phone_text_alignment=&#8220;default&#8220; bg_image_animation=&#8220;none&#8220; border_type=&#8220;simple&#8220; column_border_width=&#8220;none&#8220; column_border_style=&#8220;solid&#8220;][vc_row_inner column_margin=&#8220;default&#8220; column_direction=&#8220;default&#8220; column_direction_tablet=&#8220;default&#8220; column_direction_phone=&#8220;default&#8220; text_align=&#8220;left&#8220;][vc_column_inner column_padding=&#8220;no-extra-padding&#8220; column_padding_tablet=&#8220;inherit&#8220; column_padding_phone=&#8220;inherit&#8220; column_padding_position=&#8220;all&#8220; column_element_spacing=&#8220;default&#8220; background_color_opacity=&#8220;1&#8243; background_hover_color_opacity=&#8220;1&#8243; column_shadow=&#8220;none&#8220; column_border_radius=&#8220;none&#8220; column_link_target=&#8220;_self&#8220; gradient_direction=&#8220;left_to_right&#8220; overlay_strength=&#8220;0.3&#8243; width=&#8220;1\/3&#8243; tablet_width_inherit=&#8220;default&#8220; bg_image_animation=&#8220;none&#8220; border_type=&#8220;simple&#8220; column_border_width=&#8220;none&#8220;&#8230;<\/p>\n","protected":false},"author":2,"featured_media":0,"parent":12465,"menu_order":0,"comment_status":"closed","ping_status":"closed","template":"","meta":{"footnotes":""},"class_list":["post-11972","page","type-page","status-publish"],"yoast_head":"<!-- This site is optimized with the Yoast SEO plugin v27.1.1 - https:\/\/yoast.com\/product\/yoast-seo-wordpress\/ -->\n<title>Dr. Francisco Javier Mont\u00e1\u00f1ez : P\u00e4diatrische Neuroophthalmologie Palma de Mallorca<\/title>\n<meta name=\"description\" content=\"Dr. Francisco Javier Mont\u00e1\u00f1ez Campos. Facharzt f\u00fcr p\u00e4diatrische Ophthalmologie, Schielen und p\u00e4diatrische Neuroophthalmologie am Oftalmedic Salv\u00e0.\" \/>\n<meta name=\"robots\" content=\"index, follow, max-snippet:-1, max-image-preview:large, max-video-preview:-1\" \/>\n<link rel=\"canonical\" href=\"https:\/\/oftalmedic.es\/de\/equipo\/dr-francisco-javier-montanez-campos\/\" \/>\n<meta property=\"og:locale\" content=\"de_DE\" \/>\n<meta property=\"og:type\" content=\"article\" \/>\n<meta property=\"og:title\" content=\"Dr. Francisco Javier Mont\u00e1\u00f1ez : P\u00e4diatrische Neuroophthalmologie Palma de Mallorca\" \/>\n<meta property=\"og:description\" content=\"Dr. Francisco Javier Mont\u00e1\u00f1ez Campos. Facharzt f\u00fcr p\u00e4diatrische Ophthalmologie, Schielen und p\u00e4diatrische Neuroophthalmologie am Oftalmedic Salv\u00e0.\" \/>\n<meta property=\"og:url\" content=\"https:\/\/oftalmedic.es\/de\/equipo\/dr-francisco-javier-montanez-campos\/\" \/>\n<meta property=\"og:site_name\" content=\"Oftalmedic Salv\u00e1\" \/>\n<meta property=\"article:publisher\" content=\"https:\/\/www.facebook.com\/OftalmedicSalva\/\" \/>\n<meta property=\"article:modified_time\" content=\"2025-07-09T13:29:10+00:00\" \/>\n<meta name=\"twitter:card\" content=\"summary_large_image\" \/>\n<meta name=\"twitter:site\" content=\"@OftalmedicSalva\" \/>\n<meta name=\"twitter:label1\" content=\"Gesch\u00e4tzte Lesezeit\" \/>\n\t<meta name=\"twitter:data1\" content=\"4\u00a0Minuten\" \/>\n<script type=\"application\/ld+json\" class=\"yoast-schema-graph\">{\"@context\":\"https:\/\/schema.org\",\"@graph\":[{\"@type\":\"WebPage\",\"@id\":\"https:\/\/oftalmedic.es\/de\/equipo\/dr-francisco-javier-montanez-campos\/\",\"url\":\"https:\/\/oftalmedic.es\/de\/equipo\/dr-francisco-javier-montanez-campos\/\",\"name\":\"Dr. Francisco Javier Mont\u00e1\u00f1ez : P\u00e4diatrische Neuroophthalmologie Palma de Mallorca\",\"isPartOf\":{\"@id\":\"https:\/\/oftalmedic.es\/de\/#website\"},\"datePublished\":\"2025-07-09T13:29:08+00:00\",\"dateModified\":\"2025-07-09T13:29:10+00:00\",\"description\":\"Dr. Francisco Javier Mont\u00e1\u00f1ez Campos. Facharzt f\u00fcr p\u00e4diatrische Ophthalmologie, Schielen und p\u00e4diatrische Neuroophthalmologie am Oftalmedic Salv\u00e0.\",\"breadcrumb\":{\"@id\":\"https:\/\/oftalmedic.es\/de\/equipo\/dr-francisco-javier-montanez-campos\/#breadcrumb\"},\"inLanguage\":\"de\",\"potentialAction\":[{\"@type\":\"ReadAction\",\"target\":[\"https:\/\/oftalmedic.es\/de\/equipo\/dr-francisco-javier-montanez-campos\/\"]}]},{\"@type\":\"BreadcrumbList\",\"@id\":\"https:\/\/oftalmedic.es\/de\/equipo\/dr-francisco-javier-montanez-campos\/#breadcrumb\",\"itemListElement\":[{\"@type\":\"ListItem\",\"position\":1,\"name\":\"Portada\",\"item\":\"https:\/\/oftalmedic.es\/de\/\"},{\"@type\":\"ListItem\",\"position\":2,\"name\":\"Dr. Francisco Javier Mont\u00e1\u00f1ez Campos\"}]},{\"@type\":\"WebSite\",\"@id\":\"https:\/\/oftalmedic.es\/de\/#website\",\"url\":\"https:\/\/oftalmedic.es\/de\/\",\"name\":\"Oftalmedic Salv\u00e1\",\"description\":\"Red de cl\u00ednicas oftalmol\u00f3gicas de referencia en Baleares. Pionera en tecnolog\u00eda l\u00e1ser para cirug\u00eda de cataratas y correcci\u00f3n de la miop\u00eda, hipermetrop\u00eda, astigmatismo y presbicia o vista cansada.\",\"publisher\":{\"@id\":\"https:\/\/oftalmedic.es\/de\/#organization\"},\"potentialAction\":[{\"@type\":\"SearchAction\",\"target\":{\"@type\":\"EntryPoint\",\"urlTemplate\":\"https:\/\/oftalmedic.es\/de\/?s={search_term_string}\"},\"query-input\":{\"@type\":\"PropertyValueSpecification\",\"valueRequired\":true,\"valueName\":\"search_term_string\"}}],\"inLanguage\":\"de\"},{\"@type\":\"Organization\",\"@id\":\"https:\/\/oftalmedic.es\/de\/#organization\",\"name\":\"[wpseo_titles]company_Nombre\",\"url\":\"https:\/\/oftalmedic.es\/de\/\",\"logo\":{\"@type\":\"ImageObject\",\"inLanguage\":\"de\",\"@id\":\"https:\/\/oftalmedic.es\/de\/#\/schema\/logo\/image\/\",\"url\":\"https:\/\/oftalmedic.es\/wp-content\/uploads\/2018\/06\/logo-oftalmedic.png\",\"contentUrl\":\"https:\/\/oftalmedic.es\/wp-content\/uploads\/2018\/06\/logo-oftalmedic.png\",\"width\":200,\"height\":58,\"caption\":\"[wpseo_titles]company_Nombre\"},\"image\":{\"@id\":\"https:\/\/oftalmedic.es\/de\/#\/schema\/logo\/image\/\"},\"sameAs\":[\"https:\/\/www.facebook.com\/OftalmedicSalva\/\",\"https:\/\/x.com\/OftalmedicSalva\",\"https:\/\/www.instagram.com\/oftalmedic_salva\",\"https:\/\/www.youtube.com\/channel\/UCWrAdUQk6ZmrfVUqBwX0cug\",\"https:\/\/www.linkedin.com\/company\/oftalmedic-clnica-salv\/\"]}]}<\/script>\n<!-- \/ Yoast SEO plugin. -->","yoast_head_json":{"title":"Dr. Francisco Javier Mont\u00e1\u00f1ez : P\u00e4diatrische Neuroophthalmologie Palma de Mallorca","description":"Dr. Francisco Javier Mont\u00e1\u00f1ez Campos. Facharzt f\u00fcr p\u00e4diatrische Ophthalmologie, Schielen und p\u00e4diatrische Neuroophthalmologie am Oftalmedic Salv\u00e0.","robots":{"index":"index","follow":"follow","max-snippet":"max-snippet:-1","max-image-preview":"max-image-preview:large","max-video-preview":"max-video-preview:-1"},"canonical":"https:\/\/oftalmedic.es\/de\/equipo\/dr-francisco-javier-montanez-campos\/","og_locale":"de_DE","og_type":"article","og_title":"Dr. Francisco Javier Mont\u00e1\u00f1ez : P\u00e4diatrische Neuroophthalmologie Palma de Mallorca","og_description":"Dr. Francisco Javier Mont\u00e1\u00f1ez Campos. Facharzt f\u00fcr p\u00e4diatrische Ophthalmologie, Schielen und p\u00e4diatrische Neuroophthalmologie am Oftalmedic Salv\u00e0.","og_url":"https:\/\/oftalmedic.es\/de\/equipo\/dr-francisco-javier-montanez-campos\/","og_site_name":"Oftalmedic Salv\u00e1","article_publisher":"https:\/\/www.facebook.com\/OftalmedicSalva\/","article_modified_time":"2025-07-09T13:29:10+00:00","twitter_card":"summary_large_image","twitter_site":"@OftalmedicSalva","twitter_misc":{"Gesch\u00e4tzte Lesezeit":"4\u00a0Minuten"},"schema":{"@context":"https:\/\/schema.org","@graph":[{"@type":"WebPage","@id":"https:\/\/oftalmedic.es\/de\/equipo\/dr-francisco-javier-montanez-campos\/","url":"https:\/\/oftalmedic.es\/de\/equipo\/dr-francisco-javier-montanez-campos\/","name":"Dr. Francisco Javier Mont\u00e1\u00f1ez : P\u00e4diatrische Neuroophthalmologie Palma de Mallorca","isPartOf":{"@id":"https:\/\/oftalmedic.es\/de\/#website"},"datePublished":"2025-07-09T13:29:08+00:00","dateModified":"2025-07-09T13:29:10+00:00","description":"Dr. Francisco Javier Mont\u00e1\u00f1ez Campos. Facharzt f\u00fcr p\u00e4diatrische Ophthalmologie, Schielen und p\u00e4diatrische Neuroophthalmologie am Oftalmedic Salv\u00e0.","breadcrumb":{"@id":"https:\/\/oftalmedic.es\/de\/equipo\/dr-francisco-javier-montanez-campos\/#breadcrumb"},"inLanguage":"de","potentialAction":[{"@type":"ReadAction","target":["https:\/\/oftalmedic.es\/de\/equipo\/dr-francisco-javier-montanez-campos\/"]}]},{"@type":"BreadcrumbList","@id":"https:\/\/oftalmedic.es\/de\/equipo\/dr-francisco-javier-montanez-campos\/#breadcrumb","itemListElement":[{"@type":"ListItem","position":1,"name":"Portada","item":"https:\/\/oftalmedic.es\/de\/"},{"@type":"ListItem","position":2,"name":"Dr. Francisco Javier Mont\u00e1\u00f1ez Campos"}]},{"@type":"WebSite","@id":"https:\/\/oftalmedic.es\/de\/#website","url":"https:\/\/oftalmedic.es\/de\/","name":"Oftalmedic Salv\u00e1","description":"Red de cl\u00ednicas oftalmol\u00f3gicas de referencia en Baleares. Pionera en tecnolog\u00eda l\u00e1ser para cirug\u00eda de cataratas y correcci\u00f3n de la miop\u00eda, hipermetrop\u00eda, astigmatismo y presbicia o vista cansada.","publisher":{"@id":"https:\/\/oftalmedic.es\/de\/#organization"},"potentialAction":[{"@type":"SearchAction","target":{"@type":"EntryPoint","urlTemplate":"https:\/\/oftalmedic.es\/de\/?s={search_term_string}"},"query-input":{"@type":"PropertyValueSpecification","valueRequired":true,"valueName":"search_term_string"}}],"inLanguage":"de"},{"@type":"Organization","@id":"https:\/\/oftalmedic.es\/de\/#organization","name":"[wpseo_titles]company_Nombre","url":"https:\/\/oftalmedic.es\/de\/","logo":{"@type":"ImageObject","inLanguage":"de","@id":"https:\/\/oftalmedic.es\/de\/#\/schema\/logo\/image\/","url":"https:\/\/oftalmedic.es\/wp-content\/uploads\/2018\/06\/logo-oftalmedic.png","contentUrl":"https:\/\/oftalmedic.es\/wp-content\/uploads\/2018\/06\/logo-oftalmedic.png","width":200,"height":58,"caption":"[wpseo_titles]company_Nombre"},"image":{"@id":"https:\/\/oftalmedic.es\/de\/#\/schema\/logo\/image\/"},"sameAs":["https:\/\/www.facebook.com\/OftalmedicSalva\/","https:\/\/x.com\/OftalmedicSalva","https:\/\/www.instagram.com\/oftalmedic_salva","https:\/\/www.youtube.com\/channel\/UCWrAdUQk6ZmrfVUqBwX0cug","https:\/\/www.linkedin.com\/company\/oftalmedic-clnica-salv\/"]}]}},"_links":{"self":[{"href":"https:\/\/oftalmedic.es\/de\/wp-json\/wp\/v2\/pages\/11972","targetHints":{"allow":["GET"]}}],"collection":[{"href":"https:\/\/oftalmedic.es\/de\/wp-json\/wp\/v2\/pages"}],"about":[{"href":"https:\/\/oftalmedic.es\/de\/wp-json\/wp\/v2\/types\/page"}],"author":[{"embeddable":true,"href":"https:\/\/oftalmedic.es\/de\/wp-json\/wp\/v2\/users\/2"}],"replies":[{"embeddable":true,"href":"https:\/\/oftalmedic.es\/de\/wp-json\/wp\/v2\/comments?post=11972"}],"version-history":[{"count":0,"href":"https:\/\/oftalmedic.es\/de\/wp-json\/wp\/v2\/pages\/11972\/revisions"}],"up":[{"embeddable":true,"href":"https:\/\/oftalmedic.es\/de\/wp-json\/wp\/v2\/pages\/12465"}],"wp:attachment":[{"href":"https:\/\/oftalmedic.es\/de\/wp-json\/wp\/v2\/media?parent=11972"}],"curies":[{"name":"wp","href":"https:\/\/api.w.org\/{rel}","templated":true}]}}