{"id":11975,"date":"2025-07-09T13:31:58","date_gmt":"2025-07-09T13:31:58","guid":{"rendered":"https:\/\/oftalmedic.rwdesarrollos.es\/team\/dr-scott-anderson-garcia\/"},"modified":"2025-07-09T13:31:58","modified_gmt":"2025-07-09T13:31:58","slug":"dr-scott-anderson-garcia","status":"publish","type":"page","link":"https:\/\/oftalmedic.es\/de\/equipo\/dr-scott-anderson-garcia\/","title":{"rendered":"Dr. Scott Anderson Garc\u00eda"},"content":{"rendered":"[vc_row type=&#8220;in_container&#8220; full_screen_row_position=&#8220;middle&#8220; column_margin=&#8220;default&#8220; column_direction=&#8220;default&#8220; column_direction_tablet=&#8220;default&#8220; column_direction_phone=&#8220;default&#8220; scene_position=&#8220;center&#8220; bottom_padding=&#8220;30&#8243; text_color=&#8220;dark&#8220; text_align=&#8220;left&#8220; row_border_radius=&#8220;none&#8220; row_border_radius_applies=&#8220;bg&#8220; overflow=&#8220;visible&#8220; overlay_strength=&#8220;0.3&#8243; gradient_direction=&#8220;left_to_right&#8220; shape_divider_position=&#8220;bottom&#8220; bg_image_animation=&#8220;none&#8220; shape_type=&#8220;&#8220;][vc_column column_padding=&#8220;no-extra-padding&#8220; column_padding_tablet=&#8220;inherit&#8220; column_padding_phone=&#8220;inherit&#8220; column_padding_position=&#8220;all&#8220; column_element_direction_desktop=&#8220;default&#8220; column_element_spacing=&#8220;default&#8220; desktop_text_alignment=&#8220;default&#8220; tablet_text_alignment=&#8220;default&#8220; phone_text_alignment=&#8220;default&#8220; background_color_opacity=&#8220;1&#8243; background_hover_color_opacity=&#8220;1&#8243; column_backdrop_filter=&#8220;none&#8220; column_shadow=&#8220;none&#8220; column_border_radius=&#8220;none&#8220; column_link_target=&#8220;_self&#8220; column_position=&#8220;default&#8220; gradient_direction=&#8220;left_to_right&#8220; overlay_strength=&#8220;0.3&#8243; width=&#8220;2\/3&#8243; tablet_width_inherit=&#8220;default&#8220; animation_type=&#8220;default&#8220; bg_image_animation=&#8220;none&#8220; border_type=&#8220;simple&#8220; column_border_width=&#8220;none&#8220; column_border_style=&#8220;solid&#8220;][vc_row_inner column_margin=&#8220;default&#8220; column_direction=&#8220;default&#8220; column_direction_tablet=&#8220;default&#8220; column_direction_phone=&#8220;default&#8220; text_align=&#8220;left&#8220; row_position=&#8220;default&#8220; row_position_tablet=&#8220;inherit&#8220; row_position_phone=&#8220;inherit&#8220; overflow=&#8220;visible&#8220; pointer_events=&#8220;all&#8220;][vc_column_inner column_padding=&#8220;no-extra-padding&#8220; column_padding_tablet=&#8220;inherit&#8220; column_padding_phone=&#8220;inherit&#8220; column_padding_position=&#8220;all&#8220; column_element_direction_desktop=&#8220;default&#8220; column_element_spacing=&#8220;default&#8220; desktop_text_alignment=&#8220;default&#8220; tablet_text_alignment=&#8220;default&#8220; phone_text_alignment=&#8220;default&#8220; background_color_opacity=&#8220;1&#8243; background_hover_color_opacity=&#8220;1&#8243; column_backdrop_filter=&#8220;none&#8220; column_shadow=&#8220;none&#8220; column_border_radius=&#8220;none&#8220; column_link_target=&#8220;_self&#8220; overflow=&#8220;visible&#8220; gradient_direction=&#8220;left_to_right&#8220; overlay_strength=&#8220;0.3&#8243; width=&#8220;1\/3&#8243; tablet_width_inherit=&#8220;default&#8220; animation_type=&#8220;default&#8220; bg_image_animation=&#8220;none&#8220; border_type=&#8220;simple&#8220; column_border_width=&#8220;none&#8220; column_border_style=&#8220;solid&#8220;][image_with_animation image_url=&#8220;8922&#8243; image_size=&#8220;full&#8220; animation_type=&#8220;entrance&#8220; animation=&#8220;Fade In&#8220; animation_easing=&#8220;default&#8220; animation_movement_type=&#8220;transform_y&#8220; hover_animation=&#8220;none&#8220; alignment=&#8220;&#8220; border_radius=&#8220;none&#8220; box_shadow=&#8220;none&#8220; image_loading=&#8220;default&#8220; max_width=&#8220;100%&#8220; max_width_mobile=&#8220;default&#8220;][\/vc_column_inner][vc_column_inner column_padding=&#8220;no-extra-padding&#8220; column_padding_tablet=&#8220;inherit&#8220; column_padding_phone=&#8220;inherit&#8220; column_padding_position=&#8220;all&#8220; column_element_direction_desktop=&#8220;default&#8220; column_element_spacing=&#8220;default&#8220; desktop_text_alignment=&#8220;default&#8220; tablet_text_alignment=&#8220;default&#8220; phone_text_alignment=&#8220;default&#8220; background_color_opacity=&#8220;1&#8243; background_hover_color_opacity=&#8220;1&#8243; column_backdrop_filter=&#8220;none&#8220; column_shadow=&#8220;none&#8220; column_border_radius=&#8220;none&#8220; column_link_target=&#8220;_self&#8220; overflow=&#8220;visible&#8220; gradient_direction=&#8220;left_to_right&#8220; overlay_strength=&#8220;0.3&#8243; width=&#8220;2\/3&#8243; tablet_width_inherit=&#8220;default&#8220; animation_type=&#8220;default&#8220; bg_image_animation=&#8220;none&#8220; border_type=&#8220;simple&#8220; column_border_width=&#8220;none&#8220; column_border_style=&#8220;solid&#8220;][vc_column_text]\n<h1>Dr. Scott Anderson Garc\u00eda<\/h1>\n<p>Anzahl der Hochschulen: 073606792[\/vc_column_text][divider line_type=&#8220;Small Line&#8220; line_alignment=&#8220;default&#8220; line_thickness=&#8220;4&#8243; divider_color=&#8220;default&#8220; animate=&#8220;yes&#8220; custom_height=&#8220;30&#8243;][vc_column_text]\n<h5>Qualifikationen und Ausbildung<\/h5>\n<ul>\n<li>Abschluss in Medizin mit Auszeichnung (Cum Laude) an der Universit\u00e4t von Zulia (Venezuela), 2007. Der Abschluss wurde in Spanien anerkannt. <\/li>\n<li>Auszeichnung f\u00fcr akademische Exzellenz und beste Qualifikation, Jahrgang 2007, Medizinische Fakult\u00e4t, Universit\u00e4t Zulia (Venezuela).<\/li>\n<li>Facharzt f\u00fcr Augenheilkunde \u00fcber MIR am Complexo Hospitalario Universitario de Vigo, 2013.<\/li>\n<li>Externes Praktikum in refraktiver und Vorderabschnittschirurgie am Instituto Oftalmol\u00f3gico Fern\u00e1ndez-Vega (Oviedo), 2012.<\/li>\n<li>Externes Praktikum in Augenheilkunde und ophthalmologischen Notf\u00e4llen am Universit\u00e4tskrankenhaus von Maracaibo (Venezuela), 2011.<\/li>\n<li>PhD in translationaler Forschung im Bereich \u00f6ffentliche Gesundheit und hochpr\u00e4valente Krankheiten, Universit\u00e4t der Balearen (UIB), 2024.<\/li>\n<li>Ausbildung in Okuloplastik in mehreren Kursen der Spanischen Gesellschaft f\u00fcr Augen- und Orbitalplastik am Hospital 12 de Octubre in Madrid und anderen Zentren.<\/li>\n<li>Erfahrung in der okuloplastischen Chirurgie im Krankenhaus Xeral-C\u00edes in Vigo.<\/li>\n<li>Klinische Erfahrung mit Femtosekundenlaser-Kataraktchirurgie, CO2-Laser-Okuloplastik, IPL-Behandlung bei trockenem Auge\/Blepharitis, Botulinumtoxin (Botox), Hyalurons\u00e4urefillern u. a.<\/li>\n<\/ul>\n<h5>Berufliche Laufbahn<\/h5>\n<ul>\n<li>Augenarzt bei Oftalmedic Salv\u00e0 seit 2014.<\/li>\n<li>Allgemeiner Augenarzt am Instituto Oftalmol\u00f3gico de Vigo (IOV), 2013.<\/li>\n<\/ul>\n<h5>WissenschaftlicheAktivit\u00e4ten<\/h5>\n<p>Neben zahlreichen Vortr\u00e4gen und Lehrt\u00e4tigkeiten hat Dr. Scott Anderson auch an mehr als f\u00fcnfzehn Forschungsarbeiten und Ver\u00f6ffentlichungen mitgewirkt:<\/p>\n<ul>\n<li>Numerische Analyse der Auswirkung von dezentrierten refraktiven segmentierten EDoF-Intraokularlinsen auf die prognostizierten Sehergebnisse. Photonics 2023 &#8211; 10(7), 850. <\/li>\n<li>Polychromatische Bewertung einer refraktiv segmentierten EDOF-Intraokularlinse. J. Clin. Med.   2022, 11, 1480.<\/li>\n<li>Optische Leistung einer segmentierten Intraokularlinse mit erweiterter Sch\u00e4rfentiefe unter dem Einfluss verschiedener Werte der sph\u00e4rischen Aberration, die durch refraktive Chirurgie erzeugt wurde. Zeitschrift f\u00fcr klinische Medizin. 2023 Jul;12(14) &#8211; 4758.  <\/li>\n<li>Vergleich der polychromatischen Bildqualit\u00e4t von zwei refraktiv-segmentierten und zwei diffraktiven multifokalen Intraokularlinsen. Zeitschrift f\u00fcr klinische Medizin. 2023 Jul;12(14) &#8211; 4678.  <\/li>\n<li>Polyalkylamid-F\u00fcllstoffe bei mit dem Humanen Immundefizienz-Virus assoziierter Lipodystrophie des Gesichts: ophthalmologische Komplikationen. Archivos de la Sociedad Espa\u00f1ola de Oftalmolog\u00eda. Elsevier, 2013.  <\/li>\n<li>Aktuelle Erkenntnisse und Perspektiven f\u00fcr die Ausbildung neuer Phakochirurgen. Rev Esp Inv Oftal.  2012.<\/li>\n<\/ul>\n<h5>Andere Informationen von Interesse<\/h5>\n<ul>\n<li>Mitglied der Spanischen Gesellschaft f\u00fcr Ophthalmologie (SEO).<\/li>\n<li>Vertreter der Balearen in der Spanischen Gesellschaft f\u00fcr Augenoberfl\u00e4che und Hornhaut (SESOC) (2022).<\/li>\n<\/ul>\n<h5>Sprachen<\/h5>\n<p>Spanisch, Englisch, Italienisch.[\/vc_column_text][nectar_btn size=&#8220;small&#8220; button_style=&#8220;regular&#8220; button_color_2=&#8220;Accent-Color&#8220; icon_family=&#8220;none&#8220; url=&#8220;\/equipo\/&#8220; text=&#8220;MEDIZINISCHES TEAM&#8220; margin_top=&#8220;30px&#8220;][\/vc_column_inner][\/vc_row_inner][\/vc_column][vc_column column_padding=&#8220;padding-2-percent&#8220; column_padding_tablet=&#8220;inherit&#8220; column_padding_phone=&#8220;inherit&#8220; column_padding_position=&#8220;left-right&#8220; column_element_direction_desktop=&#8220;default&#8220; column_element_spacing=&#8220;default&#8220; desktop_text_alignment=&#8220;default&#8220; tablet_text_alignment=&#8220;default&#8220; phone_text_alignment=&#8220;default&#8220; background_color_opacity=&#8220;1&#8243; background_hover_color_opacity=&#8220;1&#8243; column_backdrop_filter=&#8220;none&#8220; column_shadow=&#8220;none&#8220; column_border_radius=&#8220;none&#8220; column_link_target=&#8220;_self&#8220; column_position=&#8220;default&#8220; gradient_direction=&#8220;left_to_right&#8220; overlay_strength=&#8220;0.3&#8243; width=&#8220;1\/3&#8243; tablet_width_inherit=&#8220;default&#8220; animation_type=&#8220;default&#8220; bg_image_animation=&#8220;none&#8220; border_type=&#8220;simple&#8220; column_border_width=&#8220;none&#8220; column_border_style=&#8220;solid&#8220;][vc_column_text css=&#8220;.vc_custom_1642767177042{padding-top: 20px !important;padding-right: 20px !important;padding-bottom: 20px !important;padding-left: 20px !important;background-color: #f8f8f8 !important;}&#8220;]\n<h5><strong>Spezialist f\u00fcr<\/strong><\/h5>\n<ul>\n<li><a href=\"https:\/\/oftalmedic.es\/de\/cataratas\/\" target=\"_blank\" rel=\"noopener\">Katarakt-Behandlung<\/a><\/li>\n<li><a href=\"https:\/\/oftalmedic.es\/de\/okuloplastik\/\" target=\"_blank\" rel=\"noopener\">Augenarztpraxis<\/a><\/li>\n<li class=\"m_3265373467215399838MsoListParagraph\"><a href=\"https:\/\/oftalmedic.es\/de\/augenoberflaeche\/\" target=\"_blank\" rel=\"noopener\">Augenoberfl\u00e4che<\/a><\/li>\n<\/ul>\n[\/vc_column_text][divider line_type=&#8220;No Line&#8220;][\/vc_column][\/vc_row]\n","protected":false},"excerpt":{"rendered":"<p>[vc_row type=&#8220;in_container&#8220; full_screen_row_position=&#8220;middle&#8220; column_margin=&#8220;default&#8220; column_direction=&#8220;default&#8220; column_direction_tablet=&#8220;default&#8220; column_direction_phone=&#8220;default&#8220; scene_position=&#8220;center&#8220; bottom_padding=&#8220;30&#8243; text_color=&#8220;dark&#8220; text_align=&#8220;left&#8220; row_border_radius=&#8220;none&#8220; row_border_radius_applies=&#8220;bg&#8220; overflow=&#8220;visible&#8220; overlay_strength=&#8220;0.3&#8243; gradient_direction=&#8220;left_to_right&#8220; shape_divider_position=&#8220;bottom&#8220; bg_image_animation=&#8220;none&#8220; shape_type=&#8220;&#8220;][vc_column column_padding=&#8220;no-extra-padding&#8220; column_padding_tablet=&#8220;inherit&#8220; column_padding_phone=&#8220;inherit&#8220; column_padding_position=&#8220;all&#8220; column_element_direction_desktop=&#8220;default&#8220; column_element_spacing=&#8220;default&#8220; desktop_text_alignment=&#8220;default&#8220; tablet_text_alignment=&#8220;default&#8220; phone_text_alignment=&#8220;default&#8220; background_color_opacity=&#8220;1&#8243; background_hover_color_opacity=&#8220;1&#8243; column_backdrop_filter=&#8220;none&#8220; column_shadow=&#8220;none&#8220; column_border_radius=&#8220;none&#8220; column_link_target=&#8220;_self&#8220; column_position=&#8220;default&#8220; gradient_direction=&#8220;left_to_right&#8220; overlay_strength=&#8220;0.3&#8243; width=&#8220;2\/3&#8243; tablet_width_inherit=&#8220;default&#8220; animation_type=&#8220;default&#8220; bg_image_animation=&#8220;none&#8220; border_type=&#8220;simple&#8220; column_border_width=&#8220;none&#8220; column_border_style=&#8220;solid&#8220;][vc_row_inner column_margin=&#8220;default&#8220; column_direction=&#8220;default&#8220; column_direction_tablet=&#8220;default&#8220; column_direction_phone=&#8220;default&#8220; text_align=&#8220;left&#8220; row_position=&#8220;default&#8220; row_position_tablet=&#8220;inherit&#8220; row_position_phone=&#8220;inherit&#8220; overflow=&#8220;visible&#8220; pointer_events=&#8220;all&#8220;][vc_column_inner column_padding=&#8220;no-extra-padding&#8220; column_padding_tablet=&#8220;inherit&#8220; column_padding_phone=&#8220;inherit&#8220; column_padding_position=&#8220;all&#8220; column_element_direction_desktop=&#8220;default&#8220; column_element_spacing=&#8220;default&#8220;&#8230;<\/p>\n","protected":false},"author":2,"featured_media":0,"parent":12465,"menu_order":0,"comment_status":"closed","ping_status":"closed","template":"","meta":{"footnotes":""},"class_list":["post-11975","page","type-page","status-publish"],"yoast_head":"<!-- This site is optimized with the Yoast SEO plugin v27.1.1 - https:\/\/yoast.com\/product\/yoast-seo-wordpress\/ -->\n<title>Dr. Scott Anderson Garcia : Spezialist f\u00fcr Augenkorrekturen Palma de Mallorca<\/title>\n<meta name=\"description\" content=\"Dr. Scott Anderson Garc\u00eda. Facharzt f\u00fcr Augenheilkunde, spezialisiert auf Erkrankungen der Augenoberfl\u00e4che und Augenplastik bei Oftalmedic Salv\u00e0. Vereinbaren Sie einen Termin.\" \/>\n<meta name=\"robots\" content=\"index, follow, max-snippet:-1, max-image-preview:large, max-video-preview:-1\" \/>\n<link rel=\"canonical\" href=\"https:\/\/oftalmedic.es\/de\/equipo\/dr-scott-anderson-garcia\/\" \/>\n<meta property=\"og:locale\" content=\"de_DE\" \/>\n<meta property=\"og:type\" content=\"article\" \/>\n<meta property=\"og:title\" content=\"Dr. Scott Anderson Garcia : Spezialist f\u00fcr Augenkorrekturen Palma de Mallorca\" \/>\n<meta property=\"og:description\" content=\"Dr. Scott Anderson Garc\u00eda. Facharzt f\u00fcr Augenheilkunde, spezialisiert auf Erkrankungen der Augenoberfl\u00e4che und Augenplastik bei Oftalmedic Salv\u00e0. Vereinbaren Sie einen Termin.\" \/>\n<meta property=\"og:url\" content=\"https:\/\/oftalmedic.es\/de\/equipo\/dr-scott-anderson-garcia\/\" \/>\n<meta property=\"og:site_name\" content=\"Oftalmedic Salv\u00e1\" \/>\n<meta property=\"article:publisher\" content=\"https:\/\/www.facebook.com\/OftalmedicSalva\/\" \/>\n<meta name=\"twitter:card\" content=\"summary_large_image\" \/>\n<meta name=\"twitter:site\" content=\"@OftalmedicSalva\" \/>\n<meta name=\"twitter:label1\" content=\"Gesch\u00e4tzte Lesezeit\" \/>\n\t<meta name=\"twitter:data1\" content=\"5\u00a0Minuten\" \/>\n<script type=\"application\/ld+json\" class=\"yoast-schema-graph\">{\"@context\":\"https:\/\/schema.org\",\"@graph\":[{\"@type\":\"WebPage\",\"@id\":\"https:\/\/oftalmedic.es\/de\/equipo\/dr-scott-anderson-garcia\/\",\"url\":\"https:\/\/oftalmedic.es\/de\/equipo\/dr-scott-anderson-garcia\/\",\"name\":\"Dr. Scott Anderson Garcia : Spezialist f\u00fcr Augenkorrekturen Palma de Mallorca\",\"isPartOf\":{\"@id\":\"https:\/\/oftalmedic.es\/de\/#website\"},\"datePublished\":\"2025-07-09T13:31:58+00:00\",\"description\":\"Dr. Scott Anderson Garc\u00eda. Facharzt f\u00fcr Augenheilkunde, spezialisiert auf Erkrankungen der Augenoberfl\u00e4che und Augenplastik bei Oftalmedic Salv\u00e0. Vereinbaren Sie einen Termin.\",\"breadcrumb\":{\"@id\":\"https:\/\/oftalmedic.es\/de\/equipo\/dr-scott-anderson-garcia\/#breadcrumb\"},\"inLanguage\":\"de\",\"potentialAction\":[{\"@type\":\"ReadAction\",\"target\":[\"https:\/\/oftalmedic.es\/de\/equipo\/dr-scott-anderson-garcia\/\"]}]},{\"@type\":\"BreadcrumbList\",\"@id\":\"https:\/\/oftalmedic.es\/de\/equipo\/dr-scott-anderson-garcia\/#breadcrumb\",\"itemListElement\":[{\"@type\":\"ListItem\",\"position\":1,\"name\":\"Portada\",\"item\":\"https:\/\/oftalmedic.es\/de\/\"},{\"@type\":\"ListItem\",\"position\":2,\"name\":\"Dr. Scott Anderson Garc\u00eda\"}]},{\"@type\":\"WebSite\",\"@id\":\"https:\/\/oftalmedic.es\/de\/#website\",\"url\":\"https:\/\/oftalmedic.es\/de\/\",\"name\":\"Oftalmedic Salv\u00e1\",\"description\":\"Red de cl\u00ednicas oftalmol\u00f3gicas de referencia en Baleares. Pionera en tecnolog\u00eda l\u00e1ser para cirug\u00eda de cataratas y correcci\u00f3n de la miop\u00eda, hipermetrop\u00eda, astigmatismo y presbicia o vista cansada.\",\"publisher\":{\"@id\":\"https:\/\/oftalmedic.es\/de\/#organization\"},\"potentialAction\":[{\"@type\":\"SearchAction\",\"target\":{\"@type\":\"EntryPoint\",\"urlTemplate\":\"https:\/\/oftalmedic.es\/de\/?s={search_term_string}\"},\"query-input\":{\"@type\":\"PropertyValueSpecification\",\"valueRequired\":true,\"valueName\":\"search_term_string\"}}],\"inLanguage\":\"de\"},{\"@type\":\"Organization\",\"@id\":\"https:\/\/oftalmedic.es\/de\/#organization\",\"name\":\"[wpseo_titles]company_Nombre\",\"url\":\"https:\/\/oftalmedic.es\/de\/\",\"logo\":{\"@type\":\"ImageObject\",\"inLanguage\":\"de\",\"@id\":\"https:\/\/oftalmedic.es\/de\/#\/schema\/logo\/image\/\",\"url\":\"https:\/\/oftalmedic.es\/wp-content\/uploads\/2018\/06\/logo-oftalmedic.png\",\"contentUrl\":\"https:\/\/oftalmedic.es\/wp-content\/uploads\/2018\/06\/logo-oftalmedic.png\",\"width\":200,\"height\":58,\"caption\":\"[wpseo_titles]company_Nombre\"},\"image\":{\"@id\":\"https:\/\/oftalmedic.es\/de\/#\/schema\/logo\/image\/\"},\"sameAs\":[\"https:\/\/www.facebook.com\/OftalmedicSalva\/\",\"https:\/\/x.com\/OftalmedicSalva\",\"https:\/\/www.instagram.com\/oftalmedic_salva\",\"https:\/\/www.youtube.com\/channel\/UCWrAdUQk6ZmrfVUqBwX0cug\",\"https:\/\/www.linkedin.com\/company\/oftalmedic-clnica-salv\/\"]}]}<\/script>\n<!-- \/ Yoast SEO plugin. -->","yoast_head_json":{"title":"Dr. Scott Anderson Garcia : Spezialist f\u00fcr Augenkorrekturen Palma de Mallorca","description":"Dr. Scott Anderson Garc\u00eda. Facharzt f\u00fcr Augenheilkunde, spezialisiert auf Erkrankungen der Augenoberfl\u00e4che und Augenplastik bei Oftalmedic Salv\u00e0. Vereinbaren Sie einen Termin.","robots":{"index":"index","follow":"follow","max-snippet":"max-snippet:-1","max-image-preview":"max-image-preview:large","max-video-preview":"max-video-preview:-1"},"canonical":"https:\/\/oftalmedic.es\/de\/equipo\/dr-scott-anderson-garcia\/","og_locale":"de_DE","og_type":"article","og_title":"Dr. Scott Anderson Garcia : Spezialist f\u00fcr Augenkorrekturen Palma de Mallorca","og_description":"Dr. Scott Anderson Garc\u00eda. Facharzt f\u00fcr Augenheilkunde, spezialisiert auf Erkrankungen der Augenoberfl\u00e4che und Augenplastik bei Oftalmedic Salv\u00e0. Vereinbaren Sie einen Termin.","og_url":"https:\/\/oftalmedic.es\/de\/equipo\/dr-scott-anderson-garcia\/","og_site_name":"Oftalmedic Salv\u00e1","article_publisher":"https:\/\/www.facebook.com\/OftalmedicSalva\/","twitter_card":"summary_large_image","twitter_site":"@OftalmedicSalva","twitter_misc":{"Gesch\u00e4tzte Lesezeit":"5\u00a0Minuten"},"schema":{"@context":"https:\/\/schema.org","@graph":[{"@type":"WebPage","@id":"https:\/\/oftalmedic.es\/de\/equipo\/dr-scott-anderson-garcia\/","url":"https:\/\/oftalmedic.es\/de\/equipo\/dr-scott-anderson-garcia\/","name":"Dr. Scott Anderson Garcia : Spezialist f\u00fcr Augenkorrekturen Palma de Mallorca","isPartOf":{"@id":"https:\/\/oftalmedic.es\/de\/#website"},"datePublished":"2025-07-09T13:31:58+00:00","description":"Dr. Scott Anderson Garc\u00eda. Facharzt f\u00fcr Augenheilkunde, spezialisiert auf Erkrankungen der Augenoberfl\u00e4che und Augenplastik bei Oftalmedic Salv\u00e0. Vereinbaren Sie einen Termin.","breadcrumb":{"@id":"https:\/\/oftalmedic.es\/de\/equipo\/dr-scott-anderson-garcia\/#breadcrumb"},"inLanguage":"de","potentialAction":[{"@type":"ReadAction","target":["https:\/\/oftalmedic.es\/de\/equipo\/dr-scott-anderson-garcia\/"]}]},{"@type":"BreadcrumbList","@id":"https:\/\/oftalmedic.es\/de\/equipo\/dr-scott-anderson-garcia\/#breadcrumb","itemListElement":[{"@type":"ListItem","position":1,"name":"Portada","item":"https:\/\/oftalmedic.es\/de\/"},{"@type":"ListItem","position":2,"name":"Dr. Scott Anderson Garc\u00eda"}]},{"@type":"WebSite","@id":"https:\/\/oftalmedic.es\/de\/#website","url":"https:\/\/oftalmedic.es\/de\/","name":"Oftalmedic Salv\u00e1","description":"Red de cl\u00ednicas oftalmol\u00f3gicas de referencia en Baleares. Pionera en tecnolog\u00eda l\u00e1ser para cirug\u00eda de cataratas y correcci\u00f3n de la miop\u00eda, hipermetrop\u00eda, astigmatismo y presbicia o vista cansada.","publisher":{"@id":"https:\/\/oftalmedic.es\/de\/#organization"},"potentialAction":[{"@type":"SearchAction","target":{"@type":"EntryPoint","urlTemplate":"https:\/\/oftalmedic.es\/de\/?s={search_term_string}"},"query-input":{"@type":"PropertyValueSpecification","valueRequired":true,"valueName":"search_term_string"}}],"inLanguage":"de"},{"@type":"Organization","@id":"https:\/\/oftalmedic.es\/de\/#organization","name":"[wpseo_titles]company_Nombre","url":"https:\/\/oftalmedic.es\/de\/","logo":{"@type":"ImageObject","inLanguage":"de","@id":"https:\/\/oftalmedic.es\/de\/#\/schema\/logo\/image\/","url":"https:\/\/oftalmedic.es\/wp-content\/uploads\/2018\/06\/logo-oftalmedic.png","contentUrl":"https:\/\/oftalmedic.es\/wp-content\/uploads\/2018\/06\/logo-oftalmedic.png","width":200,"height":58,"caption":"[wpseo_titles]company_Nombre"},"image":{"@id":"https:\/\/oftalmedic.es\/de\/#\/schema\/logo\/image\/"},"sameAs":["https:\/\/www.facebook.com\/OftalmedicSalva\/","https:\/\/x.com\/OftalmedicSalva","https:\/\/www.instagram.com\/oftalmedic_salva","https:\/\/www.youtube.com\/channel\/UCWrAdUQk6ZmrfVUqBwX0cug","https:\/\/www.linkedin.com\/company\/oftalmedic-clnica-salv\/"]}]}},"_links":{"self":[{"href":"https:\/\/oftalmedic.es\/de\/wp-json\/wp\/v2\/pages\/11975","targetHints":{"allow":["GET"]}}],"collection":[{"href":"https:\/\/oftalmedic.es\/de\/wp-json\/wp\/v2\/pages"}],"about":[{"href":"https:\/\/oftalmedic.es\/de\/wp-json\/wp\/v2\/types\/page"}],"author":[{"embeddable":true,"href":"https:\/\/oftalmedic.es\/de\/wp-json\/wp\/v2\/users\/2"}],"replies":[{"embeddable":true,"href":"https:\/\/oftalmedic.es\/de\/wp-json\/wp\/v2\/comments?post=11975"}],"version-history":[{"count":0,"href":"https:\/\/oftalmedic.es\/de\/wp-json\/wp\/v2\/pages\/11975\/revisions"}],"up":[{"embeddable":true,"href":"https:\/\/oftalmedic.es\/de\/wp-json\/wp\/v2\/pages\/12465"}],"wp:attachment":[{"href":"https:\/\/oftalmedic.es\/de\/wp-json\/wp\/v2\/media?parent=11975"}],"curies":[{"name":"wp","href":"https:\/\/api.w.org\/{rel}","templated":true}]}}