{"id":12062,"date":"2025-07-09T15:05:33","date_gmt":"2025-07-09T15:05:33","guid":{"rendered":"https:\/\/oftalmedic.rwdesarrollos.es\/oftalmologia-sanitas-mallorca\/"},"modified":"2025-07-09T15:05:34","modified_gmt":"2025-07-09T15:05:34","slug":"oftalmologia-sanitas-mallorca","status":"publish","type":"page","link":"https:\/\/oftalmedic.es\/de\/oftalmologia-sanitas-mallorca\/","title":{"rendered":"Sanitas Ophthalmologie auf Mallorca"},"content":{"rendered":"[vc_row type=&#8220;in_container&#8220; full_screen_row_position=&#8220;middle&#8220; column_margin=&#8220;default&#8220; column_direction=&#8220;default&#8220; column_direction_tablet=&#8220;default&#8220; column_direction_phone=&#8220;default&#8220; scene_position=&#8220;center&#8220; text_color=&#8220;dark&#8220; text_align=&#8220;left&#8220; row_border_radius=&#8220;none&#8220; row_border_radius_applies=&#8220;bg&#8220; overlay_strength=&#8220;0.3&#8243; gradient_direction=&#8220;left_to_right&#8220; shape_divider_position=&#8220;bottom&#8220; bg_image_animation=&#8220;none&#8220;][vc_column column_padding=&#8220;no-extra-padding&#8220; column_padding_tablet=&#8220;inherit&#8220; column_padding_phone=&#8220;inherit&#8220; column_padding_position=&#8220;all&#8220; column_element_spacing=&#8220;default&#8220; background_color_opacity=&#8220;1&#8243; background_hover_color_opacity=&#8220;1&#8243; column_shadow=&#8220;none&#8220; column_border_radius=&#8220;none&#8220; column_link_target=&#8220;_self&#8220; gradient_direction=&#8220;left_to_right&#8220; overlay_strength=&#8220;0.3&#8243; width=&#8220;1\/1&#8243; tablet_width_inherit=&#8220;default&#8220; tablet_text_alignment=&#8220;default&#8220; phone_text_alignment=&#8220;default&#8220; bg_image_animation=&#8220;none&#8220; border_type=&#8220;simple&#8220; column_border_width=&#8220;none&#8220; column_border_style=&#8220;solid&#8220;][divider line_type=&#8220;No Line&#8220;][vc_column_text]\n<h1 style=\"text-align: center;\">SANITAS OPHTHALMOLOGIE AUF MALLORCA<\/h1>\n[\/vc_column_text][\/vc_column][\/vc_row][vc_row type=&#8220;full_width_background&#8220; full_screen_row_position=&#8220;middle&#8220; column_margin=&#8220;default&#8220; equal_height=&#8220;yes&#8220; content_placement=&#8220;top&#8220; column_direction=&#8220;default&#8220; column_direction_tablet=&#8220;default&#8220; column_direction_phone=&#8220;default&#8220; bg_color=&#8220;#ffffff&#8220; scene_position=&#8220;center&#8220; top_padding=&#8220;60&#8243; bottom_padding=&#8220;60&#8243; text_color=&#8220;dark&#8220; text_align=&#8220;left&#8220; row_border_radius=&#8220;none&#8220; row_border_radius_applies=&#8220;bg&#8220; id=&#8220;formulario-esp&#8220; overlay_strength=&#8220;0.3&#8243; gradient_direction=&#8220;left_to_right&#8220; shape_divider_position=&#8220;bottom&#8220; bg_image_animation=&#8220;none&#8220; shape_type=&#8220;&#8220;][vc_column column_padding=&#8220;padding-5-percent&#8220; column_padding_tablet=&#8220;inherit&#8220; column_padding_phone=&#8220;inherit&#8220; column_padding_position=&#8220;all&#8220; column_element_spacing=&#8220;default&#8220; background_color_opacity=&#8220;1&#8243; background_hover_color_opacity=&#8220;1&#8243; column_shadow=&#8220;none&#8220; column_border_radius=&#8220;none&#8220; column_link_target=&#8220;_self&#8220; gradient_direction=&#8220;left_to_right&#8220; overlay_strength=&#8220;0.3&#8243; width=&#8220;1\/1&#8243; tablet_width_inherit=&#8220;default&#8220; tablet_text_alignment=&#8220;default&#8220; phone_text_alignment=&#8220;default&#8220; bg_image_animation=&#8220;none&#8220; border_type=&#8220;simple&#8220; column_border_width=&#8220;none&#8220; column_border_style=&#8220;solid&#8220;][image_with_animation image_url=&#8220;6887&#8243; animation=&#8220;Fade In&#8220; hover_animation=&#8220;none&#8220; alignment=&#8220;&#8220; border_radius=&#8220;none&#8220; box_shadow=&#8220;none&#8220; image_loading=&#8220;default&#8220; max_width=&#8220;100%&#8220; max_width_mobile=&#8220;default&#8220;][divider line_type=&#8220;No Line&#8220;][vc_column_text]<strong>Oftalmedic Salv\u00e0 arbeitet mit Sanitas zusammen und bietet seinen augen\u00e4rztlichen Dienst auf Mallorca an.<\/strong><\/p>\n<p><a href=\"https:\/\/www.sanitas.es\/\" target=\"_blank\" rel=\"noopener noreferrer\"><strong>Sanitas<\/strong><\/a> ist eine vor mehr als 60 Jahren gegr\u00fcndete Krankenkasse, die ihren Kunden eine breite Palette von Produkten und Dienstleistungen anbietet, die auf ihre Bed\u00fcrfnisse in den verschiedenen Lebensphasen abgestimmt sind. Sie verf\u00fcgt \u00fcber ein \u00c4rzteverzeichnis mit mehr als 45.000 Fachleuten in ihren eigenen Zentren und Vertragszentren. <\/p>\n<p>1989 kam er zu Bupa, einem multinationalen Krankenversicherungsunternehmen, das mehr als 22 Millionen Menschen in 190 L\u00e4ndern, in denen es t\u00e4tig ist, eine medizinische Versorgung bietet.[\/vc_column_text][divider line_type=&#8220;No Line&#8220;][divider line_type=&#8220;No Line&#8220;][vc_custom_heading text=&#8220;Videokonsultation mit unseren Sanitas-Augen\u00e4rzten&#8220; font_container=&#8220;tag:h2|font_size:27|text_align:left&#8220; use_theme_fonts=&#8220;yes&#8220;][divider line_type=&#8220;Small Line&#8220; line_alignment=&#8220;default&#8220; line_thickness=&#8220;8&#8243; divider_color=&#8220;default&#8220; animate=&#8220;yes&#8220; custom_line_width=&#8220;120&#8243;][vc_column_text]<strong>Sanitas<\/strong> bietet ihren Versicherten die M\u00f6glichkeit, \u00fcber die <a href=\"https:\/\/www.sanitas.es\/landings\/seguros\/app-misanitas\/\" target=\"_blank\" rel=\"noopener\">kostenlose APP<\/a> eine Videosprechstunde mit unserem Augen\u00e4rzteteam in Anspruch zu nehmen. Dies kann \u00fcber das Mobiltelefon, das Tablet oder den PC erfolgen und soll die Kl\u00e4rung von Zweifeln erleichtern, ohne dass die Versicherten reisen m\u00fcssen. <\/p>\n<p><a href=\"https:\/\/www.youtube.com\/watch?v=AtoXN5Q231Y\" target=\"_blank\" rel=\"noopener noreferrer\">WIE ES FUNKTIONIERT<\/a><\/p>\n<p>Bei Fragen zu den von Ihrer Versicherung abgedeckten Behandlungen <b>seguro <\/b><b>Sanitas<\/b><b>,<\/b> <a href=\"https:\/\/oftalmedic.es\/de\/kontakt\/\" target=\"_blank\" rel=\"noopener noreferrer\"><u>Beratung<\/u> <u>mit<\/u> <u>unser personal<\/u><\/a>.[\/vc_column_text][\/vc_column][\/vc_row]\n","protected":false},"excerpt":{"rendered":"<p>[vc_row type=&#8220;in_container&#8220; full_screen_row_position=&#8220;middle&#8220; column_margin=&#8220;default&#8220; column_direction=&#8220;default&#8220; column_direction_tablet=&#8220;default&#8220; column_direction_phone=&#8220;default&#8220; scene_position=&#8220;center&#8220; text_color=&#8220;dark&#8220; text_align=&#8220;left&#8220; row_border_radius=&#8220;none&#8220; row_border_radius_applies=&#8220;bg&#8220; overlay_strength=&#8220;0.3&#8243; gradient_direction=&#8220;left_to_right&#8220; shape_divider_position=&#8220;bottom&#8220; bg_image_animation=&#8220;none&#8220;][vc_column column_padding=&#8220;no-extra-padding&#8220; column_padding_tablet=&#8220;inherit&#8220; column_padding_phone=&#8220;inherit&#8220; column_padding_position=&#8220;all&#8220; column_element_spacing=&#8220;default&#8220; background_color_opacity=&#8220;1&#8243; background_hover_color_opacity=&#8220;1&#8243; column_shadow=&#8220;none&#8220; column_border_radius=&#8220;none&#8220; column_link_target=&#8220;_self&#8220; gradient_direction=&#8220;left_to_right&#8220; overlay_strength=&#8220;0.3&#8243; width=&#8220;1\/1&#8243; tablet_width_inherit=&#8220;default&#8220; tablet_text_alignment=&#8220;default&#8220; phone_text_alignment=&#8220;default&#8220; bg_image_animation=&#8220;none&#8220; border_type=&#8220;simple&#8220; column_border_width=&#8220;none&#8220; column_border_style=&#8220;solid&#8220;][divider line_type=&#8220;No Line&#8220;][vc_column_text] SANITAS OPHTHALMOLOGIE AUF MALLORCA [\/vc_column_text][\/vc_column][\/vc_row][vc_row type=&#8220;full_width_background&#8220; full_screen_row_position=&#8220;middle&#8220; column_margin=&#8220;default&#8220; equal_height=&#8220;yes&#8220; content_placement=&#8220;top&#8220; column_direction=&#8220;default&#8220; column_direction_tablet=&#8220;default&#8220; column_direction_phone=&#8220;default&#8220; bg_color=&#8220;#ffffff&#8220; scene_position=&#8220;center&#8220; top_padding=&#8220;60&#8243; bottom_padding=&#8220;60&#8243; text_color=&#8220;dark&#8220; text_align=&#8220;left&#8220; row_border_radius=&#8220;none&#8220; row_border_radius_applies=&#8220;bg&#8220; id=&#8220;formulario-esp&#8220;&#8230;<\/p>\n","protected":false},"author":5,"featured_media":0,"parent":0,"menu_order":0,"comment_status":"closed","ping_status":"closed","template":"","meta":{"footnotes":""},"class_list":["post-12062","page","type-page","status-publish"],"yoast_head":"<!-- This site is optimized with the Yoast SEO plugin v27.1.1 - https:\/\/yoast.com\/product\/yoast-seo-wordpress\/ -->\n<title>Ophthalmologie Sanitas Mallorca | Oftalmedic Salv\u00e0 in Cl\u00ednica Salv\u00e0<\/title>\n<meta name=\"description\" content=\"Konsultieren Sie das medizinische Verzeichnis von Sanitas Ophthalmology bei Oftalmedic Salv\u00e0. Vereinbaren Sie einen Termin mit Ihrem Sanitas Augenarzt auf Mallorca. Diagnose und Behandlung.\" \/>\n<meta name=\"robots\" content=\"index, follow, max-snippet:-1, max-image-preview:large, max-video-preview:-1\" \/>\n<link rel=\"canonical\" href=\"https:\/\/oftalmedic.es\/de\/oftalmologia-sanitas-mallorca\/\" \/>\n<meta property=\"og:locale\" content=\"de_DE\" \/>\n<meta property=\"og:type\" content=\"article\" \/>\n<meta property=\"og:title\" content=\"Ophthalmologie Sanitas Mallorca | Oftalmedic Salv\u00e0 in Cl\u00ednica Salv\u00e0\" \/>\n<meta property=\"og:description\" content=\"Konsultieren Sie das medizinische Verzeichnis von Sanitas Ophthalmology bei Oftalmedic Salv\u00e0. Vereinbaren Sie einen Termin mit Ihrem Sanitas Augenarzt auf Mallorca. Diagnose und Behandlung.\" \/>\n<meta property=\"og:url\" content=\"https:\/\/oftalmedic.es\/de\/oftalmologia-sanitas-mallorca\/\" \/>\n<meta property=\"og:site_name\" content=\"Oftalmedic Salv\u00e1\" \/>\n<meta property=\"article:publisher\" content=\"https:\/\/www.facebook.com\/OftalmedicSalva\/\" \/>\n<meta property=\"article:modified_time\" content=\"2025-07-09T15:05:34+00:00\" \/>\n<meta name=\"twitter:card\" content=\"summary_large_image\" \/>\n<meta name=\"twitter:site\" content=\"@OftalmedicSalva\" \/>\n<meta name=\"twitter:label1\" content=\"Gesch\u00e4tzte Lesezeit\" \/>\n\t<meta name=\"twitter:data1\" content=\"3\u00a0Minuten\" \/>\n<script type=\"application\/ld+json\" class=\"yoast-schema-graph\">{\"@context\":\"https:\/\/schema.org\",\"@graph\":[{\"@type\":\"WebPage\",\"@id\":\"https:\/\/oftalmedic.es\/de\/oftalmologia-sanitas-mallorca\/\",\"url\":\"https:\/\/oftalmedic.es\/de\/oftalmologia-sanitas-mallorca\/\",\"name\":\"Ophthalmologie Sanitas Mallorca | Oftalmedic Salv\u00e0 in Cl\u00ednica Salv\u00e0\",\"isPartOf\":{\"@id\":\"https:\/\/oftalmedic.es\/de\/#website\"},\"datePublished\":\"2025-07-09T15:05:33+00:00\",\"dateModified\":\"2025-07-09T15:05:34+00:00\",\"description\":\"Konsultieren Sie das medizinische Verzeichnis von Sanitas Ophthalmology bei Oftalmedic Salv\u00e0. Vereinbaren Sie einen Termin mit Ihrem Sanitas Augenarzt auf Mallorca. Diagnose und Behandlung.\",\"breadcrumb\":{\"@id\":\"https:\/\/oftalmedic.es\/de\/oftalmologia-sanitas-mallorca\/#breadcrumb\"},\"inLanguage\":\"de\",\"potentialAction\":[{\"@type\":\"ReadAction\",\"target\":[\"https:\/\/oftalmedic.es\/de\/oftalmologia-sanitas-mallorca\/\"]}]},{\"@type\":\"BreadcrumbList\",\"@id\":\"https:\/\/oftalmedic.es\/de\/oftalmologia-sanitas-mallorca\/#breadcrumb\",\"itemListElement\":[{\"@type\":\"ListItem\",\"position\":1,\"name\":\"Portada\",\"item\":\"https:\/\/oftalmedic.es\/de\/\"},{\"@type\":\"ListItem\",\"position\":2,\"name\":\"Sanitas Ophthalmologie auf Mallorca\"}]},{\"@type\":\"WebSite\",\"@id\":\"https:\/\/oftalmedic.es\/de\/#website\",\"url\":\"https:\/\/oftalmedic.es\/de\/\",\"name\":\"Oftalmedic Salv\u00e1\",\"description\":\"Red de cl\u00ednicas oftalmol\u00f3gicas de referencia en Baleares. Pionera en tecnolog\u00eda l\u00e1ser para cirug\u00eda de cataratas y correcci\u00f3n de la miop\u00eda, hipermetrop\u00eda, astigmatismo y presbicia o vista cansada.\",\"publisher\":{\"@id\":\"https:\/\/oftalmedic.es\/de\/#organization\"},\"potentialAction\":[{\"@type\":\"SearchAction\",\"target\":{\"@type\":\"EntryPoint\",\"urlTemplate\":\"https:\/\/oftalmedic.es\/de\/?s={search_term_string}\"},\"query-input\":{\"@type\":\"PropertyValueSpecification\",\"valueRequired\":true,\"valueName\":\"search_term_string\"}}],\"inLanguage\":\"de\"},{\"@type\":\"Organization\",\"@id\":\"https:\/\/oftalmedic.es\/de\/#organization\",\"name\":\"[wpseo_titles]company_Nombre\",\"url\":\"https:\/\/oftalmedic.es\/de\/\",\"logo\":{\"@type\":\"ImageObject\",\"inLanguage\":\"de\",\"@id\":\"https:\/\/oftalmedic.es\/de\/#\/schema\/logo\/image\/\",\"url\":\"https:\/\/oftalmedic.es\/wp-content\/uploads\/2018\/06\/logo-oftalmedic.png\",\"contentUrl\":\"https:\/\/oftalmedic.es\/wp-content\/uploads\/2018\/06\/logo-oftalmedic.png\",\"width\":200,\"height\":58,\"caption\":\"[wpseo_titles]company_Nombre\"},\"image\":{\"@id\":\"https:\/\/oftalmedic.es\/de\/#\/schema\/logo\/image\/\"},\"sameAs\":[\"https:\/\/www.facebook.com\/OftalmedicSalva\/\",\"https:\/\/x.com\/OftalmedicSalva\",\"https:\/\/www.instagram.com\/oftalmedic_salva\",\"https:\/\/www.youtube.com\/channel\/UCWrAdUQk6ZmrfVUqBwX0cug\",\"https:\/\/www.linkedin.com\/company\/oftalmedic-clnica-salv\/\"]}]}<\/script>\n<!-- \/ Yoast SEO plugin. -->","yoast_head_json":{"title":"Ophthalmologie Sanitas Mallorca | Oftalmedic Salv\u00e0 in Cl\u00ednica Salv\u00e0","description":"Konsultieren Sie das medizinische Verzeichnis von Sanitas Ophthalmology bei Oftalmedic Salv\u00e0. Vereinbaren Sie einen Termin mit Ihrem Sanitas Augenarzt auf Mallorca. Diagnose und Behandlung.","robots":{"index":"index","follow":"follow","max-snippet":"max-snippet:-1","max-image-preview":"max-image-preview:large","max-video-preview":"max-video-preview:-1"},"canonical":"https:\/\/oftalmedic.es\/de\/oftalmologia-sanitas-mallorca\/","og_locale":"de_DE","og_type":"article","og_title":"Ophthalmologie Sanitas Mallorca | Oftalmedic Salv\u00e0 in Cl\u00ednica Salv\u00e0","og_description":"Konsultieren Sie das medizinische Verzeichnis von Sanitas Ophthalmology bei Oftalmedic Salv\u00e0. Vereinbaren Sie einen Termin mit Ihrem Sanitas Augenarzt auf Mallorca. Diagnose und Behandlung.","og_url":"https:\/\/oftalmedic.es\/de\/oftalmologia-sanitas-mallorca\/","og_site_name":"Oftalmedic Salv\u00e1","article_publisher":"https:\/\/www.facebook.com\/OftalmedicSalva\/","article_modified_time":"2025-07-09T15:05:34+00:00","twitter_card":"summary_large_image","twitter_site":"@OftalmedicSalva","twitter_misc":{"Gesch\u00e4tzte Lesezeit":"3\u00a0Minuten"},"schema":{"@context":"https:\/\/schema.org","@graph":[{"@type":"WebPage","@id":"https:\/\/oftalmedic.es\/de\/oftalmologia-sanitas-mallorca\/","url":"https:\/\/oftalmedic.es\/de\/oftalmologia-sanitas-mallorca\/","name":"Ophthalmologie Sanitas Mallorca | Oftalmedic Salv\u00e0 in Cl\u00ednica Salv\u00e0","isPartOf":{"@id":"https:\/\/oftalmedic.es\/de\/#website"},"datePublished":"2025-07-09T15:05:33+00:00","dateModified":"2025-07-09T15:05:34+00:00","description":"Konsultieren Sie das medizinische Verzeichnis von Sanitas Ophthalmology bei Oftalmedic Salv\u00e0. Vereinbaren Sie einen Termin mit Ihrem Sanitas Augenarzt auf Mallorca. Diagnose und Behandlung.","breadcrumb":{"@id":"https:\/\/oftalmedic.es\/de\/oftalmologia-sanitas-mallorca\/#breadcrumb"},"inLanguage":"de","potentialAction":[{"@type":"ReadAction","target":["https:\/\/oftalmedic.es\/de\/oftalmologia-sanitas-mallorca\/"]}]},{"@type":"BreadcrumbList","@id":"https:\/\/oftalmedic.es\/de\/oftalmologia-sanitas-mallorca\/#breadcrumb","itemListElement":[{"@type":"ListItem","position":1,"name":"Portada","item":"https:\/\/oftalmedic.es\/de\/"},{"@type":"ListItem","position":2,"name":"Sanitas Ophthalmologie auf Mallorca"}]},{"@type":"WebSite","@id":"https:\/\/oftalmedic.es\/de\/#website","url":"https:\/\/oftalmedic.es\/de\/","name":"Oftalmedic Salv\u00e1","description":"Red de cl\u00ednicas oftalmol\u00f3gicas de referencia en Baleares. Pionera en tecnolog\u00eda l\u00e1ser para cirug\u00eda de cataratas y correcci\u00f3n de la miop\u00eda, hipermetrop\u00eda, astigmatismo y presbicia o vista cansada.","publisher":{"@id":"https:\/\/oftalmedic.es\/de\/#organization"},"potentialAction":[{"@type":"SearchAction","target":{"@type":"EntryPoint","urlTemplate":"https:\/\/oftalmedic.es\/de\/?s={search_term_string}"},"query-input":{"@type":"PropertyValueSpecification","valueRequired":true,"valueName":"search_term_string"}}],"inLanguage":"de"},{"@type":"Organization","@id":"https:\/\/oftalmedic.es\/de\/#organization","name":"[wpseo_titles]company_Nombre","url":"https:\/\/oftalmedic.es\/de\/","logo":{"@type":"ImageObject","inLanguage":"de","@id":"https:\/\/oftalmedic.es\/de\/#\/schema\/logo\/image\/","url":"https:\/\/oftalmedic.es\/wp-content\/uploads\/2018\/06\/logo-oftalmedic.png","contentUrl":"https:\/\/oftalmedic.es\/wp-content\/uploads\/2018\/06\/logo-oftalmedic.png","width":200,"height":58,"caption":"[wpseo_titles]company_Nombre"},"image":{"@id":"https:\/\/oftalmedic.es\/de\/#\/schema\/logo\/image\/"},"sameAs":["https:\/\/www.facebook.com\/OftalmedicSalva\/","https:\/\/x.com\/OftalmedicSalva","https:\/\/www.instagram.com\/oftalmedic_salva","https:\/\/www.youtube.com\/channel\/UCWrAdUQk6ZmrfVUqBwX0cug","https:\/\/www.linkedin.com\/company\/oftalmedic-clnica-salv\/"]}]}},"_links":{"self":[{"href":"https:\/\/oftalmedic.es\/de\/wp-json\/wp\/v2\/pages\/12062","targetHints":{"allow":["GET"]}}],"collection":[{"href":"https:\/\/oftalmedic.es\/de\/wp-json\/wp\/v2\/pages"}],"about":[{"href":"https:\/\/oftalmedic.es\/de\/wp-json\/wp\/v2\/types\/page"}],"author":[{"embeddable":true,"href":"https:\/\/oftalmedic.es\/de\/wp-json\/wp\/v2\/users\/5"}],"replies":[{"embeddable":true,"href":"https:\/\/oftalmedic.es\/de\/wp-json\/wp\/v2\/comments?post=12062"}],"version-history":[{"count":0,"href":"https:\/\/oftalmedic.es\/de\/wp-json\/wp\/v2\/pages\/12062\/revisions"}],"wp:attachment":[{"href":"https:\/\/oftalmedic.es\/de\/wp-json\/wp\/v2\/media?parent=12062"}],"curies":[{"name":"wp","href":"https:\/\/api.w.org\/{rel}","templated":true}]}}