{"id":12066,"date":"2025-07-09T15:12:25","date_gmt":"2025-07-09T15:12:25","guid":{"rendered":"https:\/\/oftalmedic.rwdesarrollos.es\/asisa-oftalmologos-mallorca\/"},"modified":"2025-07-09T15:12:26","modified_gmt":"2025-07-09T15:12:26","slug":"asisa-oftalmologos-mallorca","status":"publish","type":"page","link":"https:\/\/oftalmedic.es\/de\/asisa-oftalmologos-mallorca\/","title":{"rendered":"Asisa-Augen\u00e4rzte auf Mallorca"},"content":{"rendered":"[vc_row type=&#8220;in_container&#8220; full_screen_row_position=&#8220;middle&#8220; column_margin=&#8220;default&#8220; column_direction=&#8220;default&#8220; column_direction_tablet=&#8220;default&#8220; column_direction_phone=&#8220;default&#8220; scene_position=&#8220;center&#8220; text_color=&#8220;dark&#8220; text_align=&#8220;left&#8220; row_border_radius=&#8220;none&#8220; row_border_radius_applies=&#8220;bg&#8220; overlay_strength=&#8220;0.3&#8243; gradient_direction=&#8220;left_to_right&#8220; shape_divider_position=&#8220;bottom&#8220; bg_image_animation=&#8220;none&#8220;][vc_column column_padding=&#8220;no-extra-padding&#8220; column_padding_tablet=&#8220;inherit&#8220; column_padding_phone=&#8220;inherit&#8220; column_padding_position=&#8220;all&#8220; column_element_spacing=&#8220;default&#8220; background_color_opacity=&#8220;1&#8243; background_hover_color_opacity=&#8220;1&#8243; column_shadow=&#8220;none&#8220; column_border_radius=&#8220;none&#8220; column_link_target=&#8220;_self&#8220; gradient_direction=&#8220;left_to_right&#8220; overlay_strength=&#8220;0.3&#8243; width=&#8220;1\/1&#8243; tablet_width_inherit=&#8220;default&#8220; tablet_text_alignment=&#8220;default&#8220; phone_text_alignment=&#8220;default&#8220; bg_image_animation=&#8220;none&#8220; border_type=&#8220;simple&#8220; column_border_width=&#8220;none&#8220; column_border_style=&#8220;solid&#8220;][divider line_type=&#8220;No Line&#8220;][vc_column_text]\n<h1 style=\"text-align: center;\">ASISA AUGEN\u00c4RZTE AUF MALLORCA<\/h1>\n[\/vc_column_text][\/vc_column][\/vc_row][vc_row type=&#8220;full_width_background&#8220; full_screen_row_position=&#8220;middle&#8220; column_margin=&#8220;default&#8220; equal_height=&#8220;yes&#8220; content_placement=&#8220;top&#8220; column_direction=&#8220;default&#8220; column_direction_tablet=&#8220;default&#8220; column_direction_phone=&#8220;default&#8220; bg_color=&#8220;#ffffff&#8220; scene_position=&#8220;center&#8220; top_padding=&#8220;60&#8243; bottom_padding=&#8220;60&#8243; text_color=&#8220;dark&#8220; text_align=&#8220;left&#8220; row_border_radius=&#8220;none&#8220; row_border_radius_applies=&#8220;bg&#8220; id=&#8220;formulario-esp&#8220; overlay_strength=&#8220;0.3&#8243; gradient_direction=&#8220;left_to_right&#8220; shape_divider_position=&#8220;bottom&#8220; bg_image_animation=&#8220;none&#8220; shape_type=&#8220;&#8220;][vc_column column_padding=&#8220;padding-5-percent&#8220; column_padding_tablet=&#8220;inherit&#8220; column_padding_phone=&#8220;inherit&#8220; column_padding_position=&#8220;all&#8220; column_element_spacing=&#8220;default&#8220; background_color_opacity=&#8220;1&#8243; background_hover_color_opacity=&#8220;1&#8243; column_shadow=&#8220;none&#8220; column_border_radius=&#8220;none&#8220; column_link_target=&#8220;_self&#8220; gradient_direction=&#8220;left_to_right&#8220; overlay_strength=&#8220;0.3&#8243; width=&#8220;1\/1&#8243; tablet_width_inherit=&#8220;default&#8220; tablet_text_alignment=&#8220;default&#8220; phone_text_alignment=&#8220;default&#8220; bg_image_animation=&#8220;none&#8220; border_type=&#8220;simple&#8220; column_border_width=&#8220;none&#8220; column_border_style=&#8220;solid&#8220;][image_with_animation image_url=&#8220;7211&#8243; animation=&#8220;Fade In&#8220; hover_animation=&#8220;none&#8220; alignment=&#8220;&#8220; border_radius=&#8220;none&#8220; box_shadow=&#8220;none&#8220; image_loading=&#8220;default&#8220; max_width=&#8220;100%&#8220; max_width_mobile=&#8220;default&#8220;][divider line_type=&#8220;No Line&#8220;][vc_column_text]<b>Oftalmedic Salv\u00e0 arbeitet mit <\/b><b>Asisa<\/b><b>zusammen <\/b><b> und bietet seinen augen\u00e4rztlichen Dienst auf Mallorca an.<\/b><\/p>\n<p><a href=\"https:\/\/www.asisa.es\/seguros-de-salud\" target=\"_blank\" rel=\"noopener noreferrer\">Asisa<\/a> ist ein f\u00fchrendes Unternehmen f\u00fcr Gesundheitsdienstleistungen in Spanien, das vor drei Jahrzehnten als Reaktion auf das Fehlen eines landesweiten Gesundheitsnetzes in den fr\u00fchen 1970er Jahren gegr\u00fcndet wurde.<\/p>\n<p>Dar\u00fcber hinaus verf\u00fcgt sie \u00fcber ein Team von mehr als 40.000 Fachleuten, die 2.200.000 Versicherten einen umfassenden Gesundheitsdienst anbieten und sich eindeutig der Patientenversorgung verschrieben haben.<\/p>\n<p>Einer ihrer differenzierenden Werte ist der Verhaltenskodex, der die Aus\u00fcbung ihrer beruflichen T\u00e4tigkeit leitet und gemeinsame Verhaltensrichtlinien festlegt, die in Situationen mit besonderen Schwierigkeiten bei der ethischen Verwaltung besondere Bedeutung erlangen.[\/vc_column_text][divider line_type=&#8220;No Line&#8220;][divider line_type=&#8220;No Line&#8220;][vc_custom_heading text=&#8220;Das beste Team von Augen\u00e4rzten von Asisa bei Oftalmedic Salv\u00e0&#8220; font_container=&#8220;tag:h2|font_size:27|text_align:left&#8220; use_theme_fonts=&#8220;yes&#8220;][divider line_type=&#8220;Small Line&#8220; line_alignment=&#8220;default&#8220; line_thickness=&#8220;8&#8243; divider_color=&#8220;default&#8220; animate=&#8220;yes&#8220; custom_line_width=&#8220;120&#8243;][vc_column_text]Die Asisa-Versicherung bietet Ihnen ihre besten <b>Augen\u00e4rzte auf Mallorca bei Oftalmedic Salv\u00e0. <\/b>Ein Team von Spezialisten in fortschrittlicher Augenheilkunde, das Ihnen die beste Absicherung f\u00fcr Ihre Augengesundheit mit allen Garantien bietet.<\/p>\n<p>Wenn Sie <b>bei <\/b><b>Asisa<\/b> <b>krankenversichert <\/b> sind<b>, bietet Ihnen das <\/b>Team der Augen\u00e4rzte von Oftalmedic Salv\u00e0 eine umfassende augen\u00e4rztliche Betreuung, sei es bei einer Routineuntersuchung, einer Notfallbehandlung oder einer Operation. Ein augen\u00e4rztlicher Dienst, der auch alle Lebensabschnitte abdeckt: von den J\u00fcngsten bis zu den \u00c4ltesten. <\/p>\n<p>Um einen Termin mit unseren<b> Augen\u00e4rzte aus <\/b><b>Asisa<\/b><b> auf Mallorca<\/b> F\u00fcllen Sie einfach das Formular aus, das Sie rechts auf dieser Seite finden. Als Partnerklinik von Asisa ist es unser Ziel, Ihre Augengesundheit zu gew\u00e4hrleisten, Ihren Fall individuell zu behandeln und Ihnen die innovativsten Behandlungen anzubieten. Denken Sie immer daran <b>sich begeben <\/b><b>zur Beratung mit <\/b><b>Ihre Karte <\/b><b>von<\/b><b>Asisa<\/b><b>. <\/b>   <\/p>\n<p>Bei Fragen zu den von Ihrer Versicherung abgedeckten Behandlungen <b>Krankenversicherung <\/b><b>Asisa<\/b>, <a href=\"https:\/\/oftalmedic.es\/de\/kontakt\/\" target=\"_blank\" rel=\"noopener noreferrer\"><u>Fragen Sie uns <\/u><u>direkt.<\/u><\/a>[\/vc_column_text][\/vc_column][\/vc_row]\n","protected":false},"excerpt":{"rendered":"<p>[vc_row type=&#8220;in_container&#8220; full_screen_row_position=&#8220;middle&#8220; column_margin=&#8220;default&#8220; column_direction=&#8220;default&#8220; column_direction_tablet=&#8220;default&#8220; column_direction_phone=&#8220;default&#8220; scene_position=&#8220;center&#8220; text_color=&#8220;dark&#8220; text_align=&#8220;left&#8220; row_border_radius=&#8220;none&#8220; row_border_radius_applies=&#8220;bg&#8220; overlay_strength=&#8220;0.3&#8243; gradient_direction=&#8220;left_to_right&#8220; shape_divider_position=&#8220;bottom&#8220; bg_image_animation=&#8220;none&#8220;][vc_column column_padding=&#8220;no-extra-padding&#8220; column_padding_tablet=&#8220;inherit&#8220; column_padding_phone=&#8220;inherit&#8220; column_padding_position=&#8220;all&#8220; column_element_spacing=&#8220;default&#8220; background_color_opacity=&#8220;1&#8243; background_hover_color_opacity=&#8220;1&#8243; column_shadow=&#8220;none&#8220; column_border_radius=&#8220;none&#8220; column_link_target=&#8220;_self&#8220; gradient_direction=&#8220;left_to_right&#8220; overlay_strength=&#8220;0.3&#8243; width=&#8220;1\/1&#8243; tablet_width_inherit=&#8220;default&#8220; tablet_text_alignment=&#8220;default&#8220; phone_text_alignment=&#8220;default&#8220; bg_image_animation=&#8220;none&#8220; border_type=&#8220;simple&#8220; column_border_width=&#8220;none&#8220; column_border_style=&#8220;solid&#8220;][divider line_type=&#8220;No Line&#8220;][vc_column_text] ASISA AUGEN\u00c4RZTE AUF MALLORCA [\/vc_column_text][\/vc_column][\/vc_row][vc_row type=&#8220;full_width_background&#8220; full_screen_row_position=&#8220;middle&#8220; column_margin=&#8220;default&#8220; equal_height=&#8220;yes&#8220; content_placement=&#8220;top&#8220; column_direction=&#8220;default&#8220; column_direction_tablet=&#8220;default&#8220; column_direction_phone=&#8220;default&#8220; bg_color=&#8220;#ffffff&#8220; scene_position=&#8220;center&#8220; top_padding=&#8220;60&#8243; bottom_padding=&#8220;60&#8243; text_color=&#8220;dark&#8220; text_align=&#8220;left&#8220; row_border_radius=&#8220;none&#8220; row_border_radius_applies=&#8220;bg&#8220; id=&#8220;formulario-esp&#8220;&#8230;<\/p>\n","protected":false},"author":5,"featured_media":0,"parent":0,"menu_order":0,"comment_status":"closed","ping_status":"closed","template":"","meta":{"footnotes":""},"class_list":["post-12066","page","type-page","status-publish"],"yoast_head":"<!-- This site is optimized with the Yoast SEO plugin v27.1.1 - https:\/\/yoast.com\/product\/yoast-seo-wordpress\/ -->\n<title>Augen\u00e4rzte Asisa Mallorca : ASISA Mallorca<\/title>\n<meta name=\"description\" content=\"ASISA Mallorca Ophthalmologie medizinisches Team bei Oftalmedic Salv\u00e0. Termin mit Ihrem Augenarzt auf Mallorca pers\u00f6nlich oder per Videoanruf.\" \/>\n<meta name=\"robots\" content=\"index, follow, max-snippet:-1, max-image-preview:large, max-video-preview:-1\" \/>\n<link rel=\"canonical\" href=\"https:\/\/oftalmedic.es\/de\/asisa-oftalmologos-mallorca\/\" \/>\n<meta property=\"og:locale\" content=\"de_DE\" \/>\n<meta property=\"og:type\" content=\"article\" \/>\n<meta property=\"og:title\" content=\"Augen\u00e4rzte Asisa Mallorca : ASISA Mallorca\" \/>\n<meta property=\"og:description\" content=\"ASISA Mallorca Ophthalmologie medizinisches Team bei Oftalmedic Salv\u00e0. Termin mit Ihrem Augenarzt auf Mallorca pers\u00f6nlich oder per Videoanruf.\" \/>\n<meta property=\"og:url\" content=\"https:\/\/oftalmedic.es\/de\/asisa-oftalmologos-mallorca\/\" \/>\n<meta property=\"og:site_name\" content=\"Oftalmedic Salv\u00e1\" \/>\n<meta property=\"article:publisher\" content=\"https:\/\/www.facebook.com\/OftalmedicSalva\/\" \/>\n<meta property=\"article:modified_time\" content=\"2025-07-09T15:12:26+00:00\" \/>\n<meta name=\"twitter:card\" content=\"summary_large_image\" \/>\n<meta name=\"twitter:site\" content=\"@OftalmedicSalva\" \/>\n<meta name=\"twitter:label1\" content=\"Gesch\u00e4tzte Lesezeit\" \/>\n\t<meta name=\"twitter:data1\" content=\"3\u00a0Minuten\" \/>\n<script type=\"application\/ld+json\" class=\"yoast-schema-graph\">{\"@context\":\"https:\/\/schema.org\",\"@graph\":[{\"@type\":\"WebPage\",\"@id\":\"https:\/\/oftalmedic.es\/de\/asisa-oftalmologos-mallorca\/\",\"url\":\"https:\/\/oftalmedic.es\/de\/asisa-oftalmologos-mallorca\/\",\"name\":\"Augen\u00e4rzte Asisa Mallorca : ASISA Mallorca\",\"isPartOf\":{\"@id\":\"https:\/\/oftalmedic.es\/de\/#website\"},\"datePublished\":\"2025-07-09T15:12:25+00:00\",\"dateModified\":\"2025-07-09T15:12:26+00:00\",\"description\":\"ASISA Mallorca Ophthalmologie medizinisches Team bei Oftalmedic Salv\u00e0. Termin mit Ihrem Augenarzt auf Mallorca pers\u00f6nlich oder per Videoanruf.\",\"breadcrumb\":{\"@id\":\"https:\/\/oftalmedic.es\/de\/asisa-oftalmologos-mallorca\/#breadcrumb\"},\"inLanguage\":\"de\",\"potentialAction\":[{\"@type\":\"ReadAction\",\"target\":[\"https:\/\/oftalmedic.es\/de\/asisa-oftalmologos-mallorca\/\"]}]},{\"@type\":\"BreadcrumbList\",\"@id\":\"https:\/\/oftalmedic.es\/de\/asisa-oftalmologos-mallorca\/#breadcrumb\",\"itemListElement\":[{\"@type\":\"ListItem\",\"position\":1,\"name\":\"Portada\",\"item\":\"https:\/\/oftalmedic.es\/de\/\"},{\"@type\":\"ListItem\",\"position\":2,\"name\":\"Asisa-Augen\u00e4rzte auf Mallorca\"}]},{\"@type\":\"WebSite\",\"@id\":\"https:\/\/oftalmedic.es\/de\/#website\",\"url\":\"https:\/\/oftalmedic.es\/de\/\",\"name\":\"Oftalmedic Salv\u00e1\",\"description\":\"Red de cl\u00ednicas oftalmol\u00f3gicas de referencia en Baleares. Pionera en tecnolog\u00eda l\u00e1ser para cirug\u00eda de cataratas y correcci\u00f3n de la miop\u00eda, hipermetrop\u00eda, astigmatismo y presbicia o vista cansada.\",\"publisher\":{\"@id\":\"https:\/\/oftalmedic.es\/de\/#organization\"},\"potentialAction\":[{\"@type\":\"SearchAction\",\"target\":{\"@type\":\"EntryPoint\",\"urlTemplate\":\"https:\/\/oftalmedic.es\/de\/?s={search_term_string}\"},\"query-input\":{\"@type\":\"PropertyValueSpecification\",\"valueRequired\":true,\"valueName\":\"search_term_string\"}}],\"inLanguage\":\"de\"},{\"@type\":\"Organization\",\"@id\":\"https:\/\/oftalmedic.es\/de\/#organization\",\"name\":\"[wpseo_titles]company_Nombre\",\"url\":\"https:\/\/oftalmedic.es\/de\/\",\"logo\":{\"@type\":\"ImageObject\",\"inLanguage\":\"de\",\"@id\":\"https:\/\/oftalmedic.es\/de\/#\/schema\/logo\/image\/\",\"url\":\"https:\/\/oftalmedic.es\/wp-content\/uploads\/2018\/06\/logo-oftalmedic.png\",\"contentUrl\":\"https:\/\/oftalmedic.es\/wp-content\/uploads\/2018\/06\/logo-oftalmedic.png\",\"width\":200,\"height\":58,\"caption\":\"[wpseo_titles]company_Nombre\"},\"image\":{\"@id\":\"https:\/\/oftalmedic.es\/de\/#\/schema\/logo\/image\/\"},\"sameAs\":[\"https:\/\/www.facebook.com\/OftalmedicSalva\/\",\"https:\/\/x.com\/OftalmedicSalva\",\"https:\/\/www.instagram.com\/oftalmedic_salva\",\"https:\/\/www.youtube.com\/channel\/UCWrAdUQk6ZmrfVUqBwX0cug\",\"https:\/\/www.linkedin.com\/company\/oftalmedic-clnica-salv\/\"]}]}<\/script>\n<!-- \/ Yoast SEO plugin. -->","yoast_head_json":{"title":"Augen\u00e4rzte Asisa Mallorca : ASISA Mallorca","description":"ASISA Mallorca Ophthalmologie medizinisches Team bei Oftalmedic Salv\u00e0. Termin mit Ihrem Augenarzt auf Mallorca pers\u00f6nlich oder per Videoanruf.","robots":{"index":"index","follow":"follow","max-snippet":"max-snippet:-1","max-image-preview":"max-image-preview:large","max-video-preview":"max-video-preview:-1"},"canonical":"https:\/\/oftalmedic.es\/de\/asisa-oftalmologos-mallorca\/","og_locale":"de_DE","og_type":"article","og_title":"Augen\u00e4rzte Asisa Mallorca : ASISA Mallorca","og_description":"ASISA Mallorca Ophthalmologie medizinisches Team bei Oftalmedic Salv\u00e0. Termin mit Ihrem Augenarzt auf Mallorca pers\u00f6nlich oder per Videoanruf.","og_url":"https:\/\/oftalmedic.es\/de\/asisa-oftalmologos-mallorca\/","og_site_name":"Oftalmedic Salv\u00e1","article_publisher":"https:\/\/www.facebook.com\/OftalmedicSalva\/","article_modified_time":"2025-07-09T15:12:26+00:00","twitter_card":"summary_large_image","twitter_site":"@OftalmedicSalva","twitter_misc":{"Gesch\u00e4tzte Lesezeit":"3\u00a0Minuten"},"schema":{"@context":"https:\/\/schema.org","@graph":[{"@type":"WebPage","@id":"https:\/\/oftalmedic.es\/de\/asisa-oftalmologos-mallorca\/","url":"https:\/\/oftalmedic.es\/de\/asisa-oftalmologos-mallorca\/","name":"Augen\u00e4rzte Asisa Mallorca : ASISA Mallorca","isPartOf":{"@id":"https:\/\/oftalmedic.es\/de\/#website"},"datePublished":"2025-07-09T15:12:25+00:00","dateModified":"2025-07-09T15:12:26+00:00","description":"ASISA Mallorca Ophthalmologie medizinisches Team bei Oftalmedic Salv\u00e0. Termin mit Ihrem Augenarzt auf Mallorca pers\u00f6nlich oder per Videoanruf.","breadcrumb":{"@id":"https:\/\/oftalmedic.es\/de\/asisa-oftalmologos-mallorca\/#breadcrumb"},"inLanguage":"de","potentialAction":[{"@type":"ReadAction","target":["https:\/\/oftalmedic.es\/de\/asisa-oftalmologos-mallorca\/"]}]},{"@type":"BreadcrumbList","@id":"https:\/\/oftalmedic.es\/de\/asisa-oftalmologos-mallorca\/#breadcrumb","itemListElement":[{"@type":"ListItem","position":1,"name":"Portada","item":"https:\/\/oftalmedic.es\/de\/"},{"@type":"ListItem","position":2,"name":"Asisa-Augen\u00e4rzte auf Mallorca"}]},{"@type":"WebSite","@id":"https:\/\/oftalmedic.es\/de\/#website","url":"https:\/\/oftalmedic.es\/de\/","name":"Oftalmedic Salv\u00e1","description":"Red de cl\u00ednicas oftalmol\u00f3gicas de referencia en Baleares. Pionera en tecnolog\u00eda l\u00e1ser para cirug\u00eda de cataratas y correcci\u00f3n de la miop\u00eda, hipermetrop\u00eda, astigmatismo y presbicia o vista cansada.","publisher":{"@id":"https:\/\/oftalmedic.es\/de\/#organization"},"potentialAction":[{"@type":"SearchAction","target":{"@type":"EntryPoint","urlTemplate":"https:\/\/oftalmedic.es\/de\/?s={search_term_string}"},"query-input":{"@type":"PropertyValueSpecification","valueRequired":true,"valueName":"search_term_string"}}],"inLanguage":"de"},{"@type":"Organization","@id":"https:\/\/oftalmedic.es\/de\/#organization","name":"[wpseo_titles]company_Nombre","url":"https:\/\/oftalmedic.es\/de\/","logo":{"@type":"ImageObject","inLanguage":"de","@id":"https:\/\/oftalmedic.es\/de\/#\/schema\/logo\/image\/","url":"https:\/\/oftalmedic.es\/wp-content\/uploads\/2018\/06\/logo-oftalmedic.png","contentUrl":"https:\/\/oftalmedic.es\/wp-content\/uploads\/2018\/06\/logo-oftalmedic.png","width":200,"height":58,"caption":"[wpseo_titles]company_Nombre"},"image":{"@id":"https:\/\/oftalmedic.es\/de\/#\/schema\/logo\/image\/"},"sameAs":["https:\/\/www.facebook.com\/OftalmedicSalva\/","https:\/\/x.com\/OftalmedicSalva","https:\/\/www.instagram.com\/oftalmedic_salva","https:\/\/www.youtube.com\/channel\/UCWrAdUQk6ZmrfVUqBwX0cug","https:\/\/www.linkedin.com\/company\/oftalmedic-clnica-salv\/"]}]}},"_links":{"self":[{"href":"https:\/\/oftalmedic.es\/de\/wp-json\/wp\/v2\/pages\/12066","targetHints":{"allow":["GET"]}}],"collection":[{"href":"https:\/\/oftalmedic.es\/de\/wp-json\/wp\/v2\/pages"}],"about":[{"href":"https:\/\/oftalmedic.es\/de\/wp-json\/wp\/v2\/types\/page"}],"author":[{"embeddable":true,"href":"https:\/\/oftalmedic.es\/de\/wp-json\/wp\/v2\/users\/5"}],"replies":[{"embeddable":true,"href":"https:\/\/oftalmedic.es\/de\/wp-json\/wp\/v2\/comments?post=12066"}],"version-history":[{"count":0,"href":"https:\/\/oftalmedic.es\/de\/wp-json\/wp\/v2\/pages\/12066\/revisions"}],"wp:attachment":[{"href":"https:\/\/oftalmedic.es\/de\/wp-json\/wp\/v2\/media?parent=12066"}],"curies":[{"name":"wp","href":"https:\/\/api.w.org\/{rel}","templated":true}]}}