{"id":12079,"date":"2025-07-09T15:22:03","date_gmt":"2025-07-09T15:22:03","guid":{"rendered":"https:\/\/oftalmedic.rwdesarrollos.es\/datenschutzbestimmungen-fuer-mitarbeiter\/"},"modified":"2025-07-09T15:22:04","modified_gmt":"2025-07-09T15:22:04","slug":"datenschutzbestimmungen-fuer-mitarbeiter","status":"publish","type":"page","link":"https:\/\/oftalmedic.es\/de\/datenschutzbestimmungen-fuer-mitarbeiter\/","title":{"rendered":"Datenschutzbestimmungen f\u00fcr Mitarbeiter"},"content":{"rendered":"[vc_row type=&#8220;in_container&#8220; full_screen_row_position=&#8220;middle&#8220; scene_position=&#8220;center&#8220; text_color=&#8220;dark&#8220; text_align=&#8220;left&#8220; top_padding=&#8220;60&#8243; bottom_padding=&#8220;60&#8243; overlay_strength=&#8220;0.3&#8243; shape_divider_position=&#8220;bottom&#8220; shape_type=&#8220;&#8220;][vc_column column_padding=&#8220;no-extra-padding&#8220; column_padding_position=&#8220;all&#8220; background_color_opacity=&#8220;1&#8243; background_hover_color_opacity=&#8220;1&#8243; column_shadow=&#8220;none&#8220; column_border_radius=&#8220;none&#8220; width=&#8220;1\/1&#8243; tablet_text_alignment=&#8220;default&#8220; phone_text_alignment=&#8220;default&#8220; column_border_width=&#8220;none&#8220; column_border_style=&#8220;solid&#8220;][vc_column_text]\n<h5 style=\"text-align: center;\">\u00dcber die Allgemeine Datenschutzverordnung (GDPR)<\/h5>\n<h2 style=\"text-align: center;\">DATENSCHUTZPOLITIK<\/h2>\n<p>OFTALMEDIC SALV\u00c0 S.L.U. informiert die BENUTZER unserer Website, dass wir unsere Datenschutzrichtlinie in Anwendung der Allgemeinen Datenschutzverordnung (Verordnung (EU) 2016\/679 des Europ\u00e4ischen Parlaments und des Rates vom 27. April 2016) und des Organgesetzes 3\/2018 vom 5. Dezember \u00fcber den Schutz personenbezogener Daten und die Gew\u00e4hrleistung digitaler Rechte aktualisiert haben, damit Sie detailliertere Informationen \u00fcber die Erhebung und Verarbeitung personenbezogener Daten, die \u00fcber <a href=\"https:\/\/oftalmedic.es\/de\/\">www.oftalmedic.es<\/a> erhoben werden, und Ihre Rechte in Bezug auf diese Daten erhalten. Diese \u00c4nderung wirkt sich nicht auf die Art und Weise aus, in der der BENUTZER unsere Website nutzt, so dass Ihre Erfahrung weiterhin dieselbe ist. <\/p>\n<p>Der Zugang zu und die Nutzung dieser Website setzt voraus, dass der BENUTZER die in dieser Datenschutzrichtlinie enthaltenen Bedingungen kennt und akzeptiert.<\/p>\n<p>OFTALMEDIC SALV\u00c0 S.L.U. beh\u00e4lt sich das Recht vor, die vorliegende Datenschutzrichtlinie zu \u00e4ndern, um sie an \u00c4nderungen in der Gesetzgebung und\/oder Rechtsprechung anzupassen. In diesem Fall wird OFTALMEDIC SALV\u00c0 S.L.U. die BENUTZER in aller Deutlichkeit und im Voraus auf der Website selbst, per E-Mail oder durch ein anderes geeignetes Verfahren je nach den Umst\u00e4nden \u00fcber die vorgenommenen \u00c4nderungen informieren und gegebenenfalls um deren Annahme bitten. <\/p>\n<p><strong>Wer ist der f\u00fcr die Verarbeitung Ihrer personenbezogenen Daten Verantwortliche?<\/strong><\/p>\n<p>Die f\u00fcr die Verarbeitung der personenbezogenen Daten verantwortliche Stelle ist OFTALMEDIC SALV\u00c0, S.L.U. (B-07831662) mit Sitz in Cam\u00ed de Son Rapinya, 1, 07013, Palma de Mallorca, Spanien.<\/p>\n<p>Wenn Sie sich mit Fragen zu Ihren pers\u00f6nlichen Daten an uns wenden m\u00f6chten, k\u00f6nnen Sie dies per E-Mail an <a href=\"mailto:RGPD@oftalmedic.com\"><strong>RGPD@oftalmedic.com tun .<\/strong><\/a><strong> <\/strong><\/p>\n<p><strong>Zuwelchem Zweck werden Ihre personenbezogenen Daten erhoben und verarbeitet?<\/strong><\/p>\n<p>Die pers\u00f6nlichen Daten ( Lebenslauf und Kontaktdaten ) , die der BENUTZER freiwillig \u00fcber das Formular in der Rubrik&#8220;Arbeiten Sie mit uns&#8220; auf der Website <a href=\"https:\/\/oftalmedic.es\/de\/\">www.oftalmedic.es<\/a> angibt, werden in eine spezifische automatisierte Datei aufgenommen , die von OFTALMEDIC SALV\u00c0, S.L.U. und unter seiner Verantwortung erstellt wird, und werden zu dem Zweck verarbeitet, Teil der Personalauswahlverfahren zu sein , die wir in unserem Unternehmen durchf\u00fchren.<\/p>\n<p>Der BENUTZER garantiert, dass die angegebenen pers\u00f6nlichen Daten wahrheitsgem\u00e4\u00df, korrekt und vollst\u00e4ndig sind &#8211; falsche, ungenaue oder irref\u00fchrende Daten k\u00f6nnen nicht registriert werden &#8211; und dass sie jederzeit seiner aktuellen Situation entsprechen. OFTALMEDIC SALV\u00c0, S.L.U. teilt ebenfalls mit, dass sie keine \u00dcberpr\u00fcfung der Richtigkeit der Daten vornimmt und sich daher in jedem Fall an die vom BENUTZER eingegebenen Daten halten wird. <\/p>\n<p>Ebenso verpflichtet sich der BENUTZER, OFTALMEDIC SALV\u00c0 S.L.U. jede \u00c4nderung dieser Daten an die im Abschnitt &#8222;Welche Rechte haben Sie, wenn Sie uns Ihre pers\u00f6nlichen Daten zur Verf\u00fcgung stellen&#8220; angegebene Postanschrift oder E-Mail-Adresse mitzuteilen und die dort gemachten Angaben zu befolgen. Wenn Sie nicht ausdr\u00fccklich etwas anderes angeben, gehen wir davon aus, dass sich Ihre pers\u00f6nlichen Daten nicht ge\u00e4ndert haben. <\/p>\n<p>Die Weigerung des BENUTZERS, die in den Pflichtfeldern geforderten Angaben zu machen, oder die Tatsache, dass er seine pers\u00f6nlichen Daten falsch oder unvollst\u00e4ndig angibt, hindert OFTALMEDIC SALV\u00c0, S.L.U. daran, seine Anfrage korrekt zu bearbeiten oder die Produkte oder Dienstleistungen, an denen er interessiert ist, zu liefern.<\/p>\n<p><strong>Wodurch ist die Verarbeitung Ihrer personenbezogenen Daten legitimiert?<\/strong><\/p>\n<p>Die Legitimation von OFTALMEDIC SALV\u00c0, S.L.U., Ihre pers\u00f6nlichen Daten zu verarbeiten, ist die freie, ausdr\u00fcckliche, informierte und eindeutige Zustimmung des BENUTZERS, die er durch die Annahme der vorliegenden Datenschutzrichtlinie durch Ankreuzen des entsprechenden K\u00e4stchens auf dem Formular im Abschnitt &#8222;Mit uns arbeiten&#8220; (Web-Version) und durch Unterzeichnung des Dokuments (pers\u00f6nliche Version und E-Mail) erteilt.<\/p>\n<p><strong>An welche Empf\u00e4nger geben wir Ihre personenbezogenen Daten weiter?<\/strong><\/p>\n<p>Wir sind uns bewusst, dass die Bewerbung des BENUTZERS f\u00fcr die Aufnahme in das Team der Fachleute von OFTALMEDIC SALV\u00c0, S.L.U. f\u00fcr die Unternehmen unserer Gruppe von Interesse sein kann. Daher werden Ihre Daten an alle Unternehmen der Salv\u00e0-Gruppe weitergeleitet: <\/p>\n<table width=\"482\">\n<tbody>\n<tr>\n<td width=\"199\"><strong>Rechtstr\u00e4ger<\/strong><\/td>\n<td width=\"198\"><strong>Sitz<\/strong><\/td>\n<td width=\"85\"><strong>MwSt.-Nummer<\/strong><\/td>\n<\/tr>\n<tr>\n<td width=\"199\">Tirali Cosetes S.L.<\/td>\n<td width=\"198\">C\/ Manuel Aza\u00f1a, 48. Palma <\/td>\n<td width=\"85\"><\/td>\n<\/tr>\n<tr>\n<td width=\"199\">Oftalmedic Salv\u00e0 S.L.U.<\/td>\n<td width=\"198\">Cam\u00ed de Son Rapinya, 1. Palma <\/td>\n<td width=\"85\">B07831662<\/td>\n<\/tr>\n<tr>\n<td width=\"199\">Fundaci\u00f3 Bona Llum<\/td>\n<td width=\"198\">Cam\u00ed de Son Rapinya, 1. Palma <\/td>\n<td width=\"85\">G07908387<\/td>\n<\/tr>\n<tr>\n<td width=\"199\">Instituto Miramar Ocular S.L.<\/td>\n<td width=\"198\">Cam\u00ed de la Vileta, 30. Palma <\/td>\n<td width=\"85\"> B16564338<\/td>\n<\/tr>\n<tr>\n<td width=\"199\">Promelma S.L.<\/td>\n<td width=\"198\">Avda. Rei Jaume I, 6. Manacor  <\/td>\n<td width=\"85\">B07487176<\/td>\n<\/tr>\n<\/tbody>\n<\/table>\n<p><strong>Wie lange werden wir Ihre personenbezogenen Daten aufbewahren?<\/strong><\/p>\n<p>OFTALMEDIC SALV\u00c0, S.L.U. bewahrt den vom BENUTZER \u00fcbermittelten Lebenslauf f\u00fcr einen Zeitraum von einem Jahr auf und vernichtet ihn danach sowohl auf Papier als auch in logischer Form. Wenn Sie also weiterhin Teil unserer Datenbank sein m\u00f6chten, m\u00fcssen Sie uns nach einem Jahr einen aktualisierten Lebenslauf zukommen lassen. <\/p>\n<p><strong>Welche Rechte haben Sie, wenn Sie uns Ihre personenbezogenen Daten zur Verf\u00fcgung stellen?<\/strong><\/p>\n<p>Der BENUTZER sollte sich dar\u00fcber im Klaren sein, dass er aufgrund der Verarbeitung seiner personenbezogenen Daten die folgenden Rechte hat:<\/p>\n<ul>\n<li>Sie haben das Recht auf Zugang zu Ihren personenbezogenen Daten, die wir verarbeiten<em>(Auskunftsrecht<\/em>).<\/li>\n<li>Sie haben das Recht, die Berichtigung Ihrer personenbezogenen Daten zu verlangen, entweder weil sie unrichtig sind oder weil sie sich ge\u00e4ndert haben<em>(Recht auf Berichtigung<\/em>).<\/li>\n<li>Sie haben das Recht, die L\u00f6schung Ihrer Daten zu verlangen, wenn das Besch\u00e4ftigungsverh\u00e4ltnis beendet ist. Unter bestimmten Umst\u00e4nden kann die L\u00f6schung nicht vollst\u00e4ndig sein, da wir gesetzlich verpflichtet sind, die Daten f\u00fcr einen Zeitraum von f\u00fcnf Jahren aufzubewahren<em>(Recht auf L\u00f6schung<\/em>). <\/li>\n<li>Sie haben das Recht, der Verarbeitung Ihrer personenbezogenen Daten zu widersprechen<em>(Widerspruchsrecht<\/em>).<\/li>\n<li>Sie haben das Recht, in den folgenden F\u00e4llen die Einschr\u00e4nkung der Verarbeitung Ihrer personenbezogenen Daten zu verlangen<em>(Recht auf Einschr\u00e4nkung der Verarbeitung<\/em>):\n<ul style=\"padding-top: 20px;\">\n<li style=\"list-style: circle!important;\">Im Zuge der \u00dcberpr\u00fcfung der Ungenauigkeit ihrer Daten.<\/li>\n<li style=\"list-style: circle!important;\">Wenn die Verarbeitung unrechtm\u00e4\u00dfig ist, k\u00f6nnen Sie der L\u00f6schung Ihrer Daten widersprechen und stattdessen eine Einschr\u00e4nkung ihrer Verwendung verlangen.<\/li>\n<li style=\"list-style: circle!important;\">Wenn wir Ihre Daten nicht verarbeiten m\u00fcssen, Sie sie aber zur Geltendmachung oder Verteidigung von Anspr\u00fcchen ben\u00f6tigen.<\/li>\n<li style=\"list-style: circle!important;\">Wenn Sie der Verarbeitung aus Gr\u00fcnden des \u00f6ffentlichen Interesses oder des berechtigten Interesses widersprochen haben, pr\u00fcfen wir, ob unsere Gr\u00fcnde f\u00fcr die Verarbeitung Ihre Interessen \u00fcberwiegen.<\/li>\n<\/ul>\n<\/li>\n<\/ul>\n<p>In diesen F\u00e4llen werden Ihre Daten nur zur Geltendmachung oder Abwehr etwaiger Anspr\u00fcche aufbewahrt.<\/p>\n<ul>\n<li>Sie haben das Recht, Ihre personenbezogenen Daten in elektronischer Form zu erhalten, und zwar in einer f\u00fcr Sie handhabbaren Form<em>(Recht auf \u00dcbertragbarkeit<\/em>).<\/li>\n<\/ul>\n<p>Wenn der BENUTZER eines der in der oben genannten RGPD anerkannten Rechte aus\u00fcben oder Fragen zur Verarbeitung seiner pers\u00f6nlichen Daten stellen m\u00f6chte, muss er OFTALMEDIC SALV\u00c0 S.L.U. per E-Mail oder per Post an die folgenden Adressen benachrichtigen, nachdem er seine Identit\u00e4t durch Vorlage einer Kopie seines beidseitigen Personalausweises, seiner NIE, seines Reisepasses oder eines gleichwertigen Dokuments nachgewiesen hat:<\/p>\n<ul>\n<li><strong>Postanschrift<\/strong>:<br \/>\nCam\u00ed de Son Rapinya, 1. 07013. Palma (Balearische Inseln).<br \/>\nAbteilung Verwaltung.<\/li>\n<li><strong>E-Mail<\/strong>:RGPD@oftalmedic.com<\/li>\n<\/ul>\n<p>F\u00fcr den Fall, dass der BENUTZER von einem Vorfall erf\u00e4hrt oder der Meinung ist, dass dieser einen Versto\u00df gegen die geltenden Datenschutzbestimmungen darstellen k\u00f6nnte, informieren wir Sie \u00fcber Ihr Recht, eine Beschwerde bei der Aufsichtsbeh\u00f6rde (Spanische Datenschutzbeh\u00f6rde, AEPD) einzureichen. Die notwendigen Informationen finden Sie unter: www.agpd.es <\/p>\n<p><strong>Sind Ihre pers\u00f6nlichen Daten sicher?<\/strong><\/p>\n<p>OFTALMEDIC SALV\u00c0 S.L.U. ergreift die notwendigen Ma\u00dfnahmen zur Informationssicherheit, um die Integrit\u00e4t, Vertraulichkeit und Verf\u00fcgbarkeit Ihrer pers\u00f6nlichen Daten, die Sie \u00fcber die Website <a href=\"https:\/\/oftalmedic.es\/de\/\">www.oftalmedic.es<\/a> erhalten, gem\u00e4\u00df den Bestimmungen der RGPD zu gew\u00e4hrleisten. Im Falle eines Vorfalls, der diese Daten gef\u00e4hrdet, werden wir Sie so schnell wie m\u00f6glich informieren. [\/vc_column_text][\/vc_column][\/vc_row]\n","protected":false},"excerpt":{"rendered":"<p>[vc_row type=&#8220;in_container&#8220; full_screen_row_position=&#8220;middle&#8220; scene_position=&#8220;center&#8220; text_color=&#8220;dark&#8220; text_align=&#8220;left&#8220; top_padding=&#8220;60&#8243; bottom_padding=&#8220;60&#8243; overlay_strength=&#8220;0.3&#8243; shape_divider_position=&#8220;bottom&#8220; shape_type=&#8220;&#8220;][vc_column column_padding=&#8220;no-extra-padding&#8220; column_padding_position=&#8220;all&#8220; background_color_opacity=&#8220;1&#8243; background_hover_color_opacity=&#8220;1&#8243; column_shadow=&#8220;none&#8220; column_border_radius=&#8220;none&#8220; width=&#8220;1\/1&#8243; tablet_text_alignment=&#8220;default&#8220; phone_text_alignment=&#8220;default&#8220; column_border_width=&#8220;none&#8220; column_border_style=&#8220;solid&#8220;][vc_column_text] \u00dcber die Allgemeine Datenschutzverordnung (GDPR) DATENSCHUTZPOLITIK OFTALMEDIC SALV\u00c0 S.L.U. informiert die BENUTZER unserer Website, dass wir unsere Datenschutzrichtlinie in Anwendung der Allgemeinen Datenschutzverordnung (Verordnung (EU) 2016\/679 des Europ\u00e4ischen Parlaments und des Rates vom 27. April 2016) und des&#8230;<\/p>\n","protected":false},"author":2,"featured_media":0,"parent":0,"menu_order":0,"comment_status":"closed","ping_status":"closed","template":"","meta":{"footnotes":""},"class_list":["post-12079","page","type-page","status-publish"],"yoast_head":"<!-- This site is optimized with the Yoast SEO plugin v27.1.1 - https:\/\/yoast.com\/product\/yoast-seo-wordpress\/ -->\n<title>Datenschutzbestimmungen f\u00fcr Mitarbeiter - Oftalmedic Salv\u00e1<\/title>\n<meta name=\"robots\" content=\"noindex, follow\" \/>\n<meta property=\"og:locale\" content=\"de_DE\" \/>\n<meta property=\"og:type\" content=\"article\" \/>\n<meta property=\"og:title\" content=\"Datenschutzbestimmungen f\u00fcr Mitarbeiter - Oftalmedic Salv\u00e1\" \/>\n<meta property=\"og:description\" content=\"[vc_row type=&#8220;in_container&#8220; full_screen_row_position=&#8220;middle&#8220; scene_position=&#8220;center&#8220; text_color=&#8220;dark&#8220; text_align=&#8220;left&#8220; top_padding=&#8220;60&#8243; bottom_padding=&#8220;60&#8243; overlay_strength=&#8220;0.3&#8243; shape_divider_position=&#8220;bottom&#8220; shape_type=&#8220;&#8220;][vc_column column_padding=&#8220;no-extra-padding&#8220; column_padding_position=&#8220;all&#8220; background_color_opacity=&#8220;1&#8243; background_hover_color_opacity=&#8220;1&#8243; column_shadow=&#8220;none&#8220; column_border_radius=&#8220;none&#8220; width=&#8220;1\/1&#8243; tablet_text_alignment=&#8220;default&#8220; phone_text_alignment=&#8220;default&#8220; column_border_width=&#8220;none&#8220; column_border_style=&#8220;solid&#8220;][vc_column_text] \u00dcber die Allgemeine Datenschutzverordnung (GDPR) DATENSCHUTZPOLITIK OFTALMEDIC SALV\u00c0 S.L.U. informiert die BENUTZER unserer Website, dass wir unsere Datenschutzrichtlinie in Anwendung der Allgemeinen Datenschutzverordnung (Verordnung (EU) 2016\/679 des Europ\u00e4ischen Parlaments und des Rates vom 27. April 2016) und des...\" \/>\n<meta property=\"og:url\" content=\"https:\/\/oftalmedic.es\/de\/datenschutzbestimmungen-fuer-mitarbeiter\/\" \/>\n<meta property=\"og:site_name\" content=\"Oftalmedic Salv\u00e1\" \/>\n<meta property=\"article:publisher\" content=\"https:\/\/www.facebook.com\/OftalmedicSalva\/\" \/>\n<meta property=\"article:modified_time\" content=\"2025-07-09T15:22:04+00:00\" \/>\n<meta name=\"twitter:card\" content=\"summary_large_image\" \/>\n<meta name=\"twitter:site\" content=\"@OftalmedicSalva\" \/>\n<meta name=\"twitter:label1\" content=\"Gesch\u00e4tzte Lesezeit\" \/>\n\t<meta name=\"twitter:data1\" content=\"7\u00a0Minuten\" \/>\n<script type=\"application\/ld+json\" class=\"yoast-schema-graph\">{\"@context\":\"https:\/\/schema.org\",\"@graph\":[{\"@type\":\"WebPage\",\"@id\":\"https:\/\/oftalmedic.es\/de\/datenschutzbestimmungen-fuer-mitarbeiter\/\",\"url\":\"https:\/\/oftalmedic.es\/de\/datenschutzbestimmungen-fuer-mitarbeiter\/\",\"name\":\"Datenschutzbestimmungen f\u00fcr Mitarbeiter - Oftalmedic Salv\u00e1\",\"isPartOf\":{\"@id\":\"https:\/\/oftalmedic.es\/de\/#website\"},\"datePublished\":\"2025-07-09T15:22:03+00:00\",\"dateModified\":\"2025-07-09T15:22:04+00:00\",\"breadcrumb\":{\"@id\":\"https:\/\/oftalmedic.es\/de\/datenschutzbestimmungen-fuer-mitarbeiter\/#breadcrumb\"},\"inLanguage\":\"de\",\"potentialAction\":[{\"@type\":\"ReadAction\",\"target\":[\"https:\/\/oftalmedic.es\/de\/datenschutzbestimmungen-fuer-mitarbeiter\/\"]}]},{\"@type\":\"BreadcrumbList\",\"@id\":\"https:\/\/oftalmedic.es\/de\/datenschutzbestimmungen-fuer-mitarbeiter\/#breadcrumb\",\"itemListElement\":[{\"@type\":\"ListItem\",\"position\":1,\"name\":\"Portada\",\"item\":\"https:\/\/oftalmedic.es\/de\/\"},{\"@type\":\"ListItem\",\"position\":2,\"name\":\"Datenschutzbestimmungen f\u00fcr Mitarbeiter\"}]},{\"@type\":\"WebSite\",\"@id\":\"https:\/\/oftalmedic.es\/de\/#website\",\"url\":\"https:\/\/oftalmedic.es\/de\/\",\"name\":\"Oftalmedic Salv\u00e1\",\"description\":\"Red de cl\u00ednicas oftalmol\u00f3gicas de referencia en Baleares. Pionera en tecnolog\u00eda l\u00e1ser para cirug\u00eda de cataratas y correcci\u00f3n de la miop\u00eda, hipermetrop\u00eda, astigmatismo y presbicia o vista cansada.\",\"publisher\":{\"@id\":\"https:\/\/oftalmedic.es\/de\/#organization\"},\"potentialAction\":[{\"@type\":\"SearchAction\",\"target\":{\"@type\":\"EntryPoint\",\"urlTemplate\":\"https:\/\/oftalmedic.es\/de\/?s={search_term_string}\"},\"query-input\":{\"@type\":\"PropertyValueSpecification\",\"valueRequired\":true,\"valueName\":\"search_term_string\"}}],\"inLanguage\":\"de\"},{\"@type\":\"Organization\",\"@id\":\"https:\/\/oftalmedic.es\/de\/#organization\",\"name\":\"[wpseo_titles]company_Nombre\",\"url\":\"https:\/\/oftalmedic.es\/de\/\",\"logo\":{\"@type\":\"ImageObject\",\"inLanguage\":\"de\",\"@id\":\"https:\/\/oftalmedic.es\/de\/#\/schema\/logo\/image\/\",\"url\":\"https:\/\/oftalmedic.es\/wp-content\/uploads\/2018\/06\/logo-oftalmedic.png\",\"contentUrl\":\"https:\/\/oftalmedic.es\/wp-content\/uploads\/2018\/06\/logo-oftalmedic.png\",\"width\":200,\"height\":58,\"caption\":\"[wpseo_titles]company_Nombre\"},\"image\":{\"@id\":\"https:\/\/oftalmedic.es\/de\/#\/schema\/logo\/image\/\"},\"sameAs\":[\"https:\/\/www.facebook.com\/OftalmedicSalva\/\",\"https:\/\/x.com\/OftalmedicSalva\",\"https:\/\/www.instagram.com\/oftalmedic_salva\",\"https:\/\/www.youtube.com\/channel\/UCWrAdUQk6ZmrfVUqBwX0cug\",\"https:\/\/www.linkedin.com\/company\/oftalmedic-clnica-salv\/\"]}]}<\/script>\n<!-- \/ Yoast SEO plugin. -->","yoast_head_json":{"title":"Datenschutzbestimmungen f\u00fcr Mitarbeiter - Oftalmedic Salv\u00e1","robots":{"index":"noindex","follow":"follow"},"og_locale":"de_DE","og_type":"article","og_title":"Datenschutzbestimmungen f\u00fcr Mitarbeiter - Oftalmedic Salv\u00e1","og_description":"[vc_row type=&#8220;in_container&#8220; full_screen_row_position=&#8220;middle&#8220; scene_position=&#8220;center&#8220; text_color=&#8220;dark&#8220; text_align=&#8220;left&#8220; top_padding=&#8220;60&#8243; bottom_padding=&#8220;60&#8243; overlay_strength=&#8220;0.3&#8243; shape_divider_position=&#8220;bottom&#8220; shape_type=&#8220;&#8220;][vc_column column_padding=&#8220;no-extra-padding&#8220; column_padding_position=&#8220;all&#8220; background_color_opacity=&#8220;1&#8243; background_hover_color_opacity=&#8220;1&#8243; column_shadow=&#8220;none&#8220; column_border_radius=&#8220;none&#8220; width=&#8220;1\/1&#8243; tablet_text_alignment=&#8220;default&#8220; phone_text_alignment=&#8220;default&#8220; column_border_width=&#8220;none&#8220; column_border_style=&#8220;solid&#8220;][vc_column_text] \u00dcber die Allgemeine Datenschutzverordnung (GDPR) DATENSCHUTZPOLITIK OFTALMEDIC SALV\u00c0 S.L.U. informiert die BENUTZER unserer Website, dass wir unsere Datenschutzrichtlinie in Anwendung der Allgemeinen Datenschutzverordnung (Verordnung (EU) 2016\/679 des Europ\u00e4ischen Parlaments und des Rates vom 27. April 2016) und des...","og_url":"https:\/\/oftalmedic.es\/de\/datenschutzbestimmungen-fuer-mitarbeiter\/","og_site_name":"Oftalmedic Salv\u00e1","article_publisher":"https:\/\/www.facebook.com\/OftalmedicSalva\/","article_modified_time":"2025-07-09T15:22:04+00:00","twitter_card":"summary_large_image","twitter_site":"@OftalmedicSalva","twitter_misc":{"Gesch\u00e4tzte Lesezeit":"7\u00a0Minuten"},"schema":{"@context":"https:\/\/schema.org","@graph":[{"@type":"WebPage","@id":"https:\/\/oftalmedic.es\/de\/datenschutzbestimmungen-fuer-mitarbeiter\/","url":"https:\/\/oftalmedic.es\/de\/datenschutzbestimmungen-fuer-mitarbeiter\/","name":"Datenschutzbestimmungen f\u00fcr Mitarbeiter - Oftalmedic Salv\u00e1","isPartOf":{"@id":"https:\/\/oftalmedic.es\/de\/#website"},"datePublished":"2025-07-09T15:22:03+00:00","dateModified":"2025-07-09T15:22:04+00:00","breadcrumb":{"@id":"https:\/\/oftalmedic.es\/de\/datenschutzbestimmungen-fuer-mitarbeiter\/#breadcrumb"},"inLanguage":"de","potentialAction":[{"@type":"ReadAction","target":["https:\/\/oftalmedic.es\/de\/datenschutzbestimmungen-fuer-mitarbeiter\/"]}]},{"@type":"BreadcrumbList","@id":"https:\/\/oftalmedic.es\/de\/datenschutzbestimmungen-fuer-mitarbeiter\/#breadcrumb","itemListElement":[{"@type":"ListItem","position":1,"name":"Portada","item":"https:\/\/oftalmedic.es\/de\/"},{"@type":"ListItem","position":2,"name":"Datenschutzbestimmungen f\u00fcr Mitarbeiter"}]},{"@type":"WebSite","@id":"https:\/\/oftalmedic.es\/de\/#website","url":"https:\/\/oftalmedic.es\/de\/","name":"Oftalmedic Salv\u00e1","description":"Red de cl\u00ednicas oftalmol\u00f3gicas de referencia en Baleares. Pionera en tecnolog\u00eda l\u00e1ser para cirug\u00eda de cataratas y correcci\u00f3n de la miop\u00eda, hipermetrop\u00eda, astigmatismo y presbicia o vista cansada.","publisher":{"@id":"https:\/\/oftalmedic.es\/de\/#organization"},"potentialAction":[{"@type":"SearchAction","target":{"@type":"EntryPoint","urlTemplate":"https:\/\/oftalmedic.es\/de\/?s={search_term_string}"},"query-input":{"@type":"PropertyValueSpecification","valueRequired":true,"valueName":"search_term_string"}}],"inLanguage":"de"},{"@type":"Organization","@id":"https:\/\/oftalmedic.es\/de\/#organization","name":"[wpseo_titles]company_Nombre","url":"https:\/\/oftalmedic.es\/de\/","logo":{"@type":"ImageObject","inLanguage":"de","@id":"https:\/\/oftalmedic.es\/de\/#\/schema\/logo\/image\/","url":"https:\/\/oftalmedic.es\/wp-content\/uploads\/2018\/06\/logo-oftalmedic.png","contentUrl":"https:\/\/oftalmedic.es\/wp-content\/uploads\/2018\/06\/logo-oftalmedic.png","width":200,"height":58,"caption":"[wpseo_titles]company_Nombre"},"image":{"@id":"https:\/\/oftalmedic.es\/de\/#\/schema\/logo\/image\/"},"sameAs":["https:\/\/www.facebook.com\/OftalmedicSalva\/","https:\/\/x.com\/OftalmedicSalva","https:\/\/www.instagram.com\/oftalmedic_salva","https:\/\/www.youtube.com\/channel\/UCWrAdUQk6ZmrfVUqBwX0cug","https:\/\/www.linkedin.com\/company\/oftalmedic-clnica-salv\/"]}]}},"_links":{"self":[{"href":"https:\/\/oftalmedic.es\/de\/wp-json\/wp\/v2\/pages\/12079","targetHints":{"allow":["GET"]}}],"collection":[{"href":"https:\/\/oftalmedic.es\/de\/wp-json\/wp\/v2\/pages"}],"about":[{"href":"https:\/\/oftalmedic.es\/de\/wp-json\/wp\/v2\/types\/page"}],"author":[{"embeddable":true,"href":"https:\/\/oftalmedic.es\/de\/wp-json\/wp\/v2\/users\/2"}],"replies":[{"embeddable":true,"href":"https:\/\/oftalmedic.es\/de\/wp-json\/wp\/v2\/comments?post=12079"}],"version-history":[{"count":0,"href":"https:\/\/oftalmedic.es\/de\/wp-json\/wp\/v2\/pages\/12079\/revisions"}],"wp:attachment":[{"href":"https:\/\/oftalmedic.es\/de\/wp-json\/wp\/v2\/media?parent=12079"}],"curies":[{"name":"wp","href":"https:\/\/api.w.org\/{rel}","templated":true}]}}