{"id":12363,"date":"2025-07-29T09:30:33","date_gmt":"2025-07-29T09:30:33","guid":{"rendered":"https:\/\/oftalmedic.es\/dr-maria-dolores-perez-banon\/"},"modified":"2025-07-30T09:33:29","modified_gmt":"2025-07-30T09:33:29","slug":"dr-maria-dolores-perez-banon","status":"publish","type":"page","link":"https:\/\/oftalmedic.es\/de\/dr-maria-dolores-perez-banon\/","title":{"rendered":"Dra. Maria Dolores P\u00e9rez Ba\u00f1\u00f3n"},"content":{"rendered":"[vc_row type=&#8220;in_container&#8220; full_screen_row_position=&#8220;middle&#8220; column_margin=&#8220;default&#8220; column_direction=&#8220;default&#8220; column_direction_tablet=&#8220;default&#8220; column_direction_phone=&#8220;default&#8220; scene_position=&#8220;center&#8220; bottom_padding=&#8220;30&#8243; text_color=&#8220;dark&#8220; text_align=&#8220;left&#8220; row_border_radius=&#8220;none&#8220; row_border_radius_applies=&#8220;bg&#8220; overflow=&#8220;visible&#8220; overlay_strength=&#8220;0.3&#8243; gradient_direction=&#8220;left_to_right&#8220; shape_divider_position=&#8220;bottom&#8220; bg_image_animation=&#8220;none&#8220; shape_type=&#8220;&#8220;][vc_column column_padding=&#8220;no-extra-padding&#8220; column_padding_tablet=&#8220;inherit&#8220; column_padding_phone=&#8220;inherit&#8220; column_padding_position=&#8220;all&#8220; column_element_direction_desktop=&#8220;default&#8220; column_element_spacing=&#8220;default&#8220; desktop_text_alignment=&#8220;default&#8220; tablet_text_alignment=&#8220;default&#8220; phone_text_alignment=&#8220;default&#8220; background_color_opacity=&#8220;1&#8243; background_hover_color_opacity=&#8220;1&#8243; column_backdrop_filter=&#8220;none&#8220; column_shadow=&#8220;none&#8220; column_border_radius=&#8220;none&#8220; column_link_target=&#8220;_self&#8220; column_position=&#8220;default&#8220; gradient_direction=&#8220;left_to_right&#8220; overlay_strength=&#8220;0.3&#8243; width=&#8220;2\/3&#8243; tablet_width_inherit=&#8220;default&#8220; animation_type=&#8220;default&#8220; bg_image_animation=&#8220;none&#8220; border_type=&#8220;simple&#8220; column_border_width=&#8220;none&#8220; column_border_style=&#8220;solid&#8220;][vc_row_inner column_margin=&#8220;default&#8220; column_direction=&#8220;default&#8220; column_direction_tablet=&#8220;default&#8220; column_direction_phone=&#8220;default&#8220; text_align=&#8220;left&#8220; row_position=&#8220;default&#8220; row_position_tablet=&#8220;inherit&#8220; row_position_phone=&#8220;inherit&#8220; overflow=&#8220;visible&#8220; pointer_events=&#8220;all&#8220;][vc_column_inner column_padding=&#8220;no-extra-padding&#8220; column_padding_tablet=&#8220;inherit&#8220; column_padding_phone=&#8220;inherit&#8220; column_padding_position=&#8220;all&#8220; column_element_direction_desktop=&#8220;default&#8220; column_element_spacing=&#8220;default&#8220; desktop_text_alignment=&#8220;default&#8220; tablet_text_alignment=&#8220;default&#8220; phone_text_alignment=&#8220;default&#8220; background_color_opacity=&#8220;1&#8243; background_hover_color_opacity=&#8220;1&#8243; column_backdrop_filter=&#8220;none&#8220; column_shadow=&#8220;none&#8220; column_border_radius=&#8220;none&#8220; column_link_target=&#8220;_self&#8220; overflow=&#8220;visible&#8220; gradient_direction=&#8220;left_to_right&#8220; overlay_strength=&#8220;0.3&#8243; width=&#8220;1\/3&#8243; tablet_width_inherit=&#8220;default&#8220; animation_type=&#8220;default&#8220; bg_image_animation=&#8220;none&#8220; border_type=&#8220;simple&#8220; column_border_width=&#8220;none&#8220; column_border_style=&#8220;solid&#8220;][image_with_animation image_url=&#8220;12354&#8243; image_size=&#8220;full&#8220; animation_type=&#8220;entrance&#8220; animation=&#8220;Fade In&#8220; animation_easing=&#8220;default&#8220; animation_movement_type=&#8220;transform_y&#8220; hover_animation=&#8220;none&#8220; alignment=&#8220;&#8220; border_radius=&#8220;none&#8220; box_shadow=&#8220;none&#8220; image_loading=&#8220;default&#8220; max_width=&#8220;100%&#8220; max_width_mobile=&#8220;default&#8220;][\/vc_column_inner][vc_column_inner column_padding=&#8220;no-extra-padding&#8220; column_padding_tablet=&#8220;inherit&#8220; column_padding_phone=&#8220;inherit&#8220; column_padding_position=&#8220;all&#8220; column_element_direction_desktop=&#8220;default&#8220; column_element_spacing=&#8220;default&#8220; desktop_text_alignment=&#8220;default&#8220; tablet_text_alignment=&#8220;default&#8220; phone_text_alignment=&#8220;default&#8220; background_color_opacity=&#8220;1&#8243; background_hover_color_opacity=&#8220;1&#8243; column_backdrop_filter=&#8220;none&#8220; column_shadow=&#8220;none&#8220; column_border_radius=&#8220;none&#8220; column_link_target=&#8220;_self&#8220; overflow=&#8220;visible&#8220; gradient_direction=&#8220;left_to_right&#8220; overlay_strength=&#8220;0.3&#8243; width=&#8220;2\/3&#8243; tablet_width_inherit=&#8220;default&#8220; animation_type=&#8220;default&#8220; bg_image_animation=&#8220;none&#8220; border_type=&#8220;simple&#8220; column_border_width=&#8220;none&#8220; column_border_style=&#8220;solid&#8220;][vc_column_text]\n<h1>Dra. Maria Dolores P\u00e9rez Ba\u00f1\u00f3n <\/h1>\n<p>Zulassungsnummer: 072876390[\/vc_column_text][divider line_type=&#8220;Small Line&#8220; line_alignment=&#8220;default&#8220; line_thickness=&#8220;4&#8243; divider_color=&#8220;default&#8220; animate=&#8220;yes&#8220; custom_height=&#8220;30&#8243;][vc_column_text]\n<h5>Ausbildung und Qualifikationen<\/h5>\n<ul>\n<li>Abschluss in Medizin an der Universit\u00e4t Castilla-La Mancha (UCLM), 2017<\/li>\n<li>Einf\u00fchrungskurs in Refraktion. Krankenhaus Gregorio Mara\u00f1\u00f3n, 2018 <\/li>\n<li>7. Ausgabe der oculoplastischen Ausbildung. Universit\u00e4tsklinikum Ram\u00f3n y Cajal, 2018 <\/li>\n<li>Kurs: Augenchirurgie und Chirurgie des vorderen Augenabschnitts. Krankenhaus Le\u00f3n, 2018 <\/li>\n<li>Grundlagen der Augenheilkunde. International Council of Ophthalmology (ICO), 2019 <\/li>\n<li>Castroviejo-Kurs (Madrid), 2019<\/li>\n<li>Kurs: Pr\u00e4parationsgrad in der oculoplastischen Chirurgie. Autonome Universit\u00e4t Madrid (UAM), 2019 <\/li>\n<li>Fortbildungskurs Neuro-Ophthalmologie, 2019<\/li>\n<li>Optik und Refraktion in der Augenheilkunde. International Council of Ophthalmology (ICO), 2020 <\/li>\n<li>Kurs zu Gute Klinische Praxis \u2013 ICH E6, 2020<\/li>\n<li>Kurs: Einf\u00fchrung in die vitreoretinale Chirurgie. Universit\u00e4t Francisco de Vitoria (Madrid), 2020 <\/li>\n<li>Kurs: Einf\u00fchrung in die Neuro-Ophthalmologie des IOBA, 2. Ausgabe, 2021<\/li>\n<li>Fach\u00e4rztin f\u00fcr Augenheilkunde \u00fcber das spanische MIR-System. Universit\u00e4tsklinikum Ram\u00f3n y Cajal (Madrid), 2022<\/li>\n<li>Master in \u00c4sthetischer Gesichtschirurgie, Universit\u00e4t Complutense Madrid, 2022<\/li>\n<\/ul>\n<h5>Berufserfahrung<\/h5>\n<ul>\n<li>Augen\u00e4rztin bei Oftalmedic Salv\u00e0 seit 2025<\/li>\n<li>Fach\u00e4rztin in der Abteilung f\u00fcr Oculoplastik und Strabismus am Zentralen Verteidigungskrankenhaus (Madrid), 2024\u20132025<\/li>\n<li>Fach\u00e4rztin f\u00fcr den vorderen Augenabschnitt und Leiterin der Tr\u00e4nenwegsabteilung in den Kliniken Oftalvist, 2022\u20132024<\/li>\n<li>Assistenz\u00e4rztin f\u00fcr Augenheilkunde am Universit\u00e4tsklinikum Ram\u00f3n y Cajal (Madrid), 2018\u20132022<\/li>\n<\/ul>\n<h5>Wissenschaftliche Aktivit\u00e4ten<\/h5>\n<ul>\n<li>Wiederherstellung der Ellipsoid-Zellschicht nach Ozurdex\u00ae-Behandlung bei einer Patientin mit akuter posteriorer multifokaler placoider Pigmentepitheliopathie. Arnau Mora-Cantallops, M Dolores P\u00e9rez, Marcelino Revenga und Julio Jos\u00e9 Gonz\u00e1lez-L\u00f3pez. Eur J Ophthalmol. M\u00e4rz 2021;31(2):NP49-NP53   <\/li>\n<li>Proliferative Fasziitis der Orbita im Kindesalter mit Verdacht auf Sarkom: ein Fallbericht. Mar\u00eda-Dolores P\u00e9rez-Ba\u00f1\u00f3n, Esther Moreno Moreno, Hae-Ryung Won-Kim &amp; Marco Sales-Sanz. Orbit. 2. September 2021;1\u20133  <\/li>\n<li>Vortrag: Fasziitis oder Sarkom? Ein Fallbericht. P\u00e9rez-Ba\u00f1\u00f3n, Mar\u00eda-Dolores, Dr. med.; Moreno Moreno, Esther, Dr. med.; Sales-Sanz, Marco, Dr. med., PhD. Jahreskongress der Spanischen Gesellschaft f\u00fcr Augenheilkunde, September 2019   <\/li>\n<li>Vortrag: Neurotrophe Keratopathie als Manifestation des Wallenberg-Syndroms: Ein Fallbericht. Elisabet de Dompablo Ventura, Pablo Vicente Mu\u00f1oz Ram\u00f3n, Ciriaco Corral Domenge, Fernando Jos\u00e9 Huelin Alcubierre, Mar\u00eda Dolores P\u00e9rez Ba\u00f1\u00f3n. Jahreskongress der Spanischen Gesellschaft f\u00fcr Augenheilkunde, September 2018   <\/li>\n<li>Vortrag: Makulare serpigin\u00f6se Chorioidopathie: Ein Fallbericht. Fernando J. Huelin, Ciriaco Corral Domenge, Pablo Mu\u00f1oz Ram\u00f3n, Mar\u00eda Dolores P\u00e9rez Ba\u00f1\u00f3n, Esther Ciancas Fuentes. Jahreskongress der Spanischen Gesellschaft f\u00fcr Augenheilkunde, September 2018  <\/li>\n<li>Vortrag: Autoimmun-Retinopathie: Eine Differenzialdiagnose wie durch ein Kaleidoskop. Fernando J. Huelin, Mar\u00eda Dolores P\u00e9rez-Ba\u00f1\u00f3n, Ciriaco Corral, Pablo Mu\u00f1oz Ram\u00f3n, Esther Ciancas. Jahreskongress der Madrider Gesellschaft f\u00fcr Augenheilkunde <\/li>\n<\/ul>\n<h5>Sprachen<\/h5>\n<p>Spanisch, Englisch[\/vc_column_text][nectar_btn size=&#8220;small&#8220; button_style=&#8220;regular&#8220; button_color_2=&#8220;Accent-Color&#8220; icon_family=&#8220;none&#8220; url=&#8220;\/equipo\/&#8220; text=&#8220;MEDIZINISCHES TEAM&#8220; margin_top=&#8220;30px&#8220;][\/vc_column_inner][\/vc_row_inner][\/vc_column][vc_column column_padding=&#8220;padding-2-percent&#8220; column_padding_tablet=&#8220;inherit&#8220; column_padding_phone=&#8220;inherit&#8220; column_padding_position=&#8220;left-right&#8220; column_element_direction_desktop=&#8220;default&#8220; column_element_spacing=&#8220;default&#8220; desktop_text_alignment=&#8220;default&#8220; tablet_text_alignment=&#8220;default&#8220; phone_text_alignment=&#8220;default&#8220; background_color_opacity=&#8220;1&#8243; background_hover_color_opacity=&#8220;1&#8243; column_backdrop_filter=&#8220;none&#8220; column_shadow=&#8220;none&#8220; column_border_radius=&#8220;none&#8220; column_link_target=&#8220;_self&#8220; column_position=&#8220;default&#8220; gradient_direction=&#8220;left_to_right&#8220; overlay_strength=&#8220;0.3&#8243; width=&#8220;1\/3&#8243; tablet_width_inherit=&#8220;default&#8220; animation_type=&#8220;default&#8220; bg_image_animation=&#8220;none&#8220; border_type=&#8220;simple&#8220; column_border_width=&#8220;none&#8220; column_border_style=&#8220;solid&#8220;][vc_column_text css=&#8220;.vc_custom_1753780718322{padding-top: 20px !important;padding-right: 20px !important;padding-bottom: 20px !important;padding-left: 20px !important;background-color: #f8f8f8 !important;}&#8220;]\n<h5><strong>Fachgebiete <\/strong><\/h5>\n<ul>\n<li class=\"m_3265373467215399838MsoListParagraph\"><a href=\"https:\/\/oftalmedic.es\/de\/cirugia-refractiva\/\" target=\"_blank\" rel=\"noopener\">Refraktive Chirurgie<\/a><\/li>\n<li><a href=\"https:\/\/oftalmedic.es\/de\/cataratas\/\" target=\"_blank\" rel=\"noopener\">Kataraktbehandlung<\/a><\/li>\n<li><a href=\"https:\/\/oftalmedic.es\/de\/okuloplastik\/\" target=\"_blank\" rel=\"noopener\">Oculoplastik<\/a><\/li>\n<\/ul>\n[\/vc_column_text][divider line_type=&#8220;No Line&#8220;][\/vc_column][\/vc_row]\n","protected":false},"excerpt":{"rendered":"<p>[vc_row type=&#8220;in_container&#8220; full_screen_row_position=&#8220;middle&#8220; column_margin=&#8220;default&#8220; column_direction=&#8220;default&#8220; column_direction_tablet=&#8220;default&#8220; column_direction_phone=&#8220;default&#8220; scene_position=&#8220;center&#8220; bottom_padding=&#8220;30&#8243; text_color=&#8220;dark&#8220; text_align=&#8220;left&#8220; row_border_radius=&#8220;none&#8220; row_border_radius_applies=&#8220;bg&#8220; overflow=&#8220;visible&#8220; overlay_strength=&#8220;0.3&#8243; gradient_direction=&#8220;left_to_right&#8220; shape_divider_position=&#8220;bottom&#8220; bg_image_animation=&#8220;none&#8220; shape_type=&#8220;&#8220;][vc_column column_padding=&#8220;no-extra-padding&#8220; column_padding_tablet=&#8220;inherit&#8220; column_padding_phone=&#8220;inherit&#8220; column_padding_position=&#8220;all&#8220; column_element_direction_desktop=&#8220;default&#8220; column_element_spacing=&#8220;default&#8220; desktop_text_alignment=&#8220;default&#8220; tablet_text_alignment=&#8220;default&#8220; phone_text_alignment=&#8220;default&#8220; background_color_opacity=&#8220;1&#8243; background_hover_color_opacity=&#8220;1&#8243; column_backdrop_filter=&#8220;none&#8220; column_shadow=&#8220;none&#8220; column_border_radius=&#8220;none&#8220; column_link_target=&#8220;_self&#8220; column_position=&#8220;default&#8220; gradient_direction=&#8220;left_to_right&#8220; overlay_strength=&#8220;0.3&#8243; width=&#8220;2\/3&#8243; tablet_width_inherit=&#8220;default&#8220; animation_type=&#8220;default&#8220; bg_image_animation=&#8220;none&#8220; border_type=&#8220;simple&#8220; column_border_width=&#8220;none&#8220; column_border_style=&#8220;solid&#8220;][vc_row_inner column_margin=&#8220;default&#8220; column_direction=&#8220;default&#8220; column_direction_tablet=&#8220;default&#8220; column_direction_phone=&#8220;default&#8220; text_align=&#8220;left&#8220; row_position=&#8220;default&#8220; row_position_tablet=&#8220;inherit&#8220; row_position_phone=&#8220;inherit&#8220; overflow=&#8220;visible&#8220; pointer_events=&#8220;all&#8220;][vc_column_inner column_padding=&#8220;no-extra-padding&#8220; column_padding_tablet=&#8220;inherit&#8220; column_padding_phone=&#8220;inherit&#8220; column_padding_position=&#8220;all&#8220; column_element_direction_desktop=&#8220;default&#8220; column_element_spacing=&#8220;default&#8220;&#8230;<\/p>\n","protected":false},"author":5,"featured_media":0,"parent":0,"menu_order":0,"comment_status":"closed","ping_status":"closed","template":"","meta":{"footnotes":""},"class_list":["post-12363","page","type-page","status-publish"],"yoast_head":"<!-- This site is optimized with the Yoast SEO plugin v27.1.1 - https:\/\/yoast.com\/product\/yoast-seo-wordpress\/ -->\n<title>Dra. Maria Dolores P\u00e9rez Ba\u00f1\u00f3n - Oftalmedic Salv\u00e1<\/title>\n<meta name=\"description\" content=\"Dra. Mar\u00eda Dolores P\u00e9rez Ba\u00f1\u00f3n, Augen\u00e4rztin bei Oftalmedic Salv\u00e0 in Palma de Mallorca. Spezialistin f\u00fcr refraktive Chirurgie und Kataraktbehandlung.\" \/>\n<meta name=\"robots\" content=\"index, follow, max-snippet:-1, max-image-preview:large, max-video-preview:-1\" \/>\n<link rel=\"canonical\" href=\"https:\/\/oftalmedic.es\/de\/dr-maria-dolores-perez-banon\/\" \/>\n<meta property=\"og:locale\" content=\"de_DE\" \/>\n<meta property=\"og:type\" content=\"article\" \/>\n<meta property=\"og:title\" content=\"Dra. Maria Dolores P\u00e9rez Ba\u00f1\u00f3n - Oftalmedic Salv\u00e1\" \/>\n<meta property=\"og:description\" content=\"Dra. Mar\u00eda Dolores P\u00e9rez Ba\u00f1\u00f3n, Augen\u00e4rztin bei Oftalmedic Salv\u00e0 in Palma de Mallorca. Spezialistin f\u00fcr refraktive Chirurgie und Kataraktbehandlung.\" \/>\n<meta property=\"og:url\" content=\"https:\/\/oftalmedic.es\/de\/dr-maria-dolores-perez-banon\/\" \/>\n<meta property=\"og:site_name\" content=\"Oftalmedic Salv\u00e1\" \/>\n<meta property=\"article:publisher\" content=\"https:\/\/www.facebook.com\/OftalmedicSalva\/\" \/>\n<meta property=\"article:modified_time\" content=\"2025-07-30T09:33:29+00:00\" \/>\n<meta name=\"twitter:card\" content=\"summary_large_image\" \/>\n<meta name=\"twitter:site\" content=\"@OftalmedicSalva\" \/>\n<meta name=\"twitter:label1\" content=\"Gesch\u00e4tzte Lesezeit\" \/>\n\t<meta name=\"twitter:data1\" content=\"5\u00a0Minuten\" \/>\n<script type=\"application\/ld+json\" class=\"yoast-schema-graph\">{\"@context\":\"https:\/\/schema.org\",\"@graph\":[{\"@type\":\"WebPage\",\"@id\":\"https:\/\/oftalmedic.es\/de\/dr-maria-dolores-perez-banon\/\",\"url\":\"https:\/\/oftalmedic.es\/de\/dr-maria-dolores-perez-banon\/\",\"name\":\"Dra. Maria Dolores P\u00e9rez Ba\u00f1\u00f3n - Oftalmedic Salv\u00e1\",\"isPartOf\":{\"@id\":\"https:\/\/oftalmedic.es\/de\/#website\"},\"datePublished\":\"2025-07-29T09:30:33+00:00\",\"dateModified\":\"2025-07-30T09:33:29+00:00\",\"description\":\"Dra. Mar\u00eda Dolores P\u00e9rez Ba\u00f1\u00f3n, Augen\u00e4rztin bei Oftalmedic Salv\u00e0 in Palma de Mallorca. Spezialistin f\u00fcr refraktive Chirurgie und Kataraktbehandlung.\",\"breadcrumb\":{\"@id\":\"https:\/\/oftalmedic.es\/de\/dr-maria-dolores-perez-banon\/#breadcrumb\"},\"inLanguage\":\"de\",\"potentialAction\":[{\"@type\":\"ReadAction\",\"target\":[\"https:\/\/oftalmedic.es\/de\/dr-maria-dolores-perez-banon\/\"]}]},{\"@type\":\"BreadcrumbList\",\"@id\":\"https:\/\/oftalmedic.es\/de\/dr-maria-dolores-perez-banon\/#breadcrumb\",\"itemListElement\":[{\"@type\":\"ListItem\",\"position\":1,\"name\":\"Portada\",\"item\":\"https:\/\/oftalmedic.es\/de\/\"},{\"@type\":\"ListItem\",\"position\":2,\"name\":\"Dra. Maria Dolores P\u00e9rez Ba\u00f1\u00f3n\"}]},{\"@type\":\"WebSite\",\"@id\":\"https:\/\/oftalmedic.es\/de\/#website\",\"url\":\"https:\/\/oftalmedic.es\/de\/\",\"name\":\"Oftalmedic Salv\u00e1\",\"description\":\"Red de cl\u00ednicas oftalmol\u00f3gicas de referencia en Baleares. Pionera en tecnolog\u00eda l\u00e1ser para cirug\u00eda de cataratas y correcci\u00f3n de la miop\u00eda, hipermetrop\u00eda, astigmatismo y presbicia o vista cansada.\",\"publisher\":{\"@id\":\"https:\/\/oftalmedic.es\/de\/#organization\"},\"potentialAction\":[{\"@type\":\"SearchAction\",\"target\":{\"@type\":\"EntryPoint\",\"urlTemplate\":\"https:\/\/oftalmedic.es\/de\/?s={search_term_string}\"},\"query-input\":{\"@type\":\"PropertyValueSpecification\",\"valueRequired\":true,\"valueName\":\"search_term_string\"}}],\"inLanguage\":\"de\"},{\"@type\":\"Organization\",\"@id\":\"https:\/\/oftalmedic.es\/de\/#organization\",\"name\":\"[wpseo_titles]company_Nombre\",\"url\":\"https:\/\/oftalmedic.es\/de\/\",\"logo\":{\"@type\":\"ImageObject\",\"inLanguage\":\"de\",\"@id\":\"https:\/\/oftalmedic.es\/de\/#\/schema\/logo\/image\/\",\"url\":\"https:\/\/oftalmedic.es\/wp-content\/uploads\/2018\/06\/logo-oftalmedic.png\",\"contentUrl\":\"https:\/\/oftalmedic.es\/wp-content\/uploads\/2018\/06\/logo-oftalmedic.png\",\"width\":200,\"height\":58,\"caption\":\"[wpseo_titles]company_Nombre\"},\"image\":{\"@id\":\"https:\/\/oftalmedic.es\/de\/#\/schema\/logo\/image\/\"},\"sameAs\":[\"https:\/\/www.facebook.com\/OftalmedicSalva\/\",\"https:\/\/x.com\/OftalmedicSalva\",\"https:\/\/www.instagram.com\/oftalmedic_salva\",\"https:\/\/www.youtube.com\/channel\/UCWrAdUQk6ZmrfVUqBwX0cug\",\"https:\/\/www.linkedin.com\/company\/oftalmedic-clnica-salv\/\"]}]}<\/script>\n<!-- \/ Yoast SEO plugin. -->","yoast_head_json":{"title":"Dra. Maria Dolores P\u00e9rez Ba\u00f1\u00f3n - Oftalmedic Salv\u00e1","description":"Dra. Mar\u00eda Dolores P\u00e9rez Ba\u00f1\u00f3n, Augen\u00e4rztin bei Oftalmedic Salv\u00e0 in Palma de Mallorca. Spezialistin f\u00fcr refraktive Chirurgie und Kataraktbehandlung.","robots":{"index":"index","follow":"follow","max-snippet":"max-snippet:-1","max-image-preview":"max-image-preview:large","max-video-preview":"max-video-preview:-1"},"canonical":"https:\/\/oftalmedic.es\/de\/dr-maria-dolores-perez-banon\/","og_locale":"de_DE","og_type":"article","og_title":"Dra. Maria Dolores P\u00e9rez Ba\u00f1\u00f3n - Oftalmedic Salv\u00e1","og_description":"Dra. Mar\u00eda Dolores P\u00e9rez Ba\u00f1\u00f3n, Augen\u00e4rztin bei Oftalmedic Salv\u00e0 in Palma de Mallorca. Spezialistin f\u00fcr refraktive Chirurgie und Kataraktbehandlung.","og_url":"https:\/\/oftalmedic.es\/de\/dr-maria-dolores-perez-banon\/","og_site_name":"Oftalmedic Salv\u00e1","article_publisher":"https:\/\/www.facebook.com\/OftalmedicSalva\/","article_modified_time":"2025-07-30T09:33:29+00:00","twitter_card":"summary_large_image","twitter_site":"@OftalmedicSalva","twitter_misc":{"Gesch\u00e4tzte Lesezeit":"5\u00a0Minuten"},"schema":{"@context":"https:\/\/schema.org","@graph":[{"@type":"WebPage","@id":"https:\/\/oftalmedic.es\/de\/dr-maria-dolores-perez-banon\/","url":"https:\/\/oftalmedic.es\/de\/dr-maria-dolores-perez-banon\/","name":"Dra. Maria Dolores P\u00e9rez Ba\u00f1\u00f3n - Oftalmedic Salv\u00e1","isPartOf":{"@id":"https:\/\/oftalmedic.es\/de\/#website"},"datePublished":"2025-07-29T09:30:33+00:00","dateModified":"2025-07-30T09:33:29+00:00","description":"Dra. Mar\u00eda Dolores P\u00e9rez Ba\u00f1\u00f3n, Augen\u00e4rztin bei Oftalmedic Salv\u00e0 in Palma de Mallorca. Spezialistin f\u00fcr refraktive Chirurgie und Kataraktbehandlung.","breadcrumb":{"@id":"https:\/\/oftalmedic.es\/de\/dr-maria-dolores-perez-banon\/#breadcrumb"},"inLanguage":"de","potentialAction":[{"@type":"ReadAction","target":["https:\/\/oftalmedic.es\/de\/dr-maria-dolores-perez-banon\/"]}]},{"@type":"BreadcrumbList","@id":"https:\/\/oftalmedic.es\/de\/dr-maria-dolores-perez-banon\/#breadcrumb","itemListElement":[{"@type":"ListItem","position":1,"name":"Portada","item":"https:\/\/oftalmedic.es\/de\/"},{"@type":"ListItem","position":2,"name":"Dra. Maria Dolores P\u00e9rez Ba\u00f1\u00f3n"}]},{"@type":"WebSite","@id":"https:\/\/oftalmedic.es\/de\/#website","url":"https:\/\/oftalmedic.es\/de\/","name":"Oftalmedic Salv\u00e1","description":"Red de cl\u00ednicas oftalmol\u00f3gicas de referencia en Baleares. Pionera en tecnolog\u00eda l\u00e1ser para cirug\u00eda de cataratas y correcci\u00f3n de la miop\u00eda, hipermetrop\u00eda, astigmatismo y presbicia o vista cansada.","publisher":{"@id":"https:\/\/oftalmedic.es\/de\/#organization"},"potentialAction":[{"@type":"SearchAction","target":{"@type":"EntryPoint","urlTemplate":"https:\/\/oftalmedic.es\/de\/?s={search_term_string}"},"query-input":{"@type":"PropertyValueSpecification","valueRequired":true,"valueName":"search_term_string"}}],"inLanguage":"de"},{"@type":"Organization","@id":"https:\/\/oftalmedic.es\/de\/#organization","name":"[wpseo_titles]company_Nombre","url":"https:\/\/oftalmedic.es\/de\/","logo":{"@type":"ImageObject","inLanguage":"de","@id":"https:\/\/oftalmedic.es\/de\/#\/schema\/logo\/image\/","url":"https:\/\/oftalmedic.es\/wp-content\/uploads\/2018\/06\/logo-oftalmedic.png","contentUrl":"https:\/\/oftalmedic.es\/wp-content\/uploads\/2018\/06\/logo-oftalmedic.png","width":200,"height":58,"caption":"[wpseo_titles]company_Nombre"},"image":{"@id":"https:\/\/oftalmedic.es\/de\/#\/schema\/logo\/image\/"},"sameAs":["https:\/\/www.facebook.com\/OftalmedicSalva\/","https:\/\/x.com\/OftalmedicSalva","https:\/\/www.instagram.com\/oftalmedic_salva","https:\/\/www.youtube.com\/channel\/UCWrAdUQk6ZmrfVUqBwX0cug","https:\/\/www.linkedin.com\/company\/oftalmedic-clnica-salv\/"]}]}},"_links":{"self":[{"href":"https:\/\/oftalmedic.es\/de\/wp-json\/wp\/v2\/pages\/12363","targetHints":{"allow":["GET"]}}],"collection":[{"href":"https:\/\/oftalmedic.es\/de\/wp-json\/wp\/v2\/pages"}],"about":[{"href":"https:\/\/oftalmedic.es\/de\/wp-json\/wp\/v2\/types\/page"}],"author":[{"embeddable":true,"href":"https:\/\/oftalmedic.es\/de\/wp-json\/wp\/v2\/users\/5"}],"replies":[{"embeddable":true,"href":"https:\/\/oftalmedic.es\/de\/wp-json\/wp\/v2\/comments?post=12363"}],"version-history":[{"count":0,"href":"https:\/\/oftalmedic.es\/de\/wp-json\/wp\/v2\/pages\/12363\/revisions"}],"wp:attachment":[{"href":"https:\/\/oftalmedic.es\/de\/wp-json\/wp\/v2\/media?parent=12363"}],"curies":[{"name":"wp","href":"https:\/\/api.w.org\/{rel}","templated":true}]}}