{"id":12397,"date":"2025-09-15T10:44:33","date_gmt":"2025-09-15T10:44:33","guid":{"rendered":"https:\/\/oftalmedic.es\/?page_id=12397"},"modified":"2025-09-15T10:44:33","modified_gmt":"2025-09-15T10:44:33","slug":"dr-pedro-luis-salva-palomeque","status":"publish","type":"page","link":"https:\/\/oftalmedic.es\/de\/dr-pedro-luis-salva-palomeque\/","title":{"rendered":"Dr. Pedro Luis Salv\u00e0 Palomeque"},"content":{"rendered":"[vc_row type=&#8220;in_container&#8220; full_screen_row_position=&#8220;middle&#8220; column_margin=&#8220;default&#8220; column_direction=&#8220;default&#8220; column_direction_tablet=&#8220;default&#8220; column_direction_phone=&#8220;default&#8220; scene_position=&#8220;center&#8220; bottom_padding=&#8220;30&#8243; text_color=&#8220;dark&#8220; text_align=&#8220;left&#8220; row_border_radius=&#8220;none&#8220; row_border_radius_applies=&#8220;bg&#8220; overflow=&#8220;visible&#8220; overlay_strength=&#8220;0.3&#8243; gradient_direction=&#8220;left_to_right&#8220; shape_divider_position=&#8220;bottom&#8220; bg_image_animation=&#8220;none&#8220; shape_type=&#8220;&#8220;][vc_column column_padding=&#8220;no-extra-padding&#8220; column_padding_tablet=&#8220;inherit&#8220; column_padding_phone=&#8220;inherit&#8220; column_padding_position=&#8220;all&#8220; column_element_direction_desktop=&#8220;default&#8220; column_element_spacing=&#8220;default&#8220; desktop_text_alignment=&#8220;default&#8220; tablet_text_alignment=&#8220;default&#8220; phone_text_alignment=&#8220;default&#8220; background_color_opacity=&#8220;1&#8243; background_hover_color_opacity=&#8220;1&#8243; column_backdrop_filter=&#8220;none&#8220; column_shadow=&#8220;none&#8220; column_border_radius=&#8220;none&#8220; column_link_target=&#8220;_self&#8220; column_position=&#8220;default&#8220; gradient_direction=&#8220;left_to_right&#8220; overlay_strength=&#8220;0.3&#8243; width=&#8220;2\/3&#8243; tablet_width_inherit=&#8220;default&#8220; animation_type=&#8220;default&#8220; bg_image_animation=&#8220;none&#8220; border_type=&#8220;simple&#8220; column_border_width=&#8220;none&#8220; column_border_style=&#8220;solid&#8220;][vc_row_inner column_margin=&#8220;default&#8220; column_direction=&#8220;default&#8220; column_direction_tablet=&#8220;default&#8220; column_direction_phone=&#8220;default&#8220; text_align=&#8220;left&#8220; row_position=&#8220;default&#8220; row_position_tablet=&#8220;inherit&#8220; row_position_phone=&#8220;inherit&#8220; overflow=&#8220;visible&#8220; pointer_events=&#8220;all&#8220;][vc_column_inner column_padding=&#8220;no-extra-padding&#8220; column_padding_tablet=&#8220;inherit&#8220; column_padding_phone=&#8220;inherit&#8220; column_padding_position=&#8220;all&#8220; column_element_direction_desktop=&#8220;default&#8220; column_element_spacing=&#8220;default&#8220; desktop_text_alignment=&#8220;default&#8220; tablet_text_alignment=&#8220;default&#8220; phone_text_alignment=&#8220;default&#8220; background_color_opacity=&#8220;1&#8243; background_hover_color_opacity=&#8220;1&#8243; column_backdrop_filter=&#8220;none&#8220; column_shadow=&#8220;none&#8220; column_border_radius=&#8220;none&#8220; column_link_target=&#8220;_self&#8220; overflow=&#8220;visible&#8220; gradient_direction=&#8220;left_to_right&#8220; overlay_strength=&#8220;0.3&#8243; width=&#8220;1\/3&#8243; tablet_width_inherit=&#8220;default&#8220; animation_type=&#8220;default&#8220; bg_image_animation=&#8220;none&#8220; border_type=&#8220;simple&#8220; column_border_width=&#8220;none&#8220; column_border_style=&#8220;solid&#8220;][image_with_animation image_url=&#8220;12494&#8243; image_size=&#8220;full&#8220; animation_type=&#8220;entrance&#8220; animation=&#8220;Fade In&#8220; animation_easing=&#8220;default&#8220; animation_movement_type=&#8220;transform_y&#8220; hover_animation=&#8220;none&#8220; alignment=&#8220;&#8220; border_radius=&#8220;none&#8220; box_shadow=&#8220;none&#8220; image_loading=&#8220;default&#8220; max_width=&#8220;100%&#8220; max_width_mobile=&#8220;default&#8220;][\/vc_column_inner][vc_column_inner column_padding=&#8220;no-extra-padding&#8220; column_padding_tablet=&#8220;inherit&#8220; column_padding_phone=&#8220;inherit&#8220; column_padding_position=&#8220;all&#8220; column_element_direction_desktop=&#8220;default&#8220; column_element_spacing=&#8220;default&#8220; desktop_text_alignment=&#8220;default&#8220; tablet_text_alignment=&#8220;default&#8220; phone_text_alignment=&#8220;default&#8220; background_color_opacity=&#8220;1&#8243; background_hover_color_opacity=&#8220;1&#8243; column_backdrop_filter=&#8220;none&#8220; column_shadow=&#8220;none&#8220; column_border_radius=&#8220;none&#8220; column_link_target=&#8220;_self&#8220; overflow=&#8220;visible&#8220; gradient_direction=&#8220;left_to_right&#8220; overlay_strength=&#8220;0.3&#8243; width=&#8220;2\/3&#8243; tablet_width_inherit=&#8220;default&#8220; animation_type=&#8220;default&#8220; bg_image_animation=&#8220;none&#8220; border_type=&#8220;simple&#8220; column_border_width=&#8220;none&#8220; column_border_style=&#8220;solid&#8220;][vc_column_text]\n<h1>Dr. Pedro Luis Salv\u00e0 Palomeque<\/h1>\n<p>Arztnummer: 070711706[\/vc_column_text][divider line_type=&#8220;Small Line&#8220; line_alignment=&#8220;default&#8220; line_thickness=&#8220;4&#8243; divider_color=&#8220;default&#8220; animate=&#8220;yes&#8220; custom_height=&#8220;30&#8243;][vc_column_text]\n<h5>Ausbildung und Qualifikationen<\/h5>\n<ul>\n<li>Studium der Medizin und Chirurgie an der Universidad Cat\u00f3lica de Valencia, Abschluss 2019.<\/li>\n<li>Facharztausbildung in Augenheilkunde (MIR) am Universit\u00e4tskrankenhaus Fundaci\u00f3n Jim\u00e9nez D\u00edaz (Madrid), Abschluss 2025.<\/li>\n<li>Ausw\u00e4rtige Hospitationen in der Abteilung f\u00fcr Hornhaut- und refraktive Chirurgie, Universit\u00e4tsinstitut Fern\u00e1ndez-Vega.<\/li>\n<li>Ausw\u00e4rtige Hospitationen in der Abteilung f\u00fcr Hornhaut- und refraktive Chirurgie, Barraquer Augeninstitut.<\/li>\n<li>Master in Refraktiver Chirurgie an der Universidad Tecnol\u00f3gica, 2024.<\/li>\n<\/ul>\n<h5>Berufserfahrung<\/h5>\n<ul>\n<li>Augen\u00e4rztin bei Oftalmedic Salv\u00e0 seit 2025<\/li>\n<li>Assistenzarzt in der Augenheilkunde am Universit\u00e4tskrankenhaus Fundaci\u00f3n Jim\u00e9nez D\u00edaz (Madrid), 2021\u20132025.<\/li>\n<li>Assistenzarzt in der augen\u00e4rztlichen Notaufnahme bei Oftalmedic Salv\u00e0, 2020.<\/li>\n<\/ul>\n<h5>Wissenschaftliche Aktivit\u00e4ten<\/h5>\n<ul>\n<li>Grundlagen der Naht. Knotentechniken. Pedro\u0301 Luis Salv\u00e1 Palomeque, Raquel Rodrigo, Victoria Padeira, Bel\u00e9n Alfonso Bartolozzi, Lu\u00eds Fern\u00e1ndez\u2010Vega Cueto Felgueroso. Kapitel in der SECOIR 2025 Praxis-Monographie: Nahttechniken in der okul\u00e4ren Mikrochirurgie.<\/li>\n<li>Bilaterale neurosensorische Abl\u00f6sung als Manifestation des systemischen Lupus erythematodes. Pedro Luis Salv\u00e1 Palomeque, Claudia Azpitarte Sanchez-Muros, Raquel Castro Fl\u00f3rez. Jahrestagung der Madrilenischen Ophthalmologischen Gesellschaft. Posterpr\u00e4sentation. Madrid, Dezember 2021.<\/li>\n<li>Fallserie von Patienten mit perimakul\u00e4rem exsudativem anomalen Gef\u00e4\u00dfkomplex. Pedro Luis Salv\u00e1 Palomeque, Marta Pradas Gonz\u00e1lez, Gabriel Arcos Villegas. Spanische Gesellschaft f\u00fcr Netzhaut und Glask\u00f6rper. Posterpr\u00e4sentation. Madrid, Juni 2022.<\/li>\n<li>Tr\u00e4nenfilm: Struktur und Funktionen. Pedro Luis Salv\u00e1 Palomeque. Mallorca Facorefractiva. Vortrag. Palma de Mallorca, Oktober 2022.<\/li>\n<li>Schnell wachsendes konjunktivales atypisches Fibroxanthom. Pedro Luis Salv\u00e1 Palomeque, Javier San Rom\u00e1n Llorens, Sara Iribarren Bar\u00f3, Natalia Lorenzana Blanco, Ignacio Jimenez-Alfaro Morote. Jahrestagung der Madrilenischen Ophthalmologischen Gesellschaft. Posterpr\u00e4sentation. Madrid, Dezember 2022.<\/li>\n<li>Dreifacher chirurgischer Ansatz bei einem Patienten mit Iridokorneal-Endothelsyndrom: In-the-Bag-IOL, k\u00fcnstliche Iris und filtrierende Operation. Pedro Luis Salv\u00e1 Palomeque, Javier San Rom\u00e1n Llorens, Jacobo Herrera Pereiro, Ignacio Jimenez-Alfaro Morote. Spanische Gesellschaft f\u00fcr Implantat- und Refraktivchirurgie (SECOIR). M\u00e1laga, Mai 2023.<\/li>\n<li>Autoimmune Retinopathie assoziiert mit monoklonaler Gammopathie unklarer Signifikanz. Pedro Luis Salv\u00e1 Palomeque, Mar\u00eda Pilar Rodr\u00edguez Merchante, Ester Carre\u00f1o Salas. Spanische Ophthalmologische Gesellschaft (SEO). Vortrag. Pamplona, September 2022.<\/li>\n<li>\u00dcberlappung von Pseudoexfoliations- und Neovaskul\u00e4rem Glaukom: \u00fcber 2 F\u00e4lle. Pedro Luis Salv\u00e1 Palomeque, Irene Platas Moreno, Nuria Est\u00e9banez Corrales, Jacobo Herrera Pereiro. Spanische Glaukom-Gesellschaft (SEG). Posterpr\u00e4sentation. Madrid, M\u00e4rz 2023.<\/li>\n<li>Chirurgisches Management des Glaukoms im Krankenhaus Fundaci\u00f3n Jim\u00e9nez D\u00edaz. Mallorca Facorefractiva Kongress. Vortrag. Palma de Mallorca, Oktober 2023.<\/li>\n<li>Teilnahme als Zuh\u00f6rer und Referent an zahlreichen wissenschaftlichen Kursen und Kongressen.<\/li>\n<\/ul>\n<h5>Weitere relevante Informationen<\/h5>\n<ul>\n<li>Mitglied der Spanischen Ophthalmologischen Gesellschaft (SEO).<\/li>\n<li>Mitglied der Spanischen Gesellschaft f\u00fcr Implantat- und Refraktivchirurgie (SECOIR).<\/li>\n<li>Mitglied der Spanischen Gesellschaft f\u00fcr Augenoberfl\u00e4che und Hornhaut (SESOC).<\/li>\n<\/ul>\n<h5>Sprachen<\/h5>\n<p>Spanisch, Katalanisch, Englisch.[\/vc_column_text][nectar_btn size=&#8220;small&#8220; button_style=&#8220;regular&#8220; button_color_2=&#8220;Accent-Color&#8220; icon_family=&#8220;none&#8220; url=&#8220;\/equipo\/&#8220; text=&#8220;MEDIZINISCHES TEAM&#8220; margin_top=&#8220;30px&#8220;][\/vc_column_inner][\/vc_row_inner][\/vc_column][vc_column column_padding=&#8220;padding-2-percent&#8220; column_padding_tablet=&#8220;inherit&#8220; column_padding_phone=&#8220;inherit&#8220; column_padding_position=&#8220;left-right&#8220; column_element_direction_desktop=&#8220;default&#8220; column_element_spacing=&#8220;default&#8220; desktop_text_alignment=&#8220;default&#8220; tablet_text_alignment=&#8220;default&#8220; phone_text_alignment=&#8220;default&#8220; background_color_opacity=&#8220;1&#8243; background_hover_color_opacity=&#8220;1&#8243; column_backdrop_filter=&#8220;none&#8220; column_shadow=&#8220;none&#8220; column_border_radius=&#8220;none&#8220; column_link_target=&#8220;_self&#8220; column_position=&#8220;default&#8220; gradient_direction=&#8220;left_to_right&#8220; overlay_strength=&#8220;0.3&#8243; width=&#8220;1\/3&#8243; tablet_width_inherit=&#8220;default&#8220; animation_type=&#8220;default&#8220; bg_image_animation=&#8220;none&#8220; border_type=&#8220;simple&#8220; column_border_width=&#8220;none&#8220; column_border_style=&#8220;solid&#8220;][vc_column_text css=&#8220;.vc_custom_1757932833957{padding-top: 20px !important;padding-right: 20px !important;padding-bottom: 20px !important;padding-left: 20px !important;background-color: #f8f8f8 !important;}&#8220;]\n<h5><strong>Fachgebiete <\/strong><\/h5>\n<ul>\n<li style=\"list-style-type: none;\">\n<ul>\n<li><a href=\"https:\/\/oftalmedic.es\/de\/cataratas\/\" target=\"_blank\" rel=\"noopener\">Katarakt-Behandlung<\/a><\/li>\n<li><a href=\"https:\/\/oftalmedic.es\/de\/spezialitaeten\/cirugia-refractiva-2\/\" target=\"_blank\" rel=\"noopener\">Refraktive Chirurgie<\/a><\/li>\n<li class=\"m_3265373467215399838MsoListParagraph\"><a href=\"https:\/\/oftalmedic.es\/de\/augenoberflaeche\/\" target=\"_blank\" rel=\"noopener\">Hornhaut und Augenoberfl\u00e4che<\/a><\/li>\n<\/ul>\n<\/li>\n<\/ul>\n[\/vc_column_text][divider line_type=&#8220;No Line&#8220;][\/vc_column][\/vc_row]\n","protected":false},"excerpt":{"rendered":"<p>[vc_row type=&#8220;in_container&#8220; full_screen_row_position=&#8220;middle&#8220; column_margin=&#8220;default&#8220; column_direction=&#8220;default&#8220; column_direction_tablet=&#8220;default&#8220; column_direction_phone=&#8220;default&#8220; scene_position=&#8220;center&#8220; bottom_padding=&#8220;30&#8243; text_color=&#8220;dark&#8220; text_align=&#8220;left&#8220; row_border_radius=&#8220;none&#8220; row_border_radius_applies=&#8220;bg&#8220; overflow=&#8220;visible&#8220; overlay_strength=&#8220;0.3&#8243; gradient_direction=&#8220;left_to_right&#8220; shape_divider_position=&#8220;bottom&#8220; bg_image_animation=&#8220;none&#8220; shape_type=&#8220;&#8220;][vc_column column_padding=&#8220;no-extra-padding&#8220; column_padding_tablet=&#8220;inherit&#8220; column_padding_phone=&#8220;inherit&#8220; column_padding_position=&#8220;all&#8220; column_element_direction_desktop=&#8220;default&#8220; column_element_spacing=&#8220;default&#8220; desktop_text_alignment=&#8220;default&#8220; tablet_text_alignment=&#8220;default&#8220; phone_text_alignment=&#8220;default&#8220; background_color_opacity=&#8220;1&#8243; background_hover_color_opacity=&#8220;1&#8243; column_backdrop_filter=&#8220;none&#8220; column_shadow=&#8220;none&#8220; column_border_radius=&#8220;none&#8220; column_link_target=&#8220;_self&#8220; column_position=&#8220;default&#8220; gradient_direction=&#8220;left_to_right&#8220; overlay_strength=&#8220;0.3&#8243; width=&#8220;2\/3&#8243; tablet_width_inherit=&#8220;default&#8220; animation_type=&#8220;default&#8220; bg_image_animation=&#8220;none&#8220; border_type=&#8220;simple&#8220; column_border_width=&#8220;none&#8220; column_border_style=&#8220;solid&#8220;][vc_row_inner column_margin=&#8220;default&#8220; column_direction=&#8220;default&#8220; column_direction_tablet=&#8220;default&#8220; column_direction_phone=&#8220;default&#8220; text_align=&#8220;left&#8220; row_position=&#8220;default&#8220; row_position_tablet=&#8220;inherit&#8220; row_position_phone=&#8220;inherit&#8220; overflow=&#8220;visible&#8220; pointer_events=&#8220;all&#8220;][vc_column_inner column_padding=&#8220;no-extra-padding&#8220; column_padding_tablet=&#8220;inherit&#8220; column_padding_phone=&#8220;inherit&#8220; column_padding_position=&#8220;all&#8220; column_element_direction_desktop=&#8220;default&#8220; column_element_spacing=&#8220;default&#8220;&#8230;<\/p>\n","protected":false},"author":5,"featured_media":0,"parent":0,"menu_order":0,"comment_status":"closed","ping_status":"closed","template":"","meta":{"footnotes":""},"class_list":["post-12397","page","type-page","status-publish"],"yoast_head":"<!-- This site is optimized with the Yoast SEO plugin v27.1.1 - https:\/\/yoast.com\/product\/yoast-seo-wordpress\/ -->\n<title>Dr. Pedro Luis Salv\u00e0 Palomeque | Oftalmedic Salv\u00e0<\/title>\n<meta name=\"description\" content=\"Dr. Pedro Luis Salv\u00e0 Palomeque, Augenarzt in Palma de Mallorca. Spezialist f\u00fcr Hornhaut, refraktive Chirurgie und allgemeine Augenheilkunde.\" \/>\n<meta name=\"robots\" content=\"index, follow, max-snippet:-1, max-image-preview:large, max-video-preview:-1\" \/>\n<link rel=\"canonical\" href=\"https:\/\/oftalmedic.es\/de\/dr-pedro-luis-salva-palomeque\/\" \/>\n<meta property=\"og:locale\" content=\"de_DE\" \/>\n<meta property=\"og:type\" content=\"article\" \/>\n<meta property=\"og:title\" content=\"Dr. Pedro Luis Salv\u00e0 Palomeque | Oftalmedic Salv\u00e0\" \/>\n<meta property=\"og:description\" content=\"Dr. Pedro Luis Salv\u00e0 Palomeque, Augenarzt in Palma de Mallorca. Spezialist f\u00fcr Hornhaut, refraktive Chirurgie und allgemeine Augenheilkunde.\" \/>\n<meta property=\"og:url\" content=\"https:\/\/oftalmedic.es\/de\/dr-pedro-luis-salva-palomeque\/\" \/>\n<meta property=\"og:site_name\" content=\"Oftalmedic Salv\u00e1\" \/>\n<meta property=\"article:publisher\" content=\"https:\/\/www.facebook.com\/OftalmedicSalva\/\" \/>\n<meta name=\"twitter:card\" content=\"summary_large_image\" \/>\n<meta name=\"twitter:site\" content=\"@OftalmedicSalva\" \/>\n<meta name=\"twitter:label1\" content=\"Gesch\u00e4tzte Lesezeit\" \/>\n\t<meta name=\"twitter:data1\" content=\"3\u00a0Minuten\" \/>\n<script type=\"application\/ld+json\" class=\"yoast-schema-graph\">{\"@context\":\"https:\/\/schema.org\",\"@graph\":[{\"@type\":\"WebPage\",\"@id\":\"https:\/\/oftalmedic.es\/de\/dr-pedro-luis-salva-palomeque\/\",\"url\":\"https:\/\/oftalmedic.es\/de\/dr-pedro-luis-salva-palomeque\/\",\"name\":\"Dr. Pedro Luis Salv\u00e0 Palomeque | Oftalmedic Salv\u00e0\",\"isPartOf\":{\"@id\":\"https:\/\/oftalmedic.es\/de\/#website\"},\"datePublished\":\"2025-09-15T10:44:33+00:00\",\"description\":\"Dr. Pedro Luis Salv\u00e0 Palomeque, Augenarzt in Palma de Mallorca. Spezialist f\u00fcr Hornhaut, refraktive Chirurgie und allgemeine Augenheilkunde.\",\"breadcrumb\":{\"@id\":\"https:\/\/oftalmedic.es\/de\/dr-pedro-luis-salva-palomeque\/#breadcrumb\"},\"inLanguage\":\"de\",\"potentialAction\":[{\"@type\":\"ReadAction\",\"target\":[\"https:\/\/oftalmedic.es\/de\/dr-pedro-luis-salva-palomeque\/\"]}]},{\"@type\":\"BreadcrumbList\",\"@id\":\"https:\/\/oftalmedic.es\/de\/dr-pedro-luis-salva-palomeque\/#breadcrumb\",\"itemListElement\":[{\"@type\":\"ListItem\",\"position\":1,\"name\":\"Portada\",\"item\":\"https:\/\/oftalmedic.es\/de\/\"},{\"@type\":\"ListItem\",\"position\":2,\"name\":\"Dr. Pedro Luis Salv\u00e0 Palomeque\"}]},{\"@type\":\"WebSite\",\"@id\":\"https:\/\/oftalmedic.es\/de\/#website\",\"url\":\"https:\/\/oftalmedic.es\/de\/\",\"name\":\"Oftalmedic Salv\u00e1\",\"description\":\"Red de cl\u00ednicas oftalmol\u00f3gicas de referencia en Baleares. Pionera en tecnolog\u00eda l\u00e1ser para cirug\u00eda de cataratas y correcci\u00f3n de la miop\u00eda, hipermetrop\u00eda, astigmatismo y presbicia o vista cansada.\",\"publisher\":{\"@id\":\"https:\/\/oftalmedic.es\/de\/#organization\"},\"potentialAction\":[{\"@type\":\"SearchAction\",\"target\":{\"@type\":\"EntryPoint\",\"urlTemplate\":\"https:\/\/oftalmedic.es\/de\/?s={search_term_string}\"},\"query-input\":{\"@type\":\"PropertyValueSpecification\",\"valueRequired\":true,\"valueName\":\"search_term_string\"}}],\"inLanguage\":\"de\"},{\"@type\":\"Organization\",\"@id\":\"https:\/\/oftalmedic.es\/de\/#organization\",\"name\":\"[wpseo_titles]company_Nombre\",\"url\":\"https:\/\/oftalmedic.es\/de\/\",\"logo\":{\"@type\":\"ImageObject\",\"inLanguage\":\"de\",\"@id\":\"https:\/\/oftalmedic.es\/de\/#\/schema\/logo\/image\/\",\"url\":\"https:\/\/oftalmedic.es\/wp-content\/uploads\/2018\/06\/logo-oftalmedic.png\",\"contentUrl\":\"https:\/\/oftalmedic.es\/wp-content\/uploads\/2018\/06\/logo-oftalmedic.png\",\"width\":200,\"height\":58,\"caption\":\"[wpseo_titles]company_Nombre\"},\"image\":{\"@id\":\"https:\/\/oftalmedic.es\/de\/#\/schema\/logo\/image\/\"},\"sameAs\":[\"https:\/\/www.facebook.com\/OftalmedicSalva\/\",\"https:\/\/x.com\/OftalmedicSalva\",\"https:\/\/www.instagram.com\/oftalmedic_salva\",\"https:\/\/www.youtube.com\/channel\/UCWrAdUQk6ZmrfVUqBwX0cug\",\"https:\/\/www.linkedin.com\/company\/oftalmedic-clnica-salv\/\"]}]}<\/script>\n<!-- \/ Yoast SEO plugin. -->","yoast_head_json":{"title":"Dr. Pedro Luis Salv\u00e0 Palomeque | Oftalmedic Salv\u00e0","description":"Dr. Pedro Luis Salv\u00e0 Palomeque, Augenarzt in Palma de Mallorca. Spezialist f\u00fcr Hornhaut, refraktive Chirurgie und allgemeine Augenheilkunde.","robots":{"index":"index","follow":"follow","max-snippet":"max-snippet:-1","max-image-preview":"max-image-preview:large","max-video-preview":"max-video-preview:-1"},"canonical":"https:\/\/oftalmedic.es\/de\/dr-pedro-luis-salva-palomeque\/","og_locale":"de_DE","og_type":"article","og_title":"Dr. Pedro Luis Salv\u00e0 Palomeque | Oftalmedic Salv\u00e0","og_description":"Dr. Pedro Luis Salv\u00e0 Palomeque, Augenarzt in Palma de Mallorca. Spezialist f\u00fcr Hornhaut, refraktive Chirurgie und allgemeine Augenheilkunde.","og_url":"https:\/\/oftalmedic.es\/de\/dr-pedro-luis-salva-palomeque\/","og_site_name":"Oftalmedic Salv\u00e1","article_publisher":"https:\/\/www.facebook.com\/OftalmedicSalva\/","twitter_card":"summary_large_image","twitter_site":"@OftalmedicSalva","twitter_misc":{"Gesch\u00e4tzte Lesezeit":"3\u00a0Minuten"},"schema":{"@context":"https:\/\/schema.org","@graph":[{"@type":"WebPage","@id":"https:\/\/oftalmedic.es\/de\/dr-pedro-luis-salva-palomeque\/","url":"https:\/\/oftalmedic.es\/de\/dr-pedro-luis-salva-palomeque\/","name":"Dr. Pedro Luis Salv\u00e0 Palomeque | Oftalmedic Salv\u00e0","isPartOf":{"@id":"https:\/\/oftalmedic.es\/de\/#website"},"datePublished":"2025-09-15T10:44:33+00:00","description":"Dr. Pedro Luis Salv\u00e0 Palomeque, Augenarzt in Palma de Mallorca. Spezialist f\u00fcr Hornhaut, refraktive Chirurgie und allgemeine Augenheilkunde.","breadcrumb":{"@id":"https:\/\/oftalmedic.es\/de\/dr-pedro-luis-salva-palomeque\/#breadcrumb"},"inLanguage":"de","potentialAction":[{"@type":"ReadAction","target":["https:\/\/oftalmedic.es\/de\/dr-pedro-luis-salva-palomeque\/"]}]},{"@type":"BreadcrumbList","@id":"https:\/\/oftalmedic.es\/de\/dr-pedro-luis-salva-palomeque\/#breadcrumb","itemListElement":[{"@type":"ListItem","position":1,"name":"Portada","item":"https:\/\/oftalmedic.es\/de\/"},{"@type":"ListItem","position":2,"name":"Dr. Pedro Luis Salv\u00e0 Palomeque"}]},{"@type":"WebSite","@id":"https:\/\/oftalmedic.es\/de\/#website","url":"https:\/\/oftalmedic.es\/de\/","name":"Oftalmedic Salv\u00e1","description":"Red de cl\u00ednicas oftalmol\u00f3gicas de referencia en Baleares. Pionera en tecnolog\u00eda l\u00e1ser para cirug\u00eda de cataratas y correcci\u00f3n de la miop\u00eda, hipermetrop\u00eda, astigmatismo y presbicia o vista cansada.","publisher":{"@id":"https:\/\/oftalmedic.es\/de\/#organization"},"potentialAction":[{"@type":"SearchAction","target":{"@type":"EntryPoint","urlTemplate":"https:\/\/oftalmedic.es\/de\/?s={search_term_string}"},"query-input":{"@type":"PropertyValueSpecification","valueRequired":true,"valueName":"search_term_string"}}],"inLanguage":"de"},{"@type":"Organization","@id":"https:\/\/oftalmedic.es\/de\/#organization","name":"[wpseo_titles]company_Nombre","url":"https:\/\/oftalmedic.es\/de\/","logo":{"@type":"ImageObject","inLanguage":"de","@id":"https:\/\/oftalmedic.es\/de\/#\/schema\/logo\/image\/","url":"https:\/\/oftalmedic.es\/wp-content\/uploads\/2018\/06\/logo-oftalmedic.png","contentUrl":"https:\/\/oftalmedic.es\/wp-content\/uploads\/2018\/06\/logo-oftalmedic.png","width":200,"height":58,"caption":"[wpseo_titles]company_Nombre"},"image":{"@id":"https:\/\/oftalmedic.es\/de\/#\/schema\/logo\/image\/"},"sameAs":["https:\/\/www.facebook.com\/OftalmedicSalva\/","https:\/\/x.com\/OftalmedicSalva","https:\/\/www.instagram.com\/oftalmedic_salva","https:\/\/www.youtube.com\/channel\/UCWrAdUQk6ZmrfVUqBwX0cug","https:\/\/www.linkedin.com\/company\/oftalmedic-clnica-salv\/"]}]}},"_links":{"self":[{"href":"https:\/\/oftalmedic.es\/de\/wp-json\/wp\/v2\/pages\/12397","targetHints":{"allow":["GET"]}}],"collection":[{"href":"https:\/\/oftalmedic.es\/de\/wp-json\/wp\/v2\/pages"}],"about":[{"href":"https:\/\/oftalmedic.es\/de\/wp-json\/wp\/v2\/types\/page"}],"author":[{"embeddable":true,"href":"https:\/\/oftalmedic.es\/de\/wp-json\/wp\/v2\/users\/5"}],"replies":[{"embeddable":true,"href":"https:\/\/oftalmedic.es\/de\/wp-json\/wp\/v2\/comments?post=12397"}],"version-history":[{"count":0,"href":"https:\/\/oftalmedic.es\/de\/wp-json\/wp\/v2\/pages\/12397\/revisions"}],"wp:attachment":[{"href":"https:\/\/oftalmedic.es\/de\/wp-json\/wp\/v2\/media?parent=12397"}],"curies":[{"name":"wp","href":"https:\/\/api.w.org\/{rel}","templated":true}]}}