{"id":6741,"date":"2020-06-15T09:43:52","date_gmt":"2020-06-15T09:43:52","guid":{"rendered":"https:\/\/oftalmedic.rwdesarrollos.es\/?page_id=6741"},"modified":"2021-02-25T10:17:29","modified_gmt":"2021-02-25T10:17:29","slug":"coronavirus-seguridad","status":"publish","type":"page","link":"https:\/\/oftalmedic.es\/de\/coronavirus-seguridad\/","title":{"rendered":"Protocolo de seguridad e higiene frente al coronavirus Sars-CoV-2"},"content":{"rendered":"[vc_row type=&#8220;full_width_background&#8220; full_screen_row_position=&#8220;middle&#8220; column_margin=&#8220;default&#8220; column_direction=&#8220;default&#8220; column_direction_tablet=&#8220;default&#8220; column_direction_phone=&#8220;default&#8220; bg_color=&#8220;#ffffff&#8220; bg_image=&#8220;6752&#8243; bg_position=&#8220;center top&#8220; bg_repeat=&#8220;no-repeat&#8220; scene_position=&#8220;center&#8220; top_padding=&#8220;15%&#8220; bottom_padding=&#8220;15%&#8220; text_color=&#8220;light&#8220; text_align=&#8220;left&#8220; row_border_radius=&#8220;none&#8220; row_border_radius_applies=&#8220;bg&#8220; color_overlay=&#8220;rgba(255,255,255,0.01)&#8220; overlay_strength=&#8220;1&#8243; gradient_direction=&#8220;left_to_right&#8220; shape_divider_position=&#8220;bottom&#8220; bg_image_animation=&#8220;none&#8220; shape_type=&#8220;&#8220;][vc_column column_padding=&#8220;no-extra-padding&#8220; column_padding_tablet=&#8220;inherit&#8220; column_padding_phone=&#8220;inherit&#8220; column_padding_position=&#8220;all&#8220; background_color_opacity=&#8220;1&#8243; background_hover_color_opacity=&#8220;1&#8243; column_shadow=&#8220;none&#8220; column_border_radius=&#8220;none&#8220; column_link_target=&#8220;_self&#8220; gradient_direction=&#8220;left_to_right&#8220; overlay_strength=&#8220;0.3&#8243; width=&#8220;1\/1&#8243; tablet_width_inherit=&#8220;default&#8220; tablet_text_alignment=&#8220;default&#8220; phone_text_alignment=&#8220;default&#8220; column_border_width=&#8220;none&#8220; column_border_style=&#8220;solid&#8220; bg_image_animation=&#8220;none&#8220;][\/vc_column][\/vc_row][vc_row type=&#8220;full_width_background&#8220; full_screen_row_position=&#8220;middle&#8220; column_margin=&#8220;default&#8220; column_direction=&#8220;default&#8220; column_direction_tablet=&#8220;default&#8220; column_direction_phone=&#8220;default&#8220; bg_color=&#8220;#ffffff&#8220; scene_position=&#8220;center&#8220; top_padding=&#8220;60&#8243; bottom_padding=&#8220;60&#8243; text_color=&#8220;dark&#8220; text_align=&#8220;left&#8220; row_border_radius=&#8220;none&#8220; row_border_radius_applies=&#8220;bg&#8220; overlay_strength=&#8220;1&#8243; gradient_direction=&#8220;left_to_right&#8220; shape_divider_position=&#8220;bottom&#8220; bg_image_animation=&#8220;none&#8220; shape_type=&#8220;&#8220;][vc_column column_padding=&#8220;no-extra-padding&#8220; column_padding_tablet=&#8220;inherit&#8220; column_padding_phone=&#8220;inherit&#8220; column_padding_position=&#8220;all&#8220; background_color_opacity=&#8220;1&#8243; background_hover_color_opacity=&#8220;1&#8243; column_shadow=&#8220;none&#8220; column_border_radius=&#8220;none&#8220; column_link_target=&#8220;_self&#8220; gradient_direction=&#8220;left_to_right&#8220; overlay_strength=&#8220;0.3&#8243; width=&#8220;1\/1&#8243; tablet_width_inherit=&#8220;default&#8220; tablet_text_alignment=&#8220;default&#8220; phone_text_alignment=&#8220;default&#8220; column_border_width=&#8220;none&#8220; column_border_style=&#8220;solid&#8220; bg_image_animation=&#8220;none&#8220;][vc_custom_heading text=&#8220;Protocolo de seguridad e higiene frente al coronavirus Sars-CoV-2&#8243; font_container=&#8220;tag:h1|text_align:left&#8220; use_theme_fonts=&#8220;yes&#8220;][divider line_type=&#8220;Small Line&#8220; line_alignment=&#8220;default&#8220; line_thickness=&#8220;8&#8243; divider_color=&#8220;default&#8220; animate=&#8220;yes&#8220; custom_height=&#8220;100&#8243; custom_line_width=&#8220;120&#8243;]<div class=\"nectar-fancy-ul\" data-list-icon=\"fa fa-angle-right\" data-animation=\"false\" data-animation-delay=\"0\" data-color=\"accent-color\" data-spacing=\"default\" data-alignment=\"left\"> En Oftalmedic Salv\u00e0 queremos garantizar la m\u00e1xima protecci\u00f3n de nuestros pacientes y tambi\u00e9n, de nuestros profesionales sanitarios, poniendo a tu disposici\u00f3n un <strong>servicio oftalmol\u00f3gico seguro<\/strong>.<\/p>\n<p>Con este objetivo, hemos adoptado un conjunto de <strong>medidas extraordinarias<\/strong> en todos nuestros centros que atienden a las recomendaciones de las autoridades competentes y refuerzan nuestros protocolos de prevenci\u00f3n.<\/p>\n<p>A trav\u00e9s del sello Global Safe Site Excellence, la entidad certificadora Bureau Veritas ha verificado la eficacia de nuestros protocolos de seguridad e higiene, as\u00ed como el cumplimiento de las nuevas medidas de seguridad. Por tanto, este certificado nos afianza como centro oftalmol\u00f3gico seguro frente al coronavirus Sars-CoV-2, por disponer de un sistema seguro tanto para nuestros pacientes, como para nuestro personal sanitario (<a href=\"https:\/\/oftalmedic.es\/blog-clinica-salva\/oftalmedic-salva-global-safe-site-excellence\/\" target=\"_blank\" rel=\"noopener\">m\u00e1s informaci\u00f3n sobre la Certificaci\u00f3n Global Safe Site Excellence<\/a>).<\/p>\n<p>Nuestro compromiso con tu salud y bienestar no ha cambiado. <\/div>[toggles style=&#8220;minimal&#8220;][toggle color=&#8220;Accent-Color&#8220; title=&#8220;MEDIDAS DE PREVENCI\u00d3N EN OFTALMEDIC SALV\u00c0&#8220;][vc_column_text]<strong><u>PROCEDIMIENTOS<\/u><\/strong><\/p>\n<ul>\n<li>Espaciamos los horarios de las visitas.<\/li>\n<li>Seguimos un estricto protocolo de higiene de manos antes y despu\u00e9s de cada consulta.<\/li>\n<li>Utilizamos EPIs homologados durante todo el servicio de atenci\u00f3n oftalmol\u00f3gica.<\/li>\n<li>Desinfectamos entre paciente y paciente, instrumental y superficies de contacto en consulta y durante la realizaci\u00f3n de pruebas por los optometristas.<\/li>\n<li>Extremamos las medidas de limpieza y desinfecci\u00f3n en las zonas comunes.<\/li>\n<li>Intensificamos los protocolos de limpieza y desinfecci\u00f3n en el acceso al \u00e1rea quir\u00fargica por parte del personal autorizado, as\u00ed como de esterilizaci\u00f3n de todos los materiales y superficies de contacto.<\/li>\n<\/ul>\n<p>&nbsp;<\/p>\n<p><strong><u>INSTALACIONES<\/u><\/strong><\/p>\n<ul>\n<li>Facilitamos gel hidroalcoh\u00f3lico.<\/li>\n<li>Mantenemos la distancia de seguridad en la zona de recepci\u00f3n y salas de espera entre asientos.<\/li>\n<li>Hemos redistribuido las salas de espera para limitar el n\u00famero de personas.<\/li>\n<li>Hemos habilitado contenedores para material desechable.<\/li>\n<li>Disponemos de estructuras protectoras en la zona de Recepci\u00f3n.<\/li>\n<li>Utilizamos pantallas protectoras en los equipos de diagn\u00f3stico de las consultas durante la exploraci\u00f3n ocular.<\/li>\n<li>Disponemos de equipos generadores de ozono para una mejor desinfecci\u00f3n ambiental.<\/li>\n<li>Hemos retirado revistas o folletos informativos de las salas de espera para minimizar los contactos.<\/li>\n<\/ul>\n[\/vc_column_text][\/toggle][\/toggles][\/vc_column][\/vc_row][vc_row type=&#8220;full_width_background&#8220; full_screen_row_position=&#8220;middle&#8220; column_margin=&#8220;default&#8220; column_direction=&#8220;default&#8220; column_direction_tablet=&#8220;default&#8220; column_direction_phone=&#8220;default&#8220; scene_position=&#8220;center&#8220; top_padding=&#8220;30&#8243; bottom_padding=&#8220;80&#8243; text_color=&#8220;dark&#8220; text_align=&#8220;left&#8220; row_border_radius=&#8220;none&#8220; row_border_radius_applies=&#8220;bg&#8220; overlay_strength=&#8220;0.3&#8243; gradient_direction=&#8220;left_to_right&#8220; shape_divider_position=&#8220;bottom&#8220; bg_image_animation=&#8220;none&#8220; shape_type=&#8220;&#8220;][vc_column column_padding=&#8220;no-extra-padding&#8220; column_padding_tablet=&#8220;inherit&#8220; column_padding_phone=&#8220;inherit&#8220; column_padding_position=&#8220;all&#8220; background_color_opacity=&#8220;1&#8243; background_hover_color_opacity=&#8220;1&#8243; column_shadow=&#8220;none&#8220; column_border_radius=&#8220;none&#8220; column_link_target=&#8220;_self&#8220; gradient_direction=&#8220;left_to_right&#8220; overlay_strength=&#8220;0.3&#8243; width=&#8220;1\/1&#8243; tablet_width_inherit=&#8220;default&#8220; tablet_text_alignment=&#8220;default&#8220; phone_text_alignment=&#8220;default&#8220; column_border_width=&#8220;none&#8220; column_border_style=&#8220;solid&#8220; bg_image_animation=&#8220;none&#8220;][vc_custom_heading text=&#8220;\u00bfQu\u00e9 debo tener en cuenta para mi cita en Oftalmedic Salv\u00e0?&#8220; use_theme_fonts=&#8220;yes&#8220;][divider line_type=&#8220;Small Line&#8220; line_alignment=&#8220;default&#8220; line_thickness=&#8220;8&#8243; divider_color=&#8220;default&#8220; animate=&#8220;yes&#8220; custom_height=&#8220;100&#8243; custom_line_width=&#8220;120&#8243;]<div class=\"nectar-fancy-ul\" data-list-icon=\"fa fa-angle-right\" data-animation=\"false\" data-animation-delay=\"0\" data-color=\"accent-color\" data-spacing=\"default\" data-alignment=\"left\"> \n<p>Tu colaboraci\u00f3n como paciente resulta fundamental para salvaguardar entre todos las mejores condiciones de seguridad e higiene durante tu visita al especialista.<\/p>\n<p>Por esta raz\u00f3n, te facilitamos unas sencillas<strong> pautas de actuaci\u00f3n<\/strong> que se suman a las estrictas medidas de protecci\u00f3n que estamos aplicando en nuestros centros.<\/p>\n<p>Agradecemos tu esfuerzo en la prevenci\u00f3n del <strong>coronavirus<\/strong>. <\/div>[toggles style=&#8220;minimal&#8220;][toggle color=&#8220;Accent-Color&#8220; title=&#8220;ANTES DE VENIR AL CENTRO&#8220;][vc_column_text]\n<ul>\n<li>Evita venir con antelaci\u00f3n a tu cita para un mejor control del aforo.<\/li>\n<li>Preferiblemente, acude a la consulta sin acompa\u00f1ante. Si no es posible, intenta que te acompa\u00f1e solo una persona.<\/li>\n<li>En caso de presentar s\u00edntomas o haber estado en contacto con pacientes diagnosticados de COVID-19, es recomendable que informes al centro para el cambio de la cita.<\/li>\n<\/ul>\n[\/vc_column_text][\/toggle][toggle color=&#8220;Default&#8220; title=&#8220;DURANTE TU VISITA AL CENTRO&#8220;][vc_column_text]\n<ul>\n<li>Acude al centro con mascarilla para proteger boca y nariz durante toda la visita.<\/li>\n<li>Utiliza los dispensadores de gel hidroalcoh\u00f3lico para garantizar una buena desinfecci\u00f3n de manos.<\/li>\n<li>Aseg\u00farate de mantener la distancia de seguridad entre personas.<\/li>\n<li>Si tienes que usar el ascensor, te recomendamos el acceso individual.<\/li>\n<li>Ante cualquier duda, el personal del\u00a0 centro se encontrar\u00e1 a tu entera disposici\u00f3n.<\/li>\n<\/ul>\n[\/vc_column_text][\/toggle][\/toggles][vc_column_text]Recuerda, cualquier medida de prevenci\u00f3n, por peque\u00f1a que sea, puede ayudar a detener la propagaci\u00f3n del coronavirus: \u201c<strong>Stop Covid-19<\/strong>\u201d.[\/vc_column_text][divider line_type=&#8220;No Line&#8220;][nectar_btn size=&#8220;medium&#8220; open_new_tab=&#8220;true&#8220; button_style=&#8220;regular&#8220; button_color_2=&#8220;Extra-Color-1&#8243; icon_family=&#8220;none&#8220; url=&#8220;https:\/\/oftalmedic.es\/contacto\/&#8220; text=&#8220;Solicita tu cita&#8220;][\/vc_column][\/vc_row]\n","protected":false},"excerpt":{"rendered":"<p>[vc_row type=&#8220;full_width_background&#8220; full_screen_row_position=&#8220;middle&#8220; column_margin=&#8220;default&#8220; column_direction=&#8220;default&#8220; column_direction_tablet=&#8220;default&#8220; column_direction_phone=&#8220;default&#8220; bg_color=&#8220;#ffffff&#8220; bg_image=&#8220;6752&#8243; bg_position=&#8220;center top&#8220; bg_repeat=&#8220;no-repeat&#8220; scene_position=&#8220;center&#8220; top_padding=&#8220;15%&#8220; bottom_padding=&#8220;15%&#8220; text_color=&#8220;light&#8220; text_align=&#8220;left&#8220; row_border_radius=&#8220;none&#8220; row_border_radius_applies=&#8220;bg&#8220; color_overlay=&#8220;rgba(255,255,255,0.01)&#8220; overlay_strength=&#8220;1&#8243; gradient_direction=&#8220;left_to_right&#8220; shape_divider_position=&#8220;bottom&#8220; bg_image_animation=&#8220;none&#8220; shape_type=&#8220;&#8220;][vc_column column_padding=&#8220;no-extra-padding&#8220; column_padding_tablet=&#8220;inherit&#8220; column_padding_phone=&#8220;inherit&#8220; column_padding_position=&#8220;all&#8220; background_color_opacity=&#8220;1&#8243; background_hover_color_opacity=&#8220;1&#8243; column_shadow=&#8220;none&#8220; column_border_radius=&#8220;none&#8220; column_link_target=&#8220;_self&#8220; gradient_direction=&#8220;left_to_right&#8220; overlay_strength=&#8220;0.3&#8243; width=&#8220;1\/1&#8243; tablet_width_inherit=&#8220;default&#8220; tablet_text_alignment=&#8220;default&#8220; phone_text_alignment=&#8220;default&#8220; column_border_width=&#8220;none&#8220; column_border_style=&#8220;solid&#8220; bg_image_animation=&#8220;none&#8220;][\/vc_column][\/vc_row][vc_row type=&#8220;full_width_background&#8220; full_screen_row_position=&#8220;middle&#8220; column_margin=&#8220;default&#8220; column_direction=&#8220;default&#8220; column_direction_tablet=&#8220;default&#8220; column_direction_phone=&#8220;default&#8220; bg_color=&#8220;#ffffff&#8220; scene_position=&#8220;center&#8220; top_padding=&#8220;60&#8243; bottom_padding=&#8220;60&#8243; text_color=&#8220;dark&#8220; text_align=&#8220;left&#8220; row_border_radius=&#8220;none&#8220; row_border_radius_applies=&#8220;bg&#8220; overlay_strength=&#8220;1&#8243; gradient_direction=&#8220;left_to_right&#8220; shape_divider_position=&#8220;bottom&#8220;&#8230;<\/p>\n","protected":false},"author":5,"featured_media":0,"parent":0,"menu_order":0,"comment_status":"closed","ping_status":"closed","template":"","meta":{"footnotes":""},"class_list":["post-6741","page","type-page","status-publish"],"yoast_head":"<!-- This site is optimized with the Yoast SEO plugin v27.1.1 - https:\/\/yoast.com\/product\/yoast-seo-wordpress\/ -->\n<title>Protocolo de seguridad frente al coronavirus | Oftalmedic Salv\u00e0<\/title>\n<meta name=\"description\" content=\"Reforzamos nuestros protocolos de seguridad para ofrecer un servicio m\u00e9dico con todas las garant\u00edas, protegiendo la salud de todos frente al coronavirus.\" \/>\n<meta name=\"robots\" content=\"index, follow, max-snippet:-1, max-image-preview:large, max-video-preview:-1\" \/>\n<link rel=\"canonical\" href=\"https:\/\/oftalmedic.es\/de\/coronavirus-seguridad\/\" \/>\n<meta property=\"og:locale\" content=\"de_DE\" \/>\n<meta property=\"og:type\" content=\"article\" \/>\n<meta property=\"og:title\" content=\"Protocolo de seguridad frente al coronavirus | Oftalmedic Salv\u00e0\" \/>\n<meta property=\"og:description\" content=\"Reforzamos nuestros protocolos de seguridad para ofrecer un servicio m\u00e9dico con todas las garant\u00edas, protegiendo la salud de todos frente al coronavirus.\" \/>\n<meta property=\"og:url\" content=\"https:\/\/oftalmedic.es\/de\/coronavirus-seguridad\/\" \/>\n<meta property=\"og:site_name\" content=\"Oftalmedic Salv\u00e1\" \/>\n<meta property=\"article:publisher\" content=\"https:\/\/www.facebook.com\/OftalmedicSalva\/\" \/>\n<meta property=\"article:modified_time\" content=\"2021-02-25T10:17:29+00:00\" \/>\n<meta name=\"twitter:card\" content=\"summary_large_image\" \/>\n<meta name=\"twitter:site\" content=\"@OftalmedicSalva\" \/>\n<meta name=\"twitter:label1\" content=\"Gesch\u00e4tzte Lesezeit\" \/>\n\t<meta name=\"twitter:data1\" content=\"4\u00a0Minuten\" \/>\n<script type=\"application\/ld+json\" class=\"yoast-schema-graph\">{\"@context\":\"https:\/\/schema.org\",\"@graph\":[{\"@type\":\"WebPage\",\"@id\":\"https:\/\/oftalmedic.es\/de\/coronavirus-seguridad\/\",\"url\":\"https:\/\/oftalmedic.es\/de\/coronavirus-seguridad\/\",\"name\":\"Protocolo de seguridad frente al coronavirus | Oftalmedic Salv\u00e0\",\"isPartOf\":{\"@id\":\"https:\/\/oftalmedic.es\/de\/#website\"},\"datePublished\":\"2020-06-15T09:43:52+00:00\",\"dateModified\":\"2021-02-25T10:17:29+00:00\",\"description\":\"Reforzamos nuestros protocolos de seguridad para ofrecer un servicio m\u00e9dico con todas las garant\u00edas, protegiendo la salud de todos frente al coronavirus.\",\"breadcrumb\":{\"@id\":\"https:\/\/oftalmedic.es\/de\/coronavirus-seguridad\/#breadcrumb\"},\"inLanguage\":\"de\",\"potentialAction\":[{\"@type\":\"ReadAction\",\"target\":[\"https:\/\/oftalmedic.es\/de\/coronavirus-seguridad\/\"]}]},{\"@type\":\"BreadcrumbList\",\"@id\":\"https:\/\/oftalmedic.es\/de\/coronavirus-seguridad\/#breadcrumb\",\"itemListElement\":[{\"@type\":\"ListItem\",\"position\":1,\"name\":\"Portada\",\"item\":\"https:\/\/oftalmedic.es\/de\/\"},{\"@type\":\"ListItem\",\"position\":2,\"name\":\"Protocolo de seguridad e higiene frente al coronavirus Sars-CoV-2\"}]},{\"@type\":\"WebSite\",\"@id\":\"https:\/\/oftalmedic.es\/de\/#website\",\"url\":\"https:\/\/oftalmedic.es\/de\/\",\"name\":\"Oftalmedic Salv\u00e1\",\"description\":\"Red de cl\u00ednicas oftalmol\u00f3gicas de referencia en Baleares. Pionera en tecnolog\u00eda l\u00e1ser para cirug\u00eda de cataratas y correcci\u00f3n de la miop\u00eda, hipermetrop\u00eda, astigmatismo y presbicia o vista cansada.\",\"publisher\":{\"@id\":\"https:\/\/oftalmedic.es\/de\/#organization\"},\"potentialAction\":[{\"@type\":\"SearchAction\",\"target\":{\"@type\":\"EntryPoint\",\"urlTemplate\":\"https:\/\/oftalmedic.es\/de\/?s={search_term_string}\"},\"query-input\":{\"@type\":\"PropertyValueSpecification\",\"valueRequired\":true,\"valueName\":\"search_term_string\"}}],\"inLanguage\":\"de\"},{\"@type\":\"Organization\",\"@id\":\"https:\/\/oftalmedic.es\/de\/#organization\",\"name\":\"[wpseo_titles]company_Nombre\",\"url\":\"https:\/\/oftalmedic.es\/de\/\",\"logo\":{\"@type\":\"ImageObject\",\"inLanguage\":\"de\",\"@id\":\"https:\/\/oftalmedic.es\/de\/#\/schema\/logo\/image\/\",\"url\":\"https:\/\/oftalmedic.es\/wp-content\/uploads\/2018\/06\/logo-oftalmedic.png\",\"contentUrl\":\"https:\/\/oftalmedic.es\/wp-content\/uploads\/2018\/06\/logo-oftalmedic.png\",\"width\":200,\"height\":58,\"caption\":\"[wpseo_titles]company_Nombre\"},\"image\":{\"@id\":\"https:\/\/oftalmedic.es\/de\/#\/schema\/logo\/image\/\"},\"sameAs\":[\"https:\/\/www.facebook.com\/OftalmedicSalva\/\",\"https:\/\/x.com\/OftalmedicSalva\",\"https:\/\/www.instagram.com\/oftalmedic_salva\",\"https:\/\/www.youtube.com\/channel\/UCWrAdUQk6ZmrfVUqBwX0cug\",\"https:\/\/www.linkedin.com\/company\/oftalmedic-clnica-salv\/\"]}]}<\/script>\n<!-- \/ Yoast SEO plugin. -->","yoast_head_json":{"title":"Protocolo de seguridad frente al coronavirus | Oftalmedic Salv\u00e0","description":"Reforzamos nuestros protocolos de seguridad para ofrecer un servicio m\u00e9dico con todas las garant\u00edas, protegiendo la salud de todos frente al coronavirus.","robots":{"index":"index","follow":"follow","max-snippet":"max-snippet:-1","max-image-preview":"max-image-preview:large","max-video-preview":"max-video-preview:-1"},"canonical":"https:\/\/oftalmedic.es\/de\/coronavirus-seguridad\/","og_locale":"de_DE","og_type":"article","og_title":"Protocolo de seguridad frente al coronavirus | Oftalmedic Salv\u00e0","og_description":"Reforzamos nuestros protocolos de seguridad para ofrecer un servicio m\u00e9dico con todas las garant\u00edas, protegiendo la salud de todos frente al coronavirus.","og_url":"https:\/\/oftalmedic.es\/de\/coronavirus-seguridad\/","og_site_name":"Oftalmedic Salv\u00e1","article_publisher":"https:\/\/www.facebook.com\/OftalmedicSalva\/","article_modified_time":"2021-02-25T10:17:29+00:00","twitter_card":"summary_large_image","twitter_site":"@OftalmedicSalva","twitter_misc":{"Gesch\u00e4tzte Lesezeit":"4\u00a0Minuten"},"schema":{"@context":"https:\/\/schema.org","@graph":[{"@type":"WebPage","@id":"https:\/\/oftalmedic.es\/de\/coronavirus-seguridad\/","url":"https:\/\/oftalmedic.es\/de\/coronavirus-seguridad\/","name":"Protocolo de seguridad frente al coronavirus | Oftalmedic Salv\u00e0","isPartOf":{"@id":"https:\/\/oftalmedic.es\/de\/#website"},"datePublished":"2020-06-15T09:43:52+00:00","dateModified":"2021-02-25T10:17:29+00:00","description":"Reforzamos nuestros protocolos de seguridad para ofrecer un servicio m\u00e9dico con todas las garant\u00edas, protegiendo la salud de todos frente al coronavirus.","breadcrumb":{"@id":"https:\/\/oftalmedic.es\/de\/coronavirus-seguridad\/#breadcrumb"},"inLanguage":"de","potentialAction":[{"@type":"ReadAction","target":["https:\/\/oftalmedic.es\/de\/coronavirus-seguridad\/"]}]},{"@type":"BreadcrumbList","@id":"https:\/\/oftalmedic.es\/de\/coronavirus-seguridad\/#breadcrumb","itemListElement":[{"@type":"ListItem","position":1,"name":"Portada","item":"https:\/\/oftalmedic.es\/de\/"},{"@type":"ListItem","position":2,"name":"Protocolo de seguridad e higiene frente al coronavirus Sars-CoV-2"}]},{"@type":"WebSite","@id":"https:\/\/oftalmedic.es\/de\/#website","url":"https:\/\/oftalmedic.es\/de\/","name":"Oftalmedic Salv\u00e1","description":"Red de cl\u00ednicas oftalmol\u00f3gicas de referencia en Baleares. Pionera en tecnolog\u00eda l\u00e1ser para cirug\u00eda de cataratas y correcci\u00f3n de la miop\u00eda, hipermetrop\u00eda, astigmatismo y presbicia o vista cansada.","publisher":{"@id":"https:\/\/oftalmedic.es\/de\/#organization"},"potentialAction":[{"@type":"SearchAction","target":{"@type":"EntryPoint","urlTemplate":"https:\/\/oftalmedic.es\/de\/?s={search_term_string}"},"query-input":{"@type":"PropertyValueSpecification","valueRequired":true,"valueName":"search_term_string"}}],"inLanguage":"de"},{"@type":"Organization","@id":"https:\/\/oftalmedic.es\/de\/#organization","name":"[wpseo_titles]company_Nombre","url":"https:\/\/oftalmedic.es\/de\/","logo":{"@type":"ImageObject","inLanguage":"de","@id":"https:\/\/oftalmedic.es\/de\/#\/schema\/logo\/image\/","url":"https:\/\/oftalmedic.es\/wp-content\/uploads\/2018\/06\/logo-oftalmedic.png","contentUrl":"https:\/\/oftalmedic.es\/wp-content\/uploads\/2018\/06\/logo-oftalmedic.png","width":200,"height":58,"caption":"[wpseo_titles]company_Nombre"},"image":{"@id":"https:\/\/oftalmedic.es\/de\/#\/schema\/logo\/image\/"},"sameAs":["https:\/\/www.facebook.com\/OftalmedicSalva\/","https:\/\/x.com\/OftalmedicSalva","https:\/\/www.instagram.com\/oftalmedic_salva","https:\/\/www.youtube.com\/channel\/UCWrAdUQk6ZmrfVUqBwX0cug","https:\/\/www.linkedin.com\/company\/oftalmedic-clnica-salv\/"]}]}},"_links":{"self":[{"href":"https:\/\/oftalmedic.es\/de\/wp-json\/wp\/v2\/pages\/6741","targetHints":{"allow":["GET"]}}],"collection":[{"href":"https:\/\/oftalmedic.es\/de\/wp-json\/wp\/v2\/pages"}],"about":[{"href":"https:\/\/oftalmedic.es\/de\/wp-json\/wp\/v2\/types\/page"}],"author":[{"embeddable":true,"href":"https:\/\/oftalmedic.es\/de\/wp-json\/wp\/v2\/users\/5"}],"replies":[{"embeddable":true,"href":"https:\/\/oftalmedic.es\/de\/wp-json\/wp\/v2\/comments?post=6741"}],"version-history":[{"count":0,"href":"https:\/\/oftalmedic.es\/de\/wp-json\/wp\/v2\/pages\/6741\/revisions"}],"wp:attachment":[{"href":"https:\/\/oftalmedic.es\/de\/wp-json\/wp\/v2\/media?parent=6741"}],"curies":[{"name":"wp","href":"https:\/\/api.w.org\/{rel}","templated":true}]}}