{"id":10697,"date":"2025-06-25T08:23:59","date_gmt":"2025-06-25T08:23:59","guid":{"rendered":"https:\/\/oftalmedic.rwdesarrollos.es\/patologias\/"},"modified":"2025-07-02T12:17:13","modified_gmt":"2025-07-02T12:17:13","slug":"patologias","status":"publish","type":"page","link":"https:\/\/oftalmedic.es\/en\/ocular-surface\/patologias\/","title":{"rendered":"Ocular surface and corneal pathologies"},"content":{"rendered":"[vc_row type=&#8221;full_width_background&#8221; full_screen_row_position=&#8221;middle&#8221; column_margin=&#8221;default&#8221; column_direction=&#8221;default&#8221; column_direction_tablet=&#8221;default&#8221; column_direction_phone=&#8221;default&#8221; bg_color=&#8221;#ffffff&#8221; scene_position=&#8221;center&#8221; top_padding=&#8221;0&#8243; bottom_padding=&#8221;0&#8243; text_color=&#8221;light&#8221; text_align=&#8221;left&#8221; row_border_radius=&#8221;none&#8221; row_border_radius_applies=&#8221;bg&#8221; id=&#8221;specialty_title&#8221; overlay_strength=&#8221;0.3&#8243; gradient_direction=&#8221;left_to_right&#8221; shape_divider_position=&#8221;bottom&#8221; bg_image_animation=&#8221;none&#8221; shape_type=&#8221;&#8221;][vc_column column_padding=&#8221;no-extra-padding&#8221; column_padding_tablet=&#8221;inherit&#8221; column_padding_phone=&#8221;inherit&#8221; column_padding_position=&#8221;all&#8221; background_color_opacity=&#8221;1&#8243; background_hover_color_opacity=&#8221;1&#8243; column_shadow=&#8221;none&#8221; column_border_radius=&#8221;none&#8221; column_link_target=&#8221;_self&#8221; gradient_direction=&#8221;left_to_right&#8221; overlay_strength=&#8221;0.3&#8243; width=&#8221;1\/1&#8243; tablet_width_inherit=&#8221;default&#8221; tablet_text_alignment=&#8221;default&#8221; phone_text_alignment=&#8221;default&#8221; column_border_width=&#8221;none&#8221; column_border_style=&#8221;solid&#8221; bg_image_animation=&#8221;none&#8221;][vc_column_text]\n<h5 style=\"text-align: left;\">Ocular surface and cornea<\/h5>\n[\/vc_column_text][\/vc_column][\/vc_row][vc_row type=&#8221;full_width_background&#8221; full_screen_row_position=&#8221;middle&#8221; column_margin=&#8221;default&#8221; column_direction=&#8221;default&#8221; column_direction_tablet=&#8221;default&#8221; column_direction_phone=&#8221;default&#8221; scene_position=&#8221;center&#8221; text_color=&#8221;dark&#8221; text_align=&#8221;left&#8221; row_border_radius=&#8221;none&#8221; row_border_radius_applies=&#8221;bg&#8221; id=&#8221;submenu_especialidades&#8221; overlay_strength=&#8221;0.3&#8243; gradient_direction=&#8221;left_to_right&#8221; shape_divider_position=&#8221;bottom&#8221; bg_image_animation=&#8221;none&#8221; shape_type=&#8221;&#8221;][vc_column column_padding=&#8221;no-extra-padding&#8221; column_padding_tablet=&#8221;inherit&#8221; column_padding_phone=&#8221;inherit&#8221; column_padding_position=&#8221;all&#8221; background_color_opacity=&#8221;1&#8243; background_hover_color_opacity=&#8221;1&#8243; column_shadow=&#8221;none&#8221; column_border_radius=&#8221;none&#8221; column_link_target=&#8221;_self&#8221; gradient_direction=&#8221;left_to_right&#8221; overlay_strength=&#8221;0.3&#8243; width=&#8221;1\/1&#8243; tablet_width_inherit=&#8221;default&#8221; tablet_text_alignment=&#8221;default&#8221; phone_text_alignment=&#8221;default&#8221; column_border_width=&#8221;none&#8221; column_border_style=&#8221;solid&#8221; bg_image_animation=&#8221;none&#8221;][page_submenu alignment=&#8221;left&#8221; sticky=&#8221;true&#8221; bg_color=&#8221;#c9d6e8&#8243;][page_link link_url=&#8221;\/superficie-ocular\/&#8221; title=&#8221;What is it&#8221; id=&#8221;1616663381047-5&#8243; tab_id=&#8221;1616663381056-1&#8243;] [\/page_link][page_link title=&#8221;Pathologies&#8221; id=&#8221;1616663381132-10&#8243; link_url=&#8221;\/superficie-ocular\/patologias&#8221; tab_id=&#8221;1616663381139-0&#8243;][\/page_link][page_link title=&#8221;FAQ&#8221; id=&#8221;1616663381179-3&#8243; link_url=&#8221;\/superficie-ocular\/faq&#8221; tab_id=&#8221;1616663381181-10&#8243;][\/page_link][\/page_submenu][\/vc_column][\/vc_row][vc_row type=&#8221;in_container&#8221; full_screen_row_position=&#8221;middle&#8221; column_margin=&#8221;default&#8221; column_direction=&#8221;default&#8221; column_direction_tablet=&#8221;default&#8221; column_direction_phone=&#8221;default&#8221; scene_position=&#8221;center&#8221; top_padding=&#8221;30&#8243; text_color=&#8221;dark&#8221; text_align=&#8221;left&#8221; row_border_radius=&#8221;none&#8221; row_border_radius_applies=&#8221;bg&#8221; overlay_strength=&#8221;0.3&#8243; gradient_direction=&#8221;left_to_right&#8221; shape_divider_position=&#8221;bottom&#8221; bg_image_animation=&#8221;none&#8221; shape_type=&#8221;&#8221;][vc_column column_padding=&#8221;no-extra-padding&#8221; column_padding_tablet=&#8221;inherit&#8221; column_padding_phone=&#8221;inherit&#8221; column_padding_position=&#8221;all&#8221; background_color_opacity=&#8221;1&#8243; background_hover_color_opacity=&#8221;1&#8243; column_shadow=&#8221;none&#8221; column_border_radius=&#8221;none&#8221; column_link_target=&#8221;_self&#8221; gradient_direction=&#8221;left_to_right&#8221; overlay_strength=&#8221;0.3&#8243; width=&#8221;1\/1&#8243; tablet_width_inherit=&#8221;default&#8221; tablet_text_alignment=&#8221;default&#8221; phone_text_alignment=&#8221;default&#8221; column_border_width=&#8221;none&#8221; column_border_style=&#8221;solid&#8221; bg_image_animation=&#8221;none&#8221;][vc_column_text]\n<h1 style=\"text-align: center;\">Main pathologies<\/h1>\n<h5 style=\"text-align: center;\">that solves the specialty of Ocular Surface and Cornea<\/h5>\n[\/vc_column_text][\/vc_column][\/vc_row][vc_row type=&#8221;in_container&#8221; full_screen_row_position=&#8221;middle&#8221; column_margin=&#8221;default&#8221; column_direction=&#8221;default&#8221; column_direction_tablet=&#8221;default&#8221; column_direction_phone=&#8221;default&#8221; scene_position=&#8221;center&#8221; text_color=&#8221;dark&#8221; text_align=&#8221;left&#8221; row_border_radius=&#8221;none&#8221; row_border_radius_applies=&#8221;bg&#8221; overlay_strength=&#8221;0.3&#8243; gradient_direction=&#8221;left_to_right&#8221; shape_divider_position=&#8221;bottom&#8221; bg_image_animation=&#8221;none&#8221;][vc_column column_padding=&#8221;no-extra-padding&#8221; column_padding_tablet=&#8221;inherit&#8221; column_padding_phone=&#8221;inherit&#8221; column_padding_position=&#8221;all&#8221; background_color_opacity=&#8221;1&#8243; background_hover_color_opacity=&#8221;1&#8243; column_shadow=&#8221;none&#8221; column_border_radius=&#8221;none&#8221; column_link_target=&#8221;_self&#8221; gradient_direction=&#8221;left_to_right&#8221; overlay_strength=&#8221;0.3&#8243; width=&#8221;1\/1&#8243; tablet_width_inherit=&#8221;default&#8221; tablet_text_alignment=&#8221;default&#8221; phone_text_alignment=&#8221;default&#8221; column_border_width=&#8221;none&#8221; column_border_style=&#8221;solid&#8221; bg_image_animation=&#8221;none&#8221;][vc_column_text]There are various pathologies of the ocular surface that can alter its characteristics and cause defective vision, including inflammatory conditions of the cornea (<a href=\"https:\/\/oftalmedic.es\/en\/ocular-surface\/keratitis\/\" target=\"_blank\" rel=\"noopener noreferrer\">keratitis<\/a>) and conjunctiva (<a href=\"https:\/\/oftalmedic.es\/en\/ocular-surface\/conjunctivitis-2\/\" target=\"_blank\" rel=\"noopener noreferrer\">conjunctivitis<\/a>), deformations of the corneal structure (<a href=\"https:\/\/oftalmedic.es\/en\/ocular-surface\/keratoconus\/\" target=\"_blank\" rel=\"noopener noreferrer\">keratoconus<\/a>), infectious pathologies of the eyeball (<a href=\"https:\/\/oftalmedic.es\/en\/ocular-surface\/ulcera-corneal\/\" target=\"_blank\" rel=\"noopener noreferrer\">corneal ulcers<\/a>) or alterations of the tear film (<a href=\"https:\/\/oftalmedic.es\/en\/ocular-surface\/ojo-seco\/\" target=\"_blank\" rel=\"noopener noreferrer\">dry eye<\/a>).<\/p>\n<p>The ocular surface is made up of various structures responsible for protecting the eye and optimal visual capacity. These are the cornea, conjunctiva, eyelids, and lacrimal glands. <\/p>\n<p>The <strong>cornea <\/strong>is the outer layer of the eye that functions as a lens, through which light penetrates the eyeball. Its transparency and curvilinear shape are two essential characteristics for it to correctly fulfill its function of focusing images on the retina. On the other hand, the cornea protects the eye from possible trauma and infections, behaving with special sensitivity towards external aggressions.  <\/p>\n<p>The <strong>conjunctiva<\/strong> is a membrane that covers the sclera, which is the white part of the eye, and the eyelids on its inner side.<\/p>\n<p>The <strong>lacrimal glands<\/strong> and <strong>eyelids<\/strong> are responsible for producing and distributing the tear film on the surface of the eye. Its function is essential to prevent its drying out. <\/p>\n<p>In recent years, this ophthalmological subspecialty has evolved significantly in relation to diagnostic techniques and surgery.[\/vc_column_text][\/vc_column][\/vc_row][vc_row type=&#8221;in_container&#8221; full_screen_row_position=&#8221;middle&#8221; column_margin=&#8221;default&#8221; column_direction=&#8221;default&#8221; column_direction_tablet=&#8221;default&#8221; column_direction_phone=&#8221;default&#8221; scene_position=&#8221;center&#8221; top_padding=&#8221;50&#8243; text_color=&#8221;dark&#8221; text_align=&#8221;left&#8221; row_border_radius=&#8221;none&#8221; row_border_radius_applies=&#8221;bg&#8221; id=&#8221;grid-especialidades&#8221; overlay_strength=&#8221;0.3&#8243; gradient_direction=&#8221;left_to_right&#8221; shape_divider_position=&#8221;bottom&#8221; bg_image_animation=&#8221;none&#8221; shape_type=&#8221;&#8221;][vc_column column_padding=&#8221;no-extra-padding&#8221; column_padding_tablet=&#8221;inherit&#8221; column_padding_phone=&#8221;inherit&#8221; column_padding_position=&#8221;all&#8221; background_color_opacity=&#8221;1&#8243; background_hover_color_opacity=&#8221;1&#8243; column_shadow=&#8221;none&#8221; column_border_radius=&#8221;none&#8221; column_link_target=&#8221;_self&#8221; gradient_direction=&#8221;left_to_right&#8221; overlay_strength=&#8221;0.3&#8243; width=&#8221;1\/1&#8243; tablet_width_inherit=&#8221;default&#8221; tablet_text_alignment=&#8221;default&#8221; phone_text_alignment=&#8221;default&#8221; column_border_width=&#8221;none&#8221; column_border_style=&#8221;solid&#8221; bg_image_animation=&#8221;none&#8221;][vc_gallery type=&#8221;image_grid&#8221; images=&#8221;5322,3014,3018,3022,3027,3031&#8243; display_title_caption=&#8221;true&#8221; layout=&#8221;3&#8243; item_spacing=&#8221;default&#8221; gallery_style=&#8221;3&#8243; load_in_animation=&#8221;fade_in_from_bottom&#8221; el_id=&#8221;especialidades&#8221;][\/vc_column][\/vc_row]\n","protected":false},"excerpt":{"rendered":"<p>[vc_row type=&#8221;full_width_background&#8221; full_screen_row_position=&#8221;middle&#8221; column_margin=&#8221;default&#8221; column_direction=&#8221;default&#8221; column_direction_tablet=&#8221;default&#8221; column_direction_phone=&#8221;default&#8221; bg_color=&#8221;#ffffff&#8221; scene_position=&#8221;center&#8221; top_padding=&#8221;0&#8243; bottom_padding=&#8221;0&#8243; text_color=&#8221;light&#8221; text_align=&#8221;left&#8221; row_border_radius=&#8221;none&#8221; row_border_radius_applies=&#8221;bg&#8221; id=&#8221;specialty_title&#8221; overlay_strength=&#8221;0.3&#8243; gradient_direction=&#8221;left_to_right&#8221; shape_divider_position=&#8221;bottom&#8221; bg_image_animation=&#8221;none&#8221; shape_type=&#8221;&#8221;][vc_column column_padding=&#8221;no-extra-padding&#8221; column_padding_tablet=&#8221;inherit&#8221; column_padding_phone=&#8221;inherit&#8221; column_padding_position=&#8221;all&#8221; background_color_opacity=&#8221;1&#8243; background_hover_color_opacity=&#8221;1&#8243; column_shadow=&#8221;none&#8221; column_border_radius=&#8221;none&#8221; column_link_target=&#8221;_self&#8221; gradient_direction=&#8221;left_to_right&#8221; overlay_strength=&#8221;0.3&#8243; width=&#8221;1\/1&#8243; tablet_width_inherit=&#8221;default&#8221; tablet_text_alignment=&#8221;default&#8221; phone_text_alignment=&#8221;default&#8221; column_border_width=&#8221;none&#8221; column_border_style=&#8221;solid&#8221; bg_image_animation=&#8221;none&#8221;][vc_column_text] Ocular surface and cornea [\/vc_column_text][\/vc_column][\/vc_row][vc_row type=&#8221;full_width_background&#8221; full_screen_row_position=&#8221;middle&#8221; column_margin=&#8221;default&#8221; column_direction=&#8221;default&#8221; column_direction_tablet=&#8221;default&#8221; column_direction_phone=&#8221;default&#8221; scene_position=&#8221;center&#8221; text_color=&#8221;dark&#8221; text_align=&#8221;left&#8221; row_border_radius=&#8221;none&#8221; row_border_radius_applies=&#8221;bg&#8221; id=&#8221;submenu_especialidades&#8221; overlay_strength=&#8221;0.3&#8243; gradient_direction=&#8221;left_to_right&#8221; shape_divider_position=&#8221;bottom&#8221; bg_image_animation=&#8221;none&#8221;&#8230;<\/p>\n","protected":false},"author":2,"featured_media":4679,"parent":11313,"menu_order":0,"comment_status":"closed","ping_status":"closed","template":"","meta":{"footnotes":""},"class_list":["post-10697","page","type-page","status-publish","has-post-thumbnail"],"yoast_head":"<!-- This site is optimized with the Yoast SEO plugin v27.1.1 - https:\/\/yoast.com\/product\/yoast-seo-wordpress\/ -->\n<title>Ocular surface pathologies | Salv\u00e0 Ophthalmology Clinic<\/title>\n<meta name=\"description\" content=\"Pathologies of the ocular surface and cornea. Consult with the team of specialists at the Salv\u00e0 eye clinic in Mallorca.\" \/>\n<meta name=\"robots\" content=\"index, follow, max-snippet:-1, max-image-preview:large, max-video-preview:-1\" \/>\n<link rel=\"canonical\" href=\"https:\/\/oftalmedic.es\/en\/ocular-surface\/patologias\/\" \/>\n<meta property=\"og:locale\" content=\"en_US\" \/>\n<meta property=\"og:type\" content=\"article\" \/>\n<meta property=\"og:title\" content=\"Ocular surface pathologies | Salv\u00e0 Ophthalmology Clinic\" \/>\n<meta property=\"og:description\" content=\"Pathologies of the ocular surface and cornea. Consult with the team of specialists at the Salv\u00e0 eye clinic in Mallorca.\" \/>\n<meta property=\"og:url\" content=\"https:\/\/oftalmedic.es\/en\/ocular-surface\/patologias\/\" \/>\n<meta property=\"og:site_name\" content=\"Oftalmedic Salv\u00e1\" \/>\n<meta property=\"article:publisher\" content=\"https:\/\/www.facebook.com\/OftalmedicSalva\/\" \/>\n<meta property=\"article:modified_time\" content=\"2025-07-02T12:17:13+00:00\" \/>\n<meta property=\"og:image\" content=\"https:\/\/oftalmedic.es\/wp-content\/uploads\/2018\/12\/Superficieocular-especialidad.jpg\" \/>\n\t<meta property=\"og:image:width\" content=\"369\" \/>\n\t<meta property=\"og:image:height\" content=\"302\" \/>\n\t<meta property=\"og:image:type\" content=\"image\/jpeg\" \/>\n<meta name=\"twitter:card\" content=\"summary_large_image\" \/>\n<meta name=\"twitter:site\" content=\"@OftalmedicSalva\" \/>\n<meta name=\"twitter:label1\" content=\"Est. reading time\" \/>\n\t<meta name=\"twitter:data1\" content=\"5 minutes\" \/>\n<script type=\"application\/ld+json\" class=\"yoast-schema-graph\">{\"@context\":\"https:\/\/schema.org\",\"@graph\":[{\"@type\":\"WebPage\",\"@id\":\"https:\/\/oftalmedic.es\/en\/ocular-surface\/patologias\/\",\"url\":\"https:\/\/oftalmedic.es\/en\/ocular-surface\/patologias\/\",\"name\":\"Ocular surface pathologies | Salv\u00e0 Ophthalmology Clinic\",\"isPartOf\":{\"@id\":\"https:\/\/oftalmedic.es\/en\/#website\"},\"primaryImageOfPage\":{\"@id\":\"https:\/\/oftalmedic.es\/en\/ocular-surface\/patologias\/#primaryimage\"},\"image\":{\"@id\":\"https:\/\/oftalmedic.es\/en\/ocular-surface\/patologias\/#primaryimage\"},\"thumbnailUrl\":\"https:\/\/oftalmedic.es\/wp-content\/uploads\/2018\/12\/Superficieocular-especialidad.jpg\",\"datePublished\":\"2025-06-25T08:23:59+00:00\",\"dateModified\":\"2025-07-02T12:17:13+00:00\",\"description\":\"Pathologies of the ocular surface and cornea. Consult with the team of specialists at the Salv\u00e0 eye clinic in Mallorca.\",\"breadcrumb\":{\"@id\":\"https:\/\/oftalmedic.es\/en\/ocular-surface\/patologias\/#breadcrumb\"},\"inLanguage\":\"en-US\",\"potentialAction\":[{\"@type\":\"ReadAction\",\"target\":[\"https:\/\/oftalmedic.es\/en\/ocular-surface\/patologias\/\"]}]},{\"@type\":\"ImageObject\",\"inLanguage\":\"en-US\",\"@id\":\"https:\/\/oftalmedic.es\/en\/ocular-surface\/patologias\/#primaryimage\",\"url\":\"https:\/\/oftalmedic.es\/wp-content\/uploads\/2018\/12\/Superficieocular-especialidad.jpg\",\"contentUrl\":\"https:\/\/oftalmedic.es\/wp-content\/uploads\/2018\/12\/Superficieocular-especialidad.jpg\",\"width\":369,\"height\":302,\"caption\":\"patolog\u00edas SUPERFICIE OCULAR Y C\u00d3RNEA\"},{\"@type\":\"BreadcrumbList\",\"@id\":\"https:\/\/oftalmedic.es\/en\/ocular-surface\/patologias\/#breadcrumb\",\"itemListElement\":[{\"@type\":\"ListItem\",\"position\":1,\"name\":\"Portada\",\"item\":\"https:\/\/oftalmedic.es\/en\/\"},{\"@type\":\"ListItem\",\"position\":2,\"name\":\"Ocular surface\",\"item\":\"https:\/\/oftalmedic.es\/en\/ocular-surface\/\"},{\"@type\":\"ListItem\",\"position\":3,\"name\":\"Ocular surface and corneal pathologies\"}]},{\"@type\":\"WebSite\",\"@id\":\"https:\/\/oftalmedic.es\/en\/#website\",\"url\":\"https:\/\/oftalmedic.es\/en\/\",\"name\":\"Oftalmedic Salv\u00e1\",\"description\":\"Red de cl\u00ednicas oftalmol\u00f3gicas de referencia en Baleares. Pionera en tecnolog\u00eda l\u00e1ser para cirug\u00eda de cataratas y correcci\u00f3n de la miop\u00eda, hipermetrop\u00eda, astigmatismo y presbicia o vista cansada.\",\"publisher\":{\"@id\":\"https:\/\/oftalmedic.es\/en\/#organization\"},\"potentialAction\":[{\"@type\":\"SearchAction\",\"target\":{\"@type\":\"EntryPoint\",\"urlTemplate\":\"https:\/\/oftalmedic.es\/en\/?s={search_term_string}\"},\"query-input\":{\"@type\":\"PropertyValueSpecification\",\"valueRequired\":true,\"valueName\":\"search_term_string\"}}],\"inLanguage\":\"en-US\"},{\"@type\":\"Organization\",\"@id\":\"https:\/\/oftalmedic.es\/en\/#organization\",\"name\":\"[wpseo_titles]company_Nombre\",\"url\":\"https:\/\/oftalmedic.es\/en\/\",\"logo\":{\"@type\":\"ImageObject\",\"inLanguage\":\"en-US\",\"@id\":\"https:\/\/oftalmedic.es\/en\/#\/schema\/logo\/image\/\",\"url\":\"https:\/\/oftalmedic.es\/wp-content\/uploads\/2018\/06\/logo-oftalmedic.png\",\"contentUrl\":\"https:\/\/oftalmedic.es\/wp-content\/uploads\/2018\/06\/logo-oftalmedic.png\",\"width\":200,\"height\":58,\"caption\":\"[wpseo_titles]company_Nombre\"},\"image\":{\"@id\":\"https:\/\/oftalmedic.es\/en\/#\/schema\/logo\/image\/\"},\"sameAs\":[\"https:\/\/www.facebook.com\/OftalmedicSalva\/\",\"https:\/\/x.com\/OftalmedicSalva\",\"https:\/\/www.instagram.com\/oftalmedic_salva\",\"https:\/\/www.youtube.com\/channel\/UCWrAdUQk6ZmrfVUqBwX0cug\",\"https:\/\/www.linkedin.com\/company\/oftalmedic-clnica-salv\/\"]}]}<\/script>\n<!-- \/ Yoast SEO plugin. -->","yoast_head_json":{"title":"Ocular surface pathologies | Salv\u00e0 Ophthalmology Clinic","description":"Pathologies of the ocular surface and cornea. Consult with the team of specialists at the Salv\u00e0 eye clinic in Mallorca.","robots":{"index":"index","follow":"follow","max-snippet":"max-snippet:-1","max-image-preview":"max-image-preview:large","max-video-preview":"max-video-preview:-1"},"canonical":"https:\/\/oftalmedic.es\/en\/ocular-surface\/patologias\/","og_locale":"en_US","og_type":"article","og_title":"Ocular surface pathologies | Salv\u00e0 Ophthalmology Clinic","og_description":"Pathologies of the ocular surface and cornea. Consult with the team of specialists at the Salv\u00e0 eye clinic in Mallorca.","og_url":"https:\/\/oftalmedic.es\/en\/ocular-surface\/patologias\/","og_site_name":"Oftalmedic Salv\u00e1","article_publisher":"https:\/\/www.facebook.com\/OftalmedicSalva\/","article_modified_time":"2025-07-02T12:17:13+00:00","og_image":[{"width":369,"height":302,"url":"https:\/\/oftalmedic.es\/wp-content\/uploads\/2018\/12\/Superficieocular-especialidad.jpg","type":"image\/jpeg"}],"twitter_card":"summary_large_image","twitter_site":"@OftalmedicSalva","twitter_misc":{"Est. reading time":"5 minutes"},"schema":{"@context":"https:\/\/schema.org","@graph":[{"@type":"WebPage","@id":"https:\/\/oftalmedic.es\/en\/ocular-surface\/patologias\/","url":"https:\/\/oftalmedic.es\/en\/ocular-surface\/patologias\/","name":"Ocular surface pathologies | Salv\u00e0 Ophthalmology Clinic","isPartOf":{"@id":"https:\/\/oftalmedic.es\/en\/#website"},"primaryImageOfPage":{"@id":"https:\/\/oftalmedic.es\/en\/ocular-surface\/patologias\/#primaryimage"},"image":{"@id":"https:\/\/oftalmedic.es\/en\/ocular-surface\/patologias\/#primaryimage"},"thumbnailUrl":"https:\/\/oftalmedic.es\/wp-content\/uploads\/2018\/12\/Superficieocular-especialidad.jpg","datePublished":"2025-06-25T08:23:59+00:00","dateModified":"2025-07-02T12:17:13+00:00","description":"Pathologies of the ocular surface and cornea. Consult with the team of specialists at the Salv\u00e0 eye clinic in Mallorca.","breadcrumb":{"@id":"https:\/\/oftalmedic.es\/en\/ocular-surface\/patologias\/#breadcrumb"},"inLanguage":"en-US","potentialAction":[{"@type":"ReadAction","target":["https:\/\/oftalmedic.es\/en\/ocular-surface\/patologias\/"]}]},{"@type":"ImageObject","inLanguage":"en-US","@id":"https:\/\/oftalmedic.es\/en\/ocular-surface\/patologias\/#primaryimage","url":"https:\/\/oftalmedic.es\/wp-content\/uploads\/2018\/12\/Superficieocular-especialidad.jpg","contentUrl":"https:\/\/oftalmedic.es\/wp-content\/uploads\/2018\/12\/Superficieocular-especialidad.jpg","width":369,"height":302,"caption":"patolog\u00edas SUPERFICIE OCULAR Y C\u00d3RNEA"},{"@type":"BreadcrumbList","@id":"https:\/\/oftalmedic.es\/en\/ocular-surface\/patologias\/#breadcrumb","itemListElement":[{"@type":"ListItem","position":1,"name":"Portada","item":"https:\/\/oftalmedic.es\/en\/"},{"@type":"ListItem","position":2,"name":"Ocular surface","item":"https:\/\/oftalmedic.es\/en\/ocular-surface\/"},{"@type":"ListItem","position":3,"name":"Ocular surface and corneal pathologies"}]},{"@type":"WebSite","@id":"https:\/\/oftalmedic.es\/en\/#website","url":"https:\/\/oftalmedic.es\/en\/","name":"Oftalmedic Salv\u00e1","description":"Red de cl\u00ednicas oftalmol\u00f3gicas de referencia en Baleares. Pionera en tecnolog\u00eda l\u00e1ser para cirug\u00eda de cataratas y correcci\u00f3n de la miop\u00eda, hipermetrop\u00eda, astigmatismo y presbicia o vista cansada.","publisher":{"@id":"https:\/\/oftalmedic.es\/en\/#organization"},"potentialAction":[{"@type":"SearchAction","target":{"@type":"EntryPoint","urlTemplate":"https:\/\/oftalmedic.es\/en\/?s={search_term_string}"},"query-input":{"@type":"PropertyValueSpecification","valueRequired":true,"valueName":"search_term_string"}}],"inLanguage":"en-US"},{"@type":"Organization","@id":"https:\/\/oftalmedic.es\/en\/#organization","name":"[wpseo_titles]company_Nombre","url":"https:\/\/oftalmedic.es\/en\/","logo":{"@type":"ImageObject","inLanguage":"en-US","@id":"https:\/\/oftalmedic.es\/en\/#\/schema\/logo\/image\/","url":"https:\/\/oftalmedic.es\/wp-content\/uploads\/2018\/06\/logo-oftalmedic.png","contentUrl":"https:\/\/oftalmedic.es\/wp-content\/uploads\/2018\/06\/logo-oftalmedic.png","width":200,"height":58,"caption":"[wpseo_titles]company_Nombre"},"image":{"@id":"https:\/\/oftalmedic.es\/en\/#\/schema\/logo\/image\/"},"sameAs":["https:\/\/www.facebook.com\/OftalmedicSalva\/","https:\/\/x.com\/OftalmedicSalva","https:\/\/www.instagram.com\/oftalmedic_salva","https:\/\/www.youtube.com\/channel\/UCWrAdUQk6ZmrfVUqBwX0cug","https:\/\/www.linkedin.com\/company\/oftalmedic-clnica-salv\/"]}]}},"_links":{"self":[{"href":"https:\/\/oftalmedic.es\/en\/wp-json\/wp\/v2\/pages\/10697","targetHints":{"allow":["GET"]}}],"collection":[{"href":"https:\/\/oftalmedic.es\/en\/wp-json\/wp\/v2\/pages"}],"about":[{"href":"https:\/\/oftalmedic.es\/en\/wp-json\/wp\/v2\/types\/page"}],"author":[{"embeddable":true,"href":"https:\/\/oftalmedic.es\/en\/wp-json\/wp\/v2\/users\/2"}],"replies":[{"embeddable":true,"href":"https:\/\/oftalmedic.es\/en\/wp-json\/wp\/v2\/comments?post=10697"}],"version-history":[{"count":0,"href":"https:\/\/oftalmedic.es\/en\/wp-json\/wp\/v2\/pages\/10697\/revisions"}],"up":[{"embeddable":true,"href":"https:\/\/oftalmedic.es\/en\/wp-json\/wp\/v2\/pages\/11313"}],"wp:featuredmedia":[{"embeddable":true,"href":"https:\/\/oftalmedic.es\/en\/wp-json\/wp\/v2\/media\/4679"}],"wp:attachment":[{"href":"https:\/\/oftalmedic.es\/en\/wp-json\/wp\/v2\/media?parent=10697"}],"curies":[{"name":"wp","href":"https:\/\/api.w.org\/{rel}","templated":true}]}}