{"id":11512,"date":"2025-07-04T16:23:31","date_gmt":"2025-07-04T16:23:31","guid":{"rendered":"https:\/\/oftalmedic.rwdesarrollos.es\/team\/dr-francisco-javier-montanez-campos\/"},"modified":"2025-07-04T16:23:32","modified_gmt":"2025-07-04T16:23:32","slug":"dr-francisco-javier-montanez-campos","status":"publish","type":"page","link":"https:\/\/oftalmedic.es\/en\/equipo\/dr-francisco-javier-montanez-campos\/","title":{"rendered":"Dr. Francisco Javier Mont\u00e1\u00f1ez Campos"},"content":{"rendered":"[vc_row type=&#8221;in_container&#8221; full_screen_row_position=&#8221;middle&#8221; column_margin=&#8221;default&#8221; column_direction=&#8221;default&#8221; column_direction_tablet=&#8221;default&#8221; column_direction_phone=&#8221;default&#8221; scene_position=&#8221;center&#8221; bottom_padding=&#8221;30&#8243; text_color=&#8221;dark&#8221; text_align=&#8221;left&#8221; row_border_radius=&#8221;none&#8221; row_border_radius_applies=&#8221;bg&#8221; overlay_strength=&#8221;0.3&#8243; gradient_direction=&#8221;left_to_right&#8221; shape_divider_position=&#8221;bottom&#8221; bg_image_animation=&#8221;none&#8221; shape_type=&#8221;&#8221;][vc_column column_padding=&#8221;no-extra-padding&#8221; column_padding_tablet=&#8221;inherit&#8221; column_padding_phone=&#8221;inherit&#8221; column_padding_position=&#8221;all&#8221; column_element_spacing=&#8221;default&#8221; background_color_opacity=&#8221;1&#8243; background_hover_color_opacity=&#8221;1&#8243; column_shadow=&#8221;none&#8221; column_border_radius=&#8221;none&#8221; column_link_target=&#8221;_self&#8221; gradient_direction=&#8221;left_to_right&#8221; overlay_strength=&#8221;0.3&#8243; width=&#8221;2\/3&#8243; tablet_width_inherit=&#8221;default&#8221; tablet_text_alignment=&#8221;default&#8221; phone_text_alignment=&#8221;default&#8221; bg_image_animation=&#8221;none&#8221; border_type=&#8221;simple&#8221; column_border_width=&#8221;none&#8221; column_border_style=&#8221;solid&#8221;][vc_row_inner column_margin=&#8221;default&#8221; column_direction=&#8221;default&#8221; column_direction_tablet=&#8221;default&#8221; column_direction_phone=&#8221;default&#8221; text_align=&#8221;left&#8221;][vc_column_inner column_padding=&#8221;no-extra-padding&#8221; column_padding_tablet=&#8221;inherit&#8221; column_padding_phone=&#8221;inherit&#8221; column_padding_position=&#8221;all&#8221; column_element_spacing=&#8221;default&#8221; background_color_opacity=&#8221;1&#8243; background_hover_color_opacity=&#8221;1&#8243; column_shadow=&#8221;none&#8221; column_border_radius=&#8221;none&#8221; column_link_target=&#8221;_self&#8221; gradient_direction=&#8221;left_to_right&#8221; overlay_strength=&#8221;0.3&#8243; width=&#8221;1\/3&#8243; tablet_width_inherit=&#8221;default&#8221; bg_image_animation=&#8221;none&#8221; border_type=&#8221;simple&#8221; column_border_width=&#8221;none&#8221; column_border_style=&#8221;solid&#8221;][image_with_animation image_url=&#8221;4921&#8243; animation=&#8221;Fade In&#8221; hover_animation=&#8221;none&#8221; alignment=&#8221;&#8221; border_radius=&#8221;none&#8221; box_shadow=&#8221;none&#8221; image_loading=&#8221;default&#8221; max_width=&#8221;100%&#8221; max_width_mobile=&#8221;default&#8221;][\/vc_column_inner][vc_column_inner column_padding=&#8221;no-extra-padding&#8221; column_padding_tablet=&#8221;inherit&#8221; column_padding_phone=&#8221;inherit&#8221; column_padding_position=&#8221;all&#8221; column_element_spacing=&#8221;default&#8221; background_color_opacity=&#8221;1&#8243; background_hover_color_opacity=&#8221;1&#8243; column_shadow=&#8221;none&#8221; column_border_radius=&#8221;none&#8221; column_link_target=&#8221;_self&#8221; gradient_direction=&#8221;left_to_right&#8221; overlay_strength=&#8221;0.3&#8243; width=&#8221;2\/3&#8243; tablet_width_inherit=&#8221;default&#8221; bg_image_animation=&#8221;none&#8221; border_type=&#8221;simple&#8221; column_border_width=&#8221;none&#8221; column_border_style=&#8221;solid&#8221;][vc_column_text]\n<h1>Dr. Francisco Javier Mont\u00e1\u00f1ez Campos<\/h1>\n<p>Professional association number: 070706507[\/vc_column_text][divider line_type=&#8221;Small Line&#8221; line_alignment=&#8221;default&#8221; line_thickness=&#8221;4&#8243; divider_color=&#8221;default&#8221; animate=&#8221;yes&#8221; custom_height=&#8221;30&#8243;][vc_column_text]\n<h5>Qualifications and training<\/h5>\n<ul>\n<li>Bachelor&#8217;s Degree in Medicine and Surgery from the Autonomous University of Barcelona (UAB), 2000.<\/li>\n<li>Specialist in Ophthalmology via MIR at Son Dureta University Hospital (Palma de Mallorca), 2005. External training rotation at the IOBA Institute of Applied Ophthalmobiology (University of Valladolid), 2004. <\/li>\n<li>Doctoral studies at the Autonomous University of Barcelona (UAB) program, 2003\u20132005.<\/li>\n<li>Diploma of Advanced Studies (DEA) with honors from the University of Alcal\u00e1 UAH (Madrid) and attainment of Research Proficiency, 2006.<\/li>\n<li>University Specialist in Hospital and Health Services Management and Organization from the Polytechnic University of Valencia (UPV), 2009-2011.<\/li>\n<li>Master&#8217;s Degree in Health Law from the University of the Balearic Islands (UIB), 2012-2013.<\/li>\n<li>Doctorate with honors from the University of Alcal\u00e1 UAH (Madrid), 2015.<\/li>\n<\/ul>\n<h5>Career history<\/h5>\n<ul>\n<li>Ophthalmologist at Oftalmedic Salv\u00e0 since 2012.<\/li>\n<li>Assistant Physician in the Ophthalmology Department (Strabismus-Pediatric Ophthalmology and Neuro-Ophthalmology Section) at Son Espases University Hospital and Son Dureta University Hospital (Palma de Mallorca) since 2006.<\/li>\n<\/ul>\n<h5>Scientific activities<\/h5>\n<ul>\n<li>Tutor in the Ophthalmology Department (Strabismus and Neuro-ophthalmology Section) at Son Espases University Hospital since 2015 and co-tutor for family medicine interns and residents since 2005.<\/li>\n<\/ul>\n<h5>Other information of interest<\/h5>\n<ul>\n<li>2016 Dami\u00e0 Carb\u00f3 Award from the Official College of Physicians of the Balearic Islands for the research work \u201cImplications of the innate immune system in retinopathy in vitrectomized patients.\u201d<\/li>\n<\/ul>\n<h5>Languages<\/h5>\n<p>Spanish, English.[\/vc_column_text][nectar_btn size=&#8221;small&#8221; button_style=&#8221;regular&#8221; button_color_2=&#8221;Accent-Color&#8221; icon_family=&#8221;none&#8221; url=&#8221;\/equipo\/&#8221; text=&#8221;MEDICAL TEAM&#8221; margin_top=&#8221;30px&#8221;][\/vc_column_inner][\/vc_row_inner][\/vc_column][vc_column column_padding=&#8221;padding-2-percent&#8221; column_padding_tablet=&#8221;inherit&#8221; column_padding_phone=&#8221;inherit&#8221; column_padding_position=&#8221;left-right&#8221; column_element_spacing=&#8221;default&#8221; background_color_opacity=&#8221;1&#8243; background_hover_color_opacity=&#8221;1&#8243; column_shadow=&#8221;none&#8221; column_border_radius=&#8221;none&#8221; column_link_target=&#8221;_self&#8221; gradient_direction=&#8221;left_to_right&#8221; overlay_strength=&#8221;0.3&#8243; width=&#8221;1\/3&#8243; tablet_width_inherit=&#8221;default&#8221; tablet_text_alignment=&#8221;default&#8221; phone_text_alignment=&#8221;default&#8221; bg_image_animation=&#8221;none&#8221; border_type=&#8221;simple&#8221; column_border_width=&#8221;none&#8221; column_border_style=&#8221;solid&#8221;][vc_column_text css=&#8221;.vc_custom_1642767597525{padding-top: 20px !important;padding-right: 20px !important;padding-bottom: 20px !important;padding-left: 20px !important;background-color: #f8f8f8 !important;}&#8221;]\n<h5><strong>Specialist in<\/strong><\/h5>\n<ul>\n<li><a href=\"https:\/\/oftalmedic.es\/en\/pediatric-ophthalmology\/\" target=\"_blank\" rel=\"noopener\">Pediatric ophthalmology<\/a><\/li>\n<li>Strabismus<\/li>\n<li>Pediatric neuro-ophthalmology<\/li>\n<\/ul>\n[\/vc_column_text][divider line_type=&#8221;No Line&#8221;][\/vc_column][\/vc_row]\n","protected":false},"excerpt":{"rendered":"<p>[vc_row type=&#8221;in_container&#8221; full_screen_row_position=&#8221;middle&#8221; column_margin=&#8221;default&#8221; column_direction=&#8221;default&#8221; column_direction_tablet=&#8221;default&#8221; column_direction_phone=&#8221;default&#8221; scene_position=&#8221;center&#8221; bottom_padding=&#8221;30&#8243; text_color=&#8221;dark&#8221; text_align=&#8221;left&#8221; row_border_radius=&#8221;none&#8221; row_border_radius_applies=&#8221;bg&#8221; overlay_strength=&#8221;0.3&#8243; gradient_direction=&#8221;left_to_right&#8221; shape_divider_position=&#8221;bottom&#8221; bg_image_animation=&#8221;none&#8221; shape_type=&#8221;&#8221;][vc_column column_padding=&#8221;no-extra-padding&#8221; column_padding_tablet=&#8221;inherit&#8221; column_padding_phone=&#8221;inherit&#8221; column_padding_position=&#8221;all&#8221; column_element_spacing=&#8221;default&#8221; background_color_opacity=&#8221;1&#8243; background_hover_color_opacity=&#8221;1&#8243; column_shadow=&#8221;none&#8221; column_border_radius=&#8221;none&#8221; column_link_target=&#8221;_self&#8221; gradient_direction=&#8221;left_to_right&#8221; overlay_strength=&#8221;0.3&#8243; width=&#8221;2\/3&#8243; tablet_width_inherit=&#8221;default&#8221; tablet_text_alignment=&#8221;default&#8221; phone_text_alignment=&#8221;default&#8221; bg_image_animation=&#8221;none&#8221; border_type=&#8221;simple&#8221; column_border_width=&#8221;none&#8221; column_border_style=&#8221;solid&#8221;][vc_row_inner column_margin=&#8221;default&#8221; column_direction=&#8221;default&#8221; column_direction_tablet=&#8221;default&#8221; column_direction_phone=&#8221;default&#8221; text_align=&#8221;left&#8221;][vc_column_inner column_padding=&#8221;no-extra-padding&#8221; column_padding_tablet=&#8221;inherit&#8221; column_padding_phone=&#8221;inherit&#8221; column_padding_position=&#8221;all&#8221; column_element_spacing=&#8221;default&#8221; background_color_opacity=&#8221;1&#8243; background_hover_color_opacity=&#8221;1&#8243; column_shadow=&#8221;none&#8221; column_border_radius=&#8221;none&#8221; column_link_target=&#8221;_self&#8221; gradient_direction=&#8221;left_to_right&#8221; overlay_strength=&#8221;0.3&#8243; width=&#8221;1\/3&#8243; tablet_width_inherit=&#8221;default&#8221; bg_image_animation=&#8221;none&#8221; border_type=&#8221;simple&#8221; column_border_width=&#8221;none&#8221;&#8230;<\/p>\n","protected":false},"author":2,"featured_media":0,"parent":12433,"menu_order":0,"comment_status":"closed","ping_status":"closed","template":"","meta":{"footnotes":""},"class_list":["post-11512","page","type-page","status-publish"],"yoast_head":"<!-- This site is optimized with the Yoast SEO plugin v27.1.1 - https:\/\/yoast.com\/product\/yoast-seo-wordpress\/ -->\n<title>Dr Francisco Javier Mont\u00e1\u00f1ez | Pediatric Neuro-ophthalmology Palma<\/title>\n<meta name=\"description\" content=\"Dr. Francisco Javier Mont\u00e1\u00f1ez Campos. Specialist in pediatric ophthalmology, strabismus, and pediatric neuro-ophthalmology at Oftalmedic Salv\u00e0.\" \/>\n<meta name=\"robots\" content=\"index, follow, max-snippet:-1, max-image-preview:large, max-video-preview:-1\" \/>\n<link rel=\"canonical\" href=\"https:\/\/oftalmedic.es\/en\/equipo\/dr-francisco-javier-montanez-campos\/\" \/>\n<meta property=\"og:locale\" content=\"en_US\" \/>\n<meta property=\"og:type\" content=\"article\" \/>\n<meta property=\"og:title\" content=\"Dr Francisco Javier Mont\u00e1\u00f1ez | Pediatric Neuro-ophthalmology Palma\" \/>\n<meta property=\"og:description\" content=\"Dr. Francisco Javier Mont\u00e1\u00f1ez Campos. Specialist in pediatric ophthalmology, strabismus, and pediatric neuro-ophthalmology at Oftalmedic Salv\u00e0.\" \/>\n<meta property=\"og:url\" content=\"https:\/\/oftalmedic.es\/en\/equipo\/dr-francisco-javier-montanez-campos\/\" \/>\n<meta property=\"og:site_name\" content=\"Oftalmedic Salv\u00e1\" \/>\n<meta property=\"article:publisher\" content=\"https:\/\/www.facebook.com\/OftalmedicSalva\/\" \/>\n<meta property=\"article:modified_time\" content=\"2025-07-04T16:23:32+00:00\" \/>\n<meta name=\"twitter:card\" content=\"summary_large_image\" \/>\n<meta name=\"twitter:site\" content=\"@OftalmedicSalva\" \/>\n<meta name=\"twitter:label1\" content=\"Est. reading time\" \/>\n\t<meta name=\"twitter:data1\" content=\"4 minutes\" \/>\n<script type=\"application\/ld+json\" class=\"yoast-schema-graph\">{\"@context\":\"https:\/\/schema.org\",\"@graph\":[{\"@type\":\"WebPage\",\"@id\":\"https:\/\/oftalmedic.es\/en\/equipo\/dr-francisco-javier-montanez-campos\/\",\"url\":\"https:\/\/oftalmedic.es\/en\/equipo\/dr-francisco-javier-montanez-campos\/\",\"name\":\"Dr Francisco Javier Mont\u00e1\u00f1ez | Pediatric Neuro-ophthalmology Palma\",\"isPartOf\":{\"@id\":\"https:\/\/oftalmedic.es\/en\/#website\"},\"datePublished\":\"2025-07-04T16:23:31+00:00\",\"dateModified\":\"2025-07-04T16:23:32+00:00\",\"description\":\"Dr. Francisco Javier Mont\u00e1\u00f1ez Campos. Specialist in pediatric ophthalmology, strabismus, and pediatric neuro-ophthalmology at Oftalmedic Salv\u00e0.\",\"breadcrumb\":{\"@id\":\"https:\/\/oftalmedic.es\/en\/equipo\/dr-francisco-javier-montanez-campos\/#breadcrumb\"},\"inLanguage\":\"en-US\",\"potentialAction\":[{\"@type\":\"ReadAction\",\"target\":[\"https:\/\/oftalmedic.es\/en\/equipo\/dr-francisco-javier-montanez-campos\/\"]}]},{\"@type\":\"BreadcrumbList\",\"@id\":\"https:\/\/oftalmedic.es\/en\/equipo\/dr-francisco-javier-montanez-campos\/#breadcrumb\",\"itemListElement\":[{\"@type\":\"ListItem\",\"position\":1,\"name\":\"Portada\",\"item\":\"https:\/\/oftalmedic.es\/en\/\"},{\"@type\":\"ListItem\",\"position\":2,\"name\":\"Dr. Francisco Javier Mont\u00e1\u00f1ez Campos\"}]},{\"@type\":\"WebSite\",\"@id\":\"https:\/\/oftalmedic.es\/en\/#website\",\"url\":\"https:\/\/oftalmedic.es\/en\/\",\"name\":\"Oftalmedic Salv\u00e1\",\"description\":\"Red de cl\u00ednicas oftalmol\u00f3gicas de referencia en Baleares. Pionera en tecnolog\u00eda l\u00e1ser para cirug\u00eda de cataratas y correcci\u00f3n de la miop\u00eda, hipermetrop\u00eda, astigmatismo y presbicia o vista cansada.\",\"publisher\":{\"@id\":\"https:\/\/oftalmedic.es\/en\/#organization\"},\"potentialAction\":[{\"@type\":\"SearchAction\",\"target\":{\"@type\":\"EntryPoint\",\"urlTemplate\":\"https:\/\/oftalmedic.es\/en\/?s={search_term_string}\"},\"query-input\":{\"@type\":\"PropertyValueSpecification\",\"valueRequired\":true,\"valueName\":\"search_term_string\"}}],\"inLanguage\":\"en-US\"},{\"@type\":\"Organization\",\"@id\":\"https:\/\/oftalmedic.es\/en\/#organization\",\"name\":\"[wpseo_titles]company_Nombre\",\"url\":\"https:\/\/oftalmedic.es\/en\/\",\"logo\":{\"@type\":\"ImageObject\",\"inLanguage\":\"en-US\",\"@id\":\"https:\/\/oftalmedic.es\/en\/#\/schema\/logo\/image\/\",\"url\":\"https:\/\/oftalmedic.es\/wp-content\/uploads\/2018\/06\/logo-oftalmedic.png\",\"contentUrl\":\"https:\/\/oftalmedic.es\/wp-content\/uploads\/2018\/06\/logo-oftalmedic.png\",\"width\":200,\"height\":58,\"caption\":\"[wpseo_titles]company_Nombre\"},\"image\":{\"@id\":\"https:\/\/oftalmedic.es\/en\/#\/schema\/logo\/image\/\"},\"sameAs\":[\"https:\/\/www.facebook.com\/OftalmedicSalva\/\",\"https:\/\/x.com\/OftalmedicSalva\",\"https:\/\/www.instagram.com\/oftalmedic_salva\",\"https:\/\/www.youtube.com\/channel\/UCWrAdUQk6ZmrfVUqBwX0cug\",\"https:\/\/www.linkedin.com\/company\/oftalmedic-clnica-salv\/\"]}]}<\/script>\n<!-- \/ Yoast SEO plugin. -->","yoast_head_json":{"title":"Dr Francisco Javier Mont\u00e1\u00f1ez | Pediatric Neuro-ophthalmology Palma","description":"Dr. Francisco Javier Mont\u00e1\u00f1ez Campos. Specialist in pediatric ophthalmology, strabismus, and pediatric neuro-ophthalmology at Oftalmedic Salv\u00e0.","robots":{"index":"index","follow":"follow","max-snippet":"max-snippet:-1","max-image-preview":"max-image-preview:large","max-video-preview":"max-video-preview:-1"},"canonical":"https:\/\/oftalmedic.es\/en\/equipo\/dr-francisco-javier-montanez-campos\/","og_locale":"en_US","og_type":"article","og_title":"Dr Francisco Javier Mont\u00e1\u00f1ez | Pediatric Neuro-ophthalmology Palma","og_description":"Dr. Francisco Javier Mont\u00e1\u00f1ez Campos. Specialist in pediatric ophthalmology, strabismus, and pediatric neuro-ophthalmology at Oftalmedic Salv\u00e0.","og_url":"https:\/\/oftalmedic.es\/en\/equipo\/dr-francisco-javier-montanez-campos\/","og_site_name":"Oftalmedic Salv\u00e1","article_publisher":"https:\/\/www.facebook.com\/OftalmedicSalva\/","article_modified_time":"2025-07-04T16:23:32+00:00","twitter_card":"summary_large_image","twitter_site":"@OftalmedicSalva","twitter_misc":{"Est. reading time":"4 minutes"},"schema":{"@context":"https:\/\/schema.org","@graph":[{"@type":"WebPage","@id":"https:\/\/oftalmedic.es\/en\/equipo\/dr-francisco-javier-montanez-campos\/","url":"https:\/\/oftalmedic.es\/en\/equipo\/dr-francisco-javier-montanez-campos\/","name":"Dr Francisco Javier Mont\u00e1\u00f1ez | Pediatric Neuro-ophthalmology Palma","isPartOf":{"@id":"https:\/\/oftalmedic.es\/en\/#website"},"datePublished":"2025-07-04T16:23:31+00:00","dateModified":"2025-07-04T16:23:32+00:00","description":"Dr. Francisco Javier Mont\u00e1\u00f1ez Campos. Specialist in pediatric ophthalmology, strabismus, and pediatric neuro-ophthalmology at Oftalmedic Salv\u00e0.","breadcrumb":{"@id":"https:\/\/oftalmedic.es\/en\/equipo\/dr-francisco-javier-montanez-campos\/#breadcrumb"},"inLanguage":"en-US","potentialAction":[{"@type":"ReadAction","target":["https:\/\/oftalmedic.es\/en\/equipo\/dr-francisco-javier-montanez-campos\/"]}]},{"@type":"BreadcrumbList","@id":"https:\/\/oftalmedic.es\/en\/equipo\/dr-francisco-javier-montanez-campos\/#breadcrumb","itemListElement":[{"@type":"ListItem","position":1,"name":"Portada","item":"https:\/\/oftalmedic.es\/en\/"},{"@type":"ListItem","position":2,"name":"Dr. Francisco Javier Mont\u00e1\u00f1ez Campos"}]},{"@type":"WebSite","@id":"https:\/\/oftalmedic.es\/en\/#website","url":"https:\/\/oftalmedic.es\/en\/","name":"Oftalmedic Salv\u00e1","description":"Red de cl\u00ednicas oftalmol\u00f3gicas de referencia en Baleares. Pionera en tecnolog\u00eda l\u00e1ser para cirug\u00eda de cataratas y correcci\u00f3n de la miop\u00eda, hipermetrop\u00eda, astigmatismo y presbicia o vista cansada.","publisher":{"@id":"https:\/\/oftalmedic.es\/en\/#organization"},"potentialAction":[{"@type":"SearchAction","target":{"@type":"EntryPoint","urlTemplate":"https:\/\/oftalmedic.es\/en\/?s={search_term_string}"},"query-input":{"@type":"PropertyValueSpecification","valueRequired":true,"valueName":"search_term_string"}}],"inLanguage":"en-US"},{"@type":"Organization","@id":"https:\/\/oftalmedic.es\/en\/#organization","name":"[wpseo_titles]company_Nombre","url":"https:\/\/oftalmedic.es\/en\/","logo":{"@type":"ImageObject","inLanguage":"en-US","@id":"https:\/\/oftalmedic.es\/en\/#\/schema\/logo\/image\/","url":"https:\/\/oftalmedic.es\/wp-content\/uploads\/2018\/06\/logo-oftalmedic.png","contentUrl":"https:\/\/oftalmedic.es\/wp-content\/uploads\/2018\/06\/logo-oftalmedic.png","width":200,"height":58,"caption":"[wpseo_titles]company_Nombre"},"image":{"@id":"https:\/\/oftalmedic.es\/en\/#\/schema\/logo\/image\/"},"sameAs":["https:\/\/www.facebook.com\/OftalmedicSalva\/","https:\/\/x.com\/OftalmedicSalva","https:\/\/www.instagram.com\/oftalmedic_salva","https:\/\/www.youtube.com\/channel\/UCWrAdUQk6ZmrfVUqBwX0cug","https:\/\/www.linkedin.com\/company\/oftalmedic-clnica-salv\/"]}]}},"_links":{"self":[{"href":"https:\/\/oftalmedic.es\/en\/wp-json\/wp\/v2\/pages\/11512","targetHints":{"allow":["GET"]}}],"collection":[{"href":"https:\/\/oftalmedic.es\/en\/wp-json\/wp\/v2\/pages"}],"about":[{"href":"https:\/\/oftalmedic.es\/en\/wp-json\/wp\/v2\/types\/page"}],"author":[{"embeddable":true,"href":"https:\/\/oftalmedic.es\/en\/wp-json\/wp\/v2\/users\/2"}],"replies":[{"embeddable":true,"href":"https:\/\/oftalmedic.es\/en\/wp-json\/wp\/v2\/comments?post=11512"}],"version-history":[{"count":0,"href":"https:\/\/oftalmedic.es\/en\/wp-json\/wp\/v2\/pages\/11512\/revisions"}],"up":[{"embeddable":true,"href":"https:\/\/oftalmedic.es\/en\/wp-json\/wp\/v2\/pages\/12433"}],"wp:attachment":[{"href":"https:\/\/oftalmedic.es\/en\/wp-json\/wp\/v2\/media?parent=11512"}],"curies":[{"name":"wp","href":"https:\/\/api.w.org\/{rel}","templated":true}]}}