{"id":11515,"date":"2025-07-07T06:04:01","date_gmt":"2025-07-07T06:04:01","guid":{"rendered":"https:\/\/oftalmedic.rwdesarrollos.es\/team\/dr-jeroni-fiol-mir\/"},"modified":"2025-11-07T11:03:29","modified_gmt":"2025-11-07T11:03:29","slug":"dr-jeroni-fiol-mir","status":"publish","type":"page","link":"https:\/\/oftalmedic.es\/en\/equipo\/dr-jeroni-fiol-mir\/","title":{"rendered":"Dr. Jeroni Fiol Mir"},"content":{"rendered":"[vc_row type=&#8221;in_container&#8221; full_screen_row_position=&#8221;middle&#8221; column_margin=&#8221;default&#8221; column_direction=&#8221;default&#8221; column_direction_tablet=&#8221;default&#8221; column_direction_phone=&#8221;default&#8221; scene_position=&#8221;center&#8221; bottom_padding=&#8221;30&#8243; text_color=&#8221;dark&#8221; text_align=&#8221;left&#8221; row_border_radius=&#8221;none&#8221; row_border_radius_applies=&#8221;bg&#8221; overflow=&#8221;visible&#8221; overlay_strength=&#8221;0.3&#8243; gradient_direction=&#8221;left_to_right&#8221; shape_divider_position=&#8221;bottom&#8221; bg_image_animation=&#8221;none&#8221; shape_type=&#8221;&#8221;][vc_column column_padding=&#8221;no-extra-padding&#8221; column_padding_tablet=&#8221;inherit&#8221; column_padding_phone=&#8221;inherit&#8221; column_padding_position=&#8221;all&#8221; column_element_direction_desktop=&#8221;default&#8221; column_element_spacing=&#8221;default&#8221; desktop_text_alignment=&#8221;default&#8221; tablet_text_alignment=&#8221;default&#8221; phone_text_alignment=&#8221;default&#8221; background_color_opacity=&#8221;1&#8243; background_hover_color_opacity=&#8221;1&#8243; column_backdrop_filter=&#8221;none&#8221; column_shadow=&#8221;none&#8221; column_border_radius=&#8221;none&#8221; column_link_target=&#8221;_self&#8221; column_position=&#8221;default&#8221; gradient_direction=&#8221;left_to_right&#8221; overlay_strength=&#8221;0.3&#8243; width=&#8221;2\/3&#8243; tablet_width_inherit=&#8221;default&#8221; animation_type=&#8221;default&#8221; bg_image_animation=&#8221;none&#8221; border_type=&#8221;simple&#8221; column_border_width=&#8221;none&#8221; column_border_style=&#8221;solid&#8221;][vc_row_inner column_margin=&#8221;default&#8221; column_direction=&#8221;default&#8221; column_direction_tablet=&#8221;default&#8221; column_direction_phone=&#8221;default&#8221; text_align=&#8221;left&#8221; row_position=&#8221;default&#8221; row_position_tablet=&#8221;inherit&#8221; row_position_phone=&#8221;inherit&#8221; overflow=&#8221;visible&#8221; pointer_events=&#8221;all&#8221;][vc_column_inner column_padding=&#8221;no-extra-padding&#8221; column_padding_tablet=&#8221;inherit&#8221; column_padding_phone=&#8221;inherit&#8221; column_padding_position=&#8221;all&#8221; column_element_direction_desktop=&#8221;default&#8221; column_element_spacing=&#8221;default&#8221; desktop_text_alignment=&#8221;default&#8221; tablet_text_alignment=&#8221;default&#8221; phone_text_alignment=&#8221;default&#8221; background_color_opacity=&#8221;1&#8243; background_hover_color_opacity=&#8221;1&#8243; column_backdrop_filter=&#8221;none&#8221; column_shadow=&#8221;none&#8221; column_border_radius=&#8221;none&#8221; column_link_target=&#8221;_self&#8221; overflow=&#8221;visible&#8221; gradient_direction=&#8221;left_to_right&#8221; overlay_strength=&#8221;0.3&#8243; width=&#8221;1\/3&#8243; tablet_width_inherit=&#8221;default&#8221; animation_type=&#8221;default&#8221; bg_image_animation=&#8221;none&#8221; border_type=&#8221;simple&#8221; column_border_width=&#8221;none&#8221; column_border_style=&#8221;solid&#8221;][image_with_animation image_url=&#8221;12816&#8243; image_size=&#8221;full&#8221; animation_type=&#8221;entrance&#8221; animation=&#8221;Fade In&#8221; animation_easing=&#8221;default&#8221; animation_movement_type=&#8221;transform_y&#8221; hover_animation=&#8221;none&#8221; alignment=&#8221;&#8221; border_radius=&#8221;none&#8221; box_shadow=&#8221;none&#8221; image_loading=&#8221;default&#8221; max_width=&#8221;100%&#8221; max_width_mobile=&#8221;default&#8221;][\/vc_column_inner][vc_column_inner column_padding=&#8221;no-extra-padding&#8221; column_padding_tablet=&#8221;inherit&#8221; column_padding_phone=&#8221;inherit&#8221; column_padding_position=&#8221;all&#8221; column_element_direction_desktop=&#8221;default&#8221; column_element_spacing=&#8221;default&#8221; desktop_text_alignment=&#8221;default&#8221; tablet_text_alignment=&#8221;default&#8221; phone_text_alignment=&#8221;default&#8221; background_color_opacity=&#8221;1&#8243; background_hover_color_opacity=&#8221;1&#8243; column_backdrop_filter=&#8221;none&#8221; column_shadow=&#8221;none&#8221; column_border_radius=&#8221;none&#8221; column_link_target=&#8221;_self&#8221; overflow=&#8221;visible&#8221; gradient_direction=&#8221;left_to_right&#8221; overlay_strength=&#8221;0.3&#8243; width=&#8221;2\/3&#8243; tablet_width_inherit=&#8221;default&#8221; animation_type=&#8221;default&#8221; bg_image_animation=&#8221;none&#8221; border_type=&#8221;simple&#8221; column_border_width=&#8221;none&#8221; column_border_style=&#8221;solid&#8221;][vc_column_text]\n<h1>Dr. Jeroni Fiol Mir<\/h1>\n<p>Membership number: 070710685[\/vc_column_text][divider line_type=&#8221;Small Line&#8221; line_alignment=&#8221;default&#8221; line_thickness=&#8221;4&#8243; divider_color=&#8221;default&#8221; animate=&#8221;yes&#8221; custom_height=&#8221;30&#8243;][vc_column_text]\n<h5>Education and Training<\/h5>\n<ul>\n<li>Graduated in Medicine from the Universitat Aut\u00f2noma de Barcelona (UAB) and the Hospital de la Santa Creu i Sant Pau, 2017.<\/li>\n<li>Medical Specialist in Ophthalmology via MIR by the Hospital Universitario Son Espases, 2022.<\/li>\n<li>Master&#8217;s Degree in Ophthalmology by CEU San Pablo University, 2019.<\/li>\n<li>University Expert in Ocular Pathologies and Treatment by CEU San Pablo University, 2019.<\/li>\n<li>University Expert in Glaucoma and Pediatric Ocular Pathology by CEU San Pablo University, 2019.<\/li>\n<li>University Expert in Uveitis and Retina by CEU San Pablo University, 2019.<\/li>\n<li>University Expert in Ophthalmologic Surgery by CEU San Pablo University, 2019.<\/li>\n<\/ul>\n<h5>Professional Experience<\/h5>\n<ul>\n<li>Resident Medical Intern in Ophthalmology at Hospital Universitario Son Espases, 2018-2022.<\/li>\n<li>Ophthalmologist at Oftalmedic Salv\u00e0 since 2022.<\/li>\n<\/ul>\n<h5>Scientific Activities<\/h5>\n<ul>\n<li>Fiol MJ, Costa C, Perell\u00f3 J, Brocal M, Druetta N, Amaya De Fruto C, Urdiales A, Millan AR. Evolution of glaucoma at 3 years in patients with XEN45\u00ae type implant. SEG Palma de Mallorca, 2022.  <\/li>\n<li>Fiol MJ, Costa C, Perell\u00f3 J, Brocal M, Druetta N, Amaya De Fruto C, Urdiales A, Millan AR. Three-year glaucoma progression in patients with XEN45\u00ae implant. eXperiENcias. Palma de Mallorca, 2021.<\/li>\n<li>Fiol MJ, Druetta N. Utility of iridotomies in pigmentary dispersion syndrome. SCOFTJOVE. Barcelona, 2021.  <\/li>\n<li>Fiol MJ, Gomez M. Management of endogenous Candida albicans fungal endophthalmitis with intravitreal caspofungin. SCOFTJOVE. On-line, 2021.  <\/li>\n<li>Costa C, Perello J, Amaya M, Fiol MJ. Hypotensive effect of the XEN 45\u00ae type implant in glaucoma surgery, 12-month results. SEG. On-line, 2020.   <\/li>\n<li>Fiol MJ, Gomez M. Management of endogenous Candida albicans fungal endophthalmitis with intravitreal caspofungin. SEO. Madrid, 2019.  <\/li>\n<li>Participation in research project: Registry of corneal infections associated with the use of contact lenses (REGINFECOR-LC).<\/li>\n<li>25th ANNUAL SERV CONGRESS 25th Congress of the Spanish Retina and Vitreous Society, Madrid (2022).<\/li>\n<li>XVI Congress of the Spanish Glaucoma Society, Palma (2022).<\/li>\n<li>eXperiENcEs Palma de Mallorca (2021).<\/li>\n<li>52nd Congress of the Societat Catalana d&#8217;Oftalmologia, Barcelona (2020).<\/li>\n<li>Course XENeration Matar\u00f3 (2021).<\/li>\n<li>XXIV Annual Congress of the SERV, Burgos (2021).<\/li>\n<li>Course of complex cataract surgery in UFV simulators, Madrid (2021).<\/li>\n<li>97th Congress of the Spanish Society of Ophthalmology, 2nd virtual (2021).<\/li>\n<li>Phacoemulsification initiation course. Alcon (2021). <\/li>\n<li>Biomarkers and decision making (2021).<\/li>\n<li>Retina Pursuit. The challenge of AMD. Palma (2021).  <\/li>\n<li>Retina Academy (2021).<\/li>\n<li>Retina Resident Session, Arag\u00f3n (2021).<\/li>\n<li>Balearic Retina Challenge (2021).<\/li>\n<li>RetXpert course (2021).<\/li>\n<li>1st SCOFTJove Congress, virtual (2021).<\/li>\n<li>II Eyetalks Block (2020).<\/li>\n<li>51st Congress of the Catalan Society of Ophthalmology, virtual (2020).<\/li>\n<li>1st Clinical Case Competition on Glaucoma. Esteve Laboratories (2020). <\/li>\n<li>35th SECOIR Congress, virtual (2020).<\/li>\n<li>96th Congress of the Spanish Society of Ophthalmology, 1st Virtual (2020).<\/li>\n<li>Retina Campus Course, virtual (2020).<\/li>\n<li>I Eyetalks Block (2020).<\/li>\n<li>Workshop on Bibliographic Searching in Ophthalmology (2020).<\/li>\n<li>Visionart course, online (2020).<\/li>\n<li>FacoElche 2020 Congress, Alicante (2020).<\/li>\n<li>50th Congress of the Catalan Society of Ophthalmology, Barcelona (2019).<\/li>\n<li>Strabismus 2019. Catalan Health Institute and Joan XXIII University Hospital, Tarragona (2019). <\/li>\n<li>Spanish Macula Club Challenge (2019).<\/li>\n<li>95th Congress of the Spanish Society of Ophthalmology, IFEMA-Madrid Trade Fair (2019).<\/li>\n<li>Introductory course on phacoemulsification. Alcon (2019). <\/li>\n<li>32nd Introductory Course in Ophthalmology. Ram\u00f3n Castroviejo Institute for Ophthalmological Research (2019). <\/li>\n<li>49th Congress of the Catalan Society of Ophthalmology, Barcelona (2018).<\/li>\n<li>Second Neuro-ophthalmology Conference. Son Ll\u00e0tzer Hospital (2018). <\/li>\n<li>Introductory course on phacoemulsification. Alcon (2018). <\/li>\n<li>Introductory course to ophthalmology. Catalan Society of Ophthalmology (2018). <\/li>\n<\/ul>\n<h5>Other information of interest<\/h5>\n<ul>\n<li>Member of the Spanish Society of Ophthalmology (SEO).<\/li>\n<li>Member of the Catalan Society of Ophthalmology (SCOFT).<\/li>\n<\/ul>\n<h5>Languages<\/h5>\n<p>Spanish, Catalan, English.[\/vc_column_text][nectar_btn size=&#8221;small&#8221; button_style=&#8221;regular&#8221; button_color_2=&#8221;Accent-Color&#8221; icon_family=&#8221;none&#8221; url=&#8221;\/equipo\/&#8221; text=&#8221;MEDICAL TEAM&#8221; margin_top=&#8221;30px&#8221;][\/vc_column_inner][\/vc_row_inner][\/vc_column][vc_column column_padding=&#8221;padding-2-percent&#8221; column_padding_tablet=&#8221;inherit&#8221; column_padding_phone=&#8221;inherit&#8221; column_padding_position=&#8221;left-right&#8221; column_element_direction_desktop=&#8221;default&#8221; column_element_spacing=&#8221;default&#8221; desktop_text_alignment=&#8221;default&#8221; tablet_text_alignment=&#8221;default&#8221; phone_text_alignment=&#8221;default&#8221; background_color_opacity=&#8221;1&#8243; background_hover_color_opacity=&#8221;1&#8243; column_backdrop_filter=&#8221;none&#8221; column_shadow=&#8221;none&#8221; column_border_radius=&#8221;none&#8221; column_link_target=&#8221;_self&#8221; column_position=&#8221;default&#8221; gradient_direction=&#8221;left_to_right&#8221; overlay_strength=&#8221;0.3&#8243; width=&#8221;1\/3&#8243; tablet_width_inherit=&#8221;default&#8221; animation_type=&#8221;default&#8221; bg_image_animation=&#8221;none&#8221; border_type=&#8221;simple&#8221; column_border_width=&#8221;none&#8221; column_border_style=&#8221;solid&#8221;][vc_column_text css=&#8221;.vc_custom_1762512798357{padding-top: 20px !important;padding-right: 20px !important;padding-bottom: 20px !important;padding-left: 20px !important;background-color: #f8f8f8 !important;}&#8221;]\n<h5><strong>Specialist in <\/strong><\/h5>\n<ul>\n<li><a href=\"https:\/\/oftalmedic.es\/en\/oftalmologia-general\/\" target=\"_blank\" rel=\"noopener\">General Ophthalmology<\/a><\/li>\n<li><a href=\"https:\/\/oftalmedic.es\/en\/cataratas\/\" target=\"_blank\" rel=\"noopener\">Cataract treatment<\/a><\/li>\n<\/ul>\n[\/vc_column_text][divider line_type=&#8221;No Line&#8221;][\/vc_column][\/vc_row]\n","protected":false},"excerpt":{"rendered":"<p>[vc_row type=&#8221;in_container&#8221; full_screen_row_position=&#8221;middle&#8221; column_margin=&#8221;default&#8221; column_direction=&#8221;default&#8221; column_direction_tablet=&#8221;default&#8221; column_direction_phone=&#8221;default&#8221; scene_position=&#8221;center&#8221; bottom_padding=&#8221;30&#8243; text_color=&#8221;dark&#8221; text_align=&#8221;left&#8221; row_border_radius=&#8221;none&#8221; row_border_radius_applies=&#8221;bg&#8221; overflow=&#8221;visible&#8221; overlay_strength=&#8221;0.3&#8243; gradient_direction=&#8221;left_to_right&#8221; shape_divider_position=&#8221;bottom&#8221; bg_image_animation=&#8221;none&#8221; shape_type=&#8221;&#8221;][vc_column column_padding=&#8221;no-extra-padding&#8221; column_padding_tablet=&#8221;inherit&#8221; column_padding_phone=&#8221;inherit&#8221; column_padding_position=&#8221;all&#8221; column_element_direction_desktop=&#8221;default&#8221; column_element_spacing=&#8221;default&#8221; desktop_text_alignment=&#8221;default&#8221; tablet_text_alignment=&#8221;default&#8221; phone_text_alignment=&#8221;default&#8221; background_color_opacity=&#8221;1&#8243; background_hover_color_opacity=&#8221;1&#8243; column_backdrop_filter=&#8221;none&#8221; column_shadow=&#8221;none&#8221; column_border_radius=&#8221;none&#8221; column_link_target=&#8221;_self&#8221; column_position=&#8221;default&#8221; gradient_direction=&#8221;left_to_right&#8221; overlay_strength=&#8221;0.3&#8243; width=&#8221;2\/3&#8243; tablet_width_inherit=&#8221;default&#8221; animation_type=&#8221;default&#8221; bg_image_animation=&#8221;none&#8221; border_type=&#8221;simple&#8221; column_border_width=&#8221;none&#8221; column_border_style=&#8221;solid&#8221;][vc_row_inner column_margin=&#8221;default&#8221; column_direction=&#8221;default&#8221; column_direction_tablet=&#8221;default&#8221; column_direction_phone=&#8221;default&#8221; text_align=&#8221;left&#8221; row_position=&#8221;default&#8221; row_position_tablet=&#8221;inherit&#8221; row_position_phone=&#8221;inherit&#8221; overflow=&#8221;visible&#8221; pointer_events=&#8221;all&#8221;][vc_column_inner column_padding=&#8221;no-extra-padding&#8221; column_padding_tablet=&#8221;inherit&#8221; column_padding_phone=&#8221;inherit&#8221; column_padding_position=&#8221;all&#8221; column_element_direction_desktop=&#8221;default&#8221; column_element_spacing=&#8221;default&#8221;&#8230;<\/p>\n","protected":false},"author":5,"featured_media":0,"parent":12433,"menu_order":0,"comment_status":"closed","ping_status":"closed","template":"","meta":{"footnotes":""},"class_list":["post-11515","page","type-page","status-publish"],"yoast_head":"<!-- This site is optimized with the Yoast SEO plugin v27.1.1 - https:\/\/yoast.com\/product\/yoast-seo-wordpress\/ -->\n<title>Dr. Jeroni Fiol Mir | General Ophthalmology | Oftalmedic Salv\u00e0<\/title>\n<meta name=\"description\" content=\"Dr. Jeroni Fiol Mir. Specialist in general ophthalmology in Palma de Mallorca. Ophthalmologist at Oftalmedic Salv\u00e0.\" \/>\n<meta name=\"robots\" content=\"index, follow, max-snippet:-1, max-image-preview:large, max-video-preview:-1\" \/>\n<link rel=\"canonical\" href=\"https:\/\/oftalmedic.es\/en\/equipo\/dr-jeroni-fiol-mir\/\" \/>\n<meta property=\"og:locale\" content=\"en_US\" \/>\n<meta property=\"og:type\" content=\"article\" \/>\n<meta property=\"og:title\" content=\"Dr. Jeroni Fiol Mir | General Ophthalmology | Oftalmedic Salv\u00e0\" \/>\n<meta property=\"og:description\" content=\"Dr. Jeroni Fiol Mir. Specialist in general ophthalmology in Palma de Mallorca. Ophthalmologist at Oftalmedic Salv\u00e0.\" \/>\n<meta property=\"og:url\" content=\"https:\/\/oftalmedic.es\/en\/equipo\/dr-jeroni-fiol-mir\/\" \/>\n<meta property=\"og:site_name\" content=\"Oftalmedic Salv\u00e1\" \/>\n<meta property=\"article:publisher\" content=\"https:\/\/www.facebook.com\/OftalmedicSalva\/\" \/>\n<meta property=\"article:modified_time\" content=\"2025-11-07T11:03:29+00:00\" \/>\n<meta name=\"twitter:card\" content=\"summary_large_image\" \/>\n<meta name=\"twitter:site\" content=\"@OftalmedicSalva\" \/>\n<meta name=\"twitter:label1\" content=\"Est. reading time\" \/>\n\t<meta name=\"twitter:data1\" content=\"6 minutes\" \/>\n<script type=\"application\/ld+json\" class=\"yoast-schema-graph\">{\"@context\":\"https:\/\/schema.org\",\"@graph\":[{\"@type\":\"WebPage\",\"@id\":\"https:\/\/oftalmedic.es\/en\/equipo\/dr-jeroni-fiol-mir\/\",\"url\":\"https:\/\/oftalmedic.es\/en\/equipo\/dr-jeroni-fiol-mir\/\",\"name\":\"Dr. Jeroni Fiol Mir | General Ophthalmology | Oftalmedic Salv\u00e0\",\"isPartOf\":{\"@id\":\"https:\/\/oftalmedic.es\/en\/#website\"},\"datePublished\":\"2025-07-07T06:04:01+00:00\",\"dateModified\":\"2025-11-07T11:03:29+00:00\",\"description\":\"Dr. Jeroni Fiol Mir. Specialist in general ophthalmology in Palma de Mallorca. Ophthalmologist at Oftalmedic Salv\u00e0.\",\"breadcrumb\":{\"@id\":\"https:\/\/oftalmedic.es\/en\/equipo\/dr-jeroni-fiol-mir\/#breadcrumb\"},\"inLanguage\":\"en-US\",\"potentialAction\":[{\"@type\":\"ReadAction\",\"target\":[\"https:\/\/oftalmedic.es\/en\/equipo\/dr-jeroni-fiol-mir\/\"]}]},{\"@type\":\"BreadcrumbList\",\"@id\":\"https:\/\/oftalmedic.es\/en\/equipo\/dr-jeroni-fiol-mir\/#breadcrumb\",\"itemListElement\":[{\"@type\":\"ListItem\",\"position\":1,\"name\":\"Portada\",\"item\":\"https:\/\/oftalmedic.es\/en\/\"},{\"@type\":\"ListItem\",\"position\":2,\"name\":\"Equipo\",\"item\":\"https:\/\/oftalmedic.es\/en\/equipo\/\"},{\"@type\":\"ListItem\",\"position\":3,\"name\":\"Dr. Jeroni Fiol Mir\"}]},{\"@type\":\"WebSite\",\"@id\":\"https:\/\/oftalmedic.es\/en\/#website\",\"url\":\"https:\/\/oftalmedic.es\/en\/\",\"name\":\"Oftalmedic Salv\u00e1\",\"description\":\"Red de cl\u00ednicas oftalmol\u00f3gicas de referencia en Baleares. Pionera en tecnolog\u00eda l\u00e1ser para cirug\u00eda de cataratas y correcci\u00f3n de la miop\u00eda, hipermetrop\u00eda, astigmatismo y presbicia o vista cansada.\",\"publisher\":{\"@id\":\"https:\/\/oftalmedic.es\/en\/#organization\"},\"potentialAction\":[{\"@type\":\"SearchAction\",\"target\":{\"@type\":\"EntryPoint\",\"urlTemplate\":\"https:\/\/oftalmedic.es\/en\/?s={search_term_string}\"},\"query-input\":{\"@type\":\"PropertyValueSpecification\",\"valueRequired\":true,\"valueName\":\"search_term_string\"}}],\"inLanguage\":\"en-US\"},{\"@type\":\"Organization\",\"@id\":\"https:\/\/oftalmedic.es\/en\/#organization\",\"name\":\"[wpseo_titles]company_Nombre\",\"url\":\"https:\/\/oftalmedic.es\/en\/\",\"logo\":{\"@type\":\"ImageObject\",\"inLanguage\":\"en-US\",\"@id\":\"https:\/\/oftalmedic.es\/en\/#\/schema\/logo\/image\/\",\"url\":\"https:\/\/oftalmedic.es\/wp-content\/uploads\/2018\/06\/logo-oftalmedic.png\",\"contentUrl\":\"https:\/\/oftalmedic.es\/wp-content\/uploads\/2018\/06\/logo-oftalmedic.png\",\"width\":200,\"height\":58,\"caption\":\"[wpseo_titles]company_Nombre\"},\"image\":{\"@id\":\"https:\/\/oftalmedic.es\/en\/#\/schema\/logo\/image\/\"},\"sameAs\":[\"https:\/\/www.facebook.com\/OftalmedicSalva\/\",\"https:\/\/x.com\/OftalmedicSalva\",\"https:\/\/www.instagram.com\/oftalmedic_salva\",\"https:\/\/www.youtube.com\/channel\/UCWrAdUQk6ZmrfVUqBwX0cug\",\"https:\/\/www.linkedin.com\/company\/oftalmedic-clnica-salv\/\"]}]}<\/script>\n<!-- \/ Yoast SEO plugin. -->","yoast_head_json":{"title":"Dr. Jeroni Fiol Mir | General Ophthalmology | Oftalmedic Salv\u00e0","description":"Dr. Jeroni Fiol Mir. Specialist in general ophthalmology in Palma de Mallorca. Ophthalmologist at Oftalmedic Salv\u00e0.","robots":{"index":"index","follow":"follow","max-snippet":"max-snippet:-1","max-image-preview":"max-image-preview:large","max-video-preview":"max-video-preview:-1"},"canonical":"https:\/\/oftalmedic.es\/en\/equipo\/dr-jeroni-fiol-mir\/","og_locale":"en_US","og_type":"article","og_title":"Dr. Jeroni Fiol Mir | General Ophthalmology | Oftalmedic Salv\u00e0","og_description":"Dr. Jeroni Fiol Mir. Specialist in general ophthalmology in Palma de Mallorca. Ophthalmologist at Oftalmedic Salv\u00e0.","og_url":"https:\/\/oftalmedic.es\/en\/equipo\/dr-jeroni-fiol-mir\/","og_site_name":"Oftalmedic Salv\u00e1","article_publisher":"https:\/\/www.facebook.com\/OftalmedicSalva\/","article_modified_time":"2025-11-07T11:03:29+00:00","twitter_card":"summary_large_image","twitter_site":"@OftalmedicSalva","twitter_misc":{"Est. reading time":"6 minutes"},"schema":{"@context":"https:\/\/schema.org","@graph":[{"@type":"WebPage","@id":"https:\/\/oftalmedic.es\/en\/equipo\/dr-jeroni-fiol-mir\/","url":"https:\/\/oftalmedic.es\/en\/equipo\/dr-jeroni-fiol-mir\/","name":"Dr. Jeroni Fiol Mir | General Ophthalmology | Oftalmedic Salv\u00e0","isPartOf":{"@id":"https:\/\/oftalmedic.es\/en\/#website"},"datePublished":"2025-07-07T06:04:01+00:00","dateModified":"2025-11-07T11:03:29+00:00","description":"Dr. Jeroni Fiol Mir. Specialist in general ophthalmology in Palma de Mallorca. Ophthalmologist at Oftalmedic Salv\u00e0.","breadcrumb":{"@id":"https:\/\/oftalmedic.es\/en\/equipo\/dr-jeroni-fiol-mir\/#breadcrumb"},"inLanguage":"en-US","potentialAction":[{"@type":"ReadAction","target":["https:\/\/oftalmedic.es\/en\/equipo\/dr-jeroni-fiol-mir\/"]}]},{"@type":"BreadcrumbList","@id":"https:\/\/oftalmedic.es\/en\/equipo\/dr-jeroni-fiol-mir\/#breadcrumb","itemListElement":[{"@type":"ListItem","position":1,"name":"Portada","item":"https:\/\/oftalmedic.es\/en\/"},{"@type":"ListItem","position":2,"name":"Equipo","item":"https:\/\/oftalmedic.es\/en\/equipo\/"},{"@type":"ListItem","position":3,"name":"Dr. Jeroni Fiol Mir"}]},{"@type":"WebSite","@id":"https:\/\/oftalmedic.es\/en\/#website","url":"https:\/\/oftalmedic.es\/en\/","name":"Oftalmedic Salv\u00e1","description":"Red de cl\u00ednicas oftalmol\u00f3gicas de referencia en Baleares. Pionera en tecnolog\u00eda l\u00e1ser para cirug\u00eda de cataratas y correcci\u00f3n de la miop\u00eda, hipermetrop\u00eda, astigmatismo y presbicia o vista cansada.","publisher":{"@id":"https:\/\/oftalmedic.es\/en\/#organization"},"potentialAction":[{"@type":"SearchAction","target":{"@type":"EntryPoint","urlTemplate":"https:\/\/oftalmedic.es\/en\/?s={search_term_string}"},"query-input":{"@type":"PropertyValueSpecification","valueRequired":true,"valueName":"search_term_string"}}],"inLanguage":"en-US"},{"@type":"Organization","@id":"https:\/\/oftalmedic.es\/en\/#organization","name":"[wpseo_titles]company_Nombre","url":"https:\/\/oftalmedic.es\/en\/","logo":{"@type":"ImageObject","inLanguage":"en-US","@id":"https:\/\/oftalmedic.es\/en\/#\/schema\/logo\/image\/","url":"https:\/\/oftalmedic.es\/wp-content\/uploads\/2018\/06\/logo-oftalmedic.png","contentUrl":"https:\/\/oftalmedic.es\/wp-content\/uploads\/2018\/06\/logo-oftalmedic.png","width":200,"height":58,"caption":"[wpseo_titles]company_Nombre"},"image":{"@id":"https:\/\/oftalmedic.es\/en\/#\/schema\/logo\/image\/"},"sameAs":["https:\/\/www.facebook.com\/OftalmedicSalva\/","https:\/\/x.com\/OftalmedicSalva","https:\/\/www.instagram.com\/oftalmedic_salva","https:\/\/www.youtube.com\/channel\/UCWrAdUQk6ZmrfVUqBwX0cug","https:\/\/www.linkedin.com\/company\/oftalmedic-clnica-salv\/"]}]}},"_links":{"self":[{"href":"https:\/\/oftalmedic.es\/en\/wp-json\/wp\/v2\/pages\/11515","targetHints":{"allow":["GET"]}}],"collection":[{"href":"https:\/\/oftalmedic.es\/en\/wp-json\/wp\/v2\/pages"}],"about":[{"href":"https:\/\/oftalmedic.es\/en\/wp-json\/wp\/v2\/types\/page"}],"author":[{"embeddable":true,"href":"https:\/\/oftalmedic.es\/en\/wp-json\/wp\/v2\/users\/5"}],"replies":[{"embeddable":true,"href":"https:\/\/oftalmedic.es\/en\/wp-json\/wp\/v2\/comments?post=11515"}],"version-history":[{"count":0,"href":"https:\/\/oftalmedic.es\/en\/wp-json\/wp\/v2\/pages\/11515\/revisions"}],"up":[{"embeddable":true,"href":"https:\/\/oftalmedic.es\/en\/wp-json\/wp\/v2\/pages\/12433"}],"wp:attachment":[{"href":"https:\/\/oftalmedic.es\/en\/wp-json\/wp\/v2\/media?parent=11515"}],"curies":[{"name":"wp","href":"https:\/\/api.w.org\/{rel}","templated":true}]}}