{"id":11557,"date":"2025-07-07T07:07:30","date_gmt":"2025-07-07T07:07:30","guid":{"rendered":"https:\/\/oftalmedic.rwdesarrollos.es\/team\/dra-pilar-cirimarco\/"},"modified":"2025-11-07T10:42:49","modified_gmt":"2025-11-07T10:42:49","slug":"dra-pilar-cirimarco","status":"publish","type":"page","link":"https:\/\/oftalmedic.es\/en\/equipo\/dra-pilar-cirimarco\/","title":{"rendered":"Dra. Pilar Cirimarco"},"content":{"rendered":"[vc_row type=&#8221;in_container&#8221; full_screen_row_position=&#8221;middle&#8221; column_margin=&#8221;default&#8221; column_direction=&#8221;default&#8221; column_direction_tablet=&#8221;default&#8221; column_direction_phone=&#8221;default&#8221; scene_position=&#8221;center&#8221; bottom_padding=&#8221;30&#8243; text_color=&#8221;dark&#8221; text_align=&#8221;left&#8221; row_border_radius=&#8221;none&#8221; row_border_radius_applies=&#8221;bg&#8221; overflow=&#8221;visible&#8221; overlay_strength=&#8221;0.3&#8243; gradient_direction=&#8221;left_to_right&#8221; shape_divider_position=&#8221;bottom&#8221; bg_image_animation=&#8221;none&#8221; shape_type=&#8221;&#8221;][vc_column column_padding=&#8221;no-extra-padding&#8221; column_padding_tablet=&#8221;inherit&#8221; column_padding_phone=&#8221;inherit&#8221; column_padding_position=&#8221;all&#8221; column_element_direction_desktop=&#8221;default&#8221; column_element_spacing=&#8221;default&#8221; desktop_text_alignment=&#8221;default&#8221; tablet_text_alignment=&#8221;default&#8221; phone_text_alignment=&#8221;default&#8221; background_color_opacity=&#8221;1&#8243; background_hover_color_opacity=&#8221;1&#8243; column_backdrop_filter=&#8221;none&#8221; column_shadow=&#8221;none&#8221; column_border_radius=&#8221;none&#8221; column_link_target=&#8221;_self&#8221; column_position=&#8221;default&#8221; gradient_direction=&#8221;left_to_right&#8221; overlay_strength=&#8221;0.3&#8243; width=&#8221;2\/3&#8243; tablet_width_inherit=&#8221;default&#8221; animation_type=&#8221;default&#8221; bg_image_animation=&#8221;none&#8221; border_type=&#8221;simple&#8221; column_border_width=&#8221;none&#8221; column_border_style=&#8221;solid&#8221;][vc_row_inner column_margin=&#8221;default&#8221; column_direction=&#8221;default&#8221; column_direction_tablet=&#8221;default&#8221; column_direction_phone=&#8221;default&#8221; text_align=&#8221;left&#8221; row_position=&#8221;default&#8221; row_position_tablet=&#8221;inherit&#8221; row_position_phone=&#8221;inherit&#8221; overflow=&#8221;visible&#8221; pointer_events=&#8221;all&#8221;][vc_column_inner column_padding=&#8221;no-extra-padding&#8221; column_padding_tablet=&#8221;inherit&#8221; column_padding_phone=&#8221;inherit&#8221; column_padding_position=&#8221;all&#8221; column_element_direction_desktop=&#8221;default&#8221; column_element_spacing=&#8221;default&#8221; desktop_text_alignment=&#8221;default&#8221; tablet_text_alignment=&#8221;default&#8221; phone_text_alignment=&#8221;default&#8221; background_color_opacity=&#8221;1&#8243; background_hover_color_opacity=&#8221;1&#8243; column_backdrop_filter=&#8221;none&#8221; column_shadow=&#8221;none&#8221; column_border_radius=&#8221;none&#8221; column_link_target=&#8221;_self&#8221; overflow=&#8221;visible&#8221; gradient_direction=&#8221;left_to_right&#8221; overlay_strength=&#8221;0.3&#8243; width=&#8221;1\/3&#8243; tablet_width_inherit=&#8221;default&#8221; animation_type=&#8221;default&#8221; bg_image_animation=&#8221;none&#8221; border_type=&#8221;simple&#8221; column_border_width=&#8221;none&#8221; column_border_style=&#8221;solid&#8221;][image_with_animation image_url=&#8221;8842&#8243; image_size=&#8221;full&#8221; animation_type=&#8221;entrance&#8221; animation=&#8221;Fade In&#8221; animation_easing=&#8221;default&#8221; animation_movement_type=&#8221;transform_y&#8221; hover_animation=&#8221;none&#8221; alignment=&#8221;&#8221; border_radius=&#8221;none&#8221; box_shadow=&#8221;none&#8221; image_loading=&#8221;default&#8221; max_width=&#8221;100%&#8221; max_width_mobile=&#8221;default&#8221;][\/vc_column_inner][vc_column_inner column_padding=&#8221;no-extra-padding&#8221; column_padding_tablet=&#8221;inherit&#8221; column_padding_phone=&#8221;inherit&#8221; column_padding_position=&#8221;all&#8221; column_element_direction_desktop=&#8221;default&#8221; column_element_spacing=&#8221;default&#8221; desktop_text_alignment=&#8221;default&#8221; tablet_text_alignment=&#8221;default&#8221; phone_text_alignment=&#8221;default&#8221; background_color_opacity=&#8221;1&#8243; background_hover_color_opacity=&#8221;1&#8243; column_backdrop_filter=&#8221;none&#8221; column_shadow=&#8221;none&#8221; column_border_radius=&#8221;none&#8221; column_link_target=&#8221;_self&#8221; overflow=&#8221;visible&#8221; gradient_direction=&#8221;left_to_right&#8221; overlay_strength=&#8221;0.3&#8243; width=&#8221;2\/3&#8243; tablet_width_inherit=&#8221;default&#8221; animation_type=&#8221;default&#8221; bg_image_animation=&#8221;none&#8221; border_type=&#8221;simple&#8221; column_border_width=&#8221;none&#8221; column_border_style=&#8221;solid&#8221;][vc_column_text]\n<h1>Dra. Pilar Cirimarco <\/h1>\n<p>Number of collegiate: 070711670[\/vc_column_text][divider line_type=&#8221;Small Line&#8221; line_alignment=&#8221;default&#8221; line_thickness=&#8221;4&#8243; divider_color=&#8221;default&#8221; animate=&#8221;yes&#8221; custom_height=&#8221;30&#8243;][vc_column_text]\n<h5>Education and Training<\/h5>\n<ul>\n<li>Medical Degree from the University of Buenos Aires (UBA), Argentina, 2012. Degree approved in Spain. <\/li>\n<li>Specialist in Ophthalmology by the Hospital de Agudos Dr. Ignacio Pirovano, Argentina, 2018. Degree approved in Spain. <\/li>\n<li>Ad Honorem Medical Rotator in Refractive Surgery Service and Cornea Service of the Catalan Retina Institute (ICR), 2017.<\/li>\n<li>Ad Honorem Medical Rotator in the Uveitis Service and Cornea Service of the Hospital de Cl\u00ednicas Jos\u00e9 de San Mart\u00edn, 2015-2017.<\/li>\n<li>Ad Honorem Medical Rotator in Glaucoma Service at Hospital Oftalmol\u00f3gico Santa Lucia, 2015-2017.<\/li>\n<li>Specialist Course by the University of Buenos Aires (UBA) and Hospital Oftalmol\u00f3gico Santa Luc\u00eda, Argentina, 2014-2016.<\/li>\n<\/ul>\n<h5>Professional Experience<\/h5>\n<ul>\n<li>Ophthalmologist at Oftalmedic Salv\u00e0 since 2023.<\/li>\n<li>Assistant physician of the Ophthalmology Service of the Hospital Universitari Son Espases since 2023.<\/li>\n<li>General and medical ophthalmology consultation in emergency ophthalmology on-call in private health care, Palma de Mallorca, 2021-2023.<\/li>\n<li>Ophthalmological Diagnostic Imaging Laboratory &#8220;Fundus&#8221;, 2017-2021.<\/li>\n<li>Ophthalmology Specialty Interconsultant for inpatients at Cl\u00ednica de los Virreyes, Argentina, 2014-2021.<\/li>\n<li>Mutuas y Prepagas general ophthalmology practice, Argentina, 2014-2021.<\/li>\n<li>Surgical activity and consultations in the Anterior Segment department of Cl\u00ednica San Camilo, Argentina, 2018-2020.<\/li>\n<li>Laser Department at Centro Oftalmol\u00f3gico Diagn\u00f3stico Dr Negri, Argentina, 2017-2020.<\/li>\n<li>General Practitioner at the Medical Service of the San Roman Institute School, Argentina, 2014-2020.<\/li>\n<li>Surgical activity and general ophthalmology consultations at Cl\u00ednica Cemep, Argentina, 2018-2019.<\/li>\n<li>Ophthalmologic emergency on-call physician at Centro Oftalmol\u00f3gico Diagn\u00f3stico, Argentina, 2015-2017.<\/li>\n<\/ul>\n<h5>Scientific Activities<\/h5>\n<ul>\n<li>Presentaci\u00f3n de Poster en 41th ESCRS Congress 2023. Presentaci\u00f3n de Reporte de Caso: \u201cBilateral dense peripheral corneal clouding like Fish eye syndrome (FED) in healthy female patient\u201d, Austria, 2023. <\/li>\n<li>Disertante en 40th ESCRS Congress 2022. Presentaci\u00f3n de Reporte de Caso: \u201cTopical Insulin Eye Drops For Treating Persistent Corneal Epithelial Lesion Developed In A Rejected Penetrating Keratoplasty\u201d, Italia, 2022. <\/li>\n<li>Coordinator and Lecturer of REBECOS International Module. ABC webinar series of the Argentine Council of Ophthalmology, 2021. <\/li>\n<li>Coordinator of the Ophthalmologic Nutrition Module at the Annual Argentine Congress of Young People and REBECOS, Argentine Council of Ophthalmology, 2020.<\/li>\n<li>Coordinator and Presenter of the Competition Module &#8220;Youth Game&#8221; at the Annual Argentine Youth Congress and REBECOS, Argentine Council of Ophthalmology, 2020.<\/li>\n<li>Columnist in scientific portal of Orthomolecular Medicine. Specialty section Ophthalmology, OMOL-Orthomolecular Online Portal. <\/li>\n<li>Lecturer at the Annual Training Workshop on Diagnostic Imaging Methods. Presentation of Tumor Pathologies in Ultrasound Diagnosis, Fundus Auditorium, Argentina, 2018. <\/li>\n<li>Lecturer at the Annual Training Day on Diagnostic Imaging Methods. Presentation of Frequent Diagnostic Pathologies Ultrasound-Ecometrics-IOL Master, Fundus Auditorium, Argentina, 2018. <\/li>\n<li>First Prize to the Scientific Poster &#8220;Malignant Glaucoma post Hyaloidotomy and Vitrectomy associated with increased static and dynamic choroidal thickness&#8221;. Argentine Glaucoma Association, Biennial Glaucoma Congress, Argentina, 2016. <\/li>\n<li>First Prize to the Scientific Poster &#8220;Acquired papilla fossa in Primary Open Angle Glaucoma&#8221;. Argentine Society of Ophthalmology, Annual Congress of Ophthalmology, Argentina, 2016. <\/li>\n<li>Lecturer at the Annual Athenaeum of the Argentine Strabismus Center. Presentation of a case of Dysthyroid Ophthalmopathy, Klaus Pfortner Auditorium, Argentina, 2016. <\/li>\n<li>Lecturer at the Annual Meeting of the Argentine Strabismus Center. Presentation of a case of Esotropia, Klaus Pfortner Auditorium, Argentina, 2015. <\/li>\n<li>Ad Honorem first assistant professor in the subject Ophthalmology. Department of Surgery at the Hospital Teaching Unit, Dr. Ignacio Pirovano Hospital, University of Buenos Aires, 2014-2019. <\/li>\n<li>Lecturer at the Interhospital Athenaeum. Presentation of a case of Pseudoxanthoma Elasticum, Argentine Medical Association (AMA), Argentine Society of Ophthalmology, Argentina, 2013. <\/li>\n<\/ul>\n<h5>Languages<\/h5>\n<p>Spanish, English, Italian.[\/vc_column_text][nectar_btn size=&#8221;small&#8221; button_style=&#8221;regular&#8221; button_color_2=&#8221;Accent-Color&#8221; icon_family=&#8221;none&#8221; url=&#8221;\/equipo\/&#8221; text=&#8221;MEDICAL TEAM&#8221; margin_top=&#8221;30px&#8221;][\/vc_column_inner][\/vc_row_inner][\/vc_column][vc_column column_padding=&#8221;padding-2-percent&#8221; column_padding_tablet=&#8221;inherit&#8221; column_padding_phone=&#8221;inherit&#8221; column_padding_position=&#8221;left-right&#8221; column_element_direction_desktop=&#8221;default&#8221; column_element_spacing=&#8221;default&#8221; desktop_text_alignment=&#8221;default&#8221; tablet_text_alignment=&#8221;default&#8221; phone_text_alignment=&#8221;default&#8221; background_color_opacity=&#8221;1&#8243; background_hover_color_opacity=&#8221;1&#8243; column_backdrop_filter=&#8221;none&#8221; column_shadow=&#8221;none&#8221; column_border_radius=&#8221;none&#8221; column_link_target=&#8221;_self&#8221; column_position=&#8221;default&#8221; gradient_direction=&#8221;left_to_right&#8221; overlay_strength=&#8221;0.3&#8243; width=&#8221;1\/3&#8243; tablet_width_inherit=&#8221;default&#8221; animation_type=&#8221;default&#8221; bg_image_animation=&#8221;none&#8221; border_type=&#8221;simple&#8221; column_border_width=&#8221;none&#8221; column_border_style=&#8221;solid&#8221;][vc_column_text css=&#8221;.vc_custom_1762512015723{padding-top: 20px !important;padding-right: 20px !important;padding-bottom: 20px !important;padding-left: 20px !important;background-color: #f8f8f8 !important;}&#8221;]\n<h5><strong>Specialist in <\/strong><\/h5>\n<ul>\n<li><a href=\"https:\/\/oftalmedic.es\/en\/oftalmologia-general\/\" target=\"_blank\" rel=\"noopener\">General Ophthalmology<\/a><\/li>\n<li class=\"m_3265373467215399838MsoListParagraph\"><a href=\"https:\/\/oftalmedic.es\/en\/cirugia-refractiva\/\" target=\"_blank\" rel=\"noopener\">Refractive surgery<\/a><\/li>\n<li><a href=\"https:\/\/oftalmedic.es\/en\/cataratas\/\" target=\"_blank\" rel=\"noopener\">Cataract treatment<\/a><\/li>\n<\/ul>\n[\/vc_column_text][divider line_type=&#8221;No Line&#8221;][\/vc_column][\/vc_row]\n","protected":false},"excerpt":{"rendered":"<p>[vc_row type=&#8221;in_container&#8221; full_screen_row_position=&#8221;middle&#8221; column_margin=&#8221;default&#8221; column_direction=&#8221;default&#8221; column_direction_tablet=&#8221;default&#8221; column_direction_phone=&#8221;default&#8221; scene_position=&#8221;center&#8221; bottom_padding=&#8221;30&#8243; text_color=&#8221;dark&#8221; text_align=&#8221;left&#8221; row_border_radius=&#8221;none&#8221; row_border_radius_applies=&#8221;bg&#8221; overflow=&#8221;visible&#8221; overlay_strength=&#8221;0.3&#8243; gradient_direction=&#8221;left_to_right&#8221; shape_divider_position=&#8221;bottom&#8221; bg_image_animation=&#8221;none&#8221; shape_type=&#8221;&#8221;][vc_column column_padding=&#8221;no-extra-padding&#8221; column_padding_tablet=&#8221;inherit&#8221; column_padding_phone=&#8221;inherit&#8221; column_padding_position=&#8221;all&#8221; column_element_direction_desktop=&#8221;default&#8221; column_element_spacing=&#8221;default&#8221; desktop_text_alignment=&#8221;default&#8221; tablet_text_alignment=&#8221;default&#8221; phone_text_alignment=&#8221;default&#8221; background_color_opacity=&#8221;1&#8243; background_hover_color_opacity=&#8221;1&#8243; column_backdrop_filter=&#8221;none&#8221; column_shadow=&#8221;none&#8221; column_border_radius=&#8221;none&#8221; column_link_target=&#8221;_self&#8221; column_position=&#8221;default&#8221; gradient_direction=&#8221;left_to_right&#8221; overlay_strength=&#8221;0.3&#8243; width=&#8221;2\/3&#8243; tablet_width_inherit=&#8221;default&#8221; animation_type=&#8221;default&#8221; bg_image_animation=&#8221;none&#8221; border_type=&#8221;simple&#8221; column_border_width=&#8221;none&#8221; column_border_style=&#8221;solid&#8221;][vc_row_inner column_margin=&#8221;default&#8221; column_direction=&#8221;default&#8221; column_direction_tablet=&#8221;default&#8221; column_direction_phone=&#8221;default&#8221; text_align=&#8221;left&#8221; row_position=&#8221;default&#8221; row_position_tablet=&#8221;inherit&#8221; row_position_phone=&#8221;inherit&#8221; overflow=&#8221;visible&#8221; pointer_events=&#8221;all&#8221;][vc_column_inner column_padding=&#8221;no-extra-padding&#8221; column_padding_tablet=&#8221;inherit&#8221; column_padding_phone=&#8221;inherit&#8221; column_padding_position=&#8221;all&#8221; column_element_direction_desktop=&#8221;default&#8221; column_element_spacing=&#8221;default&#8221;&#8230;<\/p>\n","protected":false},"author":5,"featured_media":0,"parent":12433,"menu_order":0,"comment_status":"closed","ping_status":"closed","template":"","meta":{"footnotes":""},"class_list":["post-11557","page","type-page","status-publish"],"yoast_head":"<!-- This site is optimized with the Yoast SEO plugin v27.1.1 - https:\/\/yoast.com\/product\/yoast-seo-wordpress\/ -->\n<title>Dr. Pilar Cirimarco | Refractive surgery and Cataract treatment<\/title>\n<meta name=\"description\" content=\"Dr. Pilar Cirimarco. Ophthalmologist specializing in refractive surgery and cataract treatment in Palma de Mallorca.\" \/>\n<meta name=\"robots\" content=\"index, follow, max-snippet:-1, max-image-preview:large, max-video-preview:-1\" \/>\n<link rel=\"canonical\" href=\"https:\/\/oftalmedic.es\/en\/equipo\/dra-pilar-cirimarco\/\" \/>\n<meta property=\"og:locale\" content=\"en_US\" \/>\n<meta property=\"og:type\" content=\"article\" \/>\n<meta property=\"og:title\" content=\"Dr. Pilar Cirimarco | Refractive surgery and Cataract treatment\" \/>\n<meta property=\"og:description\" content=\"Dr. Pilar Cirimarco. Ophthalmologist specializing in refractive surgery and cataract treatment in Palma de Mallorca.\" \/>\n<meta property=\"og:url\" content=\"https:\/\/oftalmedic.es\/en\/equipo\/dra-pilar-cirimarco\/\" \/>\n<meta property=\"og:site_name\" content=\"Oftalmedic Salv\u00e1\" \/>\n<meta property=\"article:publisher\" content=\"https:\/\/www.facebook.com\/OftalmedicSalva\/\" \/>\n<meta property=\"article:modified_time\" content=\"2025-11-07T10:42:49+00:00\" \/>\n<meta name=\"twitter:card\" content=\"summary_large_image\" \/>\n<meta name=\"twitter:site\" content=\"@OftalmedicSalva\" \/>\n<meta name=\"twitter:label1\" content=\"Est. reading time\" \/>\n\t<meta name=\"twitter:data1\" content=\"6 minutes\" \/>\n<script type=\"application\/ld+json\" class=\"yoast-schema-graph\">{\"@context\":\"https:\/\/schema.org\",\"@graph\":[{\"@type\":\"WebPage\",\"@id\":\"https:\/\/oftalmedic.es\/en\/equipo\/dra-pilar-cirimarco\/\",\"url\":\"https:\/\/oftalmedic.es\/en\/equipo\/dra-pilar-cirimarco\/\",\"name\":\"Dr. Pilar Cirimarco | Refractive surgery and Cataract treatment\",\"isPartOf\":{\"@id\":\"https:\/\/oftalmedic.es\/en\/#website\"},\"datePublished\":\"2025-07-07T07:07:30+00:00\",\"dateModified\":\"2025-11-07T10:42:49+00:00\",\"description\":\"Dr. Pilar Cirimarco. Ophthalmologist specializing in refractive surgery and cataract treatment in Palma de Mallorca.\",\"breadcrumb\":{\"@id\":\"https:\/\/oftalmedic.es\/en\/equipo\/dra-pilar-cirimarco\/#breadcrumb\"},\"inLanguage\":\"en-US\",\"potentialAction\":[{\"@type\":\"ReadAction\",\"target\":[\"https:\/\/oftalmedic.es\/en\/equipo\/dra-pilar-cirimarco\/\"]}]},{\"@type\":\"BreadcrumbList\",\"@id\":\"https:\/\/oftalmedic.es\/en\/equipo\/dra-pilar-cirimarco\/#breadcrumb\",\"itemListElement\":[{\"@type\":\"ListItem\",\"position\":1,\"name\":\"Portada\",\"item\":\"https:\/\/oftalmedic.es\/en\/\"},{\"@type\":\"ListItem\",\"position\":2,\"name\":\"Equipo\",\"item\":\"https:\/\/oftalmedic.es\/en\/equipo\/\"},{\"@type\":\"ListItem\",\"position\":3,\"name\":\"Dra. Pilar Cirimarco\"}]},{\"@type\":\"WebSite\",\"@id\":\"https:\/\/oftalmedic.es\/en\/#website\",\"url\":\"https:\/\/oftalmedic.es\/en\/\",\"name\":\"Oftalmedic Salv\u00e1\",\"description\":\"Red de cl\u00ednicas oftalmol\u00f3gicas de referencia en Baleares. Pionera en tecnolog\u00eda l\u00e1ser para cirug\u00eda de cataratas y correcci\u00f3n de la miop\u00eda, hipermetrop\u00eda, astigmatismo y presbicia o vista cansada.\",\"publisher\":{\"@id\":\"https:\/\/oftalmedic.es\/en\/#organization\"},\"potentialAction\":[{\"@type\":\"SearchAction\",\"target\":{\"@type\":\"EntryPoint\",\"urlTemplate\":\"https:\/\/oftalmedic.es\/en\/?s={search_term_string}\"},\"query-input\":{\"@type\":\"PropertyValueSpecification\",\"valueRequired\":true,\"valueName\":\"search_term_string\"}}],\"inLanguage\":\"en-US\"},{\"@type\":\"Organization\",\"@id\":\"https:\/\/oftalmedic.es\/en\/#organization\",\"name\":\"[wpseo_titles]company_Nombre\",\"url\":\"https:\/\/oftalmedic.es\/en\/\",\"logo\":{\"@type\":\"ImageObject\",\"inLanguage\":\"en-US\",\"@id\":\"https:\/\/oftalmedic.es\/en\/#\/schema\/logo\/image\/\",\"url\":\"https:\/\/oftalmedic.es\/wp-content\/uploads\/2018\/06\/logo-oftalmedic.png\",\"contentUrl\":\"https:\/\/oftalmedic.es\/wp-content\/uploads\/2018\/06\/logo-oftalmedic.png\",\"width\":200,\"height\":58,\"caption\":\"[wpseo_titles]company_Nombre\"},\"image\":{\"@id\":\"https:\/\/oftalmedic.es\/en\/#\/schema\/logo\/image\/\"},\"sameAs\":[\"https:\/\/www.facebook.com\/OftalmedicSalva\/\",\"https:\/\/x.com\/OftalmedicSalva\",\"https:\/\/www.instagram.com\/oftalmedic_salva\",\"https:\/\/www.youtube.com\/channel\/UCWrAdUQk6ZmrfVUqBwX0cug\",\"https:\/\/www.linkedin.com\/company\/oftalmedic-clnica-salv\/\"]}]}<\/script>\n<!-- \/ Yoast SEO plugin. -->","yoast_head_json":{"title":"Dr. Pilar Cirimarco | Refractive surgery and Cataract treatment","description":"Dr. Pilar Cirimarco. Ophthalmologist specializing in refractive surgery and cataract treatment in Palma de Mallorca.","robots":{"index":"index","follow":"follow","max-snippet":"max-snippet:-1","max-image-preview":"max-image-preview:large","max-video-preview":"max-video-preview:-1"},"canonical":"https:\/\/oftalmedic.es\/en\/equipo\/dra-pilar-cirimarco\/","og_locale":"en_US","og_type":"article","og_title":"Dr. Pilar Cirimarco | Refractive surgery and Cataract treatment","og_description":"Dr. Pilar Cirimarco. Ophthalmologist specializing in refractive surgery and cataract treatment in Palma de Mallorca.","og_url":"https:\/\/oftalmedic.es\/en\/equipo\/dra-pilar-cirimarco\/","og_site_name":"Oftalmedic Salv\u00e1","article_publisher":"https:\/\/www.facebook.com\/OftalmedicSalva\/","article_modified_time":"2025-11-07T10:42:49+00:00","twitter_card":"summary_large_image","twitter_site":"@OftalmedicSalva","twitter_misc":{"Est. reading time":"6 minutes"},"schema":{"@context":"https:\/\/schema.org","@graph":[{"@type":"WebPage","@id":"https:\/\/oftalmedic.es\/en\/equipo\/dra-pilar-cirimarco\/","url":"https:\/\/oftalmedic.es\/en\/equipo\/dra-pilar-cirimarco\/","name":"Dr. Pilar Cirimarco | Refractive surgery and Cataract treatment","isPartOf":{"@id":"https:\/\/oftalmedic.es\/en\/#website"},"datePublished":"2025-07-07T07:07:30+00:00","dateModified":"2025-11-07T10:42:49+00:00","description":"Dr. Pilar Cirimarco. Ophthalmologist specializing in refractive surgery and cataract treatment in Palma de Mallorca.","breadcrumb":{"@id":"https:\/\/oftalmedic.es\/en\/equipo\/dra-pilar-cirimarco\/#breadcrumb"},"inLanguage":"en-US","potentialAction":[{"@type":"ReadAction","target":["https:\/\/oftalmedic.es\/en\/equipo\/dra-pilar-cirimarco\/"]}]},{"@type":"BreadcrumbList","@id":"https:\/\/oftalmedic.es\/en\/equipo\/dra-pilar-cirimarco\/#breadcrumb","itemListElement":[{"@type":"ListItem","position":1,"name":"Portada","item":"https:\/\/oftalmedic.es\/en\/"},{"@type":"ListItem","position":2,"name":"Equipo","item":"https:\/\/oftalmedic.es\/en\/equipo\/"},{"@type":"ListItem","position":3,"name":"Dra. Pilar Cirimarco"}]},{"@type":"WebSite","@id":"https:\/\/oftalmedic.es\/en\/#website","url":"https:\/\/oftalmedic.es\/en\/","name":"Oftalmedic Salv\u00e1","description":"Red de cl\u00ednicas oftalmol\u00f3gicas de referencia en Baleares. Pionera en tecnolog\u00eda l\u00e1ser para cirug\u00eda de cataratas y correcci\u00f3n de la miop\u00eda, hipermetrop\u00eda, astigmatismo y presbicia o vista cansada.","publisher":{"@id":"https:\/\/oftalmedic.es\/en\/#organization"},"potentialAction":[{"@type":"SearchAction","target":{"@type":"EntryPoint","urlTemplate":"https:\/\/oftalmedic.es\/en\/?s={search_term_string}"},"query-input":{"@type":"PropertyValueSpecification","valueRequired":true,"valueName":"search_term_string"}}],"inLanguage":"en-US"},{"@type":"Organization","@id":"https:\/\/oftalmedic.es\/en\/#organization","name":"[wpseo_titles]company_Nombre","url":"https:\/\/oftalmedic.es\/en\/","logo":{"@type":"ImageObject","inLanguage":"en-US","@id":"https:\/\/oftalmedic.es\/en\/#\/schema\/logo\/image\/","url":"https:\/\/oftalmedic.es\/wp-content\/uploads\/2018\/06\/logo-oftalmedic.png","contentUrl":"https:\/\/oftalmedic.es\/wp-content\/uploads\/2018\/06\/logo-oftalmedic.png","width":200,"height":58,"caption":"[wpseo_titles]company_Nombre"},"image":{"@id":"https:\/\/oftalmedic.es\/en\/#\/schema\/logo\/image\/"},"sameAs":["https:\/\/www.facebook.com\/OftalmedicSalva\/","https:\/\/x.com\/OftalmedicSalva","https:\/\/www.instagram.com\/oftalmedic_salva","https:\/\/www.youtube.com\/channel\/UCWrAdUQk6ZmrfVUqBwX0cug","https:\/\/www.linkedin.com\/company\/oftalmedic-clnica-salv\/"]}]}},"_links":{"self":[{"href":"https:\/\/oftalmedic.es\/en\/wp-json\/wp\/v2\/pages\/11557","targetHints":{"allow":["GET"]}}],"collection":[{"href":"https:\/\/oftalmedic.es\/en\/wp-json\/wp\/v2\/pages"}],"about":[{"href":"https:\/\/oftalmedic.es\/en\/wp-json\/wp\/v2\/types\/page"}],"author":[{"embeddable":true,"href":"https:\/\/oftalmedic.es\/en\/wp-json\/wp\/v2\/users\/5"}],"replies":[{"embeddable":true,"href":"https:\/\/oftalmedic.es\/en\/wp-json\/wp\/v2\/comments?post=11557"}],"version-history":[{"count":0,"href":"https:\/\/oftalmedic.es\/en\/wp-json\/wp\/v2\/pages\/11557\/revisions"}],"up":[{"embeddable":true,"href":"https:\/\/oftalmedic.es\/en\/wp-json\/wp\/v2\/pages\/12433"}],"wp:attachment":[{"href":"https:\/\/oftalmedic.es\/en\/wp-json\/wp\/v2\/media?parent=11557"}],"curies":[{"name":"wp","href":"https:\/\/api.w.org\/{rel}","templated":true}]}}