{"id":11561,"date":"2025-07-07T07:10:32","date_gmt":"2025-07-07T07:10:32","guid":{"rendered":"https:\/\/oftalmedic.rwdesarrollos.es\/team\/dr-pablo-pereira-nogueira\/"},"modified":"2025-07-07T07:10:33","modified_gmt":"2025-07-07T07:10:33","slug":"dr-pablo-pereira-nogueira","status":"publish","type":"page","link":"https:\/\/oftalmedic.es\/en\/equipo\/dr-pablo-pereira-nogueira\/","title":{"rendered":"Dr. Pablo Pereira Nogueira"},"content":{"rendered":"[vc_row type=&#8221;in_container&#8221; full_screen_row_position=&#8221;middle&#8221; column_margin=&#8221;default&#8221; column_direction=&#8221;default&#8221; column_direction_tablet=&#8221;default&#8221; column_direction_phone=&#8221;default&#8221; scene_position=&#8221;center&#8221; bottom_padding=&#8221;30&#8243; text_color=&#8221;dark&#8221; text_align=&#8221;left&#8221; row_border_radius=&#8221;none&#8221; row_border_radius_applies=&#8221;bg&#8221; overflow=&#8221;visible&#8221; overlay_strength=&#8221;0.3&#8243; gradient_direction=&#8221;left_to_right&#8221; shape_divider_position=&#8221;bottom&#8221; bg_image_animation=&#8221;none&#8221; shape_type=&#8221;&#8221;][vc_column column_padding=&#8221;no-extra-padding&#8221; column_padding_tablet=&#8221;inherit&#8221; column_padding_phone=&#8221;inherit&#8221; column_padding_position=&#8221;all&#8221; column_element_direction_desktop=&#8221;default&#8221; column_element_spacing=&#8221;default&#8221; desktop_text_alignment=&#8221;default&#8221; tablet_text_alignment=&#8221;default&#8221; phone_text_alignment=&#8221;default&#8221; background_color_opacity=&#8221;1&#8243; background_hover_color_opacity=&#8221;1&#8243; column_backdrop_filter=&#8221;none&#8221; column_shadow=&#8221;none&#8221; column_border_radius=&#8221;none&#8221; column_link_target=&#8221;_self&#8221; column_position=&#8221;default&#8221; gradient_direction=&#8221;left_to_right&#8221; overlay_strength=&#8221;0.3&#8243; width=&#8221;2\/3&#8243; tablet_width_inherit=&#8221;default&#8221; animation_type=&#8221;default&#8221; bg_image_animation=&#8221;none&#8221; border_type=&#8221;simple&#8221; column_border_width=&#8221;none&#8221; column_border_style=&#8221;solid&#8221;][vc_row_inner column_margin=&#8221;default&#8221; column_direction=&#8221;default&#8221; column_direction_tablet=&#8221;default&#8221; column_direction_phone=&#8221;default&#8221; text_align=&#8221;left&#8221; row_position=&#8221;default&#8221; row_position_tablet=&#8221;inherit&#8221; row_position_phone=&#8221;inherit&#8221; overflow=&#8221;visible&#8221; pointer_events=&#8221;all&#8221;][vc_column_inner column_padding=&#8221;no-extra-padding&#8221; column_padding_tablet=&#8221;inherit&#8221; column_padding_phone=&#8221;inherit&#8221; column_padding_position=&#8221;all&#8221; column_element_direction_desktop=&#8221;default&#8221; column_element_spacing=&#8221;default&#8221; desktop_text_alignment=&#8221;default&#8221; tablet_text_alignment=&#8221;default&#8221; phone_text_alignment=&#8221;default&#8221; background_color_opacity=&#8221;1&#8243; background_hover_color_opacity=&#8221;1&#8243; column_backdrop_filter=&#8221;none&#8221; column_shadow=&#8221;none&#8221; column_border_radius=&#8221;none&#8221; column_link_target=&#8221;_self&#8221; overflow=&#8221;visible&#8221; gradient_direction=&#8221;left_to_right&#8221; overlay_strength=&#8221;0.3&#8243; width=&#8221;1\/3&#8243; tablet_width_inherit=&#8221;default&#8221; animation_type=&#8221;default&#8221; bg_image_animation=&#8221;none&#8221; border_type=&#8221;simple&#8221; column_border_width=&#8221;none&#8221; column_border_style=&#8221;solid&#8221;][image_with_animation image_url=&#8221;8783&#8243; image_size=&#8221;full&#8221; animation_type=&#8221;entrance&#8221; animation=&#8221;Fade In&#8221; animation_easing=&#8221;default&#8221; animation_movement_type=&#8221;transform_y&#8221; hover_animation=&#8221;none&#8221; alignment=&#8221;&#8221; border_radius=&#8221;none&#8221; box_shadow=&#8221;none&#8221; image_loading=&#8221;default&#8221; max_width=&#8221;100%&#8221; max_width_mobile=&#8221;default&#8221;][\/vc_column_inner][vc_column_inner column_padding=&#8221;no-extra-padding&#8221; column_padding_tablet=&#8221;inherit&#8221; column_padding_phone=&#8221;inherit&#8221; column_padding_position=&#8221;all&#8221; column_element_direction_desktop=&#8221;default&#8221; column_element_spacing=&#8221;default&#8221; desktop_text_alignment=&#8221;default&#8221; tablet_text_alignment=&#8221;default&#8221; phone_text_alignment=&#8221;default&#8221; background_color_opacity=&#8221;1&#8243; background_hover_color_opacity=&#8221;1&#8243; column_backdrop_filter=&#8221;none&#8221; column_shadow=&#8221;none&#8221; column_border_radius=&#8221;none&#8221; column_link_target=&#8221;_self&#8221; overflow=&#8221;visible&#8221; gradient_direction=&#8221;left_to_right&#8221; overlay_strength=&#8221;0.3&#8243; width=&#8221;2\/3&#8243; tablet_width_inherit=&#8221;default&#8221; animation_type=&#8221;default&#8221; bg_image_animation=&#8221;none&#8221; border_type=&#8221;simple&#8221; column_border_width=&#8221;none&#8221; column_border_style=&#8221;solid&#8221;][vc_column_text]\n<h1>Dr. Pablo Pereira Nogueira<\/h1>\n<p>Number of colleges: 072878609[\/vc_column_text][divider line_type=&#8221;Small Line&#8221; line_alignment=&#8221;default&#8221; line_thickness=&#8221;4&#8243; divider_color=&#8221;default&#8221; animate=&#8221;yes&#8221; custom_height=&#8221;30&#8243;][vc_column_text]\n<h5>Qualifications and training<\/h5>\n<ul>\n<li>Degree in Medicine from the Universidade de Santiago de Compostela, 2017.<\/li>\n<li>Medical Specialist in Ophthalmology via MIR by the Hospital Universitario Ram\u00f3n y Cajal (Madrid), 2023.<\/li>\n<li>European Board of Ophthalmology Diploma (EBO), 2022.<\/li>\n<li>Optics. Refraction and Instruments Examination in Ophthalmology. International Council of Ophthalmology (ICO), 2021.  <\/li>\n<li>The Basic Science Examination in Ophthalmology. International Council of Ophthalmology (ICO), 2020. <\/li>\n<li>Beca SICUE. Hospital de Bellvitge (Barcelona), 2014-2015. <\/li>\n<li>Beca ERASMUS. Lithuanian University of Health Sciences (Kaunas, Lituania), 2015-2016. <\/li>\n<\/ul>\n<h5>Career path<\/h5>\n<ul>\n<li>Ophthalmologist at Oftalmedic Salv\u00e0 since 2023.<\/li>\n<li>Specialist in Strabismus and Ophthalmopediatrics at Hospital Universitario Son Espases since 2023.<\/li>\n<li>Resident Medical Intern in Ophthalmology at Hospital Universitario Ram\u00f3n y Cajal (Madrid), 2019-2023.<\/li>\n<\/ul>\n<h5>Scientific activities<\/h5>\n<ul>\n<li>Morillo-Gonz\u00e1lez J, Hern\u00e1ndez-Huerta D, Guillama-Henr\u00edquez A, Correa-Palacio A, Pereira-Nogueira P. Beyond the Respiratory System: A Case Report Highlighting the Impact of COVID-19 in Mental Illness and Its Physical Consequences. J Clin Psychiatry. 2020 Jun 16;81(4):20l13465. doi: 10.4088\/JCP.20l13465. PMID: 32558406.    <\/li>\n<li>Rodr\u00edguez del Valle JM, Ye Zhu C, Huelin Alcubierre FJ, Pereira Nogueira P. Thyroid strabismus. Update on adult Strabismus, Spanish Society of Ophthalmology, 2023. <\/li>\n<li>Participation as sub-investigator in the clinical trial: VISPER: Randomised Comparison of Two OVDs in Cataract Surgery. Investigation to compare postoperative outcomes between two cohesive viscoelastics. Prospective, randomized, multicenter, double-blind, international, prospective study. Collaborator in the Fight Retinal Blindness (FRB) project.   <\/li>\n<li>Comparison and agreement of central corneal thickness measurements with seven different devices. Pereira Nogueira P, Diez Alvarez L, Jaumandreu Urquijo L, Arruza Santos ME, Moreno Pascual C, D\u00edaz Montealegre A, Rios Torres M, Mu\u00f1oz Negrete FJ. Spanish Glaucoma Society Congress, 2023.  <\/li>\n<li>Four-point artifact. Arruza Santos ME, Moreno Pascual C, Diez \u00c1lvarez L, Jaumandreu Urquijo L, Pereira Nogueira P, D\u00edaz Montealegre A, Mu\u00f1oz Negrete FJ. Spanish Glaucoma Society Congress, 2023.  <\/li>\n<li>Management and differential diagnosis of infectious keratitis. Pereira Nogueira P. Annual Meeting of the Ophthalmological Society of Madrid, 2022. <\/li>\n<li>Pachychoroid, more and more frequent in our offices. About two cases with multimodal imaging. Pereira Nogueira P, Gomez Mariscal M. Poster presented at the Congress of the Spanish Society of Ophthalmology, 2022.  <\/li>\n<li>Hypotonia and choroidal detachment in the context of hypersensitivity to topical beta-blockers. Pereira Nogueira P, Jaumandreu Urquijo L, Diez Alvarez L, D\u00edaz Montealegre A, Ventas Ayala B, Arruza Santos ME. Poster presented at the Congress of the Spanish Society of Ophthalmology, 2022.  <\/li>\n<li>Orbital compartment syndrome in pediatric patients: not everything is infectious cellulitis. Pereira Nogueira P, Barrancos Juli\u00e1n C, Albandea Jim\u00e9nez AR, Alonso Formento N. Poster presented at the Congress of the Spanish Society of Ocular and Orbital Plastic Surgery, 2022. <\/li>\n<li>Superinfection of herpetic corneal ulcer by Scopulariopsis brevicaulis. Ventas Ayala B, Mingo Bot\u00edn D, Pereira Nogueira P, Salv\u00e1 Palomeque T, Aguado Casanova V, Mart\u00edn Ares A. Poster presented at the Congress of the Spanish Society of Implanto-Refractive Ocular Surgery, 2021. <\/li>\n<li>Femtosecond laser-assisted wedge resection. Salv\u00e1 Palomeque T, Arnalich Montiel F, Ventas Ayala B, Pereira Nogueira P, Mart\u00edn Ares A. Poster presented at the Congress of the Spanish Society of Implanto-Refractive Ocular Surgery, 2021. <\/li>\n<li>Ophthalmologic involvement as initial manifestation in familial pseudoxanthoma elasticum. Ventas Ayala B, Aguado Casanova V, Gonz\u00e1lez L\u00f3pez JJ, Pereira Nogueira P, Salv\u00e1 Palomeque T, D\u00edaz Montealegre A. Poster presented at the Congress of the Spanish Society of Ophthalmology, 2020. <\/li>\n<\/ul>\n<h5>Languages<\/h5>\n<p>Spanish, Galician, English.[\/vc_column_text][nectar_btn size=&#8221;small&#8221; button_style=&#8221;regular&#8221; button_color_2=&#8221;Accent-Color&#8221; icon_family=&#8221;none&#8221; url=&#8221;\/equipo\/&#8221; text=&#8221;MEDICAL TEAM&#8221; margin_top=&#8221;30px&#8221;][\/vc_column_inner][\/vc_row_inner][\/vc_column][vc_column column_padding=&#8221;padding-2-percent&#8221; column_padding_tablet=&#8221;inherit&#8221; column_padding_phone=&#8221;inherit&#8221; column_padding_position=&#8221;left-right&#8221; column_element_direction_desktop=&#8221;default&#8221; column_element_spacing=&#8221;default&#8221; desktop_text_alignment=&#8221;default&#8221; tablet_text_alignment=&#8221;default&#8221; phone_text_alignment=&#8221;default&#8221; background_color_opacity=&#8221;1&#8243; background_hover_color_opacity=&#8221;1&#8243; column_backdrop_filter=&#8221;none&#8221; column_shadow=&#8221;none&#8221; column_border_radius=&#8221;none&#8221; column_link_target=&#8221;_self&#8221; column_position=&#8221;default&#8221; gradient_direction=&#8221;left_to_right&#8221; overlay_strength=&#8221;0.3&#8243; width=&#8221;1\/3&#8243; tablet_width_inherit=&#8221;default&#8221; animation_type=&#8221;default&#8221; bg_image_animation=&#8221;none&#8221; border_type=&#8221;simple&#8221; column_border_width=&#8221;none&#8221; column_border_style=&#8221;solid&#8221;][vc_column_text css=&#8221;.vc_custom_1695189889997{padding-top: 20px !important;padding-right: 20px !important;padding-bottom: 20px !important;padding-left: 20px !important;background-color: #f8f8f8 !important;}&#8221;]\n<h5><strong>Specialist in <\/strong><\/h5>\n<ul>\n<li class=\"m_3265373467215399838MsoListParagraph\">Strabismus<\/li>\n<li class=\"m_3265373467215399838MsoListParagraph\"><a href=\"https:\/\/oftalmedic.es\/en\/pediatric-ophthalmology\/\" target=\"_blank\" rel=\"noopener\">Pediatric Ophthalmology<\/a><\/li>\n<li><a href=\"https:\/\/oftalmedic.es\/en\/oftalmologia-general\/\" target=\"_blank\" rel=\"noopener\">General Ophthalmology<\/a><\/li>\n<li><a href=\"https:\/\/oftalmedic.es\/en\/cataratas\/\" target=\"_blank\" rel=\"noopener\">Cataract treatment<\/a><\/li>\n<\/ul>\n[\/vc_column_text][divider line_type=&#8221;No Line&#8221;][\/vc_column][\/vc_row]\n","protected":false},"excerpt":{"rendered":"<p>[vc_row type=&#8221;in_container&#8221; full_screen_row_position=&#8221;middle&#8221; column_margin=&#8221;default&#8221; column_direction=&#8221;default&#8221; column_direction_tablet=&#8221;default&#8221; column_direction_phone=&#8221;default&#8221; scene_position=&#8221;center&#8221; bottom_padding=&#8221;30&#8243; text_color=&#8221;dark&#8221; text_align=&#8221;left&#8221; row_border_radius=&#8221;none&#8221; row_border_radius_applies=&#8221;bg&#8221; overflow=&#8221;visible&#8221; overlay_strength=&#8221;0.3&#8243; gradient_direction=&#8221;left_to_right&#8221; shape_divider_position=&#8221;bottom&#8221; bg_image_animation=&#8221;none&#8221; shape_type=&#8221;&#8221;][vc_column column_padding=&#8221;no-extra-padding&#8221; column_padding_tablet=&#8221;inherit&#8221; column_padding_phone=&#8221;inherit&#8221; column_padding_position=&#8221;all&#8221; column_element_direction_desktop=&#8221;default&#8221; column_element_spacing=&#8221;default&#8221; desktop_text_alignment=&#8221;default&#8221; tablet_text_alignment=&#8221;default&#8221; phone_text_alignment=&#8221;default&#8221; background_color_opacity=&#8221;1&#8243; background_hover_color_opacity=&#8221;1&#8243; column_backdrop_filter=&#8221;none&#8221; column_shadow=&#8221;none&#8221; column_border_radius=&#8221;none&#8221; column_link_target=&#8221;_self&#8221; column_position=&#8221;default&#8221; gradient_direction=&#8221;left_to_right&#8221; overlay_strength=&#8221;0.3&#8243; width=&#8221;2\/3&#8243; tablet_width_inherit=&#8221;default&#8221; animation_type=&#8221;default&#8221; bg_image_animation=&#8221;none&#8221; border_type=&#8221;simple&#8221; column_border_width=&#8221;none&#8221; column_border_style=&#8221;solid&#8221;][vc_row_inner column_margin=&#8221;default&#8221; column_direction=&#8221;default&#8221; column_direction_tablet=&#8221;default&#8221; column_direction_phone=&#8221;default&#8221; text_align=&#8221;left&#8221; row_position=&#8221;default&#8221; row_position_tablet=&#8221;inherit&#8221; row_position_phone=&#8221;inherit&#8221; overflow=&#8221;visible&#8221; pointer_events=&#8221;all&#8221;][vc_column_inner column_padding=&#8221;no-extra-padding&#8221; column_padding_tablet=&#8221;inherit&#8221; column_padding_phone=&#8221;inherit&#8221; column_padding_position=&#8221;all&#8221; column_element_direction_desktop=&#8221;default&#8221; column_element_spacing=&#8221;default&#8221;&#8230;<\/p>\n","protected":false},"author":5,"featured_media":0,"parent":12433,"menu_order":0,"comment_status":"closed","ping_status":"closed","template":"","meta":{"footnotes":""},"class_list":["post-11561","page","type-page","status-publish"],"yoast_head":"<!-- This site is optimized with the Yoast SEO plugin v27.1.1 - https:\/\/yoast.com\/product\/yoast-seo-wordpress\/ -->\n<title>Dr. Pablo Pereira Nogueira | Strabismus and Pediatric Ophthalmology<\/title>\n<meta name=\"description\" content=\"Dr. Pablo Pereira Nogueira. Specialist in strabismus, pediatric ophthalmology and general ophthalmology in Palma de Mallorca.\" \/>\n<meta name=\"robots\" content=\"index, follow, max-snippet:-1, max-image-preview:large, max-video-preview:-1\" \/>\n<link rel=\"canonical\" href=\"https:\/\/oftalmedic.es\/en\/equipo\/dr-pablo-pereira-nogueira\/\" \/>\n<meta property=\"og:locale\" content=\"en_US\" \/>\n<meta property=\"og:type\" content=\"article\" \/>\n<meta property=\"og:title\" content=\"Dr. Pablo Pereira Nogueira | Strabismus and Pediatric Ophthalmology\" \/>\n<meta property=\"og:description\" content=\"Dr. Pablo Pereira Nogueira. Specialist in strabismus, pediatric ophthalmology and general ophthalmology in Palma de Mallorca.\" \/>\n<meta property=\"og:url\" content=\"https:\/\/oftalmedic.es\/en\/equipo\/dr-pablo-pereira-nogueira\/\" \/>\n<meta property=\"og:site_name\" content=\"Oftalmedic Salv\u00e1\" \/>\n<meta property=\"article:publisher\" content=\"https:\/\/www.facebook.com\/OftalmedicSalva\/\" \/>\n<meta property=\"article:modified_time\" content=\"2025-07-07T07:10:33+00:00\" \/>\n<meta name=\"twitter:card\" content=\"summary_large_image\" \/>\n<meta name=\"twitter:site\" content=\"@OftalmedicSalva\" \/>\n<meta name=\"twitter:label1\" content=\"Est. reading time\" \/>\n\t<meta name=\"twitter:data1\" content=\"6 minutes\" \/>\n<script type=\"application\/ld+json\" class=\"yoast-schema-graph\">{\"@context\":\"https:\/\/schema.org\",\"@graph\":[{\"@type\":\"WebPage\",\"@id\":\"https:\/\/oftalmedic.es\/en\/equipo\/dr-pablo-pereira-nogueira\/\",\"url\":\"https:\/\/oftalmedic.es\/en\/equipo\/dr-pablo-pereira-nogueira\/\",\"name\":\"Dr. Pablo Pereira Nogueira | Strabismus and Pediatric Ophthalmology\",\"isPartOf\":{\"@id\":\"https:\/\/oftalmedic.es\/en\/#website\"},\"datePublished\":\"2025-07-07T07:10:32+00:00\",\"dateModified\":\"2025-07-07T07:10:33+00:00\",\"description\":\"Dr. Pablo Pereira Nogueira. Specialist in strabismus, pediatric ophthalmology and general ophthalmology in Palma de Mallorca.\",\"breadcrumb\":{\"@id\":\"https:\/\/oftalmedic.es\/en\/equipo\/dr-pablo-pereira-nogueira\/#breadcrumb\"},\"inLanguage\":\"en-US\",\"potentialAction\":[{\"@type\":\"ReadAction\",\"target\":[\"https:\/\/oftalmedic.es\/en\/equipo\/dr-pablo-pereira-nogueira\/\"]}]},{\"@type\":\"BreadcrumbList\",\"@id\":\"https:\/\/oftalmedic.es\/en\/equipo\/dr-pablo-pereira-nogueira\/#breadcrumb\",\"itemListElement\":[{\"@type\":\"ListItem\",\"position\":1,\"name\":\"Portada\",\"item\":\"https:\/\/oftalmedic.es\/en\/\"},{\"@type\":\"ListItem\",\"position\":2,\"name\":\"Dr. Pablo Pereira Nogueira\"}]},{\"@type\":\"WebSite\",\"@id\":\"https:\/\/oftalmedic.es\/en\/#website\",\"url\":\"https:\/\/oftalmedic.es\/en\/\",\"name\":\"Oftalmedic Salv\u00e1\",\"description\":\"Red de cl\u00ednicas oftalmol\u00f3gicas de referencia en Baleares. Pionera en tecnolog\u00eda l\u00e1ser para cirug\u00eda de cataratas y correcci\u00f3n de la miop\u00eda, hipermetrop\u00eda, astigmatismo y presbicia o vista cansada.\",\"publisher\":{\"@id\":\"https:\/\/oftalmedic.es\/en\/#organization\"},\"potentialAction\":[{\"@type\":\"SearchAction\",\"target\":{\"@type\":\"EntryPoint\",\"urlTemplate\":\"https:\/\/oftalmedic.es\/en\/?s={search_term_string}\"},\"query-input\":{\"@type\":\"PropertyValueSpecification\",\"valueRequired\":true,\"valueName\":\"search_term_string\"}}],\"inLanguage\":\"en-US\"},{\"@type\":\"Organization\",\"@id\":\"https:\/\/oftalmedic.es\/en\/#organization\",\"name\":\"[wpseo_titles]company_Nombre\",\"url\":\"https:\/\/oftalmedic.es\/en\/\",\"logo\":{\"@type\":\"ImageObject\",\"inLanguage\":\"en-US\",\"@id\":\"https:\/\/oftalmedic.es\/en\/#\/schema\/logo\/image\/\",\"url\":\"https:\/\/oftalmedic.es\/wp-content\/uploads\/2018\/06\/logo-oftalmedic.png\",\"contentUrl\":\"https:\/\/oftalmedic.es\/wp-content\/uploads\/2018\/06\/logo-oftalmedic.png\",\"width\":200,\"height\":58,\"caption\":\"[wpseo_titles]company_Nombre\"},\"image\":{\"@id\":\"https:\/\/oftalmedic.es\/en\/#\/schema\/logo\/image\/\"},\"sameAs\":[\"https:\/\/www.facebook.com\/OftalmedicSalva\/\",\"https:\/\/x.com\/OftalmedicSalva\",\"https:\/\/www.instagram.com\/oftalmedic_salva\",\"https:\/\/www.youtube.com\/channel\/UCWrAdUQk6ZmrfVUqBwX0cug\",\"https:\/\/www.linkedin.com\/company\/oftalmedic-clnica-salv\/\"]}]}<\/script>\n<!-- \/ Yoast SEO plugin. -->","yoast_head_json":{"title":"Dr. Pablo Pereira Nogueira | Strabismus and Pediatric Ophthalmology","description":"Dr. Pablo Pereira Nogueira. Specialist in strabismus, pediatric ophthalmology and general ophthalmology in Palma de Mallorca.","robots":{"index":"index","follow":"follow","max-snippet":"max-snippet:-1","max-image-preview":"max-image-preview:large","max-video-preview":"max-video-preview:-1"},"canonical":"https:\/\/oftalmedic.es\/en\/equipo\/dr-pablo-pereira-nogueira\/","og_locale":"en_US","og_type":"article","og_title":"Dr. Pablo Pereira Nogueira | Strabismus and Pediatric Ophthalmology","og_description":"Dr. Pablo Pereira Nogueira. Specialist in strabismus, pediatric ophthalmology and general ophthalmology in Palma de Mallorca.","og_url":"https:\/\/oftalmedic.es\/en\/equipo\/dr-pablo-pereira-nogueira\/","og_site_name":"Oftalmedic Salv\u00e1","article_publisher":"https:\/\/www.facebook.com\/OftalmedicSalva\/","article_modified_time":"2025-07-07T07:10:33+00:00","twitter_card":"summary_large_image","twitter_site":"@OftalmedicSalva","twitter_misc":{"Est. reading time":"6 minutes"},"schema":{"@context":"https:\/\/schema.org","@graph":[{"@type":"WebPage","@id":"https:\/\/oftalmedic.es\/en\/equipo\/dr-pablo-pereira-nogueira\/","url":"https:\/\/oftalmedic.es\/en\/equipo\/dr-pablo-pereira-nogueira\/","name":"Dr. Pablo Pereira Nogueira | Strabismus and Pediatric Ophthalmology","isPartOf":{"@id":"https:\/\/oftalmedic.es\/en\/#website"},"datePublished":"2025-07-07T07:10:32+00:00","dateModified":"2025-07-07T07:10:33+00:00","description":"Dr. Pablo Pereira Nogueira. Specialist in strabismus, pediatric ophthalmology and general ophthalmology in Palma de Mallorca.","breadcrumb":{"@id":"https:\/\/oftalmedic.es\/en\/equipo\/dr-pablo-pereira-nogueira\/#breadcrumb"},"inLanguage":"en-US","potentialAction":[{"@type":"ReadAction","target":["https:\/\/oftalmedic.es\/en\/equipo\/dr-pablo-pereira-nogueira\/"]}]},{"@type":"BreadcrumbList","@id":"https:\/\/oftalmedic.es\/en\/equipo\/dr-pablo-pereira-nogueira\/#breadcrumb","itemListElement":[{"@type":"ListItem","position":1,"name":"Portada","item":"https:\/\/oftalmedic.es\/en\/"},{"@type":"ListItem","position":2,"name":"Dr. Pablo Pereira Nogueira"}]},{"@type":"WebSite","@id":"https:\/\/oftalmedic.es\/en\/#website","url":"https:\/\/oftalmedic.es\/en\/","name":"Oftalmedic Salv\u00e1","description":"Red de cl\u00ednicas oftalmol\u00f3gicas de referencia en Baleares. Pionera en tecnolog\u00eda l\u00e1ser para cirug\u00eda de cataratas y correcci\u00f3n de la miop\u00eda, hipermetrop\u00eda, astigmatismo y presbicia o vista cansada.","publisher":{"@id":"https:\/\/oftalmedic.es\/en\/#organization"},"potentialAction":[{"@type":"SearchAction","target":{"@type":"EntryPoint","urlTemplate":"https:\/\/oftalmedic.es\/en\/?s={search_term_string}"},"query-input":{"@type":"PropertyValueSpecification","valueRequired":true,"valueName":"search_term_string"}}],"inLanguage":"en-US"},{"@type":"Organization","@id":"https:\/\/oftalmedic.es\/en\/#organization","name":"[wpseo_titles]company_Nombre","url":"https:\/\/oftalmedic.es\/en\/","logo":{"@type":"ImageObject","inLanguage":"en-US","@id":"https:\/\/oftalmedic.es\/en\/#\/schema\/logo\/image\/","url":"https:\/\/oftalmedic.es\/wp-content\/uploads\/2018\/06\/logo-oftalmedic.png","contentUrl":"https:\/\/oftalmedic.es\/wp-content\/uploads\/2018\/06\/logo-oftalmedic.png","width":200,"height":58,"caption":"[wpseo_titles]company_Nombre"},"image":{"@id":"https:\/\/oftalmedic.es\/en\/#\/schema\/logo\/image\/"},"sameAs":["https:\/\/www.facebook.com\/OftalmedicSalva\/","https:\/\/x.com\/OftalmedicSalva","https:\/\/www.instagram.com\/oftalmedic_salva","https:\/\/www.youtube.com\/channel\/UCWrAdUQk6ZmrfVUqBwX0cug","https:\/\/www.linkedin.com\/company\/oftalmedic-clnica-salv\/"]}]}},"_links":{"self":[{"href":"https:\/\/oftalmedic.es\/en\/wp-json\/wp\/v2\/pages\/11561","targetHints":{"allow":["GET"]}}],"collection":[{"href":"https:\/\/oftalmedic.es\/en\/wp-json\/wp\/v2\/pages"}],"about":[{"href":"https:\/\/oftalmedic.es\/en\/wp-json\/wp\/v2\/types\/page"}],"author":[{"embeddable":true,"href":"https:\/\/oftalmedic.es\/en\/wp-json\/wp\/v2\/users\/5"}],"replies":[{"embeddable":true,"href":"https:\/\/oftalmedic.es\/en\/wp-json\/wp\/v2\/comments?post=11561"}],"version-history":[{"count":0,"href":"https:\/\/oftalmedic.es\/en\/wp-json\/wp\/v2\/pages\/11561\/revisions"}],"up":[{"embeddable":true,"href":"https:\/\/oftalmedic.es\/en\/wp-json\/wp\/v2\/pages\/12433"}],"wp:attachment":[{"href":"https:\/\/oftalmedic.es\/en\/wp-json\/wp\/v2\/media?parent=11561"}],"curies":[{"name":"wp","href":"https:\/\/api.w.org\/{rel}","templated":true}]}}