{"id":11602,"date":"2025-07-08T05:50:42","date_gmt":"2025-07-08T05:50:42","guid":{"rendered":"https:\/\/oftalmedic.rwdesarrollos.es\/team\/dr-juan-antonio-aragon-roca\/"},"modified":"2025-07-08T05:50:44","modified_gmt":"2025-07-08T05:50:44","slug":"dr-juan-antonio-aragon-roca","status":"publish","type":"page","link":"https:\/\/oftalmedic.es\/en\/equipo\/dr-juan-antonio-aragon-roca\/","title":{"rendered":"Dr. Juan Antonio Arag\u00f3n Roca"},"content":{"rendered":"[vc_row type=&#8221;in_container&#8221; full_screen_row_position=&#8221;middle&#8221; column_margin=&#8221;default&#8221; column_direction=&#8221;default&#8221; column_direction_tablet=&#8221;default&#8221; column_direction_phone=&#8221;default&#8221; scene_position=&#8221;center&#8221; bottom_padding=&#8221;30&#8243; text_color=&#8221;dark&#8221; text_align=&#8221;left&#8221; row_border_radius=&#8221;none&#8221; row_border_radius_applies=&#8221;bg&#8221; overlay_strength=&#8221;0.3&#8243; gradient_direction=&#8221;left_to_right&#8221; shape_divider_position=&#8221;bottom&#8221; bg_image_animation=&#8221;none&#8221; shape_type=&#8221;&#8221;][vc_column column_padding=&#8221;no-extra-padding&#8221; column_padding_tablet=&#8221;inherit&#8221; column_padding_phone=&#8221;inherit&#8221; column_padding_position=&#8221;all&#8221; column_element_spacing=&#8221;default&#8221; background_color_opacity=&#8221;1&#8243; background_hover_color_opacity=&#8221;1&#8243; column_shadow=&#8221;none&#8221; column_border_radius=&#8221;none&#8221; column_link_target=&#8221;_self&#8221; gradient_direction=&#8221;left_to_right&#8221; overlay_strength=&#8221;0.3&#8243; width=&#8221;2\/3&#8243; tablet_width_inherit=&#8221;default&#8221; tablet_text_alignment=&#8221;default&#8221; phone_text_alignment=&#8221;default&#8221; bg_image_animation=&#8221;none&#8221; border_type=&#8221;simple&#8221; column_border_width=&#8221;none&#8221; column_border_style=&#8221;solid&#8221;][vc_row_inner column_margin=&#8221;default&#8221; column_direction=&#8221;default&#8221; column_direction_tablet=&#8221;default&#8221; column_direction_phone=&#8221;default&#8221; text_align=&#8221;left&#8221;][vc_column_inner column_padding=&#8221;no-extra-padding&#8221; column_padding_tablet=&#8221;inherit&#8221; column_padding_phone=&#8221;inherit&#8221; column_padding_position=&#8221;all&#8221; column_element_spacing=&#8221;default&#8221; background_color_opacity=&#8221;1&#8243; background_hover_color_opacity=&#8221;1&#8243; column_shadow=&#8221;none&#8221; column_border_radius=&#8221;none&#8221; column_link_target=&#8221;_self&#8221; gradient_direction=&#8221;left_to_right&#8221; overlay_strength=&#8221;0.3&#8243; width=&#8221;1\/3&#8243; tablet_width_inherit=&#8221;default&#8221; bg_image_animation=&#8221;none&#8221; border_type=&#8221;simple&#8221; column_border_width=&#8221;none&#8221; column_border_style=&#8221;solid&#8221;][image_with_animation image_url=&#8221;4841&#8243; animation=&#8221;Fade In&#8221; hover_animation=&#8221;none&#8221; alignment=&#8221;&#8221; border_radius=&#8221;none&#8221; box_shadow=&#8221;none&#8221; image_loading=&#8221;default&#8221; max_width=&#8221;100%&#8221; max_width_mobile=&#8221;default&#8221;][\/vc_column_inner][vc_column_inner column_padding=&#8221;no-extra-padding&#8221; column_padding_tablet=&#8221;inherit&#8221; column_padding_phone=&#8221;inherit&#8221; column_padding_position=&#8221;all&#8221; column_element_spacing=&#8221;default&#8221; background_color_opacity=&#8221;1&#8243; background_hover_color_opacity=&#8221;1&#8243; column_shadow=&#8221;none&#8221; column_border_radius=&#8221;none&#8221; column_link_target=&#8221;_self&#8221; gradient_direction=&#8221;left_to_right&#8221; overlay_strength=&#8221;0.3&#8243; width=&#8221;2\/3&#8243; tablet_width_inherit=&#8221;default&#8221; bg_image_animation=&#8221;none&#8221; border_type=&#8221;simple&#8221; column_border_width=&#8221;none&#8221; column_border_style=&#8221;solid&#8221;][vc_column_text]\n<h1>Dr. Juan Antonio Arag\u00f3n Roca<\/h1>\n<p>Number of collegiate: 074705862[\/vc_column_text][divider line_type=&#8221;Small Line&#8221; line_alignment=&#8221;default&#8221; line_thickness=&#8221;4&#8243; divider_color=&#8221;default&#8221; animate=&#8221;yes&#8221; custom_height=&#8221;30&#8243;][vc_column_text]\n<h5>Qualifications and training<\/h5>\n<ul>\n<li>Degree in Medicine and Surgery from the University of Granada, 1996.<\/li>\n<li>Specialist in Ophthalmology via MIR by the University Hospital of Valladolid.<\/li>\n<li>D. studies in the Program &#8220;Research in Vision Sciences&#8221; of the IOBA University Institute of Applied Ophthalmobiology (University of Valladolid), 2000.<\/li>\n<li>Obtaining the Suficiencia Investigadora, 2000.<\/li>\n<li>Master&#8217;s Degree in Health Management, University of the Balearic Islands, 2016-2017.<\/li>\n<\/ul>\n<h5>Career Path<\/h5>\n<ul>\n<li>Ophthalmologist at Oftalmedic Salv\u00e0 since 2009.<\/li>\n<li>Specialist Surgeon in Vitreoretinal Surgery at Hospital Universitario Son Dureta\/Son Espases (2002-present).<\/li>\n<li>Coordinator of the Ophthalmology Service Hospital Universitario Son Espases, Palma de Mallorca (2017-2018).<\/li>\n<li>Head of Ophthalmology Service Hospital Universitario Son Espases (2018-present).<\/li>\n<\/ul>\n<h5>Teachingactivity<\/h5>\n<ul>\n<li>Associate Professor at the Universitat de les Illes Balears (UIB), Faculty of Medicine, Ophthalmology (2018-present).<\/li>\n<li>Teaching collaborator in the training of interim resident physicians in Ophthalmology (2002-2020).<\/li>\n<li>Ophthalmology Resident Tutor Hospital Universitario Son Dureta (2005-2008).<\/li>\n<\/ul>\n<h5>Scientific activities<\/h5>\n<ul>\n<li>Researcher associated with the project: &#8220;Inhibition of experimental proliferative vitreoretinopathy (PVR) using cox-2 inhibitors&#8221; VA043\/01. Junta de Castilla y Le\u00f3n. Center: IOBA.   2000.<\/li>\n<li>Collaborating investigator in &#8220;Post-authorization study to evaluate the change in the quality of vision of patients with age-related macular degeneration (AMD) treated with verteporfin photodynamic therapy (VILO Study)&#8221;. Sponsor: Novartis. <\/li>\n<li>Collaborating investigator in &#8220;Open multicenter study to investigate the efficacy of macugen in the preservation of visual function in subjects with age-related macular degeneration and the benefit of treatment of choroidal neovascularization&#8221;. Sponsor: Pfizer <\/li>\n<li>Principal investigator in &#8220;Phase IIIB, open-label, multicenter, 12-month, phase IIIB study to evaluate the efficacy and tolerability of ranizumab in patients with retinal edema&#8221;. Sponsor. Novartis.  <\/li>\n<li>Maquet JA, Dios E, Arag\u00f3n J, Bailez C, Ussa F, Laguna N. Protocol for mitomycin C use in glaucoma surgery. <em>Acta Ophthalmol Scand<\/em>. 2005 Apr;83(2):196-200. <\/li>\n<li>Rodriguez de la R\u00faa E, Pastor JC, Arag\u00f3n J, Mayo-Iscar A, Mart\u00ednez V, Garc\u00eda-Arum\u00ed J, Giraldo A, Sanabria-Ruiz Colmenares MR, Miranda I. Interaction between surgical procedure for repairing retinal detachment and clinical risk factors for proliferative vitreoretinopathy. <em>Curr Eye Res<\/em>. 2005 Feb;30(2):147-53. <\/li>\n<li>Olea JL, G\u00f3mez-Resa M, Cervera-Peris MM, Arag\u00f3n JA. Silicone oil droplets in repackaged anti-vascular endothelial growth factors for intravitreal injections: In search of the main source of contamination. <em>Eur J Ophthalmol<\/em>. 2020;30(4):774-779. doi:10.1177\/1120672118823133.   <\/li>\n<li>Olea JL, Sastre M, Arag\u00f3n JA, Cardona A, Mateos JM. Treatment of retinal angiomatous proliferation (RAP). A retrospective study <em>Arch Soc Esp Oftalmol<\/em>. 2007 Jan;82(1):27-35.   <\/li>\n<li>Olea JL, Arag\u00f3n JA, Zapata ME, Tur JA. [Characteristics of patients with wet age-related macular degeneration and low intake of lutein and zeaxanthin]. <em>Arch Soc Esp Oftalmol<\/em>. 2012 Apr; 87(4):112-8. doi: 10.1016\/j.oftal.2011.10.007. Epub 2012 Mar 14. Spanish. PubMed PMID: 22482894.      <\/li>\n<li>Bibiloni Mdel M, Zapata ME, Arag\u00f3n JA, Pons A, Olea JL, Tur JA. Estimation of antioxidants dietary intake in wet age-related macular degeneration patients. <em>Nutr Hosp<\/em>. 2014 Apr 1; 29(4):880-8. doi: 10.3305\/nh.2014.29.4.7078. PubMed PMID: 24679031.    <\/li>\n<li>Escudero Bodenlle L, Olea Vallejo JL, Pons Crespi M, Arag\u00f3n Roca JA, Costa Jordao C. Anti-TNF: Novelty of treatment in ocular sarcoidosis. <em>Medicina Balear<\/em> 2017; 32 (3); 47-49. doi: 10.3306\/MEDICINABALEAR.32.03.47. <\/li>\n<li>E Basauri, A Achurra, J Arag\u00f3n, J Catal\u00e1, L Cordov\u00e9s, M L\u00f3pez, J Mart\u00ednez Toldos, J Nadal, L Sararols. 2011 \u201cEndoftamitis Infecciosa\u201d <em>Gu\u00edas de Pr\u00e1ctica Cl\u00ednica de la SERV<\/em>. ISBN 978-84-614-7906-1 DL: M-7027-2011.  <\/li>\n<li>E Basauri, A Achurra, J Arag\u00f3n, J Catal\u00e1, L Cordov\u00e9s, M L\u00f3pez, J Mart\u00ednez Toldos, J Nadal, L Sararols. 2011 &#8220;Infectious Endophthamitis&#8221; <em>Clinical Practice Guidelines of the SERV<\/em>. First revision. ISBN 978-84-606-5736-1 DL: C-132-2015.   <\/li>\n<li>E Basauri, J Arag\u00f3n, J Catal\u00e1, L Cordov\u00e9s, M L\u00f3pez, J Mart\u00ednez Toldos, A Achurra. 2011 &#8220;Infectious Endophthamitis&#8221; <em> Clinical Practice Guidelines of the SERV<\/em>. Second revision. ISBN 978-84-697-9684-9 DL: C-156-2018.   <\/li>\n<li>Transpupillary Thermotherapy (TTT) in progressive occult AMD. Sastre M, Aragon JA, Mateos 1M, Mulet P. Oral communication at the 81st Congress of the Spanish Society of Ophthalmology. Zaragoza, 2005.<\/li>\n<li>Removal of peripapillary neovascular membrane. Urdiales A, Sastre M, Aragon JA. Oral communication at the 81st Congress of the Spanish Society of Ophthalmology. Zaragoza, 2005.   <\/li>\n<li>Oral communication at the 23rd National Meeting of Uveitis 2010, Spanish Society of Uveitis and Ocular Inflammation (SEDU) and Spanish Multicenter Group of Uveitis (GEMU). Valencia, 2010. <\/li>\n<li>Optical coherence tomography (OCT), in vitreous retina. Dr Juan Antonio Arag\u00f3n Roca. Oral communication at the I Curso de Imagen en Vitreoretina Hospital Son Espases, 2016.  <\/li>\n<li>Speaker at the course Initiation to Vitrectomy, Laboratorios Alcon. Barcelona, 2005, 2006, 2007, 2008. <\/li>\n<li>Speaker at the 82nd Congress of the Spanish Society of Ophthalmology. Age-related macular degeneration. Significant clinical cases. Director: Dr. Jos\u00e9 Luis Olea Vallejo.    2006.<\/li>\n<li>Speaker at the I Meeting on Diabetes and Obesity. Olea JL, Arag\u00f3n JA. Palma de Mallorca, 2007.  <\/li>\n<li>JL Olea, JA Arag\u00f3n, JM Mateos, P Mulet. &#8220;Uveitis due to immunorecovery&#8221;, panel communication. National Meeting of the Spanish Multicenter Uveitis Group, 2006.  <\/li>\n<li>JA Arag\u00f3n. &#8220;Central retinal arteryobstruction in a case of AMD treated with ranibizumab&#8221;, panel communication. 84th Spanish Society of Ophthalmology Congress, 2008.  <\/li>\n<li>M Gomez-Resa, JL Olea, P Rocha-Cabrera, JA Aragon. \u201cEffectiveness of infliximab in Behcet disease with previous development ofanti-infliximab antibodies\u201d, comunicaci\u00f3n en panel. 17th EURETINA Congress, Barcelona, 2017.  <\/li>\n<li>Olea JL, Arag\u00f3n JA, Mateos JM, Mulet P, G\u00f3mez Resa M. &#8220;Results in clinical practice with a treat&amp;extend regimen in wet AMD &#8220;, panel communication. XXI Congress of the Spanish Retina and Vitreous Society ( SERV), Madrid, 2017. <\/li>\n<\/ul>\n<h5>Other information of interest<\/h5>\n<ul>\n<li>Emili Darder Award, Real Acad\u00e8mia de Medicina de les Illes Balears: &#8220;Estudio epidemiol\u00f3gico de la retinopat\u00eda del prematuro de Baleares&#8221; (co-author). 2010.<\/li>\n<li>Emili DarderAward, Royal Academy of Medicine of the Balearic Islands: &#8220;Characteristics of the population with low intake of luein and zeaxanthin in patients with wet AMD in the Balearic Islands&#8221; (Medicine or Surgery, Hygiene and Social Medicine category ) (co-author). 2010.<\/li>\n<\/ul>\n<h5>Languages<\/h5>\n<p>Spanish, Catalan, English.[\/vc_column_text][nectar_btn size=&#8221;small&#8221; button_style=&#8221;regular&#8221; button_color_2=&#8221;Accent-Color&#8221; icon_family=&#8221;none&#8221; url=&#8221;\/equipo\/&#8221; text=&#8221;MEDICAL TEAM&#8221; margin_top=&#8221;30px&#8221;][\/vc_column_inner][\/vc_row_inner][\/vc_column][vc_column column_padding=&#8221;padding-2-percent&#8221; column_padding_tablet=&#8221;inherit&#8221; column_padding_phone=&#8221;inherit&#8221; column_padding_position=&#8221;left-right&#8221; column_element_spacing=&#8221;default&#8221; background_color_opacity=&#8221;1&#8243; background_hover_color_opacity=&#8221;1&#8243; column_shadow=&#8221;none&#8221; column_border_radius=&#8221;none&#8221; column_link_target=&#8221;_self&#8221; gradient_direction=&#8221;left_to_right&#8221; overlay_strength=&#8221;0.3&#8243; width=&#8221;1\/3&#8243; tablet_width_inherit=&#8221;default&#8221; tablet_text_alignment=&#8221;default&#8221; phone_text_alignment=&#8221;default&#8221; bg_image_animation=&#8221;none&#8221; border_type=&#8221;simple&#8221; column_border_width=&#8221;none&#8221; column_border_style=&#8221;solid&#8221;][vc_column_text css=&#8221;.vc_custom_1642766114475{padding-top: 20px !important;padding-right: 20px !important;padding-bottom: 20px !important;padding-left: 20px !important;background-color: #f8f8f8 !important;}&#8221;]\n<h5><strong>Specialist in<\/strong><\/h5>\n<ul>\n<li><a href=\"https:\/\/oftalmedic.es\/en\/unidad-de-retina\/\" target=\"_blank\" rel=\"noopener\">Retina and vitreous unit<\/a><\/li>\n<\/ul>\n[\/vc_column_text][divider line_type=&#8221;No Line&#8221;][\/vc_column][\/vc_row]\n","protected":false},"excerpt":{"rendered":"<p>[vc_row type=&#8221;in_container&#8221; full_screen_row_position=&#8221;middle&#8221; column_margin=&#8221;default&#8221; column_direction=&#8221;default&#8221; column_direction_tablet=&#8221;default&#8221; column_direction_phone=&#8221;default&#8221; scene_position=&#8221;center&#8221; bottom_padding=&#8221;30&#8243; text_color=&#8221;dark&#8221; text_align=&#8221;left&#8221; row_border_radius=&#8221;none&#8221; row_border_radius_applies=&#8221;bg&#8221; overlay_strength=&#8221;0.3&#8243; gradient_direction=&#8221;left_to_right&#8221; shape_divider_position=&#8221;bottom&#8221; bg_image_animation=&#8221;none&#8221; shape_type=&#8221;&#8221;][vc_column column_padding=&#8221;no-extra-padding&#8221; column_padding_tablet=&#8221;inherit&#8221; column_padding_phone=&#8221;inherit&#8221; column_padding_position=&#8221;all&#8221; column_element_spacing=&#8221;default&#8221; background_color_opacity=&#8221;1&#8243; background_hover_color_opacity=&#8221;1&#8243; column_shadow=&#8221;none&#8221; column_border_radius=&#8221;none&#8221; column_link_target=&#8221;_self&#8221; gradient_direction=&#8221;left_to_right&#8221; overlay_strength=&#8221;0.3&#8243; width=&#8221;2\/3&#8243; tablet_width_inherit=&#8221;default&#8221; tablet_text_alignment=&#8221;default&#8221; phone_text_alignment=&#8221;default&#8221; bg_image_animation=&#8221;none&#8221; border_type=&#8221;simple&#8221; column_border_width=&#8221;none&#8221; column_border_style=&#8221;solid&#8221;][vc_row_inner column_margin=&#8221;default&#8221; column_direction=&#8221;default&#8221; column_direction_tablet=&#8221;default&#8221; column_direction_phone=&#8221;default&#8221; text_align=&#8221;left&#8221;][vc_column_inner column_padding=&#8221;no-extra-padding&#8221; column_padding_tablet=&#8221;inherit&#8221; column_padding_phone=&#8221;inherit&#8221; column_padding_position=&#8221;all&#8221; column_element_spacing=&#8221;default&#8221; background_color_opacity=&#8221;1&#8243; background_hover_color_opacity=&#8221;1&#8243; column_shadow=&#8221;none&#8221; column_border_radius=&#8221;none&#8221; column_link_target=&#8221;_self&#8221; gradient_direction=&#8221;left_to_right&#8221; overlay_strength=&#8221;0.3&#8243; width=&#8221;1\/3&#8243; tablet_width_inherit=&#8221;default&#8221; bg_image_animation=&#8221;none&#8221; border_type=&#8221;simple&#8221; column_border_width=&#8221;none&#8221;&#8230;<\/p>\n","protected":false},"author":2,"featured_media":0,"parent":12433,"menu_order":0,"comment_status":"closed","ping_status":"closed","template":"","meta":{"footnotes":""},"class_list":["post-11602","page","type-page","status-publish"],"yoast_head":"<!-- This site is optimized with the Yoast SEO plugin v27.1.1 - https:\/\/yoast.com\/product\/yoast-seo-wordpress\/ -->\n<title>Dr Juan Antonio Arag\u00f3n, retina and vitreous specialist.<\/title>\n<meta name=\"description\" content=\"Dr. Juan Antonio Arag\u00f3n Roca. Specialist in the treatment of retinal and vitreous diseases. Ophthalmologist at Oftalmedic Salv\u00e0. Make an appointment online.\" \/>\n<meta name=\"robots\" content=\"index, follow, max-snippet:-1, max-image-preview:large, max-video-preview:-1\" \/>\n<link rel=\"canonical\" href=\"https:\/\/oftalmedic.es\/en\/equipo\/dr-juan-antonio-aragon-roca\/\" \/>\n<meta property=\"og:locale\" content=\"en_US\" \/>\n<meta property=\"og:type\" content=\"article\" \/>\n<meta property=\"og:title\" content=\"Dr Juan Antonio Arag\u00f3n, retina and vitreous specialist.\" \/>\n<meta property=\"og:description\" content=\"Dr. Juan Antonio Arag\u00f3n Roca. Specialist in the treatment of retinal and vitreous diseases. Ophthalmologist at Oftalmedic Salv\u00e0. Make an appointment online.\" \/>\n<meta property=\"og:url\" content=\"https:\/\/oftalmedic.es\/en\/equipo\/dr-juan-antonio-aragon-roca\/\" \/>\n<meta property=\"og:site_name\" content=\"Oftalmedic Salv\u00e1\" \/>\n<meta property=\"article:publisher\" content=\"https:\/\/www.facebook.com\/OftalmedicSalva\/\" \/>\n<meta property=\"article:modified_time\" content=\"2025-07-08T05:50:44+00:00\" \/>\n<meta name=\"twitter:card\" content=\"summary_large_image\" \/>\n<meta name=\"twitter:site\" content=\"@OftalmedicSalva\" \/>\n<meta name=\"twitter:label1\" content=\"Est. reading time\" \/>\n\t<meta name=\"twitter:data1\" content=\"7 minutes\" \/>\n<script type=\"application\/ld+json\" class=\"yoast-schema-graph\">{\"@context\":\"https:\/\/schema.org\",\"@graph\":[{\"@type\":\"WebPage\",\"@id\":\"https:\/\/oftalmedic.es\/en\/equipo\/dr-juan-antonio-aragon-roca\/\",\"url\":\"https:\/\/oftalmedic.es\/en\/equipo\/dr-juan-antonio-aragon-roca\/\",\"name\":\"Dr Juan Antonio Arag\u00f3n, retina and vitreous specialist.\",\"isPartOf\":{\"@id\":\"https:\/\/oftalmedic.es\/en\/#website\"},\"datePublished\":\"2025-07-08T05:50:42+00:00\",\"dateModified\":\"2025-07-08T05:50:44+00:00\",\"description\":\"Dr. Juan Antonio Arag\u00f3n Roca. Specialist in the treatment of retinal and vitreous diseases. Ophthalmologist at Oftalmedic Salv\u00e0. Make an appointment online.\",\"breadcrumb\":{\"@id\":\"https:\/\/oftalmedic.es\/en\/equipo\/dr-juan-antonio-aragon-roca\/#breadcrumb\"},\"inLanguage\":\"en-US\",\"potentialAction\":[{\"@type\":\"ReadAction\",\"target\":[\"https:\/\/oftalmedic.es\/en\/equipo\/dr-juan-antonio-aragon-roca\/\"]}]},{\"@type\":\"BreadcrumbList\",\"@id\":\"https:\/\/oftalmedic.es\/en\/equipo\/dr-juan-antonio-aragon-roca\/#breadcrumb\",\"itemListElement\":[{\"@type\":\"ListItem\",\"position\":1,\"name\":\"Portada\",\"item\":\"https:\/\/oftalmedic.es\/en\/\"},{\"@type\":\"ListItem\",\"position\":2,\"name\":\"Dr. Juan Antonio Arag\u00f3n Roca\"}]},{\"@type\":\"WebSite\",\"@id\":\"https:\/\/oftalmedic.es\/en\/#website\",\"url\":\"https:\/\/oftalmedic.es\/en\/\",\"name\":\"Oftalmedic Salv\u00e1\",\"description\":\"Red de cl\u00ednicas oftalmol\u00f3gicas de referencia en Baleares. Pionera en tecnolog\u00eda l\u00e1ser para cirug\u00eda de cataratas y correcci\u00f3n de la miop\u00eda, hipermetrop\u00eda, astigmatismo y presbicia o vista cansada.\",\"publisher\":{\"@id\":\"https:\/\/oftalmedic.es\/en\/#organization\"},\"potentialAction\":[{\"@type\":\"SearchAction\",\"target\":{\"@type\":\"EntryPoint\",\"urlTemplate\":\"https:\/\/oftalmedic.es\/en\/?s={search_term_string}\"},\"query-input\":{\"@type\":\"PropertyValueSpecification\",\"valueRequired\":true,\"valueName\":\"search_term_string\"}}],\"inLanguage\":\"en-US\"},{\"@type\":\"Organization\",\"@id\":\"https:\/\/oftalmedic.es\/en\/#organization\",\"name\":\"[wpseo_titles]company_Nombre\",\"url\":\"https:\/\/oftalmedic.es\/en\/\",\"logo\":{\"@type\":\"ImageObject\",\"inLanguage\":\"en-US\",\"@id\":\"https:\/\/oftalmedic.es\/en\/#\/schema\/logo\/image\/\",\"url\":\"https:\/\/oftalmedic.es\/wp-content\/uploads\/2018\/06\/logo-oftalmedic.png\",\"contentUrl\":\"https:\/\/oftalmedic.es\/wp-content\/uploads\/2018\/06\/logo-oftalmedic.png\",\"width\":200,\"height\":58,\"caption\":\"[wpseo_titles]company_Nombre\"},\"image\":{\"@id\":\"https:\/\/oftalmedic.es\/en\/#\/schema\/logo\/image\/\"},\"sameAs\":[\"https:\/\/www.facebook.com\/OftalmedicSalva\/\",\"https:\/\/x.com\/OftalmedicSalva\",\"https:\/\/www.instagram.com\/oftalmedic_salva\",\"https:\/\/www.youtube.com\/channel\/UCWrAdUQk6ZmrfVUqBwX0cug\",\"https:\/\/www.linkedin.com\/company\/oftalmedic-clnica-salv\/\"]}]}<\/script>\n<!-- \/ Yoast SEO plugin. -->","yoast_head_json":{"title":"Dr Juan Antonio Arag\u00f3n, retina and vitreous specialist.","description":"Dr. Juan Antonio Arag\u00f3n Roca. Specialist in the treatment of retinal and vitreous diseases. Ophthalmologist at Oftalmedic Salv\u00e0. Make an appointment online.","robots":{"index":"index","follow":"follow","max-snippet":"max-snippet:-1","max-image-preview":"max-image-preview:large","max-video-preview":"max-video-preview:-1"},"canonical":"https:\/\/oftalmedic.es\/en\/equipo\/dr-juan-antonio-aragon-roca\/","og_locale":"en_US","og_type":"article","og_title":"Dr Juan Antonio Arag\u00f3n, retina and vitreous specialist.","og_description":"Dr. Juan Antonio Arag\u00f3n Roca. Specialist in the treatment of retinal and vitreous diseases. Ophthalmologist at Oftalmedic Salv\u00e0. Make an appointment online.","og_url":"https:\/\/oftalmedic.es\/en\/equipo\/dr-juan-antonio-aragon-roca\/","og_site_name":"Oftalmedic Salv\u00e1","article_publisher":"https:\/\/www.facebook.com\/OftalmedicSalva\/","article_modified_time":"2025-07-08T05:50:44+00:00","twitter_card":"summary_large_image","twitter_site":"@OftalmedicSalva","twitter_misc":{"Est. reading time":"7 minutes"},"schema":{"@context":"https:\/\/schema.org","@graph":[{"@type":"WebPage","@id":"https:\/\/oftalmedic.es\/en\/equipo\/dr-juan-antonio-aragon-roca\/","url":"https:\/\/oftalmedic.es\/en\/equipo\/dr-juan-antonio-aragon-roca\/","name":"Dr Juan Antonio Arag\u00f3n, retina and vitreous specialist.","isPartOf":{"@id":"https:\/\/oftalmedic.es\/en\/#website"},"datePublished":"2025-07-08T05:50:42+00:00","dateModified":"2025-07-08T05:50:44+00:00","description":"Dr. Juan Antonio Arag\u00f3n Roca. Specialist in the treatment of retinal and vitreous diseases. Ophthalmologist at Oftalmedic Salv\u00e0. Make an appointment online.","breadcrumb":{"@id":"https:\/\/oftalmedic.es\/en\/equipo\/dr-juan-antonio-aragon-roca\/#breadcrumb"},"inLanguage":"en-US","potentialAction":[{"@type":"ReadAction","target":["https:\/\/oftalmedic.es\/en\/equipo\/dr-juan-antonio-aragon-roca\/"]}]},{"@type":"BreadcrumbList","@id":"https:\/\/oftalmedic.es\/en\/equipo\/dr-juan-antonio-aragon-roca\/#breadcrumb","itemListElement":[{"@type":"ListItem","position":1,"name":"Portada","item":"https:\/\/oftalmedic.es\/en\/"},{"@type":"ListItem","position":2,"name":"Dr. Juan Antonio Arag\u00f3n Roca"}]},{"@type":"WebSite","@id":"https:\/\/oftalmedic.es\/en\/#website","url":"https:\/\/oftalmedic.es\/en\/","name":"Oftalmedic Salv\u00e1","description":"Red de cl\u00ednicas oftalmol\u00f3gicas de referencia en Baleares. Pionera en tecnolog\u00eda l\u00e1ser para cirug\u00eda de cataratas y correcci\u00f3n de la miop\u00eda, hipermetrop\u00eda, astigmatismo y presbicia o vista cansada.","publisher":{"@id":"https:\/\/oftalmedic.es\/en\/#organization"},"potentialAction":[{"@type":"SearchAction","target":{"@type":"EntryPoint","urlTemplate":"https:\/\/oftalmedic.es\/en\/?s={search_term_string}"},"query-input":{"@type":"PropertyValueSpecification","valueRequired":true,"valueName":"search_term_string"}}],"inLanguage":"en-US"},{"@type":"Organization","@id":"https:\/\/oftalmedic.es\/en\/#organization","name":"[wpseo_titles]company_Nombre","url":"https:\/\/oftalmedic.es\/en\/","logo":{"@type":"ImageObject","inLanguage":"en-US","@id":"https:\/\/oftalmedic.es\/en\/#\/schema\/logo\/image\/","url":"https:\/\/oftalmedic.es\/wp-content\/uploads\/2018\/06\/logo-oftalmedic.png","contentUrl":"https:\/\/oftalmedic.es\/wp-content\/uploads\/2018\/06\/logo-oftalmedic.png","width":200,"height":58,"caption":"[wpseo_titles]company_Nombre"},"image":{"@id":"https:\/\/oftalmedic.es\/en\/#\/schema\/logo\/image\/"},"sameAs":["https:\/\/www.facebook.com\/OftalmedicSalva\/","https:\/\/x.com\/OftalmedicSalva","https:\/\/www.instagram.com\/oftalmedic_salva","https:\/\/www.youtube.com\/channel\/UCWrAdUQk6ZmrfVUqBwX0cug","https:\/\/www.linkedin.com\/company\/oftalmedic-clnica-salv\/"]}]}},"_links":{"self":[{"href":"https:\/\/oftalmedic.es\/en\/wp-json\/wp\/v2\/pages\/11602","targetHints":{"allow":["GET"]}}],"collection":[{"href":"https:\/\/oftalmedic.es\/en\/wp-json\/wp\/v2\/pages"}],"about":[{"href":"https:\/\/oftalmedic.es\/en\/wp-json\/wp\/v2\/types\/page"}],"author":[{"embeddable":true,"href":"https:\/\/oftalmedic.es\/en\/wp-json\/wp\/v2\/users\/2"}],"replies":[{"embeddable":true,"href":"https:\/\/oftalmedic.es\/en\/wp-json\/wp\/v2\/comments?post=11602"}],"version-history":[{"count":0,"href":"https:\/\/oftalmedic.es\/en\/wp-json\/wp\/v2\/pages\/11602\/revisions"}],"up":[{"embeddable":true,"href":"https:\/\/oftalmedic.es\/en\/wp-json\/wp\/v2\/pages\/12433"}],"wp:attachment":[{"href":"https:\/\/oftalmedic.es\/en\/wp-json\/wp\/v2\/media?parent=11602"}],"curies":[{"name":"wp","href":"https:\/\/api.w.org\/{rel}","templated":true}]}}