{"id":11605,"date":"2025-07-08T05:56:55","date_gmt":"2025-07-08T05:56:55","guid":{"rendered":"https:\/\/oftalmedic.rwdesarrollos.es\/team\/dr-juan-sanchez-naves\/"},"modified":"2025-11-07T11:08:39","modified_gmt":"2025-11-07T11:08:39","slug":"dr-juan-sanchez-naves","status":"publish","type":"page","link":"https:\/\/oftalmedic.es\/en\/equipo\/dr-juan-sanchez-naves\/","title":{"rendered":"Dr. Juan S\u00e1nchez Nav\u00e9s"},"content":{"rendered":"[vc_row type=&#8221;in_container&#8221; full_screen_row_position=&#8221;middle&#8221; column_margin=&#8221;default&#8221; column_direction=&#8221;default&#8221; column_direction_tablet=&#8221;default&#8221; column_direction_phone=&#8221;default&#8221; scene_position=&#8221;center&#8221; bottom_padding=&#8221;30&#8243; text_color=&#8221;dark&#8221; text_align=&#8221;left&#8221; row_border_radius=&#8221;none&#8221; row_border_radius_applies=&#8221;bg&#8221; overflow=&#8221;visible&#8221; overlay_strength=&#8221;0.3&#8243; gradient_direction=&#8221;left_to_right&#8221; shape_divider_position=&#8221;bottom&#8221; bg_image_animation=&#8221;none&#8221; shape_type=&#8221;&#8221;][vc_column column_padding=&#8221;no-extra-padding&#8221; column_padding_tablet=&#8221;inherit&#8221; column_padding_phone=&#8221;inherit&#8221; column_padding_position=&#8221;all&#8221; column_element_direction_desktop=&#8221;default&#8221; column_element_spacing=&#8221;default&#8221; desktop_text_alignment=&#8221;default&#8221; tablet_text_alignment=&#8221;default&#8221; phone_text_alignment=&#8221;default&#8221; background_color_opacity=&#8221;1&#8243; background_hover_color_opacity=&#8221;1&#8243; column_backdrop_filter=&#8221;none&#8221; column_shadow=&#8221;none&#8221; column_border_radius=&#8221;none&#8221; column_link_target=&#8221;_self&#8221; column_position=&#8221;default&#8221; gradient_direction=&#8221;left_to_right&#8221; overlay_strength=&#8221;0.3&#8243; width=&#8221;2\/3&#8243; tablet_width_inherit=&#8221;default&#8221; animation_type=&#8221;default&#8221; bg_image_animation=&#8221;none&#8221; border_type=&#8221;simple&#8221; column_border_width=&#8221;none&#8221; column_border_style=&#8221;solid&#8221;][vc_row_inner column_margin=&#8221;default&#8221; column_direction=&#8221;default&#8221; column_direction_tablet=&#8221;default&#8221; column_direction_phone=&#8221;default&#8221; text_align=&#8221;left&#8221; row_position=&#8221;default&#8221; row_position_tablet=&#8221;inherit&#8221; row_position_phone=&#8221;inherit&#8221; overflow=&#8221;visible&#8221; pointer_events=&#8221;all&#8221;][vc_column_inner column_padding=&#8221;no-extra-padding&#8221; column_padding_tablet=&#8221;inherit&#8221; column_padding_phone=&#8221;inherit&#8221; column_padding_position=&#8221;all&#8221; column_element_direction_desktop=&#8221;default&#8221; column_element_spacing=&#8221;default&#8221; desktop_text_alignment=&#8221;default&#8221; tablet_text_alignment=&#8221;default&#8221; phone_text_alignment=&#8221;default&#8221; background_color_opacity=&#8221;1&#8243; background_hover_color_opacity=&#8221;1&#8243; column_backdrop_filter=&#8221;none&#8221; column_shadow=&#8221;none&#8221; column_border_radius=&#8221;none&#8221; column_link_target=&#8221;_self&#8221; overflow=&#8221;visible&#8221; gradient_direction=&#8221;left_to_right&#8221; overlay_strength=&#8221;0.3&#8243; width=&#8221;1\/3&#8243; tablet_width_inherit=&#8221;default&#8221; animation_type=&#8221;default&#8221; bg_image_animation=&#8221;none&#8221; border_type=&#8221;simple&#8221; column_border_width=&#8221;none&#8221; column_border_style=&#8221;solid&#8221;][image_with_animation image_url=&#8221;7295&#8243; image_size=&#8221;full&#8221; animation_type=&#8221;entrance&#8221; animation=&#8221;Fade In&#8221; animation_easing=&#8221;default&#8221; animation_movement_type=&#8221;transform_y&#8221; hover_animation=&#8221;none&#8221; alignment=&#8221;&#8221; border_radius=&#8221;none&#8221; box_shadow=&#8221;none&#8221; image_loading=&#8221;default&#8221; max_width=&#8221;100%&#8221; max_width_mobile=&#8221;default&#8221;][\/vc_column_inner][vc_column_inner column_padding=&#8221;no-extra-padding&#8221; column_padding_tablet=&#8221;inherit&#8221; column_padding_phone=&#8221;inherit&#8221; column_padding_position=&#8221;all&#8221; column_element_direction_desktop=&#8221;default&#8221; column_element_spacing=&#8221;default&#8221; desktop_text_alignment=&#8221;default&#8221; tablet_text_alignment=&#8221;default&#8221; phone_text_alignment=&#8221;default&#8221; background_color_opacity=&#8221;1&#8243; background_hover_color_opacity=&#8221;1&#8243; column_backdrop_filter=&#8221;none&#8221; column_shadow=&#8221;none&#8221; column_border_radius=&#8221;none&#8221; column_link_target=&#8221;_self&#8221; overflow=&#8221;visible&#8221; gradient_direction=&#8221;left_to_right&#8221; overlay_strength=&#8221;0.3&#8243; width=&#8221;2\/3&#8243; tablet_width_inherit=&#8221;default&#8221; animation_type=&#8221;default&#8221; bg_image_animation=&#8221;none&#8221; border_type=&#8221;simple&#8221; column_border_width=&#8221;none&#8221; column_border_style=&#8221;solid&#8221;][vc_column_text]\n<h1>Dr. Juan S\u00e1nchez Nav\u00e9s<\/h1>\n<p>Membership number: 070829243[\/vc_column_text][divider line_type=&#8221;Small Line&#8221; line_alignment=&#8221;default&#8221; line_thickness=&#8221;4&#8243; divider_color=&#8221;default&#8221; animate=&#8221;yes&#8221; custom_height=&#8221;30&#8243;][vc_column_text]\n<h5>Education and Training<\/h5>\n<ul>\n<li>Degree in Medicine and Surgery from the University of Barcelona (UB), 1992.<\/li>\n<li>Specialist in Ophthalmology , Hospital Cl\u00ednic Barcelona, 1996.<\/li>\n<\/ul>\n<h5>Professional Experience<\/h5>\n<p>Pioneer in the Balearic Islands in the application of the Lasik technique and ICL intraocular lenses to correct refractive defects (myopia, hyperopia, astigmatism) and in the treatment of cataracts for 25 years.<\/p>\n<ul>\n<li>Ophthalmologist at Oftalmedic Salv\u00e0 since 2021.<\/li>\n<li>Dilated ophthalmological activity in the field of refractive defects.<\/li>\n<\/ul>\n<h5>Scientific Activities<\/h5>\n<ul>\n<li>Scientific collaboration with Dr. Rafael Franco Fern\u00e1ndez, Professor of Biochemistry and Molecular Biology at the University of Barcelona, for the development of the research project &#8220;Potential of A2A\/A3 adenosine receptors or A2A\/A3 microglial heteromers as neuroprotection targets &#8220;, belonging to the 2018 call of the State Program for Scientific and Technical Research and Innovation (R + D + i) oriented to the Challenges of Society.<\/li>\n<li>Scientific collaboration with Dr. Ana Guzm\u00e1n Ar\u00e1nguez, full professor of the Department of Biochemistry and Molecular Biology of the Complutense University of Madrid, for the development of the research project &#8220;Effect of melatonin on the NLRP3 inflammasome and exosomes in chronic ocular pathologies&#8221;, belonging to the 2017-2020 call of the State R&amp;D&amp;I Program oriented to the Challenges of Society. <\/li>\n<li>Scientific collaboration with Dr. Juan Gonzalo Carracedo Rodr\u00edguez, Professor of the Department of Optometry and Vision of the Complutense University of Madrid for the development of the research project &#8220;Regulation of melatonin synthesis in the eye: implications in ocular pathologies&#8221;, belonging to the 2016 call of the State Program of R+D+i oriented to the Challenges of Society. This collaboration extends to other projects included in the Complutense research group under the title &#8220;Pharmacological biochemistry of the eye&#8221;. <\/li>\n<li>Alkozi H. A, P\u00e9rez de Lara M.J., S\u00e1nchez J., Pintor J (abril, 2017). TRPV4 stimulation induced melatonin secretion by increasing arylalkymine N-acetyltransferase (AANAT) protein level. International Journal of molecular science.  <\/li>\n<li>Alkozi H. A, S\u00e1nchez J., P\u00e9rez de Lara M.J., Carracedo G. et al. Elevated intraocular pressure increases melatonin levels in the aqueous humour (2016). Acta Opthalmologica.  <\/li>\n<li>S\u00e1nchez, J. (2015). Comparison of intraocular pressure before and after LASIK, measured with Perkins tonometer, non contact tonometry and transpalpebral tonometer. Journal of ophthalmology, 15.  <\/li>\n<li>S\u00e1nchez, J. (2014). Diadenosine polyphosphates after LASIK and PRK techniques. Acta Opthalmologica.  <\/li>\n<li>S\u00e1nchez, J. (diciembre, 2008). Impact and permanence of LASIK-induced structural changes in the cornea on pneumotonometric measurements: contributions of flap cutting and stromal ablation. Journal of Glaucoma.  <\/li>\n<li>European Society of Cataract &amp; Refractive Surgeons Congress (ESCR), Par\u00eds (2019).<\/li>\n<li>16th international EVO Visian ICL expert meeting, Par\u00eds (2019).<\/li>\n<li>American Society of Cataract &amp; Refractive Surgery (ASCRS), San Diego (2019). Comparing LASEK results versus ICL in patients with low to moderate myopia. <\/li>\n<li>ASCRS, Washington (2018).<\/li>\n<li>ASCRS, Los Angeles (2017). Melatonin levels in patients after cataract surgery with and whithout O.H.T. <\/li>\n<li>ASCRS, New Orleans (2016). AP4A: New moietis fo detecting dry-eye after PRK and implantation of an epicristalline lens. <\/li>\n<li>ARVO 2016 Annual Meeting, Seattle. Elevated intraocular pressure increases melatonin levels in the aqueous humor. <\/li>\n<li>ESCR, Barcelona (2015). Diadenosine nucleotides measure as dry eye score after LASIK and PRK. <\/li>\n<li>ASCRS, San Diego (2015).<\/li>\n<li>ASCRS, Boston (2014). Comparing near visual acuity results for presbyopic treatment with lasik versus multifocal diffractive i.o.l.. <\/li>\n<li>ASCRS, San Francisco (2013). Comparing HOAs after presbyopic treatment with lasik versus multifocal i.o.l. <\/li>\n<li>ASCRS, Chicago (2012). Diadenosine nucleotide measurements as dry eye score in patients after LASIK and ICL. <\/li>\n<li>Emmetropia Meeting, Palma de Mallorca (2012). Biometry as a key factor in multifocal IOL power calculation. <\/li>\n<li>ASCRS, San Diego (2011). Dry eye after Lasik and PRK by means of the Ap4A measurements. <\/li>\n<li>ASCRS, Boston (2010). Clinical evolution of LASIK patients after a femtosecond flap. <\/li>\n<li>ESCR, Barcelona (2009). Comparative clinical progression of conventional microkeratome and Femtec corneal flaps on lasik surgery. <\/li>\n<li>ASCRS, San Francisco (2009). Intracorneal rings for keratoconus by means of femtosecond laser: settings and results. <\/li>\n<li>Practical course of intrastomal surgery with Femtec for presbyopic defects. Ophthalmologic Center of Colombia. <\/li>\n<li>ASCRS, Chicago (2008). The microkeratome effect after unsuccesseful femtosecond cut. <\/li>\n<li>ESCR, Berl\u00edn (2008), The influence of thickness and curvature of the cornea on flaps created by means of femtosecond laser.<\/li>\n<li>Conferencia en la Sociedad Oftalmol\u00f3gica de Taiw\u00e1n (2007), Indications, technique and complications with the femtosecond laser.<\/li>\n<li>ASCRS, San Diego (2007). Higher order aberrations after the treatment of high astigmatism with lasik. <\/li>\n<li>Spanish Society of Ophthalmology Congress (SEO). Aberrometry Course ( 2006). <\/li>\n<li>ASCRS, San Francisco (2006). Analyzing HOA in hyperopic patients treated with lasik. <\/li>\n<li>Sociedad Espa\u00f1ola de Cirug\u00eda Ocular Implanto-Refractiva (SECOIR), Tenerife (2005). Analysis of the corneal thickness following LASIK. <\/li>\n<li>ASCRS, Washington (2005). Analyzing higher order aberrations in patients with keratoconus. <\/li>\n<li>V Congreso Corneal Mundial, Washington (2005).<\/li>\n<li>80th SEO Congress, C\u00f3rdoba (2004). Course on Optical Aberrations in Ophthalmology. <\/li>\n<li>SECOIR, Sevilla (2004). Effect of Sodium Hyaluronate on the Microkeratome Pass. <\/li>\n<li>ASCRS, San Diego (2004).<\/li>\n<li>ESCRS Winter Meeting, Barcelona (2004).<\/li>\n<li>79\u00ba Congreso SEO, Valencia (2003).<\/li>\n<li>ASCRS, San Francisco (2003). Symposium on Cataract IOL and Refractive Surgery. <\/li>\n<li>14th Congress of the European Society of Ophthalmology, Madrid (2003).<\/li>\n<li>SECOIR, Sitges (2003).<\/li>\n<\/ul>\n<h5>Other information of interest<\/h5>\n<p>Member of the American Society of Cataracts and Refractive Surgery (ASCRS) for 25 years.<\/p>\n<h5>Languages<\/h5>\n<p>Spanish, English.[\/vc_column_text][nectar_btn size=&#8221;small&#8221; button_style=&#8221;regular&#8221; button_color_2=&#8221;Accent-Color&#8221; icon_family=&#8221;none&#8221; url=&#8221;\/equipo\/&#8221; text=&#8221;MEDICAL TEAM&#8221; margin_top=&#8221;30px&#8221;][\/vc_column_inner][\/vc_row_inner][\/vc_column][vc_column column_padding=&#8221;padding-2-percent&#8221; column_padding_tablet=&#8221;inherit&#8221; column_padding_phone=&#8221;inherit&#8221; column_padding_position=&#8221;left-right&#8221; column_element_direction_desktop=&#8221;default&#8221; column_element_spacing=&#8221;default&#8221; desktop_text_alignment=&#8221;default&#8221; tablet_text_alignment=&#8221;default&#8221; phone_text_alignment=&#8221;default&#8221; background_color_opacity=&#8221;1&#8243; background_hover_color_opacity=&#8221;1&#8243; column_backdrop_filter=&#8221;none&#8221; column_shadow=&#8221;none&#8221; column_border_radius=&#8221;none&#8221; column_link_target=&#8221;_self&#8221; column_position=&#8221;default&#8221; gradient_direction=&#8221;left_to_right&#8221; overlay_strength=&#8221;0.3&#8243; width=&#8221;1\/3&#8243; tablet_width_inherit=&#8221;default&#8221; animation_type=&#8221;default&#8221; bg_image_animation=&#8221;none&#8221; border_type=&#8221;simple&#8221; column_border_width=&#8221;none&#8221; column_border_style=&#8221;solid&#8221;][vc_column_text css=&#8221;.vc_custom_1762513611236{padding-top: 20px !important;padding-right: 20px !important;padding-bottom: 20px !important;padding-left: 20px !important;background-color: #f8f8f8 !important;}&#8221;]\n<h5><strong>Specialist in<\/strong><\/h5>\n<ul>\n<li class=\"m_3265373467215399838MsoListParagraph\"><a href=\"https:\/\/oftalmedic.es\/en\/cirugia-refractiva\/\" target=\"_blank\" rel=\"noopener\">Refractive surgery<\/a><\/li>\n<li><a href=\"https:\/\/oftalmedic.es\/en\/presbicia\/\" target=\"_blank\" rel=\"noopener\">Presbyopia<\/a><\/li>\n<li><a href=\"https:\/\/oftalmedic.es\/en\/cataratas\/\" target=\"_blank\" rel=\"noopener\">Cataract treatment<\/a><\/li>\n<li><a href=\"https:\/\/oftalmedic.es\/en\/ocular-surface\/\" target=\"_blank\" rel=\"noopener\">Ocular surface and cornea<\/a><\/li>\n<\/ul>\n[\/vc_column_text][divider line_type=&#8221;No Line&#8221;][\/vc_column][\/vc_row]\n","protected":false},"excerpt":{"rendered":"<p>[vc_row type=&#8221;in_container&#8221; full_screen_row_position=&#8221;middle&#8221; column_margin=&#8221;default&#8221; column_direction=&#8221;default&#8221; column_direction_tablet=&#8221;default&#8221; column_direction_phone=&#8221;default&#8221; scene_position=&#8221;center&#8221; bottom_padding=&#8221;30&#8243; text_color=&#8221;dark&#8221; text_align=&#8221;left&#8221; row_border_radius=&#8221;none&#8221; row_border_radius_applies=&#8221;bg&#8221; overflow=&#8221;visible&#8221; overlay_strength=&#8221;0.3&#8243; gradient_direction=&#8221;left_to_right&#8221; shape_divider_position=&#8221;bottom&#8221; bg_image_animation=&#8221;none&#8221; shape_type=&#8221;&#8221;][vc_column column_padding=&#8221;no-extra-padding&#8221; column_padding_tablet=&#8221;inherit&#8221; column_padding_phone=&#8221;inherit&#8221; column_padding_position=&#8221;all&#8221; column_element_direction_desktop=&#8221;default&#8221; column_element_spacing=&#8221;default&#8221; desktop_text_alignment=&#8221;default&#8221; tablet_text_alignment=&#8221;default&#8221; phone_text_alignment=&#8221;default&#8221; background_color_opacity=&#8221;1&#8243; background_hover_color_opacity=&#8221;1&#8243; column_backdrop_filter=&#8221;none&#8221; column_shadow=&#8221;none&#8221; column_border_radius=&#8221;none&#8221; column_link_target=&#8221;_self&#8221; column_position=&#8221;default&#8221; gradient_direction=&#8221;left_to_right&#8221; overlay_strength=&#8221;0.3&#8243; width=&#8221;2\/3&#8243; tablet_width_inherit=&#8221;default&#8221; animation_type=&#8221;default&#8221; bg_image_animation=&#8221;none&#8221; border_type=&#8221;simple&#8221; column_border_width=&#8221;none&#8221; column_border_style=&#8221;solid&#8221;][vc_row_inner column_margin=&#8221;default&#8221; column_direction=&#8221;default&#8221; column_direction_tablet=&#8221;default&#8221; column_direction_phone=&#8221;default&#8221; text_align=&#8221;left&#8221; row_position=&#8221;default&#8221; row_position_tablet=&#8221;inherit&#8221; row_position_phone=&#8221;inherit&#8221; overflow=&#8221;visible&#8221; pointer_events=&#8221;all&#8221;][vc_column_inner column_padding=&#8221;no-extra-padding&#8221; column_padding_tablet=&#8221;inherit&#8221; column_padding_phone=&#8221;inherit&#8221; column_padding_position=&#8221;all&#8221; column_element_direction_desktop=&#8221;default&#8221; column_element_spacing=&#8221;default&#8221;&#8230;<\/p>\n","protected":false},"author":5,"featured_media":0,"parent":12433,"menu_order":0,"comment_status":"closed","ping_status":"closed","template":"","meta":{"footnotes":""},"class_list":["post-11605","page","type-page","status-publish"],"yoast_head":"<!-- This site is optimized with the Yoast SEO plugin v27.1.1 - https:\/\/yoast.com\/product\/yoast-seo-wordpress\/ -->\n<title>Dr Juan S\u00e1nchez Nav\u00e9s | Refractive Surgery Specialist | Oftalmedic Salv\u00e0<\/title>\n<meta name=\"description\" content=\"Dr Juan S\u00e1nchez Nav\u00e9s. Specialist in refractive surgery and cataract treatment in Palma. Ophthalmologist at Oftalmedic Salv\u00e0.\" \/>\n<meta name=\"robots\" content=\"index, follow, max-snippet:-1, max-image-preview:large, max-video-preview:-1\" \/>\n<link rel=\"canonical\" href=\"https:\/\/oftalmedic.es\/en\/equipo\/dr-juan-sanchez-naves\/\" \/>\n<meta property=\"og:locale\" content=\"en_US\" \/>\n<meta property=\"og:type\" content=\"article\" \/>\n<meta property=\"og:title\" content=\"Dr Juan S\u00e1nchez Nav\u00e9s | Refractive Surgery Specialist | Oftalmedic Salv\u00e0\" \/>\n<meta property=\"og:description\" content=\"Dr Juan S\u00e1nchez Nav\u00e9s. Specialist in refractive surgery and cataract treatment in Palma. Ophthalmologist at Oftalmedic Salv\u00e0.\" \/>\n<meta property=\"og:url\" content=\"https:\/\/oftalmedic.es\/en\/equipo\/dr-juan-sanchez-naves\/\" \/>\n<meta property=\"og:site_name\" content=\"Oftalmedic Salv\u00e1\" \/>\n<meta property=\"article:publisher\" content=\"https:\/\/www.facebook.com\/OftalmedicSalva\/\" \/>\n<meta property=\"article:modified_time\" content=\"2025-11-07T11:08:39+00:00\" \/>\n<meta name=\"twitter:card\" content=\"summary_large_image\" \/>\n<meta name=\"twitter:site\" content=\"@OftalmedicSalva\" \/>\n<meta name=\"twitter:label1\" content=\"Est. reading time\" \/>\n\t<meta name=\"twitter:data1\" content=\"7 minutes\" \/>\n<script type=\"application\/ld+json\" class=\"yoast-schema-graph\">{\"@context\":\"https:\/\/schema.org\",\"@graph\":[{\"@type\":\"WebPage\",\"@id\":\"https:\/\/oftalmedic.es\/en\/equipo\/dr-juan-sanchez-naves\/\",\"url\":\"https:\/\/oftalmedic.es\/en\/equipo\/dr-juan-sanchez-naves\/\",\"name\":\"Dr Juan S\u00e1nchez Nav\u00e9s | Refractive Surgery Specialist | Oftalmedic Salv\u00e0\",\"isPartOf\":{\"@id\":\"https:\/\/oftalmedic.es\/en\/#website\"},\"datePublished\":\"2025-07-08T05:56:55+00:00\",\"dateModified\":\"2025-11-07T11:08:39+00:00\",\"description\":\"Dr Juan S\u00e1nchez Nav\u00e9s. Specialist in refractive surgery and cataract treatment in Palma. Ophthalmologist at Oftalmedic Salv\u00e0.\",\"breadcrumb\":{\"@id\":\"https:\/\/oftalmedic.es\/en\/equipo\/dr-juan-sanchez-naves\/#breadcrumb\"},\"inLanguage\":\"en-US\",\"potentialAction\":[{\"@type\":\"ReadAction\",\"target\":[\"https:\/\/oftalmedic.es\/en\/equipo\/dr-juan-sanchez-naves\/\"]}]},{\"@type\":\"BreadcrumbList\",\"@id\":\"https:\/\/oftalmedic.es\/en\/equipo\/dr-juan-sanchez-naves\/#breadcrumb\",\"itemListElement\":[{\"@type\":\"ListItem\",\"position\":1,\"name\":\"Portada\",\"item\":\"https:\/\/oftalmedic.es\/en\/\"},{\"@type\":\"ListItem\",\"position\":2,\"name\":\"Equipo\",\"item\":\"https:\/\/oftalmedic.es\/en\/equipo\/\"},{\"@type\":\"ListItem\",\"position\":3,\"name\":\"Dr. Juan S\u00e1nchez Nav\u00e9s\"}]},{\"@type\":\"WebSite\",\"@id\":\"https:\/\/oftalmedic.es\/en\/#website\",\"url\":\"https:\/\/oftalmedic.es\/en\/\",\"name\":\"Oftalmedic Salv\u00e1\",\"description\":\"Red de cl\u00ednicas oftalmol\u00f3gicas de referencia en Baleares. Pionera en tecnolog\u00eda l\u00e1ser para cirug\u00eda de cataratas y correcci\u00f3n de la miop\u00eda, hipermetrop\u00eda, astigmatismo y presbicia o vista cansada.\",\"publisher\":{\"@id\":\"https:\/\/oftalmedic.es\/en\/#organization\"},\"potentialAction\":[{\"@type\":\"SearchAction\",\"target\":{\"@type\":\"EntryPoint\",\"urlTemplate\":\"https:\/\/oftalmedic.es\/en\/?s={search_term_string}\"},\"query-input\":{\"@type\":\"PropertyValueSpecification\",\"valueRequired\":true,\"valueName\":\"search_term_string\"}}],\"inLanguage\":\"en-US\"},{\"@type\":\"Organization\",\"@id\":\"https:\/\/oftalmedic.es\/en\/#organization\",\"name\":\"[wpseo_titles]company_Nombre\",\"url\":\"https:\/\/oftalmedic.es\/en\/\",\"logo\":{\"@type\":\"ImageObject\",\"inLanguage\":\"en-US\",\"@id\":\"https:\/\/oftalmedic.es\/en\/#\/schema\/logo\/image\/\",\"url\":\"https:\/\/oftalmedic.es\/wp-content\/uploads\/2018\/06\/logo-oftalmedic.png\",\"contentUrl\":\"https:\/\/oftalmedic.es\/wp-content\/uploads\/2018\/06\/logo-oftalmedic.png\",\"width\":200,\"height\":58,\"caption\":\"[wpseo_titles]company_Nombre\"},\"image\":{\"@id\":\"https:\/\/oftalmedic.es\/en\/#\/schema\/logo\/image\/\"},\"sameAs\":[\"https:\/\/www.facebook.com\/OftalmedicSalva\/\",\"https:\/\/x.com\/OftalmedicSalva\",\"https:\/\/www.instagram.com\/oftalmedic_salva\",\"https:\/\/www.youtube.com\/channel\/UCWrAdUQk6ZmrfVUqBwX0cug\",\"https:\/\/www.linkedin.com\/company\/oftalmedic-clnica-salv\/\"]}]}<\/script>\n<!-- \/ Yoast SEO plugin. -->","yoast_head_json":{"title":"Dr Juan S\u00e1nchez Nav\u00e9s | Refractive Surgery Specialist | Oftalmedic Salv\u00e0","description":"Dr Juan S\u00e1nchez Nav\u00e9s. Specialist in refractive surgery and cataract treatment in Palma. Ophthalmologist at Oftalmedic Salv\u00e0.","robots":{"index":"index","follow":"follow","max-snippet":"max-snippet:-1","max-image-preview":"max-image-preview:large","max-video-preview":"max-video-preview:-1"},"canonical":"https:\/\/oftalmedic.es\/en\/equipo\/dr-juan-sanchez-naves\/","og_locale":"en_US","og_type":"article","og_title":"Dr Juan S\u00e1nchez Nav\u00e9s | Refractive Surgery Specialist | Oftalmedic Salv\u00e0","og_description":"Dr Juan S\u00e1nchez Nav\u00e9s. Specialist in refractive surgery and cataract treatment in Palma. Ophthalmologist at Oftalmedic Salv\u00e0.","og_url":"https:\/\/oftalmedic.es\/en\/equipo\/dr-juan-sanchez-naves\/","og_site_name":"Oftalmedic Salv\u00e1","article_publisher":"https:\/\/www.facebook.com\/OftalmedicSalva\/","article_modified_time":"2025-11-07T11:08:39+00:00","twitter_card":"summary_large_image","twitter_site":"@OftalmedicSalva","twitter_misc":{"Est. reading time":"7 minutes"},"schema":{"@context":"https:\/\/schema.org","@graph":[{"@type":"WebPage","@id":"https:\/\/oftalmedic.es\/en\/equipo\/dr-juan-sanchez-naves\/","url":"https:\/\/oftalmedic.es\/en\/equipo\/dr-juan-sanchez-naves\/","name":"Dr Juan S\u00e1nchez Nav\u00e9s | Refractive Surgery Specialist | Oftalmedic Salv\u00e0","isPartOf":{"@id":"https:\/\/oftalmedic.es\/en\/#website"},"datePublished":"2025-07-08T05:56:55+00:00","dateModified":"2025-11-07T11:08:39+00:00","description":"Dr Juan S\u00e1nchez Nav\u00e9s. Specialist in refractive surgery and cataract treatment in Palma. Ophthalmologist at Oftalmedic Salv\u00e0.","breadcrumb":{"@id":"https:\/\/oftalmedic.es\/en\/equipo\/dr-juan-sanchez-naves\/#breadcrumb"},"inLanguage":"en-US","potentialAction":[{"@type":"ReadAction","target":["https:\/\/oftalmedic.es\/en\/equipo\/dr-juan-sanchez-naves\/"]}]},{"@type":"BreadcrumbList","@id":"https:\/\/oftalmedic.es\/en\/equipo\/dr-juan-sanchez-naves\/#breadcrumb","itemListElement":[{"@type":"ListItem","position":1,"name":"Portada","item":"https:\/\/oftalmedic.es\/en\/"},{"@type":"ListItem","position":2,"name":"Equipo","item":"https:\/\/oftalmedic.es\/en\/equipo\/"},{"@type":"ListItem","position":3,"name":"Dr. Juan S\u00e1nchez Nav\u00e9s"}]},{"@type":"WebSite","@id":"https:\/\/oftalmedic.es\/en\/#website","url":"https:\/\/oftalmedic.es\/en\/","name":"Oftalmedic Salv\u00e1","description":"Red de cl\u00ednicas oftalmol\u00f3gicas de referencia en Baleares. Pionera en tecnolog\u00eda l\u00e1ser para cirug\u00eda de cataratas y correcci\u00f3n de la miop\u00eda, hipermetrop\u00eda, astigmatismo y presbicia o vista cansada.","publisher":{"@id":"https:\/\/oftalmedic.es\/en\/#organization"},"potentialAction":[{"@type":"SearchAction","target":{"@type":"EntryPoint","urlTemplate":"https:\/\/oftalmedic.es\/en\/?s={search_term_string}"},"query-input":{"@type":"PropertyValueSpecification","valueRequired":true,"valueName":"search_term_string"}}],"inLanguage":"en-US"},{"@type":"Organization","@id":"https:\/\/oftalmedic.es\/en\/#organization","name":"[wpseo_titles]company_Nombre","url":"https:\/\/oftalmedic.es\/en\/","logo":{"@type":"ImageObject","inLanguage":"en-US","@id":"https:\/\/oftalmedic.es\/en\/#\/schema\/logo\/image\/","url":"https:\/\/oftalmedic.es\/wp-content\/uploads\/2018\/06\/logo-oftalmedic.png","contentUrl":"https:\/\/oftalmedic.es\/wp-content\/uploads\/2018\/06\/logo-oftalmedic.png","width":200,"height":58,"caption":"[wpseo_titles]company_Nombre"},"image":{"@id":"https:\/\/oftalmedic.es\/en\/#\/schema\/logo\/image\/"},"sameAs":["https:\/\/www.facebook.com\/OftalmedicSalva\/","https:\/\/x.com\/OftalmedicSalva","https:\/\/www.instagram.com\/oftalmedic_salva","https:\/\/www.youtube.com\/channel\/UCWrAdUQk6ZmrfVUqBwX0cug","https:\/\/www.linkedin.com\/company\/oftalmedic-clnica-salv\/"]}]}},"_links":{"self":[{"href":"https:\/\/oftalmedic.es\/en\/wp-json\/wp\/v2\/pages\/11605","targetHints":{"allow":["GET"]}}],"collection":[{"href":"https:\/\/oftalmedic.es\/en\/wp-json\/wp\/v2\/pages"}],"about":[{"href":"https:\/\/oftalmedic.es\/en\/wp-json\/wp\/v2\/types\/page"}],"author":[{"embeddable":true,"href":"https:\/\/oftalmedic.es\/en\/wp-json\/wp\/v2\/users\/5"}],"replies":[{"embeddable":true,"href":"https:\/\/oftalmedic.es\/en\/wp-json\/wp\/v2\/comments?post=11605"}],"version-history":[{"count":0,"href":"https:\/\/oftalmedic.es\/en\/wp-json\/wp\/v2\/pages\/11605\/revisions"}],"up":[{"embeddable":true,"href":"https:\/\/oftalmedic.es\/en\/wp-json\/wp\/v2\/pages\/12433"}],"wp:attachment":[{"href":"https:\/\/oftalmedic.es\/en\/wp-json\/wp\/v2\/media?parent=11605"}],"curies":[{"name":"wp","href":"https:\/\/api.w.org\/{rel}","templated":true}]}}