{"id":11898,"date":"2025-07-09T06:26:35","date_gmt":"2025-07-09T06:26:35","guid":{"rendered":"https:\/\/oftalmedic.rwdesarrollos.es\/privacy-policy\/"},"modified":"2025-07-09T06:26:37","modified_gmt":"2025-07-09T06:26:37","slug":"privacy-policy","status":"publish","type":"page","link":"https:\/\/oftalmedic.es\/en\/privacy-policy\/","title":{"rendered":"Privacy Policy"},"content":{"rendered":"[vc_row type=&#8221;in_container&#8221; full_screen_row_position=&#8221;middle&#8221; column_margin=&#8221;default&#8221; column_direction=&#8221;default&#8221; column_direction_tablet=&#8221;default&#8221; column_direction_phone=&#8221;default&#8221; scene_position=&#8221;center&#8221; top_padding=&#8221;60&#8243; bottom_padding=&#8221;60&#8243; text_color=&#8221;dark&#8221; text_align=&#8221;left&#8221; row_border_radius=&#8221;none&#8221; row_border_radius_applies=&#8221;bg&#8221; overlay_strength=&#8221;0.3&#8243; gradient_direction=&#8221;left_to_right&#8221; shape_divider_position=&#8221;bottom&#8221; bg_image_animation=&#8221;none&#8221; shape_type=&#8221;&#8221;][vc_column column_padding=&#8221;no-extra-padding&#8221; column_padding_tablet=&#8221;inherit&#8221; column_padding_phone=&#8221;inherit&#8221; column_padding_position=&#8221;all&#8221; column_element_spacing=&#8221;default&#8221; background_color_opacity=&#8221;1&#8243; background_hover_color_opacity=&#8221;1&#8243; column_shadow=&#8221;none&#8221; column_border_radius=&#8221;none&#8221; column_link_target=&#8221;_self&#8221; gradient_direction=&#8221;left_to_right&#8221; overlay_strength=&#8221;0.3&#8243; width=&#8221;1\/1&#8243; tablet_width_inherit=&#8221;default&#8221; tablet_text_alignment=&#8221;default&#8221; phone_text_alignment=&#8221;default&#8221; bg_image_animation=&#8221;none&#8221; border_type=&#8221;simple&#8221; column_border_width=&#8221;none&#8221; column_border_style=&#8221;solid&#8221;][vc_column_text]\n<h5 style=\"text-align: center;\">About the General Data Protection Regulation (GDPR)<\/h5>\n<h2 style=\"text-align: center;\">PRIVACY POLICY<\/h2>\n<p>&nbsp;<\/p>\n<p>OFTALMEDIC SALV\u00c0 S.L.U. informs the USER of our website that we have updated our Privacy Policy, in application of the General Data Protection Regulation (EU Regulation 2016\/679 of the European Parliament and of the Council, of 27 April 2016) and the Organic Law 3\/2018, of 5 December, on the Protection of Personal Data and guarantee of digital rights, so that you have more detailed knowledge about the collection and processing of personal data obtained through <a href=\"https:\/\/oftalmedic.es\/en\/\">www.oftalmedic.es<\/a>as well as through their social networks, and their rights over such data. This change does not affect the way in which the USER uses our website, so your experience will remain the same. <\/p>\n<p>The access and use of this website implies by the USER the knowledge and acceptance of the conditions included in this Privacy Policy.<\/p>\n<p>OFTALMEDIC SALV\u00c0 S.L.U. reserves the right to introduce modifications in the present Privacy Policy in order to adapt it to legislative and\/or jurisprudential changes. In this case, OFTALMEDIC SALV\u00c0 S.L.U. will communicate to the USERS the modifications made with due clarity and in advance, on the website itself, by e-mail or through any other appropriate procedure according to the circumstances and, if necessary, will request the acceptance of such changes. <\/p>\n<p><strong>Who is responsible for the processing of your personal data?<\/strong><\/p>\n<p>The entity responsible for the processing of personal data is OFTALMEDIC SALV\u00c0, S.L.U. (B-07831662), with registered office at Cam\u00ed de Son Rapinya, 1, 07013, Palma de Mallorca, Spain.<\/p>\n<p>If you wish to contact us for any question regarding your personal data, you can do so by sending an e-mail to the address <a href=\"mailto:RGPD@oftalmedic.com\"><strong>RGPD@oftalmedic.com<\/strong><\/a>.<\/p>\n<p><strong>How do we collect your personal information?<\/strong><\/p>\n<p>OFTALMEDIC SALV\u00c0, S.L.U. collects information from USERS when they make use of the different forms and\/or functionalities enabled on the website or in its social networks, which require them to voluntarily provide their personal data.<\/p>\n<p>The information that OFTALMEDIC SALV\u00c0, S.L.U. will register is the following:<\/p>\n<ul>\n<li>Data provided through the contact form to make a request for information and\/or a request for an appointment at our centers.<\/li>\n<li>Data provided to subscribe to our newsletter.<\/li>\n<li>Data provided by sending e-mails to the addresses identified on the website.<\/li>\n<li>Data provided through the completion of forms or the use of the functionalities offered at any time on the web or social networks.<\/li>\n<\/ul>\n<p><strong>For what purposes do we use your personal data?<\/strong><\/p>\n<p>The USER &#8216;S personal data provided through the web <a href=\"https:\/\/oftalmedic.es\/en\/\">www.oftalmedic.es<\/a> will be incorporated to a specific automated file created by OFTALMEDIC SALV\u00c0, S.L.U. and under its responsibility, and will be treated with the following purposes:<\/p>\n<ul>\n<li>To attend the USER&#8217;s queries\/comments made through the forms and other functionalities enabled on the web in the following sections: <strong>&#8220;Contact&#8221;, &#8220;Agreement with insurers&#8221;, &#8220;Oftalmedic Salv\u00e0&#8217;s Blog&#8221;, &#8220;We can all collaborate&#8221;<\/strong>, as well as through its social networks.<\/li>\n<li>Send newsletters by electronic means to USERS subscribed to this web service.<\/li>\n<li><span style=\"padding-bottom: 10px; display: block;\">Send commercial communications about new developments in our services, products, techniques and treatments and informative communications about the activities of Grupo Oftalmedic Salv\u00e0 and the ophthalmology sector, including relevant news, via email or equivalent means, such as SMS or WhatsApp on cell phones.<\/span><span style=\"padding-bottom: 10px; display: block;\">It is important to inform you that, in the case of personalized communications, OFTALMEDIC SALV\u00c0, S.L.U. can create profiles to identify those contents that best suit your interests.<\/span><span style=\"padding-bottom: 10px; display: block;\">For this purpose, and in compliance with current legislation, we will ask for your consent by checking the corresponding box, so that you give evidence of your free, informed, express and unequivocal will to authorize us to process your personal data for the purposes described in this section.<\/span><span style=\"padding-bottom: 2px; display: block;\">We remind you that, at any time, you may revoke the consents given by means of the communication channels provided for this purpose.<\/span><\/li>\n<li>Send reminder communications for appointments requested through the web.<\/li>\n<li>Manage the contractual relationship in case of contracting goods or services available on the web, as well as the administration, information, provision and improvement of the service.<\/li>\n<\/ul>\n<p>The USER guarantees that the personal data provided are true, correct and complete &#8211; false, inaccurate or misleading data may not be registered &#8211; and that, at all times, they correspond to their current situation. Likewise, OFTALMEDIC SALV\u00c0, S.L.U. informs that it does not carry out verifications on the veracity of the data, and therefore, in each case, it will abide by the data entered by the USER. <\/p>\n<p>Likewise, the USER undertakes to communicate to OFTALMEDIC SALV\u00c0 S.L.U. any modification of said data to the postal or electronic address provided in the section &#8220;What are your rights when providing us with your personal data&#8221; and following the indications contained therein. If you do not expressly tell us otherwise, we will understand that your personal data have not changed. <\/p>\n<p>The USER&#8217;S refusal to provide the information required in the mandatory fields or the fact of providing his\/her personal data in an erroneous or incomplete way will prevent OFTALMEDIC SALV\u00c0, S.L.U. from correctly attending his\/her request or carrying out the provision of the products or services in which he\/she is interested.<\/p>\n<p><strong>What is the legitimacy for the processing of your personal data?<\/strong><\/p>\n<p>The legitimacy of OFTALMEDIC SALV\u00c0, S.L.U. to carry out the processing of your personal data is:<\/p>\n<ul>\n<li>The request for information and\/or the contracting of the goods or services of OFTALMEDIC SALV\u00c0, S.L.U. through the web, whose terms and conditions will be made available in any case, prior to any eventual contracting.<\/li>\n<li>The free, express, informed and unequivocal consent given by the USER through the acceptance of this Privacy Policy and the corresponding boxes.<\/li>\n<\/ul>\n<p><strong>To which recipients do we communicate your personal data?<\/strong><\/p>\n<p>The personal data of the USERS will not be communicated to any third party outside OFTALMEDIC SALV\u00c0, S.L.U., except for the fulfillment of the legal obligations to which it is subject.<\/p>\n<p><strong>How long will we keep your personal data?<\/strong><\/p>\n<p>In general, OFTALMEDIC SALV\u00c0, S.L.U. will keep and process the personal data provided by the USER for the time necessary to fulfill the purpose for which they are collected through the forms and functionalities enabled on the web, as well as to meet possible liabilities arising from such treatment.<\/p>\n<p>In the event that the USER has subscribed to our newsletter or has given his\/her express consent for us to send him\/her commercial and informative communications by different means (telephone, SMS, mail), detailed in the section &#8220;For what purposes do we use your personal data? we will keep your personal data until you revoke said consent, without this conditioning other relationships that you maintain with OFTALMEDIC SALV\u00c0, S.L.U.<\/p>\n<p><strong>What are your rights when you provide us with your personal data?<\/strong><\/p>\n<p>The USER should know that, by the fact of processing his personal data, he has the following rights:<\/p>\n<ul>\n<li>You have the right to access your personal data that we process<em>(right of access<\/em>).<\/li>\n<li>You have the right to request the rectification of your personal data, either because they are inaccurate or because they have changed<em>(right of rectification<\/em>).<\/li>\n<li>You have the right to request the deletion of your data when the professional, commercial and\/or contractual relationship has ended<em>(right of cancellation<\/em>).<\/li>\n<li>You have the right to object to the processing of your personal data<em>(right to object<\/em>).<\/li>\n<li>You have the right to request the limitation of the processing of your personal data in the following cases<em>(right to limitation of processing<\/em>):\n<ul style=\"padding-top: 20px;\">\n<li style=\"list-style: circle!important;\">During the study of the challenge for the inaccuracy of its data.<\/li>\n<li style=\"list-style: circle!important;\">If the processing is unlawful, you can oppose the deletion of your data, and request instead the limitation of their use.<\/li>\n<li style=\"list-style: circle!important;\">When we do not need to process your data, but you need them for the exercise or defense of possible claims.<\/li>\n<li style=\"list-style: circle!important;\">If you have objected to the processing of the data on the grounds of public or legitimate interest, we analyze whether our reasons for processing outweigh your interests.<\/li>\n<\/ul>\n<\/li>\n<\/ul>\n<p>In these cases, your data will only be kept for the exercise or defense of possible claims.<\/p>\n<ul>\n<li>You have the right to receive your personal data in electronic form, so that it is manageable by you<em>(right of portability<\/em>).<\/li>\n<\/ul>\n<p>If the USER wishes to exercise any of the exposed rights recognized in the mentioned RGPD, as well as to consult all the questions related to the treatment of his\/her personal data, he\/she must notify OFTALMEDIC SALV\u00c0 S.L.U. by sending an e-mail or by post to the following addresses, after proving his\/her identity by providing a copy of his\/her ID card on both sides, NIE, Passport or equivalent document:<\/p>\n<ul>\n<li><strong>Postal address<\/strong>:<br \/>\nCam\u00ed de Son Rapinya, 1. 07013. Palma (Balearic Islands).<br \/>\nAdministration Department.<\/li>\n<\/ul>\n<ul>\n<li><strong>E-mail<\/strong>:<br \/>\n<a href=\"mailto:RGPD@oftalmedic.com\">RGPD@oftalmedic.com<\/a><\/li>\n<\/ul>\n<p>In the event that the USER has knowledge or considers that a fact may constitute a breach of the applicable regulations on data protection, we inform you of your right to file a complaint with the Supervisory Authority (Spanish Data Protection Agency, AEPD). The necessary information is available at: <a href=\"https:\/\/www.agpd.es\">www.agpd.es<\/a>. <\/p>\n<p><strong>Are your personal data secure?<\/strong><\/p>\n<p>OFTALMEDIC SALV\u00c0 S.L.U. adopts the necessary information security measures to guarantee the integrity, confidentiality and availability of your personal data obtained through the website <a href=\"https:\/\/oftalmedic.es\/en\/\">www.oftalmedic.es<\/a>, in accordance with the provisions of the RGPD. In the event of any incident that compromises such data, we will inform you as soon as possible. [\/vc_column_text][\/vc_column][\/vc_row]\n","protected":false},"excerpt":{"rendered":"<p>[vc_row type=&#8221;in_container&#8221; full_screen_row_position=&#8221;middle&#8221; column_margin=&#8221;default&#8221; column_direction=&#8221;default&#8221; column_direction_tablet=&#8221;default&#8221; column_direction_phone=&#8221;default&#8221; scene_position=&#8221;center&#8221; top_padding=&#8221;60&#8243; bottom_padding=&#8221;60&#8243; text_color=&#8221;dark&#8221; text_align=&#8221;left&#8221; row_border_radius=&#8221;none&#8221; row_border_radius_applies=&#8221;bg&#8221; overlay_strength=&#8221;0.3&#8243; gradient_direction=&#8221;left_to_right&#8221; shape_divider_position=&#8221;bottom&#8221; bg_image_animation=&#8221;none&#8221; shape_type=&#8221;&#8221;][vc_column column_padding=&#8221;no-extra-padding&#8221; column_padding_tablet=&#8221;inherit&#8221; column_padding_phone=&#8221;inherit&#8221; column_padding_position=&#8221;all&#8221; column_element_spacing=&#8221;default&#8221; background_color_opacity=&#8221;1&#8243; background_hover_color_opacity=&#8221;1&#8243; column_shadow=&#8221;none&#8221; column_border_radius=&#8221;none&#8221; column_link_target=&#8221;_self&#8221; gradient_direction=&#8221;left_to_right&#8221; overlay_strength=&#8221;0.3&#8243; width=&#8221;1\/1&#8243; tablet_width_inherit=&#8221;default&#8221; tablet_text_alignment=&#8221;default&#8221; phone_text_alignment=&#8221;default&#8221; bg_image_animation=&#8221;none&#8221; border_type=&#8221;simple&#8221; column_border_width=&#8221;none&#8221; column_border_style=&#8221;solid&#8221;][vc_column_text] About the General Data Protection Regulation (GDPR) PRIVACY POLICY &nbsp; OFTALMEDIC SALV\u00c0 S.L.U. informs the USER of our website that we&#8230;<\/p>\n","protected":false},"author":1,"featured_media":0,"parent":0,"menu_order":0,"comment_status":"closed","ping_status":"open","template":"","meta":{"footnotes":""},"class_list":["post-11898","page","type-page","status-publish"],"yoast_head":"<!-- This site is optimized with the Yoast SEO plugin v27.1.1 - https:\/\/yoast.com\/product\/yoast-seo-wordpress\/ -->\n<title>Privacy Policy - Oftalmedic Salv\u00e1<\/title>\n<meta name=\"robots\" content=\"noindex, follow\" \/>\n<meta property=\"og:locale\" content=\"en_US\" \/>\n<meta property=\"og:type\" content=\"article\" \/>\n<meta property=\"og:title\" content=\"Privacy Policy - Oftalmedic Salv\u00e1\" \/>\n<meta property=\"og:description\" content=\"[vc_row type=&#8221;in_container&#8221; full_screen_row_position=&#8221;middle&#8221; column_margin=&#8221;default&#8221; column_direction=&#8221;default&#8221; column_direction_tablet=&#8221;default&#8221; column_direction_phone=&#8221;default&#8221; scene_position=&#8221;center&#8221; top_padding=&#8221;60&#8243; bottom_padding=&#8221;60&#8243; text_color=&#8221;dark&#8221; text_align=&#8221;left&#8221; row_border_radius=&#8221;none&#8221; row_border_radius_applies=&#8221;bg&#8221; overlay_strength=&#8221;0.3&#8243; gradient_direction=&#8221;left_to_right&#8221; shape_divider_position=&#8221;bottom&#8221; bg_image_animation=&#8221;none&#8221; shape_type=&#8221;&#8221;][vc_column column_padding=&#8221;no-extra-padding&#8221; column_padding_tablet=&#8221;inherit&#8221; column_padding_phone=&#8221;inherit&#8221; column_padding_position=&#8221;all&#8221; column_element_spacing=&#8221;default&#8221; background_color_opacity=&#8221;1&#8243; background_hover_color_opacity=&#8221;1&#8243; column_shadow=&#8221;none&#8221; column_border_radius=&#8221;none&#8221; column_link_target=&#8221;_self&#8221; gradient_direction=&#8221;left_to_right&#8221; overlay_strength=&#8221;0.3&#8243; width=&#8221;1\/1&#8243; tablet_width_inherit=&#8221;default&#8221; tablet_text_alignment=&#8221;default&#8221; phone_text_alignment=&#8221;default&#8221; bg_image_animation=&#8221;none&#8221; border_type=&#8221;simple&#8221; column_border_width=&#8221;none&#8221; column_border_style=&#8221;solid&#8221;][vc_column_text] About the General Data Protection Regulation (GDPR) PRIVACY POLICY &nbsp; OFTALMEDIC SALV\u00c0 S.L.U. informs the USER of our website that we...\" \/>\n<meta property=\"og:url\" content=\"https:\/\/oftalmedic.es\/en\/privacy-policy\/\" \/>\n<meta property=\"og:site_name\" content=\"Oftalmedic Salv\u00e1\" \/>\n<meta property=\"article:publisher\" content=\"https:\/\/www.facebook.com\/OftalmedicSalva\/\" \/>\n<meta property=\"article:modified_time\" content=\"2025-07-09T06:26:37+00:00\" \/>\n<meta name=\"twitter:card\" content=\"summary_large_image\" \/>\n<meta name=\"twitter:site\" content=\"@OftalmedicSalva\" \/>\n<meta name=\"twitter:label1\" content=\"Est. reading time\" \/>\n\t<meta name=\"twitter:data1\" content=\"9 minutes\" \/>\n<script type=\"application\/ld+json\" class=\"yoast-schema-graph\">{\"@context\":\"https:\/\/schema.org\",\"@graph\":[{\"@type\":\"WebPage\",\"@id\":\"https:\/\/oftalmedic.es\/en\/privacy-policy\/\",\"url\":\"https:\/\/oftalmedic.es\/en\/privacy-policy\/\",\"name\":\"Privacy Policy - Oftalmedic Salv\u00e1\",\"isPartOf\":{\"@id\":\"https:\/\/oftalmedic.es\/en\/#website\"},\"datePublished\":\"2025-07-09T06:26:35+00:00\",\"dateModified\":\"2025-07-09T06:26:37+00:00\",\"breadcrumb\":{\"@id\":\"https:\/\/oftalmedic.es\/en\/privacy-policy\/#breadcrumb\"},\"inLanguage\":\"en-US\",\"potentialAction\":[{\"@type\":\"ReadAction\",\"target\":[\"https:\/\/oftalmedic.es\/en\/privacy-policy\/\"]}]},{\"@type\":\"BreadcrumbList\",\"@id\":\"https:\/\/oftalmedic.es\/en\/privacy-policy\/#breadcrumb\",\"itemListElement\":[{\"@type\":\"ListItem\",\"position\":1,\"name\":\"Portada\",\"item\":\"https:\/\/oftalmedic.es\/en\/\"},{\"@type\":\"ListItem\",\"position\":2,\"name\":\"Privacy Policy\"}]},{\"@type\":\"WebSite\",\"@id\":\"https:\/\/oftalmedic.es\/en\/#website\",\"url\":\"https:\/\/oftalmedic.es\/en\/\",\"name\":\"Oftalmedic Salv\u00e1\",\"description\":\"Red de cl\u00ednicas oftalmol\u00f3gicas de referencia en Baleares. Pionera en tecnolog\u00eda l\u00e1ser para cirug\u00eda de cataratas y correcci\u00f3n de la miop\u00eda, hipermetrop\u00eda, astigmatismo y presbicia o vista cansada.\",\"publisher\":{\"@id\":\"https:\/\/oftalmedic.es\/en\/#organization\"},\"potentialAction\":[{\"@type\":\"SearchAction\",\"target\":{\"@type\":\"EntryPoint\",\"urlTemplate\":\"https:\/\/oftalmedic.es\/en\/?s={search_term_string}\"},\"query-input\":{\"@type\":\"PropertyValueSpecification\",\"valueRequired\":true,\"valueName\":\"search_term_string\"}}],\"inLanguage\":\"en-US\"},{\"@type\":\"Organization\",\"@id\":\"https:\/\/oftalmedic.es\/en\/#organization\",\"name\":\"[wpseo_titles]company_Nombre\",\"url\":\"https:\/\/oftalmedic.es\/en\/\",\"logo\":{\"@type\":\"ImageObject\",\"inLanguage\":\"en-US\",\"@id\":\"https:\/\/oftalmedic.es\/en\/#\/schema\/logo\/image\/\",\"url\":\"https:\/\/oftalmedic.es\/wp-content\/uploads\/2018\/06\/logo-oftalmedic.png\",\"contentUrl\":\"https:\/\/oftalmedic.es\/wp-content\/uploads\/2018\/06\/logo-oftalmedic.png\",\"width\":200,\"height\":58,\"caption\":\"[wpseo_titles]company_Nombre\"},\"image\":{\"@id\":\"https:\/\/oftalmedic.es\/en\/#\/schema\/logo\/image\/\"},\"sameAs\":[\"https:\/\/www.facebook.com\/OftalmedicSalva\/\",\"https:\/\/x.com\/OftalmedicSalva\",\"https:\/\/www.instagram.com\/oftalmedic_salva\",\"https:\/\/www.youtube.com\/channel\/UCWrAdUQk6ZmrfVUqBwX0cug\",\"https:\/\/www.linkedin.com\/company\/oftalmedic-clnica-salv\/\"]}]}<\/script>\n<!-- \/ Yoast SEO plugin. -->","yoast_head_json":{"title":"Privacy Policy - Oftalmedic Salv\u00e1","robots":{"index":"noindex","follow":"follow"},"og_locale":"en_US","og_type":"article","og_title":"Privacy Policy - Oftalmedic Salv\u00e1","og_description":"[vc_row type=&#8221;in_container&#8221; full_screen_row_position=&#8221;middle&#8221; column_margin=&#8221;default&#8221; column_direction=&#8221;default&#8221; column_direction_tablet=&#8221;default&#8221; column_direction_phone=&#8221;default&#8221; scene_position=&#8221;center&#8221; top_padding=&#8221;60&#8243; bottom_padding=&#8221;60&#8243; text_color=&#8221;dark&#8221; text_align=&#8221;left&#8221; row_border_radius=&#8221;none&#8221; row_border_radius_applies=&#8221;bg&#8221; overlay_strength=&#8221;0.3&#8243; gradient_direction=&#8221;left_to_right&#8221; shape_divider_position=&#8221;bottom&#8221; bg_image_animation=&#8221;none&#8221; shape_type=&#8221;&#8221;][vc_column column_padding=&#8221;no-extra-padding&#8221; column_padding_tablet=&#8221;inherit&#8221; column_padding_phone=&#8221;inherit&#8221; column_padding_position=&#8221;all&#8221; column_element_spacing=&#8221;default&#8221; background_color_opacity=&#8221;1&#8243; background_hover_color_opacity=&#8221;1&#8243; column_shadow=&#8221;none&#8221; column_border_radius=&#8221;none&#8221; column_link_target=&#8221;_self&#8221; gradient_direction=&#8221;left_to_right&#8221; overlay_strength=&#8221;0.3&#8243; width=&#8221;1\/1&#8243; tablet_width_inherit=&#8221;default&#8221; tablet_text_alignment=&#8221;default&#8221; phone_text_alignment=&#8221;default&#8221; bg_image_animation=&#8221;none&#8221; border_type=&#8221;simple&#8221; column_border_width=&#8221;none&#8221; column_border_style=&#8221;solid&#8221;][vc_column_text] About the General Data Protection Regulation (GDPR) PRIVACY POLICY &nbsp; OFTALMEDIC SALV\u00c0 S.L.U. informs the USER of our website that we...","og_url":"https:\/\/oftalmedic.es\/en\/privacy-policy\/","og_site_name":"Oftalmedic Salv\u00e1","article_publisher":"https:\/\/www.facebook.com\/OftalmedicSalva\/","article_modified_time":"2025-07-09T06:26:37+00:00","twitter_card":"summary_large_image","twitter_site":"@OftalmedicSalva","twitter_misc":{"Est. reading time":"9 minutes"},"schema":{"@context":"https:\/\/schema.org","@graph":[{"@type":"WebPage","@id":"https:\/\/oftalmedic.es\/en\/privacy-policy\/","url":"https:\/\/oftalmedic.es\/en\/privacy-policy\/","name":"Privacy Policy - Oftalmedic Salv\u00e1","isPartOf":{"@id":"https:\/\/oftalmedic.es\/en\/#website"},"datePublished":"2025-07-09T06:26:35+00:00","dateModified":"2025-07-09T06:26:37+00:00","breadcrumb":{"@id":"https:\/\/oftalmedic.es\/en\/privacy-policy\/#breadcrumb"},"inLanguage":"en-US","potentialAction":[{"@type":"ReadAction","target":["https:\/\/oftalmedic.es\/en\/privacy-policy\/"]}]},{"@type":"BreadcrumbList","@id":"https:\/\/oftalmedic.es\/en\/privacy-policy\/#breadcrumb","itemListElement":[{"@type":"ListItem","position":1,"name":"Portada","item":"https:\/\/oftalmedic.es\/en\/"},{"@type":"ListItem","position":2,"name":"Privacy Policy"}]},{"@type":"WebSite","@id":"https:\/\/oftalmedic.es\/en\/#website","url":"https:\/\/oftalmedic.es\/en\/","name":"Oftalmedic Salv\u00e1","description":"Red de cl\u00ednicas oftalmol\u00f3gicas de referencia en Baleares. Pionera en tecnolog\u00eda l\u00e1ser para cirug\u00eda de cataratas y correcci\u00f3n de la miop\u00eda, hipermetrop\u00eda, astigmatismo y presbicia o vista cansada.","publisher":{"@id":"https:\/\/oftalmedic.es\/en\/#organization"},"potentialAction":[{"@type":"SearchAction","target":{"@type":"EntryPoint","urlTemplate":"https:\/\/oftalmedic.es\/en\/?s={search_term_string}"},"query-input":{"@type":"PropertyValueSpecification","valueRequired":true,"valueName":"search_term_string"}}],"inLanguage":"en-US"},{"@type":"Organization","@id":"https:\/\/oftalmedic.es\/en\/#organization","name":"[wpseo_titles]company_Nombre","url":"https:\/\/oftalmedic.es\/en\/","logo":{"@type":"ImageObject","inLanguage":"en-US","@id":"https:\/\/oftalmedic.es\/en\/#\/schema\/logo\/image\/","url":"https:\/\/oftalmedic.es\/wp-content\/uploads\/2018\/06\/logo-oftalmedic.png","contentUrl":"https:\/\/oftalmedic.es\/wp-content\/uploads\/2018\/06\/logo-oftalmedic.png","width":200,"height":58,"caption":"[wpseo_titles]company_Nombre"},"image":{"@id":"https:\/\/oftalmedic.es\/en\/#\/schema\/logo\/image\/"},"sameAs":["https:\/\/www.facebook.com\/OftalmedicSalva\/","https:\/\/x.com\/OftalmedicSalva","https:\/\/www.instagram.com\/oftalmedic_salva","https:\/\/www.youtube.com\/channel\/UCWrAdUQk6ZmrfVUqBwX0cug","https:\/\/www.linkedin.com\/company\/oftalmedic-clnica-salv\/"]}]}},"_links":{"self":[{"href":"https:\/\/oftalmedic.es\/en\/wp-json\/wp\/v2\/pages\/11898","targetHints":{"allow":["GET"]}}],"collection":[{"href":"https:\/\/oftalmedic.es\/en\/wp-json\/wp\/v2\/pages"}],"about":[{"href":"https:\/\/oftalmedic.es\/en\/wp-json\/wp\/v2\/types\/page"}],"author":[{"embeddable":true,"href":"https:\/\/oftalmedic.es\/en\/wp-json\/wp\/v2\/users\/1"}],"replies":[{"embeddable":true,"href":"https:\/\/oftalmedic.es\/en\/wp-json\/wp\/v2\/comments?post=11898"}],"version-history":[{"count":0,"href":"https:\/\/oftalmedic.es\/en\/wp-json\/wp\/v2\/pages\/11898\/revisions"}],"wp:attachment":[{"href":"https:\/\/oftalmedic.es\/en\/wp-json\/wp\/v2\/media?parent=11898"}],"curies":[{"name":"wp","href":"https:\/\/api.w.org\/{rel}","templated":true}]}}