{"id":12007,"date":"2025-07-09T13:54:41","date_gmt":"2025-07-09T13:54:41","guid":{"rendered":"https:\/\/oftalmedic.rwdesarrollos.es\/asisa-oftalmologos-mallorca\/"},"modified":"2025-07-09T13:54:42","modified_gmt":"2025-07-09T13:54:42","slug":"asisa-oftalmologos-mallorca","status":"publish","type":"page","link":"https:\/\/oftalmedic.es\/en\/asisa-oftalmologos-mallorca\/","title":{"rendered":"Asisa Ophthalmologists in Mallorca"},"content":{"rendered":"[vc_row type=&#8221;in_container&#8221; full_screen_row_position=&#8221;middle&#8221; column_margin=&#8221;default&#8221; column_direction=&#8221;default&#8221; column_direction_tablet=&#8221;default&#8221; column_direction_phone=&#8221;default&#8221; scene_position=&#8221;center&#8221; text_color=&#8221;dark&#8221; text_align=&#8221;left&#8221; row_border_radius=&#8221;none&#8221; row_border_radius_applies=&#8221;bg&#8221; overlay_strength=&#8221;0.3&#8243; gradient_direction=&#8221;left_to_right&#8221; shape_divider_position=&#8221;bottom&#8221; bg_image_animation=&#8221;none&#8221;][vc_column column_padding=&#8221;no-extra-padding&#8221; column_padding_tablet=&#8221;inherit&#8221; column_padding_phone=&#8221;inherit&#8221; column_padding_position=&#8221;all&#8221; column_element_spacing=&#8221;default&#8221; background_color_opacity=&#8221;1&#8243; background_hover_color_opacity=&#8221;1&#8243; column_shadow=&#8221;none&#8221; column_border_radius=&#8221;none&#8221; column_link_target=&#8221;_self&#8221; gradient_direction=&#8221;left_to_right&#8221; overlay_strength=&#8221;0.3&#8243; width=&#8221;1\/1&#8243; tablet_width_inherit=&#8221;default&#8221; tablet_text_alignment=&#8221;default&#8221; phone_text_alignment=&#8221;default&#8221; bg_image_animation=&#8221;none&#8221; border_type=&#8221;simple&#8221; column_border_width=&#8221;none&#8221; column_border_style=&#8221;solid&#8221;][divider line_type=&#8221;No Line&#8221;][vc_column_text]\n<h1 style=\"text-align: center;\">ASISA OPHTHALMOLOGISTS IN MALLORCA<\/h1>\n[\/vc_column_text][\/vc_column][\/vc_row][vc_row type=&#8221;full_width_background&#8221; full_screen_row_position=&#8221;middle&#8221; column_margin=&#8221;default&#8221; equal_height=&#8221;yes&#8221; content_placement=&#8221;top&#8221; column_direction=&#8221;default&#8221; column_direction_tablet=&#8221;default&#8221; column_direction_phone=&#8221;default&#8221; bg_color=&#8221;#ffffff&#8221; scene_position=&#8221;center&#8221; top_padding=&#8221;60&#8243; bottom_padding=&#8221;60&#8243; text_color=&#8221;dark&#8221; text_align=&#8221;left&#8221; row_border_radius=&#8221;none&#8221; row_border_radius_applies=&#8221;bg&#8221; id=&#8221;formulario-esp&#8221; overlay_strength=&#8221;0.3&#8243; gradient_direction=&#8221;left_to_right&#8221; shape_divider_position=&#8221;bottom&#8221; bg_image_animation=&#8221;none&#8221; shape_type=&#8221;&#8221;][vc_column column_padding=&#8221;padding-5-percent&#8221; column_padding_tablet=&#8221;inherit&#8221; column_padding_phone=&#8221;inherit&#8221; column_padding_position=&#8221;all&#8221; column_element_spacing=&#8221;default&#8221; background_color_opacity=&#8221;1&#8243; background_hover_color_opacity=&#8221;1&#8243; column_shadow=&#8221;none&#8221; column_border_radius=&#8221;none&#8221; column_link_target=&#8221;_self&#8221; gradient_direction=&#8221;left_to_right&#8221; overlay_strength=&#8221;0.3&#8243; width=&#8221;1\/1&#8243; tablet_width_inherit=&#8221;default&#8221; tablet_text_alignment=&#8221;default&#8221; phone_text_alignment=&#8221;default&#8221; bg_image_animation=&#8221;none&#8221; border_type=&#8221;simple&#8221; column_border_width=&#8221;none&#8221; column_border_style=&#8221;solid&#8221;][image_with_animation image_url=&#8221;7211&#8243; animation=&#8221;Fade In&#8221; hover_animation=&#8221;none&#8221; alignment=&#8221;&#8221; border_radius=&#8221;none&#8221; box_shadow=&#8221;none&#8221; image_loading=&#8221;default&#8221; max_width=&#8221;100%&#8221; max_width_mobile=&#8221;default&#8221;][divider line_type=&#8221;No Line&#8221;][vc_column_text]<b>Oftalmedic Salv\u00e0 collaborates with <\/b><b>Asisa<\/b><b> offering its Ophthalmology service in Mallorca.<\/b><\/p>\n<p><a href=\"https:\/\/www.asisa.es\/seguros-de-salud\" target=\"_blank\" rel=\"noopener noreferrer\">Asisa<\/a> is a leading healthcare services company in Spain, founded three decades ago in response to the lack of a nationwide healthcare network in the early 1970s.<\/p>\n<p>In addition, it has a team of more than 40,000 professionals who offer a comprehensive health care service to 2,200,000 policyholders, with a clear vocation for patient care.<\/p>\n<p>One of its differentiating values is the code of conduct that guides the exercise of its professional activity and establishes common behavioral guidelines, taking on special importance in situations of particular difficulty in its ethical management.[\/vc_column_text][divider line_type=&#8221;No Line&#8221;][divider line_type=&#8221;No Line&#8221;][vc_custom_heading text=&#8221;The best team of ophthalmologists of Asisa in Oftalmedic Salv\u00e0&#8221; font_container=&#8221;tag:h2|font_size:27|text_align:left&#8221; use_theme_fonts=&#8221;yes&#8221;][divider line_type=&#8221;Small Line&#8221; line_alignment=&#8221;default&#8221; line_thickness=&#8221;8&#8243; divider_color=&#8221;default&#8221; animate=&#8221;yes&#8221; custom_line_width=&#8221;120&#8243;][vc_column_text]The insurance company Asisa puts at your disposal its best <b>ophthalmologists in Mallorca at Oftalmedic Salv\u00e0. <\/b>A team of specialists in advanced ophthalmology that will allow you to enjoy the best coverage in your eye health and with all the guarantees.<\/p>\n<p>If you have your <b>health insurance with <\/b><b>Asisa<\/b><b>, the <\/b>team of ophthalmologists at Oftalmedic Salv\u00e0 will provide you with comprehensive ophthalmological care, whether it is a routine eye check-up or if emergency care or surgery is necessary. An ophthalmology service that also covers all stages of life: from the youngest to the oldest. <\/p>\n<p>To access a consultation with our<b>Asisa<\/b><b> eye specialists <\/b><b> in Mallorca,<\/b> all you have to do is fill out the form on the right side of this page. As an Asisa collaborating clinic, our aim is to guarantee your eye health, attend to your case in a personalized way and offer you the most innovative treatments. Remember to always <b>come <\/b><b>to the consultation with <\/b><b>your <\/b><b>Asisa<\/b><b>card <\/b><b>. <\/b>   <\/p>\n<p>If you have any doubts about the treatments covered by your<b>Asisa<\/b> <b>insurance <\/b>, <a href=\"https:\/\/oftalmedic.es\/en\/contact\/\" target=\"_blank\" rel=\"noopener noreferrer\"><u>please contact us <\/u><u>directly<\/u><\/a>.[\/vc_column_text][\/vc_column][\/vc_row]\n","protected":false},"excerpt":{"rendered":"<p>[vc_row type=&#8221;in_container&#8221; full_screen_row_position=&#8221;middle&#8221; column_margin=&#8221;default&#8221; column_direction=&#8221;default&#8221; column_direction_tablet=&#8221;default&#8221; column_direction_phone=&#8221;default&#8221; scene_position=&#8221;center&#8221; text_color=&#8221;dark&#8221; text_align=&#8221;left&#8221; row_border_radius=&#8221;none&#8221; row_border_radius_applies=&#8221;bg&#8221; overlay_strength=&#8221;0.3&#8243; gradient_direction=&#8221;left_to_right&#8221; shape_divider_position=&#8221;bottom&#8221; bg_image_animation=&#8221;none&#8221;][vc_column column_padding=&#8221;no-extra-padding&#8221; column_padding_tablet=&#8221;inherit&#8221; column_padding_phone=&#8221;inherit&#8221; column_padding_position=&#8221;all&#8221; column_element_spacing=&#8221;default&#8221; background_color_opacity=&#8221;1&#8243; background_hover_color_opacity=&#8221;1&#8243; column_shadow=&#8221;none&#8221; column_border_radius=&#8221;none&#8221; column_link_target=&#8221;_self&#8221; gradient_direction=&#8221;left_to_right&#8221; overlay_strength=&#8221;0.3&#8243; width=&#8221;1\/1&#8243; tablet_width_inherit=&#8221;default&#8221; tablet_text_alignment=&#8221;default&#8221; phone_text_alignment=&#8221;default&#8221; bg_image_animation=&#8221;none&#8221; border_type=&#8221;simple&#8221; column_border_width=&#8221;none&#8221; column_border_style=&#8221;solid&#8221;][divider line_type=&#8221;No Line&#8221;][vc_column_text] ASISA OPHTHALMOLOGISTS IN MALLORCA [\/vc_column_text][\/vc_column][\/vc_row][vc_row type=&#8221;full_width_background&#8221; full_screen_row_position=&#8221;middle&#8221; column_margin=&#8221;default&#8221; equal_height=&#8221;yes&#8221; content_placement=&#8221;top&#8221; column_direction=&#8221;default&#8221; column_direction_tablet=&#8221;default&#8221; column_direction_phone=&#8221;default&#8221; bg_color=&#8221;#ffffff&#8221; scene_position=&#8221;center&#8221; top_padding=&#8221;60&#8243; bottom_padding=&#8221;60&#8243; text_color=&#8221;dark&#8221; text_align=&#8221;left&#8221; row_border_radius=&#8221;none&#8221; row_border_radius_applies=&#8221;bg&#8221; id=&#8221;formulario-esp&#8221;&#8230;<\/p>\n","protected":false},"author":5,"featured_media":0,"parent":0,"menu_order":0,"comment_status":"closed","ping_status":"closed","template":"","meta":{"footnotes":""},"class_list":["post-12007","page","type-page","status-publish"],"yoast_head":"<!-- This site is optimized with the Yoast SEO plugin v27.1.1 - https:\/\/yoast.com\/product\/yoast-seo-wordpress\/ -->\n<title>Ophthalmologists Asisa Mallorca | ASISA Mallorca<\/title>\n<meta name=\"description\" content=\"ASISA Mallorca Ophthalmology medical team at Oftalmedic Salv\u00e0. Appointment with your ophthalmologist in Mallorca via face-to-face or video call.\" \/>\n<meta name=\"robots\" content=\"index, follow, max-snippet:-1, max-image-preview:large, max-video-preview:-1\" \/>\n<link rel=\"canonical\" href=\"https:\/\/oftalmedic.es\/en\/asisa-oftalmologos-mallorca\/\" \/>\n<meta property=\"og:locale\" content=\"en_US\" \/>\n<meta property=\"og:type\" content=\"article\" \/>\n<meta property=\"og:title\" content=\"Ophthalmologists Asisa Mallorca | ASISA Mallorca\" \/>\n<meta property=\"og:description\" content=\"ASISA Mallorca Ophthalmology medical team at Oftalmedic Salv\u00e0. Appointment with your ophthalmologist in Mallorca via face-to-face or video call.\" \/>\n<meta property=\"og:url\" content=\"https:\/\/oftalmedic.es\/en\/asisa-oftalmologos-mallorca\/\" \/>\n<meta property=\"og:site_name\" content=\"Oftalmedic Salv\u00e1\" \/>\n<meta property=\"article:publisher\" content=\"https:\/\/www.facebook.com\/OftalmedicSalva\/\" \/>\n<meta property=\"article:modified_time\" content=\"2025-07-09T13:54:42+00:00\" \/>\n<meta name=\"twitter:card\" content=\"summary_large_image\" \/>\n<meta name=\"twitter:site\" content=\"@OftalmedicSalva\" \/>\n<meta name=\"twitter:label1\" content=\"Est. reading time\" \/>\n\t<meta name=\"twitter:data1\" content=\"3 minutes\" \/>\n<script type=\"application\/ld+json\" class=\"yoast-schema-graph\">{\"@context\":\"https:\/\/schema.org\",\"@graph\":[{\"@type\":\"WebPage\",\"@id\":\"https:\/\/oftalmedic.es\/en\/asisa-oftalmologos-mallorca\/\",\"url\":\"https:\/\/oftalmedic.es\/en\/asisa-oftalmologos-mallorca\/\",\"name\":\"Ophthalmologists Asisa Mallorca | ASISA Mallorca\",\"isPartOf\":{\"@id\":\"https:\/\/oftalmedic.es\/en\/#website\"},\"datePublished\":\"2025-07-09T13:54:41+00:00\",\"dateModified\":\"2025-07-09T13:54:42+00:00\",\"description\":\"ASISA Mallorca Ophthalmology medical team at Oftalmedic Salv\u00e0. Appointment with your ophthalmologist in Mallorca via face-to-face or video call.\",\"breadcrumb\":{\"@id\":\"https:\/\/oftalmedic.es\/en\/asisa-oftalmologos-mallorca\/#breadcrumb\"},\"inLanguage\":\"en-US\",\"potentialAction\":[{\"@type\":\"ReadAction\",\"target\":[\"https:\/\/oftalmedic.es\/en\/asisa-oftalmologos-mallorca\/\"]}]},{\"@type\":\"BreadcrumbList\",\"@id\":\"https:\/\/oftalmedic.es\/en\/asisa-oftalmologos-mallorca\/#breadcrumb\",\"itemListElement\":[{\"@type\":\"ListItem\",\"position\":1,\"name\":\"Portada\",\"item\":\"https:\/\/oftalmedic.es\/en\/\"},{\"@type\":\"ListItem\",\"position\":2,\"name\":\"Asisa Ophthalmologists in Mallorca\"}]},{\"@type\":\"WebSite\",\"@id\":\"https:\/\/oftalmedic.es\/en\/#website\",\"url\":\"https:\/\/oftalmedic.es\/en\/\",\"name\":\"Oftalmedic Salv\u00e1\",\"description\":\"Red de cl\u00ednicas oftalmol\u00f3gicas de referencia en Baleares. Pionera en tecnolog\u00eda l\u00e1ser para cirug\u00eda de cataratas y correcci\u00f3n de la miop\u00eda, hipermetrop\u00eda, astigmatismo y presbicia o vista cansada.\",\"publisher\":{\"@id\":\"https:\/\/oftalmedic.es\/en\/#organization\"},\"potentialAction\":[{\"@type\":\"SearchAction\",\"target\":{\"@type\":\"EntryPoint\",\"urlTemplate\":\"https:\/\/oftalmedic.es\/en\/?s={search_term_string}\"},\"query-input\":{\"@type\":\"PropertyValueSpecification\",\"valueRequired\":true,\"valueName\":\"search_term_string\"}}],\"inLanguage\":\"en-US\"},{\"@type\":\"Organization\",\"@id\":\"https:\/\/oftalmedic.es\/en\/#organization\",\"name\":\"[wpseo_titles]company_Nombre\",\"url\":\"https:\/\/oftalmedic.es\/en\/\",\"logo\":{\"@type\":\"ImageObject\",\"inLanguage\":\"en-US\",\"@id\":\"https:\/\/oftalmedic.es\/en\/#\/schema\/logo\/image\/\",\"url\":\"https:\/\/oftalmedic.es\/wp-content\/uploads\/2018\/06\/logo-oftalmedic.png\",\"contentUrl\":\"https:\/\/oftalmedic.es\/wp-content\/uploads\/2018\/06\/logo-oftalmedic.png\",\"width\":200,\"height\":58,\"caption\":\"[wpseo_titles]company_Nombre\"},\"image\":{\"@id\":\"https:\/\/oftalmedic.es\/en\/#\/schema\/logo\/image\/\"},\"sameAs\":[\"https:\/\/www.facebook.com\/OftalmedicSalva\/\",\"https:\/\/x.com\/OftalmedicSalva\",\"https:\/\/www.instagram.com\/oftalmedic_salva\",\"https:\/\/www.youtube.com\/channel\/UCWrAdUQk6ZmrfVUqBwX0cug\",\"https:\/\/www.linkedin.com\/company\/oftalmedic-clnica-salv\/\"]}]}<\/script>\n<!-- \/ Yoast SEO plugin. -->","yoast_head_json":{"title":"Ophthalmologists Asisa Mallorca | ASISA Mallorca","description":"ASISA Mallorca Ophthalmology medical team at Oftalmedic Salv\u00e0. Appointment with your ophthalmologist in Mallorca via face-to-face or video call.","robots":{"index":"index","follow":"follow","max-snippet":"max-snippet:-1","max-image-preview":"max-image-preview:large","max-video-preview":"max-video-preview:-1"},"canonical":"https:\/\/oftalmedic.es\/en\/asisa-oftalmologos-mallorca\/","og_locale":"en_US","og_type":"article","og_title":"Ophthalmologists Asisa Mallorca | ASISA Mallorca","og_description":"ASISA Mallorca Ophthalmology medical team at Oftalmedic Salv\u00e0. Appointment with your ophthalmologist in Mallorca via face-to-face or video call.","og_url":"https:\/\/oftalmedic.es\/en\/asisa-oftalmologos-mallorca\/","og_site_name":"Oftalmedic Salv\u00e1","article_publisher":"https:\/\/www.facebook.com\/OftalmedicSalva\/","article_modified_time":"2025-07-09T13:54:42+00:00","twitter_card":"summary_large_image","twitter_site":"@OftalmedicSalva","twitter_misc":{"Est. reading time":"3 minutes"},"schema":{"@context":"https:\/\/schema.org","@graph":[{"@type":"WebPage","@id":"https:\/\/oftalmedic.es\/en\/asisa-oftalmologos-mallorca\/","url":"https:\/\/oftalmedic.es\/en\/asisa-oftalmologos-mallorca\/","name":"Ophthalmologists Asisa Mallorca | ASISA Mallorca","isPartOf":{"@id":"https:\/\/oftalmedic.es\/en\/#website"},"datePublished":"2025-07-09T13:54:41+00:00","dateModified":"2025-07-09T13:54:42+00:00","description":"ASISA Mallorca Ophthalmology medical team at Oftalmedic Salv\u00e0. Appointment with your ophthalmologist in Mallorca via face-to-face or video call.","breadcrumb":{"@id":"https:\/\/oftalmedic.es\/en\/asisa-oftalmologos-mallorca\/#breadcrumb"},"inLanguage":"en-US","potentialAction":[{"@type":"ReadAction","target":["https:\/\/oftalmedic.es\/en\/asisa-oftalmologos-mallorca\/"]}]},{"@type":"BreadcrumbList","@id":"https:\/\/oftalmedic.es\/en\/asisa-oftalmologos-mallorca\/#breadcrumb","itemListElement":[{"@type":"ListItem","position":1,"name":"Portada","item":"https:\/\/oftalmedic.es\/en\/"},{"@type":"ListItem","position":2,"name":"Asisa Ophthalmologists in Mallorca"}]},{"@type":"WebSite","@id":"https:\/\/oftalmedic.es\/en\/#website","url":"https:\/\/oftalmedic.es\/en\/","name":"Oftalmedic Salv\u00e1","description":"Red de cl\u00ednicas oftalmol\u00f3gicas de referencia en Baleares. Pionera en tecnolog\u00eda l\u00e1ser para cirug\u00eda de cataratas y correcci\u00f3n de la miop\u00eda, hipermetrop\u00eda, astigmatismo y presbicia o vista cansada.","publisher":{"@id":"https:\/\/oftalmedic.es\/en\/#organization"},"potentialAction":[{"@type":"SearchAction","target":{"@type":"EntryPoint","urlTemplate":"https:\/\/oftalmedic.es\/en\/?s={search_term_string}"},"query-input":{"@type":"PropertyValueSpecification","valueRequired":true,"valueName":"search_term_string"}}],"inLanguage":"en-US"},{"@type":"Organization","@id":"https:\/\/oftalmedic.es\/en\/#organization","name":"[wpseo_titles]company_Nombre","url":"https:\/\/oftalmedic.es\/en\/","logo":{"@type":"ImageObject","inLanguage":"en-US","@id":"https:\/\/oftalmedic.es\/en\/#\/schema\/logo\/image\/","url":"https:\/\/oftalmedic.es\/wp-content\/uploads\/2018\/06\/logo-oftalmedic.png","contentUrl":"https:\/\/oftalmedic.es\/wp-content\/uploads\/2018\/06\/logo-oftalmedic.png","width":200,"height":58,"caption":"[wpseo_titles]company_Nombre"},"image":{"@id":"https:\/\/oftalmedic.es\/en\/#\/schema\/logo\/image\/"},"sameAs":["https:\/\/www.facebook.com\/OftalmedicSalva\/","https:\/\/x.com\/OftalmedicSalva","https:\/\/www.instagram.com\/oftalmedic_salva","https:\/\/www.youtube.com\/channel\/UCWrAdUQk6ZmrfVUqBwX0cug","https:\/\/www.linkedin.com\/company\/oftalmedic-clnica-salv\/"]}]}},"_links":{"self":[{"href":"https:\/\/oftalmedic.es\/en\/wp-json\/wp\/v2\/pages\/12007","targetHints":{"allow":["GET"]}}],"collection":[{"href":"https:\/\/oftalmedic.es\/en\/wp-json\/wp\/v2\/pages"}],"about":[{"href":"https:\/\/oftalmedic.es\/en\/wp-json\/wp\/v2\/types\/page"}],"author":[{"embeddable":true,"href":"https:\/\/oftalmedic.es\/en\/wp-json\/wp\/v2\/users\/5"}],"replies":[{"embeddable":true,"href":"https:\/\/oftalmedic.es\/en\/wp-json\/wp\/v2\/comments?post=12007"}],"version-history":[{"count":0,"href":"https:\/\/oftalmedic.es\/en\/wp-json\/wp\/v2\/pages\/12007\/revisions"}],"wp:attachment":[{"href":"https:\/\/oftalmedic.es\/en\/wp-json\/wp\/v2\/media?parent=12007"}],"curies":[{"name":"wp","href":"https:\/\/api.w.org\/{rel}","templated":true}]}}