{"id":12092,"date":"2025-07-09T15:31:18","date_gmt":"2025-07-09T15:31:18","guid":{"rendered":"https:\/\/oftalmedic.rwdesarrollos.es\/cookie-policy-2\/"},"modified":"2025-07-09T15:31:19","modified_gmt":"2025-07-09T15:31:19","slug":"cookie-policy-2","status":"publish","type":"page","link":"https:\/\/oftalmedic.es\/en\/cookie-policy-2\/","title":{"rendered":"Cookie Policy"},"content":{"rendered":"[vc_row type=&#8221;in_container&#8221; full_screen_row_position=&#8221;middle&#8221; scene_position=&#8221;center&#8221; text_color=&#8221;dark&#8221; text_align=&#8221;left&#8221; top_padding=&#8221;60&#8243; bottom_padding=&#8221;60&#8243; overlay_strength=&#8221;0.3&#8243; shape_divider_position=&#8221;bottom&#8221; shape_type=&#8221;&#8221;][vc_column column_padding=&#8221;no-extra-padding&#8221; column_padding_position=&#8221;all&#8221; background_color_opacity=&#8221;1&#8243; background_hover_color_opacity=&#8221;1&#8243; column_shadow=&#8221;none&#8221; column_border_radius=&#8221;none&#8221; width=&#8221;1\/1&#8243; tablet_text_alignment=&#8221;default&#8221; phone_text_alignment=&#8221;default&#8221; column_border_width=&#8221;none&#8221; column_border_style=&#8221;solid&#8221;][vc_column_text]\n<h2 style=\"text-align: center;\">Cookie Policy<\/h2>\n<p>&nbsp;<\/p>\n<p>Name: Oftalmedic Salv\u00e0 S.L.U.<\/p>\n<p>CIF: B07831662<\/p>\n<p>Address: Camino de Son Rapinya, 1 . 07013. Palma. Illes Balears <\/p>\n<p>Contact: rgpd@oftalmedic.com<\/p>\n<h4><\/h4>\n<h4>What are cookies?<\/h4>\n<p>This website uses cookies and\/or similar technologies that store and retrieve information when you browse. In general, these technologies may serve a variety of purposes, such as, for example, recognizing you as a user, obtaining information about your browsing habits, or customizing the way content is displayed. The specific uses we make of these technologies are described below.  <\/p>\n<h4>What types of cookies are used on this website?<\/h4>\n<p>Our website uses its own and Google Inc. cookies for the following purposes: <\/p>\n<ul>\n<li>Necessary: essential to continue browsing our website. They store your cookie configuration preferences. <\/li>\n<li>Analysis: they allow us to quantify the number of users and thus perform the measurement and statistical analysis of the use made by users of the website. To do this, your browsing on our website is analyzed in order to improve the services offered by Google. The purposes of the cookies are detailed below.  <\/li>\n<li>Technical: are those that, among other things, the publisher uses to enable the management and operation of the website and enable its functions and services, such as , for example, control traffic and data communication, identify the session, etc..<\/li>\n<\/ul>\n<p>The cookies used by our website and their description are listed below:<\/p>\n<table style=\"height: 500px;\" width=\"670\">\n<tbody>\n<tr>\n<td width=\"123\"><strong>Cookie<\/strong><\/td>\n<td width=\"260\"><strong>Description<\/strong><\/td>\n<td width=\"99\"><strong>Type<\/strong><\/td>\n<td width=\"87\"><strong>Owner<\/strong><\/td>\n<td width=\"87\"><strong>Duration<\/strong><\/td>\n<\/tr>\n<tr>\n<td width=\"123\">cookielawinfo-checkbox-necessary<\/td>\n<td width=\"260\">Cookie used to store the user&#8217;s consent to the use of cookies on the website.<\/td>\n<td width=\"99\">Necessary<\/td>\n<td width=\"87\">Website editor<\/td>\n<p>1<\/p>\n<td width=\"87\">year<\/td>\n<\/tr>\n<tr>\n<td width=\"123\">_ga<\/td>\n<td width=\"260\">Google analytics cookie that calculates visitors, sessions, campaign data, and keeps track of web usage. The information it stores is anonymous and uses random numbers to uniquely identify visitors. <\/td>\n<td width=\"99\">Analysis<\/td>\n<td width=\"87\">Google<\/td>\n<td width=\"87\">2 years<\/td>\n<\/tr>\n<tr>\n<td width=\"123\">_gid<\/td>\n<td width=\"260\">Stores information about how visitors use the website, with the aim of creating reports and analytics. They store anonymously the number of visitors, where they come from and the pages visited. <\/td>\n<td width=\"99\">Analysis<\/td>\n<td width=\"87\">Google<\/td>\n<td width=\"87\">1 day<\/td>\n<\/tr>\n<tr>\n<td width=\"123\">_gat<\/td>\n<td width=\"260\">Google Analytics cookie used to control the number of requests, in case of high traffic websites.<\/td>\n<td width=\"99\">Technique<\/td>\n<td width=\"87\">Google<\/td>\n<p>1<\/p>\n<td width=\"87\">minute<\/td>\n<\/tr>\n<\/tbody>\n<\/table>\n<p>You can allow or block cookies, as well as delete your browsing data (including cookies) from the browser you use. Consult the options and instructions provided by your browser to do so. Please note that if you accept third-party cookies, you must delete them from your browser options.  <\/p>\n<p>Finally, we inform you that you can exercise your rights under Chapter III of the General Data Protection Regulation, access, rectification, limitation, portability, cancellation and opposition. For more information you can find it in the <a href=\"https:\/\/oftalmedic.es\/en\/privacy-policy\/\" target=\"_blank\" rel=\"noopener noreferrer\">Privacy Policy<\/a> of our website.[\/vc_column_text][\/vc_column][\/vc_row]\n","protected":false},"excerpt":{"rendered":"<p>[vc_row type=&#8221;in_container&#8221; full_screen_row_position=&#8221;middle&#8221; scene_position=&#8221;center&#8221; text_color=&#8221;dark&#8221; text_align=&#8221;left&#8221; top_padding=&#8221;60&#8243; bottom_padding=&#8221;60&#8243; overlay_strength=&#8221;0.3&#8243; shape_divider_position=&#8221;bottom&#8221; shape_type=&#8221;&#8221;][vc_column column_padding=&#8221;no-extra-padding&#8221; column_padding_position=&#8221;all&#8221; background_color_opacity=&#8221;1&#8243; background_hover_color_opacity=&#8221;1&#8243; column_shadow=&#8221;none&#8221; column_border_radius=&#8221;none&#8221; width=&#8221;1\/1&#8243; tablet_text_alignment=&#8221;default&#8221; phone_text_alignment=&#8221;default&#8221; column_border_width=&#8221;none&#8221; column_border_style=&#8221;solid&#8221;][vc_column_text] Cookie Policy &nbsp; Name: Oftalmedic Salv\u00e0 S.L.U. CIF: B07831662 Address: Camino de Son Rapinya, 1 . 07013. Palma. Illes Balears Contact: rgpd@oftalmedic.com What are cookies? This website uses cookies and\/or similar technologies that store and retrieve information when&#8230;<\/p>\n","protected":false},"author":2,"featured_media":0,"parent":0,"menu_order":0,"comment_status":"closed","ping_status":"closed","template":"","meta":{"footnotes":""},"class_list":["post-12092","page","type-page","status-publish"],"yoast_head":"<!-- This site is optimized with the Yoast SEO plugin v27.1.1 - https:\/\/yoast.com\/product\/yoast-seo-wordpress\/ -->\n<title>Cookie Policy - Oftalmedic Salv\u00e1<\/title>\n<meta name=\"robots\" content=\"noindex, follow\" \/>\n<meta property=\"og:locale\" content=\"en_US\" \/>\n<meta property=\"og:type\" content=\"article\" \/>\n<meta property=\"og:title\" content=\"Cookie Policy - Oftalmedic Salv\u00e1\" \/>\n<meta property=\"og:description\" content=\"[vc_row type=&#8221;in_container&#8221; full_screen_row_position=&#8221;middle&#8221; scene_position=&#8221;center&#8221; text_color=&#8221;dark&#8221; text_align=&#8221;left&#8221; top_padding=&#8221;60&#8243; bottom_padding=&#8221;60&#8243; overlay_strength=&#8221;0.3&#8243; shape_divider_position=&#8221;bottom&#8221; shape_type=&#8221;&#8221;][vc_column column_padding=&#8221;no-extra-padding&#8221; column_padding_position=&#8221;all&#8221; background_color_opacity=&#8221;1&#8243; background_hover_color_opacity=&#8221;1&#8243; column_shadow=&#8221;none&#8221; column_border_radius=&#8221;none&#8221; width=&#8221;1\/1&#8243; tablet_text_alignment=&#8221;default&#8221; phone_text_alignment=&#8221;default&#8221; column_border_width=&#8221;none&#8221; column_border_style=&#8221;solid&#8221;][vc_column_text] Cookie Policy &nbsp; Name: Oftalmedic Salv\u00e0 S.L.U. CIF: B07831662 Address: Camino de Son Rapinya, 1 . 07013. Palma. Illes Balears Contact: rgpd@oftalmedic.com What are cookies? This website uses cookies and\/or similar technologies that store and retrieve information when...\" \/>\n<meta property=\"og:url\" content=\"https:\/\/oftalmedic.es\/en\/cookie-policy-2\/\" \/>\n<meta property=\"og:site_name\" content=\"Oftalmedic Salv\u00e1\" \/>\n<meta property=\"article:publisher\" content=\"https:\/\/www.facebook.com\/OftalmedicSalva\/\" \/>\n<meta property=\"article:modified_time\" content=\"2025-07-09T15:31:19+00:00\" \/>\n<meta name=\"twitter:card\" content=\"summary_large_image\" \/>\n<meta name=\"twitter:site\" content=\"@OftalmedicSalva\" \/>\n<meta name=\"twitter:label1\" content=\"Est. reading time\" \/>\n\t<meta name=\"twitter:data1\" content=\"3 minutes\" \/>\n<script type=\"application\/ld+json\" class=\"yoast-schema-graph\">{\"@context\":\"https:\/\/schema.org\",\"@graph\":[{\"@type\":\"WebPage\",\"@id\":\"https:\/\/oftalmedic.es\/en\/cookie-policy-2\/\",\"url\":\"https:\/\/oftalmedic.es\/en\/cookie-policy-2\/\",\"name\":\"Cookie Policy - Oftalmedic Salv\u00e1\",\"isPartOf\":{\"@id\":\"https:\/\/oftalmedic.es\/en\/#website\"},\"datePublished\":\"2025-07-09T15:31:18+00:00\",\"dateModified\":\"2025-07-09T15:31:19+00:00\",\"breadcrumb\":{\"@id\":\"https:\/\/oftalmedic.es\/en\/cookie-policy-2\/#breadcrumb\"},\"inLanguage\":\"en-US\",\"potentialAction\":[{\"@type\":\"ReadAction\",\"target\":[\"https:\/\/oftalmedic.es\/en\/cookie-policy-2\/\"]}]},{\"@type\":\"BreadcrumbList\",\"@id\":\"https:\/\/oftalmedic.es\/en\/cookie-policy-2\/#breadcrumb\",\"itemListElement\":[{\"@type\":\"ListItem\",\"position\":1,\"name\":\"Portada\",\"item\":\"https:\/\/oftalmedic.es\/en\/\"},{\"@type\":\"ListItem\",\"position\":2,\"name\":\"Cookie Policy\"}]},{\"@type\":\"WebSite\",\"@id\":\"https:\/\/oftalmedic.es\/en\/#website\",\"url\":\"https:\/\/oftalmedic.es\/en\/\",\"name\":\"Oftalmedic Salv\u00e1\",\"description\":\"Red de cl\u00ednicas oftalmol\u00f3gicas de referencia en Baleares. Pionera en tecnolog\u00eda l\u00e1ser para cirug\u00eda de cataratas y correcci\u00f3n de la miop\u00eda, hipermetrop\u00eda, astigmatismo y presbicia o vista cansada.\",\"publisher\":{\"@id\":\"https:\/\/oftalmedic.es\/en\/#organization\"},\"potentialAction\":[{\"@type\":\"SearchAction\",\"target\":{\"@type\":\"EntryPoint\",\"urlTemplate\":\"https:\/\/oftalmedic.es\/en\/?s={search_term_string}\"},\"query-input\":{\"@type\":\"PropertyValueSpecification\",\"valueRequired\":true,\"valueName\":\"search_term_string\"}}],\"inLanguage\":\"en-US\"},{\"@type\":\"Organization\",\"@id\":\"https:\/\/oftalmedic.es\/en\/#organization\",\"name\":\"[wpseo_titles]company_Nombre\",\"url\":\"https:\/\/oftalmedic.es\/en\/\",\"logo\":{\"@type\":\"ImageObject\",\"inLanguage\":\"en-US\",\"@id\":\"https:\/\/oftalmedic.es\/en\/#\/schema\/logo\/image\/\",\"url\":\"https:\/\/oftalmedic.es\/wp-content\/uploads\/2018\/06\/logo-oftalmedic.png\",\"contentUrl\":\"https:\/\/oftalmedic.es\/wp-content\/uploads\/2018\/06\/logo-oftalmedic.png\",\"width\":200,\"height\":58,\"caption\":\"[wpseo_titles]company_Nombre\"},\"image\":{\"@id\":\"https:\/\/oftalmedic.es\/en\/#\/schema\/logo\/image\/\"},\"sameAs\":[\"https:\/\/www.facebook.com\/OftalmedicSalva\/\",\"https:\/\/x.com\/OftalmedicSalva\",\"https:\/\/www.instagram.com\/oftalmedic_salva\",\"https:\/\/www.youtube.com\/channel\/UCWrAdUQk6ZmrfVUqBwX0cug\",\"https:\/\/www.linkedin.com\/company\/oftalmedic-clnica-salv\/\"]}]}<\/script>\n<!-- \/ Yoast SEO plugin. -->","yoast_head_json":{"title":"Cookie Policy - Oftalmedic Salv\u00e1","robots":{"index":"noindex","follow":"follow"},"og_locale":"en_US","og_type":"article","og_title":"Cookie Policy - Oftalmedic Salv\u00e1","og_description":"[vc_row type=&#8221;in_container&#8221; full_screen_row_position=&#8221;middle&#8221; scene_position=&#8221;center&#8221; text_color=&#8221;dark&#8221; text_align=&#8221;left&#8221; top_padding=&#8221;60&#8243; bottom_padding=&#8221;60&#8243; overlay_strength=&#8221;0.3&#8243; shape_divider_position=&#8221;bottom&#8221; shape_type=&#8221;&#8221;][vc_column column_padding=&#8221;no-extra-padding&#8221; column_padding_position=&#8221;all&#8221; background_color_opacity=&#8221;1&#8243; background_hover_color_opacity=&#8221;1&#8243; column_shadow=&#8221;none&#8221; column_border_radius=&#8221;none&#8221; width=&#8221;1\/1&#8243; tablet_text_alignment=&#8221;default&#8221; phone_text_alignment=&#8221;default&#8221; column_border_width=&#8221;none&#8221; column_border_style=&#8221;solid&#8221;][vc_column_text] Cookie Policy &nbsp; Name: Oftalmedic Salv\u00e0 S.L.U. CIF: B07831662 Address: Camino de Son Rapinya, 1 . 07013. Palma. Illes Balears Contact: rgpd@oftalmedic.com What are cookies? This website uses cookies and\/or similar technologies that store and retrieve information when...","og_url":"https:\/\/oftalmedic.es\/en\/cookie-policy-2\/","og_site_name":"Oftalmedic Salv\u00e1","article_publisher":"https:\/\/www.facebook.com\/OftalmedicSalva\/","article_modified_time":"2025-07-09T15:31:19+00:00","twitter_card":"summary_large_image","twitter_site":"@OftalmedicSalva","twitter_misc":{"Est. reading time":"3 minutes"},"schema":{"@context":"https:\/\/schema.org","@graph":[{"@type":"WebPage","@id":"https:\/\/oftalmedic.es\/en\/cookie-policy-2\/","url":"https:\/\/oftalmedic.es\/en\/cookie-policy-2\/","name":"Cookie Policy - Oftalmedic Salv\u00e1","isPartOf":{"@id":"https:\/\/oftalmedic.es\/en\/#website"},"datePublished":"2025-07-09T15:31:18+00:00","dateModified":"2025-07-09T15:31:19+00:00","breadcrumb":{"@id":"https:\/\/oftalmedic.es\/en\/cookie-policy-2\/#breadcrumb"},"inLanguage":"en-US","potentialAction":[{"@type":"ReadAction","target":["https:\/\/oftalmedic.es\/en\/cookie-policy-2\/"]}]},{"@type":"BreadcrumbList","@id":"https:\/\/oftalmedic.es\/en\/cookie-policy-2\/#breadcrumb","itemListElement":[{"@type":"ListItem","position":1,"name":"Portada","item":"https:\/\/oftalmedic.es\/en\/"},{"@type":"ListItem","position":2,"name":"Cookie Policy"}]},{"@type":"WebSite","@id":"https:\/\/oftalmedic.es\/en\/#website","url":"https:\/\/oftalmedic.es\/en\/","name":"Oftalmedic Salv\u00e1","description":"Red de cl\u00ednicas oftalmol\u00f3gicas de referencia en Baleares. Pionera en tecnolog\u00eda l\u00e1ser para cirug\u00eda de cataratas y correcci\u00f3n de la miop\u00eda, hipermetrop\u00eda, astigmatismo y presbicia o vista cansada.","publisher":{"@id":"https:\/\/oftalmedic.es\/en\/#organization"},"potentialAction":[{"@type":"SearchAction","target":{"@type":"EntryPoint","urlTemplate":"https:\/\/oftalmedic.es\/en\/?s={search_term_string}"},"query-input":{"@type":"PropertyValueSpecification","valueRequired":true,"valueName":"search_term_string"}}],"inLanguage":"en-US"},{"@type":"Organization","@id":"https:\/\/oftalmedic.es\/en\/#organization","name":"[wpseo_titles]company_Nombre","url":"https:\/\/oftalmedic.es\/en\/","logo":{"@type":"ImageObject","inLanguage":"en-US","@id":"https:\/\/oftalmedic.es\/en\/#\/schema\/logo\/image\/","url":"https:\/\/oftalmedic.es\/wp-content\/uploads\/2018\/06\/logo-oftalmedic.png","contentUrl":"https:\/\/oftalmedic.es\/wp-content\/uploads\/2018\/06\/logo-oftalmedic.png","width":200,"height":58,"caption":"[wpseo_titles]company_Nombre"},"image":{"@id":"https:\/\/oftalmedic.es\/en\/#\/schema\/logo\/image\/"},"sameAs":["https:\/\/www.facebook.com\/OftalmedicSalva\/","https:\/\/x.com\/OftalmedicSalva","https:\/\/www.instagram.com\/oftalmedic_salva","https:\/\/www.youtube.com\/channel\/UCWrAdUQk6ZmrfVUqBwX0cug","https:\/\/www.linkedin.com\/company\/oftalmedic-clnica-salv\/"]}]}},"_links":{"self":[{"href":"https:\/\/oftalmedic.es\/en\/wp-json\/wp\/v2\/pages\/12092","targetHints":{"allow":["GET"]}}],"collection":[{"href":"https:\/\/oftalmedic.es\/en\/wp-json\/wp\/v2\/pages"}],"about":[{"href":"https:\/\/oftalmedic.es\/en\/wp-json\/wp\/v2\/types\/page"}],"author":[{"embeddable":true,"href":"https:\/\/oftalmedic.es\/en\/wp-json\/wp\/v2\/users\/2"}],"replies":[{"embeddable":true,"href":"https:\/\/oftalmedic.es\/en\/wp-json\/wp\/v2\/comments?post=12092"}],"version-history":[{"count":0,"href":"https:\/\/oftalmedic.es\/en\/wp-json\/wp\/v2\/pages\/12092\/revisions"}],"wp:attachment":[{"href":"https:\/\/oftalmedic.es\/en\/wp-json\/wp\/v2\/media?parent=12092"}],"curies":[{"name":"wp","href":"https:\/\/api.w.org\/{rel}","templated":true}]}}